
{"id":22946,"date":"2022-11-02T16:15:13","date_gmt":"2022-11-02T09:15:13","guid":{"rendered":"https:\/\/dalatreview.vn\/?p=22946"},"modified":"2025-02-14T13:13:05","modified_gmt":"2025-02-14T06:13:05","slug":"xe-giuong-doi-phong-phu-sai-gon-da-lat","status":"publish","type":"product","link":"https:\/\/dalatreview.vn\/en\/xe-giuong-doi-phong-phu-sai-gon-da-lat.html","title":{"rendered":"Xe Gi\u01b0\u1eddng \u0110\u00f4i Phong Ph\u00fa S\u00e0i G\u00f2n &#8211; \u0110\u00e0 L\u1ea1t"},"content":{"rendered":"<nav class=\"vietrick-auto-toc\">\n<div class=\"box-title\">\n<h3 class=\"toc-title\" id=\"select-menu\">Danh m\u1ee5c ch\u00ednh<\/h3>\n<div><ion-icon name=\"chevron-up-outline\"><\/ion-icon><\/div>\n<\/div>\n<ul class=\"toc-list\">\n<li><a href='https:\/\/dalatreview.vn\/en#xe-giuong-doi-phong-phu-sai-gon-da-lat' class='heading-h2 toc-link smooth-scroll'>Xe Gi\u01b0\u1eddng \u0110\u00f4i Phong Ph\u00fa S\u00e0i G\u00f2n &#8211; \u0110\u00e0 L\u1ea1t<\/a>\n<li><a href='https:\/\/dalatreview.vn\/en#1-tai-sao-nen-lua-chon-xe-giuong-doi-phong-phu' class='heading-h2 toc-link smooth-scroll'>1. T\u1ea1i sao n\u00ean l\u1ef1a ch\u1ecdn Xe gi\u01b0\u1eddng \u0111\u00f4i Phong Ph\u00fa ?<\/a>\n<li><a href='https:\/\/dalatreview.vn\/en#2-lich-trinh-thoi-gian-khoi-hanh-xe-giuong-doi-phong-phu-sai-gon-da-lat' class='heading-h2 toc-link smooth-scroll'>2. L\u1ecbch tr\u00ecnh, th\u1eddi gian kh\u1edfi h\u00e0nh Xe gi\u01b0\u1eddng \u0111\u00f4i Phong Ph\u00fa S\u00e0i G\u00f2n &#8211; \u0110\u00e0 L\u1ea1t<\/a>\n<li><a href='https:\/\/dalatreview.vn\/en#3-cap-nhat-gia-ve-xe-giuong-doi-phong-phu' class='heading-h2 toc-link smooth-scroll'>3. C\u1eadp nh\u1eadt gi\u00e1 v\u00e9 Xe gi\u01b0\u1eddng \u0111\u00f4i Phong Ph\u00fa<\/a>\n<li><a href='https:\/\/dalatreview.vn\/en#4-thong-tin-lien-he' class='heading-h2 toc-link smooth-scroll'>4. Th\u00f4ng tin li\u00ean h\u1ec7<\/a><\/ul>\n<\/ul>\n<\/li>\n<\/ul>\n<\/nav>\n<h2 style=\"text-align: center;\" id=\"xe-giuong-doi-phong-phu-sai-gon-da-lat\"><span style=\"color: #003300;\">Xe Gi\u01b0\u1eddng \u0110\u00f4i Phong Ph\u00fa S\u00e0i G\u00f2n &#8211; \u0110\u00e0 L\u1ea1t<\/span><\/h2>\n<p><span style=\"font-size: 16px;\">N\u1ebfu b\u1ea1n l\u00e0 ng\u01b0\u1eddi ch\u01a1i h\u1ec7 m\u1ed9t n\u0103m \u0111i \u0110\u00e0 L\u1ea1t s\u01b0\u01a1ng s\u01b0\u01a1ng ch\u1ee5c l\u1ea7n v\u00e0 \u0111ang c\u1ea7n t\u00ecm ki\u1ebfm m\u1ed9t nh\u00e0 xe ti\u1ec7n \u00edch, \u00eam \u00e1i d\u1ec5 ch\u1ecbu th\u00ec h\u00e3y \u0111\u1ec3 \u0110\u00e0 L\u1ea1t Review m\u00e1ch nh\u1ecf \u0111\u1ebfn ch\u1ecdn ngay xe gi\u01b0\u1eddng \u0111\u00f4i Phong Ph\u00fa!!! V\u00ec sao \u01b0? Mu\u1ed1n bi\u1ebft v\u00ec sao th\u00ec \u0111\u1eebng b\u1ecf qua b\u00e0i vi\u1ebft d\u01b0\u1edbi \u0111\u00e2y b\u1ea1n nh\u00e9!!!<\/span><\/p>\n<p><img decoding=\"async\" class=\"size-full wp-image-23017 aligncenter\" src=\"https:\/\/dalatreview.vn\/wp-content\/uploads\/2022\/11\/hinh-13.jpg\" alt=\"Xe Gi\u01b0\u1eddng \u0110\u00f4i Phong Ph\u00fa S\u00e0i G\u00f2n - \u0110\u00e0 L\u1ea1t\" width=\"2048\" height=\"1375\" \/><\/p>\n<h2 id=\"1-tai-sao-nen-lua-chon-xe-giuong-doi-phong-phu\"><span style=\"color: #003300;\"><strong>1. T\u1ea1i sao n\u00ean l\u1ef1a ch\u1ecdn Xe gi\u01b0\u1eddng \u0111\u00f4i Phong Ph\u00fa ?<\/strong><\/span><\/h2>\n<p><span style=\"font-size: 16px;\">Xe gi\u01b0\u1eddng \u0111\u00f4i Phong Ph\u00fa t\u1eeb l\u00e2u \u0111\u00e3 l\u00e0 m\u1ed9t th\u01b0\u01a1ng hi\u1ec7u xe du l\u1ecbch \u0111\u01b0\u1ee3c nhi\u1ec1u kh\u00e1ch h\u00e0ng tin t\u01b0\u1edfng ch\u1ecdn l\u1ef1a.<\/span><\/p>\n<p><img decoding=\"async\" class=\"alignnone wp-image-22987 size-full\" src=\"https:\/\/dalatreview.vn\/wp-content\/uploads\/2022\/11\/z3845667077428_4004cdd1e912f6b1d5dafb20f868fa54.jpg\" alt=\"Xe Gi\u01b0\u1eddng \u0110\u00f4i Phong Ph\u00fa S\u00e0i G\u00f2n - \u0110\u00e0 L\u1ea1t\" width=\"2046\" height=\"1201\" \/><\/p>\n<p><span style=\"font-size: 16px;\">Khi l\u1ef1a ch\u1ecdn xe gi\u01b0\u1eddng \u0111\u00f4i Phong Ph\u00fa h\u00e0nh kh\u00e1ch s\u1ebd c\u00f3 nh\u1eefng tr\u1ea3i nghi\u1ec7m ti\u1ec7n \u00edch \u0111\u1ec9nh cao tuy\u1ec7t v\u1eddi v\u00e0 tho\u1ea3i m\u00e1i.<\/span><\/p>\n<p><a href=\"https:\/\/dalatreview.vn\/en\/?p=22946&amp;preview=true\"><img decoding=\"async\" class=\"size-full wp-image-22951 aligncenter\" src=\"https:\/\/dalatreview.vn\/wp-content\/uploads\/2022\/10\/xe-3.jpg\" alt=\"Xe Gi\u01b0\u1eddng \u0110\u00f4i Phong Ph\u00fa S\u00e0i G\u00f2n - \u0110\u00e0 L\u1ea1t\" width=\"1200\" height=\"900\" \/><\/a><\/p>\n<p><span style=\"font-size: 16px;\">Lu\u00f4n ph\u1ee5c v\u1ee5 v\u1edbi ti\u00eau ch\u00ed \u201cKh\u00e1ch h\u00e0ng l\u00e0 tr\u00ean h\u1ebft\u201d, \u0111\u00e2y ch\u00ednh l\u00e0 \u0111i\u1ec3m c\u1ed9ng l\u1edbn gi\u00fap nh\u00e0 xe lu\u00f4n l\u00e0 th\u01b0\u01a1ng hi\u1ec7u l\u1edbn trong t\u00e2m tr\u00ed kh\u00e1ch h\u00e0ng.<\/span><\/p>\n<p><img decoding=\"async\" class=\"aligncenter wp-image-22986 size-full\" src=\"https:\/\/dalatreview.vn\/wp-content\/uploads\/2022\/11\/z3845667017116_ad54e34c4d23ffeb39898f2111dd3170.jpg\" alt=\"Xe Gi\u01b0\u1eddng \u0110\u00f4i Phong Ph\u00fa S\u00e0i G\u00f2n - \u0110\u00e0 L\u1ea1t\" width=\"2046\" height=\"1216\" \/><\/p>\n<p><span style=\"font-size: 16px;\">V\u1edbi h\u1ec7 th\u00f4\u0301ng xe pho\u0300ng n\u0103\u0300m cao c\u00e2\u0301p \u0111\u01a1\u0300i m\u01a1\u0301i b\u0103\u0300ng nhi\u00ea\u0300u do\u0300ng xe 22 pho\u0300ng primeum, 24 pho\u0300ng couple, 11 gh\u00ea\u0301 nga\u0303 luxury hi\u1ec7n \u0111\u1ea1i b\u1eadc nh\u1ea5t nh\u1ea5t th\u1ecb tr\u01b0\u1eddng.<\/span><\/p>\n<p><a href=\"https:\/\/dalatreview.vn\/en\/?p=22946&amp;preview=true\"><img decoding=\"async\" class=\"size-full wp-image-22953 aligncenter\" src=\"https:\/\/dalatreview.vn\/wp-content\/uploads\/2022\/10\/xe-4.jpg\" alt=\"Xe Gi\u01b0\u1eddng \u0110\u00f4i Phong Ph\u00fa S\u00e0i G\u00f2n - \u0110\u00e0 L\u1ea1t\" width=\"2048\" height=\"1365\" \/><\/a><\/p>\n<p><span style=\"font-size: 16px;\">T\u1ea5t c\u1ea3 t\u00e0i x\u1ebf t\u1ea1i \u0111\u00e2y \u0111\u1ec1u \u0111\u01b0\u1ee3c \u0111\u00e0o t\u1ea1o c\u00e1c k\u1ef9 n\u0103ng ph\u1ee5c v\u1ee5 kh\u00e1ch h\u00e0ng m\u1ed9t c\u00e1ch chuy\u00ean nghi\u1ec7p nghi\u1ec7p \u0111\u1ea3m b\u1ea3o kh\u00f4ng ch\u1ea1y nhanh, ch\u1ea1y \u1ea9u.. v\u00e0 ch\u1ec9 h\u1ed7 tr\u1ee3 \u0111\u00f3n t\u1ea1i c\u00e1c \u0111i\u1ec3m c\u1ed1 \u0111\u1ecbnh v\u1edbi kh\u00e1ch \u0111\u00e3 li\u00ean h\u1ec7 \u0111\u1eb7t v\u00e9 tr\u01b0\u1edbc.<\/span><\/p>\n<p><a href=\"https:\/\/dalatreview.vn\/en\/?p=22946&amp;preview=true\"><img decoding=\"async\" class=\"size-full wp-image-22954 aligncenter\" src=\"https:\/\/dalatreview.vn\/wp-content\/uploads\/2022\/10\/xe-5.jpg\" alt=\"Xe Gi\u01b0\u1eddng \u0110\u00f4i Phong Ph\u00fa S\u00e0i G\u00f2n - \u0110\u00e0 L\u1ea1t\" width=\"1200\" height=\"900\" \/><\/a><\/p>\n<p><span style=\"font-size: 16px;\">Ch\u01b0a h\u1ebft \u0111\u00e2u nghen, t\u1ea5t t\u1eadn t\u1eadt nh\u1eefng trang thi\u1ebft b\u1ecb tr\u00ean xe \u0111\u1ec1u \u0111\u01b0\u1ee3c trang b\u1ecb \u0111\u1ea7y \u0111\u1ee7 ti\u1ec7n nghi c\u1ee7a m\u1ed9t h\u00e3ng xe vip.<\/span><\/p>\n<h2 id=\"2-lich-trinh-thoi-gian-khoi-hanh-xe-giuong-doi-phong-phu-sai-gon-da-lat\"><span style=\"color: #003300;\"><strong>2. L\u1ecbch tr\u00ecnh, th\u1eddi gian kh\u1edfi h\u00e0nh Xe gi\u01b0\u1eddng \u0111\u00f4i Phong Ph\u00fa S\u00e0i G\u00f2n &#8211; \u0110\u00e0 L\u1ea1t<\/strong><\/span><\/h2>\n<p><span style=\"font-size: 16px;\">M\u1ed7i ng\u00e0y nh\u00e0 xe Phong Ph\u00fa \u0111\u1ec1u cung c\u1ea5p nhi\u1ec1u chuy\u1ebfn trong ng\u00e0y cho h\u00e0nh tr\u00ecnh t\u1eeb S\u00e0i G\u00f2n \u0111\u1ebfn \u0110\u00e0 L\u1ea1t v\u00e0 ng\u01b0\u1ee3c l\u1ea1i.<\/span><\/p>\n<p><a href=\"https:\/\/dalatreview.vn\/en\/?p=22946&amp;preview=true\"><img decoding=\"async\" class=\"aligncenter wp-image-22957 size-full\" src=\"https:\/\/dalatreview.vn\/wp-content\/uploads\/2022\/10\/xe-7.jpg\" alt=\"Xe Gi\u01b0\u1eddng \u0110\u00f4i Phong Ph\u00fa S\u00e0i G\u00f2n - \u0110\u00e0 L\u1ea1t\" width=\"1200\" height=\"900\" \/><\/a><\/p>\n<p><span style=\"font-size: 16px;\">V\u00ec v\u1eady, n\u1ebfu b\u1ea1n c\u00f3 nhu c\u1ea7u di chuy\u1ec3n v\u00e0o ng\u00e0y n\u00e0o, khung gi\u1edd n\u00e0o th\u00ec \u0111\u1ec1u c\u00f3 li\u00ean h\u1ec7 tr\u01b0\u1edbc \u0111\u1ec3 c\u00f3 th\u1ec3 l\u1ef1a ch\u1ecdn chuy\u1ebfn \u0111i ph\u00f9 h\u1ee3p v\u1edbi m\u00ecnh!<\/span><\/p>\n<table style=\"height: 58px; width: 100%; border-collapse: collapse;\" border=\"1\">\n<tbody>\n<tr style=\"height: 24px;\">\n<td style=\"width: 50%; height: 24px; text-align: center;\"><span style=\"color: #ff0000; font-size: 14pt;\"><strong>L\u1ed9 tr\u00ecnh S\u00e0i G\u00f2n \u0110\u00e0 L\u1ea1t\u00a0<\/strong><\/span><\/td>\n<td style=\"width: 50%; height: 24px; text-align: center;\"><span style=\"color: #ff0000; font-size: 14pt;\"><strong>L\u1ed9 tr\u00ecnh \u0110\u00e0 L\u1ea1t &#8211; S\u00e0i G\u00f2n\u00a0<\/strong><\/span><\/td>\n<\/tr>\n<tr style=\"height: 34px;\">\n<td style=\"width: 50%; height: 34px;\"><strong>Gi\u1edd kh\u1edfi h\u00e0nh:<\/strong> 5h00 &#8211; 7h00 &#8211; 8h00 &#8211; 21h00 &#8211; 21h30 &#8211; 22h30 &#8211; 23h00 &#8211; 23h30 &#8211; 23h59<\/td>\n<td style=\"width: 50%; height: 34px;\"><strong>Gi\u1edd kh\u1edfi h\u00e0nh<\/strong>: 5h00 &#8211; 8h00 &#8211; 10h00 &#8211; 13h00 &#8211; 14h00 &#8211; 15h00 &#8211; 22h30 &#8211; 23h00 &#8211; 2h3h50<\/td>\n<\/tr>\n<\/tbody>\n<\/table>\n<p><span style=\"font-size: 16px;\">L\u01b0u \u00fd: S\u1ed1 l\u01b0\u1ee3ng chuy\u1ebfn v\u00e0 gi\u1edd ch\u1ea1y c\u00f3 th\u1ec3 c\u00f3 s\u1ef1 thay \u0111\u1ed5i \u0111\u1ec3 \u0111\u00e1p \u1ee9ng \u0111\u01b0\u1ee3c nhu c\u1ea7u \u0111i l\u1ea1i c\u1ee7a kh\u00e1ch h\u00e0ng v\u00e0o nh\u1eefng d\u1ecbp l\u1ec5, T\u1ebft.<\/span><\/p>\n<p><img decoding=\"async\" class=\"aligncenter wp-image-22989 size-full\" src=\"https:\/\/dalatreview.vn\/wp-content\/uploads\/2022\/11\/z3845667197009_285e5f9eb0d7380e234100b84c44fbde.jpg\" alt=\"Xe Gi\u01b0\u1eddng \u0110\u00f4i Phong Ph\u00fa S\u00e0i G\u00f2n - \u0110\u00e0 L\u1ea1t\" width=\"2046\" height=\"1196\" \/><\/p>\n<h2 id=\"3-cap-nhat-gia-ve-xe-giuong-doi-phong-phu\"><span style=\"color: #003300;\"><strong>3. C\u1eadp nh\u1eadt gi\u00e1 v\u00e9 Xe gi\u01b0\u1eddng \u0111\u00f4i Phong Ph\u00fa<\/strong><\/span><\/h2>\n<p><span style=\"font-size: 16px;\">Nh\u00e0 xe Phong Ph\u00fa lu\u00f4n c\u00f4ng khai gi\u00e1 b\u00e1n v\u00e9 ni\u00eam y\u1ebft \u0111\u1ec3 t\u1ea1o s\u1ef1 tin t\u01b0\u1edfng cho kh\u00e1ch h\u00e0ng, tr\u00e1nh nguy c\u01a1 x\u1ea3y ra tr\u01b0\u1eddng h\u1ee3p th\u1ed5i gi\u00e1.<\/span><\/p>\n<p><span style=\"font-size: 16px;\">+ Xe gi\u01b0\u1eddng \u0111\u00f4i S\u00e0i G\u00f2n &#8211; \u0110\u00e0 L\u1ea1t c\u00f3 m\u1ee9c gi\u00e1: <span style=\"color: #ff0000;\"><strong>350.000\u0111\/ V\u00e9 \u0110\u01a1n<\/strong><\/span><\/span><\/p>\n<p><span style=\"font-size: 16px;\">+ Xe gi\u01b0\u1eddng \u0111\u00f4i S\u00e0i G\u00f2n &#8211; \u0110\u00e0 L\u1ea1t c\u00f3 m\u1ee9c gi\u00e1: <span style=\"color: #ff0000;\"><strong>500.000\u0111\/ V\u00e9 \u0110\u00f4i<\/strong><\/span><\/span><\/p>\n<p><span style=\"font-size: 16px;\">+ Gi\u00e1 v\u00e9 v\u00e0o c\u00e1c th\u1eddi \u0111i\u1ec3m T\u1ebft d\u01b0\u01a1ng l\u1ecbch\/T\u1ebft nguy\u00ean \u0111\u00e1n s\u1ebd c\u00f3 thay \u0111\u1ed5i c\u1ee5 th\u1ec3 v\u00e0 b\u1ea1n c\u00f3 th\u1ec3 li\u00ean h\u1ec7 tr\u1ef1c ti\u1ebfp \u0111\u1ebfn t\u1ed5ng \u0111\u00e0i \u0111\u1ec3 \u0111\u01b0\u1ee3c b\u00e1o gi\u00e1 c\u1ee5 th\u1ec3.<\/span><\/p>\n<p><span style=\"font-size: 16px;\">+ \u0110\u1ed1i v\u1edbi t\u1ea5t c\u1ea3 nh\u1eefng h\u00e0nh kh\u00e1ch \u0111\u1eb7t v\u00e9 xe VIP S\u00e0i G\u00f2n &#8211; \u0110\u00e0 L\u1ea1t \u0111\u1ec1u \u0111\u01b0\u1ee3c h\u01b0\u1edfng nh\u1eefng quy\u1ec1n l\u1ee3i sau:<\/span><\/p>\n<p><span style=\"font-size: 16px;\">\u2714\ufe0fB\u1ea3o hi\u1ec3m d\u00e0nh cho h\u00e0nh kh\u00e1ch tr\u00ean xe<\/span><\/p>\n<p><span style=\"font-size: 16px;\">\u2714\ufe0fS\u1eed d\u1ee5ng kh\u0103n l\u1ea1nh, n\u01b0\u1edbc su\u1ed1i \u0111\u00f3ng chai v\u00e0 b\u00e1nh ng\u1ecdt mi\u1ec5n ph\u00ed tr\u00ean xe<\/span><\/p>\n<p><span style=\"font-size: 16px;\">\u2714\ufe0fS\u1eed d\u1ee5ng wifi mi\u1ec5n ph\u00ed<\/span><\/p>\n<p><span style=\"font-size: 16px;\">\u2714\ufe0f\u0110\u01b0\u1ee3c \u0111\u00f3n tr\u1ea3 kh\u00e1ch mi\u1ec5n ph\u00ed tr\u00ean nh\u1eefng tuy\u1ebfn \u0111\u01b0\u1eddng quy \u0111\u1ecbnh<\/span><\/p>\n<p><span style=\"font-size: 16px;\">\u2714\ufe0fM\u00e3 v\u00e9 \u0111i\u1ec7n t\u1eed khi l\u00ean xe ho\u1eb7c y\u00eau c\u1ea7u xu\u1ea5t VAT<\/span><\/p>\n<p><img decoding=\"async\" class=\"aligncenter wp-image-22988 size-full\" src=\"https:\/\/dalatreview.vn\/wp-content\/uploads\/2022\/11\/z3845667141927_534ed6e1bb0349677e0064572c314b38.jpg\" alt=\"Xe Gi\u01b0\u1eddng \u0110\u00f4i Phong Ph\u00fa S\u00e0i G\u00f2n - \u0110\u00e0 L\u1ea1t\" width=\"2046\" height=\"1216\" \/><\/p>\n<h2 id=\"4-thong-tin-lien-he\"><span style=\"color: #003300;\"><strong>4. Th\u00f4ng tin li\u00ean h\u1ec7<\/strong><\/span><\/h2>\n<p><span style=\"font-size: 16px;\">\u0110\u1ec3 \u0111\u00e1p \u1ee9ng m\u1ecdi nhu c\u1ea7u di chuy\u1ec3n b\u1eb1ng xe kh\u00e1ch Phong Ph\u00fa Limousine b\u1ea1n c\u00f3 th\u1ec3 vui l\u00f2ng li\u00ean h\u1ec7 theo th\u00f4ng tin chi ti\u1ebft d\u01b0\u1edbi \u0111\u00e2y:<\/span><\/p>\n<p><span style=\"font-size: 16px;\">Holine \u0111\u1eb7t v\u00e9: 0989249297<\/span><\/p>\n<p><span style=\"font-size: 16px;\">Xem th\u00eam b\u00e0i vi\u1ebft kh\u00e1c t\u1ea1i:<\/span> <a href=\"https:\/\/dalatreview.vn\/en\/\">\u0110\u00e0 L\u1ea1t Review<\/a><\/p>","protected":false},"excerpt":{"rendered":"<p>Danh m\u1ee5c ch\u00ednh Xe Gi\u01b0\u1eddng \u0110\u00f4i Phong Ph\u00fa S\u00e0i G\u00f2n &#8211; \u0110\u00e0 L\u1ea1t 1. T\u1ea1i sao n\u00ean l\u1ef1a ch\u1ecdn Xe gi\u01b0\u1eddng \u0111\u00f4i Phong Ph\u00fa ? 2. L\u1ecbch tr\u00ecnh, th\u1eddi gian kh\u1edfi h\u00e0nh Xe gi\u01b0\u1eddng \u0111\u00f4i Phong Ph\u00fa S\u00e0i G\u00f2n &#8211; \u0110\u00e0 L\u1ea1t 3. C\u1eadp nh\u1eadt gi\u00e1 v\u00e9 Xe gi\u01b0\u1eddng \u0111\u00f4i Phong Ph\u00fa 4. Th\u00f4ng tin [&hellip;]<\/p>","protected":false},"featured_media":22969,"comment_status":"open","ping_status":"closed","template":"","meta":{"_acf_changed":false,"rank_math_lock_modified_date":false},"product_cat":[73,78],"product_tag":[],"acf":[],"_links":{"self":[{"href":"https:\/\/dalatreview.vn\/en\/wp-json\/wp\/v2\/product\/22946"}],"collection":[{"href":"https:\/\/dalatreview.vn\/en\/wp-json\/wp\/v2\/product"}],"about":[{"href":"https:\/\/dalatreview.vn\/en\/wp-json\/wp\/v2\/types\/product"}],"replies":[{"embeddable":true,"href":"https:\/\/dalatreview.vn\/en\/wp-json\/wp\/v2\/comments?post=22946"}],"wp:featuredmedia":[{"embeddable":true,"href":"https:\/\/dalatreview.vn\/en\/wp-json\/wp\/v2\/media\/22969"}],"wp:attachment":[{"href":"https:\/\/dalatreview.vn\/en\/wp-json\/wp\/v2\/media?parent=22946"}],"wp:term":[{"taxonomy":"product_cat","embeddable":true,"href":"https:\/\/dalatreview.vn\/en\/wp-json\/wp\/v2\/product_cat?post=22946"},{"taxonomy":"product_tag","embeddable":true,"href":"https:\/\/dalatreview.vn\/en\/wp-json\/wp\/v2\/product_tag?post=22946"}],"curies":[{"name":"wp","href":"https:\/\/api.w.org\/{rel}","templated":true}]}}