
{"id":22930,"date":"2022-10-31T09:03:44","date_gmt":"2022-10-31T02:03:44","guid":{"rendered":"https:\/\/dalatreview.vn\/?p=22930"},"modified":"2024-07-09T14:20:08","modified_gmt":"2024-07-09T07:20:08","slug":"hodota-hotel-3-sao-da-lat","status":"publish","type":"product","link":"https:\/\/dalatreview.vn\/en\/hodota-hotel-3-sao-da-lat.html","title":{"rendered":"Hodota Hotel 3 sao \u0110\u00e0 L\u1ea1t"},"content":{"rendered":"<nav class=\"vietrick-auto-toc\">\n<div class=\"box-title\">\n<h3 class=\"toc-title\" id=\"select-menu\">Danh m\u1ee5c ch\u00ednh<\/h3>\n<div><ion-icon name=\"chevron-up-outline\"><\/ion-icon><\/div>\n<\/div>\n<ul class=\"toc-list\"><\/ul>\n<li><a href='https:\/\/dalatreview.vn\/en#hodota-hotel-3-sao-ngay-trung-tam-da-lat' class='heading-h1 toc-link smooth-scroll'>Hodota Hotel 3 sao ngay trung t\u00e2m \u0110\u00e0 L\u1ea1t<\/a>\n<li><a href='https:\/\/dalatreview.vn\/en#' class='heading-h1 toc-link smooth-scroll'><\/a>\n<li><a href='https:\/\/dalatreview.vn\/en#1-vi-tri' class='heading-h1 toc-link smooth-scroll'>1. V\u1ecb tr\u00ed<\/a>\n<li><a href='https:\/\/dalatreview.vn\/en#2-decor' class='heading-h1 toc-link smooth-scroll'>2. Decor<\/a>\n<li><a href='https:\/\/dalatreview.vn\/en#' class='heading-h1 toc-link smooth-scroll'><\/a>\n<li><a href='https:\/\/dalatreview.vn\/en#3-dich-vu-tien-nghi' class='heading-h1 toc-link smooth-scroll'>3. D\u1ecbch v\u1ee5 &amp; Ti\u1ec7n nghi<\/a>\n<li><a href='https:\/\/dalatreview.vn\/en#' class='heading-h1 toc-link smooth-scroll'><\/a>\n<li><a href='https:\/\/dalatreview.vn\/en#' class='heading-h1 toc-link smooth-scroll'><\/a>\n<li><a href='https:\/\/dalatreview.vn\/en#' class='heading-h1 toc-link smooth-scroll'><\/a>\n<li><a href='https:\/\/dalatreview.vn\/en#4-gia-phong' class='heading-h1 toc-link smooth-scroll'>4.\u00a0Gi\u00e1 ph\u00f2ng<\/a>\n<li><a href='https:\/\/dalatreview.vn\/en#5-lien-he' class='heading-h1 toc-link smooth-scroll'>5. Li\u00ean h\u1ec7<\/a><\/ul>\n<\/li>\n<\/ul>\n<\/nav>\n<h1 style=\"text-align: center;\" id=\"hodota-hotel-3-sao-ngay-trung-tam-da-lat\"><span style=\"color: #003300;\"><strong>Hodota Hotel 3 sao ngay trung t\u00e2m \u0110\u00e0 L\u1ea1t<\/strong><\/span><\/h1>\n<h1 id=\"\"><\/h1>\n<h1 id=\"1-vi-tri\"><span style=\"font-size: 24px; color: #003300;\"><strong>1. V\u1ecb tr\u00ed<\/strong><\/span><\/h1>\n<p><strong>Hodota Dalat Hotel <\/strong>T\u1ecda l\u1ea1c t\u1ea1i \u0111\u01b0\u1eddng X\u00f4 Vi\u1ebft Ngh\u1ec7 T\u0129nh, Ph\u01b0\u1eddng 7, TP \u0110\u00e0 L\u1ea1t, L\u00e2m \u0110\u1ed3ng &#8211; ngay trung t\u00e2m th\u00e0nh ph\u1ed1 \u0110\u00e0 L\u1ea1t<\/p>\n<p>KS c\u00e1ch Qu\u1ea3ng tr\u01b0\u1eddng L\u00e2m Vi\u00ean 2,1 km. n\u1eb1m trong b\u00e1n k\u00ednh 2,3 km t\u1eeb H\u1ed3 Xu\u00e2n H\u01b0\u01a1ng v\u00e0 2,4 km t\u1eeb C\u00f4ng vi\u00ean Yersin.<\/p>\n<p>T\u1eeb \u0111\u00e2y c\u00f3 th\u1ec3 d\u1ec5 d\u00e0ng di chuy\u1ec3n t\u1edbi c\u00e1c \u0111\u1ecba \u0111i\u1ec3m mua s\u1eafm, \u0103n u\u1ed1ng v\u00e0 vui ch\u01a1i trong TP. N\u01a1i \u0111\u00e2y m\u00f4i tr\u01b0\u1eddng trong l\u00e0nh, con ng\u01b0\u1eddi th\u00e2n thi\u1ec7n,\u2026 r\u1ea5t th\u00edch h\u1ee3p \u0111\u1ec3 l\u1ef1a ch\u1ecdn l\u00e0m \u0111i\u1ec3m ngh\u1ec9 d\u01b0\u1ee1ng khi \u0111\u1eb7t ch\u00e2n \u0111\u1ebfn \u0110\u00e0 L\u1ea1t \u0111\u1ea5y nh\u00e9 !<\/p>\n<p>S\u00e2n bay g\u1ea7n nh\u1ea5t l\u00e0 s\u00e2n bay Li\u00ean Kh\u01b0\u01a1ng, c\u00e1ch <strong>Hodota Dalat Hotel<\/strong> 30 km.<\/p>\n<p><img decoding=\"async\" class=\"alignnone wp-image-22931 size-full\" src=\"https:\/\/dalatreview.vn\/wp-content\/uploads\/2022\/10\/cde93397f13830666929-scaled-1.jpg\" alt=\"\" width=\"2560\" height=\"1920\"><\/p>\n<h1 id=\"2-decor\"><span style=\"font-size: 24px; color: #003300;\"><strong>2. Decor<\/strong><\/span><\/h1>\n<p>Kh\u00e1ch s\u1ea1n \u0111\u01b0\u1ee3c x\u00e2y d\u1ef1ng theo phong c\u00e1ch hi\u1ec7n \u0111\u1ea1i v\u1edbi kh\u00f4ng gian m\u1edf nh\u1edd c\u00e1c \u00f4 c\u1eeda k\u00ednh \u0111\u00f3n \u00e1nh s\u00e1ng t\u1ef1 nhi\u00ean, mang l\u1ea1i c\u1ea3m gi\u00e1c trong l\u00e0nh v\u00e0 \u1ea5m \u00e1p cho c\u0103n ph\u00f2ng.<\/p>\n<p>Ngay khi b\u01b0\u1edbc ch\u00e2n v\u00e0o s\u1ea3nh l\u1ec5 t\u00e2n, b\u1ea1n \u0111\u00e3 c\u1ea3m nh\u1eadn ngay \u0111\u01b0\u1ee3c s\u1ef1 sang tr\u1ecdng v\u00e0 l\u1ecbch s\u1ef1 c\u1ee7a <strong>Hodota Dalat Hotel<\/strong> b\u1edfi c\u00e1ch trang tr\u00ed c\u1ef1c k\u00ec tinh t\u1ebf v\u00e0 thanh l\u1ecbch\u00a0 \u2013 Ngay \u1edf \u0111\u00e2y b\u1ea1n c\u0169ng \u0111\u00e3 c\u00f3 th\u1ec3 tha h\u1ed3 s\u1ed1ng \u1ea3o v\u00e0 checkin m\u00e0 kh\u00f4ng c\u1ea7n \u0111i \u0111\u00e2u xa nh\u00e9!<\/p>\n<p><img decoding=\"async\" class=\"alignnone wp-image-22932 size-full\" src=\"https:\/\/dalatreview.vn\/wp-content\/uploads\/2022\/10\/DSC08389-scaled-1.jpg\" alt=\"\" width=\"2560\" height=\"1707\"><\/p>\n<p>Ngo\u00e0i ra, t\u1ea5t c\u1ea3 c\u00e1c ph\u00f2ng c\u1ee7a kh\u00e1ch s\u1ea1n \u0111\u1ec1u \u0111\u01b0\u1ee3c trang b\u1ecb n\u1ed9i th\u1ea5t cao c\u1ea5p, \u0111\u1ea7y \u0111\u1ee7 v\u00e0 ti\u1ec7n nghi. Decor \u0111\u01a1n gi\u1ea3n, t\u1ea1o kh\u00f4ng gian r\u1ed9ng r\u00e3i, tho\u00e1ng m\u00e1t v\u00e0 s\u1ea1ch s\u1ebd cho b\u1ea1n khi l\u01b0u tr\u00fa t\u1ea1i \u0111\u00e2y.<\/p>\n<p>H\u1ee9a h\u1eb9n <strong>Hodota Dalat Hotel<\/strong> s\u1ebd l\u00e0m h\u00e0i l\u00f2ng v\u00e0 \u0111\u00e1p \u1ee9ng \u0111\u01b0\u1ee3c t\u1ea5t c\u1ea3 c\u00e1c y\u00eau c\u1ea7u c\u1ee7a b\u1ea1n c\u0169ng nh\u01b0 gia \u0111\u00ecnh ng\u01b0\u1eddi th\u00e2n khi \u0111\u1ebfn \u0111\u00e2y ngh\u1ec9 d\u01b0\u1ee1ng.<\/p>\n<h1 id=\"\"><\/h1>\n<h1 id=\"3-dich-vu-tien-nghi\"><span style=\"font-size: 24px; color: #003300;\"><strong>3. D\u1ecbch v\u1ee5 &amp; Ti\u1ec7n nghi<\/strong><\/span><\/h1>\n<p>\u2013 Bao g\u1ed3m c\u00e1c ph\u00f2ng d\u00e0nh cho: 2 kh\u00e1ch, 3 kh\u00e1ch v\u00e0 4 kh\u00e1ch \u0111\u1ea1t ti\u00eau chu\u1ea9n 3 sao.<\/p>\n<p>\u2013 C\u00e1c ph\u00f2ng \u0111\u1ec1u kh\u00e9p k\u00edn. C\u00f3 tivi,\u00a0internet, t\u1ee7 l\u1ea1nh mini v\u00e0 c\u00e1c d\u1ecbch v\u1ee5 kh\u00e1c.<\/p>\n<p>\u2013 \u0110\u1ea7y \u0111\u1ee7 ti\u1ec7n nghi: c\u00f3 n\u00f3ng l\u1ea1nh, wc, b\u1ed3n t\u1eafm v\u00e0 c\u00e1c \u0111\u1ed3 d\u00f9ng c\u00e1 nh\u00e2n c\u1ea7n thi\u1ebft.<\/p>\n<p>\u2013 C\u00f3 d\u1ecbch v\u1ee5 d\u1ecdn ph\u00f2ng, gi\u1eb7t \u1ee7i, thu\u00ea xe m\u00e1y-oto, thu\u00ea m\u00e1y t\u00ednh l\u00e0m vi\u1ec7c ngay t\u1ea1i kh\u00e1ch s\u1ea1n.<\/p>\n<p>\u2013 D\u1ecbch v\u1ee5 \u0111\u01b0a \u0111\u00f3n s\u00e2n bay.<\/p>\n<p>\u2013 C\u00f3 s\u1ea3nh gala t\u1ed5 ch\u1ee9c s\u1ef1 ki\u1ec7n, ti\u1ec7c sinh nh\u1eadt v\u00e0 c\u00e1c b\u1eefa ti\u1ec7c kh\u00e1c theo y\u00eau c\u1ea7u c\u1ee7a kh\u00e1ch h\u00e0ng.<\/p>\n<p>\u2013 Nh\u00e2n vi\u00ean c\u1ef1c k\u1ef3 nhi\u1ec7t t\u00ecnh v\u00e0 th\u00e2n thi\u1ec7n.<\/p>\n<p>\u2013 G\u1ea7n c\u00e1c \u0111i\u1ec3m vui ch\u01a1i v\u00e0 du l\u1ecbch trong th\u00e0nh ph\u1ed1.<\/p>\n<p><img decoding=\"async\" class=\"alignnone wp-image-22935 size-full\" src=\"https:\/\/dalatreview.vn\/wp-content\/uploads\/2022\/10\/z3438403383557_6af522376caf2b9df4841c16b9d02022-scaled-1.jpg\" alt=\"\" width=\"2560\" height=\"1920\"><\/p>\n<h1 id=\"\"><\/h1>\n<h1 id=\"\"><img decoding=\"async\" class=\"alignnone wp-image-22940 size-full\" src=\"https:\/\/dalatreview.vn\/wp-content\/uploads\/2022\/10\/9fc593c1df8b1ed5479a-scaled-1.jpg\" alt=\"\" width=\"2560\" height=\"1920\"><\/h1>\n<h1 id=\"\"><\/h1>\n<h1 id=\"4-gia-phong\"><span style=\"color: #003300; font-size: 24px;\"><strong>4.\u00a0Gi\u00e1 ph\u00f2ng<\/strong><\/span><\/h1>\n<p><strong>Nh\u00e2n d\u1ecbp khai tr\u01b0\u01a1ng trong th\u00e1ng 10, Hodota Dalat Hotel \u0111ang c\u00f3 m\u1ee9c gi\u00e1 c\u1ef1c \u01b0u \u0111\u00e3i gi\u1ea3m 50% nh\u01b0 sau:<\/strong><\/p>\n<table style=\"width: 848px; height: 575px;\" width=\"585\">\n<tbody>\n<tr style=\"height: 48px;\">\n<td style=\"width: 29.0155%; text-align: center; height: 48px;\" width=\"179\"><strong>Ph\u00f2ng<\/strong><\/td>\n<td style=\"width: 40.5039%; text-align: center; height: 48px;\" width=\"192\"><strong>M\u00f4 t\u1ea3<\/strong><\/td>\n<td style=\"width: 7.08895%; text-align: center; height: 48px;\" width=\"46\"><strong>SL<\/strong><\/td>\n<td style=\"width: 10.963%; text-align: center; height: 48px;\" width=\"85\"><strong>Gi\u00e1 ni\u00eam y\u1ebft<\/strong><\/td>\n<td style=\"width: 74.2701%; text-align: center; height: 48px;\" width=\"83\"><strong>Gi\u00e1 kh\u00e1ch l\u1ebb khuy\u1ebfn m\u00e3i<\/strong><\/td>\n<\/tr>\n<tr style=\"height: 50px;\">\n<td style=\"width: 29.0155%; height: 50px;\" width=\"179\">Deluxe Queen Twin Balcony<\/td>\n<td style=\"width: 40.5039%; height: 50px;\" width=\"192\">Ph\u00f2ng 2 gi\u01b0\u1eddng 1m4 x 2m. T\u1ed1i \u0111a 4 ng\u01b0\u1eddi l\u1edbn<\/td>\n<td style=\"width: 7.08895%; text-align: center; height: 50px;\" width=\"46\">2<\/td>\n<td style=\"width: 10.963%; height: 50px;\" width=\"85\">2,400,000<\/td>\n<td style=\"width: 74.2701%; height: 50px;\" width=\"83\">1,200,000<\/td>\n<\/tr>\n<tr style=\"height: 39px;\">\n<td style=\"width: 29.0155%; height: 39px;\">Deluxe King Twin<\/td>\n<td style=\"width: 40.5039%; height: 39px;\" width=\"192\">Ph\u00f2ng 2 gi\u01b0\u1eddng 1m6 x 2m. T\u1ed1i \u0111a 4 ng\u01b0\u1eddi l\u1edbn<br \/>\n(k\u00e8m 2 b\u00e9 &lt;11t)<\/td>\n<td style=\"width: 7.08895%; text-align: center; height: 39px;\" width=\"46\">4<\/td>\n<td style=\"width: 10.963%; height: 39px;\" width=\"85\">2,200,000<\/td>\n<td style=\"width: 74.2701%; height: 39px;\" width=\"83\">1,100,000<\/td>\n<\/tr>\n<tr style=\"height: 50px;\">\n<td style=\"width: 29.0155%; height: 50px;\" width=\"179\">Deluxe Queen Twin<\/td>\n<td style=\"width: 40.5039%; height: 50px;\" width=\"192\">Ph\u00f2ng 2 gi\u01b0\u1eddng 1m4 x 2m. T\u1ed1i \u0111a 4 ng\u01b0\u1eddi l\u1edbn<\/td>\n<td style=\"width: 7.08895%; text-align: center; height: 50px;\" width=\"46\">3<\/td>\n<td style=\"width: 10.963%; height: 50px;\" width=\"85\">2,000,000<\/td>\n<td style=\"width: 74.2701%; height: 50px;\" width=\"83\">1,000,000<\/td>\n<\/tr>\n<tr style=\"height: 44px;\">\n<td style=\"width: 29.0155%; height: 44px;\" width=\"179\">Superior Family<\/td>\n<td style=\"width: 40.5039%; height: 44px;\" width=\"192\">Ph\u00f2ng 1 gi\u01b0\u1eddng 1m6 x 2m v\u00e0 1 gi\u01b0\u1eddng 1m4 x 2m. T\u1ed1i \u0111a 4 ng\u01b0\u1eddi l\u1edbn (k\u00e8m 1 b\u00e9 &lt;11t)<\/td>\n<td style=\"width: 7.08895%; text-align: center; height: 44px;\" width=\"46\">3<\/td>\n<td style=\"width: 10.963%; height: 44px;\" width=\"85\">2,000,000<\/td>\n<td style=\"width: 74.2701%; height: 44px;\" width=\"83\">1,000,000<\/td>\n<\/tr>\n<tr style=\"height: 48px;\">\n<td style=\"width: 29.0155%; height: 48px;\" width=\"179\">Superior Queen Twin<\/td>\n<td style=\"width: 40.5039%; height: 48px;\" width=\"192\">Ph\u00f2ng 2 gi\u01b0\u1eddng 1m4 x 2m. T\u1ed1i \u0111a 4 ng\u01b0\u1eddi l\u1edbn. T\u1ea7ng 1, kh\u00f4ng view (k\u00e8m t\u1ed1i \u0111a 2 b\u00e9 &lt;11t)<\/td>\n<td style=\"width: 7.08895%; text-align: center; height: 48px;\" width=\"46\">2<\/td>\n<td style=\"width: 10.963%; height: 48px;\" width=\"85\">1,800,000<\/td>\n<td style=\"width: 74.2701%; height: 48px;\" width=\"83\">900,000<\/td>\n<\/tr>\n<tr style=\"height: 48px;\">\n<td style=\"width: 29.0155%; height: 48px;\" width=\"179\">Deluxe King Balcony<\/td>\n<td style=\"width: 40.5039%; height: 48px;\" width=\"192\">Ph\u00f2ng 1 gi\u01b0\u1eddng 1m6 x 2m. T\u1ed1i \u0111a 2 ng\u01b0\u1eddi l\u1edbn<br \/>\n(k\u00e8m 1 b\u00e9 &lt;11t)<\/td>\n<td style=\"width: 7.08895%; text-align: center; height: 48px;\" width=\"46\">2<\/td>\n<td style=\"width: 10.963%; height: 48px;\" width=\"85\">1,700,000<\/td>\n<td style=\"width: 74.2701%; height: 48px;\" width=\"83\">850,000<\/td>\n<\/tr>\n<tr style=\"height: 48px;\">\n<td style=\"width: 29.0155%; height: 48px;\" width=\"179\">Deluxe King<\/td>\n<td style=\"width: 40.5039%; height: 48px;\" width=\"192\">Ph\u00f2ng 1 gi\u01b0\u1eddng 1m6 x 2m. T\u1ed1i \u0111a 2 ng\u01b0\u1eddi l\u1edbn<br \/>\n(k\u00e8m 1 b\u00e9 &lt;11t)<\/td>\n<td style=\"width: 7.08895%; text-align: center; height: 48px;\" width=\"46\">6<\/td>\n<td style=\"width: 10.963%; height: 48px;\" width=\"85\">1,300,000<\/td>\n<td style=\"width: 74.2701%; height: 48px;\" width=\"83\">650,000<\/td>\n<\/tr>\n<tr style=\"height: 52px;\">\n<td style=\"width: 29.0155%; height: 52px;\" width=\"179\">Deluxe Queen<\/td>\n<td style=\"width: 40.5039%; height: 52px;\" width=\"192\">Ph\u00f2ng 1 gi\u01b0\u1eddng 1m4 x 2m. T\u1ed1i \u0111a 2 ng\u01b0\u1eddi l\u1edbn<\/td>\n<td style=\"width: 7.08895%; text-align: center; height: 52px;\">2<\/td>\n<td style=\"width: 10.963%; height: 52px;\" width=\"85\">1,100,000<\/td>\n<td style=\"width: 74.2701%; height: 52px;\" width=\"83\">550,000<\/td>\n<\/tr>\n<tr style=\"height: 48px;\">\n<td style=\"width: 29.0155%; height: 48px;\" width=\"179\">Standard King<\/td>\n<td style=\"width: 40.5039%; height: 48px;\" width=\"192\">Ph\u00f2ng 1 gi\u01b0\u1eddng 1m6 x 2m. T\u1ed1i \u0111a 2 ng\u01b0\u1eddi l\u1edbn<br \/>\n(k\u00e8m 1 b\u00e9 &lt;11t)<\/td>\n<td style=\"width: 7.08895%; text-align: center; height: 48px;\">2<\/td>\n<td style=\"width: 10.963%; height: 48px;\" width=\"85\">1,100,000<\/td>\n<td style=\"width: 74.2701%; height: 48px;\" width=\"83\">550,000<\/td>\n<\/tr>\n<\/tbody>\n<\/table>\n<p><strong>NOTE:\u00a0<\/strong><\/p>\n<p>\u2013 Gi\u00e1 ph\u00f2ng kh\u00f4ng bao g\u1ed3m \u0103n s\u00e1ng, thu\u1ebf v\u00e0 ph\u00ed<\/p>\n<p>\u2013 Gi\u00e1 ph\u00f2ng s\u1ebd c\u00f3 bi\u1ebfn \u0111\u1ed9ng v\u00e0o c\u00e1c d\u1ecbp L\u1ec5 T\u1ebft v\u00e0 1 s\u1ed1 giai \u0111o\u1ea1n kh\u00e1c.<\/p>\n<p><img decoding=\"async\" class=\"alignnone wp-image-22934 size-full\" src=\"https:\/\/dalatreview.vn\/wp-content\/uploads\/2022\/10\/z3403594555610_b71be727b8590f6afa92f0d7106f8967.jpg\" alt=\"\" width=\"1920\" height=\"2560\"><\/p>\n<h1 id=\"5-lien-he\"><span style=\"color: #003300;\"><strong><span style=\"font-size: 24px;\">5. Li\u00ean h\u1ec7<\/span><\/strong><\/span><\/h1>\n<p>Fanpage:\u00a0<a href=\"https:\/\/www.facebook.com\/booking.dalatreview.vn\/\">Booking \u0110\u00e0 L\u1ea1t \u2013 www.dalatreview.vn<\/a><\/p>\n<p>S\u0110T\/Zalo: 0968 249 297<\/p>\n<p>&nbsp;<\/p>","protected":false},"excerpt":{"rendered":"<p class=\"p1\"><b>Hodota Dalat Hotel <\/b>T\u1ecda l\u1ea1c t\u1ea1i \u0111\u01b0\u1eddng X\u00f4 Vi\u1ebft Ngh\u1ec7 T\u0129nh, Ph\u01b0\u1eddng 7, TP \u0110\u00e0 L\u1ea1t, L\u00e2m \u0110\u1ed3ng &#8211; ngay trung t\u00e2m th\u00e0nh ph\u1ed1 \u0110\u00e0 L\u1ea1t<\/p>\n<p class=\"p1\">KS c\u00e1ch Qu\u1ea3ng tr\u01b0\u1eddng L\u00e2m Vi\u00ean 2,1 km. n\u1eb1m trong b\u00e1n k\u00ednh 2,3 km t\u1eeb H\u1ed3 Xu\u00e2n H\u01b0\u01a1ng v\u00e0 2,4 km t\u1eeb C\u00f4ng vi\u00ean Yersin.<\/p>","protected":false},"featured_media":22931,"comment_status":"open","ping_status":"closed","template":"","meta":{"_acf_changed":false,"rank_math_lock_modified_date":false},"product_cat":[46,2249,29],"product_tag":[],"acf":[],"_links":{"self":[{"href":"https:\/\/dalatreview.vn\/en\/wp-json\/wp\/v2\/product\/22930"}],"collection":[{"href":"https:\/\/dalatreview.vn\/en\/wp-json\/wp\/v2\/product"}],"about":[{"href":"https:\/\/dalatreview.vn\/en\/wp-json\/wp\/v2\/types\/product"}],"replies":[{"embeddable":true,"href":"https:\/\/dalatreview.vn\/en\/wp-json\/wp\/v2\/comments?post=22930"}],"wp:featuredmedia":[{"embeddable":true,"href":"https:\/\/dalatreview.vn\/en\/wp-json\/wp\/v2\/media\/22931"}],"wp:attachment":[{"href":"https:\/\/dalatreview.vn\/en\/wp-json\/wp\/v2\/media?parent=22930"}],"wp:term":[{"taxonomy":"product_cat","embeddable":true,"href":"https:\/\/dalatreview.vn\/en\/wp-json\/wp\/v2\/product_cat?post=22930"},{"taxonomy":"product_tag","embeddable":true,"href":"https:\/\/dalatreview.vn\/en\/wp-json\/wp\/v2\/product_tag?post=22930"}],"curies":[{"name":"wp","href":"https:\/\/api.w.org\/{rel}","templated":true}]}}