
{"id":22851,"date":"2022-10-26T15:52:51","date_gmt":"2022-10-26T08:52:51","guid":{"rendered":"https:\/\/dalatreview.vn\/?p=22851"},"modified":"2025-01-16T12:25:09","modified_gmt":"2025-01-16T05:25:09","slug":"villa-an-son-da-lat-7-phong","status":"publish","type":"product","link":"https:\/\/dalatreview.vn\/en\/villa-an-son-da-lat-7-phong.html","title":{"rendered":"Villa khu An S\u01a1n g\u1ea7n trung t\u00e2m \u0110\u00e0 L\u1ea1t 7 ph\u00f2ng"},"content":{"rendered":"<nav class=\"vietrick-auto-toc\">\n<div class=\"box-title\">\n<h3 class=\"toc-title\" id=\"select-menu\">Danh m\u1ee5c ch\u00ednh<\/h3>\n<div><ion-icon name=\"chevron-up-outline\"><\/ion-icon><\/div>\n<\/div>\n<ul class=\"toc-list\"><\/ul>\n<li><a href='https:\/\/dalatreview.vn\/en#villa-khu-an-son-gan-trung-tam-da-lat-7-phong' class='heading-h1 toc-link smooth-scroll'>Villa khu An S\u01a1n g\u1ea7n trung t\u00e2m \u0110\u00e0 L\u1ea1t 7 ph\u00f2ng<\/a>\n<li><a href='https:\/\/dalatreview.vn\/en#1-vi-tri' class='heading-h1 toc-link smooth-scroll'>1. V\u1ecb tr\u00ed<\/a>\n<li><a href='https:\/\/dalatreview.vn\/en#2-decor' class='heading-h1 toc-link smooth-scroll'>2. Decor<\/a>\n<li><a href='https:\/\/dalatreview.vn\/en#3-dich-vu-tien-nghi' class='heading-h1 toc-link smooth-scroll'>3. D\u1ecbch v\u1ee5 &amp; Ti\u1ec7n nghi<\/a>\n<li><a href='https:\/\/dalatreview.vn\/en#' class='heading-h1 toc-link smooth-scroll'><\/a>\n<li><a href='https:\/\/dalatreview.vn\/en#' class='heading-h1 toc-link smooth-scroll'><\/a>\n<li><a href='https:\/\/dalatreview.vn\/en#4-gia-phong' class='heading-h1 toc-link smooth-scroll'>4.\u00a0Gi\u00e1 ph\u00f2ng<\/a>\n<li><a href='https:\/\/dalatreview.vn\/en#5-lien-he' class='heading-h1 toc-link smooth-scroll'>5. Li\u00ean h\u1ec7<\/a><\/ul>\n<\/li>\n<\/ul>\n<\/nav>\n<h1 style=\"text-align: center;\" id=\"villa-khu-an-son-gan-trung-tam-da-lat-7-phong\"><strong><span style=\"color: #003300;\">Villa khu An S\u01a1n g\u1ea7n trung t\u00e2m \u0110\u00e0 L\u1ea1t 7 ph\u00f2ng<\/span><\/strong><\/h1>\n<h1 id=\"1-vi-tri\"><span style=\"font-size: 24px; color: #003300;\"><strong>1. V\u1ecb tr\u00ed<\/strong><\/span><\/h1>\n<p>Villa n\u1eb1m t\u1ea1i ph\u01b0\u1eddng 4, Tp \u0110\u00e0 L\u1ea1t. C\u00e1ch ch\u1ee3 ch\u1ec9 10 ph\u00fat ch\u1ea1y xe. View thi\u00ean nhi\u00ean v\u00f4 c\u00f9ng \u0111\u1eb9p.<\/p>\n<p>\u0110\u1ecba ch\u1ec9: Khu An S\u01a1n, ph\u01b0\u1eddng 4, tp \u0110\u00e0 L\u1ea1t (C\u00e1ch Ch\u1ee3 3km)<\/p>\n<p>V\u1ecb tr\u00ed kh\u00e1 \u0111\u1eafc \u0111\u1ecba v\u00e0 trung t\u00e2m, thu\u1eadn ti\u1ec7n cho vi\u1ec7c \u0111i l\u1ea1i mua s\u1eafm v\u00e0 tham quan du l\u1ecbch n\u00ean c\u00e1c b\u1ea1n c\u1ee9 y\u00ean t\u00e2m tin t\u01b0\u1edfng \u0111\u1ec3 l\u1ef1a ch\u1ecdn c\u0103n villa n\u00e0y nh\u00e9 !<\/p>\n<p><img decoding=\"async\" class=\"aligncenter wp-image-22855 size-full\" src=\"https:\/\/dalatreview.vn\/wp-content\/uploads\/2022\/10\/LUNG-CHUNG-DOI.jpg\" alt=\"L\u01afNG CH\u1eeaNG \u0110\u1ed2I VILLA\" width=\"1702\" height=\"1151\" \/><\/p>\n<h1 id=\"2-decor\"><span style=\"font-size: 24px; color: #003300;\"><strong><span class=\"_4yxo _4yxp\">2. Decor<\/span><\/strong><\/span><\/h1>\n<p>Villa thi\u1ebft k\u1ebf theo phong c\u00e1ch hi\u1ec7n \u0111\u1ea1i v\u1edbi kh\u00f4ng gian m\u1edf t\u1eadn d\u1ee5ng l\u1ee3i th\u1ebf view cao cho n\u00ean t\u1eeb ch\u00ednh ban c\u00f4ng hay qua c\u00e1c khung c\u1eeda k\u00ednh b\u1ea1n \u0111\u1ec1u c\u00f3 th\u1ec3 ng\u1eafm nh\u00ecn \u0111\u01b0\u1ee3c c\u1ea3nh quan thi\u00ean nhi\u00ean xung quanh, c\u00f3 th\u1ec3 s\u0103n m\u00e2y v\u00e0 ng\u1eafm nh\u00ecn v\u1ebb \u0111\u1eb9p th\u01a1 m\u1ed9ng v\u1ec1 \u0111\u00eam c\u1ee7a th\u00e0nh ph\u1ed1 n\u00e0y.<\/p>\n<p>C\u0103n nh\u00e0 \u0111\u01b0\u1ee3c trang b\u1ecb n\u1ed9i th\u1ea5t cao c\u1ea5p, \u0111\u1ea7y d\u1ee7 v\u00e0 ti\u1ec7n nghi \u0111\u00e1p \u1ee9ng \u0111\u01b0\u1ee3c m\u1ecdi nhu c\u1ea7u c\u1ee7a b\u1ea1n c\u0169ng nh\u01b0 c\u00e1c th\u00e0nh vi\u00ean kh\u00e1c.<\/p>\n<p>\u0110\u1eb7c bi\u1ec7t villa \u0111\u01b0\u1ee3c trang b\u1ecb TV m\u00e0n h\u00ecnh l\u1edbn, \u0111\u1ea3m b\u1ea3o sinh ho\u1ea1t cho gia \u0111\u00ecnh l\u1edbn, b\u1ed1 m\u1eb9 c\u00f3 th\u1ec3 xem th\u1eddi s\u1ef1 v\u00e0 con c\u00e1i tha h\u1ed3 xem phim m\u00e0 kh\u00f4ng c\u1ea7n gi\u00e0nh nhau c\u00e1i remote nh\u00e9 \ud83d\ude00<\/p>\n<p><img decoding=\"async\" class=\"alignnone wp-image-22857 size-full\" src=\"https:\/\/dalatreview.vn\/wp-content\/uploads\/2022\/10\/LUNG-CHUNG-DOI-DECOR-scaled-1.jpg\" alt=\"L\u01afNG CH\u1eeaNG \u0110\u1ed2I VILLA\" width=\"2560\" height=\"1920\" \/><\/p>\n<h1 id=\"3-dich-vu-tien-nghi\"><span style=\"font-size: 24px; color: #003300;\"><strong>3. D\u1ecbch v\u1ee5 &amp; Ti\u1ec7n nghi<\/strong><\/span><\/h1>\n<p>G\u1ed3m 7 ph\u00f2ng ng\u1ee7 sang tr\u1ecdng kh\u00e9p k\u00edn, c\u00f3 nh\u00e0 t\u1eafm n\u00f3ng l\u1ea1nh, wc &amp; \u0111\u1ea7y \u0111\u1ee7 \u0111\u1ed3 d\u00f9ng c\u00e1 nh\u00e2n c\u1ea7n thi\u1ebft .<\/p>\n<ul>\n<li><span data-sheets-value=\"{&quot;1&quot;:2,&quot;2&quot;:&quot;3 \u0111\u01a1n, 3 \u0111\u00f4i,1 dorm t\u1eadp th\u1ec3 \\n5 wc: 1 wc trong ph\u00f2ng + 4 wc ngo\u00e0i ph\u00f2ng\\n- TC : 20 kh\u00e1ch\\n- Ph\u00f2ng gi\u1ea3i tr\u00ed: c\u00f3 khu vui ch\u01a1i tr\u1ebb em, bida, m\u00e1y gi\u1eb7c free\\nXe 4-7 \u0111\u1eadu tru\u1edbc nh\u00e0 ( s\u00e2n \\ntrong nh\u00e0 \u0111\u1eadu \u0111c 1 xe 7c)\\n16c tr\u1edf l\u00ean \u0111\u1eadu c\u00e1ch nh\u00e0 kho\u1ea3ng 50m\\nC\u00f3 ch\u1ed7 \u0111\u1ed1t l\u1eeda tr\u1ea1i&quot;}\" data-sheets-userformat=\"{&quot;2&quot;:25597,&quot;3&quot;:{&quot;1&quot;:0},&quot;5&quot;:{&quot;1&quot;:[{&quot;1&quot;:2,&quot;2&quot;:0,&quot;5&quot;:{&quot;1&quot;:2,&quot;2&quot;:0}},{&quot;1&quot;:0,&quot;2&quot;:0,&quot;3&quot;:3},{&quot;1&quot;:1,&quot;2&quot;:0,&quot;4&quot;:1}]},&quot;6&quot;:{&quot;1&quot;:[{&quot;1&quot;:2,&quot;2&quot;:0,&quot;5&quot;:{&quot;1&quot;:2,&quot;2&quot;:0}},{&quot;1&quot;:0,&quot;2&quot;:0,&quot;3&quot;:3},{&quot;1&quot;:1,&quot;2&quot;:0,&quot;4&quot;:1}]},&quot;7&quot;:{&quot;1&quot;:[{&quot;1&quot;:2,&quot;2&quot;:0,&quot;5&quot;:{&quot;1&quot;:2,&quot;2&quot;:0}},{&quot;1&quot;:0,&quot;2&quot;:0,&quot;3&quot;:3},{&quot;1&quot;:1,&quot;2&quot;:0,&quot;4&quot;:1}]},&quot;8&quot;:{&quot;1&quot;:[{&quot;1&quot;:2,&quot;2&quot;:0,&quot;5&quot;:{&quot;1&quot;:2,&quot;2&quot;:0}},{&quot;1&quot;:0,&quot;2&quot;:0,&quot;3&quot;:3},{&quot;1&quot;:1,&quot;2&quot;:0,&quot;4&quot;:1}]},&quot;9&quot;:0,&quot;10&quot;:1,&quot;11&quot;:4,&quot;12&quot;:0,&quot;16&quot;:15,&quot;17&quot;:1}\" data-sheets-textstyleruns=\"{&quot;1&quot;:0}\uee10{&quot;1&quot;:87,&quot;2&quot;:{&quot;2&quot;:{&quot;1&quot;:2,&quot;2&quot;:65280}}}\">3 \u0111\u01a1n, 3 \u0111\u00f4i,1 dorm t\u1eadp th\u1ec3<\/span><\/li>\n<li><span data-sheets-value=\"{&quot;1&quot;:2,&quot;2&quot;:&quot;3 \u0111\u01a1n, 3 \u0111\u00f4i,1 dorm t\u1eadp th\u1ec3 \\n5 wc: 1 wc trong ph\u00f2ng + 4 wc ngo\u00e0i ph\u00f2ng\\n- TC : 20 kh\u00e1ch\\n- Ph\u00f2ng gi\u1ea3i tr\u00ed: c\u00f3 khu vui ch\u01a1i tr\u1ebb em, bida, m\u00e1y gi\u1eb7c free\\nXe 4-7 \u0111\u1eadu tru\u1edbc nh\u00e0 ( s\u00e2n \\ntrong nh\u00e0 \u0111\u1eadu \u0111c 1 xe 7c)\\n16c tr\u1edf l\u00ean \u0111\u1eadu c\u00e1ch nh\u00e0 kho\u1ea3ng 50m\\nC\u00f3 ch\u1ed7 \u0111\u1ed1t l\u1eeda tr\u1ea1i&quot;}\" data-sheets-userformat=\"{&quot;2&quot;:25597,&quot;3&quot;:{&quot;1&quot;:0},&quot;5&quot;:{&quot;1&quot;:[{&quot;1&quot;:2,&quot;2&quot;:0,&quot;5&quot;:{&quot;1&quot;:2,&quot;2&quot;:0}},{&quot;1&quot;:0,&quot;2&quot;:0,&quot;3&quot;:3},{&quot;1&quot;:1,&quot;2&quot;:0,&quot;4&quot;:1}]},&quot;6&quot;:{&quot;1&quot;:[{&quot;1&quot;:2,&quot;2&quot;:0,&quot;5&quot;:{&quot;1&quot;:2,&quot;2&quot;:0}},{&quot;1&quot;:0,&quot;2&quot;:0,&quot;3&quot;:3},{&quot;1&quot;:1,&quot;2&quot;:0,&quot;4&quot;:1}]},&quot;7&quot;:{&quot;1&quot;:[{&quot;1&quot;:2,&quot;2&quot;:0,&quot;5&quot;:{&quot;1&quot;:2,&quot;2&quot;:0}},{&quot;1&quot;:0,&quot;2&quot;:0,&quot;3&quot;:3},{&quot;1&quot;:1,&quot;2&quot;:0,&quot;4&quot;:1}]},&quot;8&quot;:{&quot;1&quot;:[{&quot;1&quot;:2,&quot;2&quot;:0,&quot;5&quot;:{&quot;1&quot;:2,&quot;2&quot;:0}},{&quot;1&quot;:0,&quot;2&quot;:0,&quot;3&quot;:3},{&quot;1&quot;:1,&quot;2&quot;:0,&quot;4&quot;:1}]},&quot;9&quot;:0,&quot;10&quot;:1,&quot;11&quot;:4,&quot;12&quot;:0,&quot;16&quot;:15,&quot;17&quot;:1}\" data-sheets-textstyleruns=\"{&quot;1&quot;:0}\uee10{&quot;1&quot;:87,&quot;2&quot;:{&quot;2&quot;:{&quot;1&quot;:2,&quot;2&quot;:65280}}}\">5 wc: 1 wc trong ph\u00f2ng + 4 wc ngo\u00e0i ph\u00f2ng<\/span><\/li>\n<li><span data-sheets-value=\"{&quot;1&quot;:2,&quot;2&quot;:&quot;3 \u0111\u01a1n, 3 \u0111\u00f4i,1 dorm t\u1eadp th\u1ec3 \\n5 wc: 1 wc trong ph\u00f2ng + 4 wc ngo\u00e0i ph\u00f2ng\\n- TC : 20 kh\u00e1ch\\n- Ph\u00f2ng gi\u1ea3i tr\u00ed: c\u00f3 khu vui ch\u01a1i tr\u1ebb em, bida, m\u00e1y gi\u1eb7c free\\nXe 4-7 \u0111\u1eadu tru\u1edbc nh\u00e0 ( s\u00e2n \\ntrong nh\u00e0 \u0111\u1eadu \u0111c 1 xe 7c)\\n16c tr\u1edf l\u00ean \u0111\u1eadu c\u00e1ch nh\u00e0 kho\u1ea3ng 50m\\nC\u00f3 ch\u1ed7 \u0111\u1ed1t l\u1eeda tr\u1ea1i&quot;}\" data-sheets-userformat=\"{&quot;2&quot;:25597,&quot;3&quot;:{&quot;1&quot;:0},&quot;5&quot;:{&quot;1&quot;:[{&quot;1&quot;:2,&quot;2&quot;:0,&quot;5&quot;:{&quot;1&quot;:2,&quot;2&quot;:0}},{&quot;1&quot;:0,&quot;2&quot;:0,&quot;3&quot;:3},{&quot;1&quot;:1,&quot;2&quot;:0,&quot;4&quot;:1}]},&quot;6&quot;:{&quot;1&quot;:[{&quot;1&quot;:2,&quot;2&quot;:0,&quot;5&quot;:{&quot;1&quot;:2,&quot;2&quot;:0}},{&quot;1&quot;:0,&quot;2&quot;:0,&quot;3&quot;:3},{&quot;1&quot;:1,&quot;2&quot;:0,&quot;4&quot;:1}]},&quot;7&quot;:{&quot;1&quot;:[{&quot;1&quot;:2,&quot;2&quot;:0,&quot;5&quot;:{&quot;1&quot;:2,&quot;2&quot;:0}},{&quot;1&quot;:0,&quot;2&quot;:0,&quot;3&quot;:3},{&quot;1&quot;:1,&quot;2&quot;:0,&quot;4&quot;:1}]},&quot;8&quot;:{&quot;1&quot;:[{&quot;1&quot;:2,&quot;2&quot;:0,&quot;5&quot;:{&quot;1&quot;:2,&quot;2&quot;:0}},{&quot;1&quot;:0,&quot;2&quot;:0,&quot;3&quot;:3},{&quot;1&quot;:1,&quot;2&quot;:0,&quot;4&quot;:1}]},&quot;9&quot;:0,&quot;10&quot;:1,&quot;11&quot;:4,&quot;12&quot;:0,&quot;16&quot;:15,&quot;17&quot;:1}\" data-sheets-textstyleruns=\"{&quot;1&quot;:0}\uee10{&quot;1&quot;:87,&quot;2&quot;:{&quot;2&quot;:{&quot;1&quot;:2,&quot;2&quot;:65280}}}\">S\u01b0c ch\u1ee9a: 20 kh\u00e1ch<\/span><\/li>\n<li><span data-sheets-value=\"{&quot;1&quot;:2,&quot;2&quot;:&quot;3 \u0111\u01a1n, 3 \u0111\u00f4i,1 dorm t\u1eadp th\u1ec3 \\n5 wc: 1 wc trong ph\u00f2ng + 4 wc ngo\u00e0i ph\u00f2ng\\n- TC : 20 kh\u00e1ch\\n- Ph\u00f2ng gi\u1ea3i tr\u00ed: c\u00f3 khu vui ch\u01a1i tr\u1ebb em, bida, m\u00e1y gi\u1eb7c free\\nXe 4-7 \u0111\u1eadu tru\u1edbc nh\u00e0 ( s\u00e2n \\ntrong nh\u00e0 \u0111\u1eadu \u0111c 1 xe 7c)\\n16c tr\u1edf l\u00ean \u0111\u1eadu c\u00e1ch nh\u00e0 kho\u1ea3ng 50m\\nC\u00f3 ch\u1ed7 \u0111\u1ed1t l\u1eeda tr\u1ea1i&quot;}\" data-sheets-userformat=\"{&quot;2&quot;:25597,&quot;3&quot;:{&quot;1&quot;:0},&quot;5&quot;:{&quot;1&quot;:[{&quot;1&quot;:2,&quot;2&quot;:0,&quot;5&quot;:{&quot;1&quot;:2,&quot;2&quot;:0}},{&quot;1&quot;:0,&quot;2&quot;:0,&quot;3&quot;:3},{&quot;1&quot;:1,&quot;2&quot;:0,&quot;4&quot;:1}]},&quot;6&quot;:{&quot;1&quot;:[{&quot;1&quot;:2,&quot;2&quot;:0,&quot;5&quot;:{&quot;1&quot;:2,&quot;2&quot;:0}},{&quot;1&quot;:0,&quot;2&quot;:0,&quot;3&quot;:3},{&quot;1&quot;:1,&quot;2&quot;:0,&quot;4&quot;:1}]},&quot;7&quot;:{&quot;1&quot;:[{&quot;1&quot;:2,&quot;2&quot;:0,&quot;5&quot;:{&quot;1&quot;:2,&quot;2&quot;:0}},{&quot;1&quot;:0,&quot;2&quot;:0,&quot;3&quot;:3},{&quot;1&quot;:1,&quot;2&quot;:0,&quot;4&quot;:1}]},&quot;8&quot;:{&quot;1&quot;:[{&quot;1&quot;:2,&quot;2&quot;:0,&quot;5&quot;:{&quot;1&quot;:2,&quot;2&quot;:0}},{&quot;1&quot;:0,&quot;2&quot;:0,&quot;3&quot;:3},{&quot;1&quot;:1,&quot;2&quot;:0,&quot;4&quot;:1}]},&quot;9&quot;:0,&quot;10&quot;:1,&quot;11&quot;:4,&quot;12&quot;:0,&quot;16&quot;:15,&quot;17&quot;:1}\" data-sheets-textstyleruns=\"{&quot;1&quot;:0}\uee10{&quot;1&quot;:87,&quot;2&quot;:{&quot;2&quot;:{&quot;1&quot;:2,&quot;2&quot;:65280}}}\">Ph\u00f2ng gi\u1ea3i tr\u00ed: c\u00f3 khu vui ch\u01a1i tr\u1ebb em, bida, m\u00e1y gi\u1eb7c free<\/span><\/li>\n<li><span data-sheets-value=\"{&quot;1&quot;:2,&quot;2&quot;:&quot;3 \u0111\u01a1n, 3 \u0111\u00f4i,1 dorm t\u1eadp th\u1ec3 \\n5 wc: 1 wc trong ph\u00f2ng + 4 wc ngo\u00e0i ph\u00f2ng\\n- TC : 20 kh\u00e1ch\\n- Ph\u00f2ng gi\u1ea3i tr\u00ed: c\u00f3 khu vui ch\u01a1i tr\u1ebb em, bida, m\u00e1y gi\u1eb7c free\\nXe 4-7 \u0111\u1eadu tru\u1edbc nh\u00e0 ( s\u00e2n \\ntrong nh\u00e0 \u0111\u1eadu \u0111c 1 xe 7c)\\n16c tr\u1edf l\u00ean \u0111\u1eadu c\u00e1ch nh\u00e0 kho\u1ea3ng 50m\\nC\u00f3 ch\u1ed7 \u0111\u1ed1t l\u1eeda tr\u1ea1i&quot;}\" data-sheets-userformat=\"{&quot;2&quot;:25597,&quot;3&quot;:{&quot;1&quot;:0},&quot;5&quot;:{&quot;1&quot;:[{&quot;1&quot;:2,&quot;2&quot;:0,&quot;5&quot;:{&quot;1&quot;:2,&quot;2&quot;:0}},{&quot;1&quot;:0,&quot;2&quot;:0,&quot;3&quot;:3},{&quot;1&quot;:1,&quot;2&quot;:0,&quot;4&quot;:1}]},&quot;6&quot;:{&quot;1&quot;:[{&quot;1&quot;:2,&quot;2&quot;:0,&quot;5&quot;:{&quot;1&quot;:2,&quot;2&quot;:0}},{&quot;1&quot;:0,&quot;2&quot;:0,&quot;3&quot;:3},{&quot;1&quot;:1,&quot;2&quot;:0,&quot;4&quot;:1}]},&quot;7&quot;:{&quot;1&quot;:[{&quot;1&quot;:2,&quot;2&quot;:0,&quot;5&quot;:{&quot;1&quot;:2,&quot;2&quot;:0}},{&quot;1&quot;:0,&quot;2&quot;:0,&quot;3&quot;:3},{&quot;1&quot;:1,&quot;2&quot;:0,&quot;4&quot;:1}]},&quot;8&quot;:{&quot;1&quot;:[{&quot;1&quot;:2,&quot;2&quot;:0,&quot;5&quot;:{&quot;1&quot;:2,&quot;2&quot;:0}},{&quot;1&quot;:0,&quot;2&quot;:0,&quot;3&quot;:3},{&quot;1&quot;:1,&quot;2&quot;:0,&quot;4&quot;:1}]},&quot;9&quot;:0,&quot;10&quot;:1,&quot;11&quot;:4,&quot;12&quot;:0,&quot;16&quot;:15,&quot;17&quot;:1}\" data-sheets-textstyleruns=\"{&quot;1&quot;:0}\uee10{&quot;1&quot;:87,&quot;2&quot;:{&quot;2&quot;:{&quot;1&quot;:2,&quot;2&quot;:65280}}}\">C\u00f3 ch\u1ed7 \u0111\u1ed1t l\u1eeda tr\u1ea1i<\/span><\/li>\n<li>\u0110\u1ea7y \u0111\u1ee7 ti\u1ec7n nghi nh\u01b0 \u1edf nh\u00e0.<\/li>\n<li>C\u00f3 di\u1ec7n t\u00edch \u0111\u1ec3 n\u01b0\u1edbng BBQ ngo\u00e0i tr\u1eddi.<\/li>\n<li>C\u00f3 ch\u1ed7 \u0111\u1eadu xe m\u00e1y, xe h\u01a1i an to\u00e0n mi\u1ec5n ph\u00ed.<\/li>\n<li>Y\u00ean t\u0129nh, an ninh 24\/24, s\u1ea1ch s\u1ebd, tho\u00e1ng m\u00e1t, view thi\u00ean nhi\u00ean si\u00eau \u0111\u1eb9p.<\/li>\n<li>B\u1ebfp t\u1ef1 do n\u1ea5u n\u01b0\u1edbng \u0111\u1ea7y \u0111\u1ee7 d\u1ee5ng c\u1ee5 v\u00e0 gia v\u1ecb.<\/li>\n<li>Ch\u00eca kho\u00e1 trao tay tha h\u1ed3 ri\u00eang t\u01b0<\/li>\n<li><span data-sheets-value=\"{&quot;1&quot;:2,&quot;2&quot;:&quot;3 \u0111\u01a1n, 3 \u0111\u00f4i,1 dorm t\u1eadp th\u1ec3 \\n5 wc: 1 wc trong ph\u00f2ng + 4 wc ngo\u00e0i ph\u00f2ng\\n- TC : 20 kh\u00e1ch\\n- Ph\u00f2ng gi\u1ea3i tr\u00ed: c\u00f3 khu vui ch\u01a1i tr\u1ebb em, bida, m\u00e1y gi\u1eb7c free\\nXe 4-7 \u0111\u1eadu tru\u1edbc nh\u00e0 ( s\u00e2n \\ntrong nh\u00e0 \u0111\u1eadu \u0111c 1 xe 7c)\\n16c tr\u1edf l\u00ean \u0111\u1eadu c\u00e1ch nh\u00e0 kho\u1ea3ng 50m\\nC\u00f3 ch\u1ed7 \u0111\u1ed1t l\u1eeda tr\u1ea1i&quot;}\" data-sheets-userformat=\"{&quot;2&quot;:25597,&quot;3&quot;:{&quot;1&quot;:0},&quot;5&quot;:{&quot;1&quot;:[{&quot;1&quot;:2,&quot;2&quot;:0,&quot;5&quot;:{&quot;1&quot;:2,&quot;2&quot;:0}},{&quot;1&quot;:0,&quot;2&quot;:0,&quot;3&quot;:3},{&quot;1&quot;:1,&quot;2&quot;:0,&quot;4&quot;:1}]},&quot;6&quot;:{&quot;1&quot;:[{&quot;1&quot;:2,&quot;2&quot;:0,&quot;5&quot;:{&quot;1&quot;:2,&quot;2&quot;:0}},{&quot;1&quot;:0,&quot;2&quot;:0,&quot;3&quot;:3},{&quot;1&quot;:1,&quot;2&quot;:0,&quot;4&quot;:1}]},&quot;7&quot;:{&quot;1&quot;:[{&quot;1&quot;:2,&quot;2&quot;:0,&quot;5&quot;:{&quot;1&quot;:2,&quot;2&quot;:0}},{&quot;1&quot;:0,&quot;2&quot;:0,&quot;3&quot;:3},{&quot;1&quot;:1,&quot;2&quot;:0,&quot;4&quot;:1}]},&quot;8&quot;:{&quot;1&quot;:[{&quot;1&quot;:2,&quot;2&quot;:0,&quot;5&quot;:{&quot;1&quot;:2,&quot;2&quot;:0}},{&quot;1&quot;:0,&quot;2&quot;:0,&quot;3&quot;:3},{&quot;1&quot;:1,&quot;2&quot;:0,&quot;4&quot;:1}]},&quot;9&quot;:0,&quot;10&quot;:1,&quot;11&quot;:4,&quot;12&quot;:0,&quot;16&quot;:15,&quot;17&quot;:1}\" data-sheets-textstyleruns=\"{&quot;1&quot;:0}\uee10{&quot;1&quot;:87,&quot;2&quot;:{&quot;2&quot;:{&quot;1&quot;:2,&quot;2&quot;:65280}}}\">Xe 4-7 ch\u1ed7 \u0111\u1eadu tru\u1edbc nh\u00e0 ( s\u00e2n trong nh\u00e0 \u0111\u1eadu \u0111c 1 xe 7ch\u1ed7)<br \/>\n16c tr\u1edf l\u00ean \u0111\u1eadu c\u00e1ch nh\u00e0 kho\u1ea3ng 50m<\/span><\/li>\n<\/ul>\n<p><img decoding=\"async\" class=\"alignnone wp-image-22858 size-full\" src=\"https:\/\/dalatreview.vn\/wp-content\/uploads\/2022\/10\/LUNG-CHUNG-DOI-TIEN-NGHI-scaled-1.jpg\" alt=\"L\u01afNG CH\u1eeaNG \u0110\u1ed2I VILLA\" width=\"2560\" height=\"1920\" \/><\/p>\n<p>&nbsp;<\/p>\n<p><img decoding=\"async\" class=\"alignnone wp-image-22856 size-full\" src=\"https:\/\/dalatreview.vn\/wp-content\/uploads\/2022\/10\/LUNG-CHUNG-DOI-ECOR-1-scaled-1.jpg\" alt=\"L\u01afNG CH\u1eeaNG \u0110\u1ed2I VILLA\" width=\"2560\" height=\"1920\" \/><\/p>\n<h1 id=\"\"><img decoding=\"async\" class=\"alignnone wp-image-22896 size-full\" src=\"https:\/\/dalatreview.vn\/wp-content\/uploads\/2022\/10\/doi-scaled-1.jpg\" alt=\"\" width=\"2560\" height=\"1920\"><\/h1>\n<h1 id=\"\"><\/h1>\n<h1 id=\"4-gia-phong\"><span style=\"font-size: 24px; color: #003300;\"><strong><span class=\"_4yxo\">4.<\/span>\u00a0Gi\u00e1 ph\u00f2ng<\/strong><\/span><\/h1>\n<p>Ch\u1ec9 t\u1eeb 4.000.000\/ \u0111\u00eam cho nguy\u00ean c\u0103n<\/p>\n<h1 id=\"5-lien-he\"><span style=\"font-size: 24px; color: #003300;\"><strong>5. Li\u00ean h\u1ec7<\/strong><\/span><\/h1>\n<p>Fanpage:\u00a0<a href=\"https:\/\/www.facebook.com\/booking.dalatreview.vn\/\">Booking \u0110\u00e0 L\u1ea1t \u2013 www.dalatreview.vn<\/a><\/p>\n<p>S\u0110T\/Zalo: 0968 249 297<\/p>","protected":false},"excerpt":{"rendered":"<p class=\"p1\">Villa n\u1eb1m t\u1ea1i ph\u01b0\u1eddng 4, Tp \u0110\u00e0 L\u1ea1t. C\u00e1ch ch\u1ee3 ch\u1ec9 10 ph\u00fat ch\u1ea1y xe. View thi\u00ean nhi\u00ean v\u00f4 c\u00f9ng \u0111\u1eb9p.<\/p>\n<p class=\"p1\">V\u1ecb tr\u00ed kh\u00e1 \u0111\u1eafc \u0111\u1ecba v\u00e0 trung t\u00e2m, thu\u1eadn ti\u1ec7n cho vi\u1ec7c \u0111i l\u1ea1i mua s\u1eafm v\u00e0 tham quan du l\u1ecbch n\u00ean c\u00e1c b\u1ea1n c\u1ee9 y\u00ean t\u00e2m tin t\u01b0\u1edfng \u0111\u1ec3 l\u1ef1a ch\u1ecdn c\u0103n villa n\u00e0y nh\u00e9 !<\/p>","protected":false},"featured_media":22897,"comment_status":"open","ping_status":"closed","template":"","meta":{"_acf_changed":false,"rank_math_lock_modified_date":false},"product_cat":[29,2263,45],"product_tag":[],"acf":[],"_links":{"self":[{"href":"https:\/\/dalatreview.vn\/en\/wp-json\/wp\/v2\/product\/22851"}],"collection":[{"href":"https:\/\/dalatreview.vn\/en\/wp-json\/wp\/v2\/product"}],"about":[{"href":"https:\/\/dalatreview.vn\/en\/wp-json\/wp\/v2\/types\/product"}],"replies":[{"embeddable":true,"href":"https:\/\/dalatreview.vn\/en\/wp-json\/wp\/v2\/comments?post=22851"}],"wp:featuredmedia":[{"embeddable":true,"href":"https:\/\/dalatreview.vn\/en\/wp-json\/wp\/v2\/media\/22897"}],"wp:attachment":[{"href":"https:\/\/dalatreview.vn\/en\/wp-json\/wp\/v2\/media?parent=22851"}],"wp:term":[{"taxonomy":"product_cat","embeddable":true,"href":"https:\/\/dalatreview.vn\/en\/wp-json\/wp\/v2\/product_cat?post=22851"},{"taxonomy":"product_tag","embeddable":true,"href":"https:\/\/dalatreview.vn\/en\/wp-json\/wp\/v2\/product_tag?post=22851"}],"curies":[{"name":"wp","href":"https:\/\/api.w.org\/{rel}","templated":true}]}}