
{"id":22647,"date":"2022-10-12T15:47:34","date_gmt":"2022-10-12T08:47:34","guid":{"rendered":"https:\/\/dalatreview.vn\/?p=22647"},"modified":"2025-09-15T11:14:55","modified_gmt":"2025-09-15T04:14:55","slug":"tour-cam-trai-cloud9-glamping-cau-dat-da-lat","status":"publish","type":"product","link":"https:\/\/dalatreview.vn\/en\/tour-cam-trai-cloud9-glamping-cau-dat-da-lat.html","title":{"rendered":"Tour C\u1eafm Tr\u1ea1i Cloud9 Glamping C\u1ea7u \u0110\u1ea5t \u0110\u00e0 L\u1ea1t"},"content":{"rendered":"<nav class=\"vietrick-auto-toc\">\n<div class=\"box-title\">\n<h3 class=\"toc-title\" id=\"select-menu\">Danh m\u1ee5c ch\u00ednh<\/h3>\n<div><ion-icon name=\"chevron-up-outline\"><\/ion-icon><\/div>\n<\/div>\n<ul class=\"toc-list\"><\/ul>\n<li><a href='https:\/\/dalatreview.vn\/en#tour-cam-trai-cloud9-glamping-da-lat' class='heading-h1 toc-link smooth-scroll'>Tour C\u1eafm Tr\u1ea1i Cloud9 Glamping \u0110\u00e0 L\u1ea1t<\/a>\n<ul>\n<li><a href='https:\/\/dalatreview.vn\/en#2-trai-nghiem-tour-cam-trai-cloud9-glamping-da-lat' class='heading-h2 toc-link smooth-scroll'>2. Tr\u1ea3i Nghi\u1ec7m Tour C\u1eafm Tr\u1ea1i Cloud9 Glamping \u0110\u00e0 L\u1ea1t<\/a>\n<li><a href='https:\/\/dalatreview.vn\/en#3-lich-trinh-tour-cam-trai-cloud9-glamping-cau-dat-da-lat' class='heading-h2 toc-link smooth-scroll'>3. L\u1ecbch Tr\u00ecnh Tour C\u1eafm Tr\u1ea1i Cloud9 Glamping C\u1ea7u \u0110\u1ea5t \u0110\u00e0 L\u1ea1t<\/a>\n<li><a href='https:\/\/dalatreview.vn\/en#4-gia-tour-cam-trai-cloud-9-glamping' class='heading-h2 toc-link smooth-scroll'>4. Gi\u00e1 Tour C\u1eafm Tr\u1ea1i Cloud 9 Glamping<\/a>\n<li><a href='https:\/\/dalatreview.vn\/en#5-thong-tin-lien-he' class='heading-h2 toc-link smooth-scroll'>5. Th\u00f4ng Tin Li\u00ean H\u1ec7<\/a><\/ul>\n<\/ul>\n<\/li>\n<\/ul>\n<\/nav>\n<h1 style=\"text-align: center;\" id=\"tour-cam-trai-cloud9-glamping-da-lat\"><span style=\"color: #003300; font-size: 28px;\"><strong>Tour C\u1eafm Tr\u1ea1i Cloud9 Glamping \u0110\u00e0 L\u1ea1t<\/strong><\/span><\/h1>\n<p><span style=\"font-size: 16px;\">B\u1ea1n \u0111\u00e3 bao gi\u1edd \u0111i c\u1eafm tr\u1ea1i gi\u1eefa thi\u00ean nhi\u00ean m\u00e0 l\u1ea1i \u1edf trong l\u1ec1u tr\u1ea1i nh\u01b0 \u1edf kh\u00e1ch s\u1ea1n ch\u01b0a nh\u1ec9? N\u1ebfu mu\u1ed1n m\u1ed9t l\u1ea7n tr\u1ea3i nghi\u1ec7m c\u1ea3m gi\u00e1c n\u00e0y th\u00ec h\u00e3y c\u00f9ng v\u1edbi \u0110\u00e0 L\u1ea1t Review t\u00ecm hi\u1ec3u ngay &#8220;Tour c\u1eafm tr\u1ea1i Cloud9 Glamping&#8221; d\u01b0\u1edbi \u0111\u00e2y nh\u00e9!!!<\/span><\/p>\n<p><img decoding=\"async\" class=\"size-full wp-image-48755 aligncenter\" src=\"https:\/\/dalatreview.vn\/wp-content\/uploads\/2022\/10\/536459209_791390583404455_6674263415894345146_n.jpg\" alt=\"\" width=\"2048\" height=\"1364\" srcset=\"https:\/\/dalatreview.vn\/wp-content\/uploads\/2022\/10\/536459209_791390583404455_6674263415894345146_n.jpg 2048w, https:\/\/dalatreview.vn\/wp-content\/uploads\/2022\/10\/536459209_791390583404455_6674263415894345146_n-1024x682.jpg 1024w, https:\/\/dalatreview.vn\/wp-content\/uploads\/2022\/10\/536459209_791390583404455_6674263415894345146_n-768x512.jpg 768w, https:\/\/dalatreview.vn\/wp-content\/uploads\/2022\/10\/536459209_791390583404455_6674263415894345146_n-1536x1023.jpg 1536w, https:\/\/dalatreview.vn\/wp-content\/uploads\/2022\/10\/536459209_791390583404455_6674263415894345146_n-18x12.jpg 18w, https:\/\/dalatreview.vn\/wp-content\/uploads\/2022\/10\/536459209_791390583404455_6674263415894345146_n-600x400.jpg 600w\" sizes=\"(max-width: 2048px) 100vw, 2048px\" \/><\/p>\n<p>&nbsp;<\/p>\n<p><span style=\"color: #003300; font-size: 24px;\"><strong>1. Nh\u1eefng \u0110i\u1ec3m \u0110\u1eb7c Bi\u1ec7t T\u1ea1i Tour C\u1eafm Tr\u1ea1i Cloud9 Glamping \u0110\u00e0 L\u1ea1t<\/strong><\/span><\/p>\n<p>&#8211; Cloud9 Glamping kh\u00f4ng \u0111\u01a1n thu\u1ea7n l\u00e0 m\u1ed9t n\u01a1i cung c\u1ea5p d\u1ecbch v\u1ee5 l\u01b0u tr\u00fa l\u1ec1u tr\u1ea1i, \u0111\u00e2y c\u00f2n n\u01a1i d\u00e0nh cho nh\u1eefng b\u1ea1n y\u00eau thi\u00ean nhi\u00ean, th\u00edch t\u1eadn h\u01b0\u1edfng kh\u00f4ng kh\u00ed n\u00fai r\u1eebng.<\/p>\n<p>&#8211; B\u1ea1n s\u1ebd \u0111\u01b0\u1ee3c tr\u1ea3i nghi\u1ec7m m\u1ed9t ng\u00e0y c\u1eafm tr\u1ea1i b\u00ean nh\u1eefng bi\u1ec3n m\u00e2y b\u1ed3ng b\u1ec1nh, ho\u00e0 v\u00e0o thi\u00ean nhi\u00ean n\u00fai r\u1eebng bao la.<\/p>\n<p>&#8211; \u0110\u00e2y l\u00e0 n\u01a1i b\u1ea1n c\u00f3 th\u1ec3 h\u00f2a m\u00ecnh v\u00e0o thi\u00ean nhi\u00ean \u0111\u01b0\u1ee3c bao ph\u1ee7 1 m\u00e0u xanh r\u1ee3p tr\u1eddi c\u1ee7a nh\u1eefng \u0111\u1ed3i ch\u00e8 b\u00e1t ng\u00e1t.<\/p>\n<p>&#8211; Sau m\u1ed9t ng\u00e0y ho\u1ea1t \u0111\u1ed9ng m\u1ec7t m\u1ecfi, \u0111\u01b0\u1ee3c ng\u00e3 m\u00ecnh v\u00e0o kho\u1ea3ng kh\u00f4ng gi\u1eefa b\u1ed1n b\u1ec1 non xanh n\u01b0\u1edbc bi\u1ebfc, tr\u1ea3i nghi\u1ec7m \u1ea5y th\u1eadt kh\u00f4ng g\u00ec s\u00e1nh b\u1eb1ng!<\/p>\n<p>&#8211; \u0110\u1eb7c bi\u1ec7t Cloud9 Glamping c\u00f2n c\u00f3 c\u00f4ng d\u1ee5ng ch\u1eefa l\u00e0nh, l\u00e0 n\u01a1i \u0111\u1ec3 b\u1ea1n t\u00ecm l\u1ea1i c\u1ea3m gi\u00e1c b\u00ecnh y\u00ean trong t\u00e2m h\u1ed3n m\u00ecnh.<\/p>\n<p>&#8211; \u0110\u01b0\u1ee3c c\u00f9ng nhau th\u1ee9c d\u1eady th\u1eadt s\u1edbm, ng\u1eafm nh\u00ecn s\u1ef1 b\u00ecnh y\u00ean s\u1edbm mai c\u1ee7a ph\u1ed1 n\u00fai v\u00e0 nh\u1eefng \u0111\u00e1m m\u00e2y ngay d\u01b0\u1edbi ch\u00e2n m\u00ecnh.<\/p>\n<p>&#8211; C\u1ea7n tr\u00ean tay t\u00e1ch tr\u00e0, t\u00e1ch c\u00e0 ph\u00ea c\u00f9ng h\u00e0n huy\u00ean v\u1edbi h\u1ed9i b\u1ea1n th\u00e2n. \u0110\u00f3 ch\u1eafc ch\u1eafn s\u1ebd l\u00e0 nh\u1eefng tr\u1ea3i nghi\u1ec7m \u0111\u00e1ng nh\u1edb trong chuy\u1ebfn du l\u1ecbch l\u1ea7n n\u00e0y c\u1ee7a b\u1ea1n \u0111\u00f3.<\/p>\n<p><img decoding=\"async\" class=\"wp-image-48753 aligncenter\" src=\"https:\/\/dalatreview.vn\/wp-content\/uploads\/2022\/10\/537078464_791391070071073_8970210764138369548_n.jpg\" alt=\"\" width=\"475\" height=\"713\" srcset=\"https:\/\/dalatreview.vn\/wp-content\/uploads\/2022\/10\/537078464_791391070071073_8970210764138369548_n.jpg 1364w, https:\/\/dalatreview.vn\/wp-content\/uploads\/2022\/10\/537078464_791391070071073_8970210764138369548_n-682x1024.jpg 682w, https:\/\/dalatreview.vn\/wp-content\/uploads\/2022\/10\/537078464_791391070071073_8970210764138369548_n-768x1153.jpg 768w, https:\/\/dalatreview.vn\/wp-content\/uploads\/2022\/10\/537078464_791391070071073_8970210764138369548_n-1023x1536.jpg 1023w, https:\/\/dalatreview.vn\/wp-content\/uploads\/2022\/10\/537078464_791391070071073_8970210764138369548_n-8x12.jpg 8w, https:\/\/dalatreview.vn\/wp-content\/uploads\/2022\/10\/537078464_791391070071073_8970210764138369548_n-600x900.jpg 600w\" sizes=\"(max-width: 475px) 100vw, 475px\" \/><\/p>\n<h2 id=\"2-trai-nghiem-tour-cam-trai-cloud9-glamping-da-lat\"><span style=\"color: #003300; font-size: 24px;\"><strong>2. Tr\u1ea3i Nghi\u1ec7m Tour C\u1eafm Tr\u1ea1i Cloud9 Glamping \u0110\u00e0 L\u1ea1t<\/strong><\/span><\/h2>\n<p>\u2714\ufe0f B\u1ea1n c\u00f3 th\u1ec3 s\u0103n \u0111\u01b0\u1ee3c \u0111\u1eb7c s\u1ea3n m\u00e2y v\u00e0 c\u00f3 nh\u1eefng k\u1ef7 ni\u1ec7m \u0111\u00e1ng nh\u1edb c\u00f9ng b\u1ea1n b\u00e8 m\u00e0 kh\u00f4ng ph\u1ea3i d\u1eady s\u1edbm \u0111i xa \u0111\u00e2u nh\u00e9!<\/p>\n<p>\u2714\ufe0f\u0110\u00f3n b\u00ecnh minh b\u00ean \u0111\u1ed3i, thung l\u0169ng bao chill<\/p>\n<p>\u2714\ufe0f L\u1eafng nghe \u00e2m thanh nh\u1eb9 nh\u00e0ng b\u00ecnh y\u00ean c\u1ee7a thi\u00ean nhi\u00ean.<\/p>\n<p>\u2714\ufe0f\u0110\u00f3n m\u00e0n s\u01b0\u01a1ng \u0111\u00eam tr\u00ean thung l\u0169ng huy\u1ec1n \u1ea3o.<\/p>\n<p>\u2714\ufe0fTi\u1ec7c BBQ bu\u1ed5i t\u1ed1i \u0111a d\u1ea1ng.<\/p>\n<p>\u2714\ufe0fTh\u01b0\u1edfng th\u1ee9c nh\u1eefng b\u1eefa \u0103n s\u00e1ng \u0111\u1ee7 dinh d\u01b0\u1ee1ng.<\/p>\n<p>\u2714\ufe0fL\u1ec1u tr\u1ea1i \u0111\u1ea7y \u0111\u1ee7 ti\u1ec7n nghi, \u0111a d\u1ea1ng size.<\/p>\n<p>\u2714\ufe0fKhu nh\u00e0 v\u1ec7 sinh ngay s\u00e1t l\u1ec1u tr\u1ea1i s\u1ea1ch s\u1ebd, trang b\u1ecb n\u01b0\u1edbc n\u00f3ng.<\/p>\n<p>\u2714\ufe0f\u0110\u01b0\u1ee3c checkin s\u1ed1ng \u1ea3o th\u1ecfa th\u00edch b\u1edfi b\u1ea5t c\u1ee9 g\u00f3c n\u00e0o c\u1ee7a n\u01a1i \u0111\u00e2y c\u0169ng \u0111\u1ec1u xinh x\u1eafn v\u00e0 c\u00f3 th\u1ec3 gi\u00fap b\u1ea1n cho ra nh\u1eefng b\u1ee9c \u1ea3nh ngh\u00ecn like lu\u00f4n \u0111\u00f3 nha!<\/p>\n<p><img decoding=\"async\" class=\"wp-image-48754 aligncenter\" src=\"https:\/\/dalatreview.vn\/wp-content\/uploads\/2022\/10\/536278428_791391000071080_8564450228325263582_n.jpg\" alt=\"\" width=\"633\" height=\"951\" srcset=\"https:\/\/dalatreview.vn\/wp-content\/uploads\/2022\/10\/536278428_791391000071080_8564450228325263582_n.jpg 1364w, https:\/\/dalatreview.vn\/wp-content\/uploads\/2022\/10\/536278428_791391000071080_8564450228325263582_n-682x1024.jpg 682w, https:\/\/dalatreview.vn\/wp-content\/uploads\/2022\/10\/536278428_791391000071080_8564450228325263582_n-768x1153.jpg 768w, https:\/\/dalatreview.vn\/wp-content\/uploads\/2022\/10\/536278428_791391000071080_8564450228325263582_n-1023x1536.jpg 1023w, https:\/\/dalatreview.vn\/wp-content\/uploads\/2022\/10\/536278428_791391000071080_8564450228325263582_n-8x12.jpg 8w, https:\/\/dalatreview.vn\/wp-content\/uploads\/2022\/10\/536278428_791391000071080_8564450228325263582_n-600x901.jpg 600w\" sizes=\"(max-width: 633px) 100vw, 633px\" \/><\/p>\n<h2 id=\"3-lich-trinh-tour-cam-trai-cloud9-glamping-cau-dat-da-lat\"><span style=\"font-size: 24px;\"><strong><span style=\"color: #003300;\">3. L\u1ecbch Tr\u00ecnh Tour C\u1eafm Tr\u1ea1i Cloud9 Glamping C\u1ea7u \u0110\u1ea5t \u0110\u00e0 L\u1ea1t<\/span><\/strong><\/span><\/h2>\n<p><span style=\"font-size: 16px;\">\ud83d\udccc L\u1ecbch tr\u00ecnh Tour c\u1eafm tr\u1ea1i Cloud9 Glamping c\u1ee5 th\u1ec3:<\/span><\/p>\n<p><span style=\"font-size: 16px;\">\ud83d\udc49 14h00 \u2013 15h00: Check in nh\u1eadn l\u1ec1u\u00a0<\/span><\/p>\n<p><span style=\"font-size: 16px;\">\ud83d\udc49 15h00 \u2013 16h00: Tham quan \u0110\u1ed3i ch\u00e8 + khu v\u1ef1c \u0110i\u1ec7n gi\u00f3\u00a0<\/span><\/p>\n<p><span style=\"font-size: 16px;\">\ud83d\udc49\u00a016h00 \u2013 18h00: T\u1eafm g\u1ed9i v\u1ec7 sinh c\u00e1 nh\u00e2n\u00a0<\/span><\/p>\n<p><span style=\"font-size: 16px;\">\ud83d\udc49\u00a018h -21h00: Tham gia ti\u1ec7c BBQ\u00a0<\/span><\/p>\n<p><span style=\"font-size: 16px;\">\ud83d\udc49\u00a021h00- 22h00: \u0110\u1ed1t l\u1eeda tr\u1ea1i\u00a0<\/span><\/p>\n<p><span style=\"font-size: 16px;\"><strong>\ud83d\udc49\u00a0<\/strong>22h00: Th\u1eddi gian ngh\u1ec9 ng\u01a1i\u00a0<\/span><\/p>\n<p><span style=\"font-size: 16px;\"><strong>Bu\u1ed5i s\u00e1ng<\/strong><\/span><\/p>\n<p><span style=\"font-size: 16px;\">\ud83d\udc49\u00a04h00 \u2013 7h00: S\u0103n m\u00e2y \u0111\u00f3n b\u00ecnh minh + Tham quan \u0111\u1ecba \u0111i\u1ec3m Thi\u00ean \u0111\u01b0\u1eddng s\u0103n m\u00e2y\u00a0<\/span><\/p>\n<p><span style=\"font-size: 16px;\">\ud83d\udc49\u00a07h00 \u2013 8h00: \u0102n s\u00e1ng, th\u01b0\u1edfng th\u1ee9c cafe + tr\u00e0 g\u1eebng\u00a0<\/span><\/p>\n<p><span style=\"font-size: 16px;\">\ud83d\udc49 8h00 \u2013 9h00: T\u1ef1 do tham quan check in\u00a0<\/span><\/p>\n<p>&nbsp;<\/p>\n<h2 id=\"4-gia-tour-cam-trai-cloud-9-glamping\"><span style=\"font-size: 24px;\"><strong><span style=\"color: #003300;\">4. Gi\u00e1 Tour C\u1eafm Tr\u1ea1i Cloud 9 Glamping<\/span><\/strong><\/span><\/h2>\n<p><span style=\"font-size: 14pt;\"><strong><em>Ch\u1ee7 nh\u1eadt &#8211; Th\u1ee9 5\u00a0<\/em><\/strong><\/span><\/p>\n<p>&#8211; Ng\u01b0\u1eddi l\u1edbn: <span style=\"color: #ff0000;\"><strong>950k\/ ng\u01b0\u1eddi l\u1edbn<\/strong><\/span><\/p>\n<p>&#8211; Tr\u1ebb em: <span style=\"color: #ff0000;\"><strong>500k\/ tr\u1ebb em<\/strong><\/span><\/p>\n<p>&#8211; Th\u00fa c\u01b0ng (<em>Kh\u00f4ng nh\u1eadn ch\u00f3 s\u0103n, pitbull<\/em>): <span style=\"color: #ff0000;\"><strong>200k\/ b\u00e9<\/strong><\/span><\/p>\n<p><span style=\"font-size: 14pt;\"><strong><em>Th\u1ee9 6 &#8211; Th\u1ee9 7<\/em><\/strong><\/span><\/p>\n<p>&#8211; Ng\u01b0\u1eddi l\u1edbn: <span style=\"color: #ff0000;\"><strong>1150k\/ ng\u01b0\u1eddi l\u1edbn<\/strong><\/span><\/p>\n<p>&#8211; Tr\u1ebb em (<em>T\u1eeb \u0111\u1ee7 3 \u0111\u1ebfn d\u01b0\u1edbi 10 tu\u1ed5i<\/em>): <strong><span style=\"color: #ff0000;\">600k\/ tr\u1ebb em<\/span><\/strong><\/p>\n<p>&#8211; Th\u00fa c\u01b0ng (<em>Kh\u00f4ng nh\u1eadn ch\u00f3 s\u0103n, pitbull<\/em>):<span style=\"color: #ff0000;\"><strong> 200k\/ b\u00e9<\/strong><\/span><\/p>\n<p>&nbsp;<\/p>\n<p><span style=\"color: #003300;\"><strong>\u2714\ufe0fGi\u00e1 tour tr\u00ean bao g\u1ed3m :<\/strong><\/span><br \/>\n+ Welcome drink ng\u00e0y \u0111\u1ebfn<br \/>\n+ \u0102n 3 b\u1eefa (1 b\u1eefa s\u00e1ng + 1 \u0111\u01a1n v\u1ecb n\u01b0\u1edbc, 1 ti\u1ec7c BBQ t\u1ed1i, 1 b\u1eefa khuya)<br \/>\n+ N\u01b0\u1edbc su\u1ed1i 1 chai 500ml\/kh\u00e1ch\/pax<br \/>\n+ V\u00e9 tham quan Thi\u00ean \u0111\u01b0\u1eddng s\u0103n m\u00e2y C\u1ea7u \u0110\u1ea5t.<br \/>\n+ V\u01b0\u1eddn H\u1ed3ng \u00d4ng Th\u1eafng.<br \/>\n+ V\u00e9 tham quan qu\u00e1n Caf\u00e9 Chuy\u1ec7n C\u1ee7a N\u1eafng.<br \/>\n+ V\u00e9 tham quan qu\u00e1n Caf\u00e9 L\u1eddi C\u1ee7a Gi\u00f3.<br \/>\n+ V\u00e9 tham quan V\u01b0\u1eddn \u0110\u1ecba \u0110\u00e0ng.<br \/>\n+ V\u00e9 tham quan Tr\u1ea1m K\u00fd \u1ee8c.<br \/>\n+ V\u00e9 tham quan K\u00fd \u1ee8c \u0110\u00e0 L\u1ea1t.<br \/>\n+ V\u00e9 tham quan Ng\u00f4i nh\u00e0 nh\u1ecf tr\u00ean Th\u1ea3o Nguy\u00ean.<br \/>\n+ V\u00e9 tham quan Chika Farm.<\/p>\n<p><span style=\"color: #003300;\">\u2714\ufe0f<strong>Kh\u00f4ng bao g\u1ed3m<\/strong> :<\/span><br \/>\n+ Chi ph\u00ed c\u00e1 nh\u00e2n<br \/>\n+ Xe \u0111\u01b0a \u0111\u00f3n kh\u00e1ch<br \/>\n+ Media (truy\u1ec1n th\u00f4ng, quay film)<br \/>\n+ Chi ph\u00ed ph\u00e1t sinh ngo\u00e0i ch\u01b0\u01a1ng tr\u00ecnh (h\u01b0 h\u1ecfng v\u1eadt d\u1ee5ng,&#8230;)<br \/>\n+ Nh\u00e2n vi\u00ean ph\u1ee5c v\u1ee5 (n\u01b0\u1edbng ti\u1ec7c, ch\u1ea1y b\u00e0n\u2026)<\/p>\n<p><span style=\"color: #003300;\"><strong>\u2714\ufe0fMENU BBQ T\u1ed0I ~ ( PH\u1ee4C V\u1ee4 T\u1eea 17H30 ~ 20H30 ) <\/strong><\/span><br \/>\n<span style=\"color: #003300;\"><strong>PH\u1ee4C V\u1ee4 T\u1ea0I KHU\u00d4N VI\u00caN TR\u1ea0I<\/strong><\/span><br \/>\n<span style=\"color: #800000;\"><em>(*Note : r\u01b0\u1ee3u, bia, n\u01b0\u1edbc su\u1ed1i, soft drink t\u00ednh ri\u00eang)<\/em><\/span><br \/>\nT\u1eeb 17h30 ~ 21h00: (n\u1ebfu c\u1ea7n nh\u00e2n vi\u00ean h\u1ed7 tr\u1ee3 ph\u1ee5c v\u1ee5 s\u1ebd ph\u00e1t sinh ph\u00ed ph\u1ee5c v\u1ee5 300.000<br \/>\nVND\/nh\u00e2n vi\u00ean)<\/p>\n<p><strong><span style=\"color: #003300;\"><em>\u2714\ufe0fKhai v\u1ecb:<\/em><\/span><\/strong><br \/>\n+ Salad tr\u1ed9n m\u00e8 rang (theo \u0111\u1ecbnh l\u01b0\u1ee3ng)<br \/>\n+ Salad t\u01b0\u01a1i<br \/>\n+ C\u01a1m chi\u00ean t\u1ecfi tr\u1ee9ng (theo \u0111\u1ecbnh l\u01b0\u1ee3ng)<br \/>\n+ Khoai t\u00e2y chi\u00ean l\u1eafc ph\u00f4 mai (theo \u0111\u1ecbnh l\u01b0\u1ee3ng)<br \/>\n+ Rau th\u01a1m + n\u01b0\u1edbc ch\u1ea5m theo k\u00e8m<\/p>\n<p><span style=\"color: #003300;\"><strong>\u2714\ufe0fM\u00d3N N\u01af\u1edaNG:<\/strong><\/span><br \/>\n+ Ba ch\u1ec9 cu\u1ed9n n\u1ea5m (theo \u0111\u1ecbnh l\u01b0\u1ee3ng)<br \/>\n+ Ba ch\u1ec9 cu\u1ed9n m\u0103ng t\u00e2y (theo \u0111\u1ecbnh l\u01b0\u1ee3ng)<br \/>\n+ D\u1ed3i s\u1ee5n (theo \u0111\u1ecbnh l\u01b0\u1ee3ng)<br \/>\n+ Th\u1ecbt nai n\u01b0\u1edbng s\u1ed1t m\u00e8<br \/>\n+ Ba ch\u1ec9 heo s\u1ed1t cay<br \/>\n+ S\u01b0\u1eddn c\u1ecdng n\u01b0\u1edbng s\u1ed1t BBQ<br \/>\n+ B\u1ea1ch tu\u1ed9c s\u1ed1t sa t\u1ebf<\/p>\n<p><strong><span style=\"color: #003300;\">\u2714\ufe0fM\u00d3N L\u1ea8U:<\/span><\/strong><br \/>\n+ L\u1ea9u g\u00e0 l\u00e1 \u00e9 (theo \u0111\u1ecbnh l\u01b0\u1ee3ng)<\/p>\n<p><strong><span style=\"color: #003300;\">\u2714\ufe0f\u0110\u1eb7c bi\u1ec7t:<\/span><\/strong> ti\u1ec7c BBQ cho Refill \u0111\u1ebfn 21h00, \u201cm\u1ed9t s\u1ed1 m\u00f3n\u201d s\u1ebd \u0111\u01b0\u1ee3c l\u1ea5y th\u00eam tho\u1ea3i m\u00e1i t\u00f9y<br \/>\ntheo kh\u1ea9u v\u1ecb c\u1ee7a qu\u00fd kh\u00e1ch. Ngo\u00e0i ra, ch\u00fang t\u00f4i c\u00f2n ph\u1ee5c v\u1ee5 th\u1ef1c \u0111\u01a1n chay cho c\u00e1c<br \/>\nkh\u00e1ch c\u00f3 y\u00eau c\u1ea7u.<\/p>\n<p><span style=\"color: #003300;\"><strong>\u2714\ufe0fMENU B\u1eeeA S\u00c1NG: (PH\u1ee4C V\u1ee4 T\u1eea 07H00 ~ 08H00) <\/strong><\/span><br \/>\n<span style=\"color: #003300;\"><strong>PH\u1ee4C V\u1ee4 T\u1ea0I KHU\u00d4N VI\u00caN TR\u1ea0I<\/strong><\/span><br \/>\n<em><span style=\"color: #800000;\">Note: r\u01b0\u1ee3u, bia, n\u01b0\u1edbc su\u1ed1i, soft drink t\u00ednh ri\u00eang.<\/span><\/em><br \/>\n+ Ph\u1edf b\u00f2, B\u00fan b\u00f2, C\u01a1m s\u01b0\u1eddn tr\u1ee9ng \u1ed1p la, B\u00e1nh m\u00ec x\u00edu m\u1ea1i v.v (ch\u1ec9 l\u1ef1a ch\u1ecdn 1 trong 4<br \/>\nm\u00f3n)<br \/>\n+ K\u00e8m 1 \u0111\u01a1n v\u1ecb n\u01b0\u1edbc: Caf\u00e9 \u0111en, caf\u00e9 s\u1eefa, tr\u00e0 g\u1eebng (ph\u1ee5c v\u1ee5 t\u1eeb 6h00 \u0111\u1ebfn 8h00).<\/p>\n<p><img decoding=\"async\" class=\"size-full wp-image-48750 aligncenter\" src=\"https:\/\/dalatreview.vn\/wp-content\/uploads\/2022\/10\/z7013064457010_a0a9fd9f1dda5d68f3b49e8b081277ab.jpg\" alt=\"\" width=\"1234\" height=\"1234\" srcset=\"https:\/\/dalatreview.vn\/wp-content\/uploads\/2022\/10\/z7013064457010_a0a9fd9f1dda5d68f3b49e8b081277ab.jpg 1234w, https:\/\/dalatreview.vn\/wp-content\/uploads\/2022\/10\/z7013064457010_a0a9fd9f1dda5d68f3b49e8b081277ab-1024x1024.jpg 1024w, https:\/\/dalatreview.vn\/wp-content\/uploads\/2022\/10\/z7013064457010_a0a9fd9f1dda5d68f3b49e8b081277ab-360x360.jpg 360w, https:\/\/dalatreview.vn\/wp-content\/uploads\/2022\/10\/z7013064457010_a0a9fd9f1dda5d68f3b49e8b081277ab-768x768.jpg 768w, https:\/\/dalatreview.vn\/wp-content\/uploads\/2022\/10\/z7013064457010_a0a9fd9f1dda5d68f3b49e8b081277ab-12x12.jpg 12w, https:\/\/dalatreview.vn\/wp-content\/uploads\/2022\/10\/z7013064457010_a0a9fd9f1dda5d68f3b49e8b081277ab-300x300.jpg 300w, https:\/\/dalatreview.vn\/wp-content\/uploads\/2022\/10\/z7013064457010_a0a9fd9f1dda5d68f3b49e8b081277ab-600x600.jpg 600w, https:\/\/dalatreview.vn\/wp-content\/uploads\/2022\/10\/z7013064457010_a0a9fd9f1dda5d68f3b49e8b081277ab-100x100.jpg 100w\" sizes=\"(max-width: 1234px) 100vw, 1234px\" \/><\/p>\n<p>&nbsp;<\/p>\n<h2 id=\"5-thong-tin-lien-he\"><span style=\"color: #003300; font-size: 24px;\">5. Th\u00f4ng Tin Li\u00ean H\u1ec7<\/span><\/h2>\n<p>\u260e\ufe0f Hotline t\u01b0 v\u1ea5n: 0986 978 394<\/p>\n<p>\ud83d\udc49 Li\u00ean h\u1ec7 book tour: <a href=\"https:\/\/zalo.me\/dalatreview\" target=\"_blank\" rel=\"noopener\">\u0110\u00e0 L\u1ea1t Review T\u1ea5t T\u1ea7n T\u1eadt<\/a><\/p>\n<p>\ud83d\udc49 Xem th\u00eam b\u00e0i vi\u1ebft kh\u00e1c t\u1ea1i :<a href=\"https:\/\/dalatreview.vn\/en\/\">\u0110\u00e0 L\u1ea1t Review <\/a><\/p>","protected":false},"excerpt":{"rendered":"<p>Danh m\u1ee5c ch\u00ednh Tour C\u1eafm Tr\u1ea1i Cloud9 Glamping \u0110\u00e0 L\u1ea1t 2. Tr\u1ea3i Nghi\u1ec7m Tour C\u1eafm Tr\u1ea1i Cloud9 Glamping \u0110\u00e0 L\u1ea1t 3. L\u1ecbch Tr\u00ecnh Tour C\u1eafm Tr\u1ea1i Cloud9 Glamping C\u1ea7u \u0110\u1ea5t \u0110\u00e0 L\u1ea1t 4. Gi\u00e1 Tour C\u1eafm Tr\u1ea1i Cloud 9 Glamping 5. Th\u00f4ng Tin Li\u00ean H\u1ec7 Tour C\u1eafm Tr\u1ea1i Cloud9 Glamping \u0110\u00e0 L\u1ea1t B\u1ea1n \u0111\u00e3 bao [&hellip;]<\/p>","protected":false},"featured_media":48749,"comment_status":"open","ping_status":"closed","template":"","meta":{"_acf_changed":false,"rank_math_lock_modified_date":false},"product_cat":[28,2345],"product_tag":[],"acf":[],"_links":{"self":[{"href":"https:\/\/dalatreview.vn\/en\/wp-json\/wp\/v2\/product\/22647"}],"collection":[{"href":"https:\/\/dalatreview.vn\/en\/wp-json\/wp\/v2\/product"}],"about":[{"href":"https:\/\/dalatreview.vn\/en\/wp-json\/wp\/v2\/types\/product"}],"replies":[{"embeddable":true,"href":"https:\/\/dalatreview.vn\/en\/wp-json\/wp\/v2\/comments?post=22647"}],"wp:featuredmedia":[{"embeddable":true,"href":"https:\/\/dalatreview.vn\/en\/wp-json\/wp\/v2\/media\/48749"}],"wp:attachment":[{"href":"https:\/\/dalatreview.vn\/en\/wp-json\/wp\/v2\/media?parent=22647"}],"wp:term":[{"taxonomy":"product_cat","embeddable":true,"href":"https:\/\/dalatreview.vn\/en\/wp-json\/wp\/v2\/product_cat?post=22647"},{"taxonomy":"product_tag","embeddable":true,"href":"https:\/\/dalatreview.vn\/en\/wp-json\/wp\/v2\/product_tag?post=22647"}],"curies":[{"name":"wp","href":"https:\/\/api.w.org\/{rel}","templated":true}]}}