
{"id":22528,"date":"2022-10-04T17:37:03","date_gmt":"2022-10-04T10:37:03","guid":{"rendered":"https:\/\/dalatreview.vn\/?p=22528"},"modified":"2025-07-28T14:04:11","modified_gmt":"2025-07-28T07:04:11","slug":"tour-cloud-view-glamping-camping","status":"publish","type":"product","link":"https:\/\/dalatreview.vn\/en\/tour-cloud-view-glamping-camping.html","title":{"rendered":"Tour Cloud View Glamping Camping"},"content":{"rendered":"<nav class=\"vietrick-auto-toc\">\n<div class=\"box-title\">\n<h3 class=\"toc-title\" id=\"select-menu\">Danh m\u1ee5c ch\u00ednh<\/h3>\n<div><ion-icon name=\"chevron-up-outline\"><\/ion-icon><\/div>\n<\/div>\n<ul class=\"toc-list\"><\/ul>\n<li><a href='https:\/\/dalatreview.vn\/en#tour-cam-trai-cloud-view-glamping' class='heading-h1 toc-link smooth-scroll'>Tour c\u1eafm tr\u1ea1i Cloud View Glamping<\/a>\n<ul>\n<li><a href='https:\/\/dalatreview.vn\/en#1-nhung-diem-dac-biet-cua-tour-cloud-view-glamping-camping' class='heading-h2 toc-link smooth-scroll'>1. Nh\u1eefng \u0110i\u1ec3m \u0110\u1eb7c Bi\u1ec7t C\u1ee7a Tour Cloud View Glamping &amp; Camping<\/a>\n<li><a href='https:\/\/dalatreview.vn\/en#2-trai-nghiem-tour-cloud-view-glamping-camping' class='heading-h2 toc-link smooth-scroll'>2. Tr\u1ea3i Nghi\u1ec7m Tour Cloud View Glamping &amp; Camping<\/a>\n<li><a href='https:\/\/dalatreview.vn\/en#3-lich-trinh-tour-cloud-view-glamping-camping' class='heading-h2 toc-link smooth-scroll'>3. L\u1ecbch Tr\u00ecnh Tour Cloud View Glamping &amp; Camping<\/a>\n<li><a href='https:\/\/dalatreview.vn\/en#4-gia-tour-cam-trai-cloud-view-glamping' class='heading-h2 toc-link smooth-scroll'>4. Gi\u00e1 Tour c\u1eafm tr\u1ea1i Cloud View Glamping<\/a>\n<li><a href='https:\/\/dalatreview.vn\/en#5-thong-tin-lien-he' class='heading-h2 toc-link smooth-scroll'>5. Th\u00f4ng Tin Li\u00ean H\u1ec7<\/a><\/ul>\n<\/ul>\n<\/li>\n<\/ul>\n<\/nav>\n<h1 style=\"text-align: center;\" id=\"tour-cam-trai-cloud-view-glamping\"><span style=\"font-size: 32px;\"><strong><span style=\"color: #003300;\">Tour c\u1eafm tr\u1ea1i Cloud View Glamping<\/span><\/strong><\/span><\/h1>\n<p><span style=\"font-size: 16px;\">\u0110\u00e3 bao l\u00e2u r\u1ed3i b\u1ea1n ch\u01b0a t\u1ea1m g\u00e1c l\u1ea1i m\u1ecdi b\u1ed9n b\u1ec1 c\u1ee7a c\u00f4ng vi\u1ec7c v\u00e0 t\u1ef1 th\u01b0\u1edfng cho b\u1ea3n th\u00e2n m\u00ecnh m\u1ed9t chuy\u1ebfn c\u1eafm tr\u1ea1i, off h\u1ebft \u0111i\u1ec7n tho\u1ea1i, t\u1ea1m g\u00e1c deadlines sang 1 b\u00ean c\u00f9ng ng\u01b0\u1eddi th\u00e2n qu\u00e2y qu\u1ea7n b\u00ean b\u1ebfp than r\u1ef1c l\u1eeda? N\u1ebfu b\u1ea1n mu\u1ed1n ngh\u1ec9 ng\u01a1i, s\u1ea1c l\u1ea1i m\u1ed9t ch\u00fat n\u0103ng l\u01b0\u1ee3ng th\u00ec h\u00e3y c\u00f9ng \u0110\u00e0 L\u1ea1t Review t\u00ecm hi\u1ec3u ngay Tour Cloud View Glamping &amp; Camping d\u01b0\u1edbi \u0111\u00e2y nh\u00e9!<\/span><\/p>\n<p><a href=\"https:\/\/dalatreview.vn\/en\/?p=22528&amp;preview=true\"><img decoding=\"async\" class=\"aligncenter wp-image-22531 size-full\" src=\"https:\/\/dalatreview.vn\/wp-content\/uploads\/2022\/10\/cam-trai-1.jpg\" alt=\"Tour Cloud View Glamping &amp; Camping\" width=\"1920\" height=\"1440\" \/><\/a><\/p>\n<h2 id=\"1-nhung-diem-dac-biet-cua-tour-cloud-view-glamping-camping\"><span style=\"font-size: 24px;\"><strong><span style=\"color: #003300;\">1. Nh\u1eefng \u0110i\u1ec3m \u0110\u1eb7c Bi\u1ec7t C\u1ee7a Tour Cloud View Glamping &amp; Camping<\/span><\/strong><\/span><\/h2>\n<p><span style=\"font-size: 16px;\">\u2705 N\u1ebfu b\u1ea1n l\u00e0 ng\u01b0\u1eddi y\u00eau thi\u00ean nhi\u00ean, th\u00edch t\u1eadn h\u01b0\u1edfng kh\u00f4ng kh\u00ed n\u00fai r\u1eebng th\u00ec \u0111\u00e2y ch\u00ednh l\u00e0 n\u01a1i th\u00edch h\u1ee3p d\u00e0nh cho b\u1ea1n \u0111\u00f3.<\/span><\/p>\n<p><span style=\"font-size: 16px;\">\u2705 T\u1edbi \u0111\u00e2y b\u1ea1n c\u00f3 th\u1ec3 test nh\u00e2n ph\u1ea9m s\u0103n m\u00e2y v\u00e0 c\u00f3 nh\u1eefng k\u1ef7 ni\u1ec7m \u0111\u00e1ng nh\u1edb b\u00ean ng\u01b0\u1eddi th\u00e2n b\u1ea1n b\u00e8 c\u1ee7a m\u00ecnh.<\/span><\/p>\n<p><span style=\"font-size: 16px;\">\u2705 \u0110\u1eb7c bi\u1ec7t, &#8220;Tour Cloud View Glamping &amp; Camping&#8221; c\u00f2n mi\u1ec5n ph\u00ed tham quan t\u1ed5 h\u1ee3p \u201cThi\u00ean \u0111\u01b0\u1eddng s\u0103n m\u00e2y C\u1ea7u \u0110\u1ea5t\u201d v\u1edbi nh\u1eefng g\u00f3c check-in x\u1ecbn x\u00f2 b\u1eadc nh\u1ea5t t\u1ea1i \u0110\u00e0 L\u1ea1t.<\/span><\/p>\n<p><span style=\"font-size: 16px;\">\u2705 C\u00f3 nh\u1eefng chi\u1ebfc l\u1ec1u \u201cM\u00f4ng C\u1ed5\u201d size l\u1edbn t\u1eeb 13 \u2013 24m2 \u0111\u01b0\u1ee3c b\u1ed1 tr\u00ed \u0111\u1ed1i di\u1ec7n thung l\u0169ng m\u00e2y mang \u0111\u1ebfn cho b\u1ea1n c\u1ea3m gi\u00e1c g\u1ea7n g\u0169i v\u00e0 chill v\u1edbi thi\u00ean nhi\u00ean.<\/span><\/p>\n<p><span style=\"font-size: 16px;\">\u2705 L\u1ec1u \u1edf \u0111\u00e2y lu\u00f4n \u0111\u01b0\u1ee3c trang b\u1ecb \u0111\u1ea7y \u0111\u1ee7 gi\u01b0\u1eddng ng\u1ee7, n\u1ed9i th\u1ea5t c\u01a1 b\u1ea3n \u0111\u1ea7y \u0111\u1ee7 chanh s\u1ea3.<\/span><\/p>\n<p><span style=\"font-size: 16px;\">\u2705C\u00f3 khu nh\u00e0 v\u1ec7 sinh s\u1ea1ch s\u1ebd, \u0111\u1ea7y \u0111\u1ee7 ti\u1ec7n l\u1ee3i, ph\u00f2ng t\u1eafm n\u01b0\u1edbc n\u00f3ng s\u00e1t b\u00ean c\u1ea1nh.<\/span><\/p>\n<p><img decoding=\"async\" class=\"aligncenter wp-image-32791 size-full\" src=\"https:\/\/dalatreview.vn\/wp-content\/uploads\/2022\/10\/Vuon-hoa-thanh-pho-da-lat-1.jpg\" alt=\"cloud view glamping \" width=\"1200\" height=\"900\" \/><\/p>\n<h2 id=\"2-trai-nghiem-tour-cloud-view-glamping-camping\"><span style=\"font-size: 24px;\"><strong><span style=\"color: #003300;\">2. Tr\u1ea3i Nghi\u1ec7m Tour Cloud View Glamping &amp; Camping<\/span><\/strong><\/span><\/h2>\n<p><span style=\"font-size: 16px;\">\ud83d\udc49 Khi tham gia tr\u1ea3i nghi\u1ec7m Tour Cloud View Glamping &amp; Camping b\u1ea1n s\u1ebd kh\u00f4ng ph\u1ea3i th\u1ee9c d\u1eady t\u1eeb 3h s\u00e1ng \u0111\u1ec3 l\u00ean \u0111\u1ed3 \u0111i s\u0103n m\u00e2y trong ti\u1ebft tr\u1eddi se l\u1ea1nh bu\u1ed5i s\u00e1ng \u0111\u00e2u nh\u00e9!<\/span><\/p>\n<p><span style=\"font-size: 16px;\">\ud83d\udc49 B\u1edfi nh\u1eefng chi\u1ebfc l\u1ec1u \u1edf \u0111\u00e2y \u0111\u1ec1u \u0111\u01b0\u1ee3c b\u1ed1 tr\u00ed xung quanh thung l\u0169ng m\u00e2y \u0111\u1ec3 b\u1ea1n c\u00f3 th\u1ec3 d\u1ec5 d\u00e0ng s\u0103n m\u00e2y m\u00e0 kh\u00f4ng ph\u1ea3i di chuy\u1ec3n \u0111i xa.<\/span><\/p>\n<p><span style=\"font-size: 16px;\">\ud83d\udc49 \u0110\u1eb7c bi\u1ec7t, khi tham gia tour b\u1ea1n s\u1ebd \u0111\u01b0\u1ee3c h\u00f2a m\u00ecnh v\u00e0o thi\u00ean nhi\u00ean h\u00edt th\u1edf b\u1ea7u kh\u00f4ng kh\u00ed trong l\u00e0nh, t\u1ea1m r\u1eddi xa ch\u1ed1n ph\u1ed3n hoa n\u00e1o nhi\u1ec7t h\u1eb1ng ng\u00e0y.<\/span><\/p>\n<p><span style=\"font-size: 16px;\">\ud83d\udc49 Ngo\u00e0i vi\u1ec7c ng\u1eafm nh\u1eefng bi\u1ec3n m\u00e2y tr\u00f4i b\u1ed3ng b\u1ec1nh v\u00e0o bu\u1ed5i s\u00e1ng, b\u1ea1n s\u1ebd \u0111\u01b0\u1ee3c ng\u1eafm khung c\u1ea3nh ho\u00e0ng h\u00f4n l\u00e3ng m\u1ea1n chi\u1ec1u cu\u1ed1i ng\u00e0y n\u1eefa \u0111\u00f3.<\/span><\/p>\n<p><span style=\"font-size: 16px;\">\ud83d\udc49 S\u00e1ng test nh\u00e2n ph\u1ea9m s\u0103n m\u00e2y, chi\u1ec1u th\u00ec ng\u1eafm ho\u00e0ng h\u00f4n l\u00e3ng m\u1ea1n, t\u1ed1i \u0111\u1ebfn lai rai \u0111\u1ed3 n\u01b0\u1edbng trong ti\u1ebft tr\u1eddi se l\u1ea1nh c\u1ee7a \u0110\u00e0 L\u1ea1t c\u00f9ng ng\u01b0\u1eddi th\u00e2n, b\u1ea1n b\u00e8 qu\u00e2y qu\u1ea7n b\u00ean b\u1ebfp than \u1ea5m n\u00f3ng r\u1ef1c l\u1eeda th\u00ec ph\u1ea3i g\u1ecdi \u0111\u1ec9nh c\u1ee7a ch\u00f3p cho chuy\u1ebfn c\u1eafm tr\u1ea1i \u0111\u1ea5y nh\u00e9.<\/span><\/p>\n<p><span style=\"font-size: 16px;\">\ud83d\udc49Trong l\u1ec1u s\u1ebd c\u00f3 s\u1eb5n ch\u0103n drap g\u1ed1i n\u1ec7m, gi\u01b0\u1eddng pallet, m\u00e1y s\u01b0\u1edfi, m\u00e1y s\u1ea5y t\u00f3c, \u0111\u00e8n b\u1eaft c\u00f4n tr\u00f9ng, \u1ed5 c\u1eafm \u0111i\u1ec7n, wifi, x\u00e0 b\u00f4ng g\u1ed9i \u0111\u1ea7u, s\u1eefa t\u1eafm, b\u00e0n ch\u1ea3i \u0111\u00e1nh r\u0103ng, kh\u0103n t\u1eafm.<\/span><\/p>\n<p><span style=\"font-size: 16px;\">\ud83d\udc49 Khu nh\u00e0 v\u1ec7 sinh \u1ed1p g\u1ed7 sang ch\u1ea3nh ngay t\u1ea1i tr\u1ea1i, c\u00f3 trang b\u1ecb m\u00e1y n\u01b0\u1edbc n\u00f3ng. V\u00f4 nh\u00e0 v\u1ec7 sinh v\u1eabn s\u1ed1ng \u1ea3o \u0111\u01b0\u1ee3c lu\u00f4n nghen.<\/span><\/p>\n<p><img decoding=\"async\" class=\"aligncenter wp-image-33483 size-full\" src=\"https:\/\/dalatreview.vn\/wp-content\/uploads\/2022\/10\/Ca-the-gioi-bong-choc-thu-be-lai.-vua-bang-mot-co-gai-1.jpg\" alt=\"cloud view glamping \" width=\"1200\" height=\"900\" srcset=\"https:\/\/dalatreview.vn\/wp-content\/uploads\/2022\/10\/Ca-the-gioi-bong-choc-thu-be-lai.-vua-bang-mot-co-gai-1.jpg 1200w, https:\/\/dalatreview.vn\/wp-content\/uploads\/2022\/10\/Ca-the-gioi-bong-choc-thu-be-lai.-vua-bang-mot-co-gai-1-600x450.jpg 600w\" sizes=\"(max-width: 1200px) 100vw, 1200px\" \/><\/p>\n<h2 id=\"3-lich-trinh-tour-cloud-view-glamping-camping\"><span style=\"font-size: 24px;\"><strong><span style=\"color: #003300;\">3. L\u1ecbch Tr\u00ecnh Tour Cloud View Glamping &amp; Camping<\/span><\/strong><\/span><\/h2>\n<p><span style=\"font-size: 16px;\">\ud83d\udccc L\u1ecbch tr\u00ecnh Tour c\u1eafm tr\u1ea1i Cloud View Glamping c\u1ee5 th\u1ec3:<\/span><\/p>\n<p><span style=\"font-size: 16px;\">\ud83d\udc49 14h00: Check-in, tham quan ch\u1ee5p h\u00ecnh t\u1ef1 do t\u1ea1i t\u1ed5 h\u1ee3p Thi\u00ean \u0110\u01b0\u1eddng S\u0103n M\u00e2y<\/span><\/p>\n<p><span style=\"font-size: 16px;\">\ud83d\udc49 18h00: Ti\u1ec7c BBQ t\u1ed1i sang ch\u1ea3nh quanh l\u1eeda h\u1ed3ng. Sau \u0111\u00f3 qu\u00fd kh\u00e1ch t\u1ef1 do sinh ho\u1ea1t, qu\u00e2y qu\u1ea7n b\u00ean l\u1eeda tr\u1ea1i n\u01b0\u1edbng khoai b\u1eafp\u2026<\/span><\/p>\n<p><span style=\"font-size: 16px;\">\ud83d\udc49 5h00: Th\u1ee9c d\u1eady \u2013 thay \u0111\u1ed3 th\u1eadt \u0111\u1eb9p chu\u1ea9n b\u1ecb \u201cs\u0103n m\u00e2y\u201d<\/span><\/p>\n<p><span style=\"font-size: 16px;\">\ud83d\udc49 7h00: Ph\u1ee5c v\u1ee5 b\u1eefa \u0103n s\u00e1ng \u2013 cafe chill chill ng\u1eafm thung l\u0169ng m\u00e2y<\/span><\/p>\n<p><span style=\"font-size: 16px;\">\ud83d\udc49 8h00: T\u1ef1 do tham quan check in<\/span><\/p>\n<p><span style=\"font-size: 16px;\">\ud83d\udc49 9h00: Check-out, qu\u00fd kh\u00e1ch ki\u1ec3m tra l\u1ea1i t\u01b0 trang \u2013 h\u00e0nh l\u00fd tr\u01b0\u1edbc khi v\u1ec1<\/span><\/p>\n<p><img decoding=\"async\" class=\"aligncenter wp-image-33484 size-full\" src=\"https:\/\/dalatreview.vn\/wp-content\/uploads\/2022\/10\/Ca-the-gioi-bong-choc-thu-be-lai.-vua-bang-mot-co-gai-2.jpg\" alt=\"cloud view glamping \" width=\"1200\" height=\"900\" srcset=\"https:\/\/dalatreview.vn\/wp-content\/uploads\/2022\/10\/Ca-the-gioi-bong-choc-thu-be-lai.-vua-bang-mot-co-gai-2.jpg 1200w, https:\/\/dalatreview.vn\/wp-content\/uploads\/2022\/10\/Ca-the-gioi-bong-choc-thu-be-lai.-vua-bang-mot-co-gai-2-600x450.jpg 600w\" sizes=\"(max-width: 1200px) 100vw, 1200px\" \/><\/p>\n<h2 id=\"4-gia-tour-cam-trai-cloud-view-glamping\"><span style=\"font-size: 24px;\"><strong><span style=\"color: #003300;\">4. Gi\u00e1 Tour c\u1eafm tr\u1ea1i Cloud View Glamping<\/span><\/strong><\/span><\/h2>\n<p><span style=\"font-size: 14pt;\"><strong><em>Ch\u1ee7 nh\u1eadt &#8211; Th\u1ee9 5\u00a0<\/em><\/strong><\/span><\/p>\n<p>&#8211; Ng\u01b0\u1eddi l\u1edbn: <span style=\"color: #ff0000;\"><strong>850k\/ ng\u01b0\u1eddi l\u1edbn<\/strong><\/span><\/p>\n<p>&#8211; Tr\u1ebb em: <span style=\"color: #ff0000;\"><strong>450k\/ tr\u1ebb em<\/strong><\/span>\u00a0<\/p>\n<p>&#8211; Th\u00fa c\u01b0ng (<em>Kh\u00f4ng nh\u1eadn ch\u00f3 s\u0103n, pitbull<\/em>): <span style=\"color: #ff0000;\"><strong>200k\/ b\u00e9<\/strong><\/span><\/p>\n<p><span style=\"font-size: 14pt;\"><strong><em>Th\u1ee9 6 &#8211; Th\u1ee9 7<\/em><\/strong><\/span><\/p>\n<p>&#8211; Ng\u01b0\u1eddi l\u1edbn: <span style=\"color: #ff0000;\"><strong>1050k\/ ng\u01b0\u1eddi l\u1edbn<\/strong><\/span><\/p>\n<p>&#8211; Tr\u1ebb em (<em>T\u1eeb \u0111\u1ee7 3 \u0111\u1ebfn d\u01b0\u1edbi 10 tu\u1ed5i<\/em>): <strong><span style=\"color: #ff0000;\">500k\/ tr\u1ebb em<\/span><\/strong><\/p>\n<p>&#8211; Th\u00fa c\u01b0ng (<em>Kh\u00f4ng nh\u1eadn ch\u00f3 s\u0103n, pitbull<\/em>):<span style=\"color: #ff0000;\"><strong> 200k\/ b\u00e9<\/strong><\/span><\/p>\n<p><strong>Gi\u00e1 tour tr\u00ean bao g\u1ed3m:<\/strong><\/p>\n<p>+ L\u01b0u tr\u00fa l\u1ec1u tr\u1ea1i cao c\u1ea5p\u00a0<\/p>\n<p>+ T\u1eb7ng Welcom Drink<\/p>\n<p>+ T\u1eb7ng ti\u1ec7c BBQ t\u1ed1i 8 &#8211; 10 m\u00f3n<\/p>\n<p>+ T\u1eb7ng b\u1eefa khuya (b\u00e1nh tr\u00e1ng, s\u1eefa n\u00f3ng)<\/p>\n<p>+ T\u1eb7ng b\u1eefa s\u00e1ng k\u00e8m n\u01b0\u1edbc\u00a0<\/p>\n<p>+ T\u1eb7ng v\u00e9 tham quan 9 \u0111\u1ecba \u0111i\u1ec3m du l\u1ecbch hot\u00a0<\/p>\n<p>+ T\u1eb7ng 3 v\u00e9 tham gia b\u1ed9 tr\u00f2 ch\u01a1i hot hit\u00a0<\/p>\n<p>+ T\u1eb7ng tr\u1ea3i nghi\u1ec7m l\u1eeda tr\u1ea1i ( T\u00f9y th\u1eddi ti\u1ebft)\u00a0<\/p>\n<p>+ T\u1eb7ng tr\u1ea3i nghi\u1ec7m th\u1ea3 di\u1ec1u ( T\u00f9y th\u1eddi ti\u1ebft)\u00a0<\/p>\n<p><img decoding=\"async\" class=\"size-full wp-image-44509 aligncenter\" src=\"https:\/\/dalatreview.vn\/wp-content\/uploads\/2022\/10\/z5834911650454_b72c4deff357566b1a562347e1c29f85.jpg\" alt=\"b\u1ea3ng gi\u00e1 cloud view glamping\" width=\"1957\" height=\"2560\" srcset=\"https:\/\/dalatreview.vn\/wp-content\/uploads\/2022\/10\/z5834911650454_b72c4deff357566b1a562347e1c29f85.jpg 1957w, https:\/\/dalatreview.vn\/wp-content\/uploads\/2022\/10\/z5834911650454_b72c4deff357566b1a562347e1c29f85-783x1024.jpg 783w, https:\/\/dalatreview.vn\/wp-content\/uploads\/2022\/10\/z5834911650454_b72c4deff357566b1a562347e1c29f85-768x1005.jpg 768w, https:\/\/dalatreview.vn\/wp-content\/uploads\/2022\/10\/z5834911650454_b72c4deff357566b1a562347e1c29f85-1174x1536.jpg 1174w, https:\/\/dalatreview.vn\/wp-content\/uploads\/2022\/10\/z5834911650454_b72c4deff357566b1a562347e1c29f85-1566x2048.jpg 1566w, https:\/\/dalatreview.vn\/wp-content\/uploads\/2022\/10\/z5834911650454_b72c4deff357566b1a562347e1c29f85-600x785.jpg 600w\" sizes=\"(max-width: 1957px) 100vw, 1957px\" \/><\/p>\n<h2 id=\"5-thong-tin-lien-he\"><span style=\"font-size: 24px; color: #003300;\"><strong>5. Th\u00f4ng Tin Li\u00ean H\u1ec7<\/strong><\/span><\/h2>\n<p>\u260e\ufe0f Hotline t\u01b0 v\u1ea5n:<span style=\"font-size: 16px;\"> 0986 978 394<\/span><\/p>\n<p>\ud83d\udc49 Li\u00ean h\u1ec7 book tour: <a href=\"https:\/\/zalo.me\/dalatreview\" target=\"_blank\" rel=\"noopener\">\u0110\u00e0 L\u1ea1t Review T\u1ea5t T\u1ea7n T\u1eadt<\/a><\/p>\n<p>\ud83d\udc49 Xem th\u00eam b\u00e0i vi\u1ebft kh\u00e1c t\u1ea1i: <a href=\"https:\/\/dalatreview.vn\/en\/\">\u0110\u00e0 L\u1ea1t Review <\/a><\/p>","protected":false},"excerpt":{"rendered":"<p>Danh m\u1ee5c ch\u00ednh Tour c\u1eafm tr\u1ea1i Cloud View Glamping 1. Nh\u1eefng \u0110i\u1ec3m \u0110\u1eb7c Bi\u1ec7t C\u1ee7a Tour Cloud View Glamping &amp; Camping 2. Tr\u1ea3i Nghi\u1ec7m Tour Cloud View Glamping &amp; Camping 3. L\u1ecbch Tr\u00ecnh Tour Cloud View Glamping &amp; Camping 4. Gi\u00e1 Tour c\u1eafm tr\u1ea1i Cloud View Glamping 5. Th\u00f4ng Tin Li\u00ean H\u1ec7 Tour c\u1eafm tr\u1ea1i [&hellip;]<\/p>","protected":false},"featured_media":32790,"comment_status":"open","ping_status":"closed","template":"","meta":{"_acf_changed":false,"rank_math_lock_modified_date":false},"product_cat":[28,2345],"product_tag":[],"acf":[],"_links":{"self":[{"href":"https:\/\/dalatreview.vn\/en\/wp-json\/wp\/v2\/product\/22528"}],"collection":[{"href":"https:\/\/dalatreview.vn\/en\/wp-json\/wp\/v2\/product"}],"about":[{"href":"https:\/\/dalatreview.vn\/en\/wp-json\/wp\/v2\/types\/product"}],"replies":[{"embeddable":true,"href":"https:\/\/dalatreview.vn\/en\/wp-json\/wp\/v2\/comments?post=22528"}],"wp:featuredmedia":[{"embeddable":true,"href":"https:\/\/dalatreview.vn\/en\/wp-json\/wp\/v2\/media\/32790"}],"wp:attachment":[{"href":"https:\/\/dalatreview.vn\/en\/wp-json\/wp\/v2\/media?parent=22528"}],"wp:term":[{"taxonomy":"product_cat","embeddable":true,"href":"https:\/\/dalatreview.vn\/en\/wp-json\/wp\/v2\/product_cat?post=22528"},{"taxonomy":"product_tag","embeddable":true,"href":"https:\/\/dalatreview.vn\/en\/wp-json\/wp\/v2\/product_tag?post=22528"}],"curies":[{"name":"wp","href":"https:\/\/api.w.org\/{rel}","templated":true}]}}