
{"id":22512,"date":"2022-10-03T15:15:01","date_gmt":"2022-10-03T08:15:01","guid":{"rendered":"https:\/\/dalatreview.vn\/?p=22512"},"modified":"2024-05-29T03:27:33","modified_gmt":"2024-05-29T03:27:33","slug":"villa-da-lat-tran-quang-khai-5-phong","status":"publish","type":"product","link":"https:\/\/dalatreview.vn\/en\/villa-da-lat-tran-quang-khai-5-phong.html","title":{"rendered":"Villa \u0110\u00e0 L\u1ea1t Tr\u1ea7n Quang Kh\u1ea3i 5 ph\u00f2ng"},"content":{"rendered":"<nav class=\"vietrick-auto-toc\">\n<div class=\"box-title\">\n<h3 class=\"toc-title\" id=\"select-menu\">Danh m\u1ee5c ch\u00ednh<\/h3>\n<div><ion-icon name=\"chevron-up-outline\"><\/ion-icon><\/div>\n<\/div>\n<ul class=\"toc-list\"><\/ul>\n<li><a href='https:\/\/dalatreview.vn\/en#villa-san-vuon-nguyen-can-ngay-trung-tam-da-lat' class='heading-h1 toc-link smooth-scroll'>VILLA S\u00c2N V\u01af\u1edcN NGUY\u00caN C\u0102N NGAY TRUNG T\u00c2M \u0110\u00c0 L\u1ea0T <\/a><\/ul>\n<\/li>\n<\/ul>\n<\/nav>\n<h1 style=\"text-align: center;\" id=\"villa-san-vuon-nguyen-can-ngay-trung-tam-da-lat\"><span style=\"font-size: 24px; color: #003300;\"><strong>VILLA S\u00c2N V\u01af\u1edcN NGUY\u00caN C\u0102N NGAY TRUNG T\u00c2M \u0110\u00c0 L\u1ea0T <\/strong><\/span><\/h1>\n<p>Villa n\u1eb1m c\u00e1ch th\u00e0nh ph\u1ed1 3km, si\u00eau thu\u1eadn ti\u1ec7n di chuy\u1ec3n cho du kh\u00e1ch.<\/p>\n<p>Villa c\u00f3 khu sinh ho\u1ea1t chung bao g\u1ed3m: 5 ph\u00f2ng ng\u1ee7 3 \u0111\u01a1n, 2 \u0111\u00f4i, 2 WC<\/p>\n<p><img decoding=\"async\" class=\"alignnone wp-image-22515 size-full\" src=\"https:\/\/dalatreview.vn\/wp-content\/uploads\/2022\/10\/8-1.jpg\" alt=\"\" width=\"2048\" height=\"1536\"><\/p>\n<p>\u0110\u1eb7c bi\u1ec7t khi t\u1edbi \u0111\u00e2y b\u1ea1n c\u00f2n c\u00f3 th\u1ec3 check in c\u00e1nh thi\u00ean th\u1ea7n ngay t\u1ea1i villa n\u1eefa \u0111\u00f3.<\/p>\n<p>Kh\u00f4ng gian b\u1ebfp r\u1ed9ng r\u00e3i, \u0111\u1ea7y \u0111\u1ee7 t\u1ea5t t\u1ea7n t\u00e2t c\u00e1c v\u1eadt d\u1ee5ng c\u1ee7a nh\u00e0 b\u1ebfp r\u1ea5t ti\u1ec7n l\u1ee3i \u0111\u1ec3 gia \u0111\u00ecnh t\u1ef1 n\u1ea5u n\u01b0\u1edbng.<\/p>\n<p><img decoding=\"async\" class=\"alignnone wp-image-22514 size-full\" src=\"https:\/\/dalatreview.vn\/wp-content\/uploads\/2022\/10\/6-1.jpg\" alt=\"\" width=\"2560\" height=\"1920\"><\/p>\n<p>Ch\u01b0a h\u1ebft \u0111\u00e2u nha, c\u0103n villa n\u00e0y c\u00f2n c\u00f3 s\u00e2n v\u01b0\u1eddn r\u1ed9ng r\u00e3i c\u1ef1c k\u1ef3 ph\u00f9 h\u1ee3p \u0111\u1ec3 t\u1ed5 ch\u1ee9c nh\u1eefng b\u1eefa ti\u1ec7c BBQ c\u1ef1c vui c\u00f9ng ng\u01b0\u1eddi th\u00e2n v\u00e0 b\u1ea1n b\u00e8 n\u1eefa \u0111\u1ea5y<\/p>\n<p>Anh, chi, em c\u00f4, b\u00e1c, ch\u00fa, d\u00ec n\u00e0o \u0111i \u0110\u00e0 L\u1ea1t m\u00e0 ch\u01b0a t\u00ecm \u0111\u01b0\u1ee3c villa th\u00ec note l\u1ea1i li\u1ec1n nha!!!<\/p>\n<p><img decoding=\"async\" class=\"alignnone wp-image-22518 size-full\" src=\"https:\/\/dalatreview.vn\/wp-content\/uploads\/2022\/10\/17.jpg\" alt=\"\" width=\"2048\" height=\"1536\"><\/p>\n<div class=\"l7ghb35v kjdc1dyq kmwttqpk gh25dzvf jikcssrz n3t5jt4f\">\n<div dir=\"auto\">\n<div id=\"messageView\" class=\"message-view\">\n<div id=\"messageViewContainer\" class=\"message-view__scroll\">\n<div id=\"messageViewScroll\" class=\"message-view__scroll__inner fadeInAndOut\">\n<div class=\"chat-item flx me\">\n<div class=\"chat-content flx flx-col flx-cell me\">\n<div id=\"bb_msg_id_1664784274586\" class=\"chat-message wrap-message rotate-container me -send-time -reaction\" data-node-type=\"bubble-message\">\n<div class=\"\">\n<div class=\"card me last-msg has-status card--text\" data-id=\"div_LastSentMsg_Text\">\n<div><span id=\"mtc-3770038259042\"><span class=\"emoji-sizer emoji-outer\">\ud83d\udecc<\/span><span class=\"text\"> C\u01a1 c\u1ea5u g\u1ed3m: 5 ph\u00f2ng ng\u1ee7 (3 \u0111\u01a1n, 2 \u0111\u00f4i), 2 WC<\/span><\/span><\/div>\n<div><\/div>\n<\/div>\n<\/div>\n<\/div>\n<\/div>\n<\/div>\n<\/div>\n<\/div>\n<\/div>\n<div><img decoding=\"async\" class=\"alignnone wp-image-22523 size-full\" src=\"https:\/\/dalatreview.vn\/wp-content\/uploads\/2022\/10\/p-don-scaled.jpg\" alt=\"\" width=\"2560\" height=\"1920\"><\/div>\n<div id=\"messageView\" class=\"message-view\">\n<div id=\"messageViewContainer\" class=\"message-view__scroll\">\n<div id=\"messageViewScroll\" class=\"message-view__scroll__inner fadeInAndOut\">\n<div class=\"chat-item flx me\">\n<div class=\"chat-content flx flx-col flx-cell me\">\n<div id=\"bb_msg_id_1664784274586\" class=\"chat-message wrap-message rotate-container me -send-time -reaction\" data-node-type=\"bubble-message\">\n<div class=\"\">\n<div class=\"card me last-msg has-status card--text\" data-id=\"div_LastSentMsg_Text\">\n<div><\/div>\n<div><span id=\"mtc-3770038259042\"><span class=\"emoji-sizer emoji-outer\">\u2705<\/span><span class=\"text\"> Ph\u00f2ng kh\u00e1ch c\u00f3 TV 55 inch x\u1ecbn x\u00f2 <\/span><\/span><\/div>\n<div><span id=\"mtc-3770038259042\"><span class=\"emoji-sizer emoji-outer\">\u2705<\/span><span class=\"text\"> B\u1ebfp, ph\u00f2ng \u0103n, s\u00e2n BBQ <\/span><\/span><\/div>\n<div><span id=\"mtc-3770038259042\"><span class=\"emoji-sizer emoji-outer\">\u2705<\/span><span class=\"text\"> B\u00e0n Bi-l\u1eafc cho kh\u00e1ch gi\u1ea3i tr\u00ed<\/span><\/span><\/div>\n<div><\/div>\n<\/div>\n<div><img decoding=\"async\" class=\"alignnone wp-image-22516 size-full\" src=\"https:\/\/dalatreview.vn\/wp-content\/uploads\/2022\/10\/11.jpg\" alt=\"\" width=\"2048\" height=\"1536\"><\/div>\n<div class=\"card me last-msg has-status card--text\" data-id=\"div_LastSentMsg_Text\">\n<div><\/div>\n<div><span id=\"mtc-3770038259042\"><span class=\"emoji-sizer emoji-outer\">\u2705<\/span><span class=\"text\"> Checkin c\u00e1nh thi\u00ean th\u1ea7n t\u1ea1i villa <\/span><\/span><\/div>\n<div><span id=\"mtc-3770038259042\"><span class=\"emoji-sizer emoji-outer\">\ud83c\udd98<\/span> <span class=\"emoji-sizer emoji-outer\">\u203c<\/span><span class=\"text\"> B\u1ebfp \u0111\u01b0\u1ee3c trang b\u1ecb thi\u1ebft b\u1ecb hi\u1ec7n \u0111\u1ea1i (t\u1ee7 l\u1ea1nh, b\u1ebfp l\u1ea9u t\u1eeb, n\u1ed3i c\u01a1m \u0111i\u1ec7n, b\u1ebfp ga, \u1ea5m si\u00eau t\u1ed1c&#8230;), d\u1ee5ng c\u1ee5 n\u01b0\u1edbng BBQ&#8230;, <\/span><\/span><\/div>\n<div><span id=\"mtc-3770038259042\"><span class=\"emoji-sizer emoji-outer\">\u2705<\/span><span class=\"text\"> Xe h\u01a1i t\u1eadn villa<\/span><\/span><\/div>\n<div><span id=\"mtc-3770038259042\"><span class=\"emoji-sizer emoji-outer\">\ud83c\udd98<\/span> <span class=\"emoji-sizer emoji-outer\">\ud83c\udd98<\/span><span class=\"text\"> D\u1ecbch v\u1ee5: Ti\u1ec7c BBQ, cho thu\u00ea xe m\u00e1y, cho thu\u00ea loa t\u1ea1i villa<\/span><\/span><\/div>\n<div><\/div>\n<\/div>\n<\/div>\n<\/div>\n<\/div>\n<\/div>\n<\/div>\n<\/div>\n<\/div>\n<div id=\"chatInput\" class=\"chat-input web\">\n<div class=\"chat-input__content\">\n<div class=\"chat-input__content__input\">\n<div id=\"chatInputv2\" class=\"flx\">\n<div class=\"chat-input-container\">\n<div class=\"flx w100\"><img decoding=\"async\" class=\"alignnone wp-image-22513 size-full\" src=\"https:\/\/dalatreview.vn\/wp-content\/uploads\/2022\/10\/2-1.jpg\" alt=\"\" width=\"1638\" height=\"2048\"><\/div>\n<\/div>\n<\/div>\n<\/div>\n<\/div>\n<\/div>\n<\/div>\n<div dir=\"auto\"><\/div>\n<div dir=\"auto\"><strong>V\u1ecb tr\u00ed:<\/strong><\/div>\n<div dir=\"auto\"><span id=\"mtc-3770038259042\"><span class=\"text\">\ud83d\udccd\u0110\u1ecba ch\u1ec9: Tr\u1ea7n Quang Kh\u1ea3i , Ph\u01b0\u1eddng 8, \u0110\u00e0 L\u1ea1t<\/span><\/span><\/div>\n<\/div>\n<div dir=\"auto\"><\/div>\n<div class=\"l7ghb35v kjdc1dyq kmwttqpk gh25dzvf jikcssrz n3t5jt4f\">\n<div dir=\"auto\"><strong>Gi\u00e1:<\/strong><\/div>\n<div dir=\"auto\">Ch\u1ec9 t\u1eeb 2,500,000\/ \u0111\u00eam<\/div>\n<\/div>\n<div dir=\"auto\"><\/div>\n<div class=\"l7ghb35v kjdc1dyq kmwttqpk gh25dzvf jikcssrz n3t5jt4f\">\n<div dir=\"auto\"><strong>Li\u00ean h\u1ec7 booking:<\/strong>\u00a00968.249.297<\/div>\n<\/div>","protected":false},"excerpt":{"rendered":"<p>Danh m\u1ee5c ch\u00ednh VILLA S\u00c2N V\u01af\u1edcN NGUY\u00caN C\u0102N NGAY TRUNG T\u00c2M \u0110\u00c0 L\u1ea0T VILLA S\u00c2N V\u01af\u1edcN NGUY\u00caN C\u0102N NGAY TRUNG T\u00c2M \u0110\u00c0 L\u1ea0T Villa n\u1eb1m c\u00e1ch th\u00e0nh ph\u1ed1 3km, si\u00eau thu\u1eadn ti\u1ec7n di chuy\u1ec3n cho du kh\u00e1ch. Villa c\u00f3 khu sinh ho\u1ea1t chung bao g\u1ed3m: 5 ph\u00f2ng ng\u1ee7 3 \u0111\u01a1n, 2 \u0111\u00f4i, 2 WC \u0110\u1eb7c [&hellip;]<\/p>","protected":false},"featured_media":22515,"comment_status":"open","ping_status":"closed","template":"","meta":{"_acf_changed":false,"rank_math_lock_modified_date":false},"product_cat":[29,45],"product_tag":[],"acf":[],"_links":{"self":[{"href":"https:\/\/dalatreview.vn\/en\/wp-json\/wp\/v2\/product\/22512"}],"collection":[{"href":"https:\/\/dalatreview.vn\/en\/wp-json\/wp\/v2\/product"}],"about":[{"href":"https:\/\/dalatreview.vn\/en\/wp-json\/wp\/v2\/types\/product"}],"replies":[{"embeddable":true,"href":"https:\/\/dalatreview.vn\/en\/wp-json\/wp\/v2\/comments?post=22512"}],"wp:featuredmedia":[{"embeddable":true,"href":"https:\/\/dalatreview.vn\/en\/wp-json\/wp\/v2\/media\/22515"}],"wp:attachment":[{"href":"https:\/\/dalatreview.vn\/en\/wp-json\/wp\/v2\/media?parent=22512"}],"wp:term":[{"taxonomy":"product_cat","embeddable":true,"href":"https:\/\/dalatreview.vn\/en\/wp-json\/wp\/v2\/product_cat?post=22512"},{"taxonomy":"product_tag","embeddable":true,"href":"https:\/\/dalatreview.vn\/en\/wp-json\/wp\/v2\/product_tag?post=22512"}],"curies":[{"name":"wp","href":"https:\/\/api.w.org\/{rel}","templated":true}]}}