
{"id":22483,"date":"2022-10-01T10:58:29","date_gmt":"2022-10-01T03:58:29","guid":{"rendered":"https:\/\/dalatreview.vn\/?p=22483"},"modified":"2024-05-29T03:30:24","modified_gmt":"2024-05-29T03:30:24","slug":"villa-da-lat-phu-dong-thien-vuong-7-phong","status":"publish","type":"product","link":"https:\/\/dalatreview.vn\/en\/villa-da-lat-phu-dong-thien-vuong-7-phong.html","title":{"rendered":"Villa \u0110\u00e0 L\u1ea1t Ph\u00f9 \u0110\u1ed5ng Thi\u00ean V\u01b0\u01a1ng 7 ph\u00f2ng"},"content":{"rendered":"<div class=\"m8h3af8h l7ghb35v kjdc1dyq kmwttqpk gh25dzvf n3t5jt4f\">\n<nav class=\"vietrick-auto-toc\">\n<div class=\"box-title\">\n<h3 class=\"toc-title\" id=\"select-menu\">Danh m\u1ee5c ch\u00ednh<\/h3>\n<div><ion-icon name=\"chevron-up-outline\"><\/ion-icon><\/div>\n<\/div>\n<ul class=\"toc-list\"><\/ul>\n<li><a href='https:\/\/dalatreview.vn\/en#hoi-sanh-dien-ru-nhau-di-da-lat-o-dau-de-chill-va-re-day-ta' class='heading-h1 toc-link smooth-scroll'>H\u1ed8I &#8220;SANH DI\u00caN&#8221; R\u1ee6 NHAU \u0110I \u0110\u00c0 L\u1ea0T \u1ede \u0110\u00c2U \u0110\u1ec2 CHILL V\u00c0 R\u1eba \u0110\u00c2Y TA??<\/a><\/ul>\n<\/li>\n<\/ul>\n<\/nav>\n<h1 style=\"text-align: center;\" id=\"hoi-sanh-dien-ru-nhau-di-da-lat-o-dau-de-chill-va-re-day-ta\"><span style=\"font-size: 24px; color: #003300;\"><strong>H\u1ed8I &#8220;SANH DI\u00caN&#8221; R\u1ee6 NHAU \u0110I \u0110\u00c0 L\u1ea0T \u1ede \u0110\u00c2U \u0110\u1ec2 CHILL V\u00c0 R\u1eba \u0110\u00c2Y TA??<\/strong><\/span><\/h1>\n<\/div>\n<div class=\"l7ghb35v kjdc1dyq kmwttqpk gh25dzvf jikcssrz n3t5jt4f\">\n<div dir=\"auto\">Villa \u0110\u00e0 L\u1ea1t Ph\u00f9 \u0110\u1ed5ng Thi\u00ean V\u01b0\u01a1ng 7 ph\u00f2ng ng\u1ee7<\/div>\n<div dir=\"auto\"><\/div>\n<div dir=\"auto\"><em>M\u00ecnh c\u00f9ng r\u1eddi th\u00e0nh ph\u1ed1, tr\u00e1nh nh\u1eefng l\u00e0n kh\u00f3i \u00f4 t\u00f4. X\u00e2y 1 c\u0103n nh\u00e0 g\u1ed7, \u1edf m\u00e3i xa t\u1eadn ngo\u1ea1i \u00f4!!!<\/em><\/div>\n<div dir=\"auto\"><\/div>\n<div dir=\"auto\"><img decoding=\"async\" class=\"wp-image-22486 size-full aligncenter\" src=\"https:\/\/dalatreview.vn\/wp-content\/uploads\/2022\/10\/1.jpg\" alt=\"\" width=\"960\" height=\"960\"><\/div>\n<div dir=\"auto\"><\/div>\n<div dir=\"auto\">Xu\u1ea5t hi\u1ec7n m\u1ed9t c\u0103n villa\/ homestay g\u1ed7 d\u00e0nh cho team th\u00edch chill v\u1edbi gi\u00e1 si\u00eau h\u1eddi r\u1ed3i \u0111\u00e2y!<\/div>\n<\/div>\n<div dir=\"auto\"><\/div>\n<div dir=\"auto\"><img decoding=\"async\" class=\"alignnone wp-image-22487 size-full\" src=\"https:\/\/dalatreview.vn\/wp-content\/uploads\/2022\/10\/2.jpg\" alt=\"\" width=\"2560\" height=\"1920\"><\/div>\n<div class=\"l7ghb35v kjdc1dyq kmwttqpk gh25dzvf jikcssrz n3t5jt4f\">\n<div dir=\"auto\"><\/div>\n<\/div>\n<div class=\"l7ghb35v kjdc1dyq kmwttqpk gh25dzvf jikcssrz n3t5jt4f\">\n<div dir=\"auto\">Nha\u0300 go\u0302\u0303 thi\u0300 ta\u0302\u0301t nhie\u0302n la\u0300 toa\u0300n bo\u0323\u0302 no\u0323\u0302i tha\u0302\u0301t, cha\u0302\u0301t lie\u0323\u0302u xa\u0302y du\u031b\u0323ng la\u0300 go\u0302\u0303 tho\u0302ng ke\u0300m the\u0302m nha\u0302\u0301n \u0111e\u0300n tha\u0306\u0301p ma\u0300u va\u0300ng ra\u0302\u0301t lung linh va\u0300o buo\u0302\u0309i to\u0302\u0301i.<\/div>\n<\/div>\n<div dir=\"auto\"><\/div>\n<div dir=\"auto\"><img decoding=\"async\" class=\"alignnone wp-image-22491 size-full\" src=\"https:\/\/dalatreview.vn\/wp-content\/uploads\/2022\/10\/IMG_1564-scaled.jpg\" alt=\"\" width=\"2560\" height=\"1920\"><\/div>\n<div dir=\"auto\"><\/div>\n<div class=\"l7ghb35v kjdc1dyq kmwttqpk gh25dzvf jikcssrz n3t5jt4f\">\n<div dir=\"auto\">Bu\u031bo\u031b\u0301c v\u00e0o \u0111\u00e2y ca\u0301c ba\u0323n se\u0303 nghe mu\u0300i go\u0302\u0303 nhe\u0300 nhe\u0323 ra\u0302\u0301t de\u0302\u0303 chi\u0323u, ca\u0306n villa na\u0300y hoa\u0300n toa\u0300n ba\u0306\u0300ng go\u0302\u0303 ne\u0302n va\u0300o nha\u0300 tha\u0302\u0301y a\u0302\u0301m \u00e1p \u0111a\u0303 la\u0306\u0301m chu\u031b\u0301 ho\u0302ng co\u0301 la\u0323nh nga\u0306\u0301t nhu\u031b nha\u0300 tu\u031bo\u031b\u0300ng nha\u0300 ga\u0323ch \u0111a\u0302u nghen.<\/div>\n<\/div>\n<div dir=\"auto\"><\/div>\n<div dir=\"auto\"><img decoding=\"async\" class=\"aligncenter wp-image-22501 size-full\" src=\"https:\/\/dalatreview.vn\/wp-content\/uploads\/2022\/10\/IMG_1637-scaled.jpg\" alt=\"\" width=\"2560\" height=\"1920\"><\/div>\n<div dir=\"auto\"><\/div>\n<div class=\"l7ghb35v kjdc1dyq kmwttqpk gh25dzvf jikcssrz n3t5jt4f\">\n<div dir=\"auto\">N\u1ebfu l\u00e0 m\u1ed9t t\u00edn \u0111\u1ed3 th\u00edch chill v\u1edbi nh\u1eefng c\u0103n nh\u00e0 g\u1ed7 m\u1ed9c m\u1ea1c gi\u1ea3n v\u00e0 mu\u1ed1n r\u1eddi xa ch\u1ed1n \u0111\u00f4 th\u1ecb t\u1ea5p n\u1eadp th\u00ec ph\u1ea3i book ng\u00e0y chi\u1ebfc villa n\u00e0y b\u1ea1n nghen<\/div>\n<div dir=\"auto\"><\/div>\n<\/div>\n<div dir=\"auto\"><strong>C\u01a1 c\u1ea5u:<\/strong><\/div>\n<div dir=\"auto\">7 ph\u00f2ng ng\u1ee7 \u0111\u01a1n &#8211; th\u00edch h\u1ee3p cho gia \u0111\u00ecnh, nh\u00f3m b\u1ea1n, sinh vi\u00ean 14 &#8211; 15 ng\u01b0\u1eddi<\/div>\n<div dir=\"auto\"><\/div>\n<div dir=\"auto\"><img decoding=\"async\" class=\"alignnone wp-image-22493 size-full\" src=\"https:\/\/dalatreview.vn\/wp-content\/uploads\/2022\/10\/IMG_1575-scaled.jpg\" alt=\"\" width=\"2560\" height=\"1920\"><\/div>\n<div dir=\"auto\"><\/div>\n<div dir=\"auto\"><img decoding=\"async\" class=\"alignnone wp-image-22497 size-full\" src=\"https:\/\/dalatreview.vn\/wp-content\/uploads\/2022\/10\/IMG_1617-scaled.jpg\" alt=\"\" width=\"2560\" height=\"1920\"><\/div>\n<div dir=\"auto\"><\/div>\n<div dir=\"auto\">S\u00e2n BBQ, v\u01b0\u1eddn hoa tr\u01b0\u1edbc nh\u00e0 c\u1ef1c chill, WC ri\u00eang, b\u1ebfp \u0111\u1ea7y \u0111\u1ee7 d\u1ee5ng c\u1ee5, \u0111\u1ec3 gia \u0111\u00ecnh c\u00f3 th\u1ec3 n\u1ea5u n\u01b0\u1edbng ho\u1eb7c m\u1edf ti\u1ec7c BBQ qu\u00e2y qu\u1ea7y b\u00ean nhau.<\/div>\n<div dir=\"auto\"><\/div>\n<div dir=\"auto\"><img decoding=\"async\" class=\"alignnone wp-image-22489 size-full\" src=\"https:\/\/dalatreview.vn\/wp-content\/uploads\/2022\/10\/8.jpg\" alt=\"\" width=\"2560\" height=\"1920\"><\/div>\n<div dir=\"auto\"><\/div>\n<div dir=\"auto\"><\/div>\n<div class=\"l7ghb35v kjdc1dyq kmwttqpk gh25dzvf jikcssrz n3t5jt4f\">\n<div dir=\"auto\"><strong>V\u1ecb tr\u00ed:<\/strong><\/div>\n<div dir=\"auto\">Ph\u00f9 \u0110\u1ed5ng Thi\u00ean V\u01b0\u01a1ng, Ph\u01b0\u1eddng 8, \u0110\u00e0 L\u1ea1t<\/div>\n<\/div>\n<div dir=\"auto\"><\/div>\n<div dir=\"auto\"><\/div>\n<div class=\"l7ghb35v kjdc1dyq kmwttqpk gh25dzvf jikcssrz n3t5jt4f\">\n<div dir=\"auto\"><strong>Gi\u00e1:<\/strong><\/div>\n<div dir=\"auto\">Ch\u1ec9 t\u1eeb 2,500,000\/ \u0111\u00eam<\/div>\n<\/div>\n<div dir=\"auto\"><\/div>\n<div dir=\"auto\"><\/div>\n<div class=\"l7ghb35v kjdc1dyq kmwttqpk gh25dzvf jikcssrz n3t5jt4f\">\n<div dir=\"auto\"><strong>Li\u00ean h\u1ec7 booking:<\/strong> 0968.249.297<\/div>\n<\/div>\n<div dir=\"auto\"><\/div>","protected":false},"excerpt":{"rendered":"<p>Danh m\u1ee5c ch\u00ednh H\u1ed8I &#8220;SANH DI\u00caN&#8221; R\u1ee6 NHAU \u0110I \u0110\u00c0 L\u1ea0T \u1ede \u0110\u00c2U \u0110\u1ec2 CHILL V\u00c0 R\u1eba \u0110\u00c2Y TA?? H\u1ed8I &#8220;SANH DI\u00caN&#8221; R\u1ee6 NHAU \u0110I \u0110\u00c0 L\u1ea0T \u1ede \u0110\u00c2U \u0110\u1ec2 CHILL V\u00c0 R\u1eba \u0110\u00c2Y TA?? Villa \u0110\u00e0 L\u1ea1t Ph\u00f9 \u0110\u1ed5ng Thi\u00ean V\u01b0\u01a1ng 7 ph\u00f2ng ng\u1ee7 M\u00ecnh c\u00f9ng r\u1eddi th\u00e0nh ph\u1ed1, tr\u00e1nh nh\u1eefng l\u00e0n kh\u00f3i \u00f4 [&hellip;]<\/p>","protected":false},"featured_media":22488,"comment_status":"open","ping_status":"closed","template":"","meta":{"_acf_changed":false,"rank_math_lock_modified_date":false},"product_cat":[29,45],"product_tag":[],"acf":[],"_links":{"self":[{"href":"https:\/\/dalatreview.vn\/en\/wp-json\/wp\/v2\/product\/22483"}],"collection":[{"href":"https:\/\/dalatreview.vn\/en\/wp-json\/wp\/v2\/product"}],"about":[{"href":"https:\/\/dalatreview.vn\/en\/wp-json\/wp\/v2\/types\/product"}],"replies":[{"embeddable":true,"href":"https:\/\/dalatreview.vn\/en\/wp-json\/wp\/v2\/comments?post=22483"}],"wp:featuredmedia":[{"embeddable":true,"href":"https:\/\/dalatreview.vn\/en\/wp-json\/wp\/v2\/media\/22488"}],"wp:attachment":[{"href":"https:\/\/dalatreview.vn\/en\/wp-json\/wp\/v2\/media?parent=22483"}],"wp:term":[{"taxonomy":"product_cat","embeddable":true,"href":"https:\/\/dalatreview.vn\/en\/wp-json\/wp\/v2\/product_cat?post=22483"},{"taxonomy":"product_tag","embeddable":true,"href":"https:\/\/dalatreview.vn\/en\/wp-json\/wp\/v2\/product_tag?post=22483"}],"curies":[{"name":"wp","href":"https:\/\/api.w.org\/{rel}","templated":true}]}}