
{"id":22411,"date":"2024-08-17T09:48:14","date_gmt":"2024-08-17T02:48:14","guid":{"rendered":"https:\/\/dalatreview.vn\/?p=22411"},"modified":"2024-10-12T09:59:52","modified_gmt":"2024-10-12T02:59:52","slug":"omirita-resort-thanh-pho-trong-rung","status":"publish","type":"product","link":"https:\/\/dalatreview.vn\/en\/omirita-resort-thanh-pho-trong-rung.html","title":{"rendered":"Omirita Resort Th\u00e0nh ph\u1ed1 trong R\u1eebng"},"content":{"rendered":"<div data-id=\"0dcd40e\" data-element_type=\"widget\" data-widget_type=\"theme-post-title.default\">\n<div data-id=\"2db403a\" data-element_type=\"column\">\n<div>\n<div data-id=\"b834bd8\" data-element_type=\"widget\" data-widget_type=\"heading.default\">\n<div data-id=\"3200a3d\" data-element_type=\"widget\" data-settings=\"{&quot;enabled_visibility&quot;:&quot;yes&quot;}\" data-widget_type=\"heading.default\">\n<nav class=\"vietrick-auto-toc\">\n<div class=\"box-title\">\n<h3 class=\"toc-title\" id=\"select-menu\">Danh m\u1ee5c ch\u00ednh<\/h3>\n<div><ion-icon name=\"chevron-up-outline\"><\/ion-icon><\/div>\n<\/div>\n<ul class=\"toc-list\">\n<li><a href='https:\/\/dalatreview.vn\/en#omirita-resort-thanh-pho-trong-rung' class='heading-h2 toc-link smooth-scroll'>Omirita Resort Th\u00e0nh ph\u1ed1 trong r\u1eebng<\/a><\/ul>\n<li><a href='https:\/\/dalatreview.vn\/en#' class='heading-h1 toc-link smooth-scroll'><\/a>\n<ul>\n<li><a href='https:\/\/dalatreview.vn\/en#1-vi-tri' class='heading-h2 toc-link smooth-scroll'>1. V\u1ecb tr\u00ed<\/a>\n<li><a href='https:\/\/dalatreview.vn\/en#3-dich-vu-tien-nghi' class='heading-h2 toc-link smooth-scroll'>3. D\u1ecbch v\u1ee5 ti\u1ec7n nghi<\/a>\n<li><a href='https:\/\/dalatreview.vn\/en#4-cac-loai-phong' class='heading-h2 toc-link smooth-scroll'>4. C\u00e1c lo\u1ea1i ph\u00f2ng<\/a>\n<li><a href='https:\/\/dalatreview.vn\/en#5-lien-he' class='heading-h2 toc-link smooth-scroll'>5. Li\u00ean h\u1ec7<\/a><\/ul>\n<\/ul>\n<\/li>\n<\/ul>\n<\/nav>\n<h2 style=\"text-align: center;\" id=\"omirita-resort-thanh-pho-trong-rung\">Omirita Resort Th\u00e0nh ph\u1ed1 trong r\u1eebng<\/h2>\n<h1 id=\"\"><img decoding=\"async\" class=\"size-full wp-image-22426 aligncenter\" src=\"https:\/\/dalatreview.vn\/wp-content\/uploads\/2022\/09\/view-omirita-resort-39.jpg\" alt=\"\" width=\"1200\" height=\"800\"><\/h1>\n<\/div>\n<\/div>\n<\/div>\n<h2 id=\"1-vi-tri\"><span style=\"color: #003300;\">1. V\u1ecb tr\u00ed<\/span><\/h2>\n<p data-id=\"3200a3d\" data-element_type=\"widget\" data-settings=\"{&quot;enabled_visibility&quot;:&quot;yes&quot;}\" data-widget_type=\"heading.default\">N\u1eb1m tr\u00ean \u0111\u1ec9nh \u0111\u1ed3i Mimosa t\u0129nh l\u1eb7ng v\u00e0 tho\u00e1ng \u0111\u00e3ng, Omirita resort s\u1edf h\u1eefu 4 khu bi\u1ec7t th\u1ef1 mang \u0111\u1eadm phong c\u00e1ch c\u1ed5 \u0111i\u1ec3n Ph\u00e1p \u1ea9n m\u00ecnh d\u01b0\u1edbi nh\u1eefng t\u00e1n l\u00e1 th\u00f4ng r\u1ed9ng l\u1edbn.<\/p>\n<p data-id=\"3200a3d\" data-element_type=\"widget\" data-settings=\"{&quot;enabled_visibility&quot;:&quot;yes&quot;}\" data-widget_type=\"heading.default\"><img decoding=\"async\" class=\"size-full wp-image-22426 aligncenter\" src=\"https:\/\/dalatreview.vn\/wp-content\/uploads\/2022\/09\/view-omirita-resort-39.jpg\" alt=\"\" width=\"1200\" height=\"800\"><\/p>\n<p data-id=\"3200a3d\" data-element_type=\"widget\" data-settings=\"{&quot;enabled_visibility&quot;:&quot;yes&quot;}\" data-widget_type=\"heading.default\">T\u1ecda l\u1ea1c t\u1ea1i s\u1ed1 156, ti\u1ec3u khu Mimosa, Ph\u01b0\u1eddng 10, Th\u00e0nh ph\u1ed1 \u0110\u00e0 L\u1ea1t, Omirita Resort \u0111\u00e3 tr\u1edf th\u00e0nh \u0111i\u1ec3m \u0111\u1ebfn l\u00fd t\u01b0\u1edfng cho nh\u1eefng du kh\u00e1ch \u01b0a th\u00edch s\u1ef1 y\u00ean b\u00ecnh gi\u1eefa kh\u00f4ng gian thi\u00ean nhi\u00ean m\u00eanh m\u00f4ng.<\/p>\n<p data-id=\"3200a3d\" data-element_type=\"widget\" data-settings=\"{&quot;enabled_visibility&quot;:&quot;yes&quot;}\" data-widget_type=\"heading.default\"><img decoding=\"async\" class=\"size-full wp-image-22424 aligncenter\" src=\"https:\/\/dalatreview.vn\/wp-content\/uploads\/2022\/09\/view-omirita-resort-9.jpg\" alt=\"\" width=\"1170\" height=\"660\"><\/p>\n<\/div>\n<p data-id=\"3200a3d\" data-element_type=\"widget\" data-settings=\"{&quot;enabled_visibility&quot;:&quot;yes&quot;}\" data-widget_type=\"heading.default\">Omirita Resort thu h\u00fat m\u1ecdi s\u1ef1 ch\u00fa \u00fd c\u1ee7a du kh\u00e1ch gh\u00e9 th\u0103m v\u1edbi v\u1ebb \u0111\u1eb9p y\u00ean t\u0129nh v\u00e0 thanh b\u00ecnh.<\/p>\n<p data-id=\"3200a3d\" data-element_type=\"widget\" data-settings=\"{&quot;enabled_visibility&quot;:&quot;yes&quot;}\" data-widget_type=\"heading.default\">\u0110\u1ed1i v\u1edbi nh\u1eefng b\u1ea1n y\u00eau th\u00edch kh\u00ed h\u1eadu, phong c\u1ea3nh nguy\u00ean th\u1ee7y thi\u00ean nhi\u00ean v\u1edbi nh\u1eefng \u0111\u1ed3i th\u00f4ng mimosa, ki\u1ebfn tr\u00fac ki\u1ec3u Ph\u00e1p th\u00ec Omirita Da Lat Resort ch\u1eafc ch\u1eafn s\u1ebd l\u00e0 m\u1ed9t n\u01a1i \u0111\u00e1ng \u0111\u1ec3 kh\u00e1m ph\u00e1.<\/p>\n<\/div>\n<div data-id=\"0dcd40e\" data-element_type=\"widget\" data-widget_type=\"theme-post-title.default\">\n<div>\n<div data-id=\"2db403a\" data-element_type=\"column\">\n<div>\n<div data-id=\"b834bd8\" data-element_type=\"widget\" data-widget_type=\"heading.default\">\n<div data-id=\"3200a3d\" data-element_type=\"widget\" data-settings=\"{&quot;enabled_visibility&quot;:&quot;yes&quot;}\" data-widget_type=\"heading.default\">\u00a0<\/div>\n<div data-id=\"3200a3d\" data-element_type=\"widget\" data-settings=\"{&quot;enabled_visibility&quot;:&quot;yes&quot;}\" data-widget_type=\"heading.default\">Khi \u0111\u1ebfn v\u1edbi Omirita Resort b\u1ea1n v\u1eeba c\u00f3 th\u1ec3 t\u1eadn h\u01b0\u1edfng k\u00ec ngh\u1ec9 g\u1ea7n g\u0169i thi\u00ean nhi\u00ean v\u1edbi \u0111\u1ea7y \u0111\u1ee7 ti\u1ec7n nghi, nh\u1eefng b\u1eefa \u0103n phong ph\u00fa, nh\u1eefng tr\u1ea3i nghi\u1ec7m th\u00fa v\u1ecb: t\u1eafm r\u1eebng, leo n\u00fai, spa, cafe, l\u1eeda tr\u1ea1i, BBQ, \u2026<\/div>\n<\/div>\n<\/div>\n<\/div>\n<\/div>\n<\/div>\n<h2 data-id=\"3200a3d\" data-element_type=\"widget\" data-settings=\"{&quot;enabled_visibility&quot;:&quot;yes&quot;}\" data-widget_type=\"heading.default\"><span style=\"color: #003300;\">2. Phong c\u00e1ch decor<\/span><\/h2>\n<p>Nh\u1eefng c\u0103n bi\u1ec7t th\u1ef1 t\u1ea1i Omirita \u0111\u1ec1u to\u00e1t l\u00ean v\u1ebb \u0111\u1eb9p c\u1ee7a l\u1ed1i ki\u1ebfn tr\u00fac Ph\u00e1p v\u1edbi m\u00e1i nh\u00e0 Mansard m\u00e0u cam g\u1ea1ch n\u1ed5i b\u1eadt tr\u01b0\u1edbc gam m\u00e0u tr\u1eafng c\u1ee7a khu\u00f4n vi\u00ean. V\u1ecb tr\u00ed c\u1ee7a khu ngh\u1ec9 d\u01b0\u1ee1ng \u0111\u01b0\u1ee3c \u0111\u1eb7t ngay gi\u1eefa r\u1eebng th\u00f4ng v\u00e0 c\u00f3 view h\u01b0\u1edbng r\u1eebng tuy\u1ec7t h\u1ea3o.<\/p>\n<p>&nbsp;<\/p>\n<p>\u1ea8n m\u00ecnh d\u01b0\u1edbi nh\u1eefng c\u00e1nh r\u1eebng th\u00f4ng r\u1ed9ng l\u1edbn v\u00e0 t\u00e1ch bi\u1ec7t ho\u00e0n to\u00e0n v\u1edbi ti\u1ebfng \u1ed3 \u00e0o c\u1ee7a xe c\u1ed9, m\u1ed7i khi c\u00f3 nh\u1eefng c\u01a1n gi\u00f3 nh\u1eb9 kh\u1ebd ngang b\u1ea1n s\u1ebd \u0111\u01b0\u1ee3c l\u1eafng nghe ti\u1ebfng r\u1eebng th\u00f4ng reo vang l\u00ean.<\/p>\n<p>&nbsp;<\/p>\n<p>T\u1ea5t c\u1ea3 nh\u1eefng khu bi\u1ec7t th\u1ef1 t\u1ea1i Omirita Resort \u0111\u1ec1u \u0111\u01b0\u1ee3c thi\u1ebft k\u1ebf theo ki\u1ebfn tr\u00fac bi\u1ec7t th\u1ef1 c\u1ed5 \u0111i\u1ec3n c\u1ee7a Ph\u00e1p, ki\u1ebfn tr\u00fac mang \u0111\u1eadm d\u01b0 \u00e2m th\u1ebf k\u1ef7 19 sang tr\u1ecdng c\u1ee7a Ph\u00e1p.<\/p>\n<p>&nbsp;<\/p>\n<p>Khi \u0111i s\u00e2u v\u00e0o b\u00ean trong, Omirita Resort s\u1ebd khi\u1ebfn b\u1ea1n b\u1ea5t ng\u1edd v\u1edbi thi\u1ebft k\u1ebf sang tr\u1ecdng nh\u01b0 1 resort 5 sao ch\u1ea5t l\u01b0\u1ee3ng.<\/p>\n<p>&nbsp;<\/p>\n<p>B\u00ean trong c\u00f3 chi\u1ebfc gi\u01b0\u1eddng h\u00ecnh b\u00e1n nguy\u1ec7t nh\u00ecn ra b\u00ean ngo\u00e0i v\u1edbi k\u00ednh trong su\u1ed1t (C\u00f3 m\u00e0n che \u0111\u00f3ng l\u1ea1i). M\u00e0u s\u1eafc mix gi\u1eefa v\u00e0ng \u0111\u1eadm, \u0111en v\u00e0 x\u00e1m l\u00e0m t\u0103ng s\u1ef1 sang tr\u1ecdng v\u00e0 d\u1ecbu m\u00e1t.<\/p>\n<h2 id=\"3-dich-vu-tien-nghi\"><span style=\"color: #003300;\">3. D\u1ecbch v\u1ee5 ti\u1ec7n nghi<\/span><\/h2>\n<div data-id=\"0dcd40e\" data-element_type=\"widget\" data-widget_type=\"theme-post-title.default\">\n<div data-id=\"2db403a\" data-element_type=\"column\">\n<div data-id=\"b834bd8\" data-element_type=\"widget\" data-widget_type=\"heading.default\">\n<div data-id=\"d5bac78\" data-element_type=\"widget\" data-settings=\"{&quot;enabled_visibility&quot;:&quot;yes&quot;}\" data-widget_type=\"icon-list.default\">\n<div data-id=\"eb5ee92\" data-element_type=\"widget\" data-widget_type=\"icon-box.default\">\n<div data-id=\"d5bac78\" data-element_type=\"widget\" data-settings=\"{&quot;enabled_visibility&quot;:&quot;yes&quot;}\" data-widget_type=\"icon-list.default\">\n<div data-id=\"952c702\" data-element_type=\"widget\" data-widget_type=\"theme-post-content.default\">\n<p>&#8211; Omirita Resort h\u00e2n h\u1ea1nh \u0111\u01b0\u1ee3c ph\u1ee5c v\u1ee5 c\u00e1c d\u1ecbch v\u1ee5 sau:<\/p>\n<p>&#8211; Ngh\u1ec9 d\u01b0\u1ee1ng<\/p>\n<p>&#8211; Cafe v\u00e0 \u0102n u\u1ed1ng<\/p>\n<p>&#8211; T\u1eafm r\u1eebng v\u00e0 leo \u0111\u1ed3i<\/p>\n<p>&#8211; Spa<\/p>\n<p>&#8211; T\u1ed5 ch\u1ee9c s\u1ef1 ki\u1ec7n (l\u1eeda tr\u1ea1i\/ BBQ\/ sinh nh\u1eadt\/ ti\u1ec7c c\u01b0\u1edbi\/\u2026)<\/p>\n<p>&#8211; C\u00e1c d\u1ecbch v\u1ee5 kh\u00e1c: \u0111\u01b0a \u0111\u00f3n s\u00e2n bay, gi\u1eb7t \u1ee7i, thu\u00ea xe m\u00e1y\/ xe \u00f4 t\u00f4 t\u1ef1 l\u00e1i\u2026<\/p>\n<p><img decoding=\"async\" src=\"https:\/\/dalatreview.vn\/wp-content\/uploads\/2022\/09\/4-1.jpg\" alt=\"th\u01b0\u1edfng th\u1ee9c tr\u00e0 chi\u1ec1u t\u1ea1i omirita resort\" width=\"2435\" height=\"1911\" \/><\/p>\n<div data-id=\"952c702\" data-element_type=\"widget\" data-widget_type=\"theme-post-content.default\">\n<div>\n<p>\u0110\u1ebfn v\u1edbi Omirita Resort, qu\u00fd kh\u00e1ch s\u1ebd \u0111\u01b0\u1ee3c th\u01b0\u1edfng th\u1ee9c nh\u1eefng b\u1eefa \u0103n ngon, tr\u00e0 chi\u1ec1u v\u00e0 qu\u1ea7y cafe v\u1edbi nhi\u1ec1u th\u1ee9c u\u1ed1ng phong ph\u00fa ngon l\u00e0nh.<\/p>\n<p><img decoding=\"async\" src=\"https:\/\/dalatreview.vn\/wp-content\/uploads\/2022\/09\/spa-2.jpg\" alt=\"tr\u1ea3i nghi\u1ec7m spa t\u1ea1i omirita resort\" width=\"1900\" height=\"1425\" \/><\/p>\n<\/div>\n<\/div>\n<div data-id=\"d5bac78\" data-element_type=\"widget\" data-settings=\"{&quot;enabled_visibility&quot;:&quot;yes&quot;}\" data-widget_type=\"icon-list.default\">\n<div>\n<div data-id=\"952c702\" data-element_type=\"widget\" data-widget_type=\"theme-post-content.default\">\n<div>\n<p>Ngh\u1ec9 d\u01b0\u1ee1ng t\u1ea1i \u0111\u00e2y, qu\u00fd kh\u00e1ch s\u1ebd \u0111\u01b0\u1ee3c th\u01b0 gi\u00e3n t\u1ea1i Omirita Spa v\u1edbi nhi\u1ec1u li\u1ec7u ph\u00e1p ch\u0103m s\u00f3c s\u1ee9c kho\u1ebb v\u00e0 s\u1eafc \u0111\u1eb9p phong ph\u00fa, mang l\u1ea1i cho qu\u00fd kh\u00e1ch nh\u1eefng ph\u00fat gi\u00e2y tho\u1ea3i m\u00e1i v\u00e0 t\u00e1i t\u1ea1o n\u0103ng l\u01b0\u1ee3ng.<\/p>\n<\/div>\n<\/div>\n<\/div>\n<\/div>\n<h2 id=\"4-cac-loai-phong\"><span style=\"color: #003300;\">4. C\u00e1c lo\u1ea1i ph\u00f2ng<\/span><\/h2>\n<\/div>\n<\/div>\n<\/div>\n<\/div>\n<\/div>\n<\/div>\n<\/div>\n<div data-id=\"952c702\" data-element_type=\"widget\" data-widget_type=\"theme-post-content.default\">\n<p>C\u00e1c lo\u1ea1i ph\u00f2ng t\u1ea1i Omirita Resort bao g\u1ed3m: Standard, Superior, Suite, Deluxe \u0111\u01b0\u1ee3c b\u1ed1 tr\u00ed \u0111a d\u1ea1ng ph\u00f9 h\u1ee3p nhi\u1ec1u nhu c\u1ea7u c\u1ee7a c\u00e1 nh\u00e2n, gia \u0111\u00ecnh v\u00e0 t\u1eadp th\u1ec3.<\/p>\n<p><strong>Standard<\/strong>:<\/p>\n<p><img decoding=\"async\" src=\"https:\/\/dalatreview.vn\/wp-content\/uploads\/2022\/09\/standard1.jpg\" alt=\"ph\u00f2ng Standard\" width=\"1200\" height=\"800\" \/><\/p>\n<div data-id=\"e9a05b2\" data-element_type=\"widget\" data-widget_type=\"mphbe-room.default\">\n<div>\n<p><strong>Superior<\/strong><\/p>\n<p><img decoding=\"async\" src=\"https:\/\/dalatreview.vn\/wp-content\/uploads\/2022\/09\/sup2.jpg\" alt=\"ph\u00f2ng Superior\" width=\"1200\" height=\"800\" \/><\/p>\n<p><strong>Ph\u00f2ng Deluxe Triple<\/strong><\/p>\n<p><img decoding=\"async\" src=\"https:\/\/dalatreview.vn\/wp-content\/uploads\/2022\/09\/triple5.jpg\" alt=\"ph\u00f2ng Deluxe Triple\" width=\"1200\" height=\"800\" \/><\/p>\n<div data-id=\"e9a05b2\" data-element_type=\"widget\" data-widget_type=\"mphbe-room.default\">\n<div>\n<div>\n<div>\n<p><strong>Ph\u00f2ng Deluxe Family<\/strong><\/p>\n<p><img decoding=\"async\" src=\"https:\/\/dalatreview.vn\/wp-content\/uploads\/2022\/09\/family3.jpg\" alt=\"Ph\u00f2ng Deluxe Family\" width=\"1170\" height=\"660\" \/><\/p>\n<\/div>\n<\/div>\n<\/div>\n<\/div>\n<p><strong>Suite Double<\/strong><\/p>\n<p><img decoding=\"async\" src=\"https:\/\/dalatreview.vn\/wp-content\/uploads\/2022\/09\/6-1.jpg\" alt=\"Suite Double\" width=\"1200\" height=\"800\" \/><\/p>\n<\/div>\n<div>\n<p><img decoding=\"async\" class=\"aligncenter wp-image-33233 size-full\" src=\"https:\/\/dalatreview.vn\/wp-content\/uploads\/2022\/09\/z4822093118318_ca44a57e3c07c49b6c1dd8fbe8577c26.jpg\" alt=\"b\u1eb1ng gi\u00e1 ph\u00f2ng omirita resort\" width=\"1275\" height=\"759\" \/><\/p>\n<p><strong>GHI CH\u00da<\/strong><\/p>\n<p>&#8211; Gi\u00e1 tr\u00ean \u00e1p d\u1ee5ng cho 2 ng\u01b0\u1eddi l\u1edbn v\u00e0 mi\u1ec5n ph\u00ed 01 tr\u1ebb d\u01b0\u1edbi 6 tu\u1ed5i. Ri\u00eang ph\u00f2ng Triple \u00e1p d\u1ee5ng cho 3 ng\u01b0\u1eddi l\u1edbn v\u00e0 mi\u1ec5n ph\u00ed 01 tr\u1ebb d\u01b0\u1edbi 6 tu\u1ed5i.<\/p>\n<p>&#8211; Tr\u01b0\u1eddng h\u1ee3p tr\u1ebb em th\u1ee9 hai t\u1eeb 6 tu\u1ed5i s\u1ebd ph\u1ee5 thu b\u00ecnh th\u01b0\u1eddng.<\/p>\n<p>&#8211; Gi\u00e1 tr\u00ean ch\u01b0a bao g\u1ed3m VAT v\u00e0 ph\u1ee5 thu L\u1ec5 T\u1ebft.<\/p>\n<p>&#8211; Kh\u00e1ch l\u01b0u tr\u00fa t\u1ea1i kh\u00e1ch s\u1ea1n ph\u1ea3i xu\u1ea5t tr\u00ecnh gi\u1ea5y t\u1edd t\u00f9y th\u00e2n v\u00e0 gi\u1ea5y khai sinh (\u0111\u1ed1i v\u1edbi tr\u1ebb em) \u0111\u1ec3 l\u00e0m th\u1ee7 t\u1ee5c nh\u1eadn ph\u00f2ng.<\/p>\n<\/div>\n<\/div>\n<\/div>\n<div data-id=\"d5bac78\" data-element_type=\"widget\" data-settings=\"{&quot;enabled_visibility&quot;:&quot;yes&quot;}\" data-widget_type=\"icon-list.default\">\n<div>\n<div data-id=\"eb5ee92\" data-element_type=\"widget\" data-widget_type=\"icon-box.default\">\n<div>\n<div>\n<div>\n<h2 id=\"5-lien-he\">5. Li\u00ean h\u1ec7<\/h2>\n<p>Li\u00ean h\u1ec7 book ph\u00f2ng: <a href=\"https:\/\/zalo.me\/dalatreview\" target=\"_blank\" rel=\"noopener\">\u0110\u00e0 L\u1ea1t Review T\u1ea5t T\u1ea7n T\u1eadt<\/a><\/p>\n<p>S\u0110T\/Zalo: 0968 249 297<\/p>\n<p>Xem th\u00eam b\u00e0i vi\u1ebft kh\u00e1c t\u1ea1i:\u00a0<a href=\"https:\/\/dalatreview.vn\/en\/\">\u0110\u00e0 L\u1ea1t Review<\/a><\/p>\n<\/div>\n<\/div>\n<\/div>\n<\/div>\n<\/div>\n<\/div>","protected":false},"excerpt":{"rendered":"<p>Omirita Resort n\u1ed5i b\u1eadt v\u1edbi nh\u1eefng ng\u00f4i bi\u1ec7t th\u1ef1 ki\u1ec3u Ph\u00e1p trong r\u1eebng th\u00f4ng. Khi \u0111\u1ebfn \u0111\u00e2y b\u1ea1n s\u1ebd \u0111\u01b0\u1ee3c t\u1eadn h\u01b0\u1edfng k\u1ef3 ngh\u1ec9 g\u1ea7n g\u0169i thi\u00ean nhi\u00ean nh\u01b0ng v\u1eabn \u0111\u1ea7y \u0111\u1ee7 ti\u1ec7n nghi<\/p>","protected":false},"featured_media":33211,"comment_status":"open","ping_status":"closed","template":"","meta":{"_acf_changed":false,"rank_math_lock_modified_date":false},"product_cat":[44,29],"product_tag":[],"acf":[],"_links":{"self":[{"href":"https:\/\/dalatreview.vn\/en\/wp-json\/wp\/v2\/product\/22411"}],"collection":[{"href":"https:\/\/dalatreview.vn\/en\/wp-json\/wp\/v2\/product"}],"about":[{"href":"https:\/\/dalatreview.vn\/en\/wp-json\/wp\/v2\/types\/product"}],"replies":[{"embeddable":true,"href":"https:\/\/dalatreview.vn\/en\/wp-json\/wp\/v2\/comments?post=22411"}],"wp:featuredmedia":[{"embeddable":true,"href":"https:\/\/dalatreview.vn\/en\/wp-json\/wp\/v2\/media\/33211"}],"wp:attachment":[{"href":"https:\/\/dalatreview.vn\/en\/wp-json\/wp\/v2\/media?parent=22411"}],"wp:term":[{"taxonomy":"product_cat","embeddable":true,"href":"https:\/\/dalatreview.vn\/en\/wp-json\/wp\/v2\/product_cat?post=22411"},{"taxonomy":"product_tag","embeddable":true,"href":"https:\/\/dalatreview.vn\/en\/wp-json\/wp\/v2\/product_tag?post=22411"}],"curies":[{"name":"wp","href":"https:\/\/api.w.org\/{rel}","templated":true}]}}