
{"id":22000,"date":"2022-09-05T15:21:10","date_gmt":"2022-09-05T08:21:10","guid":{"rendered":"https:\/\/dalatreview.vn\/?p=22000"},"modified":"2024-07-11T08:48:32","modified_gmt":"2024-07-11T01:48:32","slug":"villa-da-lat-vip-mang-lin-8-phong","status":"publish","type":"product","link":"https:\/\/dalatreview.vn\/en\/villa-da-lat-vip-mang-lin-8-phong.html","title":{"rendered":"Villa \u0110\u00e0 L\u1ea1t VIP M\u0103ng Lin 8 ph\u00f2ng"},"content":{"rendered":"<nav class=\"vietrick-auto-toc\">\n<div class=\"box-title\">\n<h3 class=\"toc-title\" id=\"select-menu\">Danh m\u1ee5c ch\u00ednh<\/h3>\n<div><ion-icon name=\"chevron-up-outline\"><\/ion-icon><\/div>\n<\/div>\n<ul class=\"toc-list\"><\/ul>\n<li><a href='https:\/\/dalatreview.vn\/en#villa-da-lat-vip-mang-lin-8-phong' class='heading-h1 toc-link smooth-scroll'>Villa \u0110\u00e0 L\u1ea1t VIP M\u0103ng Lin 8 ph\u00f2ng<\/a>\n<li><a href='https:\/\/dalatreview.vn\/en#1-vi-tri' class='heading-h1 toc-link smooth-scroll'>1. V\u1ecb tr\u00ed<\/a>\n<li><a href='https:\/\/dalatreview.vn\/en#2-co-cau' class='heading-h1 toc-link smooth-scroll'>2. C\u01a1 c\u1ea5u <\/a>\n<li><a href='https:\/\/dalatreview.vn\/en#3-gia' class='heading-h1 toc-link smooth-scroll'>3. Gi\u00e1\u00a0<\/a>\n<li><a href='https:\/\/dalatreview.vn\/en#4-lien-he' class='heading-h1 toc-link smooth-scroll'>4. Li\u00ean h\u1ec7<\/a><\/ul>\n<\/li>\n<\/ul>\n<\/nav>\n<h1 style=\"text-align: center;\" id=\"villa-da-lat-vip-mang-lin-8-phong\"><span style=\"color: #003300; font-size: 28px;\">Villa \u0110\u00e0 L\u1ea1t VIP M\u0103ng Lin 8 ph\u00f2ng<\/span><\/h1>\n<p><strong><em>L\u00e2u \u0111\u00e0i Ph\u00e1p tr\u00ean cao nguy\u00ean th\u00f4ng xanh &#8211; c\u0103n villa n\u1eb1m t\u1ea1i khu M\u0103ng Lin c\u00e1ch \u0110\u00e0 L\u1ea1t 10km<\/em><\/strong><\/p>\n<div dir=\"auto\">M\u1ed9t ng\u00f4i nh\u00e0 n\u1eb1m tr\u00ean \u0111\u1ed3i cao, ven theo thung l\u0169ng, n\u01a1i qu\u00fd kh\u00e1ch c\u00f3 th\u1ec3 ph\u00f3ng t\u1ea7m m\u1eaft ra nh\u1eefng c\u00e1ch r\u1eebng th\u00f4ng \u0111\u1eb9p tuy\u1ec7t v\u1eddi c\u1ee7a \u0110\u00e0 L\u1ea1t, n\u01a1i qu\u00fd kh\u00e1ch c\u00f3 th\u1ec3 ng\u1eafm tr\u1ecdn b\u00ecnh m\u00ecnh v\u00e0 ho\u00e0ng h\u00f4n m\u1ed7i ng\u00e0y.<\/div>\n<div dir=\"auto\"><\/div>\n<div dir=\"auto\">\u00a0 \u00a0 \u00a0 <img decoding=\"async\" class=\"aligncenter wp-image-22048 size-full\" src=\"https:\/\/dalatreview.vn\/wp-content\/uploads\/2022\/09\/12.jpg\" alt=\"villa vip mang lin 8p\" width=\"1280\" height=\"869\" \/><\/div>\n<div dir=\"auto\"><\/div>\n<div dir=\"auto\">L\u00e0 khu t\u1ed5 h\u1ee3p bao g\u1ed3m Ph\u00f2ng ngh\u1ec9 kh\u00e1ch s\u1ea1n, nh\u00e0 h\u00e0ng v\u00e0 s\u00e2n kh\u1ea5u<\/div>\n<div dir=\"auto\"><\/div>\n<div dir=\"auto\">\n<div dir=\"auto\">L\u00e0 \u0111i\u1ec3m ngh\u1ec9 d\u01b0\u1ee1ng, vui ch\u01a1i v\u00e0 t\u1eadn k\u00ec ngh\u1ec9 c\u1ef1c chill. \u0110\u00e0 L\u1ea1t Review mong mu\u1ed1n mang \u0111\u1ebfn cho c\u00e1c b\u1ea1n nh\u1eefng tr\u1ea3i nghi\u1ec7m qu\u00fd gi\u00e1, nh\u1eefng cung b\u1eadc c\u1ea3m x\u00fac v\u00e0 nh\u1eefng kho\u1ea3nh kh\u1eafc h\u1ea1nh ph\u00fac nh\u1ea5t b\u00ean gia \u0111\u00ecnh v\u00e0 ng\u01b0\u1eddi th\u00e2n.<\/div>\n<div dir=\"auto\"><\/div>\n<\/div>\n<div dir=\"auto\"><img decoding=\"async\" class=\"alignnone wp-image-22047 size-full\" src=\"https:\/\/dalatreview.vn\/wp-content\/uploads\/2022\/09\/11.jpg\" alt=\"villa vip mang lin 8p\" width=\"2048\" height=\"1374\" \/><\/div>\n<h1 class=\"tt_address\" id=\"1-vi-tri\"><span style=\"color: #003300;\"><strong><span style=\"font-size: 20px;\">1. V\u1ecb tr\u00ed<\/span><\/strong><\/span><\/h1>\n<p class=\"tt_address\">Th\u00f4n M\u0103ng Lin, C\u00e1ch Trung T\u00e2m \u0110\u00e0 L\u1ea1t 10km<\/p>\n<h1 class=\"tt_sophong\" id=\"2-co-cau\"><strong><span style=\"font-size: 20px; color: #003300;\">2. C\u01a1 c\u1ea5u <\/span><\/strong><\/h1>\n<div dir=\"auto\"><strong>C\u0103n villa nh\u1ecf <\/strong><\/div>\n<div dir=\"auto\">Bao g\u1ed3m 8 ph\u00f2ng ng\u1ee7 (bao g\u1ed3m 2 Premier Twin v\u00e0 6 Premier Double)<\/div>\n<div dir=\"auto\">Villa c\u00f3 s\u1ee9c ch\u1ee9a t\u1eeb 16 &#8211; 20 ng\u01b0\u1eddi.<\/div>\n<div dir=\"auto\">Gi\u00e1 12.000.000\/ \u0111\u00eam<\/div>\n<div dir=\"auto\">C\u00f3 b\u00e1n ph\u00f2ng l\u1ebb gi\u00e1 2.000.000\/ \u0111\u00eam<\/div>\n<div dir=\"auto\"><\/div>\n<div dir=\"auto\"><img decoding=\"async\" class=\"alignnone wp-image-22041 size-full\" src=\"https:\/\/dalatreview.vn\/wp-content\/uploads\/2022\/09\/5.jpg\" alt=\"villa vip mang lin 8p\" width=\"2048\" height=\"1363\" \/><\/div>\n<div dir=\"auto\"><\/div>\n<div dir=\"auto\"><\/div>\n<div dir=\"auto\"><img decoding=\"async\" class=\"alignnone wp-image-22045 size-full\" src=\"https:\/\/dalatreview.vn\/wp-content\/uploads\/2022\/09\/9.jpg\" alt=\"villa vip mang lin 8p\" width=\"2048\" height=\"1363\" \/><\/div>\n<div dir=\"auto\"><\/div>\n<div dir=\"auto\"><strong>C\u0103n villa l\u1edbn <\/strong><\/div>\n<div dir=\"auto\">Bao g\u1ed3m 14 ph\u00f2ng cho 28 &#8211; 30 kh\u00e1ch<\/div>\n<div dir=\"auto\">Gi\u00e1: 23.000.000\/\u0111\u00eam<\/div>\n<div dir=\"auto\"><\/div>\n<div dir=\"auto\"><img decoding=\"async\" class=\"alignnone wp-image-22046 size-full\" src=\"https:\/\/dalatreview.vn\/wp-content\/uploads\/2022\/09\/10.jpg\" alt=\"villa vip mang lin 8p\" width=\"2048\" height=\"1391\" \/><\/div>\n<div dir=\"auto\"><\/div>\n<div dir=\"auto\"><\/div>\n<div dir=\"auto\"><img decoding=\"async\" class=\"alignnone wp-image-22043 size-full\" src=\"https:\/\/dalatreview.vn\/wp-content\/uploads\/2022\/09\/7.jpg\" alt=\"villa vip mang lin 8p\" width=\"1434\" height=\"2048\" \/><\/div>\n<div dir=\"auto\"><\/div>\n<div dir=\"auto\">*Gi\u00e1 villa \u0111\u00e3 bao g\u1ed3m \u0103n s\u00e1ng<\/div>\n<div dir=\"auto\">\n<div class=\"__fb-light-mode om3e55n1\" role=\"row\">\n<div class=\"\">\n<div class=\"alzwoclg cqf1kptm om3e55n1\" role=\"gridcell\" data-scope=\"messages_table\" data-release-focus-from=\"CLICK\">\n<div class=\"alzwoclg\" role=\"none\">\n<div class=\"alzwoclg cgu29s5g i15ihif8 aeinzg81\" role=\"none\" data-testid=\"message-container\">\n<div class=\"k88nbmki alzwoclg cqf1kptm adechonz siu44isn lg77cbj3 gv6qu0l5\" role=\"none\">\n<div class=\"alzwoclg mfclru0v\" role=\"none\">\n<div class=\"hael596l alzwoclg cqf1kptm gvxzyvdx om3e55n1\">\n<div class=\"alzwoclg mfclru0v\" role=\"none\">\n<div class=\"q46jt4gp aesu6q9g r5g9zsuq e4ay1f3w om3e55n1 lq84ybu9 hf30pyar rt34pxt2 jao8r537 pdqhzjwd l4uc2m3f t7p7dqev qsbzbi57 subw1o1z b0ur3jhr gffp4m6x\" role=\"none\" data-testid=\"solid-message-bubble\">\n<div class=\"bdao358l om3e55n1 g4tp4svg __fb-light-mode\" role=\"none\">\n<div class=\"ztn2w49o n3t5jt4f k1z55t6l ne6e0wym pbevjfx6\" dir=\"auto\" role=\"none\">Ph\u00e1t sinh ph\u1ee5 thu \u0103n s\u00e1ng 100,000\/ kh\u00e1ch\/ b\u1eefa<\/div>\n<\/div>\n<\/div>\n<\/div>\n<\/div>\n<\/div>\n<\/div>\n<\/div>\n<\/div>\n<\/div>\n<\/div>\n<\/div>\n<div class=\"__fb-light-mode om3e55n1\" role=\"row\">\n<div class=\"\">\n<div class=\"alzwoclg cqf1kptm om3e55n1\" role=\"gridcell\" data-scope=\"messages_table\" data-release-focus-from=\"CLICK\">\n<div class=\"alzwoclg\" role=\"none\">\n<div class=\"alzwoclg cgu29s5g i15ihif8 aeinzg81\" role=\"none\" data-testid=\"message-container\">\n<div class=\"k88nbmki alzwoclg cqf1kptm adechonz siu44isn lg77cbj3 gv6qu0l5\" role=\"none\">\n<div class=\"alzwoclg mfclru0v\" role=\"none\">\n<div class=\"hael596l alzwoclg cqf1kptm gvxzyvdx om3e55n1\">\n<div class=\"alzwoclg mfclru0v\" role=\"none\">\n<div class=\"q46jt4gp aesu6q9g r5g9zsuq e4ay1f3w om3e55n1 lq84ybu9 hf30pyar jao8r537 pdqhzjwd dtqh1a21 l4uc2m3f t7p7dqev qsbzbi57 subw1o1z b0ur3jhr dl2p71xr\" role=\"none\" data-testid=\"solid-message-bubble\">\n<div class=\"bdao358l om3e55n1 g4tp4svg __fb-light-mode\" role=\"none\">\n<div class=\"ztn2w49o n3t5jt4f k1z55t6l ne6e0wym pbevjfx6\" dir=\"auto\" role=\"none\">\u0102n s\u00e1ng 1 t\u00f4 + 1 ly<\/div>\n<div class=\"ztn2w49o n3t5jt4f k1z55t6l ne6e0wym pbevjfx6\" dir=\"auto\" role=\"none\">(T\u00f4: Ph\u1edf ho\u1eb7c b\u00fan b\u00f2 ho\u1eb7c h\u1ee7 ti\u1ebfu&#8230;ho\u1eb7c b\u00e1nh m\u00ec \u1ed1p la<\/div>\n<div class=\"ztn2w49o n3t5jt4f k1z55t6l ne6e0wym pbevjfx6\" dir=\"auto\" role=\"none\">Ly: s\u1eefa \u0111\u1eadu n\u00e0nh ho\u1eb7c cafe, V\u00e0 c\u00f3 th\u00eam khoai, b\u1eafp lu\u1ed9c)<\/div>\n<div dir=\"auto\" role=\"none\"><\/div>\n<\/div>\n<\/div>\n<\/div>\n<\/div>\n<\/div>\n<\/div>\n<\/div>\n<\/div>\n<\/div>\n<\/div>\n<\/div>\n<\/div>\n<div dir=\"auto\">* Ph\u00f2ng kh\u00e1ch r\u1ed9ng, ti\u1ec7n nghi, tr\u00e0n ng\u1eadp \u00e1nh s\u00e1ng. ph\u00f2ng b\u1ebfp sang tr\u1ecdng \u1ea5m c\u00fang.<\/div>\n<div dir=\"auto\"><\/div>\n<div dir=\"auto\"><\/div>\n<div dir=\"auto\"><img decoding=\"async\" class=\"alignnone wp-image-22038 size-full\" src=\"https:\/\/dalatreview.vn\/wp-content\/uploads\/2022\/09\/2.jpg\" alt=\"villa vip mang lin 8p\" width=\"2048\" height=\"1406\" \/><\/div>\n<div dir=\"auto\"><\/div>\n<div dir=\"auto\"><\/div>\n<div dir=\"auto\">* S\u00e2n v\u01b0\u1eddn r\u1ed9ng, v\u1edbi nhi\u1ec1u l\u1ea1i hoa \u0111\u1eb7c tr\u01b0ng c\u1ee7a \u0110\u00e0 l\u1ea1t.<\/div>\n<div dir=\"auto\">* C\u00f3 khu v\u1ef1c l\u00e0m BBQ ri\u00eang, v\u1edbi view \u0111\u1eb9p.<\/div>\n<div dir=\"auto\"><\/div>\n<div dir=\"auto\"><img decoding=\"async\" class=\"alignnone wp-image-22040 size-full\" src=\"https:\/\/dalatreview.vn\/wp-content\/uploads\/2022\/09\/4.jpg\" alt=\"villa vip mang lin 8p\" width=\"1418\" height=\"2048\" \/><\/div>\n<div dir=\"auto\"><\/div>\n<div dir=\"auto\">* Ngo\u00e0i ra c\u0103n c\u00f2n c\u00f3 nh\u00e0 h\u00e0ng, n\u1eb1m \u1edf l\u01b0ng ch\u1eebng thung l\u0169ng, b\u1ea1n c\u00f3 th\u1ec3 th\u01b0\u1edfng th\u1ee9c c\u00e1c m\u00f3n \u0103n ngon v\u00e0 ph\u00f3ng t\u1ea7m nh\u00ecn ra c\u00e1c trang tr\u1ea1i hoa, \u0111\u1ed3i th\u00f4ng ph\u00eda xa xa.<\/div>\n<div dir=\"auto\">Kh\u00f4ng gian tho\u00e1ng m\u00e1t, thung l\u0169ng \u0111\u00e8n nh\u00e0 l\u1ed3ng, khu\u00f4n vi\u00ean xanh r\u1ef1c r\u1ee1 s\u1eafc hoa.<\/div>\n<div dir=\"auto\"><\/div>\n<div dir=\"auto\"><img decoding=\"async\" class=\"alignnone wp-image-22039 size-full\" src=\"https:\/\/dalatreview.vn\/wp-content\/uploads\/2022\/09\/3.jpg\" alt=\"villa vip mang lin 8p\" width=\"2048\" height=\"1324\" \/><\/div>\n<h1 id=\"3-gia\"><strong><span style=\"font-size: 20px; color: #003300;\">3. Gi\u00e1\u00a0<\/span><\/strong><\/h1>\n<div dir=\"auto\">t\u1eeb 12.000.000\/ \u0111\u00eam<\/div>\n<div dir=\"auto\">Vui l\u00f2ng li\u00ean h\u1ec7 v\u1edbi \u0110\u00e0 L\u1ea1t Review v\u1ec1 s\u1ed1 kh\u00e1ch v\u00e0 s\u1ed1 ng\u00e0y l\u01b0u tr\u00fa \u0111\u1ec3 nh\u1eadn b\u00e1o gi\u00e1 t\u1ed1t nh\u1ea5t<\/div>\n<h1 id=\"4-lien-he\"><span style=\"color: #003300;\"><strong><span style=\"font-size: 20px;\">4. Li\u00ean h\u1ec7<\/span><\/strong><\/span><\/h1>\n<div dir=\"auto\">Hotline (Call\/ Zalo): 0968.249.297<\/div>\n<div dir=\"auto\"><\/div>\n<div dir=\"auto\"><\/div>","protected":false},"excerpt":{"rendered":"<p>Danh m\u1ee5c ch\u00ednh Villa \u0110\u00e0 L\u1ea1t VIP M\u0103ng Lin 8 ph\u00f2ng 1. V\u1ecb tr\u00ed 2. C\u01a1 c\u1ea5u 3. Gi\u00e1\u00a0 4. Li\u00ean h\u1ec7 Villa \u0110\u00e0 L\u1ea1t VIP M\u0103ng Lin 8 ph\u00f2ng L\u00e2u \u0111\u00e0i Ph\u00e1p tr\u00ean cao nguy\u00ean th\u00f4ng xanh &#8211; c\u0103n villa n\u1eb1m t\u1ea1i khu M\u0103ng Lin c\u00e1ch \u0110\u00e0 L\u1ea1t 10km M\u1ed9t ng\u00f4i nh\u00e0 n\u1eb1m tr\u00ean [&hellip;]<\/p>","protected":false},"featured_media":22048,"comment_status":"open","ping_status":"closed","template":"","meta":{"_acf_changed":false,"rank_math_lock_modified_date":false},"product_cat":[2265,29,45],"product_tag":[],"acf":[],"_links":{"self":[{"href":"https:\/\/dalatreview.vn\/en\/wp-json\/wp\/v2\/product\/22000"}],"collection":[{"href":"https:\/\/dalatreview.vn\/en\/wp-json\/wp\/v2\/product"}],"about":[{"href":"https:\/\/dalatreview.vn\/en\/wp-json\/wp\/v2\/types\/product"}],"replies":[{"embeddable":true,"href":"https:\/\/dalatreview.vn\/en\/wp-json\/wp\/v2\/comments?post=22000"}],"wp:featuredmedia":[{"embeddable":true,"href":"https:\/\/dalatreview.vn\/en\/wp-json\/wp\/v2\/media\/22048"}],"wp:attachment":[{"href":"https:\/\/dalatreview.vn\/en\/wp-json\/wp\/v2\/media?parent=22000"}],"wp:term":[{"taxonomy":"product_cat","embeddable":true,"href":"https:\/\/dalatreview.vn\/en\/wp-json\/wp\/v2\/product_cat?post=22000"},{"taxonomy":"product_tag","embeddable":true,"href":"https:\/\/dalatreview.vn\/en\/wp-json\/wp\/v2\/product_tag?post=22000"}],"curies":[{"name":"wp","href":"https:\/\/api.w.org\/{rel}","templated":true}]}}