
{"id":21917,"date":"2022-08-31T16:02:03","date_gmt":"2022-08-31T09:02:03","guid":{"rendered":"https:\/\/dalatreview.vn\/?p=21917"},"modified":"2024-07-11T08:48:54","modified_gmt":"2024-07-11T01:48:54","slug":"villa-da-lat-vip-co-ho-boi-10-phong-ngu","status":"publish","type":"product","link":"https:\/\/dalatreview.vn\/en\/villa-da-lat-vip-co-ho-boi-10-phong-ngu.html","title":{"rendered":"Villa \u0110\u00e0 L\u1ea1t VIP c\u00f3 h\u1ed3 b\u01a1i 14 ph\u00f2ng ng\u1ee7"},"content":{"rendered":"<nav class=\"vietrick-auto-toc\">\n<div class=\"box-title\">\n<h3 class=\"toc-title\" id=\"select-menu\">Danh m\u1ee5c ch\u00ednh<\/h3>\n<div><ion-icon name=\"chevron-up-outline\"><\/ion-icon><\/div>\n<\/div>\n<ul class=\"toc-list\"><\/ul>\n<li><a href='https:\/\/dalatreview.vn\/en#villa-da-lat-phuong-7-vip-co-ho-boi-14-phong-ngu' class='heading-h1 toc-link smooth-scroll'>Villa \u0110\u00e0 L\u1ea1t ph\u01b0\u1eddng 7 VIP c\u00f3 h\u1ed3 b\u01a1i 14 ph\u00f2ng ng\u1ee7<\/a><\/ul>\n<\/li>\n<\/ul>\n<\/nav>\n<h1 style=\"text-align: center;\" id=\"villa-da-lat-phuong-7-vip-co-ho-boi-14-phong-ngu\"><span style=\"color: #003300;\"><strong><span style=\"font-size: 28px;\">Villa \u0110\u00e0 L\u1ea1t ph\u01b0\u1eddng 7 VIP c\u00f3 h\u1ed3 b\u01a1i 14 ph\u00f2ng ng\u1ee7<\/span><\/strong><\/span><\/h1>\n<div class=\"mfn553m3\"><span class=\"gvxzyvdx aeinzg81 t7p7dqev gh25dzvf exr7barw k1z55t6l oog5qr5w tes86rjd pbevjfx6\"><b>X\u1ebfp bikini v\u00e0o vali \u0111i du h\u00ed \u0110\u00e0\u00a0L\u1ea1t c\u00f9ng h\u1ed9i b\u1ea1n th\u00e2n n\u00e0o!!!<\/b><\/span><\/div>\n<div class=\"mfn553m3\"><span class=\"gvxzyvdx aeinzg81 t7p7dqev gh25dzvf exr7barw k1z55t6l oog5qr5w tes86rjd pbevjfx6\"><span class=\"fxk3tzhb b2rh1bv3 gh55jysx m8h3af8h ewco64xe kjdc1dyq ms56khn7 bq6c9xl4 eohcrkr5 akh3l2rg\"><img decoding=\"async\" src=\"https:\/\/static.xx.fbcdn.net\/images\/emoji.php\/v9\/t42\/1\/16\/1f4a7.png\" alt=\"\ud83d\udca7\" width=\"16\" height=\"16\" \/><\/span><span class=\"fxk3tzhb b2rh1bv3 gh55jysx m8h3af8h ewco64xe kjdc1dyq ms56khn7 bq6c9xl4 eohcrkr5 akh3l2rg\"><img decoding=\"async\" src=\"https:\/\/static.xx.fbcdn.net\/images\/emoji.php\/v9\/tc1\/1\/16\/1f4a6.png\" alt=\"\ud83d\udca6\" width=\"16\" height=\"16\" \/><\/span><span class=\"fxk3tzhb b2rh1bv3 gh55jysx m8h3af8h ewco64xe kjdc1dyq ms56khn7 bq6c9xl4 eohcrkr5 akh3l2rg\"><img decoding=\"async\" src=\"https:\/\/static.xx.fbcdn.net\/images\/emoji.php\/v9\/t69\/1\/16\/1f3ca.png\" alt=\"\ud83c\udfca\" width=\"16\" height=\"16\" \/><\/span><span class=\"fxk3tzhb b2rh1bv3 gh55jysx m8h3af8h ewco64xe kjdc1dyq ms56khn7 bq6c9xl4 eohcrkr5 akh3l2rg\"><img decoding=\"async\" src=\"https:\/\/static.xx.fbcdn.net\/images\/emoji.php\/v9\/tf0\/1\/16\/1f459.png\" alt=\"\ud83d\udc59\" width=\"16\" height=\"16\" \/><\/span><span class=\"fxk3tzhb b2rh1bv3 gh55jysx m8h3af8h ewco64xe kjdc1dyq ms56khn7 bq6c9xl4 eohcrkr5 akh3l2rg\"><img decoding=\"async\" src=\"https:\/\/static.xx.fbcdn.net\/images\/emoji.php\/v9\/t69\/1\/16\/1f452.png\" alt=\"\ud83d\udc52\" width=\"16\" height=\"16\" \/><\/span><span class=\"fxk3tzhb b2rh1bv3 gh55jysx m8h3af8h ewco64xe kjdc1dyq ms56khn7 bq6c9xl4 eohcrkr5 akh3l2rg\"><img decoding=\"async\" src=\"https:\/\/static.xx.fbcdn.net\/images\/emoji.php\/v9\/tec\/1\/16\/1f576.png\" alt=\"\ud83d\udd76\" width=\"16\" height=\"16\" \/><\/span><\/span><\/div>\n<div><\/div>\n<div><img decoding=\"async\" class=\"alignnone wp-image-21929 size-full\" src=\"https:\/\/dalatreview.vn\/wp-content\/uploads\/2022\/08\/7eb6e55e16cfd3918ade.jpg\" alt=\"\" width=\"2048\" height=\"1364\"><\/div>\n<div class=\"mfn553m3\"><\/div>\n<div class=\"mfn553m3\"><span class=\"gvxzyvdx aeinzg81 t7p7dqev gh25dzvf exr7barw k1z55t6l oog5qr5w tes86rjd pbevjfx6\"><i><span class=\"fxk3tzhb b2rh1bv3 gh55jysx m8h3af8h ewco64xe kjdc1dyq ms56khn7 bq6c9xl4 eohcrkr5 akh3l2rg\"><img decoding=\"async\" src=\"https:\/\/static.xx.fbcdn.net\/images\/emoji.php\/v9\/tf0\/1\/16\/1f459.png\" alt=\"\ud83d\udc59\" width=\"16\" height=\"16\" \/><\/span><span class=\"fxk3tzhb b2rh1bv3 gh55jysx m8h3af8h ewco64xe kjdc1dyq ms56khn7 bq6c9xl4 eohcrkr5 akh3l2rg\"><img decoding=\"async\" src=\"https:\/\/static.xx.fbcdn.net\/images\/emoji.php\/v9\/tec\/1\/16\/1f576.png\" alt=\"\ud83d\udd76\" width=\"16\" height=\"16\" \/><\/span>\u00a0\u0110\u00fang r\u1ed3i b\u1ea1n kh\u00f4ng nghe nh\u1ea7m \u0111\u00e2u, book ngay c\u0103n villa c\u00f3 h\u1ed3 b\u01a1i x\u1ecbn x\u00f2 s\u1ed1ng \u1ea3o ngay th\u00f4i\u00a0<span class=\"fxk3tzhb b2rh1bv3 gh55jysx m8h3af8h ewco64xe kjdc1dyq ms56khn7 bq6c9xl4 eohcrkr5 akh3l2rg\"><img decoding=\"async\" src=\"https:\/\/static.xx.fbcdn.net\/images\/emoji.php\/v9\/t69\/1\/16\/1f452.png\" alt=\"\ud83d\udc52\" width=\"16\" height=\"16\" \/><\/span><\/i><\/span><\/div>\n<div><\/div>\n<div><img decoding=\"async\" class=\"alignnone wp-image-21937 size-full\" src=\"https:\/\/dalatreview.vn\/wp-content\/uploads\/2022\/08\/pool-1-scaled-1.jpg\" alt=\"\" width=\"2560\" height=\"1920\"><\/div>\n<div class=\"mfn553m3\"><\/div>\n<div class=\"mfn553m3\"><span class=\"gvxzyvdx aeinzg81 t7p7dqev gh25dzvf exr7barw k1z55t6l oog5qr5w tes86rjd pbevjfx6\"><span class=\"fxk3tzhb b2rh1bv3 gh55jysx m8h3af8h ewco64xe kjdc1dyq ms56khn7 bq6c9xl4 eohcrkr5 akh3l2rg\"><img decoding=\"async\" src=\"https:\/\/static.xx.fbcdn.net\/images\/emoji.php\/v9\/tf0\/1\/16\/1f459.png\" alt=\"\ud83d\udc59\" width=\"16\" height=\"16\" \/><\/span>\u00a0Villa c\u00f3 thi\u1ebft k\u1ebf hi\u1ec7n \u0111\u1ea1i, n\u1ed9i th\u1ea5t ti\u1ec7n nghi, d\u1ecbch v\u1ee5 t\u01b0\u01a1ng \u0111\u01b0\u01a1ng v\u1edbi kh\u00e1ch s\u1ea1n 3 sao.<\/span><\/div>\n<div class=\"mfn553m3\"><span class=\"gvxzyvdx aeinzg81 t7p7dqev gh25dzvf exr7barw k1z55t6l oog5qr5w tes86rjd pbevjfx6\"><span class=\"fxk3tzhb b2rh1bv3 gh55jysx m8h3af8h ewco64xe kjdc1dyq ms56khn7 bq6c9xl4 eohcrkr5 akh3l2rg\"><img decoding=\"async\" src=\"https:\/\/static.xx.fbcdn.net\/images\/emoji.php\/v9\/tf0\/1\/16\/1f459.png\" alt=\"\ud83d\udc59\" width=\"16\" height=\"16\" \/><\/span>\u00a0Ti\u1ec7n \u00edch: h\u1ed3 b\u01a1i, khu h\u1ed3 c\u00e1 koi v\u00e0 s\u00e2n v\u01b0\u1eddn t\u1ed5ng di\u1ec7n t\u00edch g\u1ea7n 400m2, loa karaoke, b\u1ebfp \u0111\u1ea7y \u0111\u1ee7 ti\u1ec7n nghi, b\u00e3i \u0111\u1eadu xe si\u00eau r\u1ed9ng, &#8230; tha h\u1ed3 t\u1ed5 ch\u1ee9c c\u00e1c s\u1ef1 ki\u1ec7n ngo\u00e0i tr\u1eddi nh\u01b0 ti\u1ec7c k\u1ec9 ni\u1ec7m, pool party, sinh nh\u1eadt, BBQ<\/span><\/div>\n<div><\/div>\n<div><span class=\"gvxzyvdx aeinzg81 t7p7dqev gh25dzvf exr7barw k1z55t6l oog5qr5w tes86rjd pbevjfx6\"><b><img decoding=\"async\" class=\"alignnone wp-image-21927 size-full\" src=\"https:\/\/dalatreview.vn\/wp-content\/uploads\/2022\/08\/6-2.jpg\" alt=\"\" width=\"2048\" height=\"1365\"><\/b><\/span><\/div>\n<div><\/div>\n<div><\/div>\n<div class=\"mfn553m3\"><span class=\"gvxzyvdx aeinzg81 t7p7dqev gh25dzvf exr7barw k1z55t6l oog5qr5w tes86rjd pbevjfx6\"><span class=\"fxk3tzhb b2rh1bv3 gh55jysx m8h3af8h ewco64xe kjdc1dyq ms56khn7 bq6c9xl4 eohcrkr5 akh3l2rg\"><img decoding=\"async\" src=\"https:\/\/static.xx.fbcdn.net\/images\/emoji.php\/v9\/tf0\/1\/16\/1f459.png\" alt=\"\ud83d\udc59\" width=\"16\" height=\"16\" \/><\/span> C\u01a1 c\u1ea5u: 14 ph\u00f2ng ng\u1ee7: 10 \u0111\u01a1n, 4 \u0111\u00f4i<\/span><\/div>\n<div><img decoding=\"async\" class=\"alignnone wp-image-21939 size-full\" src=\"https:\/\/dalatreview.vn\/wp-content\/uploads\/2022\/08\/p-don-1-scaled-1.jpg\" alt=\"\" width=\"2560\" height=\"1920\"><\/div>\n<div><\/div>\n<div><img decoding=\"async\" class=\"alignnone wp-image-21938 size-full\" src=\"https:\/\/dalatreview.vn\/wp-content\/uploads\/2022\/08\/p-doi-2-scaled-1.jpg\" alt=\"\" width=\"2560\" height=\"1920\"><\/div>\n<div class=\"mfn553m3\"><\/div>\n<div class=\"mfn553m3\"><span class=\"gvxzyvdx aeinzg81 t7p7dqev gh25dzvf exr7barw k1z55t6l oog5qr5w tes86rjd pbevjfx6\"><span class=\"fxk3tzhb b2rh1bv3 gh55jysx m8h3af8h ewco64xe kjdc1dyq ms56khn7 bq6c9xl4 eohcrkr5 akh3l2rg\"><img decoding=\"async\" src=\"https:\/\/static.xx.fbcdn.net\/images\/emoji.php\/v9\/tf9\/1\/16\/1f48e.png\" alt=\"\ud83d\udc8e\" width=\"16\" height=\"16\" \/><\/span>\u00a0\u0110\u1ecba ch\u1ec9: p.7, \u0110\u00e0 L\u1ea1t &#8211; c\u00e1ch ch\u1ee3 3km<\/span><\/div>\n<div><\/div>\n<div class=\"mfn553m3\"><strong><span class=\"gvxzyvdx aeinzg81 t7p7dqev gh25dzvf exr7barw k1z55t6l oog5qr5w tes86rjd pbevjfx6\"><span class=\"fxk3tzhb b2rh1bv3 gh55jysx m8h3af8h ewco64xe kjdc1dyq ms56khn7 bq6c9xl4 eohcrkr5 akh3l2rg\"><img decoding=\"async\" src=\"https:\/\/static.xx.fbcdn.net\/images\/emoji.php\/v9\/tf9\/1\/16\/1f48e.png\" alt=\"\ud83d\udc8e\" width=\"16\" height=\"16\" \/><\/span>\u00a0Booking: 0968.249.297<\/span><\/strong><\/div>","protected":false},"excerpt":{"rendered":"<p>Danh m\u1ee5c ch\u00ednh Villa \u0110\u00e0 L\u1ea1t ph\u01b0\u1eddng 7 VIP c\u00f3 h\u1ed3 b\u01a1i 14 ph\u00f2ng ng\u1ee7 Villa \u0110\u00e0 L\u1ea1t ph\u01b0\u1eddng 7 VIP c\u00f3 h\u1ed3 b\u01a1i 14 ph\u00f2ng ng\u1ee7 X\u1ebfp bikini v\u00e0o vali \u0111i du h\u00ed \u0110\u00e0\u00a0L\u1ea1t c\u00f9ng h\u1ed9i b\u1ea1n th\u00e2n n\u00e0o!!! \u00a0\u0110\u00fang r\u1ed3i b\u1ea1n kh\u00f4ng nghe nh\u1ea7m \u0111\u00e2u, book ngay c\u0103n villa c\u00f3 h\u1ed3 b\u01a1i x\u1ecbn [&hellip;]<\/p>","protected":false},"featured_media":21929,"comment_status":"open","ping_status":"closed","template":"","meta":{"_acf_changed":false,"rank_math_lock_modified_date":false},"product_cat":[29,2265,45],"product_tag":[],"acf":[],"_links":{"self":[{"href":"https:\/\/dalatreview.vn\/en\/wp-json\/wp\/v2\/product\/21917"}],"collection":[{"href":"https:\/\/dalatreview.vn\/en\/wp-json\/wp\/v2\/product"}],"about":[{"href":"https:\/\/dalatreview.vn\/en\/wp-json\/wp\/v2\/types\/product"}],"replies":[{"embeddable":true,"href":"https:\/\/dalatreview.vn\/en\/wp-json\/wp\/v2\/comments?post=21917"}],"wp:featuredmedia":[{"embeddable":true,"href":"https:\/\/dalatreview.vn\/en\/wp-json\/wp\/v2\/media\/21929"}],"wp:attachment":[{"href":"https:\/\/dalatreview.vn\/en\/wp-json\/wp\/v2\/media?parent=21917"}],"wp:term":[{"taxonomy":"product_cat","embeddable":true,"href":"https:\/\/dalatreview.vn\/en\/wp-json\/wp\/v2\/product_cat?post=21917"},{"taxonomy":"product_tag","embeddable":true,"href":"https:\/\/dalatreview.vn\/en\/wp-json\/wp\/v2\/product_tag?post=21917"}],"curies":[{"name":"wp","href":"https:\/\/api.w.org\/{rel}","templated":true}]}}