
{"id":21873,"date":"2022-08-31T15:21:39","date_gmt":"2022-08-31T08:21:39","guid":{"rendered":"https:\/\/dalatreview.vn\/?p=21873"},"modified":"2024-05-29T06:03:27","modified_gmt":"2024-05-29T06:03:27","slug":"villa-da-lat-tran-quang-dieu-2-phong","status":"publish","type":"product","link":"https:\/\/dalatreview.vn\/en\/villa-da-lat-tran-quang-dieu-2-phong.html","title":{"rendered":"Villa \u0110\u00e0 L\u1ea1t Tr\u1ea7n Quang Di\u1ec7u 2 ph\u00f2ng"},"content":{"rendered":"<nav class=\"vietrick-auto-toc\">\n<div class=\"box-title\">\n<h3 class=\"toc-title\" id=\"select-menu\">Danh m\u1ee5c ch\u00ednh<\/h3>\n<div><ion-icon name=\"chevron-up-outline\"><\/ion-icon><\/div>\n<\/div>\n<ul class=\"toc-list\"><\/ul>\n<li><a href='https:\/\/dalatreview.vn\/en#villa-da-lat-tran-quang-dieu-2-phong' class='heading-h1 toc-link smooth-scroll'>VILLA \u0110\u00c0 L\u1ea0T TR\u1ea6N QUANG DI\u1ec6U 2 PH\u00d2NG\u00a0<\/a><\/ul>\n<\/li>\n<\/ul>\n<\/nav>\n<h1 style=\"text-align: center;\" id=\"villa-da-lat-tran-quang-dieu-2-phong\"><span style=\"color: #003300; font-size: 28px;\"><strong>VILLA \u0110\u00c0 L\u1ea0T TR\u1ea6N QUANG DI\u1ec6U 2 PH\u00d2NG\u00a0<\/strong><\/span><\/h1>\n<p><strong><span class=\"text\">NH\u00c0 XINH KH\u00d4NG LO V\u1ec0 GI\u00c1 <\/span><\/strong><\/p>\n<p><span class=\"text\">M\u1ed9t c\u0103n nh\u00e0 nh\u1ecf v\u1edbi 2 ph\u00f2ng ng\u1ee7 h\u00e2n h\u1ea1nh \u0111\u00f3n ti\u1ebfp nh\u1eefng b\u1ea1n y\u00eau \u0110\u00e0 L\u1ea1t theo phong c\u00e1ch homestay d\u00e2n d\u00e3 nh\u01b0ng \u1ea5m \u00e1p.<\/span><\/p>\n<p><img decoding=\"async\" class=\"wp-image-21909 size-full aligncenter\" src=\"https:\/\/dalatreview.vn\/wp-content\/uploads\/2022\/08\/b18c0377e9342c6a7525.jpg\" alt=\"\" width=\"1280\" height=\"854\"><\/p>\n<p><img decoding=\"async\" class=\"wp-image-21910 size-full aligncenter\" src=\"https:\/\/dalatreview.vn\/wp-content\/uploads\/2022\/08\/cab31348f90b3c55651a.jpg\" alt=\"\" width=\"1280\" height=\"854\"><\/p>\n<p><span class=\"text\">V\u1ecb tr\u00ed: \u0110\u01b0\u1eddng Tr\u1ea7n Quang Di\u1ec7u (c\u00e1ch C\u1ed5ng dinh 1 ch\u1ec9 100m), \u0111i xe m\u00e1y ra trung t\u00e2m 5 ph\u00fat.<\/span><\/p>\n<p>&nbsp;<\/p>\n<p><span class=\"text\">Ch\u00fang m\u00ecnh giao nh\u00e0 nguy\u00ean c\u0103n v\u1edbi c\u00e1c \u0111\u1eb7c \u0111i\u1ec3m sau: <\/span><\/p>\n<p><span class=\"text\">\u2714Nh\u00e0 xinh gi\u00e1 r\u1ebb giao nguy\u00ean c\u0103n. <\/span><\/p>\n<p><span class=\"text\">\u27142 ph\u00f2ng ng\u1ee7. M\u1ed7i ph\u00f2ng 1 gi\u01b0\u1eddng. + 3 n\u1ec7m extra. 2wc. S\u1ee9c ch\u1ee9a 10 Kh\u00e1ch.<\/span><\/p>\n<p><img decoding=\"async\" class=\"wp-image-21905 size-full aligncenter\" src=\"https:\/\/dalatreview.vn\/wp-content\/uploads\/2022\/08\/10e1871a6d59a807f148.jpg\" alt=\"\" width=\"1280\" height=\"844\"><\/p>\n<p>&nbsp;<\/p>\n<p><img decoding=\"async\" class=\"wp-image-21906 size-full aligncenter\" src=\"https:\/\/dalatreview.vn\/wp-content\/uploads\/2022\/08\/72dde2260865cd3b9474.jpg\" alt=\"\" width=\"1280\" height=\"854\"><\/p>\n<p>&nbsp;<\/p>\n<p><img decoding=\"async\" class=\"wp-image-21903 size-full aligncenter\" src=\"https:\/\/dalatreview.vn\/wp-content\/uploads\/2022\/08\/4d98316cdb2f1e71473e.jpg\" alt=\"\" width=\"1280\" height=\"854\"><\/p>\n<p><span class=\"text\">\u2714C\u00f3 ch\u1ed7 n\u01b0\u1edbng BBQ. B\u1ebfp \u0111\u1ea7y \u0111\u1ee7 d\u1ee5ng c\u1ee5 n\u1ea5u \u0103n.<\/span><\/p>\n<p><img decoding=\"async\" class=\"wp-image-21902 size-full aligncenter\" src=\"https:\/\/dalatreview.vn\/wp-content\/uploads\/2022\/08\/2d9b9e607423b17de832.jpg\" alt=\"\" width=\"1280\" height=\"854\"><\/p>\n<p>&nbsp;<\/p>\n<p><img decoding=\"async\" class=\"wp-image-21908 size-full aligncenter\" src=\"https:\/\/dalatreview.vn\/wp-content\/uploads\/2022\/08\/456ae7910dd2c88c91c3.jpg\" alt=\"\" width=\"1280\" height=\"854\"><\/p>\n<p>&nbsp;<\/p>\n<p><img decoding=\"async\" class=\"wp-image-21907 size-full aligncenter\" src=\"https:\/\/dalatreview.vn\/wp-content\/uploads\/2022\/08\/92c26f39857a4024196b.jpg\" alt=\"\" width=\"1280\" height=\"854\"><\/p>\n<p><span class=\"text\">\u2714Kh\u00f4ng gian s\u1ed1ng \u1ea3o si\u00eau xinh. View thung l\u0169ng, r\u1eebng th\u00f4ng. <\/span><\/p>\n<p><span class=\"emoji-sizer emoji-outer\">\u2714<\/span><span class=\"text\"> \u00d4 t\u00f4 t\u1edbi t\u1eadn c\u1eeda, ho\u1eb7c \u0111\u1eadu b\u00e3i c\u00e1ch nh\u00e0 50m.<\/span><\/p>\n<p><img decoding=\"async\" class=\"wp-image-21911 size-full aligncenter\" src=\"https:\/\/dalatreview.vn\/wp-content\/uploads\/2022\/08\/cf2764dc8e9f4bc1128e.jpg\" alt=\"\" width=\"1280\" height=\"854\"><\/p>\n<p><span class=\"text\">Gi\u00e1: ch\u1ec9 t\u1eeb 1,5tr\/ 10 kh\u00e1ch<\/span><\/p>\n<p><span class=\"text\">Nh\u00e0 m\u00ecnh \u1ee7n m\u00f4ng h\u1ed9 e v\u1edbi \u1ea1 \u2764\ufe0f<\/span><\/p>\n<p>Hotline: 0968.249.297<\/p>\n<p>&nbsp;<\/p>","protected":false},"excerpt":{"rendered":"<p>Danh m\u1ee5c ch\u00ednh VILLA \u0110\u00c0 L\u1ea0T TR\u1ea6N QUANG DI\u1ec6U 2 PH\u00d2NG\u00a0 VILLA \u0110\u00c0 L\u1ea0T TR\u1ea6N QUANG DI\u1ec6U 2 PH\u00d2NG\u00a0 NH\u00c0 XINH KH\u00d4NG LO V\u1ec0 GI\u00c1 M\u1ed9t c\u0103n nh\u00e0 nh\u1ecf v\u1edbi 2 ph\u00f2ng ng\u1ee7 h\u00e2n h\u1ea1nh \u0111\u00f3n ti\u1ebfp nh\u1eefng b\u1ea1n y\u00eau \u0110\u00e0 L\u1ea1t theo phong c\u00e1ch homestay d\u00e2n d\u00e3 nh\u01b0ng \u1ea5m \u00e1p. V\u1ecb tr\u00ed: \u0110\u01b0\u1eddng Tr\u1ea7n [&hellip;]<\/p>","protected":false},"featured_media":21909,"comment_status":"open","ping_status":"closed","template":"","meta":{"_acf_changed":false,"rank_math_lock_modified_date":false},"product_cat":[29,45],"product_tag":[],"acf":[],"_links":{"self":[{"href":"https:\/\/dalatreview.vn\/en\/wp-json\/wp\/v2\/product\/21873"}],"collection":[{"href":"https:\/\/dalatreview.vn\/en\/wp-json\/wp\/v2\/product"}],"about":[{"href":"https:\/\/dalatreview.vn\/en\/wp-json\/wp\/v2\/types\/product"}],"replies":[{"embeddable":true,"href":"https:\/\/dalatreview.vn\/en\/wp-json\/wp\/v2\/comments?post=21873"}],"wp:featuredmedia":[{"embeddable":true,"href":"https:\/\/dalatreview.vn\/en\/wp-json\/wp\/v2\/media\/21909"}],"wp:attachment":[{"href":"https:\/\/dalatreview.vn\/en\/wp-json\/wp\/v2\/media?parent=21873"}],"wp:term":[{"taxonomy":"product_cat","embeddable":true,"href":"https:\/\/dalatreview.vn\/en\/wp-json\/wp\/v2\/product_cat?post=21873"},{"taxonomy":"product_tag","embeddable":true,"href":"https:\/\/dalatreview.vn\/en\/wp-json\/wp\/v2\/product_tag?post=21873"}],"curies":[{"name":"wp","href":"https:\/\/api.w.org\/{rel}","templated":true}]}}