
{"id":21817,"date":"2022-08-30T10:31:42","date_gmt":"2022-08-30T03:31:42","guid":{"rendered":"https:\/\/dalatreview.vn\/?p=21817"},"modified":"2024-07-11T08:51:49","modified_gmt":"2024-07-11T01:51:49","slug":"villa-da-lat-hung-vuong-3-phong","status":"publish","type":"product","link":"https:\/\/dalatreview.vn\/en\/villa-da-lat-hung-vuong-3-phong.html","title":{"rendered":"Villa \u0110\u00e0 L\u1ea1t H\u00f9ng V\u01b0\u01a1ng 3 ph\u00f2ng"},"content":{"rendered":"<nav class=\"vietrick-auto-toc\">\n<div class=\"box-title\">\n<h3 class=\"toc-title\" id=\"select-menu\">Danh m\u1ee5c ch\u00ednh<\/h3>\n<div><ion-icon name=\"chevron-up-outline\"><\/ion-icon><\/div>\n<\/div>\n<ul class=\"toc-list\"><\/ul>\n<li><a href='https:\/\/dalatreview.vn\/en#villa-da-lat-hung-vuong-3-phong' class='heading-h1 toc-link smooth-scroll'>Villa \u0110\u00e0 L\u1ea1t H\u00f9ng V\u01b0\u01a1ng 3 ph\u00f2ng<\/a>\n<li><a href='https:\/\/dalatreview.vn\/en#1-vi-tri' class='heading-h1 toc-link smooth-scroll'>1. V\u1ecb tr\u00ed<\/a>\n<li><a href='https:\/\/dalatreview.vn\/en#2-decor' class='heading-h1 toc-link smooth-scroll'>2. Decor<\/a>\n<li><a href='https:\/\/dalatreview.vn\/en#3-co-cau' class='heading-h1 toc-link smooth-scroll'>3. C\u01a1 c\u1ea5u<\/a>\n<li><a href='https:\/\/dalatreview.vn\/en#4-lien-he' class='heading-h1 toc-link smooth-scroll'>4. Li\u00ean h\u1ec7<\/a><\/ul>\n<\/li>\n<\/ul>\n<\/nav>\n<h1 style=\"text-align: center;\" id=\"villa-da-lat-hung-vuong-3-phong\"><span style=\"font-size: 28px;\"><strong><span style=\"color: #003300;\">Villa \u0110\u00e0 L\u1ea1t H\u00f9ng V\u01b0\u01a1ng 3 ph\u00f2ng<\/span><\/strong><\/span><\/h1>\n<h1 id=\"1-vi-tri\"><span style=\"font-size: 20px;\"><strong><span style=\"color: #003300;\">1. V\u1ecb tr\u00ed<\/span><\/strong><\/span><\/h1>\n<p>Villa H\u00f9ng V\u01b0\u01a1ng \u0110\u00e0 L\u1ea1t 3 ph\u00f2ng t\u1ecda l\u1ea1c t\u1ea1i \u0111\u01b0\u1eddng H\u00f9ng V\u01b0\u01a1ng c\u00e1ch ch\u1ee3 kho\u1ea3ng 4km (5-7 ph\u00fat ch\u1ea1y xe)<\/p>\n<p><img decoding=\"async\" class=\"wp-image-21821 size-full aligncenter\" src=\"https:\/\/dalatreview.vn\/wp-content\/uploads\/2022\/08\/0e4ca50ed5ea10b449fb.jpg\" alt=\"\" width=\"1024\" height=\"797\"><\/p>\n<h1 id=\"2-decor\"><span style=\"font-size: 20px;\"><strong><span style=\"color: #003300;\">2. Decor<\/span><\/strong><\/span><\/h1>\n<p>Kh\u00f4ng gian y\u00ean t\u0129nh trong l\u00e0nh, \u0111\u1eb7c tr\u01b0ng kh\u00ed h\u1eadu \u0110\u00e0 L\u1ea1t r\u1ea5t th\u00edch h\u1ee3p ngh\u1ec9 d\u01b0\u1ee1ng<\/p>\n<p><img decoding=\"async\" class=\"wp-image-21822 size-full aligncenter\" src=\"https:\/\/dalatreview.vn\/wp-content\/uploads\/2022\/08\/2b0733ad2141e41fbd50.jpg\" alt=\"\" width=\"1152\" height=\"864\"><\/p>\n<h1 id=\"3-co-cau\"><span style=\"font-size: 20px;\"><strong><span style=\"color: #003300;\">3. C\u01a1 c\u1ea5u<\/span><\/strong><\/span><\/h1>\n<p>C\u00f3 3 ph\u00f2ng ng\u1ee7 (2 ph\u00f2ng \u0111\u01a1n &#8211; 1 ph\u00f2ng \u0111\u00f4i), 4WC<\/p>\n<p><img decoding=\"async\" class=\"wp-image-21846 size-full aligncenter\" src=\"https:\/\/dalatreview.vn\/wp-content\/uploads\/2022\/08\/pn-1-scaled.jpg\" alt=\"\" width=\"2560\" height=\"1920\"><\/p>\n<p>&nbsp;<\/p>\n<p><img decoding=\"async\" class=\"wp-image-21847 size-full aligncenter\" src=\"https:\/\/dalatreview.vn\/wp-content\/uploads\/2022\/08\/pngu-6-scaled.jpg\" alt=\"\" width=\"2560\" height=\"1920\"><\/p>\n<p>Giao ch\u00eca kh\u00f3a nguy\u00ean c\u0103n<\/p>\n<p><img decoding=\"async\" class=\"wp-image-21851 size-full aligncenter\" src=\"https:\/\/dalatreview.vn\/wp-content\/uploads\/2022\/08\/kgshc-4-scaled.jpg\" alt=\"\" width=\"2560\" height=\"1920\"><\/p>\n<p>S\u00e2n v\u01b0\u1eddn r\u1ed9ng, nh\u1eefng g\u00f3c r\u1ea5t chill cho nh\u1eefng b\u1eefa ti\u1ec7c BBQ qu\u00e2y qu\u1ea7n b\u00ean gia \u0111\u00ecnh.<\/p>\n<p><img decoding=\"async\" class=\"wp-image-21844 size-full aligncenter\" src=\"https:\/\/dalatreview.vn\/wp-content\/uploads\/2022\/08\/e1aceb88f07d35236c6c.jpg\" alt=\"\" width=\"1280\" height=\"676\"><\/p>\n<p>Ch\u1eafc ch\u1eafn l\u00e0 n\u01a1i ngh\u1ec9 d\u01b0\u1ee1ng du l\u1ecbch l\u00fd t\u01b0\u1edfng cho kh\u00e1ch khi \u0111\u1ebfn v\u1edbi th\u00e0nh ph\u1ed1 hoa \u0110\u00e0 L\u1ea1t.<\/p>\n<h1 id=\"4-lien-he\"><span style=\"font-size: 20px;\"><strong><span style=\"color: #003300;\">4. Li\u00ean h\u1ec7<\/span><\/strong><\/span><\/h1>\n<p><strong>Li\u00ean h\u1ec7: 0968.249.297<\/strong><\/p>\n<p>&nbsp;<\/p>","protected":false},"excerpt":{"rendered":"<p>Danh m\u1ee5c ch\u00ednh Villa \u0110\u00e0 L\u1ea1t H\u00f9ng V\u01b0\u01a1ng 3 ph\u00f2ng 1. V\u1ecb tr\u00ed 2. Decor 3. C\u01a1 c\u1ea5u 4. Li\u00ean h\u1ec7 Villa \u0110\u00e0 L\u1ea1t H\u00f9ng V\u01b0\u01a1ng 3 ph\u00f2ng 1. V\u1ecb tr\u00ed Villa H\u00f9ng V\u01b0\u01a1ng \u0110\u00e0 L\u1ea1t 3 ph\u00f2ng t\u1ecda l\u1ea1c t\u1ea1i \u0111\u01b0\u1eddng H\u00f9ng V\u01b0\u01a1ng c\u00e1ch ch\u1ee3 kho\u1ea3ng 4km (5-7 ph\u00fat ch\u1ea1y xe) 2. Decor Kh\u00f4ng [&hellip;]<\/p>","protected":false},"featured_media":21821,"comment_status":"open","ping_status":"closed","template":"","meta":{"_acf_changed":false,"rank_math_lock_modified_date":false},"product_cat":[29,2247,45],"product_tag":[],"acf":[],"_links":{"self":[{"href":"https:\/\/dalatreview.vn\/en\/wp-json\/wp\/v2\/product\/21817"}],"collection":[{"href":"https:\/\/dalatreview.vn\/en\/wp-json\/wp\/v2\/product"}],"about":[{"href":"https:\/\/dalatreview.vn\/en\/wp-json\/wp\/v2\/types\/product"}],"replies":[{"embeddable":true,"href":"https:\/\/dalatreview.vn\/en\/wp-json\/wp\/v2\/comments?post=21817"}],"wp:featuredmedia":[{"embeddable":true,"href":"https:\/\/dalatreview.vn\/en\/wp-json\/wp\/v2\/media\/21821"}],"wp:attachment":[{"href":"https:\/\/dalatreview.vn\/en\/wp-json\/wp\/v2\/media?parent=21817"}],"wp:term":[{"taxonomy":"product_cat","embeddable":true,"href":"https:\/\/dalatreview.vn\/en\/wp-json\/wp\/v2\/product_cat?post=21817"},{"taxonomy":"product_tag","embeddable":true,"href":"https:\/\/dalatreview.vn\/en\/wp-json\/wp\/v2\/product_tag?post=21817"}],"curies":[{"name":"wp","href":"https:\/\/api.w.org\/{rel}","templated":true}]}}