
{"id":21747,"date":"2022-08-29T16:23:00","date_gmt":"2022-08-29T09:23:00","guid":{"rendered":"https:\/\/dalatreview.vn\/?p=21747"},"modified":"2024-07-11T08:52:47","modified_gmt":"2024-07-11T01:52:47","slug":"villa-vip-ho-tuyen-lam-8-phong","status":"publish","type":"product","link":"https:\/\/dalatreview.vn\/en\/villa-vip-ho-tuyen-lam-8-phong.html","title":{"rendered":"Villa VIP H\u1ed3 Tuy\u1ec1n L\u00e2m 8 ph\u00f2ng"},"content":{"rendered":"<nav class=\"vietrick-auto-toc\">\n<div class=\"box-title\">\n<h3 class=\"toc-title\" id=\"select-menu\">Danh m\u1ee5c ch\u00ednh<\/h3>\n<div><ion-icon name=\"chevron-up-outline\"><\/ion-icon><\/div>\n<\/div>\n<ul class=\"toc-list\"><\/ul>\n<li><a href='https:\/\/dalatreview.vn\/en#villa-vip-ho-tuyen-lam-da-lat-8-phong' class='heading-h1 toc-link smooth-scroll'>VILLA VIP H\u1ed2 TUY\u1ec0N L\u00c2M \u0110\u00c0 L\u1ea0T 8 PH\u00d2NG<\/a>\n<li><a href='https:\/\/dalatreview.vn\/en#1-vi-tri' class='heading-h1 toc-link smooth-scroll'>1. V\u1ecb tr\u00ed<\/a>\n<li><a href='https:\/\/dalatreview.vn\/en#2-co-cau' class='heading-h1 toc-link smooth-scroll'>2. C\u01a1 c\u1ea5u<\/a>\n<li><a href='https:\/\/dalatreview.vn\/en#3-tien-ich' class='heading-h1 toc-link smooth-scroll'>3. Ti\u1ec7n \u00edch<\/a>\n<li><a href='https:\/\/dalatreview.vn\/en#4-lien-he' class='heading-h1 toc-link smooth-scroll'>4. Li\u00ean h\u1ec7<\/a><\/ul>\n<\/li>\n<\/ul>\n<\/nav>\n<h1 style=\"text-align: center;\" id=\"villa-vip-ho-tuyen-lam-da-lat-8-phong\"><span style=\"color: #003300; font-size: 24px;\"><strong>VILLA VIP H\u1ed2 TUY\u1ec0N L\u00c2M \u0110\u00c0 L\u1ea0T 8 PH\u00d2NG<\/strong><\/span><\/h1>\n<p>M\u1ed9t Villa m\u1edbi toanh v\u1eeba ho\u00e0n thi\u1ec7n t\u1ea1i h\u1ed3 Tuy\u1ec1n L\u00e2m, n\u1eb1m gi\u1eefa r\u1eebng th\u00f4ng xanh, l\u00e0 \u0111i\u1ec3m d\u1eebng ch\u00e2n m\u1edbi cho du kh\u00e1ch l\u01b0u tr\u00fa t\u1ea1i \u0110\u00e0 L\u1ea1t.<\/p>\n<h1 id=\"1-vi-tri\"><strong><span style=\"font-size: 20px; color: #003300;\">1. V\u1ecb tr\u00ed<\/span><\/strong><\/h1>\n<p>V\u1ecb tr\u00ed: Khu H\u1ed3 Tuy\u1ec1n L\u00e2m, c\u00e1ch ch\u1ee3 8km, c\u00e1ch h\u1ed3 100m<\/p>\n<p><img decoding=\"async\" class=\"alignnone wp-image-21754 size-full\" src=\"https:\/\/dalatreview.vn\/wp-content\/uploads\/2022\/08\/541656f90db5c8eb91a4.jpg\" alt=\"\" width=\"1280\" height=\"786\"><\/p>\n<p>Villa v\u1edbi thi\u1ebft k\u1ebf 8 ph\u00f2ng ng\u1ee7 c\u00f3 s\u1ee9c ch\u1ee9a l\u00ean t\u1edbi 25 ng\u01b0\u1eddi l\u1edbn l\u00e0 s\u1ef1 l\u1ef1a ch\u1ecdn ph\u00f9 h\u1ee3p cho c\u00e1c nh\u00f3m gia \u0111\u00ecnh khi du l\u1ecbch.<\/p>\n<h1 id=\"2-co-cau\"><strong><span style=\"font-size: 20px; color: #003300;\">2. C\u01a1 c\u1ea5u<\/span><\/strong><\/h1>\n<p>&#8211; 1 Ph\u00f2ng Master &#8211; King Size c\u00f3 b\u1ed3n t\u1eafm. (2m*2m)<\/p>\n<p><img decoding=\"async\" class=\"alignnone wp-image-21766 size-full\" src=\"https:\/\/dalatreview.vn\/wp-content\/uploads\/2022\/08\/king-1-scaled-1.jpg\" alt=\"\" width=\"2560\" height=\"1920\"><\/p>\n<p>&#8211; 1 Ph\u00f2ng &#8211; Queen Size c\u00f3 b\u1ed3n t\u1eafm. (1m8*2m)<\/p>\n<p><img decoding=\"async\" class=\"alignnone wp-image-21768 size-full\" src=\"https:\/\/dalatreview.vn\/wp-content\/uploads\/2022\/08\/queen-1-scaled-1.jpg\" alt=\"\" width=\"2560\" height=\"1920\"><\/p>\n<p>&#8211; 1 Ph\u00f2ng \u0111\u00f4i 2 gi\u01b0\u1eddng 1m8.<\/p>\n<p><img decoding=\"async\" class=\"alignnone wp-image-21767 size-full\" src=\"https:\/\/dalatreview.vn\/wp-content\/uploads\/2022\/08\/p-doi-1-scaled-1.jpg\" alt=\"\" width=\"2560\" height=\"1920\"><\/p>\n<p>&#8211; 5 Ph\u00f2ng Deluxe 1 gi\u01b0\u1eddng 1m8.<\/p>\n<p><img decoding=\"async\" class=\"alignnone wp-image-21765 size-full\" src=\"https:\/\/dalatreview.vn\/wp-content\/uploads\/2022\/08\/don-1-scaled-1.jpg\" alt=\"\" width=\"2560\" height=\"1920\"><\/p>\n<p>T\u1ea5t c\u1ea3 \u0111\u1ec1u c\u00f3 Wc ri\u00eang trong ph\u00f2ng.<\/p>\n<h1 id=\"3-tien-ich\"><strong><span style=\"font-size: 20px; color: #003300;\">3. Ti\u1ec7n \u00edch<\/span><\/strong><\/h1>\n<p>V\u1edbi phong c\u00e1ch hi\u1ec7n \u0111\u1ea1i k\u1ebft h\u1ee3p c\u1ed5 \u0111i\u1ec3n, l\u1ecdt gi\u1eefa r\u1eebng th\u00f4ng n\u00ean t\u1ea5t c\u1ea3 c\u00e1c ph\u00f2ng \u0111\u1ec1u c\u00f3 h\u01b0\u1edbng view c\u1eeda s\u1ed5, kh\u00f4ng gian tho\u00e1ng, tr\u00e0n ng\u1eadp \u00e1nh s\u00e1ng.<\/p>\n<p><img decoding=\"async\" class=\"alignnone wp-image-21761 size-full\" src=\"https:\/\/dalatreview.vn\/wp-content\/uploads\/2022\/08\/d61a32f269beace0f5af.jpg\" alt=\"\" width=\"1280\" height=\"720\"><\/p>\n<p>Di\u1ec7n t\u00edch villa 1000m2, s\u00e2n c\u1ecf r\u1ed9ng cho c\u00e1c b\u1ea1n nh\u1ecf vui ch\u01a1i, v\u00e0 nh\u1eefng bu\u1ed5i ti\u1ec7c BBQ b\u00ean gia \u0111\u00ecnh.<\/p>\n<p>Ti\u1ec7n nghi: B\u00e0n Bi-a, X\u00edch \u0111u, b\u00e0n gh\u1ebf s\u00e2n v\u01b0\u1eddn BBQ. Gia v\u1ecb b\u1ebfp n\u1ea5u \u0103n. Free: M\u00ec g\u00f3i, tr\u00e0,cafe, n\u01b0\u1edbc su\u1ed1i.<\/p>\n<p><img decoding=\"async\" class=\"alignnone wp-image-21764 size-full\" src=\"https:\/\/dalatreview.vn\/wp-content\/uploads\/2022\/08\/kgshc-3-scaled-1.jpg\" alt=\"\" width=\"2560\" height=\"1920\"><\/p>\n<h1 id=\"4-lien-he\"><strong><span style=\"font-size: 20px; color: #003300;\">4. Li\u00ean h\u1ec7<\/span><\/strong><\/h1>\n<p>\u0110\u1ecba ch\u1ec9: \u0110\u01b0\u1eddng Hoa Ph\u01b0\u1ee3ng T\u00edm H\u1ed3 Tuy\u1ec1n L\u00e2m Ph\u01b0\u1eddng 3, TP. \u0110\u00e0 L\u1ea1t.<\/p>\n<p>Li\u00ean h\u1ec7: 0968.249.297<\/p>","protected":false},"excerpt":{"rendered":"<p>Danh m\u1ee5c ch\u00ednh VILLA VIP H\u1ed2 TUY\u1ec0N L\u00c2M \u0110\u00c0 L\u1ea0T 8 PH\u00d2NG 1. V\u1ecb tr\u00ed 2. C\u01a1 c\u1ea5u 3. Ti\u1ec7n \u00edch 4. Li\u00ean h\u1ec7 VILLA VIP H\u1ed2 TUY\u1ec0N L\u00c2M \u0110\u00c0 L\u1ea0T 8 PH\u00d2NG M\u1ed9t Villa m\u1edbi toanh v\u1eeba ho\u00e0n thi\u1ec7n t\u1ea1i h\u1ed3 Tuy\u1ec1n L\u00e2m, n\u1eb1m gi\u1eefa r\u1eebng th\u00f4ng xanh, l\u00e0 \u0111i\u1ec3m d\u1eebng ch\u00e2n m\u1edbi cho [&hellip;]<\/p>","protected":false},"featured_media":21754,"comment_status":"open","ping_status":"closed","template":"","meta":{"_acf_changed":false,"rank_math_lock_modified_date":false},"product_cat":[29,2265,45],"product_tag":[],"acf":[],"_links":{"self":[{"href":"https:\/\/dalatreview.vn\/en\/wp-json\/wp\/v2\/product\/21747"}],"collection":[{"href":"https:\/\/dalatreview.vn\/en\/wp-json\/wp\/v2\/product"}],"about":[{"href":"https:\/\/dalatreview.vn\/en\/wp-json\/wp\/v2\/types\/product"}],"replies":[{"embeddable":true,"href":"https:\/\/dalatreview.vn\/en\/wp-json\/wp\/v2\/comments?post=21747"}],"wp:featuredmedia":[{"embeddable":true,"href":"https:\/\/dalatreview.vn\/en\/wp-json\/wp\/v2\/media\/21754"}],"wp:attachment":[{"href":"https:\/\/dalatreview.vn\/en\/wp-json\/wp\/v2\/media?parent=21747"}],"wp:term":[{"taxonomy":"product_cat","embeddable":true,"href":"https:\/\/dalatreview.vn\/en\/wp-json\/wp\/v2\/product_cat?post=21747"},{"taxonomy":"product_tag","embeddable":true,"href":"https:\/\/dalatreview.vn\/en\/wp-json\/wp\/v2\/product_tag?post=21747"}],"curies":[{"name":"wp","href":"https:\/\/api.w.org\/{rel}","templated":true}]}}