
{"id":21730,"date":"2022-08-29T10:54:02","date_gmt":"2022-08-29T03:54:02","guid":{"rendered":"https:\/\/dalatreview.vn\/?p=21730"},"modified":"2025-10-28T16:34:35","modified_gmt":"2025-10-28T09:34:35","slug":"villa-da-lat-khu-biet-thu-golf-valley-6-phong","status":"publish","type":"product","link":"https:\/\/dalatreview.vn\/en\/villa-da-lat-khu-biet-thu-golf-valley-6-phong.html","title":{"rendered":"Villa \u0110\u00e0 L\u1ea1t khu bi\u1ec7t th\u1ef1 Golf Valley 6 ph\u00f2ng"},"content":{"rendered":"<nav class=\"vietrick-auto-toc\">\n<div class=\"box-title\">\n<h3 class=\"toc-title\" id=\"select-menu\">Danh m\u1ee5c ch\u00ednh<\/h3>\n<div><ion-icon name=\"chevron-up-outline\"><\/ion-icon><\/div>\n<\/div>\n<ul class=\"toc-list\"><\/ul>\n<li><a href='https:\/\/dalatreview.vn\/en#villa-vip-da-lat-khu-biet-thu-golf-valley-6-phong' class='heading-h1 toc-link smooth-scroll'>Villa VIP \u0110\u00e0 L\u1ea1t khu bi\u1ec7t th\u1ef1 Golf Valley 6 ph\u00f2ng<\/a><\/ul>\n<\/li>\n<\/ul>\n<\/nav>\n<h1 style=\"text-align: center;\" id=\"villa-vip-da-lat-khu-biet-thu-golf-valley-6-phong\"><strong><span style=\"font-size: 24px; color: #003300;\">Villa VIP \u0110\u00e0 L\u1ea1t khu bi\u1ec7t th\u1ef1 Golf Valley 6 ph\u00f2ng<\/span><\/strong><\/h1>\n<p><img decoding=\"async\" class=\"alignnone wp-image-21733 size-full\" src=\"https:\/\/dalatreview.vn\/wp-content\/uploads\/2022\/08\/17367d6e449c81c2d88d.jpg\" alt=\"\" width=\"1280\" height=\"960\"><\/p>\n<p><span class=\"emoji-sizer emoji-outer\">\ud83d\udc96<\/span><span class=\"text\">\ud83d\udc96Gi\u1eefa trung t\u00e2m th\u00e0nh ph\u1ed1 Dalat c\u00f3 chi\u1ebfc villa nh\u00ecn nguy\u00ean \u0111\u1ed3i th\u00f4ng th\u1ebf n\u00e0y th\u00ec th\u00edch qu\u00e1 nh\u1ec9.<\/span><\/p>\n<p><span class=\"text\">Villa khu bi\u1ec7t th\u1ef1 Golf Valey cao c\u1ea5p nh\u1ea5t Dalat, ch\u1ec9 2 ph\u00fat \u0111i b\u1ed9 ra b\u1edd h\u1ed3 Xu\u00e2n H\u01b0\u01a1ng<\/span><\/p>\n<p><img decoding=\"async\" class=\"alignnone wp-image-21734 size-full\" src=\"https:\/\/dalatreview.vn\/wp-content\/uploads\/2022\/08\/b1d8c7712a82efdcb693.jpg\" alt=\"\" width=\"1280\" height=\"960\"><\/p>\n<p><span class=\"text\">C\u01a1 c\u1ea5u: 6 ph\u00f2ng ng\u1ee7 3 \u0111\u01a1n 3 \u0111\u00f4i 7wc<\/span><\/p>\n<p><img decoding=\"async\" class=\"alignnone wp-image-21739 size-full\" src=\"https:\/\/dalatreview.vn\/wp-content\/uploads\/2022\/08\/pngu-5-scaled.jpg\" alt=\"\" width=\"2560\" height=\"1920\"><\/p>\n<p>&nbsp;<\/p>\n<p><img decoding=\"async\" class=\"alignnone wp-image-21736 size-full\" src=\"https:\/\/dalatreview.vn\/wp-content\/uploads\/2022\/08\/DOI-scaled.jpg\" alt=\"\" width=\"2560\" height=\"1920\"><\/p>\n<p><span class=\"text\">2 ph\u00f2ng kh\u00e1ch, s\u00e2n BBQ ngo\u00e0i tr\u1eddi v\u00e0 trong nh\u00e0<\/span><\/p>\n<p><img decoding=\"async\" class=\"alignnone wp-image-21738 size-full\" src=\"https:\/\/dalatreview.vn\/wp-content\/uploads\/2022\/08\/PK-1-scaled.jpg\" alt=\"\" width=\"2560\" height=\"1920\"><\/p>\n<p>&nbsp;<\/p>\n<p><img decoding=\"async\" class=\"alignnone wp-image-21732 size-full\" src=\"https:\/\/dalatreview.vn\/wp-content\/uploads\/2022\/08\/08852b2ac6d903875ac8.jpg\" alt=\"\" width=\"1280\" height=\"960\"><\/p>\n<p><span class=\"text\">view \u0111\u1ed3i th\u00f4ng, bao quanh l\u00e0 s\u00e2n Golf, s\u00e2n tennis, c\u00f4ng vi\u00ean th\u1ec3 d\u1ee5c, h\u1ed3 Xu\u00e2n H\u01b0\u01a1ng, nh\u00e0 thi\u1ebfu nhi.<\/span><\/p>\n<p><img decoding=\"async\" class=\"alignnone wp-image-21735 size-full\" src=\"https:\/\/dalatreview.vn\/wp-content\/uploads\/2022\/08\/d516f349cabb0fe556aa.jpg\" alt=\"\" width=\"1280\" height=\"960\"><\/p>\n<p>Gi\u00e1 ch\u1ec9 t\u1eeb 5.000.000\/ \u0111\u00eam<\/p>\n<p>Li\u00ean h\u1ec7 booking: 0968 249 297<\/p>","protected":false},"excerpt":{"rendered":"<p>Danh m\u1ee5c ch\u00ednh Villa VIP \u0110\u00e0 L\u1ea1t khu bi\u1ec7t th\u1ef1 Golf Valley 6 ph\u00f2ng Villa VIP \u0110\u00e0 L\u1ea1t khu bi\u1ec7t th\u1ef1 Golf Valley 6 ph\u00f2ng \ud83d\udc96\ud83d\udc96Gi\u1eefa trung t\u00e2m th\u00e0nh ph\u1ed1 Dalat c\u00f3 chi\u1ebfc villa nh\u00ecn nguy\u00ean \u0111\u1ed3i th\u00f4ng th\u1ebf n\u00e0y th\u00ec th\u00edch qu\u00e1 nh\u1ec9. Villa khu bi\u1ec7t th\u1ef1 Golf Valey cao c\u1ea5p nh\u1ea5t Dalat, ch\u1ec9 [&hellip;]<\/p>","protected":false},"featured_media":21733,"comment_status":"open","ping_status":"closed","template":"","meta":{"_acf_changed":false,"rank_math_lock_modified_date":false},"product_cat":[29,2262,45],"product_tag":[],"acf":[],"_links":{"self":[{"href":"https:\/\/dalatreview.vn\/en\/wp-json\/wp\/v2\/product\/21730"}],"collection":[{"href":"https:\/\/dalatreview.vn\/en\/wp-json\/wp\/v2\/product"}],"about":[{"href":"https:\/\/dalatreview.vn\/en\/wp-json\/wp\/v2\/types\/product"}],"replies":[{"embeddable":true,"href":"https:\/\/dalatreview.vn\/en\/wp-json\/wp\/v2\/comments?post=21730"}],"wp:featuredmedia":[{"embeddable":true,"href":"https:\/\/dalatreview.vn\/en\/wp-json\/wp\/v2\/media\/21733"}],"wp:attachment":[{"href":"https:\/\/dalatreview.vn\/en\/wp-json\/wp\/v2\/media?parent=21730"}],"wp:term":[{"taxonomy":"product_cat","embeddable":true,"href":"https:\/\/dalatreview.vn\/en\/wp-json\/wp\/v2\/product_cat?post=21730"},{"taxonomy":"product_tag","embeddable":true,"href":"https:\/\/dalatreview.vn\/en\/wp-json\/wp\/v2\/product_tag?post=21730"}],"curies":[{"name":"wp","href":"https:\/\/api.w.org\/{rel}","templated":true}]}}