
{"id":21650,"date":"2022-08-26T10:40:34","date_gmt":"2022-08-26T03:40:34","guid":{"rendered":"https:\/\/dalatreview.vn\/?p=21650"},"modified":"2024-07-11T08:54:08","modified_gmt":"2024-07-11T01:54:08","slug":"villa-an-son-da-lat-5-phong","status":"publish","type":"product","link":"https:\/\/dalatreview.vn\/en\/villa-an-son-da-lat-5-phong.html","title":{"rendered":"Villa An S\u01a1n \u0110\u00e0 L\u1ea1t 5 ph\u00f2ng"},"content":{"rendered":"<nav class=\"vietrick-auto-toc\">\n<div class=\"box-title\">\n<h3 class=\"toc-title\" id=\"select-menu\">Danh m\u1ee5c ch\u00ednh<\/h3>\n<div><ion-icon name=\"chevron-up-outline\"><\/ion-icon><\/div>\n<\/div>\n<ul class=\"toc-list\"><\/ul>\n<li><a href='https:\/\/dalatreview.vn\/en#villa-an-son-da-lat-5-phong' class='heading-h1 toc-link smooth-scroll'>Villa An S\u01a1n \u0110\u00e0 L\u1ea1t 5 ph\u00f2ng<\/a><\/ul>\n<\/li>\n<\/ul>\n<\/nav>\n<h1 style=\"text-align: center;\" id=\"villa-an-son-da-lat-5-phong\"><strong><span style=\"color: #003300; font-size: 24px;\">Villa An S\u01a1n \u0110\u00e0 L\u1ea1t 5 ph\u00f2ng<\/span><\/strong><\/h1>\n<p><span class=\"text\">To\u1ea1 l\u1ea1c t\u1ea1i \u0111\u01b0\u1eddng An S\u01a1n C\u00e1ch trung t\u00e2m th\u00e0nh ph\u1ed1 \u0110\u00e0 L\u1ea1t 2,5km <\/span><\/p>\n<p><span class=\"text\">Villa \u0111\u01b0\u1ee3c thi\u1ebft k\u1ebf theo phong c\u00e1ch hi\u1ec7n \u0111\u1ea1i , c\u00f3 s\u00e2n v\u01b0\u1eddn 120m2 , tho\u00e1ng m\u00e1t<\/span><\/p>\n<p><img decoding=\"async\" class=\"alignnone wp-image-21665 size-full\" src=\"https:\/\/dalatreview.vn\/wp-content\/uploads\/2022\/08\/san-4-scaled-1.jpg\" alt=\"\" width=\"2560\" height=\"1920\"><\/p>\n<p><span class=\"text\">C\u01a1 c\u1ea5u villa g\u1ed3m 5ph\u00f2ng ng\u1ee7 : g\u1ed3m 2ph\u00f2ng \u0111\u00f4i &#8211; 3ph\u00f2ng \u0111\u01a1n . 6wc<\/span><\/p>\n<p><img decoding=\"async\" class=\"alignnone wp-image-21667 size-full\" src=\"https:\/\/dalatreview.vn\/wp-content\/uploads\/2022\/08\/pngu-4-scaled-1.jpg\" alt=\"\" width=\"2560\" height=\"1920\"><\/p>\n<p><span class=\"text\">Ph\u00f2ng kh\u00e1ch, b\u1ebfp r\u1ed9ng r\u00e3i, thi\u1ebft k\u1ebf th\u00f4ng tho\u00e1ng . \u0110\u1ea7y \u0111\u1ee7 ti\u1ec7n nghi nh\u01b0 nh\u00e0 m\u00ecnh<\/span><\/p>\n<p><img decoding=\"async\" class=\"alignnone wp-image-21666 size-full\" src=\"https:\/\/dalatreview.vn\/wp-content\/uploads\/2022\/08\/kgc-scaled-1.jpg\" alt=\"\" width=\"2560\" height=\"1920\"><\/p>\n<p><span class=\"text\">Tivi l\u1edbn (\u0111\u1ea7y \u0111\u1ee7 wifi v\u00e0 truy\u1ec1n h\u00ecnh c\u00e1p) <\/span><\/p>\n<p><span class=\"text\">C\u00f3 view \u0111\u1ed3i th\u00f4ng tr\u01b0\u1edbc m\u1eb7t si\u00eau \u0111\u1eb9p<\/span><\/p>\n<p><img decoding=\"async\" class=\"alignnone wp-image-21658 size-full\" src=\"https:\/\/dalatreview.vn\/wp-content\/uploads\/2022\/08\/9370f687545d9103c84c.jpg\" alt=\"\" width=\"1280\" height=\"960\"><\/p>\n<p><span class=\"text\">Xung quanh khu v\u1ef1c d\u00e2n c\u01b0 an ninh tuy\u1ec7t \u0111\u1ed1i <\/span><\/p>\n<p><span class=\"text\">\u0110\u01b0\u1ee3c m\u1ec7nh danh l\u00e0 khu ngh\u0129 d\u01b0\u1ee1ng \u0111\u1eb9p nh\u1ea5t nh\u00ec \u0110\u00e0 L\u1ea1t <\/span><\/p>\n<p><span class=\"text\">C\u00f3 s\u00e2n v\u01b0\u1eddn 120m2 t\u1ed5 ch\u1ee9c ti\u1ec7c BBQ \u1ea5m c\u00fang<\/span><\/p>\n<p><img decoding=\"async\" class=\"alignnone wp-image-21653 size-full\" src=\"https:\/\/dalatreview.vn\/wp-content\/uploads\/2022\/08\/563f7155d78c12d24b9d.jpg\" alt=\"\" width=\"1536\" height=\"2048\"><\/p>\n<p><span class=\"text\">\u0110\u1ecba ch\u1ec9: An S\u01a1n, P4<\/span><\/p>\n<p>Li\u00ean h\u1ec7 t\u01b0 v\u1ea5n: 0968 249 297<\/p>","protected":false},"excerpt":{"rendered":"<p>Danh m\u1ee5c ch\u00ednh Villa An S\u01a1n \u0110\u00e0 L\u1ea1t 5 ph\u00f2ng Villa An S\u01a1n \u0110\u00e0 L\u1ea1t 5 ph\u00f2ng To\u1ea1 l\u1ea1c t\u1ea1i \u0111\u01b0\u1eddng An S\u01a1n C\u00e1ch trung t\u00e2m th\u00e0nh ph\u1ed1 \u0110\u00e0 L\u1ea1t 2,5km Villa \u0111\u01b0\u1ee3c thi\u1ebft k\u1ebf theo phong c\u00e1ch hi\u1ec7n \u0111\u1ea1i , c\u00f3 s\u00e2n v\u01b0\u1eddn 120m2 , tho\u00e1ng m\u00e1t C\u01a1 c\u1ea5u villa g\u1ed3m 5ph\u00f2ng ng\u1ee7 : [&hellip;]<\/p>","protected":false},"featured_media":21671,"comment_status":"open","ping_status":"closed","template":"","meta":{"_acf_changed":false,"rank_math_lock_modified_date":false},"product_cat":[29,2254,45],"product_tag":[],"acf":[],"_links":{"self":[{"href":"https:\/\/dalatreview.vn\/en\/wp-json\/wp\/v2\/product\/21650"}],"collection":[{"href":"https:\/\/dalatreview.vn\/en\/wp-json\/wp\/v2\/product"}],"about":[{"href":"https:\/\/dalatreview.vn\/en\/wp-json\/wp\/v2\/types\/product"}],"replies":[{"embeddable":true,"href":"https:\/\/dalatreview.vn\/en\/wp-json\/wp\/v2\/comments?post=21650"}],"wp:featuredmedia":[{"embeddable":true,"href":"https:\/\/dalatreview.vn\/en\/wp-json\/wp\/v2\/media\/21671"}],"wp:attachment":[{"href":"https:\/\/dalatreview.vn\/en\/wp-json\/wp\/v2\/media?parent=21650"}],"wp:term":[{"taxonomy":"product_cat","embeddable":true,"href":"https:\/\/dalatreview.vn\/en\/wp-json\/wp\/v2\/product_cat?post=21650"},{"taxonomy":"product_tag","embeddable":true,"href":"https:\/\/dalatreview.vn\/en\/wp-json\/wp\/v2\/product_tag?post=21650"}],"curies":[{"name":"wp","href":"https:\/\/api.w.org\/{rel}","templated":true}]}}