
{"id":21627,"date":"2022-08-24T16:20:43","date_gmt":"2022-08-24T09:20:43","guid":{"rendered":"https:\/\/dalatreview.vn\/?p=21627"},"modified":"2024-07-11T08:54:33","modified_gmt":"2024-07-11T01:54:33","slug":"villa-truong-van-hoan-da-lat-4-phong","status":"publish","type":"product","link":"https:\/\/dalatreview.vn\/en\/villa-truong-van-hoan-da-lat-4-phong.html","title":{"rendered":"Villa \u0110\u00e0 L\u1ea1t Tr\u01b0\u01a1ng V\u0103n Ho\u00e0n 4 ph\u00f2ng \u0111\u01a1n"},"content":{"rendered":"<nav class=\"vietrick-auto-toc\">\n<div class=\"box-title\">\n<h3 class=\"toc-title\" id=\"select-menu\">Danh m\u1ee5c ch\u00ednh<\/h3>\n<div><ion-icon name=\"chevron-up-outline\"><\/ion-icon><\/div>\n<\/div>\n<ul class=\"toc-list\"><\/ul>\n<li><a href='https:\/\/dalatreview.vn\/en#villa-da-lat-truong-van-hoan-4-phong-don' class='heading-h1 toc-link smooth-scroll'>Villa \u0110\u00e0 L\u1ea1t Tr\u01b0\u01a1ng V\u0103n Ho\u00e0n 4 ph\u00f2ng \u0111\u01a1n<\/a><\/ul>\n<\/li>\n<\/ul>\n<\/nav>\n<h1 style=\"text-align: center;\" id=\"villa-da-lat-truong-van-hoan-4-phong-don\"><span style=\"color: #003300; font-size: 24px;\"><strong>Villa \u0110\u00e0 L\u1ea1t Tr\u01b0\u01a1ng V\u0103n Ho\u00e0n 4 ph\u00f2ng \u0111\u01a1n<\/strong><\/span><\/h1>\n<p><span class=\"emoji-sizer emoji-outer\">\ud83c\udf3d<\/span><span class=\"text\"> C\u01a1 c\u1ea5u &#8211; 4p \u0111\u01a1n + 2 n\u1ec7m ph\u1ee5 &#8211; 3wc ngo\u00e0i, n\u00f3ng l\u1ea1nh \u0111\u1ea7y \u0111\u1ee7<\/span><\/p>\n<p><img decoding=\"async\" class=\"alignnone wp-image-21638 size-full\" src=\"https:\/\/dalatreview.vn\/wp-content\/uploads\/2022\/08\/pn-scaled-1.jpg\" alt=\"\" width=\"2560\" height=\"1920\"><\/p>\n<p><span class=\"text\"><span class=\"emoji-sizer emoji-outer\">\ud83c\udf3d <\/span>Ph\u00f2ng b\u1ebfp, ph\u00f2ng kh\u00e1ch full ti\u1ec7n nghi &#8211; Khu v\u1ef1c BBQ<\/span><\/p>\n<p><img decoding=\"async\" class=\"alignnone wp-image-21637 size-full\" src=\"https:\/\/dalatreview.vn\/wp-content\/uploads\/2022\/08\/kgshc-2-scaled-1.jpg\" alt=\"\" width=\"2560\" height=\"1920\"><\/p>\n<p><strong><span class=\"emoji-sizer emoji-outer\">\ud83c\udf3d<\/span><span class=\"text\"> Ti\u1ec7n \u00edch <\/span><\/strong><\/p>\n<p><span class=\"text\">&#8211; Xe \u0111\u1eadu tr\u01b0\u1edbc nh\u00e0 ho\u1eb7c \u0111\u1ea7u h\u1ebbm 5m, khu b\u1ed9 \u0111\u1ed9i an ninh tuy\u1ec7t \u0111\u1ed1i <\/span><\/p>\n<p><span class=\"text\">&#8211; Nh\u00e0 \u0111\u1ea7y \u0111\u1ee7 ti\u1ec7n nghi (m\u00e1y s\u1ea5y, b\u00e0n \u1ee7i, d\u1ee5ng c\u1ee5 b\u1ebfp)<\/span><\/p>\n<p><span class=\"text\">&#8211; C\u00e1ch tt kho\u1ea3ng 10-15p ch\u1ea1y xe<\/span><\/p>\n<p><img decoding=\"async\" class=\"alignnone wp-image-21628 size-full\" src=\"https:\/\/dalatreview.vn\/wp-content\/uploads\/2022\/08\/1e9853da739fb6c1ef8e.jpg\" alt=\"\" width=\"1463\" height=\"2048\"><\/p>\n<p><strong>\u0110\u1ecba ch\u1ec9: Tr\u01b0\u01a1ng V\u0103n Ho\u00e0n p9<\/strong><\/p>\n<p><strong>Booking: 0968 249 297<\/strong><\/p>\n<p><strong>Villa \u0110\u00e0 L\u1ea1t Tr\u01b0\u01a1ng V\u0103n Ho\u00e0n 4 ph\u00f2ng \u0111\u01a1n<\/strong><\/p>","protected":false},"excerpt":{"rendered":"<p>Danh m\u1ee5c ch\u00ednh Villa \u0110\u00e0 L\u1ea1t Tr\u01b0\u01a1ng V\u0103n Ho\u00e0n 4 ph\u00f2ng \u0111\u01a1n Villa \u0110\u00e0 L\u1ea1t Tr\u01b0\u01a1ng V\u0103n Ho\u00e0n 4 ph\u00f2ng \u0111\u01a1n \ud83c\udf3d C\u01a1 c\u1ea5u &#8211; 4p \u0111\u01a1n + 2 n\u1ec7m ph\u1ee5 &#8211; 3wc ngo\u00e0i, n\u00f3ng l\u1ea1nh \u0111\u1ea7y \u0111\u1ee7 \ud83c\udf3d Ph\u00f2ng b\u1ebfp, ph\u00f2ng kh\u00e1ch full ti\u1ec7n nghi &#8211; Khu v\u1ef1c BBQ \ud83c\udf3d Ti\u1ec7n \u00edch &#8211; Xe [&hellip;]<\/p>","protected":false},"featured_media":21635,"comment_status":"open","ping_status":"closed","template":"","meta":{"_acf_changed":false,"rank_math_lock_modified_date":false},"product_cat":[2248,29,45],"product_tag":[],"acf":[],"_links":{"self":[{"href":"https:\/\/dalatreview.vn\/en\/wp-json\/wp\/v2\/product\/21627"}],"collection":[{"href":"https:\/\/dalatreview.vn\/en\/wp-json\/wp\/v2\/product"}],"about":[{"href":"https:\/\/dalatreview.vn\/en\/wp-json\/wp\/v2\/types\/product"}],"replies":[{"embeddable":true,"href":"https:\/\/dalatreview.vn\/en\/wp-json\/wp\/v2\/comments?post=21627"}],"wp:featuredmedia":[{"embeddable":true,"href":"https:\/\/dalatreview.vn\/en\/wp-json\/wp\/v2\/media\/21635"}],"wp:attachment":[{"href":"https:\/\/dalatreview.vn\/en\/wp-json\/wp\/v2\/media?parent=21627"}],"wp:term":[{"taxonomy":"product_cat","embeddable":true,"href":"https:\/\/dalatreview.vn\/en\/wp-json\/wp\/v2\/product_cat?post=21627"},{"taxonomy":"product_tag","embeddable":true,"href":"https:\/\/dalatreview.vn\/en\/wp-json\/wp\/v2\/product_tag?post=21627"}],"curies":[{"name":"wp","href":"https:\/\/api.w.org\/{rel}","templated":true}]}}