
{"id":21575,"date":"2022-08-24T15:17:43","date_gmt":"2022-08-24T08:17:43","guid":{"rendered":"https:\/\/dalatreview.vn\/?p=21575"},"modified":"2024-07-11T08:59:55","modified_gmt":"2024-07-11T01:59:55","slug":"villa-da-lat-trinh-hoai-duc-10-phong","status":"publish","type":"product","link":"https:\/\/dalatreview.vn\/en\/villa-da-lat-trinh-hoai-duc-10-phong.html","title":{"rendered":"Villa \u0110\u00e0 L\u1ea1t Tr\u1ecbnh Ho\u00e0i \u0110\u1ee9c 10 ph\u00f2ng"},"content":{"rendered":"<nav class=\"vietrick-auto-toc\">\n<div class=\"box-title\">\n<h3 class=\"toc-title\" id=\"select-menu\">Danh m\u1ee5c ch\u00ednh<\/h3>\n<div><ion-icon name=\"chevron-up-outline\"><\/ion-icon><\/div>\n<\/div>\n<ul class=\"toc-list\"><\/ul>\n<li><a href='https:\/\/dalatreview.vn\/en#villa-da-lat-trinh-hoai-duc-10-phong' class='heading-h1 toc-link smooth-scroll'>Villa \u0110\u00e0 L\u1ea1t Tr\u1ecbnh Ho\u00e0i \u0110\u1ee9c 10 ph\u00f2ng <\/a><\/ul>\n<\/li>\n<\/ul>\n<\/nav>\n<h1 style=\"text-align: center;\" id=\"villa-da-lat-trinh-hoai-duc-10-phong\"><span style=\"font-size: 24px; color: #003300;\">Villa \u0110\u00e0 L\u1ea1t Tr\u1ecbnh Ho\u00e0i \u0110\u1ee9c 10 ph\u00f2ng <\/span><\/h1>\n<p><span class=\"emoji-sizer emoji-outer\">\ud83d\udccd<\/span><span class=\"text\"> Villa m\u1edbi ho\u00e0n thi\u1ec7n, phong c\u00e1ch t\u00e2n c\u1ed5 \u0111i\u1ec3n, \u0111\u01a1n gi\u1ea3n, tinh t\u1ebf. C\u00f3 s\u00e2n v\u01b0\u1eddn, view nh\u00e0 l\u1ed3ng v\u00e0 s\u0103n m\u00e2y, chi\u1ec1u \u0111\u00f3n ho\u00e0ng h\u00f4n t\u1ea1i nh\u00e0 si\u00eau \u0111\u1eb9p,\u2026<\/span><\/p>\n<p><img decoding=\"async\" class=\"alignnone wp-image-21582 size-full\" src=\"https:\/\/dalatreview.vn\/wp-content\/uploads\/2022\/08\/b9244c2e110fd4518d1e.jpg\" alt=\"\" width=\"1280\" height=\"860\"><\/p>\n<p><span class=\"emoji-sizer emoji-outer\">\ud83d\udccd<\/span><span class=\"text\"> C\u01a1 c\u1ea5u: 10 Ph\u00f2ng ng\u1ee7: <\/span><\/p>\n<p><span class=\"text\">&#8211; 8 Ph\u00f2ng (1 gi\u01b0\u1eddng 1m6)<\/span><\/p>\n<p><span class=\"text\">&#8211; 2 Ph\u00f2ng ( 1 gi\u01b0\u1eddng 1m6 +1 gi\u01b0\u1eddng 1m)<\/span><\/p>\n<p><img decoding=\"async\" class=\"alignnone wp-image-21588 size-full\" src=\"https:\/\/dalatreview.vn\/wp-content\/uploads\/2022\/08\/pngu-1-1-scaled-1.jpg\" alt=\"\" width=\"2560\" height=\"1920\"><\/p>\n<p><span class=\"text\">\ud83d\udccd10 wc ri\u00eang m\u1ed7i ph\u00f2ng. 1Wc khu v\u1ef1c chung. <\/span><\/p>\n<p><img decoding=\"async\" class=\"alignnone wp-image-21586 size-full\" src=\"https:\/\/dalatreview.vn\/wp-content\/uploads\/2022\/08\/wc-1-scaled-1.jpg\" alt=\"\" width=\"2560\" height=\"1920\"><\/p>\n<p><span class=\"emoji-sizer emoji-outer\">\ud83d\udccd<\/span><span class=\"text\"> B\u1ebfp \u0111\u1ea7y \u0111\u1ee7 d\u1ee5ng c\u1ee5 n\u1ea5u \u0103n. C\u00f3 m\u00e1y gi\u1eb7t,s\u1ea5y.<\/span><\/p>\n<p><span class=\"text\"><img decoding=\"async\" class=\"alignnone wp-image-21585 size-full\" src=\"https:\/\/dalatreview.vn\/wp-content\/uploads\/2022\/08\/kgshc-scaled-1.jpg\" alt=\"\" width=\"2560\" height=\"1920\"><\/span><\/p>\n<p>&nbsp;<\/p>\n<p><img decoding=\"async\" class=\"alignnone wp-image-21581 size-full\" src=\"https:\/\/dalatreview.vn\/wp-content\/uploads\/2022\/08\/aa63d76e8a4f4f11165e.jpg\" alt=\"\" width=\"1280\" height=\"854\"><\/p>\n<p><span class=\"emoji-sizer emoji-outer\">\ud83d\udccd<\/span><span class=\"text\"> Khu v\u1ef1c BBQ ngo\u00e0i tr\u1eddi s\u00e2n r\u1ed9ng<\/span><\/p>\n<p><img decoding=\"async\" class=\"alignnone wp-image-21579 size-full\" src=\"https:\/\/dalatreview.vn\/wp-content\/uploads\/2022\/08\/418b1f8642a787f9deb6.jpg\" alt=\"\" width=\"1280\" height=\"856\"><\/p>\n<p>&nbsp;<\/p>\n<p><img decoding=\"async\" class=\"alignnone wp-image-21576 size-full\" src=\"https:\/\/dalatreview.vn\/wp-content\/uploads\/2022\/08\/0d99a694fbb53eeb67a4.jpg\" alt=\"\" width=\"1280\" height=\"854\"><\/p>\n<p>&nbsp;<\/p>\n<p><span class=\"emoji-sizer emoji-outer\">\ud83d\udccd<\/span><span class=\"text\"> Giao ch\u00eca kho\u00e1 nguy\u00ean c\u0103n Gara di\u1ec7n t\u00edch 130m2 \u0111\u1eadu \u0111\u01b0\u1ee3c 5-6 xe \u00f4 t\u00f4. Xe 30 ch\u1ed7 c\u00e1ch nh\u00e0 50m.<\/span><\/p>\n<p>\ud83d\udccd V\u1ecb tr\u00ed: Tr\u1ecbnh Ho\u00e0i \u0110\u1ee9c Ph\u01b0\u1eddng 11 C\u00e1ch Ch\u1ee3 \u0110\u00e0 L\u1ea1t:5km(7-10p di chuy\u1ec3n)<\/p>\n<p>Gi\u00e1 ch\u1ec9 t\u1eeb 6,000,000\/ \u0111\u00eam<\/p>\n<p><strong>Booking: 0968 249 297<\/strong><\/p>","protected":false},"excerpt":{"rendered":"<p>Danh m\u1ee5c ch\u00ednh Villa \u0110\u00e0 L\u1ea1t Tr\u1ecbnh Ho\u00e0i \u0110\u1ee9c 10 ph\u00f2ng Villa \u0110\u00e0 L\u1ea1t Tr\u1ecbnh Ho\u00e0i \u0110\u1ee9c 10 ph\u00f2ng \ud83d\udccd Villa m\u1edbi ho\u00e0n thi\u1ec7n, phong c\u00e1ch t\u00e2n c\u1ed5 \u0111i\u1ec3n, \u0111\u01a1n gi\u1ea3n, tinh t\u1ebf. C\u00f3 s\u00e2n v\u01b0\u1eddn, view nh\u00e0 l\u1ed3ng v\u00e0 s\u0103n m\u00e2y, chi\u1ec1u \u0111\u00f3n ho\u00e0ng h\u00f4n t\u1ea1i nh\u00e0 si\u00eau \u0111\u1eb9p,\u2026 \ud83d\udccd C\u01a1 c\u1ea5u: 10 Ph\u00f2ng [&hellip;]<\/p>","protected":false},"featured_media":21582,"comment_status":"open","ping_status":"closed","template":"","meta":{"_acf_changed":false,"rank_math_lock_modified_date":false},"product_cat":[29,2265,45],"product_tag":[],"acf":[],"_links":{"self":[{"href":"https:\/\/dalatreview.vn\/en\/wp-json\/wp\/v2\/product\/21575"}],"collection":[{"href":"https:\/\/dalatreview.vn\/en\/wp-json\/wp\/v2\/product"}],"about":[{"href":"https:\/\/dalatreview.vn\/en\/wp-json\/wp\/v2\/types\/product"}],"replies":[{"embeddable":true,"href":"https:\/\/dalatreview.vn\/en\/wp-json\/wp\/v2\/comments?post=21575"}],"wp:featuredmedia":[{"embeddable":true,"href":"https:\/\/dalatreview.vn\/en\/wp-json\/wp\/v2\/media\/21582"}],"wp:attachment":[{"href":"https:\/\/dalatreview.vn\/en\/wp-json\/wp\/v2\/media?parent=21575"}],"wp:term":[{"taxonomy":"product_cat","embeddable":true,"href":"https:\/\/dalatreview.vn\/en\/wp-json\/wp\/v2\/product_cat?post=21575"},{"taxonomy":"product_tag","embeddable":true,"href":"https:\/\/dalatreview.vn\/en\/wp-json\/wp\/v2\/product_tag?post=21575"}],"curies":[{"name":"wp","href":"https:\/\/api.w.org\/{rel}","templated":true}]}}