
{"id":21380,"date":"2022-08-22T14:48:18","date_gmt":"2022-08-22T07:48:18","guid":{"rendered":"https:\/\/dalatreview.vn\/?p=21380"},"modified":"2024-07-11T09:01:16","modified_gmt":"2024-07-11T02:01:16","slug":"villa-vip-da-lat-an-son-7-phong","status":"publish","type":"product","link":"https:\/\/dalatreview.vn\/en\/villa-vip-da-lat-an-son-7-phong.html","title":{"rendered":"Villa VIP \u0110\u00e0 L\u1ea1t khu bi\u1ec7t th\u1ef1 An S\u01a1n 7 ph\u00f2ng"},"content":{"rendered":"<nav class=\"vietrick-auto-toc\">\n<div class=\"box-title\">\n<h3 class=\"toc-title\" id=\"select-menu\">Danh m\u1ee5c ch\u00ednh<\/h3>\n<div><ion-icon name=\"chevron-up-outline\"><\/ion-icon><\/div>\n<\/div>\n<ul class=\"toc-list\"><\/ul>\n<li><a href='https:\/\/dalatreview.vn\/en#villa-vip-da-lat-khu-biet-thu-an-son-7-phong' class='heading-h1 toc-link smooth-scroll'>Villa VIP \u0110\u00e0 L\u1ea1t khu bi\u1ec7t th\u1ef1 An S\u01a1n 7 ph\u00f2ng <\/a><\/ul>\n<\/li>\n<\/ul>\n<\/nav>\n<h1 style=\"text-align: center;\" id=\"villa-vip-da-lat-khu-biet-thu-an-son-7-phong\"><span style=\"font-size: 28px; color: #003300;\">Villa VIP \u0110\u00e0 L\u1ea1t khu bi\u1ec7t th\u1ef1 An S\u01a1n 7 ph\u00f2ng <\/span><\/h1>\n<p><span class=\"emoji-sizer emoji-outer\">\ud83c\udf3f<\/span><span class=\"text\"> Nh\u1eafc \u0111\u1ebfn \u0110\u00e0 L\u1ea1t s\u1ebd ngh\u0129 ngay \u0111\u1ebfn nh\u1eefng cung \u0111\u01b0\u1eddng th\u01a1 m\u1ed9ng, nh\u1eefng con d\u1ed1c r\u1ea5t \u201ch\u00e0n x\u1ebbng\u201d hay nh\u1eefng ng\u00f4i bi\u1ec7t th\u1ef1 n\u1ed5i ti\u1ebfng v\u1edbi ki\u1ebfn tr\u00fac ch\u00e2u \u00e2u \u0111\u1eb7c s\u1eafc.<\/span><\/p>\n<p><img decoding=\"async\" class=\"alignnone wp-image-21431 size-full\" src=\"https:\/\/dalatreview.vn\/wp-content\/uploads\/2022\/08\/0586063b471b8245db0a.jpg\" alt=\"\" width=\"2048\" height=\"1367\"><\/p>\n<p><span class=\"text\">Villa k\u1ebft h\u1ee3p \u0111\u1ed3ng \u0111i\u1ec7u gi\u1eefa ki\u1ebfn tr\u00fac Bi\u1ec7t th\u1ef1 hi\u1ec7n \u0111\u1ea1i \u0111an xen nh\u1eefng n\u00e9t \u0111\u1eb7c s\u1eafc r\u1ea5t ri\u00eang c\u1ee7a \u0110\u00e0 L\u1ea1t mang \u0111\u1ebfn m\u1ed9t Villa \u1ea5n t\u01b0\u1ee3ng v\u00e0 \u0111\u1eb3ng c\u1ea5p d\u00e0nh cho qu\u00fd kh\u00e1ch khi \u0111\u1ebfn v\u1edbi th\u00e0nh ph\u1ed1 m\u1ed9ng m\u01a1.<\/span><\/p>\n<p><img decoding=\"async\" class=\"alignnone wp-image-21416 size-full\" src=\"https:\/\/dalatreview.vn\/wp-content\/uploads\/2022\/08\/decor-scaled-1.jpg\" alt=\"\" width=\"2560\" height=\"1920\"><\/p>\n<p><span class=\"emoji-sizer emoji-outer\">\ud83c\udf32<\/span><span class=\"emoji-sizer emoji-outer\">\ud83c\udf32<\/span><span class=\"text\"> \u201cL\u1ecdt th\u1ecfm\u201d gi\u1eefa thung l\u0169ng, t\u1ea1i Villa mang \u0111\u1ebfn m\u1ed9t chi\u1ebfc view \u0111\u00e8n l\u1ed3ng l\u1ea5p l\u00e1nh \u1ea5n t\u01b0\u1ee3ng v\u1ec1 \u0111\u00eam c\u00f9ng nh\u1eefng c\u00e1nh r\u1eebng th\u00f4ng xa xa b\u1ea1t ng\u00e0n ch\u1eafc h\u1eb3n s\u1ebd l\u00e0m qu\u00fd du kh\u00e1ch th\u1eadt d\u1ec5 ch\u1ecbu v\u00e0 tho\u1ea3i m\u00e1i khi ch\u1ecdn villa cho chuy\u1ebfn ngh\u1ec9 d\u01b0\u1ee1ng t\u1ea1i \u0110\u00e0 L\u1ea1t.<\/span><\/p>\n<p><img decoding=\"async\" class=\"alignnone wp-image-21422 size-full\" src=\"https:\/\/dalatreview.vn\/wp-content\/uploads\/2022\/08\/san-2-scaled-1.jpg\" alt=\"\" width=\"2560\" height=\"1920\"><\/p>\n<p><span class=\"emoji-sizer emoji-outer\">\ud83d\udca5<\/span><span class=\"text\"> C\u01a1 c\u1ea5u chi ti\u1ebft : <\/span><\/p>\n<p><span class=\"emoji-sizer emoji-outer\">\ud83c\udf3f<\/span><span class=\"text\"> T\u1ea7ng H\u1ea7m: VIEW V\u01af\u1edcN HOA T\u00cdM bao g\u1ed3m: Ph\u00f2ng b\u1ebfp, b\u00e0n \u0103n, Kh\u00f4ng gian sinh ho\u1ea1t chung, S\u00e2n BBQ \u0111\u01b0\u1ee3c trang b\u1ecb l\u00f2 n\u01b0\u1edbng than, b\u00e0n gh\u1ebf cho qu\u00fd kh\u00e1ch t\u1ed5 ch\u1ee9c ti\u1ec7c n\u01b0\u1edbng. B\u00e0n Bilac gi\u1ea3i tr\u00ed, Ph\u00f2ng x\u00f4ng h\u01a1i, M\u00e1y gi\u1eb7t s\u1ea5y, Villa c\u00f3 thang m\u00e1y, 1 ph\u00f2ng n\u1ed9i b\u1ed9<\/span><\/p>\n<p><img decoding=\"async\" class=\"alignnone wp-image-21418 size-full\" src=\"https:\/\/dalatreview.vn\/wp-content\/uploads\/2022\/08\/pkhach-scaled-1.jpg\" alt=\"\" width=\"2560\" height=\"1920\"><\/p>\n<p>&nbsp;<\/p>\n<p><img decoding=\"async\" class=\"alignnone wp-image-21417 size-full\" src=\"https:\/\/dalatreview.vn\/wp-content\/uploads\/2022\/08\/p.an_-scaled-1.jpg\" alt=\"\" width=\"2560\" height=\"1920\"><\/p>\n<p>&nbsp;<\/p>\n<p><img decoding=\"async\" class=\"alignnone wp-image-21419 size-full\" src=\"https:\/\/dalatreview.vn\/wp-content\/uploads\/2022\/08\/pkhach2-scaled-1.jpg\" alt=\"\" width=\"2560\" height=\"1920\"><\/p>\n<p><span class=\"text\">\ud83c\udf3fT\u1ea7ng 1: 1 ph\u00f2ng \u0111\u01a1n, 1 ph\u00f2ng dorm+ 2 wc ri\u00eang t\u1eebng ph\u00f2ng, 1 ph\u00f2ng kh\u00e1ch sofa cao c\u1ea5p,<\/span><\/p>\n<p><img decoding=\"async\" class=\"alignnone wp-image-21421 size-full\" src=\"https:\/\/dalatreview.vn\/wp-content\/uploads\/2022\/08\/pngu2-1-scaled-1.jpg\" alt=\"\" width=\"2560\" height=\"1920\"><\/p>\n<p><span class=\"emoji-sizer emoji-outer\">\ud83c\udf3f<\/span><span class=\"text\"> T\u1ea7ng 2: 2 ph\u00f2ng \u0111\u01a1n, 1 ph\u00f2ng twin + 3 wc ri\u00eang t\u1eebng ph\u00f2ng,<\/span><\/p>\n<p><img decoding=\"async\" class=\"alignnone wp-image-21420 size-full\" src=\"https:\/\/dalatreview.vn\/wp-content\/uploads\/2022\/08\/pngu-2-scaled-1.jpg\" alt=\"\" width=\"2560\" height=\"1920\"><\/p>\n<p><span class=\"text\">\ud83c\udf3f\u00c1p m\u00e1i: 2 ph\u00f2ng ng\u1ee7 \u0111\u01b0\u1ee3c thi\u1ebft k\u1ebf style c\u0103n h\u1ed9 c\u00f3 b\u1ebfp ri\u00eang v\u00e0 s\u00e2n th\u01b0\u1ee3ng chill chill v\u1ec1 \u0111\u00eam + 2 wc ri\u00eang<\/span><\/p>\n<p><img decoding=\"async\" class=\"alignnone wp-image-21423 size-full\" src=\"https:\/\/dalatreview.vn\/wp-content\/uploads\/2022\/08\/wc-scaled-1.jpg\" alt=\"\" width=\"2560\" height=\"1920\"><\/p>\n<p><span class=\"emoji-sizer emoji-outer\">\ud83c\udf3f<\/span><span class=\"text\"> Ti\u00eau chu\u1ea9n 14-20kh\u00e1ch (7 Ph\u00f2ng) <\/span><\/p>\n<p><span class=\"emoji-sizer emoji-outer\">\ud83d\udca5<\/span><span class=\"text\"> \u0110\u1ecba ch\u1ec9: An S\u01a1n &#8211; P4- Tp \u0110\u00e0 L\u1ea1t<\/span><\/p>\n<p><strong>Booking: 0968 249 297<\/strong><\/p>","protected":false},"excerpt":{"rendered":"<p>Danh m\u1ee5c ch\u00ednh Villa VIP \u0110\u00e0 L\u1ea1t khu bi\u1ec7t th\u1ef1 An S\u01a1n 7 ph\u00f2ng Villa VIP \u0110\u00e0 L\u1ea1t khu bi\u1ec7t th\u1ef1 An S\u01a1n 7 ph\u00f2ng \ud83c\udf3f Nh\u1eafc \u0111\u1ebfn \u0110\u00e0 L\u1ea1t s\u1ebd ngh\u0129 ngay \u0111\u1ebfn nh\u1eefng cung \u0111\u01b0\u1eddng th\u01a1 m\u1ed9ng, nh\u1eefng con d\u1ed1c r\u1ea5t \u201ch\u00e0n x\u1ebbng\u201d hay nh\u1eefng ng\u00f4i bi\u1ec7t th\u1ef1 n\u1ed5i ti\u1ebfng v\u1edbi ki\u1ebfn tr\u00fac [&hellip;]<\/p>","protected":false},"featured_media":21432,"comment_status":"open","ping_status":"closed","template":"","meta":{"_acf_changed":false,"rank_math_lock_modified_date":false},"product_cat":[45,2263],"product_tag":[],"acf":[],"_links":{"self":[{"href":"https:\/\/dalatreview.vn\/en\/wp-json\/wp\/v2\/product\/21380"}],"collection":[{"href":"https:\/\/dalatreview.vn\/en\/wp-json\/wp\/v2\/product"}],"about":[{"href":"https:\/\/dalatreview.vn\/en\/wp-json\/wp\/v2\/types\/product"}],"replies":[{"embeddable":true,"href":"https:\/\/dalatreview.vn\/en\/wp-json\/wp\/v2\/comments?post=21380"}],"wp:featuredmedia":[{"embeddable":true,"href":"https:\/\/dalatreview.vn\/en\/wp-json\/wp\/v2\/media\/21432"}],"wp:attachment":[{"href":"https:\/\/dalatreview.vn\/en\/wp-json\/wp\/v2\/media?parent=21380"}],"wp:term":[{"taxonomy":"product_cat","embeddable":true,"href":"https:\/\/dalatreview.vn\/en\/wp-json\/wp\/v2\/product_cat?post=21380"},{"taxonomy":"product_tag","embeddable":true,"href":"https:\/\/dalatreview.vn\/en\/wp-json\/wp\/v2\/product_tag?post=21380"}],"curies":[{"name":"wp","href":"https:\/\/api.w.org\/{rel}","templated":true}]}}