
{"id":21367,"date":"2022-08-19T16:25:00","date_gmt":"2022-08-19T09:25:00","guid":{"rendered":"https:\/\/dalatreview.vn\/?p=21367"},"modified":"2025-01-16T12:25:40","modified_gmt":"2025-01-16T05:25:40","slug":"villa-da-lat-nguyen-trung-truc-6-phong-ngu","status":"publish","type":"product","link":"https:\/\/dalatreview.vn\/en\/villa-da-lat-nguyen-trung-truc-6-phong-ngu.html","title":{"rendered":"Villa \u0110\u00e0 L\u1ea1t Nguy\u1ec5n Trung Tr\u1ef1c 6 ph\u00f2ng ng\u1ee7"},"content":{"rendered":"<div class=\"mfn553m3\" data-block=\"true\" data-editor=\"6c4gd\" data-offset-key=\"cj1of-0-0\">\n<div class=\"_1mf _1mj\" data-offset-key=\"cj1of-0-0\"><span data-offset-key=\"cj1of-0-0\">\ud83c\udf38\ud83c\udf38 Ph\u00e1t hi\u1ec7n 1 chi\u1ebfc villa tone v\u00e0ng xinh x\u1ebbo qu\u00e1 m\u1ecdi ng\u01b0\u1eddi \u01a1i !!! \ud83c\udf38\ud83c\udf38<\/span><\/div>\n<\/div>\n<div data-offset-key=\"cj1of-0-0\"><\/div>\n<div class=\"mfn553m3\" data-block=\"true\" data-editor=\"6c4gd\" data-offset-key=\"cj1of-0-0\">\n<div data-offset-key=\"cj1of-0-0\"><img decoding=\"async\" class=\"alignnone wp-image-21369 size-full\" src=\"https:\/\/dalatreview.vn\/wp-content\/uploads\/2022\/08\/2-5.jpg\" alt=\"villa nguyen trung truc 6p\" width=\"1920\" height=\"2560\" \/><\/div>\n<div data-offset-key=\"cj1of-0-0\"><\/div>\n<\/div>\n<div class=\"mfn553m3\" data-block=\"true\" data-editor=\"6c4gd\" data-offset-key=\"as6fq-0-0\">\n<div class=\"_1mf _1mj\" data-offset-key=\"as6fq-0-0\"><span data-offset-key=\"as6fq-0-0\">Villa n\u00e0y ch\u1ee7 thi\u1ebft k\u1ebf ch\u0103m ch\u00fat t\u1eebng g\u00f3c nh\u1ecf xinh nh\u01b0 t\u1ea1p ch\u00ed lu\u00f4n, l\u1ea1i c\u00f2n c\u00f3 b\u00e0n bi l\u1eafc, ph\u00f3ng phi ti\u00eau gi\u1ea3i tr\u00ed, nh\u00f3m b\u1ea1n \u0111i l\u00e0 kh\u00f4ng bao gi\u1edd s\u1ee3 b\u1ecb nh\u00e0m ch\u00e1n.<\/span><\/div>\n<div data-offset-key=\"as6fq-0-0\"><\/div>\n<div data-offset-key=\"as6fq-0-0\"><\/div>\n<div data-offset-key=\"as6fq-0-0\"><\/div>\n<\/div>\n<div class=\"mfn553m3\" data-block=\"true\" data-editor=\"6c4gd\" data-offset-key=\"9j57-0-0\">\n<div class=\"_1mf _1mj\" data-offset-key=\"9j57-0-0\"><img decoding=\"async\" class=\"alignnone wp-image-21377 size-full\" src=\"https:\/\/dalatreview.vn\/wp-content\/uploads\/2022\/08\/18.jpg\" alt=\"villa nguyen trung truc 6p\" width=\"1920\" height=\"1299\" \/><\/div>\n<div data-offset-key=\"9j57-0-0\"><\/div>\n<div class=\"_1mf _1mj\" data-offset-key=\"9j57-0-0\"><span data-offset-key=\"9j57-0-0\">\ud83c\udf3f Villa go\u0302\u0300m 6 ph\u00f2ng ng\u1ee7 \u0111\u01a1n + 2 n\u1ec7m ph\u1ee5 (s\u1ee9c ch\u1ee9a t\u1ed1i \u0111a 16 ng\u01b0\u1eddi) &#8211; r\u1ee7 ngay b\u1ea1n b\u00e8 l\u00ean k\u00e8o th\u00f4i n\u00e0o!<\/span><\/div>\n<div data-offset-key=\"9j57-0-0\"><\/div>\n<div data-offset-key=\"9j57-0-0\"><img decoding=\"async\" class=\"alignnone wp-image-21376 size-full\" src=\"https:\/\/dalatreview.vn\/wp-content\/uploads\/2022\/08\/pngu-1-scaled-1.jpg\" alt=\"villa nguyen trung truc 6p\" width=\"2560\" height=\"1920\" \/><\/div>\n<div data-offset-key=\"9j57-0-0\"><\/div>\n<div data-offset-key=\"9j57-0-0\"><\/div>\n<div data-offset-key=\"9j57-0-0\"><img decoding=\"async\" class=\"alignnone wp-image-21375 size-full\" src=\"https:\/\/dalatreview.vn\/wp-content\/uploads\/2022\/08\/pngu2-scaled-1.jpg\" alt=\"villa nguyen trung truc 6p\" width=\"2560\" height=\"1920\" \/><\/div>\n<div data-offset-key=\"9j57-0-0\"><\/div>\n<div class=\"_1mf _1mj\" data-offset-key=\"9j57-0-0\"><span data-offset-key=\"9j57-0-0\">\ud83c\udf3f Pho\u0300ng kha\u0301ch, be\u0302\u0301p, \u0111a\u0302\u0300y \u0111u\u0309 tie\u0323\u0302n nghi, gia vi\u0323 co\u031b ba\u0309n, tivi, tu\u0309 la\u0323nh, ma\u0301y no\u0301ng la\u0323nh, ma\u0301y sa\u0301y to\u0301c &#8230;&#8230; kh\u00f4ng kh\u00e1c g\u00ec \u0111ang \u1edf nh\u00e0 lu\u00f4n.<\/span><\/div>\n<div data-offset-key=\"9j57-0-0\"><\/div>\n<div data-offset-key=\"9j57-0-0\"><\/div>\n<div data-offset-key=\"9j57-0-0\"><img decoding=\"async\" class=\"alignnone wp-image-21368 size-full\" src=\"https:\/\/dalatreview.vn\/wp-content\/uploads\/2022\/08\/1-4.jpg\" alt=\"villa nguyen trung truc 6p\" width=\"2560\" height=\"1441\" \/><\/div>\n<div data-offset-key=\"9j57-0-0\"><\/div>\n<div class=\"_1mf _1mj\" data-offset-key=\"9j57-0-0\"><span data-offset-key=\"9j57-0-0\">\ud83c\udf3f Ngay trung t\u00e2m c\u00e1ch ch\u1ee3 3km m\u00e0 sa\u0302n th\u01b0\u1ee3ng BBQ, l\u00f2 n\u01b0\u1edbng s\u1eb5n, tho\u00e1ng m\u00e1t ro\u0323\u0302ng ra\u0303i ng\u1eafm view th\u00e0nh ph\u1ed1 si\u00eau \u0111\u1eb9p. Ng\u1ed3i \u0111\u00e2y \u0103n \u0111\u1ed3 n\u01b0\u1edbng ng\u1eafm th\u00e0nh ph\u1ed1 th\u00ec c\u00f2n g\u00ec b\u1eb1ng.<\/span><\/div>\n<\/div>\n<div data-offset-key=\"9j57-0-0\"><\/div>\n<div data-offset-key=\"9j57-0-0\"><img decoding=\"async\" class=\"alignnone wp-image-21374 size-full\" src=\"https:\/\/dalatreview.vn\/wp-content\/uploads\/2022\/08\/20-1.jpg\" alt=\"villa nguyen trung truc 6p\" width=\"2560\" height=\"1441\" \/><\/div>\n<div data-offset-key=\"9j57-0-0\"><\/div>\n<div class=\"mfn553m3\" data-block=\"true\" data-editor=\"6c4gd\" data-offset-key=\"3bdio-0-0\">\n<div class=\"_1mf _1mj\" data-offset-key=\"3bdio-0-0\"><span data-offset-key=\"3bdio-0-0\"> \ud83c\udf3f \u0110u\u031bo\u031b\u0300ng de\u0302\u0303 \u0111i, \u00f4 t\u00f4 16 ch\u1ed7 v\u00e0o ta\u0323\u0302n no\u031bi \ud83d\udccd Home na\u0306\u0300m o\u031b\u0309 \u0111u\u031bo\u031b\u0300ng Nguy\u1ec5n Trung Tr\u1ef1c P4. Ca\u0301ch cho\u031b\u0323 3km<\/span><\/div>\n<\/div>\n<div data-offset-key=\"3bdio-0-0\"><\/div>\n<div data-offset-key=\"3bdio-0-0\"><img decoding=\"async\" class=\"alignnone wp-image-21372 size-full\" src=\"https:\/\/dalatreview.vn\/wp-content\/uploads\/2022\/08\/15-1.jpg\" alt=\"villa nguyen trung truc 6p\" width=\"1920\" height=\"2560\" \/><\/div>\n<div data-offset-key=\"3bdio-0-0\"><\/div>\n<div class=\"mfn553m3\" data-block=\"true\" data-editor=\"6c4gd\" data-offset-key=\"3bdio-0-0\">\n<div class=\"_1mf _1mj\" data-offset-key=\"3bdio-0-0\"><span data-offset-key=\"3bdio-0-0\">Nha\u0300 mo\u031b\u0301i, sa\u0323ch se\u0303, giao chi\u0300a khoa\u0301 nguye\u0302n ca\u0306n<\/span><\/div>\n<div data-offset-key=\"3bdio-0-0\"><\/div>\n<\/div>\n<div class=\"mfn553m3\" data-block=\"true\" data-editor=\"6c4gd\" data-offset-key=\"7hqd8-0-0\">\n<div class=\"_1mf _1mj\" data-offset-key=\"7hqd8-0-0\"><span data-offset-key=\"7hqd8-0-1\">L\u01b0u s\u1ed1 m\u00ecnh ngay khi n\u00e0o c\u1ea7n villa th\u00ec g\u1ecdi cho m\u00ecnh nh\u00e9! <\/span><\/div>\n<\/div>\n<div class=\"mfn553m3\" data-block=\"true\" data-editor=\"6c4gd\" data-offset-key=\"7nko0-0-0\">\n<div class=\"_1mf _1mj\" data-offset-key=\"7nko0-0-0\"><span data-offset-key=\"7nko0-0-0\">0968 249 297<\/span><\/div>\n<\/div>","protected":false},"excerpt":{"rendered":"<p>\ud83c\udf38\ud83c\udf38 Ph\u00e1t hi\u1ec7n 1 chi\u1ebfc villa tone v\u00e0ng xinh x\u1ebbo qu\u00e1 m\u1ecdi ng\u01b0\u1eddi \u01a1i !!! \ud83c\udf38\ud83c\udf38 Villa n\u00e0y ch\u1ee7 thi\u1ebft k\u1ebf ch\u0103m ch\u00fat t\u1eebng g\u00f3c nh\u1ecf xinh nh\u01b0 t\u1ea1p ch\u00ed lu\u00f4n, l\u1ea1i c\u00f2n c\u00f3 b\u00e0n bi l\u1eafc, ph\u00f3ng phi ti\u00eau gi\u1ea3i tr\u00ed, nh\u00f3m b\u1ea1n \u0111i l\u00e0 kh\u00f4ng bao gi\u1edd s\u1ee3 b\u1ecb nh\u00e0m ch\u00e1n. \ud83c\udf3f Villa [&hellip;]<\/p>","protected":false},"featured_media":21369,"comment_status":"open","ping_status":"closed","template":"","meta":{"_acf_changed":false,"rank_math_lock_modified_date":false},"product_cat":[29,2262,45],"product_tag":[],"acf":[],"_links":{"self":[{"href":"https:\/\/dalatreview.vn\/en\/wp-json\/wp\/v2\/product\/21367"}],"collection":[{"href":"https:\/\/dalatreview.vn\/en\/wp-json\/wp\/v2\/product"}],"about":[{"href":"https:\/\/dalatreview.vn\/en\/wp-json\/wp\/v2\/types\/product"}],"replies":[{"embeddable":true,"href":"https:\/\/dalatreview.vn\/en\/wp-json\/wp\/v2\/comments?post=21367"}],"wp:featuredmedia":[{"embeddable":true,"href":"https:\/\/dalatreview.vn\/en\/wp-json\/wp\/v2\/media\/21369"}],"wp:attachment":[{"href":"https:\/\/dalatreview.vn\/en\/wp-json\/wp\/v2\/media?parent=21367"}],"wp:term":[{"taxonomy":"product_cat","embeddable":true,"href":"https:\/\/dalatreview.vn\/en\/wp-json\/wp\/v2\/product_cat?post=21367"},{"taxonomy":"product_tag","embeddable":true,"href":"https:\/\/dalatreview.vn\/en\/wp-json\/wp\/v2\/product_tag?post=21367"}],"curies":[{"name":"wp","href":"https:\/\/api.w.org\/{rel}","templated":true}]}}