
{"id":21330,"date":"2022-08-18T15:53:48","date_gmt":"2022-08-18T08:53:48","guid":{"rendered":"https:\/\/dalatreview.vn\/?p=21330"},"modified":"2025-01-16T12:25:09","modified_gmt":"2025-01-16T05:25:09","slug":"villa-da-lat-khoi-nghia-bac-son-4-phong-2","status":"publish","type":"product","link":"https:\/\/dalatreview.vn\/en\/villa-da-lat-khoi-nghia-bac-son-4-phong-2.html","title":{"rendered":"Villa VIP \u0110\u00e0 L\u1ea1t Kh\u1edfi Ngh\u0129a B\u1eafc S\u01a1n 4 ph\u00f2ng"},"content":{"rendered":"<nav class=\"vietrick-auto-toc\">\n<div class=\"box-title\">\n<h3 class=\"toc-title\" id=\"select-menu\">Danh m\u1ee5c ch\u00ednh<\/h3>\n<div><ion-icon name=\"chevron-up-outline\"><\/ion-icon><\/div>\n<\/div>\n<ul class=\"toc-list\"><\/ul>\n<li><a href='https:\/\/dalatreview.vn\/en#villa-da-lat-khoi-nghia-bac-son-4-phong' class='heading-h1 toc-link smooth-scroll'>Villa \u0110\u00e0 L\u1ea1t Kh\u1edfi Ngh\u0129a B\u1eafc S\u01a1n 4 Ph\u00f2ng<\/a>\n<li><a href='https:\/\/dalatreview.vn\/en#1-vi-tri' class='heading-h1 toc-link smooth-scroll'>1. V\u1ecb tr\u00ed<\/a>\n<li><a href='https:\/\/dalatreview.vn\/en#2-kien-truc' class='heading-h1 toc-link smooth-scroll'>2. Ki\u1ebfn tr\u00fac<\/a>\n<li><a href='https:\/\/dalatreview.vn\/en#3-dich-vu-tien-nghi' class='heading-h1 toc-link smooth-scroll'>3. D\u1ecbch v\u1ee5 &amp; Ti\u1ec7n nghi<\/a>\n<li><a href='https:\/\/dalatreview.vn\/en#' class='heading-h1 toc-link smooth-scroll'><\/a>\n<li><a href='https:\/\/dalatreview.vn\/en#4-lien-he' class='heading-h1 toc-link smooth-scroll'>4. Li\u00ean h\u1ec7<\/a><\/ul>\n<\/li>\n<\/ul>\n<\/nav>\n<h1 style=\"text-align: center;\" id=\"villa-da-lat-khoi-nghia-bac-son-4-phong\"><span style=\"color: #003300; font-size: 24px;\"><strong>Villa \u0110\u00e0 L\u1ea1t Kh\u1edfi Ngh\u0129a B\u1eafc S\u01a1n 4 Ph\u00f2ng<\/strong><\/span><\/h1>\n<h1 id=\"1-vi-tri\"><span style=\"font-size: 20px; color: #003300;\"><strong>1. V\u1ecb tr\u00ed<\/strong><\/span><\/h1>\n<p>Villa n\u1eb1m \u1edf <strong>\u0111\u01b0\u1eddng Kh\u1edfi Ngh\u0129a B\u1eafc S\u01a1n<\/strong> ngay trung t\u00e2m, thu\u1eadn ti\u1ec7n cho vi\u1ec7c di chuy\u1ec3n tham quan c\u00e1c \u0111\u1ecba \u0111i\u1ec3m du l\u1ecbch. Ch\u1ec9 m\u1ea5t 2-3 ph\u00fat ch\u1ea1y xe \u0111\u1ec3 \u0111\u1ebfn qu\u1ea3ng tr\u01b0\u1eddng v\u00e0 ch\u1ee3 \u0110\u00e0 L\u1ea1t.<\/p>\n<p>\u0110u\u031bo\u031b\u0323c vi\u0301 nhu\u031b mo\u0323\u0302t cha\u0302u A\u0302u thu nho\u0309 giu\u031b\u0303a \u0110a\u0300 La\u0323t, cu\u0323m bie\u0323\u0302t thu\u031b\u0323 nhu\u031b hoa\u0300 va\u0300o khung ca\u0309nh thie\u0302n nhie\u0302n ta\u0323o ne\u0302n bu\u031b\u0301c tranh a\u0302\u0301n tu\u031bo\u031b\u0323ng va\u0300 \u0111o\u0323\u0302c \u0111a\u0301o. \u0110a\u0302y la\u0300 tho\u031b\u0300i \u0111ie\u0302\u0309m tuye\u0323\u0302t vo\u031b\u0300i \u0111e\u0302\u0309 \u0111i bo\u0323\u0302 du\u031bo\u031b\u0301i ru\u031b\u0300ng tho\u0302ng cu\u0300ng ngu\u031bo\u031b\u0300i thu\u031bo\u031bng, ta\u0323\u0302n hu\u031bo\u031b\u0309ng bu\u031b\u0303a sa\u0301ng trong kho\u0302ng gian a\u0302\u0301m cu\u0301ng, bu\u031b\u0303a to\u0302\u0301i vo\u031b\u0301i chu\u0301t ru\u031bo\u031b\u0323u vang va\u0300 cu\u0300ng nhau nga\u0306\u0301m nhi\u0300n ve\u0309 \u0111e\u0323p cu\u0309a tha\u0300nh pho\u0302\u0301 ve\u0302\u0300 \u0111e\u0302m.<\/p>\n<p><img decoding=\"async\" class=\"alignnone wp-image-21331 size-full\" src=\"https:\/\/dalatreview.vn\/wp-content\/uploads\/2022\/08\/1-3.jpg\" alt=\"villa khoi nghia bac son 4 p\" width=\"2016\" height=\"1512\" \/><\/p>\n<p class=\"xSFsUw _8zE9yw _4odmfQ\"><span class=\"pW8uoA\">Villa n\u1eb1m \u1ea9n m\u00ecnh gi\u1eefa r\u1eebng th\u00f4ng, l\u00e0 n\u01a1i ngh\u1ec9 d\u01b0\u1ee1ng ho\u00e0n to\u00e0n th\u00edch h\u1ee3p \u0111\u1ec3 b\u1ea1n c\u00f3 th\u1ec3 d\u00e0nh th\u00eam th\u1eddi gian qu\u00fd gi\u00e1 b\u00ean c\u1ea1nh gia \u0111\u00ecnh.<\/span><\/p>\n<p><img decoding=\"async\" class=\"alignnone wp-image-21334 size-full\" src=\"https:\/\/dalatreview.vn\/wp-content\/uploads\/2022\/08\/shchung-scaled-1.jpg\" alt=\"villa khoi nghia bac son 4 p\" width=\"2560\" height=\"1920\" \/><\/p>\n<h1 id=\"2-kien-truc\"><span style=\"color: #003300; font-size: 20px;\"><strong>2. Ki\u1ebfn tr\u00fac<\/strong><\/span><\/h1>\n<p>Ki\u1ebfn tr\u00fac : Phong c\u00e1ch B\u1eafc \u00c2u sang tr\u1ecdng v\u00e0 hi\u1ec7n \u0111\u1ea1i.<\/p>\n<p class=\"xSFsUw _8zE9yw _4odmfQ\"><span class=\"pW8uoA\">\u0110\u1ebfn v\u1edbi Villa, b\u1ea1n s\u1ebd lu\u00f4n c\u1ea3m th\u1ea5y tho\u1ea3i m\u00e1i &amp; th\u00e2n thu\u1ed9c nh\u01b0 \u0111ang \u1edf ch\u00ednh ng\u00f4i nh\u00e0 c\u1ee7a m\u00ecnh. Villa s\u1edf h\u1eefu m\u1ed9t kh\u00f4ng gian v\u00f4 c\u00f9ng tho\u00e1ng m\u00e1t h\u1ee9a h\u1eb9n mang \u0111\u1ebfn cho gia \u0111\u00ecnh, b\u1ea1n b\u00e8 m\u1ed9t k\u1ef3 ngh\u1ec9 tuy\u1ec7t v\u1eddi v\u00e0 th\u01b0 gi\u00e3n.<\/span><\/p>\n<p>&nbsp;<\/p>\n<p><img decoding=\"async\" class=\"alignnone wp-image-21339 size-full\" src=\"https:\/\/dalatreview.vn\/wp-content\/uploads\/2022\/08\/28.jpg\" alt=\"villa khoi nghia bac son 4 p\" width=\"2016\" height=\"1512\" \/><\/p>\n<h1 id=\"3-dich-vu-tien-nghi\"><span style=\"color: #003300; font-size: 20px;\"><strong>3. D\u1ecbch v\u1ee5 &amp; Ti\u1ec7n nghi<\/strong><\/span><\/h1>\n<p>Villa \u0111\u1ea7y \u0111\u1ee7 \u0111\u1ed3 d\u00f9ng, trang thi\u1ebft b\u1ecb n\u1ed9i th\u1ea5t \u0111\u1ec3 b\u1ea1n tr\u1ea3i nghi\u1ec7m nh\u01b0 \u0111ang \u1edf nh\u00e0 c\u1ee7a ch\u00ednh m\u00ecnh!<\/p>\n<p>C\u01a1 c\u1ea5u ph\u00f2ng : 03 T\u1ea7ng (01 Tr\u1ec7t, 02 l\u1ea7u), s\u00e2n BBQ, s\u00e2n v\u01b0\u1eddn, ph\u00f2ng kh\u00e1ch, ph\u00f2ng \u0111\u1ecdc s\u00e1ch, b\u1ebfp, 04 WC, 02 Ph\u00f2ng ri\u00eang, v\u00e0 kh\u00f4ng gian sinh ho\u1ea1t chung<\/p>\n<p>S\u1ee9c ch\u1ee9a : 15 kh\u00e1ch (c\u00f3 th\u1ec3 linh \u0111\u1ed9ng k\u00ea th\u00eam n\u1ec7m)<\/p>\n<p>&nbsp;<\/p>\n<p><img decoding=\"async\" class=\"alignnone wp-image-21337 size-full\" src=\"https:\/\/dalatreview.vn\/wp-content\/uploads\/2022\/08\/pngu-scaled-1.jpg\" alt=\"villa khoi nghia bac son 4 p\" width=\"2560\" height=\"1920\" \/><\/p>\n<p>&nbsp;<\/p>\n<p>D\u1ecbch v\u1ee5 \u0111i k\u00e8m: \u0102n t\u1ed1i, Ti\u1ec7c Sinh nh\u1eadt, \u0110\u00f3n ti\u1ec5n s\u00e2n bay, Qu\u00e0 l\u01b0u ni\u1ec7m &amp; \u0111\u1eb7c s\u1ea3n \u0111\u1ecba ph\u01b0\u01a1ng, Tour tham quan \u0110\u00e0 L\u1ea1t.<\/p>\n<p><img decoding=\"async\" class=\"alignnone wp-image-21338 size-full\" src=\"https:\/\/dalatreview.vn\/wp-content\/uploads\/2022\/08\/bbq-1-scaled-1.jpg\" alt=\"villa khoi nghia bac son 4 p\" width=\"2560\" height=\"1920\" \/><\/p>\n<h1 id=\"\"><\/h1>\n<h1 id=\"4-lien-he\"><span style=\"color: #003300; font-size: 20px;\"><strong>4. Li\u00ean h\u1ec7<\/strong><\/span><\/h1>\n<p>Gi\u00e1 ph\u00f2ng v\u00e0 c\u00e1c quy \u0111\u1ecbnh chi ti\u1ebft vui l\u00f2ng li\u00ean h\u1ec7 \u0111\u1ec3 \u0111\u01b0\u1ee3c t\u01b0 v\u1ea5n<\/p>\n<p>Fanpage:\u00a0<a href=\"https:\/\/www.facebook.com\/booking.dalatreview.vn\/\">Booking \u0110\u00e0 L\u1ea1t \u2013 www.dalatreview.vn<\/a><\/p>\n<p>S\u0110T\/Zalo: 0968 249 297<\/p>","protected":false},"excerpt":{"rendered":"<p>Danh m\u1ee5c ch\u00ednh Villa \u0110\u00e0 L\u1ea1t Kh\u1edfi Ngh\u0129a B\u1eafc S\u01a1n 4 Ph\u00f2ng 1. V\u1ecb tr\u00ed 2. Ki\u1ebfn tr\u00fac 3. D\u1ecbch v\u1ee5 &amp; Ti\u1ec7n nghi 4. Li\u00ean h\u1ec7 Villa \u0110\u00e0 L\u1ea1t Kh\u1edfi Ngh\u0129a B\u1eafc S\u01a1n 4 Ph\u00f2ng 1. V\u1ecb tr\u00ed Villa n\u1eb1m \u1edf \u0111\u01b0\u1eddng Kh\u1edfi Ngh\u0129a B\u1eafc S\u01a1n ngay trung t\u00e2m, thu\u1eadn ti\u1ec7n cho vi\u1ec7c di [&hellip;]<\/p>","protected":false},"featured_media":21331,"comment_status":"open","ping_status":"closed","template":"","meta":{"_acf_changed":false,"rank_math_lock_modified_date":false},"product_cat":[29,2248,45],"product_tag":[],"acf":[],"_links":{"self":[{"href":"https:\/\/dalatreview.vn\/en\/wp-json\/wp\/v2\/product\/21330"}],"collection":[{"href":"https:\/\/dalatreview.vn\/en\/wp-json\/wp\/v2\/product"}],"about":[{"href":"https:\/\/dalatreview.vn\/en\/wp-json\/wp\/v2\/types\/product"}],"replies":[{"embeddable":true,"href":"https:\/\/dalatreview.vn\/en\/wp-json\/wp\/v2\/comments?post=21330"}],"wp:featuredmedia":[{"embeddable":true,"href":"https:\/\/dalatreview.vn\/en\/wp-json\/wp\/v2\/media\/21331"}],"wp:attachment":[{"href":"https:\/\/dalatreview.vn\/en\/wp-json\/wp\/v2\/media?parent=21330"}],"wp:term":[{"taxonomy":"product_cat","embeddable":true,"href":"https:\/\/dalatreview.vn\/en\/wp-json\/wp\/v2\/product_cat?post=21330"},{"taxonomy":"product_tag","embeddable":true,"href":"https:\/\/dalatreview.vn\/en\/wp-json\/wp\/v2\/product_tag?post=21330"}],"curies":[{"name":"wp","href":"https:\/\/api.w.org\/{rel}","templated":true}]}}