
{"id":21246,"date":"2022-08-17T16:07:52","date_gmt":"2022-08-17T09:07:52","guid":{"rendered":"https:\/\/dalatreview.vn\/?p=21246"},"modified":"2026-04-23T00:29:18","modified_gmt":"2026-04-22T17:29:18","slug":"terracotta-resort-thien-duong-nghi-duong-4-sao","status":"publish","type":"product","link":"https:\/\/dalatreview.vn\/en\/terracotta-resort-thien-duong-nghi-duong-4-sao.html","title":{"rendered":"Terracotta Resort &#8211; Thi\u00ean \u0111\u01b0\u1eddng ngh\u1ec9 d\u01b0\u1ee1ng 4 sao"},"content":{"rendered":"<nav class=\"vietrick-auto-toc\">\n<div class=\"box-title\">\n<h3 class=\"toc-title\" id=\"select-menu\">Danh m\u1ee5c ch\u00ednh<\/h3>\n<div><ion-icon name=\"chevron-up-outline\"><\/ion-icon><\/div>\n<\/div>\n<ul class=\"toc-list\">\n<li><a href='https:\/\/dalatreview.vn\/en#terracotta-resort-thien-duong-nghi-duong-4-sao' class='heading-h2 toc-link smooth-scroll'>Terracotta Resort &#8211; Thi\u00ean \u0111\u01b0\u1eddng ngh\u1ec9 d\u01b0\u1ee1ng 4 sao<\/a>\n<li><a href='https:\/\/dalatreview.vn\/en#1-vi-tri' class='heading-h2 toc-link smooth-scroll'>1. V\u1ecb tr\u00ed<\/a>\n<li><a href='https:\/\/dalatreview.vn\/en#3-dich-vu-tien-ich' class='heading-h2 toc-link smooth-scroll'>3. D\u1ecbch v\u1ee5 ti\u1ec7n \u00edch\u00a0<\/a>\n<li><a href='https:\/\/dalatreview.vn\/en#4-cac-hang-phong' class='heading-h2 toc-link smooth-scroll'>4. C\u00e1c h\u1ea1ng ph\u00f2ng\u00a0<\/a>\n<li><a href='https:\/\/dalatreview.vn\/en#' class='heading-h2 toc-link smooth-scroll'><\/a>\n<li><a href='https:\/\/dalatreview.vn\/en#5-lien-he' class='heading-h2 toc-link smooth-scroll'>5. Li\u00ean h\u1ec7<\/a><\/ul>\n<\/ul>\n<\/li>\n<\/ul>\n<\/nav>\n<h2 style=\"text-align: center;\" id=\"terracotta-resort-thien-duong-nghi-duong-4-sao\"><span style=\"color: #003300;\">Terracotta Resort &#8211; Thi\u00ean \u0111\u01b0\u1eddng ngh\u1ec9 d\u01b0\u1ee1ng 4 sao<\/span><\/h2>\n<p><img decoding=\"async\" class=\"alignnone wp-image-33286 size-full\" src=\"https:\/\/dalatreview.vn\/wp-content\/uploads\/2022\/08\/Resort-chup-Fly-Cam-scaled-1.jpg\" alt=\"Terracotta Resort\" width=\"2560\" height=\"1438\" srcset=\"https:\/\/dalatreview.vn\/wp-content\/uploads\/2022\/08\/Resort-chup-Fly-Cam-scaled-1.jpg 2560w, https:\/\/dalatreview.vn\/wp-content\/uploads\/2022\/08\/Resort-chup-Fly-Cam-scaled-1-600x337.jpg 600w\" sizes=\"(max-width: 2560px) 100vw, 2560px\" \/><\/p>\n<h2 id=\"1-vi-tri\"><span style=\"font-size: 24px; color: #003300;\"><strong>1. V\u1ecb tr\u00ed<\/strong><\/span><\/h2>\n<p>Terracotta resort\u00a0l\u00e0 m\u1ed9t khu ngh\u1ec9 d\u01b0\u1ee1ng n\u1ed5i ti\u1ebfng \u0111\u01b0\u1ee3c v\u00ed nh\u01b0 \u201cTi\u1ec3u Paris\u201d, khu ngh\u1ec9 d\u01b0\u1ee1ng n\u00e0y n\u1eb1m \u1edf m\u1ed9t khu \u0111\u1ea5t ven h\u1ed3 nh\u01b0 m\u1ed9t b\u00e1n \u0111\u1ea3o tr\u00ean H\u1ed3 Tuy\u1ec1n L\u00e2m.<\/p>\n<p><img decoding=\"async\" class=\"alignnone wp-image-33262 size-full\" src=\"https:\/\/dalatreview.vn\/wp-content\/uploads\/2022\/08\/Chieu-hoang-hon-scaled-1.jpg\" alt=\"bu\u1ed5i chi\u1ec1u ho\u00e0ng h\u00f4n \u1edf Terracotta Resort\" width=\"2560\" height=\"1707\" \/><\/p>\n<p>V\u1edbi di\u1ec7n t\u00edch r\u1ed9ng r\u00e3i tho\u00e1ng, khu ngh\u1ec9 d\u01b0\u1ee1ng Terracotta lu\u00f4n m\u1edd \u1ea3o trong s\u01b0\u01a1ng kh\u00f3i \u0110\u00e0 L\u1ea1t.<\/p>\n<p><img decoding=\"async\" class=\"alignnone wp-image-33275 size-full\" src=\"https:\/\/dalatreview.vn\/wp-content\/uploads\/2022\/08\/Mr-Tri-scaled-1.jpg\" alt=\"tr\u1ea3i nghi\u1ec7m Terracotta Resort\" width=\"2560\" height=\"1920\" srcset=\"https:\/\/dalatreview.vn\/wp-content\/uploads\/2022\/08\/Mr-Tri-scaled-1.jpg 2560w, https:\/\/dalatreview.vn\/wp-content\/uploads\/2022\/08\/Mr-Tri-scaled-1-600x450.jpg 600w\" sizes=\"(max-width: 2560px) 100vw, 2560px\" \/><\/p>\n<p><span style=\"font-size: 24px; color: #003300;\"><strong>2. Decor<\/strong><\/span><\/p>\n<p><span style=\"font-size: 16px;\">Terracotta Resort<\/span>s\u1edf h\u1eefu phong c\u00e1ch ki\u1ebfn tr\u00fac ph\u01b0\u01a1ng T\u00e2y hi\u1ec7n \u0111\u1ea1i. Quy m\u00f4 x\u00e2y d\u1ef1ng c\u1ee7a khu ngh\u1ec9 d\u01b0\u1ee1ng g\u1ed3m 240 ph\u00f2ng kh\u00e1ch s\u1ea1n v\u00e0 21 c\u0103n bi\u1ec7t th\u1ef1 \u0111\u1ed9c l\u1eadp n\u1eb1m xen k\u1ebd gi\u1eefa r\u1eebng th\u00f4ng, g\u1ee3i m\u1ecdt c\u1ea3m gi\u00e1c tho\u00e1ng m\u00e1t, chill v\u00e0 ch\u1ea5t. D\u00f9 du kh\u00e1ch c\u00f3 kh\u00f3 t\u00ednh nh\u01b0 th\u1ebf n\u00e0o ch\u1eafc ch\u1eafn khi \u0111\u1ebfn tr\u1ea3i nghi\u1ec7m t\u1ea1i \u0111\u00e2y \u0111\u1ec1u s\u1ebd h\u00e0i l\u00f2ng.<\/p>\n<p><img decoding=\"async\" class=\"aligncenter wp-image-33305 size-full\" src=\"https:\/\/dalatreview.vn\/wp-content\/uploads\/2022\/08\/327994254_1236868430235846_3771018323982238235_n.jpg\" alt=\"thi\u1ebft k\u1ebf ph\u00f2ng t\u1ea1i Terracotta Resort\" width=\"2048\" height=\"1365\" srcset=\"https:\/\/dalatreview.vn\/wp-content\/uploads\/2022\/08\/327994254_1236868430235846_3771018323982238235_n.jpg 2048w, https:\/\/dalatreview.vn\/wp-content\/uploads\/2022\/08\/327994254_1236868430235846_3771018323982238235_n-600x400.jpg 600w\" sizes=\"(max-width: 2048px) 100vw, 2048px\" \/><\/p>\n<p>Phong c\u00e1ch thi\u1ebft k\u1ebf c\u1ee7a <span style=\"font-size: 16px;\">Terracotta Resort<\/span>\u00a0\u0111\u01b0\u1ee3c x\u00e2y d\u1ef1ng theo phong c\u00e1ch Ch\u00e2u \u00c2u sang tr\u1ecdng, hi\u1ec7n \u0111\u1ea1i. To\u00e0n b\u1ed9 khu ngh\u1ec9 d\u01b0\u1ee1ng \u0111\u01b0\u1ee3c \u201ckho\u00e1c\u201d l\u00ean m\u00ecnh b\u1ed9 c\u00e1nh v\u1edbi gam m\u00e0u c\u01a1 b\u1ea3n x\u00e1m, tr\u1eafng v\u00e0 be. C\u00e1c m\u1ea3ng m\u00e0u ph\u1ed1i h\u1ee3p \u0103n \u00fd, t\u0103ng \u0111i\u1ec3m c\u1ed9ng v\u1ec1 h\u00ecnh th\u1ee9c v\u00e0 th\u1ea9m m\u1ef9.<\/p>\n<p><img decoding=\"async\" class=\"wp-image-21272 size-full aligncenter\" src=\"https:\/\/dalatreview.vn\/wp-content\/uploads\/2022\/08\/terracotta-hotel-resort-dalat.jpg\" alt=\"Terracotta Resort\" width=\"2048\" height=\"1363\" \/><\/p>\n<p>\u1ede Terracotta Resort c\u00e2y xanh bao ph\u1ee7 \u1edf kh\u1eafp m\u1ecdi n\u01a1i, l\u1ea1i c\u00f2n tr\u1ed3ng r\u1ea5t nhi\u1ec1u hoa n\u1eefa. \u0110\u01b0\u1eddng \u0111i quanh khu resort \u0111\u01b0\u1ee3c l\u00e1t g\u1ea1ch v\u00e0 r\u1ed9ng r\u00e3i v\u00f4 c\u00f9ng, c\u1ee9 t\u01b0\u1edfng t\u01b0\u1ee3ng chi\u1ec1u m\u00e1t m\u00e0 \u0111\u1ea1p xe ho\u1eb7c \u0111i b\u1ed9 v\u00f2ng quanh \u0111\u00e2y l\u00e0 c\u0169ng \u0111\u1ee7 th\u01b0 gi\u00e3n r\u1ed3i.<\/p>\n<p><img decoding=\"async\" class=\"alignnone wp-image-33263 size-full\" src=\"https:\/\/dalatreview.vn\/wp-content\/uploads\/2022\/08\/Chieu-nghi-3-scaled-1.jpg\" alt=\"thi\u1ebft k\u1ebf t\u1ea1i Terracotta Resort\" width=\"2560\" height=\"1706\" \/><\/p>\n<h2 id=\"3-dich-vu-tien-ich\"><span style=\"font-size: 24px; color: #003300;\"><strong>3. D\u1ecbch v\u1ee5 ti\u1ec7n \u00edch\u00a0<\/strong><\/span><\/h2>\n<p><strong>\u0102n u\u1ed1ng<\/strong><\/p>\n<p>\u1ede resort c\u00f3 2 khu \u0103n u\u1ed1ng, \u0111\u00f3 l\u00e0 m\u1ed9t khu trong nh\u00e0 (nh\u00e0 h\u00e0ng Montagne) v\u00e0 khu v\u1ef1c ngo\u00e0i tr\u1eddi (qu\u1ea3ng tr\u01b0\u1eddng Terracotta).<\/p>\n<p><img decoding=\"async\" class=\"size-full wp-image-33309 aligncenter\" src=\"https:\/\/dalatreview.vn\/wp-content\/uploads\/2022\/08\/Grand-Ball-room_round-table.jpg\" alt=\"nh\u00e0 h\u00e0ng Terracotta Resort\" width=\"1800\" height=\"1200\" srcset=\"https:\/\/dalatreview.vn\/wp-content\/uploads\/2022\/08\/Grand-Ball-room_round-table.jpg 1800w, https:\/\/dalatreview.vn\/wp-content\/uploads\/2022\/08\/Grand-Ball-room_round-table-600x400.jpg 600w\" sizes=\"(max-width: 1800px) 100vw, 1800px\" \/><\/p>\n<p>Nh\u00e0 h\u00e0ng Montagne chuy\u00ean c\u00e1c m\u00f3n \u1ea9m th\u1ef1c \u00c1 \u2013 \u00c2u v\u00e0 c\u0169ng l\u00e0 n\u01a1i ph\u1ee5c v\u1ee5 buffet b\u1eefa s\u00e1ng cho du kh\u00e1ch\u00a0t\u1eeb 6:30 \u0111\u1ebfn 9:30<\/p>\n<p><img decoding=\"async\" class=\"size-full wp-image-33284 aligncenter\" src=\"https:\/\/dalatreview.vn\/wp-content\/uploads\/2022\/08\/QUY_1963.jpg\" alt=\"ti\u1ec7c bbq t\u1ea1i Terracotta Resort\" width=\"2050\" height=\"1362\" srcset=\"https:\/\/dalatreview.vn\/wp-content\/uploads\/2022\/08\/QUY_1963.jpg 2050w, https:\/\/dalatreview.vn\/wp-content\/uploads\/2022\/08\/QUY_1963-600x399.jpg 600w\" sizes=\"(max-width: 2050px) 100vw, 2050px\" \/><\/p>\n<p>Qu\u1ea3ng tr\u01b0\u1eddng Terracotta d\u00e0nh \u0111\u1ec3 t\u1ed5 ch\u1ee9c BBQ v\u00e0 ti\u1ec7c ngo\u00e0i tr\u1eddi r\u1ea5t th\u00fa v\u1ecb, t\u1ed5 ch\u1ee9c c\u00e1c s\u1ef1 ki\u1ec7n, d\u1ea1 ti\u1ec7c, team-building hay c\u00e1c ho\u1ea1t \u0111\u1ed9ng vui ch\u01a1i, gi\u1ea3i tr\u00ed ngo\u00e0i tr\u1eddi.<\/p>\n<p><strong>Ti\u1ec7c ngo\u00e0i tr\u1eddi\u00a0<\/strong><\/p>\n<p><img decoding=\"async\" class=\"alignnone wp-image-33273 size-full\" src=\"https:\/\/dalatreview.vn\/wp-content\/uploads\/2022\/08\/Minh-Han-694-scaled-1.jpg\" alt=\"ti\u1ec7c ngo\u00e0i tr\u1eddi t\u1ea1i Terracotta Resort\" width=\"2560\" height=\"1686\" srcset=\"https:\/\/dalatreview.vn\/wp-content\/uploads\/2022\/08\/Minh-Han-694-scaled-1.jpg 2560w, https:\/\/dalatreview.vn\/wp-content\/uploads\/2022\/08\/Minh-Han-694-scaled-1-600x395.jpg 600w\" sizes=\"(max-width: 2560px) 100vw, 2560px\" \/><\/p>\n<p><strong>Picnic<\/strong><\/p>\n<p><img decoding=\"async\" class=\"alignnone wp-image-33306 size-full\" src=\"https:\/\/dalatreview.vn\/wp-content\/uploads\/2022\/08\/352741337_626696609398849_1741098745765225161_n.jpg\" alt=\"picnic t\u1ea1i Terracotta Resort\" width=\"2048\" height=\"1365\" srcset=\"https:\/\/dalatreview.vn\/wp-content\/uploads\/2022\/08\/352741337_626696609398849_1741098745765225161_n.jpg 2048w, https:\/\/dalatreview.vn\/wp-content\/uploads\/2022\/08\/352741337_626696609398849_1741098745765225161_n-600x400.jpg 600w\" sizes=\"(max-width: 2048px) 100vw, 2048px\" \/><\/p>\n<p><strong>Ti\u1ec7c tr\u00e0 chi\u1ec1u sang tr\u1ecdng\u00a0<\/strong><\/p>\n<p><img decoding=\"async\" class=\"aligncenter wp-image-33308 size-full\" src=\"https:\/\/dalatreview.vn\/wp-content\/uploads\/2022\/08\/325350007_926469935430021_8295362132160761722_n.jpg\" alt=\"ti\u1ec7c tr\u00e0 chi\u1ec1u sang tr\u1ecdng t\u1ea1i Terracotta Resort\" width=\"2048\" height=\"1255\" srcset=\"https:\/\/dalatreview.vn\/wp-content\/uploads\/2022\/08\/325350007_926469935430021_8295362132160761722_n.jpg 2048w, https:\/\/dalatreview.vn\/wp-content\/uploads\/2022\/08\/325350007_926469935430021_8295362132160761722_n-600x368.jpg 600w\" sizes=\"(max-width: 2048px) 100vw, 2048px\" \/><\/p>\n<p><strong>Ti\u1ec7c c\u01b0\u1edbi\u00a0<\/strong><\/p>\n<p><img decoding=\"async\" class=\"size-full wp-image-33299 aligncenter\" src=\"https:\/\/dalatreview.vn\/wp-content\/uploads\/2022\/08\/Wedding-Nam-_-Tram-Villa-15-bedrooms.jpg\" alt=\"ti\u1ec7c c\u01b0\u1edbi t\u1ea1i Terracotta Resort\" width=\"1600\" height=\"1066\" srcset=\"https:\/\/dalatreview.vn\/wp-content\/uploads\/2022\/08\/Wedding-Nam-_-Tram-Villa-15-bedrooms.jpg 1600w, https:\/\/dalatreview.vn\/wp-content\/uploads\/2022\/08\/Wedding-Nam-_-Tram-Villa-15-bedrooms-600x400.jpg 600w\" sizes=\"(max-width: 1600px) 100vw, 1600px\" \/><\/p>\n<p>Ti\u1ec7n \u00edch n\u1ed5i b\u1eadt: h\u1ed3 b\u01a1i n\u01b0\u1edbc n\u00f3ng, ph\u00f2ng t\u1eadp gym, s\u00e2n tenis, s\u00e2n c\u1ea7u l\u00f4ng, s\u00e2n goft, club, ph\u00f2ng karaoke, khu spa &amp; massage\u2026 T\u1ea5t c\u1ea3 c\u00e1c d\u1ecbch v\u1ee5 n\u00e0y \u0111\u1ec1u mi\u1ec5n ph\u00ed, ch\u1ec9 c\u00f3 spa l\u00e0 m\u1ea5t ti\u1ec1n th\u00f4i nh\u00e9.<\/p>\n<p><img decoding=\"async\" class=\"size-full wp-image-33290 aligncenter\" src=\"https:\/\/dalatreview.vn\/wp-content\/uploads\/2022\/08\/San-Tennis.jpg\" alt=\"s\u00e2n tenis t\u1ea1i Terracotta Resort\" width=\"2048\" height=\"1362\" srcset=\"https:\/\/dalatreview.vn\/wp-content\/uploads\/2022\/08\/San-Tennis.jpg 2048w, https:\/\/dalatreview.vn\/wp-content\/uploads\/2022\/08\/San-Tennis-600x399.jpg 600w\" sizes=\"(max-width: 2048px) 100vw, 2048px\" \/><\/p>\n<p>D\u1ecbch v\u1ee5 Spa \u0111\u1eb3ng c\u1ea5p ti\u00eau chu\u1ea9n 5 sao mang \u0111\u1ebfn cho b\u1ea1n nh\u1eefng ph\u00fat gi\u00e2y th\u01b0 gi\u00e3n tuy\u1ec7t v\u1eddi<\/p>\n<p><img decoding=\"async\" class=\"size-full wp-image-33310 aligncenter\" src=\"https:\/\/dalatreview.vn\/wp-content\/uploads\/2022\/08\/spa-3.jpg\" alt=\"spa t\u1ea1i Terracotta Resort\" width=\"960\" height=\"640\" srcset=\"https:\/\/dalatreview.vn\/wp-content\/uploads\/2022\/08\/spa-3.jpg 960w, https:\/\/dalatreview.vn\/wp-content\/uploads\/2022\/08\/spa-3-600x400.jpg 600w\" sizes=\"(max-width: 960px) 100vw, 960px\" \/><\/p>\n<p>D\u1ecbch v\u1ee5 \u0111i k\u00e8m: ph\u00f2ng h\u1ed9i h\u1ecdp v\u1edbi s\u1ee9c ch\u1ee9a 400 kh\u00e1ch, d\u1ecbch v\u1ee5 \u0111\u1ed5i ngo\u1ea1i t\u1ec7 mi\u1ec5n ph\u00ed, cho thu\u00ea xe \u0111\u1ea1p, cho thu\u00ea xe m\u00e1y, h\u1ed7 tr\u1ee3 \u0111\u1eb7t tour du l\u1ecbch, d\u1ecbch v\u1ee5 \u0111\u01b0a \u0111\u00f3n \u1edf s\u00e2n bay, d\u1ecbch v\u1ee5 \u0111\u01b0a \u0111\u00f3n mi\u1ec5n ph\u00ed b\u1eb1ng xe bus t\u1eeb trung t\u00e2m th\u00e0nh ph\u1ed1\u2026<\/p>\n<h2 id=\"4-cac-hang-phong\"><span style=\"font-size: 24px; color: #003300;\"><strong>4. C\u00e1c h\u1ea1ng ph\u00f2ng\u00a0<\/strong><\/span><\/h2>\n<p>C\u00e1c ph\u00f2ng Resort Terracotta \u0110\u00e0 L\u1ea1t \u0111\u1ec1u \u0111\u01b0\u1ee3c trang b\u1ecb nh\u1eefng ti\u1ec7n nghi c\u01a1 b\u1ea3n nh\u1ea5t: wifi mi\u1ec5n ph\u00ed, truy\u1ec1n h\u00ecnh c\u00e1p, t\u1ee7 l\u1ea1nh, n\u01b0\u1edbc u\u1ed1ng mi\u1ec5n ph\u00ed\u2026 c\u00f9ng d\u1ecbch v\u1ee5 d\u1ecdn d\u1eb9p ph\u00f2ng h\u00e0ng ng\u00e0y<\/p>\n<p><img decoding=\"async\" class=\"alignnone wp-image-33302 size-full\" src=\"https:\/\/dalatreview.vn\/wp-content\/uploads\/2022\/08\/z3300470741321_2a9dd1b480e0b8ae747a2b6c7d48453b.jpg\" alt=\"thi\u1ebft k\u1ebf ph\u00f2ng t\u1ea1i Terracotta Resort\" width=\"1281\" height=\"961\" srcset=\"https:\/\/dalatreview.vn\/wp-content\/uploads\/2022\/08\/z3300470741321_2a9dd1b480e0b8ae747a2b6c7d48453b.jpg 1281w, https:\/\/dalatreview.vn\/wp-content\/uploads\/2022\/08\/z3300470741321_2a9dd1b480e0b8ae747a2b6c7d48453b-600x450.jpg 600w\" sizes=\"(max-width: 1281px) 100vw, 1281px\" \/><\/p>\n<p><b>Ph\u00f2ng Standard\u00a0<\/b><\/p>\n<p>Di\u1ec7n t\u00edch ph\u00f2ng kho\u1ea3ng 35m2, c\u00f3 2 gi\u01b0\u1eddng \u0111\u01a1n, ph\u00f9 h\u1ee3p v\u1edbi 2 ng\u01b0\u1eddi l\u1edbn v\u00e0 2 tr\u1ebb em. Ph\u00f2ng \u0111\u01b0\u1ee3c b\u1ed1 tr\u00ed m\u1ed9t c\u1eeda s\u1ed5 nh\u1ecf \u0111\u1ec3 \u00e1nh s\u00e1ng t\u1ef1 nhi\u00ean c\u00f3 th\u1ec3 \u0111i v\u00e0o ph\u00f2ng. Tuy nhi\u00ean, ph\u00f2ng c\u00f3 v\u1ecb tr\u00ed \u1edf t\u1ea7ng th\u1ea5p c\u1ee7a t\u00f2a nh\u00e0 n\u00ean s\u1ebd ph\u1ea7n n\u00e0o h\u1ea1n ch\u1ebf t\u1ea7m nh\u00ecn.<\/p>\n<p><img decoding=\"async\" class=\"size-full wp-image-33292 aligncenter\" src=\"https:\/\/dalatreview.vn\/wp-content\/uploads\/2022\/08\/Standard-Twn-room.jpg\" alt=\"Ph\u00f2ng Standard\u00a0\" \/><\/p>\n<p><b>Ph\u00f2ng Superior\u00a0<\/b><\/p>\n<p>H\u1ea1ng ph\u00f2ng Superior c\u00f3 di\u1ec7n t\u00edch t\u01b0\u01a1ng t\u1ef1 v\u1edbi ph\u00f2ng Standard ph\u00f9 h\u1ee3p cho 2 ng\u01b0\u1eddi l\u1edbn v\u00e0 2 tr\u1ebb em d\u01b0\u1edbi 6 tu\u1ed5i. Thi\u1ebft k\u1ebf ph\u00f2ng \u0111\u01b0\u1ee3c trang b\u1ecb m\u1ed9t c\u1eeda s\u1ed5 h\u01b0\u1edbng ra v\u01b0\u1eddn v\u00e0 ph\u00f2ng t\u1eafm ri\u00eang \u0111\u1ec3 du kh\u00e1ch c\u00f3 kh\u00f4ng gian v\u00e0 t\u1ea7m nh\u00ecn th\u01b0 gi\u00e3n h\u01a1n.<\/p>\n<p><img decoding=\"async\" class=\"alignnone wp-image-33254 size-full\" src=\"https:\/\/dalatreview.vn\/wp-content\/uploads\/2022\/08\/1-1-1.jpg\" alt=\"Ph\u00f2ng Superior\u00a0\" width=\"2048\" height=\"1365\" \/><\/p>\n<p><b>Ph\u00f2ng Deluxe\u00a0<\/b><\/p>\n<p>Ph\u00f2ng Deluxe c\u00f3 di\u1ec7n t\u00edch r\u1ed9ng r\u00e3i h\u01a1n v\u1edbi 50m2 \u0111\u1ec3 m\u1ed9t gia \u0111\u00ecnh 4 ng\u01b0\u1eddi c\u00f3 th\u1ec3 \u1edf tho\u1ea3i m\u00e1i. Kh\u00e1ch s\u1ea1n c\u00f3 2 ph\u00f2ng Deluxe cho du kh\u00e1ch l\u1ef1a ch\u1ecdn l\u00e0 ph\u00f2ng 1 gi\u01b0\u1eddng \u0111\u00f4i ho\u1eb7c ph\u00f2ng 2 gi\u01b0\u1eddng \u0111\u01a1n.\u00a0\u0110i\u1ec3m \u0111\u1eb7c bi\u1ec7t c\u1ee7a c\u00e1c ph\u00f2ng Deluxe\u00a0<b>Terracotta Hotel &amp; Resort DaLat<\/b> ch\u00ednh l\u00e0 c\u1eeda s\u1ed5 h\u01b0\u1edbng v\u01b0\u1eddn k\u00e8m ph\u00f2ng t\u1eafm ri\u00eang. V\u1ecb tr\u00ed c\u1ee7a ph\u00f2ng c\u00f3 th\u1ec3 n\u1eb1m \u1edf t\u1ea7ng \u00e1p m\u00e1i ho\u1eb7c t\u1ea7ng th\u1ea5p.<\/p>\n<p><img decoding=\"async\" class=\"size-full wp-image-33265 aligncenter\" src=\"https:\/\/dalatreview.vn\/wp-content\/uploads\/2022\/08\/Deluxe-Double-2.jpg\" alt=\"Ph\u00f2ng Deluxe\u00a0\" width=\"1813\" height=\"1208\" \/><\/p>\n<p><b>Ph\u00f2ng Classic Villa<\/b><\/p>\n<p>Ph\u00f2ng Classic\u00a0 c\u00f3 di\u1ec7n t\u00edch 28m2 v\u00e0 \u0111\u01b0\u1ee3c trang b\u1ecb 1 gi\u01b0\u1eddng l\u1edbn d\u00e0nh cho 2 ng\u01b0\u1eddi l\u1edbn v\u00e0 1 tr\u1ebb nh\u1ecf. V\u1ecb tr\u00ed c\u1ee7a ph\u00f2ng h\u01b0\u1edbng v\u1ec1 h\u1ed3 Tuy\u1ec1n L\u00e2m t\u1ea1o c\u1ea3m gi\u00e1c tho\u00e1ng \u0111\u00e3ng, t\u1ea7m nh\u00ecn r\u1ed9ng m\u1edf.<\/p>\n<p><img decoding=\"async\" class=\"alignnone wp-image-33303 size-full\" src=\"https:\/\/dalatreview.vn\/wp-content\/uploads\/2022\/08\/z3300472597549_340ea651f2a85e958926024cdef4ab02.jpg\" alt=\"Ph\u00f2ng Classic Villa\" width=\"1281\" height=\"961\" srcset=\"https:\/\/dalatreview.vn\/wp-content\/uploads\/2022\/08\/z3300472597549_340ea651f2a85e958926024cdef4ab02.jpg 1281w, https:\/\/dalatreview.vn\/wp-content\/uploads\/2022\/08\/z3300472597549_340ea651f2a85e958926024cdef4ab02-600x450.jpg 600w\" sizes=\"(max-width: 1281px) 100vw, 1281px\" \/><\/p>\n<p><b>Ph\u00f2ng Premium Villa<\/b><\/p>\n<p>Ph\u00f2ng Premium c\u00f9ng thu\u1ed9c khu Villa c\u1ee7a\u00a0<b>Terracotta Hotel &amp; Resort DaLat<\/b>\u00a0v\u1edbi di\u1ec7n t\u00edch r\u1ed9ng kho\u1ea3ng 35m2. T\u01b0\u01a1ng t\u1ef1 v\u1edbi ph\u00f2ng Classic, h\u1ea1ng ph\u00f2ng n\u00e0y d\u00e0nh cho 2 ng\u01b0\u1eddi l\u1edbn v\u00e0 1 \u0111\u1ebfn 2 tr\u1ebb em v\u00e0 \u0111\u1eb7c bi\u1ec7t c\u00f3 th\u1ec3 k\u00ea th\u00eam m\u1ed9t gi\u01b0\u1eddng ph\u1ee5. T\u1eeb v\u1ecb tr\u00ed c\u1ee7a ph\u00f2ng, du kh\u00e1ch c\u00f3 th\u1ec3 chi\u00eam ng\u01b0\u1ee1ng \u0111\u01b0\u1ee3c v\u1ebb \u0111\u1eb9p th\u01a1 m\u1ed9ng c\u1ee7a h\u1ed3 Tuy\u1ec1n L\u00e2m.<\/p>\n<p><img decoding=\"async\" class=\"size-full wp-image-33280 aligncenter\" src=\"https:\/\/dalatreview.vn\/wp-content\/uploads\/2022\/08\/Premium-King-Villa-room.jpg\" alt=\"Ph\u00f2ng Premium Villa\" width=\"1024\" height=\"768\" srcset=\"https:\/\/dalatreview.vn\/wp-content\/uploads\/2022\/08\/Premium-King-Villa-room.jpg 1024w, https:\/\/dalatreview.vn\/wp-content\/uploads\/2022\/08\/Premium-King-Villa-room-600x450.jpg 600w\" sizes=\"(max-width: 1024px) 100vw, 1024px\" \/><\/p>\n<p><b>Ph\u00f2ng Luxury\u00a0<\/b><\/p>\n<p>Ph\u00f2ng Luxury thu\u1ed9c v\u00e0o khu Villa 5 ph\u00f2ng ng\u1ee7 c\u00f3 di\u1ec7n t\u00edch kho\u1ea3ng 45m2. V\u1ecb tr\u00ed v\u00e0 n\u1ed9i th\u1ea5t c\u1ee7a ph\u00f2ng t\u01b0\u01a1ng t\u1ef1 v\u1edbi ph\u00f2ng Premium, n\u1ebfu du kh\u00e1ch mu\u1ed1n c\u00f3 s\u1ef1 tho\u1ea3i m\u00e1i \u0111\u1ec3 ngh\u1ec9 ng\u01a1i th\u00ec n\u00ean l\u1ef1a ch\u1ecdn h\u1ea1ng ph\u00f2ng n\u00e0y \u0111\u1ec3 ngh\u1ec9 ng\u01a1i.<\/p>\n<p><img decoding=\"async\" class=\"size-full wp-image-33311 aligncenter\" src=\"https:\/\/dalatreview.vn\/wp-content\/uploads\/2022\/08\/11-2.jpg\" alt=\"Ph\u00f2ng Luxury\u00a0\" width=\"1024\" height=\"682\" srcset=\"https:\/\/dalatreview.vn\/wp-content\/uploads\/2022\/08\/11-2.jpg 1024w, https:\/\/dalatreview.vn\/wp-content\/uploads\/2022\/08\/11-2-600x400.jpg 600w\" sizes=\"(max-width: 1024px) 100vw, 1024px\" \/><\/p>\n<p><b>Ph\u00f2ng Junior\u00a0<\/b><\/p>\n<p>\u0110\u00e2y l\u00e0 h\u1ea1ng ph\u00f2ng c\u00f3 di\u1ec7n t\u00edch l\u1edbn nh\u1ea5t trong khu Villa 15 ph\u00f2ng ng\u1ee7 c\u1ee7a <b>Terracotta Hotel &amp; Resort DaLat<\/b>. Di\u1ec7n t\u00edch c\u1ee7a Junior Room l\u00e0 50m2, ngo\u00e0i 1 gi\u01b0\u1eddng l\u1edbn th\u00ec c\u00f2n c\u00f3 th\u1ec3 k\u00ea th\u00eam m\u1ed9t gi\u01b0\u1eddng ph\u1ee5 \u0111\u1ec3 du kh\u00e1ch ngh\u1ec9 ng\u01a1i tho\u1ea3i m\u00e1i h\u01a1n. View c\u1ee7a ph\u00f2ng h\u01b0\u1edbng v\u1ec1 m\u1eb7t h\u1ed3 Tuy\u1ec1n L\u00e2m xinh \u0111\u1eb9p.<\/p>\n<p><img decoding=\"async\" class=\"size-full wp-image-33277 aligncenter\" src=\"https:\/\/dalatreview.vn\/wp-content\/uploads\/2022\/08\/Outsite-1_Villa-15-bedroom.jpg\" alt=\"Ph\u00f2ng Junior\u00a0\" width=\"2560\" height=\"1920\" srcset=\"https:\/\/dalatreview.vn\/wp-content\/uploads\/2022\/08\/Outsite-1_Villa-15-bedroom.jpg 2560w, https:\/\/dalatreview.vn\/wp-content\/uploads\/2022\/08\/Outsite-1_Villa-15-bedroom-600x450.jpg 600w\" sizes=\"(max-width: 2560px) 100vw, 2560px\" \/><\/p>\n<h2 id=\"\"><img decoding=\"async\" class=\"alignnone wp-image-33312 size-full\" src=\"https:\/\/dalatreview.vn\/wp-content\/uploads\/2022\/08\/z4825510267920_cf64a7f20195e9cef8e7948dec1fc46d.jpg\" alt=\"b\u1ea3ng gi\u00e1 Terracotta Resort\" width=\"788\" height=\"430\" srcset=\"https:\/\/dalatreview.vn\/wp-content\/uploads\/2022\/08\/z4825510267920_cf64a7f20195e9cef8e7948dec1fc46d.jpg 788w, https:\/\/dalatreview.vn\/wp-content\/uploads\/2022\/08\/z4825510267920_cf64a7f20195e9cef8e7948dec1fc46d-600x327.jpg 600w\" sizes=\"(max-width: 788px) 100vw, 788px\" \/><\/h2>\n<h2 id=\"5-lien-he\"><span style=\"font-size: 24px; color: #003300;\"><strong>5. Li\u00ean h\u1ec7<\/strong><\/span><\/h2>\n<p>Gi\u00e1 ph\u00f2ng, Ch\u00ednh s\u00e1ch nh\u1eadn tr\u1ea3 ph\u00f2ng, quy \u0111\u1ecbnh ph\u1ee5 thu th\u00eam ng\u01b0\u1eddi, quy \u0111\u1ecbnh v\u00e0o c\u00e1c ng\u00e0y l\u1ec5 T\u1ebft vui l\u00f2ng li\u00ean h\u1ec7 \u0111\u1ec3 \u0111\u01b0\u1ee3c t\u01b0 v\u1ea5n chi ti\u1ebft.<\/p>\n<p>Li\u00ean h\u1ec7 book ph\u00f2ng: <a href=\"https:\/\/zalo.me\/dalatreview\" target=\"_blank\" rel=\"noopener\">\u0110\u00e0 L\u1ea1t Review T\u1ea5t T\u1ea7n T\u1eadt<\/a><\/p>\n<p>S\u0110T: 0968 249 297<\/p>\n<p>Xem th\u00eam b\u00e0i vi\u1ebft kh\u00e1c t\u1ea1i:\u00a0<a href=\"https:\/\/dalatreview.vn\/en\/\">\u0110\u00e0 L\u1ea1t Review<\/a><\/p>","protected":false},"excerpt":{"rendered":"<p>Terracotta resort\u00a0l\u00e0 m\u1ed9t khu ngh\u1ec9 d\u01b0\u1ee1ng n\u1ed5i ti\u1ebfng \u0111\u01b0\u1ee3c v\u00ed nh\u01b0 \u201cTi\u1ec3u Paris\u201d, khu ngh\u1ec9 d\u01b0\u1ee1ng n\u00e0y n\u1eb1m \u1edf m\u1ed9t khu \u0111\u1ea5t ven h\u1ed3 nh\u01b0 m\u1ed9t b\u00e1n \u0111\u1ea3o tr\u00ean H\u1ed3 Tuy\u1ec1n L\u00e2m.<\/p>","protected":false},"featured_media":33286,"comment_status":"open","ping_status":"closed","template":"","meta":{"_acf_changed":false,"rank_math_lock_modified_date":false},"product_cat":[29,2260,44],"product_tag":[],"acf":[],"_links":{"self":[{"href":"https:\/\/dalatreview.vn\/en\/wp-json\/wp\/v2\/product\/21246"}],"collection":[{"href":"https:\/\/dalatreview.vn\/en\/wp-json\/wp\/v2\/product"}],"about":[{"href":"https:\/\/dalatreview.vn\/en\/wp-json\/wp\/v2\/types\/product"}],"replies":[{"embeddable":true,"href":"https:\/\/dalatreview.vn\/en\/wp-json\/wp\/v2\/comments?post=21246"}],"wp:featuredmedia":[{"embeddable":true,"href":"https:\/\/dalatreview.vn\/en\/wp-json\/wp\/v2\/media\/33286"}],"wp:attachment":[{"href":"https:\/\/dalatreview.vn\/en\/wp-json\/wp\/v2\/media?parent=21246"}],"wp:term":[{"taxonomy":"product_cat","embeddable":true,"href":"https:\/\/dalatreview.vn\/en\/wp-json\/wp\/v2\/product_cat?post=21246"},{"taxonomy":"product_tag","embeddable":true,"href":"https:\/\/dalatreview.vn\/en\/wp-json\/wp\/v2\/product_tag?post=21246"}],"curies":[{"name":"wp","href":"https:\/\/api.w.org\/{rel}","templated":true}]}}