
{"id":21229,"date":"2022-08-16T16:12:10","date_gmt":"2022-08-16T09:12:10","guid":{"rendered":"https:\/\/dalatreview.vn\/?p=21229"},"modified":"2024-07-11T10:24:28","modified_gmt":"2024-07-11T03:24:28","slug":"villa-ngo-tat-to-4-phong","status":"publish","type":"product","link":"https:\/\/dalatreview.vn\/en\/villa-ngo-tat-to-4-phong.html","title":{"rendered":"Villa \u0110\u00e0 L\u1ea1t Ng\u00f4 T\u1ea5t T\u1ed1 4 Ph\u00f2ng tone v\u00e0ng xinh x\u1eafn"},"content":{"rendered":"<nav class=\"vietrick-auto-toc\">\n<div class=\"box-title\">\n<h3 class=\"toc-title\" id=\"select-menu\">Danh m\u1ee5c ch\u00ednh<\/h3>\n<div><ion-icon name=\"chevron-up-outline\"><\/ion-icon><\/div>\n<\/div>\n<ul class=\"toc-list\"><\/ul>\n<li><a href='https:\/\/dalatreview.vn\/en#villa-da-lat-ngo-tat-to-4-phong' class='heading-h1 toc-link smooth-scroll'>Villa \u0110\u00e0 L\u1ea1t Ng\u00f4 T\u1ea5t T\u1ed1 4 Ph\u00f2ng<\/a>\n<li><a href='https:\/\/dalatreview.vn\/en#1-vi-tri' class='heading-h1 toc-link smooth-scroll'>1. V\u1ecb tr\u00ed<\/a>\n<li><a href='https:\/\/dalatreview.vn\/en#3-dich-vu-tien-nghi' class='heading-h1 toc-link smooth-scroll'>3. D\u1ecbch v\u1ee5 &amp; Ti\u1ec7n nghi<\/a>\n<li><a href='https:\/\/dalatreview.vn\/en#4-gia-phong' class='heading-h1 toc-link smooth-scroll'>4.\u00a0Gi\u00e1 ph\u00f2ng<\/a>\n<li><a href='https:\/\/dalatreview.vn\/en#5-lien-he' class='heading-h1 toc-link smooth-scroll'>5. Li\u00ean h\u1ec7<\/a><\/ul>\n<\/li>\n<\/ul>\n<\/nav>\n<h1 style=\"text-align: center;\" id=\"villa-da-lat-ngo-tat-to-4-phong\"><span style=\"font-size: 24px; color: #003300;\"><strong>Villa \u0110\u00e0 L\u1ea1t Ng\u00f4 T\u1ea5t T\u1ed1 4 Ph\u00f2ng<\/strong><\/span><\/h1>\n<h1 id=\"1-vi-tri\"><span style=\"font-size: 20px; color: #003300;\"><strong>1. V\u1ecb tr\u00ed<\/strong><\/span><\/h1>\n<p>Villa Ng\u00f4 T\u1ea5t T\u1ed1 4 ph\u00f2ng, ch\u1ec9 c\u00e1ch ch\u1ee3 5 ph\u00fat ch\u1ea1y xe. T\u1ecda l\u1ea1c ngay v\u1ecb tr\u00ed trung t\u00e2m th\u00e0nh ph\u1ed1, n\u01a1i \u0111\u00e2y c\u00f3 nhi\u1ec1u \u0111\u1ecba \u0111i\u1ec3m vui ch\u01a1i mua s\u1eafm v\u00e0 \u0103n u\u1ed1ng. D\u1ec5 d\u00e0ng di chuy\u1ec3n v\u00e0 c\u00f3 view cao ng\u1eafm nh\u00ecn th\u00e0nh ph\u1ed1.<\/p>\n<p>&nbsp;<\/p>\n<p><img decoding=\"async\" class=\"alignnone wp-image-21230 size-full\" src=\"https:\/\/dalatreview.vn\/wp-content\/uploads\/2022\/08\/1-1.jpg\" alt=\"villa ngo tat to 4p\" width=\"2048\" height=\"1364\" \/><\/p>\n<p><span style=\"font-size: 20px; color: #003300;\"><strong><span class=\"_4yxo _4yxp\">2. Decor<\/span><\/strong><\/span><\/p>\n<p>Villa nh\u1ecf nh\u1eafn m\u00e0u v\u00e0ng v\u00f4 c\u00f9ng xinh x\u1eafn.<\/p>\n<p>Kh\u00f4ng gian \u1ea5m \u00e1p, \u0111\u1ea7y \u0111\u1ee7, ti\u1ec7n nghi.<\/p>\n<p>&nbsp;<\/p>\n<p><img decoding=\"async\" class=\"alignnone wp-image-21234 size-full\" src=\"https:\/\/dalatreview.vn\/wp-content\/uploads\/2022\/08\/sh-chung-1-scaled-1.jpg\" alt=\"villa ngo tat to 4p\" width=\"2560\" height=\"1920\" \/><\/p>\n<p>Ri\u00eang t\u01b0 tho\u1ea3i m\u00e1i kh\u00f4ng \u1edf chung v\u1edbi kh\u00e1ch kh\u00e1c.<\/p>\n<p>C\u00f3 view r\u1eebng n\u00fai, xung quanh tr\u1ed3ng nhi\u1ec1u hoa gi\u00fap kh\u00e1ch l\u01b0u tr\u00fa c\u00f3 kh\u00f4ng gian thi\u00ean nhi\u00ean c\u1ef1c k\u1ef3 tho\u1ea3i m\u00e1i.<\/p>\n<h1 id=\"3-dich-vu-tien-nghi\"><span style=\"font-size: 20px; color: #003300;\"><strong>3. D\u1ecbch v\u1ee5 &amp; Ti\u1ec7n nghi<\/strong><\/span><\/h1>\n<p>G\u1ed3m 4 ph\u00f2ng ng\u1ee7 sang tr\u1ecdng:<br \/>\n1 ph\u00f2ng 1 gi\u01b0\u1eddng 2 ng\u01b0\u1eddi<\/p>\n<p><img decoding=\"async\" class=\"alignnone wp-image-21232 size-full\" src=\"https:\/\/dalatreview.vn\/wp-content\/uploads\/2022\/08\/p-don-scaled-1.jpg\" alt=\"villa ngo tat to 4p\" width=\"2560\" height=\"1920\" \/><\/p>\n<p>3 ph\u00f2ng 2 gi\u01b0\u1eddng 4 ng\u01b0\u1eddi<\/p>\n<p><img decoding=\"async\" class=\"alignnone wp-image-21231 size-full\" src=\"https:\/\/dalatreview.vn\/wp-content\/uploads\/2022\/08\/p-doi-scaled-1.jpg\" alt=\"villa ngo tat to 4p\" width=\"2560\" height=\"1920\" \/><\/p>\n<p>S\u1ee9c ch\u1ee9a 14 &#8211; 16 kh\u00e1ch, c\u00f3 n\u01b0\u1edbc n\u00f3ng l\u1ea1nh v\u00e0 c\u00e1c d\u1ee5ng c\u1ee5 c\u1ea7n thi\u1ebft.<\/p>\n<p>&nbsp;<\/p>\n<p>\u2013 \u0110\u1ea7y \u0111\u1ee7 ti\u1ec7n nghi nh\u01b0 \u1edf nh\u00e0: tivi wifi mi\u1ec5n ph\u00ed, ban c\u00f4ng cao r\u1ed9ng\u2026<\/p>\n<p>\u2013 C\u00f3 di\u1ec7n t\u00edch \u0111\u1ec3 n\u01b0\u1edbng BBQ.<\/p>\n<p>\u2013 C\u00f3 ch\u1ed7 \u0111\u1eadu xe m\u00e1y, xe h\u01a1i an to\u00e0n.<\/p>\n<p>\u2013 Y\u00ean t\u0129nh, an ninh 24\/24, s\u1ea1ch s\u1ebd, tho\u00e1ng m\u00e1t, view thi\u00ean nhi\u00ean si\u00eau \u0111\u1eb9p.<\/p>\n<p>\u2013 B\u1ebfp t\u1ef1 do n\u1ea5u n\u01b0\u1edbng<\/p>\n<p>\u2013 Ch\u00eca kho\u00e1 trao tay tha h\u1ed3 ri\u00eang t\u01b0 .<\/p>\n<p><img decoding=\"async\" class=\"alignnone wp-image-21233 size-full\" src=\"https:\/\/dalatreview.vn\/wp-content\/uploads\/2022\/08\/san-1-scaled-1.jpg\" alt=\"villa ngo tat to 4p\" width=\"2560\" height=\"1920\" \/><\/p>\n<h1 id=\"4-gia-phong\"><span style=\"font-size: 20px; color: #003300;\"><strong><span class=\"_4yxo\">4.<\/span>\u00a0Gi\u00e1 ph\u00f2ng<\/strong><\/span><\/h1>\n<p>Li\u00ean h\u1ec7 \u0111\u1ec3 \u0111\u01b0\u1ee3c \u0110\u00e0 L\u1ea1t Review t\u01b0 v\u1ea5n.<\/p>\n<h1 id=\"5-lien-he\"><span style=\"font-size: 20px; color: #003300;\"><strong>5. Li\u00ean h\u1ec7<\/strong><\/span><\/h1>\n<p>Fanpage:\u00a0<a href=\"https:\/\/www.facebook.com\/booking.dalatreview.vn\/\">Booking \u0110\u00e0 L\u1ea1t \u2013 www.dalatreview.vn<\/a><\/p>\n<p>S\u0110T\/Zalo: 0968 249 297<\/p>","protected":false},"excerpt":{"rendered":"<p>Danh m\u1ee5c ch\u00ednh Villa \u0110\u00e0 L\u1ea1t Ng\u00f4 T\u1ea5t T\u1ed1 4 Ph\u00f2ng 1. V\u1ecb tr\u00ed 3. D\u1ecbch v\u1ee5 &amp; Ti\u1ec7n nghi 4.\u00a0Gi\u00e1 ph\u00f2ng 5. Li\u00ean h\u1ec7 Villa \u0110\u00e0 L\u1ea1t Ng\u00f4 T\u1ea5t T\u1ed1 4 Ph\u00f2ng 1. V\u1ecb tr\u00ed Villa Ng\u00f4 T\u1ea5t T\u1ed1 4 ph\u00f2ng, ch\u1ec9 c\u00e1ch ch\u1ee3 5 ph\u00fat ch\u1ea1y xe. T\u1ecda l\u1ea1c ngay v\u1ecb tr\u00ed trung [&hellip;]<\/p>","protected":false},"featured_media":21230,"comment_status":"open","ping_status":"closed","template":"","meta":{"_acf_changed":false,"rank_math_lock_modified_date":false},"product_cat":[29,2248,45],"product_tag":[],"acf":[],"_links":{"self":[{"href":"https:\/\/dalatreview.vn\/en\/wp-json\/wp\/v2\/product\/21229"}],"collection":[{"href":"https:\/\/dalatreview.vn\/en\/wp-json\/wp\/v2\/product"}],"about":[{"href":"https:\/\/dalatreview.vn\/en\/wp-json\/wp\/v2\/types\/product"}],"replies":[{"embeddable":true,"href":"https:\/\/dalatreview.vn\/en\/wp-json\/wp\/v2\/comments?post=21229"}],"wp:featuredmedia":[{"embeddable":true,"href":"https:\/\/dalatreview.vn\/en\/wp-json\/wp\/v2\/media\/21230"}],"wp:attachment":[{"href":"https:\/\/dalatreview.vn\/en\/wp-json\/wp\/v2\/media?parent=21229"}],"wp:term":[{"taxonomy":"product_cat","embeddable":true,"href":"https:\/\/dalatreview.vn\/en\/wp-json\/wp\/v2\/product_cat?post=21229"},{"taxonomy":"product_tag","embeddable":true,"href":"https:\/\/dalatreview.vn\/en\/wp-json\/wp\/v2\/product_tag?post=21229"}],"curies":[{"name":"wp","href":"https:\/\/api.w.org\/{rel}","templated":true}]}}