
{"id":21218,"date":"2022-08-16T15:42:26","date_gmt":"2022-08-16T08:42:26","guid":{"rendered":"https:\/\/dalatreview.vn\/?p=21218"},"modified":"2024-07-11T10:26:03","modified_gmt":"2024-07-11T03:26:03","slug":"villa-da-lat-huynh-thuc-khang-net-co-dien-ngay-trung-tam","status":"publish","type":"product","link":"https:\/\/dalatreview.vn\/en\/villa-da-lat-huynh-thuc-khang-net-co-dien-ngay-trung-tam.html","title":{"rendered":"Villa \u0110\u00e0 L\u1ea1t Hu\u1ef3nh Th\u00fac Kh\u00e1ng 5 ph\u00f2ng style c\u1ed5 \u0111i\u1ec3n"},"content":{"rendered":"<nav class=\"vietrick-auto-toc\">\n<div class=\"box-title\">\n<h3 class=\"toc-title\" id=\"select-menu\">Danh m\u1ee5c ch\u00ednh<\/h3>\n<div><ion-icon name=\"chevron-up-outline\"><\/ion-icon><\/div>\n<\/div>\n<ul class=\"toc-list\"><\/ul>\n<li><a href='https:\/\/dalatreview.vn\/en#villa-da-lat-huynh-thuc-khang-5-phong' class='heading-h1 toc-link smooth-scroll'>Villa \u0110\u00e0 L\u1ea1t Hu\u1ef3nh Th\u00fac Kh\u00e1ng 5 Ph\u00f2ng<\/a>\n<li><a href='https:\/\/dalatreview.vn\/en#1-vi-tri' class='heading-h1 toc-link smooth-scroll'>1. V\u1ecb tr\u00ed<\/a>\n<li><a href='https:\/\/dalatreview.vn\/en#2-decor' class='heading-h1 toc-link smooth-scroll'>2.\u00a0Decor<\/a>\n<li><a href='https:\/\/dalatreview.vn\/en#3-dich-vu-tien-nghi' class='heading-h1 toc-link smooth-scroll'>3. D\u1ecbch v\u1ee5 &amp; Ti\u1ec7n nghi<\/a>\n<li><a href='https:\/\/dalatreview.vn\/en#4-gia-phong' class='heading-h1 toc-link smooth-scroll'>4.\u00a0Gi\u00e1 ph\u00f2ng<\/a>\n<li><a href='https:\/\/dalatreview.vn\/en#5-lien-he' class='heading-h1 toc-link smooth-scroll'>5. Li\u00ean h\u1ec7<\/a><\/ul>\n<\/li>\n<\/ul>\n<\/nav>\n<h1 style=\"text-align: center;\" id=\"villa-da-lat-huynh-thuc-khang-5-phong\"><span style=\"font-size: 24px; color: #003300;\"><strong>Villa \u0110\u00e0 L\u1ea1t Hu\u1ef3nh Th\u00fac Kh\u00e1ng 5 Ph\u00f2ng<\/strong><\/span><\/h1>\n<h1 id=\"1-vi-tri\"><span style=\"font-size: 20px; color: #003300;\"><strong>1. V\u1ecb tr\u00ed<\/strong><\/span><\/h1>\n<p>Villa t\u1ea1i l\u1ea1c ngay v\u1ecb tr\u00ed trung t\u00e2m <strong>\u0111\u01b0\u1eddng Hu\u1ef3nh Th\u00fac Kh\u00e1ng<\/strong>. Ch\u1ec9 c\u00e1ch ch\u1ee3 2km, g\u1ea7n qu\u1ea3ng tr\u01b0\u1eddng L\u00e2m Vi\u00ean v\u00e0 H\u1ed3 Xu\u00e2n H\u01b0\u01a1ng. \u0110\u00e2y l\u00e0 cung \u0111\u01b0\u1eddng g\u1eafn li\u1ec1n v\u1edbi nhi\u1ec1u \u0111i\u1ec3m mua s\u1eafm, \u0103n u\u1ed1ng v\u00e0 vui ch\u01a1i n\u1ed5i ti\u1ebfng.<\/p>\n<p>N\u01a1i \u0111\u00e2y giao th\u00f4ng thu\u1eadn ti\u1ec7n, thi\u00ean nhi\u00ean phong ph\u00fa, con ng\u01b0\u1eddi l\u1ea1i d\u1ec5 g\u1ea7n d\u1ec5 m\u1ebfn r\u1ea5t th\u00edch h\u1ee3p \u0111\u1ec3 ngh\u1ec9 d\u01b0\u1ee1ng khi \u0111\u1ebfn v\u1edbi x\u1ee9 s\u1edf s\u01b0\u01a1ng m\u00f9 n\u00e0y.<\/p>\n<p><img decoding=\"async\" class=\"alignnone wp-image-21219 size-full\" src=\"https:\/\/dalatreview.vn\/wp-content\/uploads\/2022\/08\/1.jpg\" alt=\"villa huynh thuc khang 5p\" width=\"2048\" height=\"1364\" \/><\/p>\n<h1 id=\"2-decor\"><span style=\"font-size: 20px; color: #003300;\"><strong>2.<span class=\"_4yxo _4yxp\">\u00a0Decor<\/span><\/strong><\/span><\/h1>\n<p>Villa c\u00f3 kh\u00f4ng gian y\u00ean t\u0129nh \u0111\u01b0\u1ee3c bao b\u1ecdc b\u1edfi c\u00e2y xanh v\u00e0 hoa tho\u00e1ng m\u00e1t, kh\u00f4ng kh\u00ed trong l\u00e0nh, di\u1ec7n t\u00edch l\u00ean \u0111\u1ebfn 2.000m2. V\u1edbi thi\u1ebft k\u1ebf ki\u1ebfn tr\u00fac c\u1ed5 \u0111i\u1ec3n ki\u1ec3u Ph\u00e1p, v\u1eeba th\u00e2n thu\u1ed9c, \u1ea5m c\u00fang l\u1ea1i v\u1eeba t\u1ea1o c\u1ea3m gi\u00e1c tho\u1ea3i m\u00e1i cho b\u1ea1n khi l\u01b0u tr\u00fa t\u1ea1i c\u0103n nh\u00e0 n\u00e0y. \u0110\u00e2y l\u00e0 m\u1ed9t trong nh\u1eefng c\u0103n bi\u1ec7t th\u1ef1 hi\u1ebfm hoi c\u00f2n gi\u1eef \u0111\u01b0\u1ee3c n\u00e9t ki\u1ebfn tr\u00fac c\u1ed5 \u0111i\u1ec3n Ph\u00e1p, kh\u00f4ng gian thi\u1ebft k\u1ebf nh\u01b0 \u0111\u01b0a ng\u01b0\u1eddi l\u01b0u tr\u00fa quay l\u1ea1i th\u1eddi \u0110\u00f4ng D\u01b0\u01a1ng ph\u1ed3n hoa.<\/p>\n<p><img decoding=\"async\" class=\"alignnone wp-image-21224 size-full\" src=\"https:\/\/dalatreview.vn\/wp-content\/uploads\/2022\/08\/sh-chung-scaled.jpg\" alt=\"villa huynh thuc khang 5p\" width=\"2560\" height=\"1920\" \/><\/p>\n<p>N\u1ed9i th\u1ea5t \u0111\u1ea7y \u0111\u1ee7 cao c\u1ea5p v\u00e0 ti\u1ec7n nghi. M\u00e0u n\u00e2u c\u1ee7a g\u1ed7 l\u00e0 tone m\u00e0u ch\u1ee7 \u0111\u1ea1o c\u1ee7a c\u0103n ph\u00f2ng to\u00e1t l\u00ean s\u1ef1 sang tr\u1ecdng cho b\u1ea1n khi b\u01b0\u1edbc ch\u00e2n v\u00e0o \u0111\u00e2y.<\/p>\n<p>&nbsp;<\/p>\n<h1 id=\"3-dich-vu-tien-nghi\"><span style=\"font-size: 20px; color: #003300;\"><strong>3. D\u1ecbch v\u1ee5 &amp; Ti\u1ec7n nghi<\/strong><\/span><\/h1>\n<div class=\"pt-2\">\n<p>G\u1ed3m 5 ph\u00f2ng ng\u1ee7 sang tr\u1ecdng v\u00e0 kh\u00e9p k\u00edn.<br \/>\n5 ph\u00f2ng 1 gi\u01b0\u1eddng 2 ng\u01b0\u1eddi, S\u1ee9c ch\u1ee9a 10-12 kh\u00e1ch<\/p>\n<p><img decoding=\"async\" class=\"alignnone wp-image-21222 size-full\" src=\"https:\/\/dalatreview.vn\/wp-content\/uploads\/2022\/08\/phong-scaled-1.jpg\" alt=\"villa huynh thuc khang 5p\" width=\"2560\" height=\"1920\" \/><\/p>\n<p>\u2014\u2014\u2014\u2014\u2014\u2014\u2014\u2014\u2014\u2014\u2014\u2014\u2014\u2014\u2014\u2014\u2014\u2014\u2013<\/p>\n<p>\u2013 \u0110\u1ea7y \u0111\u1ee7 ti\u1ec7n nghi nh\u01b0 \u1edf nh\u00e0.<\/p>\n<p>\u2013 C\u00f3 s\u00e2n v\u01b0\u1eddn si\u00eau r\u1ed9ng, s\u00e2n n\u01b0\u1edbng c\u00f3 m\u00e1i che ngo\u00e0i tr\u1eddi \u0111\u1ec3 b\u1ea1n tha h\u1ed3 t\u1ed5 ch\u1ee9c ti\u1ec7c.<\/p>\n<p>\u2013 C\u00f3 ch\u1ed7 \u0111\u1eadu xe m\u00e1y, xe h\u01a1i an to\u00e0n.<\/p>\n<p>\u2013 Y\u00ean t\u0129nh, an ninh 24\/24, s\u1ea1ch s\u1ebd, tho\u00e1ng m\u00e1t, view thi\u00ean nhi\u00ean si\u00eau \u0111\u1eb9p.<\/p>\n<p>\u2013 B\u1ebfp t\u1ef1 do n\u1ea5u n\u01b0\u1edbng<\/p>\n<p>\u2013 Ch\u00eca kho\u00e1 trao tay tha h\u1ed3 ri\u00eang t\u01b0.<\/p>\n<p><img decoding=\"async\" class=\"alignnone wp-image-21223 size-full\" src=\"https:\/\/dalatreview.vn\/wp-content\/uploads\/2022\/08\/san-scaled.jpg\" alt=\"villa huynh thuc khang 5p\" width=\"2560\" height=\"1920\" \/><\/p>\n<h1 id=\"4-gia-phong\"><span style=\"font-size: 20px; color: #003300;\"><strong><span class=\"_4yxo\">4.<\/span>\u00a0Gi\u00e1 ph\u00f2ng<\/strong><\/span><\/h1>\n<p>Li\u00ean h\u1ec7 \u0111\u1ec3 \u0111\u01b0\u1ee3c \u0110\u00e0 L\u1ea1t Review t\u01b0 v\u1ea5n<\/p>\n<article class=\"post-content\">\n<div class=\"anh_wtm_m\">\n<div class=\"mws_content\">\n<article class=\"post-content\">\n<div class=\"anh_wtm_m\">\n<div class=\"mws_content\">\n<article class=\"post-content\">\n<div class=\"anh_wtm_m\">\n<div class=\"mws_content\">\n<article class=\"post-content\">\n<div class=\"anh_wtm_m\">\n<div class=\"mws_content\">\n<article class=\"post-content\">\n<h1 id=\"5-lien-he\"><span style=\"font-size: 20px; color: #003300;\">5. Li\u00ean h\u1ec7<\/span><\/h1>\n<p>Fanpage:\u00a0<a href=\"https:\/\/www.facebook.com\/booking.dalatreview.vn\/\">Booking \u0110\u00e0 L\u1ea1t \u2013 www.dalatreview.vn<\/a><\/p>\n<p>S\u0110T\/Zalo: 0968 249 297<\/p>\n<\/article>\n<\/div>\n<\/div>\n<\/article>\n<\/div>\n<\/div>\n<\/article>\n<\/div>\n<\/div>\n<\/article>\n<\/div>\n<\/div>\n<\/article>\n<\/div>","protected":false},"excerpt":{"rendered":"<p>Danh m\u1ee5c ch\u00ednh Villa \u0110\u00e0 L\u1ea1t Hu\u1ef3nh Th\u00fac Kh\u00e1ng 5 Ph\u00f2ng 1. V\u1ecb tr\u00ed 2.\u00a0Decor 3. D\u1ecbch v\u1ee5 &amp; Ti\u1ec7n nghi 4.\u00a0Gi\u00e1 ph\u00f2ng 5. Li\u00ean h\u1ec7 Villa \u0110\u00e0 L\u1ea1t Hu\u1ef3nh Th\u00fac Kh\u00e1ng 5 Ph\u00f2ng 1. V\u1ecb tr\u00ed Villa t\u1ea1i l\u1ea1c ngay v\u1ecb tr\u00ed trung t\u00e2m \u0111\u01b0\u1eddng Hu\u1ef3nh Th\u00fac Kh\u00e1ng. Ch\u1ec9 c\u00e1ch ch\u1ee3 2km, g\u1ea7n qu\u1ea3ng [&hellip;]<\/p>","protected":false},"featured_media":21219,"comment_status":"open","ping_status":"closed","template":"","meta":{"_acf_changed":false,"rank_math_lock_modified_date":false},"product_cat":[29,2254,45],"product_tag":[],"acf":[],"_links":{"self":[{"href":"https:\/\/dalatreview.vn\/en\/wp-json\/wp\/v2\/product\/21218"}],"collection":[{"href":"https:\/\/dalatreview.vn\/en\/wp-json\/wp\/v2\/product"}],"about":[{"href":"https:\/\/dalatreview.vn\/en\/wp-json\/wp\/v2\/types\/product"}],"replies":[{"embeddable":true,"href":"https:\/\/dalatreview.vn\/en\/wp-json\/wp\/v2\/comments?post=21218"}],"wp:featuredmedia":[{"embeddable":true,"href":"https:\/\/dalatreview.vn\/en\/wp-json\/wp\/v2\/media\/21219"}],"wp:attachment":[{"href":"https:\/\/dalatreview.vn\/en\/wp-json\/wp\/v2\/media?parent=21218"}],"wp:term":[{"taxonomy":"product_cat","embeddable":true,"href":"https:\/\/dalatreview.vn\/en\/wp-json\/wp\/v2\/product_cat?post=21218"},{"taxonomy":"product_tag","embeddable":true,"href":"https:\/\/dalatreview.vn\/en\/wp-json\/wp\/v2\/product_tag?post=21218"}],"curies":[{"name":"wp","href":"https:\/\/api.w.org\/{rel}","templated":true}]}}