
{"id":21196,"date":"2022-08-16T16:41:14","date_gmt":"2022-08-16T09:41:14","guid":{"rendered":"https:\/\/dalatreview.vn\/?p=21196"},"modified":"2024-07-12T14:31:02","modified_gmt":"2024-07-12T07:31:02","slug":"ve-tham-quan-cong-troi-bali-greenhills","status":"publish","type":"product","link":"https:\/\/dalatreview.vn\/en\/ve-tham-quan-cong-troi-bali-greenhills.html","title":{"rendered":"V\u00e9 Tham Quan C\u1ed5ng Tr\u1eddi Bali &#8211; GreenHills"},"content":{"rendered":"<nav class=\"vietrick-auto-toc\">\n<div class=\"box-title\">\n<h3 class=\"toc-title\" id=\"select-menu\">Danh m\u1ee5c ch\u00ednh<\/h3>\n<div><ion-icon name=\"chevron-up-outline\"><\/ion-icon><\/div>\n<\/div>\n<ul class=\"toc-list\">\n<li><a href='https:\/\/dalatreview.vn\/en#ve-tham-quan-cong-troi-bali-greenhills' class='heading-h2 toc-link smooth-scroll'>V\u00e9 Tham Quan C\u1ed5ng Tr\u1eddi Bali &#8211; GreenHills<\/a>\n<li><a href='https:\/\/dalatreview.vn\/en#1-cong-troi-bali-co-gi' class='heading-h2 toc-link smooth-scroll'>1.C\u1ed5ng Tr\u1eddi Bali C\u00f3 G\u00ec?<\/a>\n<li><a href='https:\/\/dalatreview.vn\/en#2-gia-ve-tham-quan-cong-troi-bali-greenhills' class='heading-h2 toc-link smooth-scroll'>2.Gi\u00e1 V\u00e9 Tham Quan C\u1ed5ng Tr\u1eddi Bali &#8211; GreenHills<\/a>\n<li><a href='https:\/\/dalatreview.vn\/en#3-huong-dan-duong-den-cong-troi-bali-greenhills' class='heading-h2 toc-link smooth-scroll'>3.H\u01b0\u1edbng d\u1eabn \u0111\u01b0\u1eddng \u0111\u1ebfn C\u1ed5ng tr\u1eddi Bali &#8211; GreenHills<\/a>\n<li><a href='https:\/\/dalatreview.vn\/en#4-lien-he' class='heading-h2 toc-link smooth-scroll'>4.Li\u00ean H\u1ec7<\/a><\/ul>\n<\/ul>\n<\/li>\n<\/ul>\n<\/nav>\n<h2 style=\"text-align: center;\" id=\"ve-tham-quan-cong-troi-bali-greenhills\"><span style=\"color: #003300; font-size: 20px;\"><strong>V\u00e9 Tham Quan C\u1ed5ng Tr\u1eddi Bali &#8211; GreenHills<\/strong><\/span><\/h2>\n<p>C\u1ed5ng tr\u1eddi Bali l\u00e0 m\u1ed9t trong nh\u1eefng \u0111\u1ecba \u0111i\u1ec3m check in lu\u00f4n n\u1eb1m top \u0111\u1ea7u \u0111\u01b0\u1ee3c du kh\u00e1ch s\u0103n \u0111\u00f3n khi \u0111\u1ebfn \u0110\u00e0 L\u1ea1t. N\u1ebfu b\u1ea1n l\u00e0 m\u1ed9t t\u00edn \u0111\u1ed3 \u01b0a th\u00edch check in s\u1ed1ng \u1ea3o th\u00ec \u0111\u00e2y nh\u1ea5t \u0111\u1ecbnh s\u1ebd l\u00e0 \u0111\u1ecba \u0111i\u1ec3m kh\u00f3 l\u00f2ng c\u00f3 th\u1ec3 b\u1ecf qua.<\/p>\n<p><img decoding=\"async\" class=\"alignnone wp-image-21198 size-full\" src=\"https:\/\/dalatreview.vn\/wp-content\/uploads\/2022\/08\/cong-troi-bali.jpg\" alt=\"V\u00e9 Tham Quan C\u1ed5ng Tr\u1eddi Bali - GreenHills\" width=\"2048\" height=\"1586\" \/><\/p>\n<p>C\u00f3 th\u1ec3 n\u00f3i t\u1ea1i \u0110\u00e0 L\u1ea1t c\u00f3 r\u1ea5t nhi\u1ec1u nh\u1eefng \u0111\u1ecba \u0111i\u1ec3m tham quan, \u0111\u1ecba \u0111i\u1ec3m du l\u1ecbch n\u1ed5i ti\u1ebfng. Th\u1ebf nh\u01b0ng C\u1ed5ng tr\u1eddi Bali v\u1eabn chi\u1ebfm tr\u1ecdn cho m\u00ecnh m\u1ed9t l\u01b0\u1ee3ng l\u1edbn du kh\u00e1ch gh\u00e9 t\u1edbi tham quan check in.<\/p>\n<h2 id=\"1-cong-troi-bali-co-gi\"><span style=\"color: #003300;\"><strong><span style=\"font-size: 20px;\">1.C\u1ed5ng Tr\u1eddi Bali C\u00f3 G\u00ec?<\/span><\/strong><\/span><\/h2>\n<p>D\u00f9 m\u1edbi ch\u1ec9 \u0111\u01b0\u1ee3c \u0111\u01b0a v\u00e0o ho\u1ea1t \u0111\u1ed9ng c\u00e1ch \u0111\u00e2y kh\u00f4ng l\u00e2u nh\u01b0ng v\u1edbi \u0111\u1ed9 hot c\u1ee7a nh\u1eefng b\u1ee9c \u1ea3nh \u0111\u01b0\u1ee3c gi\u1edbi tr\u1ebb \u201ccheck in\u201d n\u01a1i \u0111\u00e2y \u0111\u00e3 \u0111\u00e1nh b\u1eadt nh\u1eefng \u0111\u1ed1i th\u1ee7 kh\u00e1c. Tr\u1edf th\u00e0nh m\u1ed9t trong nh\u1eefng \u0111\u1ecba \u0111i\u1ec3m tham quan h\u00e0ng \u0111\u1ea7u c\u1ee7a ph\u1ed1 n\u00fai m\u1ed9ng m\u01a1 \u0110\u00e0 L\u1ea1t<\/p>\n<p><img decoding=\"async\" class=\"wp-image-21199 size-full aligncenter\" src=\"https:\/\/dalatreview.vn\/wp-content\/uploads\/2022\/08\/cong-troi-bali-1.jpg\" alt=\"V\u00e9 Tham Quan C\u1ed5ng Tr\u1eddi Bali - GreenHills\" width=\"1200\" height=\"900\" \/><\/p>\n<p>C\u1ed5ng tr\u1eddi Bali hay c\u00f2n \u0111\u01b0\u1ee3c bi\u1ebft \u0111\u1ebfn v\u1edbi m\u1ed9t t\u00ean g\u1ecdi kh\u00e1c \u0111\u00f3 l\u00e0 GreenHills, n\u01a1i \u0111\u00e2y l\u00e0 m\u1ed9t phi\u00ean b\u1ea3n thu nh\u1ecf c\u1ee7a &#8220;c\u1ed5ng tr\u1eddi bali&#8221; b\u00ean t\u1ecfng ng\u00f4i \u0111\u1ec1n Lurab Lempuyand Lulur \u0111\u01b0\u1ee3c l\u1ea5y \u00fd t\u01b0\u1edfng t\u1eeb phi\u00ean b\u1ea3n g\u1ed1c t\u1ea1i \u0111\u1ea5t n\u01b0\u1edbc Indonesia.<\/p>\n<p><img decoding=\"async\" class=\"aligncenter wp-image-21200 size-full\" src=\"https:\/\/dalatreview.vn\/wp-content\/uploads\/2022\/08\/cong-troi-bali-2.jpg\" alt=\"V\u00e9 Tham Quan C\u1ed5ng Tr\u1eddi Bali - GreenHills\" width=\"1200\" height=\"900\" \/><\/p>\n<p>C\u1ed5ng tr\u1eddi Bali \u0110\u00e0 L\u1ea1t t\u1ecda l\u1ea1c tr\u00ean m\u1ed9t ng\u1ecdn \u0111\u1ed3i cao c\u00f3 gi\u00f3 th\u1ed5i quanh n\u0103m, khi \u0111\u1ee9ng t\u1eeb tr\u00ean cao c\u00f3 th\u1ec3 bao qu\u00e1t \u0111\u01b0\u1ee3c m\u1ed9t kho\u1ea3ng tr\u1eddi th\u01a1 m\u1ed9ng ph\u00eda xa l\u00e0 nh\u1eefng ng\u1ecdn \u0111\u1ed3i, nh\u1eefng c\u00e1nh r\u1eebng th\u00f4ng b\u1ea1t ng\u00e0n.<\/p>\n<p><img decoding=\"async\" class=\"aligncenter wp-image-21201 size-full\" src=\"https:\/\/dalatreview.vn\/wp-content\/uploads\/2022\/08\/cong-troi-bali-3.jpg\" alt=\"V\u00e9 Tham Quan C\u1ed5ng Tr\u1eddi Bali - GreenHills\" width=\"1200\" height=\"900\" \/><\/p>\n<p>\u0110\u1ebfn v\u1edbi C\u1ed5ng tr\u1eddi Bali b\u1ea1n \u0111\u01b0\u1ee3c t\u1eadn m\u1eaft chi\u00eam ng\u01b0\u1ee1ng con ph\u1ed1 mai anh \u0111\u00e0o r\u1ef1c r\u1ee1 nh\u1ea5t c\u1ee7a \u0110\u00e0 L\u1ea1t h\u01b0a h\u1eb9n s\u1ebd \u0111em \u0111\u1ebfn cho b\u1ea1n m\u1ed9t tr\u1ea3i nghi\u1ec7m \u0111\u00e1ng nh\u1edb kh\u00f3 qu\u00ean.<\/p>\n<p>Khi \u0111\u1ebfn v\u1edbi C\u1ed5ng tr\u1eddi Bali b\u1ea1n s\u1ebd \u0111\u01b0\u1ee3c:<\/p>\n<ul>\n<li>Mi\u1ec5n ph\u00ed tham quan ph\u1ed1 Ph\u1ed1 Mai Anh \u0110\u00e0o gi\u1eefa l\u00f2ng \u0110\u00e0 L\u1ea1t<\/li>\n<li>Mi\u1ec5n ph\u00ed tham quan Ng\u00f4i Nh\u00e0 Nh\u1ecf Tr\u00ean Th\u1ea3o Nguy\u00ean<\/li>\n<li>Mi\u1ec5n Ph\u00ed tham quan C\u1ed5ng Tr\u1eddi Bali<\/li>\n<li>M\u1ed7i ng\u01b0\u1eddi \u0111\u01b0\u1ee3c 1 ph\u1ea7n b\u00e1nh Mi\u1ec5n Ph\u00ed<\/li>\n<li>C\u00f3 \u0103n s\u00e1ng, \u0103n tr\u01b0a, bu\u1ed5i t\u1ed1i th\u01b0\u1edfng th\u1ee9c c\u00e1c m\u00f3n n\u01b0\u1edbng \u0111\u1eb7c s\u1eaft t\u1ea1i T\u00ea M\u1ed3i, T\u00ea Bia<\/li>\n<li>Mi\u1ec5n Ph\u00ed N\u1ea5t thang l\u00ean thi\u00ean \u0111\u01b0\u1eddng, V\u00f2ng Xo\u00e1y T\u00ecnh y\u00eau<\/li>\n<li>Mi\u1ec5n Ph\u00ed Gi\u01b0\u1eddng tr\u00ean m\u00e2y, Ph\u00f2ng t\u00ecnh y\u00eau<\/li>\n<li>Mi\u1ec5n Ph\u00ed H\u1ed3 Tr\u00ean m\u00e2y &amp; Coongrt tr\u1eddi \u0110\u00e0 l\u1ea1t<\/li>\n<li>View 360 \u0111\u1ed9 b\u1ea1n c\u00f3 th\u1ec3 ng\u1eafm h\u1ebft to\u00e0n b\u1ed9 n\u00fai r\u1eebng th\u00e0nh ph\u1ed1 \u0110\u00e0 L\u1ea1t<\/li>\n<\/ul>\n<p><img decoding=\"async\" class=\"alignnone wp-image-21202 size-full\" src=\"https:\/\/dalatreview.vn\/wp-content\/uploads\/2022\/08\/cong-troi-bali-4.jpg\" alt=\"V\u00e9 Tham Quan C\u1ed5ng Tr\u1eddi Bali - GreenHills\" width=\"2048\" height=\"1326\" \/><\/p>\n<p>N\u01a1i \u0111\u00e2y th\u1ef1c s\u1ef1 l\u00e0 m\u1ed9t ch\u1ed1n b\u1ed3ng lai ti\u00ean c\u1ea3nh, l\u00e0 n\u01a1i m\u00e0 b\u1ea1n c\u00f3 th\u1ec3 th\u1ecfa s\u1ee9c \u0111am m\u00ea check in s\u1ed1ng \u1ea3o, xung quanh n\u01a1i \u0111\u00e2y b\u1ea1t ng\u00e0n r\u1eebng xanh ng\u00e1t s\u1ebd \u0111em \u0111\u1ebfn cho b\u1ea1n m\u1ed9t c\u1ea3m gi\u00e1c b\u00ecnh y\u00ean v\u00e0 nh\u1eb9 nh\u00e0ng.<\/p>\n<h2 id=\"2-gia-ve-tham-quan-cong-troi-bali-greenhills\"><strong><span style=\"font-size: 20px; color: #003300;\">2.Gi\u00e1 V\u00e9 Tham Quan C\u1ed5ng Tr\u1eddi Bali &#8211; GreenHills<\/span><\/strong><\/h2>\n<p>C\u1ed5ng tr\u1eddi Bali thu\u1ed9c khu ngh\u1ec9 d\u01b0\u1ee1ng Greenland 2, v\u00ec v\u1eady b\u1ea1n c\u00f3 th\u1ec3 \u0111\u1ebfn \u0111\u00e2y tham quan ch\u1ee5p h\u00ecnh mi\u1ec5n ph\u00ed khi kh\u00f4ng ngh\u1ec9 d\u01b0\u1ee1ng \u1edf \u0111\u00e2y.<\/p>\n<p><img decoding=\"async\" class=\"wp-image-21203 size-full aligncenter\" src=\"https:\/\/dalatreview.vn\/wp-content\/uploads\/2022\/08\/cong-troi-bali-5.jpg\" alt=\"V\u00e9 Tham Quan C\u1ed5ng Tr\u1eddi Bali - GreenHills\" width=\"1200\" height=\"900\" \/><\/p>\n<p>Nh\u01b0ng l\u01b0u \u00fd khi \u0111\u1ebfn \u0111\u00e2y tham quan b\u1ea1n c\u0169ng \u0111\u1eebng qu\u00ean gi\u1eef g\u00ecn v\u1ec7 sinh m\u00f4i tr\u01b0\u1eddng v\u00e0 tr\u00e1nh g\u00e2y s\u1ef1 \u1ed3n \u00e0o \u0111\u1ebfn c\u00e1c v\u1ecb kh\u00e1ch \u0111ang ngh\u1ec9 ng\u01a1i t\u1ea1i \u0111\u00e2y nh\u00e9!<\/p>\n<p>C\u1ed5ng tr\u1eddi Bali \u0110\u00e0 L\u1ea1t l\u00e0 m\u1ed9t trong nh\u1eefng \u0111\u1ecba \u0111i\u1ec3m checkin cho ra \u0111\u1eddi c\u1ea3 ng\u00e0n b\u1ee9c \u1ea3nh s\u1ed1ng \u1ea3o \u201ctri\u1ec7u likes\u201d m\u00e0 ch\u1eb3ng t\u1ed1n qu\u00e1 nhi\u1ec1u c\u00f4ng t\u1ea1o d\u00e1ng, ch\u1ec9nh s\u1eeda. V\u1eady th\u00ec ch\u1ea7n ch\u1eeb g\u00ec n\u1eefa m\u00e0 kh\u00f4ng \u0111\u1ebfn v\u1edbi C\u1ed5ng tr\u1eddi Bali &#8211; GreenHills th\u00f4i n\u00e0o b\u1ea1n \u01a1i!<\/p>\n<h2 id=\"3-huong-dan-duong-den-cong-troi-bali-greenhills\"><span style=\"color: #003300;\"><strong><span style=\"font-size: 20px;\">3.H\u01b0\u1edbng d\u1eabn \u0111\u01b0\u1eddng \u0111\u1ebfn C\u1ed5ng tr\u1eddi Bali &#8211; GreenHills<\/span><\/strong><\/span><\/h2>\n<p>C\u1ed5ng tr\u1eddi Bali t\u1ecda l\u1ea1c trong khu du l\u1ecbch C\u00e1p treo \u0110\u00e0 L\u1ea1t thu\u1ed9c ph\u01b0\u1eddng 3, ch\u1ec9 c\u00e1ch trung t\u00e2m th\u00e0nh ph\u1ed1 ch\u01b0a \u0111\u1ebfn 10 ph\u00fat \u0111i xe v\u00e0 \u0111\u01b0\u1eddng \u0111\u1ebfn \u0111\u00e2y kh\u00e1 d\u1ec5 thu\u1eadn ti\u1ec7n d\u1ec5 \u0111i.<\/p>\n<p>T\u1eeb b\u00f9ng binh n\u01b0\u1edbc ch\u1ee3 \u0110\u00e0 L\u1ea1t b\u1ea1n di chuy\u1ec3n theo h\u01b0\u1edbng \u0111\u01b0\u1eddng H\u1ed3 T\u00f9ng M\u1eadu \u0111\u1ec3 \u0111\u1ebfn \u0111\u01b0\u1ee3c v\u1edbi b\u00f9ng binh \u0111\u1ea7u \u0111\u00e8o Prenn. Sau \u0111\u00f3 s\u1ebd th\u1ea5y 1 con d\u1ed1c c\u00f3 bi\u1ec3n ch\u1ec9 d\u1eabn h\u01b0\u1edbng l\u00ean khu du l\u1ecbch C\u00e1p treo \u0110\u00e0 L\u1ea1t, l\u00ean ngay \u0111\u1ebfn khu du l\u1ecbch C\u00e1p treo c\u00e1c b\u1ea1n s\u1ebd th\u1ea5y ngay c\u1ed5ng tr\u1eddi Bali.<\/p>\n<h2 id=\"4-lien-he\"><strong><span style=\"font-size: 20px; color: #003300;\">4.Li\u00ean H\u1ec7<\/span><\/strong><\/h2>\n<p>Hotline: 0968249297<\/p>\n<p>Fanpage \u0110\u1eb7t Tour: <a href=\"https:\/\/www.facebook.com\/vethamquandalat\" target=\"_blank\" rel=\"noopener\">C\u1ed5ng tr\u1eddi Bali &#8211; GreenHills<\/a><\/p>\n<p>Xem th\u00eam b\u00e0i vi\u1ebft kh\u00e1c t\u1ea1i: <a href=\"https:\/\/dalatreview.vn\/en\/\">\u0110\u00e0 L\u1ea1t Review<\/a><\/p>","protected":false},"excerpt":{"rendered":"<p>Danh m\u1ee5c ch\u00ednh V\u00e9 Tham Quan C\u1ed5ng Tr\u1eddi Bali &#8211; GreenHills 1.C\u1ed5ng Tr\u1eddi Bali C\u00f3 G\u00ec? 2.Gi\u00e1 V\u00e9 Tham Quan C\u1ed5ng Tr\u1eddi Bali &#8211; GreenHills 3.H\u01b0\u1edbng d\u1eabn \u0111\u01b0\u1eddng \u0111\u1ebfn C\u1ed5ng tr\u1eddi Bali &#8211; GreenHills 4.Li\u00ean H\u1ec7 V\u00e9 Tham Quan C\u1ed5ng Tr\u1eddi Bali &#8211; GreenHills C\u1ed5ng tr\u1eddi Bali l\u00e0 m\u1ed9t trong nh\u1eefng \u0111\u1ecba \u0111i\u1ec3m check in [&hellip;]<\/p>","protected":false},"featured_media":21213,"comment_status":"open","ping_status":"closed","template":"","meta":{"_acf_changed":false,"rank_math_lock_modified_date":false},"product_cat":[1187],"product_tag":[],"acf":[],"_links":{"self":[{"href":"https:\/\/dalatreview.vn\/en\/wp-json\/wp\/v2\/product\/21196"}],"collection":[{"href":"https:\/\/dalatreview.vn\/en\/wp-json\/wp\/v2\/product"}],"about":[{"href":"https:\/\/dalatreview.vn\/en\/wp-json\/wp\/v2\/types\/product"}],"replies":[{"embeddable":true,"href":"https:\/\/dalatreview.vn\/en\/wp-json\/wp\/v2\/comments?post=21196"}],"wp:featuredmedia":[{"embeddable":true,"href":"https:\/\/dalatreview.vn\/en\/wp-json\/wp\/v2\/media\/21213"}],"wp:attachment":[{"href":"https:\/\/dalatreview.vn\/en\/wp-json\/wp\/v2\/media?parent=21196"}],"wp:term":[{"taxonomy":"product_cat","embeddable":true,"href":"https:\/\/dalatreview.vn\/en\/wp-json\/wp\/v2\/product_cat?post=21196"},{"taxonomy":"product_tag","embeddable":true,"href":"https:\/\/dalatreview.vn\/en\/wp-json\/wp\/v2\/product_tag?post=21196"}],"curies":[{"name":"wp","href":"https:\/\/api.w.org\/{rel}","templated":true}]}}