
{"id":20976,"date":"2022-08-10T18:18:45","date_gmt":"2022-08-10T11:18:45","guid":{"rendered":"https:\/\/dalatreview.vn\/?p=20976"},"modified":"2024-07-03T04:57:48","modified_gmt":"2024-07-03T04:57:48","slug":"ve-tham-quan-khu-du-lich-la-phong-2022","status":"publish","type":"product","link":"https:\/\/dalatreview.vn\/en\/ve-tham-quan-khu-du-lich-la-phong-2022.html","title":{"rendered":"V\u00e9 Tham Quan Khu Du L\u1ecbch L\u00e1 Phong 2022"},"content":{"rendered":"<nav class=\"vietrick-auto-toc\">\n<div class=\"box-title\">\n<h3 class=\"toc-title\" id=\"select-menu\">Danh m\u1ee5c ch\u00ednh<\/h3>\n<div><ion-icon name=\"chevron-up-outline\"><\/ion-icon><\/div>\n<\/div>\n<ul class=\"toc-list\">\n<li><a href='https:\/\/dalatreview.vn\/en#ve-tham-quan-khu-du-lich-la-phong-2022' class='heading-h2 toc-link smooth-scroll'>V\u00e9 Tham Quan Khu Du L\u1ecbch L\u00e1 Phong 2022<\/a>\n<li><a href='https:\/\/dalatreview.vn\/en#1-khu-du-lich-la-phong-co-gi' class='heading-h2 toc-link smooth-scroll'>1.Khu du l\u1ecbch L\u00e1 Phong c\u00f3 g\u00ec?<\/a>\n<li><a href='https:\/\/dalatreview.vn\/en#2-gia-ve-tham-quan-khu-du-lich-la-phong' class='heading-h2 toc-link smooth-scroll'>2.Gi\u00e1 V\u00e9 Tham Quan Khu Du L\u1ecbch L\u00e1 Phong<\/a>\n<li><a href='https:\/\/dalatreview.vn\/en#3-huong-dan-duong-den-khu-du-lich-la-phong' class='heading-h2 toc-link smooth-scroll'>3.H\u01b0\u1edbng D\u1eabn \u0110\u01b0\u1eddng \u0110\u1ebfn Khu Du L\u1ecbch L\u00e1 Phong<\/a>\n<li><a href='https:\/\/dalatreview.vn\/en#4-lien-he' class='heading-h2 toc-link smooth-scroll'>4.Li\u00ean H\u1ec7<\/a><\/ul>\n<\/ul>\n<\/li>\n<\/ul>\n<\/nav>\n<h2 style=\"text-align: center;\" id=\"ve-tham-quan-khu-du-lich-la-phong-2022\"><strong><span style=\"color: #003300;\">V\u00e9 Tham Quan Khu Du L\u1ecbch L\u00e1 Phong 2022<\/span><\/strong><\/h2>\n<p>Khu du l\u1ecbch L\u00e1 Phong l\u00e0 m\u1ed9t trong nh\u1eefng \u0111\u1ecba \u0111i\u1ec3m du l\u1ecbch m\u1edbi \u0111ang l\u00e0m m\u01b0a l\u00e0m gi\u00f3 nh\u1eefng ng\u00e0y qua kh\u00f4ng ch\u1ec9 b\u1edfi phong c\u1ea3nh thi\u00ean nhi\u00ean tuy\u1ec7t \u0111\u1eb9p m\u00e0 c\u00f2n l\u00e0 nh\u1eefng c\u00f4ng tr\u00ecnh ki\u1ebfn tr\u00fac \u0111\u1ed9c \u0111\u00e1o v\u1edbi m\u1ed9t Nh\u1eadt B\u1ea3n thu nh\u1ecf gi\u1eefa l\u00f2ng \u0110\u00e0 L\u1ea1t. N\u1ebfu b\u1ea1n \u0111ang mu\u1ed1n t\u00ecm ki\u1ebfm m\u1ed9t \u0111\u1ecba \u0111i\u1ec3m check in m\u1ed9ng m\u01a1 c\u1ee7a m\u1ed9t khung c\u1ea3nh Nh\u1eadt B\u1ea3n thu nh\u1ecf th\u00ec nh\u1ea5t \u0111\u1ecbnh \u0111\u1eebng b\u1ecf qua b\u00e0i vi\u1ebft n\u00e0y nh\u00e9.<\/p>\n<p><img decoding=\"async\" class=\"wp-image-20977 size-full aligncenter\" src=\"https:\/\/dalatreview.vn\/wp-content\/uploads\/2022\/08\/rung-la-phong.jpg\" alt=\"V\u00e9 Tham Quan Khu Du L\u1ecbch L\u00e1 Phong 2022\" width=\"2048\" height=\"1152\" \/><\/p>\n<h2 id=\"1-khu-du-lich-la-phong-co-gi\"><span style=\"color: #003300;\"><strong><span style=\"font-size: 20px;\">1.Khu du l\u1ecbch L\u00e1 Phong c\u00f3 g\u00ec?<\/span><\/strong><\/span><\/h2>\n<p>N\u01a1i \u0111\u00e2y \u0111\u01b0\u1ee3c x\u00e2y d\u1ef1ng thi\u1ebft k\u1ebf theo phong c\u00e1ch c\u1ee7a x\u1ee9 s\u1edf hoa anh \u0111\u00e0o &#8211; Nh\u1eadt B\u1ea3n, n\u1ebfu \u0111\u1ebfn \u0110\u00e0 L\u1ea1t m\u00e0 b\u1ecf l\u1ee1 c\u01a1 h\u1ed9i kh\u00e1m ph\u00e1 khu du l\u1ecbch L\u00e1 Phong th\u00ec s\u1ebd l\u00e0 m\u1ed9t ti\u1ebfc nu\u1ed1i l\u1edbn trong chuy\u1ebfn tham quan th\u00e0nh ph\u1ed1 s\u01b0\u01a1ng m\u00f9 \u0111\u00f3 nha.<\/p>\n<p><img decoding=\"async\" class=\"aligncenter wp-image-20982 size-full\" src=\"https:\/\/dalatreview.vn\/wp-content\/uploads\/2022\/08\/rung-la-phong-3.jpg\" alt=\"V\u00e9 Tham Quan Khu Du L\u1ecbch L\u00e1 Phong 2022\" width=\"1200\" height=\"900\" \/><\/p>\n<p>Khu du l\u1ecbch L\u00e1 Phong c\u00f3 di\u1ec7n t\u00edch 4,48ha ch\u00ednh th\u1ee9c ch\u00e0o s\u00e2n \u0111\u00f3n du kh\u00e1ch n\u0103m 2017, \u0111\u01b0\u1ee3c l\u1ea5y \u00fd t\u01b0\u1edfng t\u1eeb &#8220;khu v\u01b0\u1eddn \u0111\u1ecba \u0111\u00e0ng&#8221; n\u01a1i \u0111\u00e2y to\u00e1t ra v\u1ebb \u0111\u1eb9p thu\u1ea7n khi\u1ebft tr\u1eef t\u00ecnh. M\u1eb7c d\u00f9 ch\u1ec9 m\u1edbi g\u00f3p m\u1eb7t trong b\u1ea3n \u0111\u1ed3 \u0111\u1ed3 check in s\u1ed1ng \u1ea3o th\u1ebf nh\u01b0ng n\u01a1i \u0111\u00e2y \u0111\u00e3 nhanh ch\u00f3ng thu h\u00fat \u0111\u01b0\u1ee3c m\u1ed9t l\u01b0\u1ee3ng l\u1edbn du kh\u00e1ch gh\u00e9 \u0111\u1ebfn tham quan.<\/p>\n<p><img decoding=\"async\" class=\"size-full wp-image-20983 aligncenter\" src=\"https:\/\/dalatreview.vn\/wp-content\/uploads\/2022\/08\/rung-la-phong-4.jpg\" alt=\"V\u00e9 Tham Quan Khu Du L\u1ecbch L\u00e1 Phong 2022\" width=\"1200\" height=\"900\" \/><\/p>\n<p>\u0110\u1ecba \u0111i\u1ec3m tham quan n\u00e0y l\u00e0 m\u1ed9t v\u01b0\u1eddn bonsai l\u1edbn v\u1edbi h\u01a1n 2000 c\u00e2y l\u00e1 phong, 500 c\u00e2y anh \u0111\u00e0o v\u00e0 h\u01a1n 20.000 c\u00e2y t\u00f9ng b\u00fat. \u0110\u1eb7c bi\u1ec7t, c\u00f3 nhi\u1ec1u c\u00e2y \u0111\u00e3 h\u01a1n 100 tu\u1ed5i v\u00e0 h\u00e0ng tr\u0103m c\u00e1c lo\u1ea1i c\u00e2y l\u00e1 kim qu\u00fd hi\u1ebfm c\u1ee7a \u0110\u00e0 L\u1ea1t.<\/p>\n<p><img decoding=\"async\" class=\"alignnone wp-image-20978 size-full\" src=\"https:\/\/dalatreview.vn\/wp-content\/uploads\/2022\/08\/rung-la-phong-1.jpg\" alt=\"V\u00e9 Tham Quan Khu Du L\u1ecbch L\u00e1 Phong 2022\" width=\"2048\" height=\"1536\" \/><\/p>\n<p>Nh\u00e0 m\u00e1i ch\u00ednh l\u00e0 \u0111i\u1ec3m nh\u1ea5n c\u1ee7a Khu du l\u1ecbch L\u00e1 Phong v\u1edbi di\u1ec7n t\u00edch l\u00ean \u0111\u1ebfn 300m2 cung v\u1edbi l\u1ed1i thi\u1ebft k\u1ebf theo h\u00ecnh m\u00f4 ph\u1ecfng c\u1ee7a Kim T\u1ef1 Th\u00e1p. B\u00ean trong ng\u00f4i nh\u00e0 \u0111\u01b0\u1ee3c \u0111\u1eb7t h\u01a1n 800 ch\u1eadu hoa, tr\u01b0ng b\u00e0y 80 b\u1ee9c tranh ch\u1ee7 \u0111\u1ec1 l\u00e1 phong c\u00f9ng v\u1edbi 80 b\u00ecnh g\u1ed1m s\u1ee9 kh\u00e1c nhau.<\/p>\n<p><img decoding=\"async\" class=\"size-full wp-image-20984 aligncenter\" src=\"https:\/\/dalatreview.vn\/wp-content\/uploads\/2022\/08\/rung-la-phong-5.jpg\" alt=\"V\u00e9 Tham Quan Khu Du L\u1ecbch L\u00e1 Phong 2022\" width=\"1200\" height=\"900\" \/><\/p>\n<p>M\u1ed9t trong nh\u1eefng khu v\u1ef1c thu h\u00fat nhi\u1ec1u b\u1ea1n tr\u1ebb gh\u00e9 \u0111\u1ebfn check in t\u1ea1i khu du l\u1ecbch L\u00e1 Phong \u0111\u00f3 ch\u00ednh l\u00e0 qu\u00e1n c\u00e0 ph\u00ea Kokoro. Qu\u00e1n c\u00e0 ph\u00ea n\u00e0y \u0111\u01b0\u1ee3c thi\u1ebft k\u1ebf theo m\u1ed9t background si\u00eau xinh v\u1edbi nh\u1eefng b\u1ee9c t\u01b0\u1eddng tr\u1eafng in ch\u1eef Nh\u1eadt B\u1ea3n gi\u00fap b\u1ea1n c\u00f3 th\u1ec3 th\u1ecfa th\u00edch b\u1ea5m m\u00e1y.<\/p>\n<p><img decoding=\"async\" class=\"alignnone wp-image-20981 size-full\" src=\"https:\/\/dalatreview.vn\/wp-content\/uploads\/2022\/08\/rung-la-phong-2.jpg\" alt=\"V\u00e9 Tham Quan Khu Du L\u1ecbch L\u00e1 Phong 2022\" width=\"2048\" height=\"1365\" \/><\/p>\n<p>B\u00ean c\u1ea1nh \u0111\u00f3, khi \u0111\u1ebfn v\u1edbi Khu du l\u1ecbch L\u00e1 Phong b\u1ea1n s\u1ebd nh\u00ecn th\u1ea5y m\u1ed9t h\u1ed3 c\u00e1 Koi si\u00eau r\u1ed9ng \u1edf b\u00ean ngo\u00e0i v\u1edbi 230 ch\u00fa c\u00e1 Koi v\u00f4 c\u00f9ng \u0111\u1ed9c \u0111\u00e1o. T\u1eeb h\u1ed3 c\u00e1 Koi b\u1ea1n c\u00f3 th\u1ec3 chi\u00eam ng\u01b0\u1ee1ng tr\u1ecdn v\u1eb9n v\u1ebb \u0111\u1eb9p n\u00fai r\u1eebng \u0110\u00e0 L\u1ea1t t\u1eeb xa.<\/p>\n<h2 id=\"2-gia-ve-tham-quan-khu-du-lich-la-phong\"><span style=\"color: #003300;\"><strong><span style=\"font-size: 20px;\">2.Gi\u00e1 V\u00e9 Tham Quan Khu Du L\u1ecbch L\u00e1 Phong<\/span><\/strong><\/span><\/h2>\n<p>Khu du l\u1ecbch L\u00e1 Phong \u0110\u00e0 L\u1ea1t m\u1edf c\u1eeda h\u1eb1ng ng\u00e0y v\u00e0o l\u00fac 7h30 -17h00, v\u00e0 gi\u00e1 v\u00e9 v\u00e0o c\u1ed5ng \u1edf \u0111\u00e2y c\u00f3 m\u1ee9c gi\u00e1 60.000\u0111\/ng\u01b0\u1eddi. N\u01a1i \u0111\u00e2y c\u00f3 si\u00eau nhi\u1ec1u \u0111\u1ecba \u0111i\u1ec3m check in s\u1ed1ng \u1ea3o v\u00e0 c\u00f3 s\u1eb5n khu v\u1ef1c cho thu\u00ea trang ph\u1ee5c \u0111\u1ec3 b\u1ea1n c\u00f3 th\u1ec3 th\u1ecfa s\u1ee9c \u0111am m\u00ea check in s\u1ed1ng \u1ea3o.<\/p>\n<p><img decoding=\"async\" class=\"alignnone size-full wp-image-20985\" src=\"https:\/\/dalatreview.vn\/wp-content\/uploads\/2022\/08\/rung-la-phong-6.jpg\" alt=\"V\u00e9 Tham Quan Khu Du L\u1ecbch L\u00e1 Phong 2022\" width=\"1200\" height=\"900\" \/><\/p>\n<p>Gi\u00e1 thu\u00ea trang ph\u1ee5c \u1edf \u0111\u00e2y s\u1ebd c\u00f3 m\u1ee9c 100.000\u0111\u1ed3ng\/l\u01b0\u1ee3t 60 ph\u00fat v\u00e0 gi\u00e1 thu\u00ea ph\u1ee5 ki\u1ec7n c\u00f3 m\u1ee9c: 30.000\u0111\u1ed3ng\/l\u01b0\u1ee3t 60 ph\u00fat.<\/p>\n<h2 id=\"3-huong-dan-duong-den-khu-du-lich-la-phong\"><span style=\"color: #003300;\"><strong><span style=\"font-size: 20px;\">3.H\u01b0\u1edbng D\u1eabn \u0110\u01b0\u1eddng \u0110\u1ebfn Khu Du L\u1ecbch L\u00e1 Phong<\/span><\/strong><\/span><\/h2>\n<p>R\u1eebng L\u00e1 Phong t\u1ecda l\u1ea1c t\u1ea1i s\u1ed1 45, \u0110\u1eb7ng Th\u00e1i H\u00e2n ch\u1ec9 c\u00e1ch trung t\u00e2m \u0110\u00e0 L\u1ea1t 3km di chuy\u1ec3n n\u00ean b\u1ea1n ho\u00e0n to\u00e0n c\u00f3 th\u1ec3 \u0111i xe m\u00e1y ho\u1eb7c \u00f4 t\u00f4 \u0111\u1ebfn \u0111\u1ec1u thu\u1eadn ti\u1ec7n. N\u01a1i \u0111\u00e2y n\u1eb1m g\u1ea7n c\u00e1c \u0111\u1ecba \u0111i\u1ec3m du l\u1ecbch n\u1ed5i ti\u1ebfng nh\u01b0: Dinh 3, H\u1ed3 Tuy\u1ec1n L\u00e2m, Th\u00e1c Dantanla,&#8230; v\u00e0 m\u1ed9t s\u1ed1 qu\u00e1n c\u00e0 ph\u00ea c\u00f3 view check in s\u1ed1ng \u1ea3o xinh \u0111\u1eb9p.<\/p>\n<p>B\u1eaft \u0111\u1ea7u t\u1eeb \u0111o\u1ea1n \u0111\u01b0\u1eddng L\u00ea Th\u1ecb H\u1ed3ng G\u1ea5m qua v\u00f2ng xoay \u0111\u1ea7u ti\u00ean b\u1ea1n s\u1ebd r\u1ebd v\u00e0o \u0111\u01b0\u1eddng Tr\u1ea7n Qu\u1ed1c To\u1ea3n v\u00e0 c\u00f3 m\u1ed9t v\u00f2ng xoay, sau khi qua v\u00f2ng xoay \u0111\u00f3 b\u1ea1n s\u1ebd \u0111i ti\u1ebfp \u0111\u01b0\u1eddng H\u1ed3 T\u00f9ng M\u1eadu ch\u1ea1y th\u00eam kho\u1ea3ng 300 m\u00e9t r\u1ebd sang \u0111\u01b0\u1eddng 3\/4. B\u1ea1n \u0111i th\u00eam 500 m\u00e9t nh\u00ecn ph\u00eda tay tr\u00e1i s\u1ebd th\u1ea5y \u0111\u01b0\u1eddng \u0110\u1eb7ng Th\u00e1i H\u00e2n v\u00e0 khu du l\u1ecbch L\u00e1 Phong n\u1eb1m tr\u00ean ch\u00ednh con \u0111\u01b0\u1eddng n\u00e0y.<\/p>\n<h2 id=\"4-lien-he\"><span style=\"color: #003300;\"><strong><span style=\"font-size: 20px;\">4.Li\u00ean H\u1ec7<\/span><\/strong><\/span><\/h2>\n<p>Hotline:\u00a00968249297<\/p>\n<p>Fanpage \u0110\u1eb7t Tour: <a href=\"https:\/\/www.facebook.com\/vethamquandalat\" target=\"_blank\" rel=\"noopener\">L\u00e1 Phong<\/a><\/p>\n<p>Xem th\u00eam b\u00e0i vi\u1ebft kh\u00e1c t\u1ea1i: <a href=\"https:\/\/dalatreview.vn\/en\/\">\u0110\u00e0 L\u1ea1t Review<\/a><\/p>","protected":false},"excerpt":{"rendered":"<p>Danh m\u1ee5c ch\u00ednh V\u00e9 Tham Quan Khu Du L\u1ecbch L\u00e1 Phong 2022 1.Khu du l\u1ecbch L\u00e1 Phong c\u00f3 g\u00ec? 2.Gi\u00e1 V\u00e9 Tham Quan Khu Du L\u1ecbch L\u00e1 Phong 3.H\u01b0\u1edbng D\u1eabn \u0110\u01b0\u1eddng \u0110\u1ebfn Khu Du L\u1ecbch L\u00e1 Phong 4.Li\u00ean H\u1ec7 V\u00e9 Tham Quan Khu Du L\u1ecbch L\u00e1 Phong 2022 Khu du l\u1ecbch L\u00e1 Phong l\u00e0 m\u1ed9t [&hellip;]<\/p>","protected":false},"featured_media":21000,"comment_status":"open","ping_status":"closed","template":"","meta":{"_acf_changed":false,"rank_math_lock_modified_date":false},"product_cat":[1187],"product_tag":[],"acf":[],"_links":{"self":[{"href":"https:\/\/dalatreview.vn\/en\/wp-json\/wp\/v2\/product\/20976"}],"collection":[{"href":"https:\/\/dalatreview.vn\/en\/wp-json\/wp\/v2\/product"}],"about":[{"href":"https:\/\/dalatreview.vn\/en\/wp-json\/wp\/v2\/types\/product"}],"replies":[{"embeddable":true,"href":"https:\/\/dalatreview.vn\/en\/wp-json\/wp\/v2\/comments?post=20976"}],"wp:featuredmedia":[{"embeddable":true,"href":"https:\/\/dalatreview.vn\/en\/wp-json\/wp\/v2\/media\/21000"}],"wp:attachment":[{"href":"https:\/\/dalatreview.vn\/en\/wp-json\/wp\/v2\/media?parent=20976"}],"wp:term":[{"taxonomy":"product_cat","embeddable":true,"href":"https:\/\/dalatreview.vn\/en\/wp-json\/wp\/v2\/product_cat?post=20976"},{"taxonomy":"product_tag","embeddable":true,"href":"https:\/\/dalatreview.vn\/en\/wp-json\/wp\/v2\/product_tag?post=20976"}],"curies":[{"name":"wp","href":"https:\/\/api.w.org\/{rel}","templated":true}]}}