
{"id":20948,"date":"2022-08-10T11:35:13","date_gmt":"2022-08-10T04:35:13","guid":{"rendered":"https:\/\/dalatreview.vn\/?p=20948"},"modified":"2024-07-03T04:55:42","modified_gmt":"2024-07-03T04:55:42","slug":"ve-tham-quan-rung-hoa-da-lat-2022","status":"publish","type":"product","link":"https:\/\/dalatreview.vn\/en\/ve-tham-quan-rung-hoa-da-lat-2022.html","title":{"rendered":"V\u00e9 Tham Quan R\u1eebng Hoa \u0110\u00e0 L\u1ea1t 2022"},"content":{"rendered":"<nav class=\"vietrick-auto-toc\">\n<div class=\"box-title\">\n<h3 class=\"toc-title\" id=\"select-menu\">Danh m\u1ee5c ch\u00ednh<\/h3>\n<div><ion-icon name=\"chevron-up-outline\"><\/ion-icon><\/div>\n<\/div>\n<ul class=\"toc-list\">\n<li><a href='https:\/\/dalatreview.vn\/en#ve-tham-quan-rung-hoa-da-lat-2022' class='heading-h2 toc-link smooth-scroll'>V\u00e9 Tham Quan R\u1eebng Hoa \u0110\u00e0 L\u1ea1t 2022<\/a>\n<li><a href='https:\/\/dalatreview.vn\/en#1-rung-hoa-da-lat-dia-diem-song-ao-ly-tuong' class='heading-h2 toc-link smooth-scroll'>1. R\u1eebng Hoa \u0110\u00e0 L\u1ea1t &#8211; \u0110\u1ecba \u0110i\u1ec3m S\u1ed1ng \u1ea2o L\u00fd T\u01b0\u1edfng<\/a>\n<li><a href='https:\/\/dalatreview.vn\/en#2-rung-hoa-da-lat-co-gi' class='heading-h2 toc-link smooth-scroll'>2.R\u1eebng Hoa \u0110\u00e0 L\u1ea1t C\u00f3 G\u00ec ?<\/a>\n<li><a href='https:\/\/dalatreview.vn\/en#3-gia-ve-tham-quan-rung-hoa-da-lat-2022' class='heading-h2 toc-link smooth-scroll'>3.Gi\u00e1 V\u00e9 Tham Quan R\u1eebng Hoa \u0110\u00e0 L\u1ea1t 2022<\/a>\n<li><a href='https:\/\/dalatreview.vn\/en#4-huong-dan-duong-den-rung-hoa-da-lat' class='heading-h2 toc-link smooth-scroll'>4.H\u01b0\u1edbng D\u1eabn \u0110\u01b0\u1eddng \u0110\u1ebfn R\u1eebng Hoa \u0110\u00e0 L\u1ea1t<\/a>\n<li><a href='https:\/\/dalatreview.vn\/en#5-lien-he' class='heading-h2 toc-link smooth-scroll'>5. Li\u00ean H\u1ec7<\/a><\/ul>\n<\/ul>\n<\/li>\n<\/ul>\n<\/nav>\n<h2 style=\"text-align: center;\" id=\"ve-tham-quan-rung-hoa-da-lat-2022\"><strong><span style=\"color: #003300;\">V\u00e9 Tham Quan R\u1eebng Hoa \u0110\u00e0 L\u1ea1t 2022<\/span><\/strong><\/h2>\n<p>\u0110\u01b0\u1ee3c m\u1ec7nh danh l\u00e0 x\u1ee9 s\u1edf ng\u00e0n hoa c\u1ee7a Vi\u1ec7t Nam, \u0110\u00e0 L\u1ea1t lu\u00f4n l\u00e0 \u0111i\u1ec3m \u0111\u1ebfn h\u1ea5p d\u1eabn d\u00e0nh cho nh\u1eefng t\u00edn \u0111\u1ed3 y\u00eau th\u00edch mu\u1ed1n \u0111\u01b0\u1ee3c h\u00f2a m\u00ecnh v\u00e0o thi\u00ean nhi\u00ean \u0111\u1ea5t tr\u1eddi. &#8220;R\u1eebng hoa \u0110\u00e0 L\u1ea1t&#8221; l\u00e0 m\u1ed9t trong nh\u1eefng \u0111\u1ecba \u0111i\u1ec3m t\u1eadn d\u1ee5ng nh\u1eefng n\u00e9t \u0111\u1eb9p thi\u00ean nhi\u00ean s\u1eb5n c\u00f3 c\u1ee7a \u0110\u00e0 L\u1ea1t v\u1edbi nhi\u1ec1u th\u1ea3m hoa ly ly, hoa c\u00fac d\u01b0\u1edbi nh\u1eefng t\u00e1n r\u1eebng th\u00f4ng m\u01a1 m\u1ed9ng. N\u1ebfu b\u1ea1n mu\u1ed1n bi\u1ebft n\u01a1i \u0111\u00e2y c\u00f3 g\u00ec \u0111\u1ec3 ch\u01a1i v\u1eady th\u00ec h\u00e3y c\u00f9ng \u0110\u00e0 L\u1ea1t Review t\u00ecm hi\u1ec3u b\u00e0i vi\u1ebft d\u01b0\u1edbi \u0111\u00e2y nh\u00e9!<\/p>\n<p><img decoding=\"async\" class=\"alignnone size-full wp-image-20959\" src=\"https:\/\/dalatreview.vn\/wp-content\/uploads\/2022\/08\/rung-hoa-6.jpg\" alt=\"\" width=\"2048\" height=\"1365\"><\/p>\n<p>&nbsp;<\/p>\n<h2 id=\"1-rung-hoa-da-lat-dia-diem-song-ao-ly-tuong\"><span style=\"color: #003300;\"><strong><span style=\"font-size: 20px;\">1. R\u1eebng Hoa \u0110\u00e0 L\u1ea1t &#8211; \u0110\u1ecba \u0110i\u1ec3m S\u1ed1ng \u1ea2o L\u00fd T\u01b0\u1edfng<\/span><\/strong><\/span><\/h2>\n<p>R\u1eebng hoa \u0110\u00e0 L\u1ea1t l\u00e0 m\u1ed9t trong nh\u1eefng showroom hoa kh\u00f4 n\u1ed5i ti\u1ebfng c\u1ee7a ph\u1ed1 n\u00fai \u0110\u00e0 L\u1ea1t, n\u01a1i \u0111\u00e2y c\u00f2n c\u00f3 m\u1ed9t t\u00ean g\u1ecdi kh\u00e1c \u0111\u00f3 l\u00e0 &#8220;C\u00f4ng vi\u00ean r\u1eebng hoa&#8221;. T\u1ea5t c\u1ea3 nh\u1eefng lo\u1ea1i hoa kh\u00f4 \u1edf \u0111\u00e2y \u0111\u1ec1u \u0111\u01b0\u1ee3c s\u1ea5y theo c\u00f4ng ngh\u1ec7 Nh\u1eadt B\u1ea3n, ch\u00ednh v\u00ec v\u1eady n\u00ean t\u1eebng c\u00e1nh hoa \u1edf \u0111\u00e2y v\u1eabn gi\u1eef l\u1ea1i \u0111\u01b0\u1ee3c c\u00e1i m\u00e0u s\u1eafc r\u1ef1c r\u1ee1 v\u1ed1n c\u00f3 c\u1ee7a n\u00f3.<\/p>\n<p><img decoding=\"async\" class=\"wp-image-20950 size-full aligncenter\" src=\"https:\/\/dalatreview.vn\/wp-content\/uploads\/2022\/08\/rung-hoa-1.jpg\" alt=\"V\u00e9 Tham Quan R\u1eebng Hoa \u0110\u00e0 L\u1ea1t 2022\" width=\"1200\" height=\"900\" \/><\/p>\n<p>N\u01a1i \u0111\u00e2y kh\u00f4ng c\u00f2n qu\u00e1 xa l\u1ea1 \u0111\u1ed1i v\u1edbi ng\u01b0\u1eddi d\u00e2n \u0110\u00e0 L\u1ea1t, r\u1eebng hoa n\u00e0y \u0111\u01b0\u1ee3c th\u00e0nh l\u1eadp v\u00e0o n\u0103m 2003 v\u00e0 n\u1ed5i ti\u1ebfng v\u1edbi nhi\u1ec1u th\u01b0\u01a1ng hi\u1ec7u hoa kh\u00f4 v\u00e0 c\u00f4ng ngh\u1ec7 l\u00e0m ra c\u00e0nh hoa kh\u00f4. Nh\u1eefng b\u00f4ng hoa \u1edf \u0111\u00e2y sau khi s\u1ea5y kh\u00f4 b\u1ea1n c\u00f3 th\u1ec3 tr\u01b0ng b\u00e0y ch\u00fang t\u1eeb 3 \u0111\u1ebfn 5 n\u0103m m\u00e0 kh\u00f4ng s\u1ee3 b\u1ecb h\u01b0.<\/p>\n<p>Showroom hoa kh\u00f4 n\u00e0y c\u00f3 di\u1ec7n t\u00edch h\u01a1n 10.000m2 v\u00e0 trong \u0111\u00f3 c\u00f3 r\u1ea5t nhi\u1ec1u c\u00e1c lo\u1ea1i hoa thi nhau khoe s\u1eafc r\u1ef1c r\u1ee1 c\u00f9ng v\u1edbi nhi\u1ec1u kh\u00f4ng gian ti\u1ec3u c\u1ea3nh kh\u00e1c nhau, t\u1ea5t c\u1ea3 \u0111\u1ec1u \u0111\u01b0\u1ee3c trang tr\u00ed m\u1ed9t c\u00e1ch h\u00e0i h\u00f2a b\u1eaft m\u1eaft.<\/p>\n<p><img decoding=\"async\" class=\"aligncenter wp-image-20951 size-full\" src=\"https:\/\/dalatreview.vn\/wp-content\/uploads\/2022\/08\/rung-hoa-2.jpg\" alt=\"V\u00e9 Tham Quan R\u1eebng Hoa \u0110\u00e0 L\u1ea1t 2022\" width=\"1200\" height=\"900\" \/><\/p>\n<p>Hi\u1ec7n t\u1ea1i, n\u01a1i \u0111\u00e2y v\u1eeba khai tr\u01b0\u01a1ng khu ph\u1ee9c h\u1ee3p gi\u1ea3i tr\u00ed v\u1edbi di\u1ec7n t\u00edch kho\u1ea3ng 2,5ha v\u00e0 b\u1ea1n c\u00f3 th\u1ec3 tham quan c\u00f4ng vi\u00ean n\u00e0y v\u1edbi th\u1eddi l\u01b0\u1ee3ng t\u1eeb 40 \u0111\u1ebfn 60 ph\u00fat trong m\u1ed9t ch\u01b0\u01a1ng tr\u00ecnh kh\u00e9p k\u00edn. Trong khu\u00f4n n\u00e0y c\u00f2n c\u00f3 nh\u1eefng \u0111\u1ecba \u0111i\u1ec3m vui ch\u01a1i nh\u01b0: c\u00e2y c\u1ea7u t\u00ecnh y\u00eau, coffee shop, thung l\u0169ng hoa, v\u01b0\u1eddn bon sai, khu vui ch\u01a1i d\u00e0nh cho tr\u1ebb em, ng\u00f4i l\u00e0ng c\u1ed5 t\u00edch,&#8230;<\/p>\n<p><img decoding=\"async\" class=\"alignnone size-full wp-image-20952\" src=\"https:\/\/dalatreview.vn\/wp-content\/uploads\/2022\/08\/rung-hoa-3.jpg\" alt=\"V\u00e9 Tham Quan R\u1eebng Hoa \u0110\u00e0 L\u1ea1t 2022\" width=\"2048\" height=\"1556\" \/><\/p>\n<p>T\u1edbi v\u1edbi r\u1eebng hoa b\u1ea1n s\u1ebd nh\u01b0 l\u1ea1c v\u00e0o khu v\u01b0\u1eddn c\u1ed5 t\u00edch xanh m\u01b0\u1edbt v\u1edbi nhi\u1ec1u khung c\u1ea3nh \u0111\u1eb7c s\u1eafc v\u00e0 nh\u1eefng g\u00f3c check in tri\u1ec7u like. N\u01a1i \u0111\u00e2y c\u00f2n c\u00f3 m\u1ed9t con \u0111\u01b0\u1eddng hoa sim t\u00edm l\u1ecbm ch\u1eb3ng kh\u00e1c g\u00ec \u0111\u1ed3i hoa sim nh\u01b0 b\u1ed9 film M\u1eaft Bi\u1ebfc.<\/p>\n<h2 id=\"2-rung-hoa-da-lat-co-gi\"><span style=\"font-size: 20px; color: #003300;\"><strong>2.R\u1eebng Hoa \u0110\u00e0 L\u1ea1t C\u00f3 G\u00ec ?<\/strong><\/span><\/h2>\n<p>\u0110\u00e2y l\u00e0 m\u1ed9t trong nh\u1eefng showroom hoa kh\u00f4 n\u1ed5i ti\u1ebfng nh\u1ea5t Vi\u1ec7t Nam \u0111\u1ebfn \u0111\u00e2y b\u1ea1n s\u1ebd \u0111\u01b0\u1ee3c t\u1eadn m\u1eaft chi\u00eam ng\u01b0\u1ee1ng nhi\u1ec1u t\u00e1c ph\u1ea9m hoa kh\u00f4 v\u00f4 c\u00f9ng b\u1eaft m\u1eaft v\u00e0 c\u00f3 gi\u00e1 tr\u1ecb &#8220;\u0111\u1eaft x\u1eaft ra mi\u1ebfng&#8221;.<\/p>\n<p><img decoding=\"async\" class=\"aligncenter wp-image-20954 size-full\" src=\"https:\/\/dalatreview.vn\/wp-content\/uploads\/2022\/08\/rung-hoa-5.jpg\" alt=\"V\u00e9 Tham Quan R\u1eebng Hoa \u0110\u00e0 L\u1ea1t 2022\" width=\"1200\" height=\"900\" \/><\/p>\n<p>Ngo\u00e0i nh\u1eefng c\u00e0nh hoa kh\u00f4 n\u1ed5i ti\u1ebfng n\u01a1i \u0111\u00e2y c\u00f2n thu h\u00fat du kh\u00e1ch b\u1edfi c\u00e1c b\u1ee9c tranh ngh\u1ec7 thu\u1eadt v\u00e0 c\u00e1c s\u1ea3n ph\u1ea9m \u0111\u01b0\u1ee3c l\u00e0m t\u1eeb nh\u1eefng b\u00f4ng hoa t\u01b0\u01a1i \u0111\u01b0\u1ee3c s\u1ea5y kh\u00f4. B\u1ea1n c\u00f3 th\u1ec3 ng\u1eafm nh\u00ecn tr\u1ecdn v\u1ebb \u0111\u1eb9p c\u1ee7a \u0110\u00e0 L\u1ea1t thu nh\u1ecf qua nh\u1eefng b\u1ee9c tranh tinh x\u1ea3o, gi\u1ecf c\u00fac b\u1ea5t t\u1eed,&#8230; t\u1ea5t c\u1ea3 \u0111\u1ec1u \u0111\u01b0\u1ee3c l\u00e0m ra t\u1eeb \u0111\u00f4i b\u00e0n tay kh\u00e9o l\u00e9o c\u1ee7a nh\u1eefng ngh\u1ec7 nh\u00e2n n\u01a1i \u0111\u00e2y.<\/p>\n<p><img decoding=\"async\" class=\"alignnone wp-image-20953 size-full\" src=\"https:\/\/dalatreview.vn\/wp-content\/uploads\/2022\/08\/rung-hoa-4.jpg\" alt=\"V\u00e9 Tham Quan R\u1eebng Hoa \u0110\u00e0 L\u1ea1t 2022\" width=\"1280\" height=\"853\" \/><\/p>\n<p>N\u1ebfu l\u00e0 t\u00edn \u0111\u1ed3 s\u1ed1ng \u1ea3o th\u1ee9 thi\u1ec7t, th\u00ec c\u00f4ng vi\u00ean r\u1eebng hoa s\u1ebd l\u00e0 m\u1ed9t \u0111\u1ecba \u0111i\u1ec3m m\u00e0 b\u1ea1n kh\u00f3 l\u00f2ng kh\u00f3 b\u1ecf qua, b\u1edfi n\u01a1i \u0111\u00e2y c\u00f3 si\u00eau nhi\u1ec1u g\u00f3c check in s\u1ed1ng \u1ea3o c\u1ef1c \u0111\u1ec9nh lu\u00f4n nha. Ngo\u00e0i ra, b\u1ea1n c\u00f2n c\u00f3 th\u1ec3 ng\u1ed3i th\u01b0\u1edfng th\u1ee9c ly c\u00e0 ph\u00ea n\u00f3ng ng\u1eafm nh\u00ecn Thung L\u0169ng T\u00ecnh Y\u00eau l\u00e3ng m\u1ea1n v\u00e0 l\u1eafng nghe ti\u1ebfng nh\u1ea1c du d\u01b0\u01a1ng n\u1eefa \u0111\u00f3.<\/p>\n<h2 id=\"3-gia-ve-tham-quan-rung-hoa-da-lat-2022\"><span style=\"font-size: 20px; color: #003300;\"><strong>3.Gi\u00e1 V\u00e9 Tham Quan R\u1eebng Hoa \u0110\u00e0 L\u1ea1t 2022<\/strong><\/span><\/h2>\n<p>Hi\u1ec7n t\u1ea1i, v\u00e9 tham quan R\u1eebng hoa \u0110\u00e0 L\u1ea1t c\u00f3 gi\u00e1 50.000\u0111\/ng\u01b0\u1eddi. Ngo\u00e0i ra, b\u1ea1n c\u00f2n c\u00f3 th\u1ec3 l\u1ef1a ch\u1ecdn mua nh\u1eefng lo\u1ea1i hoa \u0111\u01b0\u1ee3c tr\u01b0ng b\u00e0y \u1edf \u0111\u00e2y v\u1ec1 l\u00e0m k\u1ef7 ni\u1ec7m ho\u1eb7c t\u1eb7ng cho ng\u01b0\u1eddi th\u00e2n b\u1ea1n b\u00e8 c\u1ee7a m\u00ecnh trong chuy\u1ebfn du l\u1ecbch n\u1eefa \u0111\u00f3.<\/p>\n<p><img decoding=\"async\" class=\"alignnone wp-image-20955 size-full\" src=\"https:\/\/dalatreview.vn\/wp-content\/uploads\/2022\/08\/rung-hoa-7.jpg\" alt=\"V\u00e9 Tham Quan R\u1eebng Hoa \u0110\u00e0 L\u1ea1t 2022\" width=\"1280\" height=\"853\" \/><\/p>\n<p>V\u01b0\u1eddn hoa s\u1ebd m\u1edf c\u1eeda \u0111\u00f3n du kh\u00e1ch \u0111\u1ebfn tham quan v\u00e0o l\u00fac 7h30 s\u00e1ng v\u00e0 ng\u01b0ng nh\u1eadn kh\u00e1ch \u0111\u1ebfn 17h00 chi\u1ec1u. B\u1ea1n h\u00e3y nh\u1edb note l\u1ea1i khung th\u1eddi gian tr\u00ean v\u00e0 c\u00f3 d\u1ecbp nh\u1edb gh\u00e9 \u0111\u1ebfn n\u01a1i \u0111\u00e2y tham quan v\u00e0 tr\u1ea3i nghi\u1ec7m r\u1eebng hoa n\u00e0y nh\u00e9.<\/p>\n<h2 id=\"4-huong-dan-duong-den-rung-hoa-da-lat\"><span style=\"font-size: 20px; color: #003300;\"><strong>4.H\u01b0\u1edbng D\u1eabn \u0110\u01b0\u1eddng \u0110\u1ebfn R\u1eebng Hoa \u0110\u00e0 L\u1ea1t<\/strong><\/span><\/h2>\n<p>R\u1eebng hoa \u0110\u00e0 L\u1ea1t t\u1ecda l\u1ea1c t\u1ea1i s\u1ed1 7A\/1 \u0111\u01b0\u1eddng Mai Anh \u0110\u00e0o, c\u00e1ch trung t\u00e2m th\u00e0nh ph\u1ed1 6km di chuy\u1ec3n v\u00e0 b\u1ea1n c\u00f3 th\u1ec3 di chuy\u1ec3n \u0111\u1ebfn \u0111\u00e2y theo nhi\u1ec1u qu\u00e3ng \u0111\u01b0\u1eddng kh\u00e1c nhau. \u0110\u01b0\u1eddng \u0111\u1ebfn \u0111\u00e2y ho\u00e0n to\u00e0n l\u00e0 \u0111\u01b0\u1eddng nh\u1ef1a n\u00ean b\u1ea1n y\u00ean t\u00e2m nh\u00e9<\/p>\n<p>T\u1eeb trung t\u00e2m th\u00e0nh ph\u1ed1 c\u00e1c b\u1ea1n s\u1ebd di chuy\u1ec3n theo \u0111\u01b0\u1eddng B\u00f9i Th\u1ecb Xu\u00e2n v\u00e0 khi ch\u1ea1y h\u1ebft \u0111\u01b0\u1eddng s\u1ebd \u0111\u1ebfn ng\u00e3 5. T\u1eeb \u0111\u00e2y b\u1ea1n s\u1ebd ch\u1ea1y th\u1eb3ng \u0111\u1ebfn h\u1ebft \u0111\u01b0\u1eddng Ph\u00f9 \u0110\u1ed5ng Thi\u00ean V\u01b0\u01a1ng v\u00e0 ch\u1ea1y th\u00eam 5km n\u1eefa l\u00e0 b\u1ea1n s\u1ebd th\u1ea5y R\u1eebng hoa \u0110\u00e0 L\u1ea1t.<\/p>\n<h2 id=\"5-lien-he\"><span style=\"color: #003300;\"><strong><span style=\"font-size: 20px;\">5. Li\u00ean H\u1ec7<\/span><\/strong><\/span><\/h2>\n<p>Hotline: 0968249297<\/p>\n<p>Fanpage \u0110\u1eb7t V\u00e9: <a href=\"https:\/\/www.facebook.com\/vethamquandalat\" target=\"_blank\" rel=\"noopener\">R\u1eebng Hoa \u0110\u00e0 L\u1ea1t<\/a><\/p>\n<p>Xem th\u00eam b\u00e0i vi\u1ebft kh\u00e1c t\u1ea1i: <a href=\"https:\/\/dalatreview.vn\/en\/ve-tham-quan\/\">\u0110\u00e0 L\u1ea1t Review<\/a><\/p>","protected":false},"excerpt":{"rendered":"<p>Danh m\u1ee5c ch\u00ednh V\u00e9 Tham Quan R\u1eebng Hoa \u0110\u00e0 L\u1ea1t 2022 1. R\u1eebng Hoa \u0110\u00e0 L\u1ea1t &#8211; \u0110\u1ecba \u0110i\u1ec3m S\u1ed1ng \u1ea2o L\u00fd T\u01b0\u1edfng 2.R\u1eebng Hoa \u0110\u00e0 L\u1ea1t C\u00f3 G\u00ec ? 3.Gi\u00e1 V\u00e9 Tham Quan R\u1eebng Hoa \u0110\u00e0 L\u1ea1t 2022 4.H\u01b0\u1edbng D\u1eabn \u0110\u01b0\u1eddng \u0110\u1ebfn R\u1eebng Hoa \u0110\u00e0 L\u1ea1t 5. Li\u00ean H\u1ec7 V\u00e9 Tham Quan R\u1eebng Hoa [&hellip;]<\/p>","protected":false},"featured_media":20958,"comment_status":"open","ping_status":"closed","template":"","meta":{"_acf_changed":false,"rank_math_lock_modified_date":false},"product_cat":[1187],"product_tag":[],"acf":[],"_links":{"self":[{"href":"https:\/\/dalatreview.vn\/en\/wp-json\/wp\/v2\/product\/20948"}],"collection":[{"href":"https:\/\/dalatreview.vn\/en\/wp-json\/wp\/v2\/product"}],"about":[{"href":"https:\/\/dalatreview.vn\/en\/wp-json\/wp\/v2\/types\/product"}],"replies":[{"embeddable":true,"href":"https:\/\/dalatreview.vn\/en\/wp-json\/wp\/v2\/comments?post=20948"}],"wp:featuredmedia":[{"embeddable":true,"href":"https:\/\/dalatreview.vn\/en\/wp-json\/wp\/v2\/media\/20958"}],"wp:attachment":[{"href":"https:\/\/dalatreview.vn\/en\/wp-json\/wp\/v2\/media?parent=20948"}],"wp:term":[{"taxonomy":"product_cat","embeddable":true,"href":"https:\/\/dalatreview.vn\/en\/wp-json\/wp\/v2\/product_cat?post=20948"},{"taxonomy":"product_tag","embeddable":true,"href":"https:\/\/dalatreview.vn\/en\/wp-json\/wp\/v2\/product_tag?post=20948"}],"curies":[{"name":"wp","href":"https:\/\/api.w.org\/{rel}","templated":true}]}}