
{"id":20898,"date":"2022-08-09T16:53:55","date_gmt":"2022-08-09T09:53:55","guid":{"rendered":"https:\/\/dalatreview.vn\/?p=20898"},"modified":"2024-05-20T06:39:12","modified_gmt":"2024-05-20T06:39:12","slug":"a25-hotel-hai-ba-trung","status":"publish","type":"product","link":"https:\/\/dalatreview.vn\/en\/a25-hotel-hai-ba-trung.html","title":{"rendered":"Kh\u00e1ch s\u1ea1n A25 ngay trung t\u00e2m \u0110\u00e0 L\u1ea1t ti\u1ec7n nghi hi\u1ec7n \u0111\u1ea1i"},"content":{"rendered":"<nav class=\"vietrick-auto-toc\">\n<div class=\"box-title\">\n<h3 class=\"toc-title\" id=\"select-menu\">Danh m\u1ee5c ch\u00ednh<\/h3>\n<div><ion-icon name=\"chevron-up-outline\"><\/ion-icon><\/div>\n<\/div>\n<ul class=\"toc-list\"><\/ul>\n<li><a href='https:\/\/dalatreview.vn\/en#lua-chon-a25-hotel-3-sao-ngay-trung-tam-da-lat-cho-mot-ky-nghi-hoan-hao' class='heading-h1 toc-link smooth-scroll'>L\u1ef1a ch\u1ecdn A25 Hotel 3 sao ngay trung t\u00e2m \u0110\u00e0 L\u1ea1t cho m\u1ed9t k\u1ef3 ngh\u1ec9 ho\u00e0n h\u1ea3o<\/a>\n<li><a href='https:\/\/dalatreview.vn\/en#1-gioi-thieu' class='heading-h1 toc-link smooth-scroll'>1. Gi\u1edbi thi\u1ec7u<\/a>\n<li><a href='https:\/\/dalatreview.vn\/en#2-vi-tri' class='heading-h1 toc-link smooth-scroll'>2. V\u1ecb tr\u00ed<\/a>\n<li><a href='https:\/\/dalatreview.vn\/en#3-tien-nghi' class='heading-h1 toc-link smooth-scroll'>3. Ti\u1ec7n nghi<\/a>\n<li><a href='https:\/\/dalatreview.vn\/en#4-cac-hang-phong' class='heading-h1 toc-link smooth-scroll'>4. C\u00e1c h\u1ea1ng ph\u00f2ng<\/a>\n<li><a href='https:\/\/dalatreview.vn\/en#5-lien-he' class='heading-h1 toc-link smooth-scroll'>5. Li\u00ean h\u1ec7\u00a0<\/a><\/ul>\n<\/li>\n<\/ul>\n<\/nav>\n<h1 style=\"text-align: center;\" id=\"lua-chon-a25-hotel-3-sao-ngay-trung-tam-da-lat-cho-mot-ky-nghi-hoan-hao\"><span style=\"font-size: 24px; color: #003300;\"><strong>L\u1ef1a ch\u1ecdn A25 Hotel 3 sao ngay trung t\u00e2m \u0110\u00e0 L\u1ea1t cho m\u1ed9t k\u1ef3 ngh\u1ec9 ho\u00e0n h\u1ea3o<\/strong><\/span><\/h1>\n<h1 id=\"1-gioi-thieu\"><span style=\"font-size: 20px; color: #003300;\"><strong>1. Gi\u1edbi thi\u1ec7u<\/strong><\/span><\/h1>\n<p>H\u1ec7 th\u1ed1ng kh\u00e1ch s\u1ea1n A25 \u0111\u01b0\u1ee3c ph\u00e2n b\u1ed1 t\u1eadp trung \u1edf khu v\u1ef1c trung t\u00e2m th\u00e0nh ph\u1ed1, c\u1ea1nh trung t\u00e2m th\u01b0\u01a1ng m\u1ea1i l\u1edbn, nh\u1eefng v\u00f9ng g\u1ea7n ngo\u1ea1i \u00f4 th\u00e0nh ph\u1ed1 \u0111\u1ec3 \u0111\u00e1p \u1ee9ng nhu c\u1ea7u c\u1ee7a h\u1ea7u h\u1ebft kh\u00e1ch du l\u1ecbch v\u00e0 kh\u00e1ch c\u00f4ng t\u00e1c.<\/p>\n<p><img decoding=\"async\" class=\"alignnone wp-image-20904 size-full\" src=\"https:\/\/dalatreview.vn\/wp-content\/uploads\/2022\/08\/1-Overview-3.jpg\" alt=\"\" width=\"1600\" height=\"1200\"><\/p>\n<p>V\u1edbi g\u1ea7n 2.000\u00a0ph\u00f2ng \u0111\u01b0\u1ee3c trang b\u1ecb hi\u1ec7n \u0111\u1ea1i, ti\u1ec7n nghi t\u1ea1i trung t\u00e2m c\u1ee7a\u00a03 th\u00e0nh ph\u1ed1 l\u1edbn nh\u1ea5t Vi\u1ec7t Nam l\u00e0 H\u00e0 N\u1ed9i, H\u1ed3 Ch\u00ed Minh v\u00e0 \u0110\u00e0 N\u1eb5ng. Ngo\u00e0i ra h\u1ec7 th\u1ed1ng kh\u00e1ch s\u1ea1n\u00a0\u00a0A25 c\u00f2n c\u00f3 c\u00e1c chi nh\u00e1nh t\u1ea1i n\u01b0\u1edbc ngo\u00e0i nh\u01b0 Berlin &#8211; C\u1ed9ng h\u00f2a li\u00ean bang \u0110\u1ee9c \u0111\u1ea1t ti\u00eau chu\u1ea9n 3 sao.<\/p>\n<h1 id=\"2-vi-tri\"><span style=\"font-size: 20px; color: #003300;\"><strong>2. V\u1ecb tr\u00ed<\/strong><\/span><\/h1>\n<p><strong>Kh\u00e1ch s\u1ea1n A25 Hai B\u00e0 Tr\u01b0ng &#8211; \u0110\u00e0 L\u1ea1t<\/strong>\u00a0t\u1ecda l\u1ea1c ngay trung t\u00e2m th\u00e0nh ph\u1ed1 \u0110\u00e0 l\u1ea1t, c\u00e1ch ch\u1ee3 \u0110\u00e0 L\u1ea1t v\u00e0 h\u1ed3 Xu\u00e2n H\u01b0\u01a1ng kho\u1ea3ng 2,6 km, thu\u1eadn ti\u1ec7n cho Qu\u00fd kh\u00e1ch c\u00f3 th\u1ec3 t\u1ef1 do d\u1ea1o ph\u1ed1, g\u1ed3m 40 ph\u00f2ng, ti\u00eau chu\u1ea9n 3 sao, trang thi\u1ebft b\u1ecb hi\u1ec7n \u0111\u1ea1i, \u0111\u1ed9i ng\u0169 nh\u00e2n vi\u00ean \u0111\u01b0\u1ee3c \u0111\u00e0o t\u1ea1o chuy\u00ean nghi\u1ec7p s\u1ebd l\u00e0m h\u00e0i l\u00f2ng kh\u00e1ch h\u00e0ng khi l\u1ef1a ch\u1ecdn kh\u00e1ch s\u1ea1n l\u00e0 \u0111i\u1ec3m d\u1eebng ch\u00e2n khi \u0111\u1ebfn \u0110\u00e0 L\u1ea1t.<\/p>\n<p><img decoding=\"async\" class=\"alignnone wp-image-20905 size-full\" src=\"https:\/\/dalatreview.vn\/wp-content\/uploads\/2022\/08\/2-Lobby-1.jpg\" alt=\"\" width=\"1600\" height=\"1200\"><\/p>\n<h1 id=\"3-tien-nghi\"><span style=\"font-size: 20px; color: #003300;\"><strong>3. Ti\u1ec7n nghi<\/strong><\/span><\/h1>\n<p><strong>Kh\u00e1ch s\u1ea1n A25 Hai B\u00e0 Tr\u01b0ng &#8211; \u0110\u00e0 L\u1ea1t<\/strong> c\u00f3 nhi\u1ec1u m\u1ee9c gi\u00e1 linh ho\u1ea1t v\u00e0 ti\u1ebft ki\u1ec7m ph\u00f9 h\u1ee3p v\u1edbi nhu c\u1ea7u c\u1ee7a Qu\u00fd kh\u00e1ch t\u1eeb ph\u00f2ng ti\u00eau chu\u1ea9n, cao c\u1ea5p cho \u0111\u1ebfn c\u00e1c ph\u00f2ng c\u0103n h\u1ed9 VIP. &#8220;Your House \u2013 Ng\u00f4i nh\u00e0 c\u1ee7a b\u1ea1n&#8221; l\u00e0 kh\u1ea9u hi\u1ec7u mang \u0111\u1ebfn cho Qu\u00fd kh\u00e1ch c\u1ea3m gi\u00e1c th\u00e2n thu\u1ed9c, g\u1ea7n g\u0169i nh\u01b0 \u1edf nh\u00e0.<\/p>\n<p><img decoding=\"async\" class=\"alignnone wp-image-20911 size-full\" src=\"https:\/\/dalatreview.vn\/wp-content\/uploads\/2022\/08\/fam-3.jpg\" alt=\"\" width=\"1600\" height=\"1200\"><\/p>\n<p>M\u1ed7i ph\u00f2ng t\u1ea1i <strong>Kh\u00e1ch s\u1ea1n A25 Hai B\u00e0 Tr\u01b0ng &#8211; \u0110\u00e0 L\u1ea1t<\/strong> \u0111\u1ec1u \u0111\u01b0\u1ee3c l\u1eafp \u0111\u1eb7t \u0111\u1ea7y \u0111\u1ee7 c\u00e1c thi\u1ebft b\u1ecb nh\u01b0 \u0111i\u1ec1u h\u00f2a, tivi, t\u1ee7 l\u1ea1nh, c\u1ea7u l\u00e0, m\u00e1y s\u1ea5y t\u00f3c, qu\u1ea1t s\u01b0\u1edfi&#8230; c\u00f9ng v\u1edbi h\u1ec7 th\u1ed1ng ch\u0103n, ga, g\u1ed1i, \u0111\u1ec7m \u0111\u01b0\u1ee3c ch\u1ecdn l\u1ef1a k\u1ef9 l\u01b0\u1ee1ng \u0111\u1ec3 Qu\u00fd kh\u00e1ch c\u00f3 th\u1ec3 c\u1ea3m nh\u1eadn s\u1ef1 tho\u1ea3i m\u00e1i v\u00e0 ti\u1ec7n nghi nh\u1ea5t khi \u0111i du l\u1ecbch hay c\u00f4ng t\u00e1c xa nh\u00e0.<\/p>\n<h1 id=\"4-cac-hang-phong\"><span style=\"font-size: 20px; color: #003300;\"><strong>4. C\u00e1c h\u1ea1ng ph\u00f2ng<\/strong><\/span><\/h1>\n<p><strong>Ph\u00f2ng cao c\u1ea5p\u00a0<\/strong><\/p>\n<div><span style=\"font-size: 16px;\"><img decoding=\"async\" class=\"\" src=\"https:\/\/a25hotel.com\/files\/images\/icon\/dt.jpg\" alt=\"\" width=\"23\" height=\"23\">\u00a018-21 m<sup>2<\/sup><\/span><\/div>\n<div><span style=\"font-size: 16px;\"><img decoding=\"async\" class=\"\" src=\"https:\/\/a25hotel.com\/files\/images\/icon\/gn.jpg\" alt=\"\" width=\"21\" height=\"21\">\u00a01 Gi\u01b0\u1eddng 2m*2m<\/span><br \/>\n<span style=\"font-size: 16px;\"><img decoding=\"async\" class=\"\" src=\"https:\/\/a25hotel.com\/files\/images\/icon\/sl.jpg\" alt=\"\" width=\"21\" height=\"21\"> 2 Ng\u01b0\u1eddi l\u1edbn<\/span><\/div>\n<div><\/div>\n<div><strong>Gi\u00e1 690.000\/ \u0111\u00eam<\/strong><\/div>\n<p><img decoding=\"async\" class=\"alignnone wp-image-20907 size-full\" src=\"https:\/\/dalatreview.vn\/wp-content\/uploads\/2022\/08\/double-2.jpg\" alt=\"\" width=\"1600\" height=\"1200\"><\/p>\n<p><strong>Ph\u00f2ng sang tr\u1ecdng\u00a0<\/strong><\/p>\n<div><span style=\"font-size: 16px;\"><img decoding=\"async\" class=\"\" src=\"https:\/\/a25hotel.com\/files\/images\/icon\/dt.jpg\" alt=\"\" width=\"23\" height=\"23\"> 21 m<sup>2<\/sup><\/span><\/div>\n<div><span style=\"font-size: 16px;\"><img decoding=\"async\" class=\"\" src=\"https:\/\/a25hotel.com\/files\/images\/icon\/gn.jpg\" alt=\"\" width=\"21\" height=\"21\"> 2 Gi\u01b0\u1eddng 1.2m*2m<\/span><br \/>\n<span style=\"font-size: 16px;\"><img decoding=\"async\" class=\"\" src=\"https:\/\/a25hotel.com\/files\/images\/icon\/sl.jpg\" alt=\"\" width=\"21\" height=\"21\"> 2 Ng\u01b0\u1eddi l\u1edbn<\/span><\/div>\n<div><\/div>\n<div><strong>Gi\u00e1 <span style=\"font-size: 16px;\">810.000 \u0111\u00a0(1 \u0111\u00eam)<\/span><\/strong><\/div>\n<div><\/div>\n<div><img decoding=\"async\" class=\"alignnone wp-image-20913 size-full\" src=\"https:\/\/dalatreview.vn\/wp-content\/uploads\/2022\/08\/family-1.jpg\" alt=\"\" width=\"1600\" height=\"1200\"><\/div>\n<div><\/div>\n<div><strong>Ph\u00f2ng Suite Vip<\/strong><\/div>\n<div><\/div>\n<div>\n<div><span style=\"font-size: 16px;\"><img decoding=\"async\" class=\"\" src=\"https:\/\/a25hotel.com\/files\/images\/icon\/dt.jpg\" alt=\"\" width=\"23\" height=\"23\"> 27 m<sup>2<\/sup><\/span><\/div>\n<p><span style=\"font-size: 16px;\"><img decoding=\"async\" class=\"\" src=\"https:\/\/a25hotel.com\/files\/images\/icon\/gn.jpg\" alt=\"\" width=\"21\" height=\"21\"> 1 Gi\u01b0\u1eddng 1.8m*2m<\/span><br \/>\n<span style=\"font-size: 16px;\"><img decoding=\"async\" class=\"\" src=\"https:\/\/a25hotel.com\/files\/images\/icon\/sl.jpg\" alt=\"\" width=\"21\" height=\"21\"> 2 Ng\u01b0\u1eddi l\u1edbn<\/span><\/p>\n<\/div>\n<div><\/div>\n<div><strong>Gi\u00e1 <span style=\"font-size: 16px;\">1.000.000 \u0111\u00a0(1 \u0111\u00eam)<\/span><\/strong><\/div>\n<div><\/div>\n<div><img decoding=\"async\" class=\"alignnone wp-image-20909 size-full\" src=\"https:\/\/dalatreview.vn\/wp-content\/uploads\/2022\/08\/double.jpg\" alt=\"\" width=\"1600\" height=\"1200\"><\/div>\n<div><\/div>\n<div><strong>Ph\u00f2ng gia \u0111\u00ecnh<\/strong><\/div>\n<div><\/div>\n<div>\n<div><span style=\"font-size: 16px;\"><img decoding=\"async\" class=\"\" src=\"https:\/\/a25hotel.com\/files\/images\/icon\/dt.jpg\" alt=\"\" width=\"23\" height=\"23\"> 27 m<sup>2<\/sup><\/span><\/div>\n<p><span style=\"font-size: 16px;\"><img decoding=\"async\" class=\"\" src=\"https:\/\/a25hotel.com\/files\/images\/icon\/gn.jpg\" alt=\"\" width=\"21\" height=\"21\"> 2 Gi\u01b0\u1eddng 1.6m*2m<\/span><br \/>\n<span style=\"font-size: 16px;\"><img decoding=\"async\" class=\"\" src=\"https:\/\/a25hotel.com\/files\/images\/icon\/sl.jpg\" alt=\"\" width=\"21\" height=\"21\"> 4 Ng\u01b0\u1eddi l\u1edbn<\/span><\/p>\n<\/div>\n<div><\/div>\n<div><strong><span style=\"font-size: 16px;\">Gi\u00e1 1.250.000 \u0111 (1 \u0111\u00eam)<\/span><\/strong><\/div>\n<div><\/div>\n<div><img decoding=\"async\" class=\"alignnone wp-image-20912 size-full\" src=\"https:\/\/dalatreview.vn\/wp-content\/uploads\/2022\/08\/fam-4.jpg\" alt=\"\" width=\"1600\" height=\"1200\"><\/div>\n<div><\/div>\n<table style=\"border-collapse: collapse; width: 48.731%; height: 132px;\">\n<tbody>\n<tr style=\"height: 36px;\">\n<td style=\"width: 15.0209%; height: 36px; text-align: center;\"><span style=\"font-size: 16px;\"><strong>Lo\u1ea1i Ph\u00f2ng<\/strong><\/span><\/td>\n<td style=\"width: 16.5632%; height: 36px; text-align: center;\"><span style=\"font-size: 16px;\"><strong>Th\u00f4ng Tin Ph\u00f2ng<\/strong><\/span><\/td>\n<td style=\"width: 16.3684%; height: 36px; text-align: center;\"><span style=\"font-size: 16px;\"><strong>Gi\u00e1<\/strong><\/span><\/td>\n<\/tr>\n<tr style=\"height: 24px;\">\n<td style=\"width: 15.0209%; height: 24px;\"><span style=\"font-size: 16px;\">Ph\u00f2ng cao c\u1ea5p<\/span><\/td>\n<td style=\"width: 16.5632%; height: 24px;\">\n<div><span style=\"font-size: 16px;\"><img decoding=\"async\" class=\"\" src=\"https:\/\/a25hotel.com\/files\/images\/icon\/dt.jpg\" alt=\"\" width=\"23\" height=\"23\">\u00a018-21 m<sup>2<\/sup><\/span><\/div>\n<p><span style=\"font-size: 16px;\"><img decoding=\"async\" class=\"\" src=\"https:\/\/a25hotel.com\/files\/images\/icon\/gn.jpg\" alt=\"\" width=\"21\" height=\"21\">\u00a01 Gi\u01b0\u1eddng 2m*2m<\/span><br \/>\n<span style=\"font-size: 16px;\"><img decoding=\"async\" class=\"\" src=\"https:\/\/a25hotel.com\/files\/images\/icon\/sl.jpg\" alt=\"\" width=\"21\" height=\"21\"> 2 Ng\u01b0\u1eddi l\u1edbn<\/span><\/td>\n<td style=\"width: 16.3684%; height: 24px; text-align: center;\"><span style=\"font-size: 16px;\">690.000 \u0111\u00a0(1 \u0111\u00eam)<\/span><\/td>\n<\/tr>\n<tr style=\"height: 24px;\">\n<td style=\"width: 15.0209%; height: 24px;\"><span style=\"font-size: 16px;\">Ph\u00f2ng sang tr\u1ecdng<\/span><\/td>\n<td style=\"width: 16.5632%; height: 24px;\">\n<div><span style=\"font-size: 16px;\"><img decoding=\"async\" class=\"\" src=\"https:\/\/a25hotel.com\/files\/images\/icon\/dt.jpg\" alt=\"\" width=\"23\" height=\"23\"> 21 m<sup>2<\/sup><\/span><\/div>\n<p><span style=\"font-size: 16px;\"><img decoding=\"async\" class=\"\" src=\"https:\/\/a25hotel.com\/files\/images\/icon\/gn.jpg\" alt=\"\" width=\"21\" height=\"21\"> 2 Gi\u01b0\u1eddng 1.2m*2m<\/span><br \/>\n<span style=\"font-size: 16px;\"><img decoding=\"async\" class=\"\" src=\"https:\/\/a25hotel.com\/files\/images\/icon\/sl.jpg\" alt=\"\" width=\"21\" height=\"21\"> 2 Ng\u01b0\u1eddi l\u1edbn<\/span><\/td>\n<td style=\"width: 16.3684%; height: 24px; text-align: center;\"><span style=\"font-size: 16px;\">810.000 \u0111\u00a0(1 \u0111\u00eam)<\/span><\/td>\n<\/tr>\n<tr style=\"height: 24px;\">\n<td style=\"width: 15.0209%; height: 24px;\"><span style=\"font-size: 16px;\">Ph\u00f2ng Suite Vip<\/span><\/td>\n<td style=\"width: 16.5632%; height: 24px;\">\n<div><span style=\"font-size: 16px;\"><img decoding=\"async\" class=\"\" src=\"https:\/\/a25hotel.com\/files\/images\/icon\/dt.jpg\" alt=\"\" width=\"23\" height=\"23\"> 27 m<sup>2<\/sup><\/span><\/div>\n<p><span style=\"font-size: 16px;\"><img decoding=\"async\" class=\"\" src=\"https:\/\/a25hotel.com\/files\/images\/icon\/gn.jpg\" alt=\"\" width=\"21\" height=\"21\"> 1 Gi\u01b0\u1eddng 1.8m*2m<\/span><br \/>\n<span style=\"font-size: 16px;\"><img decoding=\"async\" class=\"\" src=\"https:\/\/a25hotel.com\/files\/images\/icon\/sl.jpg\" alt=\"\" width=\"21\" height=\"21\"> 2 Ng\u01b0\u1eddi l\u1edbn<\/span><\/td>\n<td style=\"width: 16.3684%; height: 24px; text-align: center;\"><span style=\"font-size: 16px;\">1.000.000 \u0111\u00a0(1 \u0111\u00eam)<\/span><\/td>\n<\/tr>\n<tr style=\"height: 24px;\">\n<td style=\"width: 15.0209%; height: 24px;\"><span style=\"font-size: 16px;\">Ph\u00f2ng gia \u0111\u00ecnh<\/span><\/td>\n<td style=\"width: 16.5632%; height: 24px;\">\n<div><span style=\"font-size: 16px;\"><img decoding=\"async\" class=\"\" src=\"https:\/\/a25hotel.com\/files\/images\/icon\/dt.jpg\" alt=\"\" width=\"23\" height=\"23\"> 27 m<sup>2<\/sup><\/span><\/div>\n<p><span style=\"font-size: 16px;\"><img decoding=\"async\" class=\"\" src=\"https:\/\/a25hotel.com\/files\/images\/icon\/gn.jpg\" alt=\"\" width=\"21\" height=\"21\"> 2 Gi\u01b0\u1eddng 1.6m*2m<\/span><br \/>\n<span style=\"font-size: 16px;\"><img decoding=\"async\" class=\"\" src=\"https:\/\/a25hotel.com\/files\/images\/icon\/sl.jpg\" alt=\"\" width=\"21\" height=\"21\"> 4 Ng\u01b0\u1eddi l\u1edbn<\/span><\/td>\n<td style=\"width: 16.3684%; height: 24px; text-align: center;\"><span style=\"font-size: 16px;\">1.250.000 \u0111\u00a0(1 \u0111\u00eam)<\/span><\/td>\n<\/tr>\n<\/tbody>\n<\/table>\n<p>C\u00e1c ph\u00f2ng \u0111\u1ec1u c\u00f3 c\u1eeda s\u1ed5 l\u1edbn tho\u00e1ng m\u00e1t, WC ri\u00eang, b\u1ed3n t\u1eafm \u0111\u1ee9ng hi\u1ec7n \u0111\u1ea1i<\/p>\n<p>Gi\u00e1 tr\u00ean ch\u01b0a bao g\u1ed3m \u0103n s\u00e1ng<\/p>\n<h1 id=\"5-lien-he\"><span style=\"font-size: 20px; color: #003300;\"><strong>5. Li\u00ean h\u1ec7\u00a0<\/strong><\/span><\/h1>\n<p>T\u01b0 v\u1ea5n \u0111\u1eb7t ph\u00f2ng: 0968 249 297<\/p>\n<p>&nbsp;<\/p>","protected":false},"excerpt":{"rendered":"<p class=\"p1\"><b>Kh\u00e1ch s\u1ea1n A25 Hai B\u00e0 Tr\u01b0ng &#8211; \u0110\u00e0 L\u1ea1t<\/b>\u00a0t\u1ecda l\u1ea1c ngay trung t\u00e2m th\u00e0nh ph\u1ed1 \u0110\u00e0 l\u1ea1t, c\u00e1ch ch\u1ee3 \u0110\u00e0 L\u1ea1t v\u00e0 h\u1ed3 Xu\u00e2n H\u01b0\u01a1ng kho\u1ea3ng 2,6 km, thu\u1eadn ti\u1ec7n cho Qu\u00fd kh\u00e1ch c\u00f3 th\u1ec3 t\u1ef1 do d\u1ea1o ph\u1ed1, g\u1ed3m 40 ph\u00f2ng, ti\u00eau chu\u1ea9n 3 sao, trang thi\u1ebft b\u1ecb hi\u1ec7n \u0111\u1ea1i, \u0111\u1ed9i ng\u0169 nh\u00e2n vi\u00ean \u0111\u01b0\u1ee3c \u0111\u00e0o t\u1ea1o chuy\u00ean nghi\u1ec7p s\u1ebd l\u00e0m h\u00e0i l\u00f2ng kh\u00e1ch h\u00e0ng khi l\u1ef1a ch\u1ecdn kh\u00e1ch s\u1ea1n l\u00e0 \u0111i\u1ec3m d\u1eebng ch\u00e2n khi \u0111\u1ebfn \u0110\u00e0 L\u1ea1t.<\/p>","protected":false},"featured_media":20904,"comment_status":"open","ping_status":"closed","template":"","meta":{"_acf_changed":false,"rank_math_lock_modified_date":false},"product_cat":[29,46],"product_tag":[],"acf":[],"_links":{"self":[{"href":"https:\/\/dalatreview.vn\/en\/wp-json\/wp\/v2\/product\/20898"}],"collection":[{"href":"https:\/\/dalatreview.vn\/en\/wp-json\/wp\/v2\/product"}],"about":[{"href":"https:\/\/dalatreview.vn\/en\/wp-json\/wp\/v2\/types\/product"}],"replies":[{"embeddable":true,"href":"https:\/\/dalatreview.vn\/en\/wp-json\/wp\/v2\/comments?post=20898"}],"wp:featuredmedia":[{"embeddable":true,"href":"https:\/\/dalatreview.vn\/en\/wp-json\/wp\/v2\/media\/20904"}],"wp:attachment":[{"href":"https:\/\/dalatreview.vn\/en\/wp-json\/wp\/v2\/media?parent=20898"}],"wp:term":[{"taxonomy":"product_cat","embeddable":true,"href":"https:\/\/dalatreview.vn\/en\/wp-json\/wp\/v2\/product_cat?post=20898"},{"taxonomy":"product_tag","embeddable":true,"href":"https:\/\/dalatreview.vn\/en\/wp-json\/wp\/v2\/product_tag?post=20898"}],"curies":[{"name":"wp","href":"https:\/\/api.w.org\/{rel}","templated":true}]}}