
{"id":20707,"date":"2022-08-04T09:39:33","date_gmt":"2022-08-04T02:39:33","guid":{"rendered":"https:\/\/dalatreview.vn\/?p=20707"},"modified":"2024-10-12T10:04:02","modified_gmt":"2024-10-12T03:04:02","slug":"ana-mandara-villas-dalat-resort-spa","status":"publish","type":"product","link":"https:\/\/dalatreview.vn\/en\/ana-mandara-villas-dalat-resort-spa.html","title":{"rendered":"Ana Mandara Villas Dalat Resort &#038; Spa"},"content":{"rendered":"<nav class=\"vietrick-auto-toc\">\n<div class=\"box-title\">\n<h3 class=\"toc-title\" id=\"select-menu\">Danh m\u1ee5c ch\u00ednh<\/h3>\n<div><ion-icon name=\"chevron-up-outline\"><\/ion-icon><\/div>\n<\/div>\n<ul class=\"toc-list\">\n<li><a href='https:\/\/dalatreview.vn\/en#ana-mandara-villas-dalat-resort-spa-ngoi-lang-co-kinh-nuoc-phap' class='heading-h2 toc-link smooth-scroll'>Ana Mandara Villas Dalat Resort &amp; Spa &#8211; Ng\u00f4i l\u00e0ng c\u1ed5 k\u00ednh n\u01b0\u1edbc Ph\u00e1p<\/a>\n<li><a href='https:\/\/dalatreview.vn\/en#1-vi-tri' class='heading-h2 toc-link smooth-scroll'>1. V\u1ecb tr\u00ed\u00a0<\/a>\n<li><a href='https:\/\/dalatreview.vn\/en#2-phong-cach-decor' class='heading-h2 toc-link smooth-scroll'>2. Phong c\u00e1ch decor\u00a0<\/a>\n<li><a href='https:\/\/dalatreview.vn\/en#3-dich-vu-va-tien-ich' class='heading-h2 toc-link smooth-scroll'>3. D\u1ecbch v\u1ee5 v\u00e0 ti\u1ec7n \u00edch<\/a><\/ul>\n<li><a href='https:\/\/dalatreview.vn\/en#4-cac-hang-phong' class='heading-h1 toc-link smooth-scroll'>4. C\u00e1c h\u1ea1ng ph\u00f2ng\u00a0<\/a>\n<ul>\n<li><a href='https:\/\/dalatreview.vn\/en#5-lien-he' class='heading-h2 toc-link smooth-scroll'>5. Li\u00ean h\u1ec7<\/a><\/ul>\n<\/ul>\n<\/li>\n<\/ul>\n<\/nav>\n<h2 style=\"text-align: center;\" id=\"ana-mandara-villas-dalat-resort-spa-ngoi-lang-co-kinh-nuoc-phap\"><span style=\"font-size: 24px;\"><strong><span style=\"color: #003300;\">Ana Mandara Villas Dalat Resort &amp; Spa &#8211; Ng\u00f4i l\u00e0ng c\u1ed5 k\u00ednh n\u01b0\u1edbc Ph\u00e1p<\/span><\/strong><\/span><\/h2>\n<h2 id=\"1-vi-tri\"><span style=\"font-size: 24px; color: #003300;\"><strong>1. V\u1ecb tr\u00ed\u00a0<\/strong><\/span><\/h2>\n<p>Ana Mandara Villas Dalat Resort &amp; Spa n\u1eb1m c\u00e1ch trung t\u00e2m th\u00e0nh ph\u1ed1 \u0110\u00e0 L\u1ea1t ch\u1ec9 2km, tr\u00ean m\u1ed9t ng\u1ecdn \u0111\u1ed3i tr\u1eadp tr\u00f9ng \u0111\u01b0\u1ee3c bao quanh t\u1ef1 nhi\u00ean b\u1edfi nh\u1eefng c\u00e2y th\u00f4ng v\u00e0 bao g\u1ed3m 17 bi\u1ec7t th\u1ef1 sang tr\u1ecdng v\u1edbi ki\u1ebfn tr\u00fac Ph\u00e1p \u0111\u1ed9c \u0111\u00e1o t\u1eeb nh\u1eefng n\u0103m 1920.<\/p>\n<p><img decoding=\"async\" class=\"aligncenter wp-image-33105 size-full\" src=\"https:\/\/dalatreview.vn\/wp-content\/uploads\/2022\/08\/Ban-sao-cua-DJI_0534-scaled-1.jpeg\" alt=\"Ana Mandara Villas Dalat Resort &amp; Spa\" width=\"2560\" height=\"1705\" \/><\/p>\n<p>N\u00e9p m\u00ecnh gi\u1eefa r\u1eebng th\u00f4ng trong kh\u00f4ng kh\u00ed trong l\u00e0nh v\u00e0 ch\u1ec9 c\u00e1ch trung t\u00e2m th\u00e0nh ph\u1ed1 \u0110\u00e0 L\u1ea1t 10 ph\u00fat l\u00e1i xe, Ana Mandara Villas Dalat Resort &amp; Spa v\u1eabn t\u1ed3n t\u1ea1i qua n\u0103m th\u00e1ng v\u1edbi v\u1ebb \u0111\u1eb9p \u0111\u1eb7c tr\u01b0ng \u0111\u1eadm d\u1ea5u \u1ea5n ki\u1ebfn tr\u00fac Ph\u00e1p c\u1ed5 thanh l\u1ecbch v\u00e0 tinh t\u1ebf.<\/p>\n<p><img decoding=\"async\" class=\"alignnone wp-image-33106 size-full\" src=\"https:\/\/dalatreview.vn\/wp-content\/uploads\/2022\/08\/293261999_416989810448216_2596800347401306274_n.jpg\" alt=\"kh\u00f4ng gian c\u1ee7a Ana Mandara \u0110\u00e0 L\u1ea1t\" width=\"2048\" height=\"1364\" \/><\/p>\n<p>M\u1ed7i khi \u0111\u1ebfn v\u1edbi Ana Mandara \u0110\u00e0 L\u1ea1t b\u1ea1n s\u1ebd c\u00f3 c\u1ea3m gi\u00e1c nh\u01b0 \u0111ang tr\u1edf v\u1ec1 v\u1edbi thi\u00ean nhi\u00ean thu\u1ea7n khi\u1ebft, \u0111\u01b0\u1ee3c h\u00edt th\u1edf b\u1ea7u kh\u00f4ng kh\u00ed trong l\u00e0nh v\u00e0 ti\u1ebfp nh\u1eadn \u0111\u01b0\u1ee3c ngu\u1ed3n n\u0103ng l\u01b0\u1ee3ng tuy\u1ec7t v\u1eddi t\u1eeb c\u00e2y r\u1eebng m\u00e0 thi\u00ean nhi\u00ean \u01b0u \u00e1i ban t\u1eb7ng.<\/p>\n<p><img decoding=\"async\" class=\"aligncenter wp-image-33107 size-full\" src=\"https:\/\/dalatreview.vn\/wp-content\/uploads\/2022\/08\/picnic-1-1-scaled-1.jpg\" alt=\"tr\u1ea3i nghi\u1ec7m picnic t\u1ea1i Ana Mandara \u0110\u00e0 L\u1ea1t\" width=\"2560\" height=\"1707\" \/><\/p>\n<h2 id=\"2-phong-cach-decor\"><span style=\"font-size: 24px;\"><strong><span style=\"color: #003300;\">2. Phong c\u00e1ch decor\u00a0<\/span><\/strong><\/span><\/h2>\n<p><strong>N\u00e9t Ki\u1ebfn Tr\u00fac V\u01b0\u1ee3t Th\u1eddi Gian<\/strong><\/p>\n<p>V\u1edbi l\u1ecbch s\u1eed g\u1ea7n 100 n\u0103m, Khu Ngh\u1ec9 D\u01b0\u1ee1ng &amp; Spa Ana Mandara Villas \u0110\u00e0 L\u1ea1t l\u00e0 s\u1ef1 pha tr\u1ed9n tinh t\u1ebf v\u00e0 t\u1ec9 m\u1ec9 c\u1ee7a phong c\u00e1ch ki\u1ebfn tr\u00fac quy\u1ebfn r\u0169 Ph\u00e1p c\u1ed5 v\u00e0 b\u1ea3n s\u1eafc v\u0103n ho\u00e1 truy\u1ec1n th\u1ed1ng c\u1ee7a Vi\u1ec7t Nam \u0111\u01b0\u1ee3c l\u1ea5y c\u1ea3m h\u1ee9ng t\u1eeb m\u1ed9t th\u1eddi vang b\u00f3ng \u0111\u00e3 qua.<\/p>\n<p><img decoding=\"async\" class=\"alignnone wp-image-33108 size-full\" src=\"https:\/\/dalatreview.vn\/wp-content\/uploads\/2022\/08\/341537109_1967127150293567_2077155253383919357_n.jpg\" alt=\"thi\u1ebft k\u1ebf ph\u00f2ng t\u1ea1i Ana Mandara \u0110\u00e0 L\u1ea1t\" width=\"2048\" height=\"1536\" \/><\/p>\n<p>B\u00ean trong m\u1ed7i bi\u1ec7t th\u1ef1, m\u1ed9t lo\u1ea1t c\u00e1c phong c\u00e1ch ki\u1ebfn tr\u00fac ch\u00ednh c\u1ee7a ph\u01b0\u01a1ng T\u00e2y nh\u01b0 Norman t\u1eeb Normandy, Gothic v\u00e0 Roman t\u1eeb Brittany v\u00e0 Provence, hay Basque v\u00e0 Savoie c\u1ee7a T\u00e2y Ban Nha th\u1eddi Ph\u1ee5c H\u01b0ng \u0111\u00e3 \u0111\u01b0\u1ee3c s\u1eed d\u1ee5ng.<\/p>\n<p><img decoding=\"async\" class=\"aligncenter wp-image-33109 size-full\" src=\"https:\/\/dalatreview.vn\/wp-content\/uploads\/2022\/08\/387060723_2079914492341825_5586224751743807353_n.jpg\" alt=\"thi\u1ebft k\u1ebf ph\u00f2ng t\u1ea1i Ana Mandara \u0110\u00e0 L\u1ea1t\" width=\"2048\" height=\"1536\" \/><\/p>\n<p>T\u1ea5t c\u1ea3 quy\u1ec7n ho\u00e0 v\u00e0o nhau, l\u00e0m n\u00ean n\u00e9t \u0111\u1eb9p l\u00e3ng m\u1ea1n v\u01b0\u1ee3t th\u1eddi gian v\u00e0 r\u1ea5t \u0111\u1eb7c tr\u01b0ng ch\u1ec9 ri\u00eang Ana Mandara Villas \u0110\u00e0 L\u1ea1t s\u1edf h\u1eefu.<\/p>\n<p><img decoding=\"async\" class=\"alignnone wp-image-20793 size-full\" src=\"https:\/\/dalatreview.vn\/wp-content\/uploads\/2022\/08\/Putting-Green.jpg\" alt=\"\" width=\"2000\" height=\"1481\"><\/p>\n<p><strong>Gi\u1ea3i Th\u01b0\u1edfng<\/strong><\/p>\n<p>L\u00e0 m\u1ed9t trong nh\u1eefng khu ngh\u1ec9 d\u01b0\u1ee1ng sang tr\u1ecdng theo phong c\u00e1ch boutique, Khu Ngh\u1ec9 D\u01b0\u1ee1ng &amp; Spa Ana Mandara Villas \u0110\u00e0 L\u1ea1t \u0111\u00e3 vinh d\u1ef1 \u0111\u01b0\u1ee3c \u0111\u00f3n ti\u1ebfp c\u00e1c ch\u1ee9c s\u1eafc quan tr\u1ecdng, nh\u00e2n v\u1eadt ch\u00ednh tr\u1ecb v\u00e0 ng\u01b0\u1eddi n\u1ed5i ti\u1ebfng trong nhi\u1ec1u n\u0103m li\u1ec1n.<\/p>\n<p><img decoding=\"async\" class=\"aligncenter wp-image-33110 size-full\" src=\"https:\/\/dalatreview.vn\/wp-content\/uploads\/2022\/08\/314004577_500082402138956_4088987137126347890_n.jpg\" alt=\"thi\u1ebft k\u1ebf ph\u00f2ng t\u1ea1i Ana Mandara \u0110\u00e0 L\u1ea1t\" width=\"1440\" height=\"1079\" \/><\/p>\n<p>Ngo\u00e0i ra, khu ngh\u1ec9 d\u01b0\u1ee1ng li\u00ean t\u1ee5c \u0111\u01b0\u1ee3c vinh danh cho nh\u1eefng h\u1ea1ng m\u1ee5c v\u00e0 gi\u1ea3i th\u01b0\u1edfng uy t\u00edn, bao g\u1ed3m: Gi\u1ea3i th\u01b0\u1edfng Kh\u00e1ch s\u1ea1n sang tr\u1ecdng th\u1ebf gi\u1edbi n\u0103m 2018, Khu ngh\u1ec9 d\u01b0\u1ee1ng tr\u00ean n\u00fai sang tr\u1ecdng h\u00e0ng \u0111\u1ea7u n\u0103m 2019, Gi\u1ea3i th\u01b0\u1edfng do kh\u00e1ch du l\u1ecbch b\u00ecnh ch\u1ecdn n\u0103m 2021 do TripAdvisor trao t\u1eb7ng cho n\u00e9t ki\u1ebfn tr\u00fac quy\u1ebfn r\u0169 c\u1ed5 \u0111i\u1ec3n trong t\u1eebng chi ti\u1ebft, khung c\u1ea3nh n\u00ean th\u01a1 v\u00e0 d\u1ecbch v\u1ee5 ch\u0103m s\u00f3c kh\u00e1ch h\u00e0ng tuy\u1ec7t v\u1eddi.<\/p>\n<h2 id=\"3-dich-vu-va-tien-ich\"><span style=\"color: #003300; font-size: 24px;\"><strong>3. D\u1ecbch v\u1ee5 v\u00e0 ti\u1ec7n \u00edch<\/strong><\/span><\/h2>\n<p>\u2022 Nh\u00e0 h\u00e0ng Le Petit \u0110\u00e0 L\u1ea1t &amp; Qu\u00e1n bar<\/p>\n<p>\u2022 H\u1ea7m r\u01b0\u1ee3u<\/p>\n<p>\u2022 H\u1ed3 b\u01a1i n\u01b0\u1edbc n\u00f3ng ngo\u00e0i tr\u1eddi<\/p>\n<p>\u2022 Ph\u00f2ng th\u1ec3 d\u1ee5c<\/p>\n<p>\u2022 V\u01b0\u1eddn h\u1eefu c\u01a1<\/p>\n<p>\u2022 \u0110\u1ecba \u0111i\u1ec3m t\u1ed5 ch\u1ee9c \u0111\u00e1m c\u01b0\u1edbi<\/p>\n<p>\u2022 Khu vui ch\u01a1i tr\u1ebb em<\/p>\n<p>\u2022 Ph\u00f2ng ch\u01a1i bi-a<\/p>\n<p><img decoding=\"async\" class=\"aligncenter wp-image-33111 size-full\" src=\"https:\/\/dalatreview.vn\/wp-content\/uploads\/2022\/08\/Ban-sao-cua-DJI_0730-scaled-1.jpeg\" alt=\"h\u1ed3 b\u01a1i t\u1ea1i Ana Mandara \u0110\u00e0 L\u1ea1t\" width=\"2560\" height=\"1705\" \/><\/p>\n<p><strong>Le Petit Dalat Restaurant &amp; Bar<\/strong><\/p>\n<p>Le Petit Dalat (160 ch\u1ed7) H\u1ea7m r\u01b0\u1ee3u tr\u00ean s\u00e2n th\u01b0\u1ee3ng (9 ch\u1ed7)<\/p>\n<p>V\u1edbi l\u1ed1i trang tr\u00ed b\u1eb1ng g\u1ed7 \u1ea5m \u00e1p v\u00e0 n\u1ed9i th\u1ea5t \u1ea5m c\u00fang, Le Petit Dalat mang \u0111\u1ebfn cho ch\u1ee7 nh\u00e0 nh\u1eefng tr\u1ea3i nghi\u1ec7m \u1ea9m th\u1ef1c tuy\u1ec7t v\u1eddi<\/p>\n<p><img decoding=\"async\" width=\"8061\" height=\"6049\" class=\"size-full wp-image-33112 aligncenter\" src=\"https:\/\/dalatreview.vn\/wp-content\/uploads\/2022\/08\/Ban-sao-cua-DSCF1029.jpg\" alt=\"tr\u1ea3i nghi\u1ec7m \u0103n t\u1ed1i t\u1ea1i Ana Mandara \u0110\u00e0 L\u1ea1t\" \/><\/p>\n<p><strong>Tr\u1ea3i nghi\u1ec7m \u0103n u\u1ed1ng kh\u00e1c<\/strong><\/p>\n<p>T\u1eeb b\u1eefa t\u1ed1i \u0111\u1ed9c quy\u1ec1n, ti\u1ec7c n\u01b0\u1edbng ngo\u00e0i tr\u1eddi tho\u1ea3i m\u00e1i \u0111\u1ebfn b\u1eefa t\u1ed1i l\u00e3ng m\u1ea1n ri\u00eang t\u01b0 v\u1edbi s\u1ed1 l\u01b0\u1ee3ng t\u1eeb 10-80 ch\u1ed7 ng\u1ed3i.<\/p>\n<p><img decoding=\"async\" class=\"aligncenter wp-image-33116 size-full\" src=\"https:\/\/dalatreview.vn\/wp-content\/uploads\/2022\/08\/C63A9513-scaled-1.jpg\" alt=\"ti\u1ec7c bbq t\u1ea1i Ana Mandara \u0110\u00e0 L\u1ea1t\" width=\"2560\" height=\"1707\" \/><\/p>\n<p><strong>Le Lyc\u00e9e (100 ch\u1ed7 ng\u1ed3i)<\/strong><\/p>\n<p>C\u00e1c ph\u00f2ng ch\u1ee9c n\u0103ng \u0111a n\u0103ng c\u1ee7a ch\u00fang t\u00f4i \u0111\u01b0\u1ee3c ph\u1ee5c v\u1ee5 cho c\u00e1c cu\u1ed9c h\u1ecdp, \u01b0u \u0111\u00e3i, h\u1ed9i ngh\u1ecb, s\u1ef1 ki\u1ec7n, b\u1eefa t\u1ed1i ri\u00eang, x\u00e2y d\u1ef1ng nh\u00f3m, ti\u1ec7c cocktail v\u00e0 d\u1ea1 ti\u1ec7c. M\u1ed7i kh\u00f4ng gian h\u1ed9i h\u1ecdp c\u1ee7a ch\u00fang t\u00f4i \u0111\u01b0\u1ee3c thi\u1ebft k\u1ebf v\u1edbi m\u1ed9t s\u1ef1 tinh t\u1ebf kh\u00f4ng th\u1ec3 nh\u1ea7m l\u1eabn, mang \u0111\u1ebfn nh\u1eefng kh\u00f4ng gian \u0111\u1ed9c \u0111\u00e1o v\u00e0 thanh l\u1ecbch \u0111\u1ec3 b\u1ea1n ti\u1ebfn h\u00e0nh c\u00f4ng vi\u1ec7c kinh doanh t\u1ea1i \u0110\u00e0 L\u1ea1t.<\/p>\n<p><img decoding=\"async\" class=\"aligncenter wp-image-33117 size-full\" src=\"https:\/\/dalatreview.vn\/wp-content\/uploads\/2022\/08\/363312613_698657542301531_7664246558295422987_n.jpg\" alt=\"ph\u00f2ng h\u1ed9i ngh\u1ecb, t\u1ed5 ch\u1ee9c ti\u1ec7c t\u1ea1i Ana Mandara \u0110\u00e0 L\u1ea1t\" width=\"1800\" height=\"1800\" \/><\/p>\n<p><strong>L\u1ec5 c\u01b0\u1edbi<\/strong><\/p>\n<p>D\u00f9 l\u00e0 m\u1ed9t bu\u1ed5i l\u1ec5 ch\u00fac ph\u00fac hay m\u1ed9t b\u1eefa ti\u1ec7c k\u1ef7 ni\u1ec7m, Ana Mandara Dalat s\u1ebd k\u1ef7 ni\u1ec7m ng\u00e0y \u0111\u1eb7c bi\u1ec7t c\u1ee7a b\u1ea1n \u0111\u1ed9c nh\u1ea5t v\u00f4 nh\u1ecb.<\/p>\n<p><img decoding=\"async\" class=\"alignnone wp-image-33118 size-full\" src=\"https:\/\/dalatreview.vn\/wp-content\/uploads\/2022\/08\/364722148_701939308640021_361315316414109211_n.jpg\" alt=\"t\u1ed5 ch\u1ee9c ti\u1ec7c c\u01b0\u1edbi t\u1ea1i Ana Mandara \u0110\u00e0 L\u1ea1t\" width=\"2048\" height=\"1365\" \/><\/p>\n<p><strong>Tr\u1ea3i nghi\u1ec7m tu\u1ea7n tr\u0103ng m\u1eadt<\/strong><\/p>\n<p>V\u00e0o ng\u00e0y k\u1ef3 di\u1ec7u n\u00e0y c\u1ee7a b\u1ea1n, t\u1ea5t c\u1ea3 nh\u1eefng k\u1ef7 ni\u1ec7m \u0111\u1ec1u \u0111\u00e1ng nh\u1edb v\u00e0 th\u1eadm ch\u00ed c\u00f3 th\u1ec3 l\u00e0 k\u1ef3 di\u1ec7u<\/p>\n<p><img decoding=\"async\" class=\"aligncenter wp-image-33119 size-full\" src=\"https:\/\/dalatreview.vn\/wp-content\/uploads\/2022\/08\/328969731_3255277818057643_8498255449293328778_n.jpg\" alt=\"t\u1eadn h\u01b0\u1edfng tu\u1ea7n tr\u0103ng m\u1eadt t\u1ea1i Ana Mandara \u0110\u00e0 L\u1ea1t\" width=\"1365\" height=\"2048\" \/><\/p>\n<p><strong>La Cochinchine Spa<\/strong><\/p>\n<p>T\u1eadn h\u01b0\u1edfng m\u1ed9t lo\u1ea1t c\u00e1c li\u1ec7u ph\u00e1p tr\u1ecb li\u1ec7u t\u1ea1i m\u1ed9t trong n\u0103m ph\u00f2ng tr\u1ecb li\u1ec7u \u0111\u01b0\u1ee3c thi\u1ebft k\u1ebf \u0111\u1eb7c bi\u1ec7t<\/p>\n<p><img decoding=\"async\" class=\"aligncenter wp-image-33120 size-full\" src=\"https:\/\/dalatreview.vn\/wp-content\/uploads\/2022\/08\/329043500_1346598389425202_532147801578515574_n.jpg\" alt=\"tr\u1ea3i nghi\u1ec7m spa t\u1ea1i Ana Mandara \u0110\u00e0 L\u1ea1t\" width=\"2048\" height=\"1367\" \/><\/p>\n<p><strong>C\u00e1c ti\u1ec7n \u00edch kh\u00e1c<\/strong><\/p>\n<p>Golf, Yoga, Gym, &#8230;<\/p>\n<p><img decoding=\"async\" class=\"aligncenter wp-image-33123 size-full\" src=\"https:\/\/dalatreview.vn\/wp-content\/uploads\/2022\/08\/z4813112843022_f119f08798538c91eea7053d5558a88e.jpg\" alt=\"tr\u1ea3i nghi\u1ec7m t\u1eadp yoga t\u1ea1i Ana Mandara \u0110\u00e0 L\u1ea1t\" width=\"2560\" height=\"1920\" \/><\/p>\n<h1 id=\"4-cac-hang-phong\"><span style=\"font-size: 20px; color: #003300;\"><strong>4. C\u00e1c h\u1ea1ng ph\u00f2ng\u00a0<\/strong><\/span><\/h1>\n<p>Ana Mandara \u0110\u00e0 L\u1ea1t c\u00f3 t\u1ed5ng c\u1ed9ng 17 bi\u1ec7t th\u1ef1 \u0111\u01b0\u1ee3c chuy\u1ec3n \u0111\u1ed5i th\u00e0nh 87 ph\u00f2ng kh\u00e1ch, b\u1ea3o t\u1ed3n t\u1ec9 m\u1ec9 thi\u1ebft k\u1ebf ban \u0111\u1ea7u t\u1eeb nh\u1eefng n\u0103m 1920 v\u00e0 1930 v\u1edbi Khu v\u1ef1c ti\u1ebfp kh\u00e1ch, s\u00e2n th\u01b0\u1ee3ng ngo\u00e0i tr\u1eddi v\u00e0 Khu v\u1ef1c ti\u1ebfp kh\u00e1ch.<\/p>\n<p><img decoding=\"async\" class=\"aligncenter wp-image-33169 size-full\" src=\"https:\/\/dalatreview.vn\/wp-content\/uploads\/2023\/10\/394735312_1021679212493182_7205576755783315356_n.jpg\" alt=\"thi\u1ebft k\u1ebf c\u1ee7a Ana Mandara Villas Dalat Resort &amp; Spa\" width=\"2048\" height=\"1410\" \/><\/p>\n<p><strong>Le petit<\/strong><\/p>\n<p>08 ph\u00f2ng ti\u00eau chu\u1ea9n 22m2, ti\u1ec7n nghi ki\u1ec3u Ph\u00e1p (kh\u00f4ng k\u00ea th\u00eam gi\u01b0\u1eddng)<\/p>\n<p>&nbsp;<\/p>\n<p>\u0110\u01b0\u1ee3c bao ph\u1ee7 b\u1edfi r\u1eebng th\u00f4ng xanh ng\u00e1t, 8 c\u0103n ph\u00f2ng Le Petit ch\u00e0o \u0111\u00f3n Qu\u00fd kh\u00e1ch v\u1edbi gi\u01b0\u1eddng \u0111\u00f4i m\u1eafc m\u00e0n t\u1ee9 tr\u1ee5 truy\u1ec1n th\u1ed1ng, l\u00f2 s\u01b0\u1edfi c\u1ed5 b\u1eb1ng gang, ph\u00f2ng t\u1eafm v\u00e0 nhi\u1ec1u ti\u1ec7n \u00edch kh\u00e1c. S\u1ef1 c\u1ed5 \u0111i\u1ec3n to\u00e1t l\u00ean t\u1eeb nh\u1eefng c\u00f4ng t\u1eafc \u0111i\u1ec7n c\u1ed5 \u0111i\u1ec3n, qu\u1ea1t tr\u1ea7n v\u00e0 s\u00e0n g\u1ed7. T\u1ea5t c\u1ea3 t\u1ea1o n\u00ean m\u1ed9t b\u1ea7u kh\u00f4ng kh\u00ed \u1ea5m c\u00fang, l\u00fd t\u01b0\u1edfng cho 02 ng\u01b0\u1eddi l\u1edbn v\u00e0 01 tr\u1ebb em d\u01b0\u1edbi 6 tu\u1ed5i.<\/p>\n<p><img decoding=\"async\" class=\"alignnone wp-image-33175 size-full\" src=\"https:\/\/dalatreview.vn\/wp-content\/uploads\/2023\/10\/z4818988363353_9f66b7d3dd1827da5c6ed6fd8f88549b.jpg\" alt=\"Ph\u00f2ng Le petit\" width=\"2200\" height=\"1650\" \/><\/p>\n<p><strong>Villa Room<\/strong><\/p>\n<p>22 ph\u00f2ng 28m2 \u0111\u01b0\u1ee3c trang tr\u00ed th\u00e2n m\u1eadt, c\u00f3 b\u1ed3n t\u1eafm truy\u1ec1n th\u1ed1ng (kh\u00f4ng c\u00f3 gi\u01b0\u1eddng ph\u1ee5)<\/p>\n<p>&nbsp;<\/p>\n<p>L\u1ea5y c\u1ea3m h\u1ee9ng t\u1eeb th\u1eddi \u0111\u1ea1i tinh t\u1ebf xa x\u01b0a, 22 c\u0103n ph\u00f2ng \u0111\u01b0\u1ee3c thi\u1ebft k\u1ebf trang nh\u00e3 v\u1edbi l\u1ef1a ch\u1ecdn gi\u01b0\u1eddng \u0111\u00f4i queen size, t\u1ed1i \u0111a 02 ng\u01b0\u1eddi l\u1edbn v\u00e0 01 tr\u1ebb em d\u01b0\u1edbi 6 tu\u1ed5i. C\u00f9ng chi\u00eam ng\u01b0\u1ee1ng nh\u1eefng ch\u1ea1m kh\u1eafc tinh t\u1ebf c\u1ee7a \u0111\u1ed3 n\u1ed9i th\u1ea5t b\u1eb1ng g\u1ed7 v\u00e0 c\u00e1c v\u1eadt ph\u1ea9m s\u01b0u t\u1ea7m t\u1ea1o n\u00ean n\u00e9t duy\u00ean d\u00e1ng x\u01b0a c\u0169.<\/p>\n<p><img decoding=\"async\" class=\"size-full wp-image-33124 aligncenter\" src=\"https:\/\/dalatreview.vn\/wp-content\/uploads\/2022\/08\/Villa-Room-1305-1.jpg\" alt=\"Villa Room\" width=\"2048\" height=\"1536\" \/><\/p>\n<p><strong>Villa Studio <\/strong><\/p>\n<p>20 ph\u00f2ng 40m2 \u0111\u01b0\u1ee3c trang tr\u00ed th\u00e2n m\u1eadt, c\u00f3 khu v\u1ef1c ti\u1ebfp kh\u00e1ch ri\u00eang (c\u00f3 gi\u01b0\u1eddng ph\u1ee5)<\/p>\n<p>&nbsp;<\/p>\n<p>20 c\u0103n Villa Studio mang b\u1ea1n quay ng\u01b0\u1ee3c th\u1eddi gian tr\u1edf l\u1ea1i \u0110\u00e0 L\u1ea1t th\u1eddi \u0110\u00f4ng D\u01b0\u01a1ng. Th\u01b0 th\u00e1i t\u1eadn h\u01b0\u1edfng gi\u01b0\u1eddng King d\u00e0nh cho 02 ng\u01b0\u1eddi l\u1edbn v\u00e0 01 tr\u1ebb em d\u01b0\u1edbi 6 tu\u1ed5i khi \u00e1nh s\u00e1ng ban ng\u00e0y chi\u1ebfu r\u1ecdi qua khung c\u1eeda s\u1ed5 g\u1ed7 \u0111\u01b0\u1ee3c l\u1ea5y c\u1ea3m h\u1ee9ng t\u1eeb ki\u1ebfn tr\u00fac Ph\u00e1p, s\u00e0n g\u1ed7, nh\u1eefng b\u1ee9c tranh ngh\u1ec7 thu\u1eadt x\u01b0a c\u1ed5 treo t\u01b0\u1eddng, c\u00f9ng v\u1edbi c\u00e1c v\u1eadt ph\u1ea9m s\u01b0u t\u1ea7m \u2013 t\u1ea5t c\u1ea3 s\u1ebd l\u00e0m t\u0103ng th\u00eam t\u00ednh ch\u00e2n th\u1ef1c cho tr\u1ea3i nghi\u1ec7m.<\/p>\n<p><img decoding=\"async\" class=\"aligncenter wp-image-33125 size-full\" src=\"https:\/\/dalatreview.vn\/wp-content\/uploads\/2022\/08\/361636470_694184976082121_7820500687521881452_n.jpg\" alt=\"Villa Studio\" width=\"2048\" height=\"1365\" \/><\/p>\n<p><strong>Villa Suite<\/strong><\/p>\n<p>28 c\u0103n h\u1ed9 52m2 \u0111\u01b0\u1ee3c b\u00e0i tr\u00ed \u0111\u1eb9p m\u1eaft, c\u00f3 g\u00e1c l\u1eedng v\u00e0 khu v\u1ef1c s\u00e2n th\u01b0\u1ee3ng ri\u00eang bi\u1ec7t * (c\u00f3 gi\u01b0\u1eddng ph\u1ee5)<\/p>\n<p>&nbsp;<\/p>\n<p>Tranh treo t\u01b0\u1eddng x\u01b0a c\u1ed5, \u0111\u1ed3 n\u1ed9i th\u1ea5t trang nh\u00e3 v\u00e0 c\u00e1c v\u1eadt d\u1ee5ng \u0111\u01b0\u1ee3c s\u01b0u t\u1ea7m theo phong c\u00e1ch \u0110\u00f4ng D\u01b0\u01a1ng trong 28 c\u0103n Villa Suite s\u1ebd \u0111\u01b0a Qu\u00fd kh\u00e1ch ng\u01b0\u1ee3c th\u1eddi gian v\u1ec1 \u0110\u00e0 L\u1ea1t th\u1eddi Ph\u00e1p thu\u1ed9c. Gi\u01b0\u1eddng King \u0111\u01b0\u1ee3c \u0111\u1eb7t tr\u00ean n\u1ec1n s\u00e0n g\u1ed7 g\u1ee5 t\u1ef1 nhi\u00ean, h\u1ee9a h\u1eb9n m\u1ed9t gi\u1ea5c ng\u1ee7 ngon trong ti\u1ebft tr\u1eddi m\u00e1t m\u1ebb t\u1ea1i \u0110\u00e0 L\u1ea1t d\u00e0nh cho 02 ng\u01b0\u1eddi l\u1edbn v\u00e0 01 tr\u1ebb em d\u01b0\u1edbi 6 tu\u1ed5i.<\/p>\n<p><img decoding=\"async\" class=\"aligncenter wp-image-33127 size-full\" src=\"https:\/\/dalatreview.vn\/wp-content\/uploads\/2022\/08\/z4813131553749_c2904ae4da32ef29f4c3baf6e4d6567b.jpg\" alt=\"Villa Suite\" width=\"2560\" height=\"1916\" \/><\/p>\n<p><strong>B\u1ea3ng gi\u00e1 ph\u00f2ng n\u0103m 2023<\/strong><\/p>\n<table style=\"border-collapse: collapse; width: 100%; height: 120px;\">\n<tbody>\n<tr style=\"height: 24px;\">\n<td style=\"width: 20%; height: 24px; text-align: center;\"><strong>LO\u1ea0I PH\u00d2NG<\/strong><\/td>\n<td style=\"width: 20%; height: 24px; text-align: center;\"><strong>K\u00cdCH TH\u01af\u1edaC (m2)<\/strong><\/td>\n<td style=\"width: 20%; height: 24px; text-align: center;\"><strong>GI\u00c1 \u0110\u1ea6U TU\u1ea6N (VND)<\/strong><\/td>\n<td style=\"width: 20%; height: 24px; text-align: center;\"><strong>GI\u00c1 CU\u1ed0I TU\u1ea6N (VND)<\/strong><\/td>\n<td style=\"width: 20%; height: 24px; text-align: center;\"><strong>GI\u01af\u1edcNG PH\u1ee4 (VND)<\/strong><\/td>\n<\/tr>\n<tr style=\"height: 24px;\">\n<td style=\"width: 20%; height: 24px; text-align: center;\">Le Petit<\/td>\n<td style=\"width: 20%; height: 24px; text-align: center;\">25<\/td>\n<td style=\"width: 20%; height: 24px; text-align: center;\">2.500.000<\/td>\n<td style=\"width: 20%; height: 24px; text-align: center;\">3.000.000<\/td>\n<td style=\"width: 20%; height: 24px; text-align: center;\">kh\u00f4ng \u00e1p d\u1ee5ng<\/td>\n<\/tr>\n<tr style=\"height: 24px;\">\n<td style=\"width: 20%; height: 24px; text-align: center;\">Villa Room<\/td>\n<td style=\"width: 20%; height: 24px; text-align: center;\">28<\/td>\n<td style=\"width: 20%; height: 24px; text-align: center;\">3.000.000<\/td>\n<td style=\"width: 20%; height: 24px; text-align: center;\">3.500.000<\/td>\n<td style=\"width: 20%; height: 24px; text-align: center;\">kh\u00f4ng \u00e1p d\u1ee5ng<\/td>\n<\/tr>\n<tr style=\"height: 24px;\">\n<td style=\"width: 20%; height: 24px; text-align: center;\">Villa Studio<\/td>\n<td style=\"width: 20%; height: 24px; text-align: center;\">40<\/td>\n<td style=\"width: 20%; height: 24px; text-align: center;\">3.500.000<\/td>\n<td style=\"width: 20%; height: 24px; text-align: center;\">4.000.000<\/td>\n<td style=\"width: 20%; height: 24px; text-align: center;\">850.000<\/td>\n<\/tr>\n<tr style=\"height: 24px;\">\n<td style=\"width: 20%; height: 24px; text-align: center;\">Villa Suite<\/td>\n<td style=\"width: 20%; height: 24px; text-align: center;\">52<\/td>\n<td style=\"width: 20%; height: 24px; text-align: center;\">3.800.000<\/td>\n<td style=\"width: 20%; height: 24px; text-align: center;\">4.200.000<\/td>\n<td style=\"width: 20%; height: 24px; text-align: center;\">850.000<\/td>\n<\/tr>\n<\/tbody>\n<\/table>\n<p>Th\u1eddi gian \u00e1p d\u1ee5ng: 06\/2023 &#8211; 12\/2023<\/p>\n<p>\u25aa Bao g\u1ed3m b\u1eefa \u0103n: \u0111i\u1ec3m t\u00e2m s\u00e1ng h\u1eb1ng ng\u00e0y.<br \/>\n\u25aa Mi\u1ec5n ph\u00ed n\u01b0\u1edbc u\u1ed1ng tinh khi\u1ebft m\u1ed7i ng\u00e0y.<\/p>\n<p>\u25aa \u01afU \u0110\u00c3I \u0110\u1eb6C BI\u1ec6T D\u00c0NH CHO \u0110\u1eb6T PH\u00d2NG T\u1eea 2 \u0110\u00caM TR\u1ede L\u00caN:<br \/>\nMI\u1ec4N PH\u00cd 1 su\u1ea5t tr\u00e0 chi\u1ec1u cho \u0111\u1eb7t ph\u00f2ng t\u1eeb 2 \u0111\u00eam tr\u1edf l\u00ean<\/p>\n<h2 id=\"5-lien-he\"><span style=\"font-size: 24px; color: #003300;\"><strong>5. Li\u00ean h\u1ec7<\/strong><\/span><\/h2>\n<p>Ch\u00ednh s\u00e1ch nh\u1eadn tr\u1ea3 ph\u00f2ng, quy \u0111\u1ecbnh ph\u1ee5 thu th\u00eam ng\u01b0\u1eddi, quy \u0111\u1ecbnh v\u00e0o c\u00e1c ng\u00e0y l\u1ec5 T\u1ebft vui l\u00f2ng li\u00ean h\u1ec7 \u0111\u1ec3 \u0111\u01b0\u1ee3c t\u01b0 v\u1ea5n chi ti\u1ebft.<\/p>\n<p>S\u0110T: 0968 249 297<\/p>\n<p>Li\u00ean h\u1ec7 book ph\u00f2ng: <a href=\"https:\/\/zalo.me\/dalatreview\" target=\"_blank\" rel=\"noopener\">\u0110\u00e0 L\u1ea1t Review T\u1ea5t T\u1ea7n T\u1eadt<\/a><\/p>\n<p>Xem th\u00eam b\u00e0i vi\u1ebft kh\u00e1c t\u1ea1i:\u00a0<a href=\"https:\/\/dalatreview.vn\/en\/\">\u0110\u00e0 L\u1ea1t Review<\/a><\/p>","protected":false},"excerpt":{"rendered":"<p>Ana Mandara Villas Dalat Resort &amp; Spa n\u1eb1m c\u00e1ch trung t\u00e2m th\u00e0nh ph\u1ed1 \u0110\u00e0 L\u1ea1t ch\u1ec9 2km, tr\u00ean m\u1ed9t ng\u1ecdn \u0111\u1ed3i tr\u1eadp tr\u00f9ng \u0111\u01b0\u1ee3c bao quanh t\u1ef1 nhi\u00ean b\u1edfi nh\u1eefng c\u00e2y th\u00f4ng<\/p>","protected":false},"featured_media":33130,"comment_status":"open","ping_status":"closed","template":"","meta":{"_acf_changed":false,"rank_math_lock_modified_date":false},"product_cat":[44,29],"product_tag":[],"acf":[],"_links":{"self":[{"href":"https:\/\/dalatreview.vn\/en\/wp-json\/wp\/v2\/product\/20707"}],"collection":[{"href":"https:\/\/dalatreview.vn\/en\/wp-json\/wp\/v2\/product"}],"about":[{"href":"https:\/\/dalatreview.vn\/en\/wp-json\/wp\/v2\/types\/product"}],"replies":[{"embeddable":true,"href":"https:\/\/dalatreview.vn\/en\/wp-json\/wp\/v2\/comments?post=20707"}],"wp:featuredmedia":[{"embeddable":true,"href":"https:\/\/dalatreview.vn\/en\/wp-json\/wp\/v2\/media\/33130"}],"wp:attachment":[{"href":"https:\/\/dalatreview.vn\/en\/wp-json\/wp\/v2\/media?parent=20707"}],"wp:term":[{"taxonomy":"product_cat","embeddable":true,"href":"https:\/\/dalatreview.vn\/en\/wp-json\/wp\/v2\/product_cat?post=20707"},{"taxonomy":"product_tag","embeddable":true,"href":"https:\/\/dalatreview.vn\/en\/wp-json\/wp\/v2\/product_tag?post=20707"}],"curies":[{"name":"wp","href":"https:\/\/api.w.org\/{rel}","templated":true}]}}