
{"id":20704,"date":"2022-08-03T12:51:19","date_gmt":"2022-08-03T05:51:19","guid":{"rendered":"https:\/\/dalatreview.vn\/?p=20704"},"modified":"2024-07-04T08:50:59","modified_gmt":"2024-07-04T01:50:59","slug":"ve-tham-quan-xe-truot-thac-datanla-2022","status":"publish","type":"product","link":"https:\/\/dalatreview.vn\/en\/ve-tham-quan-xe-truot-thac-datanla-2022.html","title":{"rendered":"V\u00e9 Tham Quan Xe Tr\u01b0\u1ee3t Th\u00e1c Datanla 2022"},"content":{"rendered":"<nav class=\"vietrick-auto-toc\">\n<div class=\"box-title\">\n<h3 class=\"toc-title\" id=\"select-menu\">Danh m\u1ee5c ch\u00ednh<\/h3>\n<div><ion-icon name=\"chevron-up-outline\"><\/ion-icon><\/div>\n<\/div>\n<ul class=\"toc-list\">\n<li><a href='https:\/\/dalatreview.vn\/en#ve-tham-quan-xe-truot-thac-datanla-2022' class='heading-h2 toc-link smooth-scroll'>V\u00e9 Tham Quan Xe Tr\u01b0\u1ee3t Th\u00e1c Datanla 2022<\/a>\n<li><a href='https:\/\/dalatreview.vn\/en#1-di-tron-nang-he-duoi-thac-datanla' class='heading-h2 toc-link smooth-scroll'>1.\u0110i Tr\u1ed1n N\u1eafng H\u00e8 D\u01b0\u1edbi Th\u00e1c Datanla<\/a>\n<li><a href='https:\/\/dalatreview.vn\/en#2-trai-nghiem-xe-truot-thac-datanla' class='heading-h2 toc-link smooth-scroll'>2.Tr\u1ea3i Nghi\u1ec7m Xe Tr\u01b0\u1ee3t Th\u00e1c Datanla<\/a>\n<li><a href='https:\/\/dalatreview.vn\/en#3-gia-ve-tham-quan-xe-truot-thac-datanla-2022' class='heading-h2 toc-link smooth-scroll'>3.Gi\u00e1 V\u00e9 Tham Quan Xe Tr\u01b0\u1ee3t Th\u00e1c Datanla 2022<\/a>\n<li><a href='https:\/\/dalatreview.vn\/en#4-lien-he' class='heading-h2 toc-link smooth-scroll'>4.Li\u00ean H\u1ec7<\/a><\/ul>\n<\/ul>\n<\/li>\n<\/ul>\n<\/nav>\n<h2 style=\"text-align: center;\" id=\"ve-tham-quan-xe-truot-thac-datanla-2022\"><strong><span style=\"font-size: 20px; color: #003300;\">V\u00e9 Tham Quan Xe Tr\u01b0\u1ee3t Th\u00e1c Datanla 2022<\/span><\/strong><\/h2>\n<p>N\u1ebfu b\u1ea1n \u0111ang \u00e1p l\u1ef1c v\u00ec m\u1ed7i ng\u00e0y ph\u1ea3i ch\u1ea1y dealine qu\u00e1 nhi\u1ec1u th\u00ec h\u00e3y alo cho \u0111\u1ee9a b\u1ea1n th\u00e2n v\u00e0 x\u00e1ch ba l\u00f4 l\u00ean l\u00e0m li\u1ec1n m\u1ed9t chuy\u1ebfn du l\u1ecbch \u0110\u00e0 L\u1ea1t \u0111\u1ec3 n\u1ea1p th\u00eam m\u1ed9t n\u0103ng l\u01b0\u1ee3ng th\u00f4i n\u00e0o. V\u00e0 ch\u1ec9 c\u1ea7n \u0111\u1ebfn v\u1edbi Datanla l\u00e0m m\u1ed9t v\u00e0i \u0111\u01b0\u1eddng xe tr\u01b0\u1ee3t c\u01a1 b\u1ea3n l\u00e0 \u0111\u00e3 \u0111\u00e1 bay \u0111\u01b0\u1ee3c m\u1ecdi \u00e1p l\u1ef1c c\u00f4ng vi\u1ec7c h\u1eb1ng ng\u00e0y r\u1ed3i. V\u1eady th\u00ec c\u00f2n ch\u1ea7n ch\u1eeb g\u00ec n\u1eefa m\u00e0 kh\u00f4ng l\u00ean k\u1ebf ho\u1ea1ch x\u00f5a bung h\u1ebft n\u00f3c t\u1ea1i Datanla nh\u1ec9!<\/p>\n<p><img decoding=\"async\" class=\"aligncenter wp-image-20705 size-full\" src=\"https:\/\/dalatreview.vn\/wp-content\/uploads\/2022\/08\/truot-thac-datanla.jpg\" alt=\"V\u00e9 Tham Quan Xe Tr\u01b0\u1ee3t Th\u00e1c Datanla 2022\" width=\"1200\" height=\"900\" \/><\/p>\n<h2 id=\"1-di-tron-nang-he-duoi-thac-datanla\"><strong><span style=\"font-size: 20px; color: #003300;\">1.\u0110i Tr\u1ed1n N\u1eafng H\u00e8 D\u01b0\u1edbi Th\u00e1c Datanla<\/span><\/strong><\/h2>\n<p>Th\u00e1c Datanla to\u1ea1 l\u1ea1c gi\u1eefa \u0111\u00e8o Pren tr\u00ean \u0111\u01b0\u1eddng qu\u1ed1c l\u1ed9 21 c\u00e1ch trung t\u00e2m th\u00e0nh ph\u1ed1 5km di chuy\u1ec3n, \u0111\u00e2y l\u00e0 m\u1ed9t trong nh\u1eefng cung \u0111\u01b0\u1eddng \u0111\u00e8o th\u01a1 m\u1ed9ng v\u1edbi nh\u1eefng c\u00e1nh r\u1eebng th\u00f4ng xanh ng\u00e1t v\u00e0 l\u00e0 n\u01a1i g\u1eafn li\u1ec1n v\u1edbi nh\u1eefng c\u00e2u chuy\u1ec7n t\u00e2m linh kh\u00f4ng th\u1ec3 \u0111\u00f9a \u0111\u01b0\u1ee3c.<\/p>\n<p><img decoding=\"async\" class=\"aligncenter wp-image-20706 size-full\" src=\"https:\/\/dalatreview.vn\/wp-content\/uploads\/2022\/08\/thac-datanla.jpg\" alt=\"V\u00e9 Tham Quan Xe Tr\u01b0\u1ee3t Th\u00e1c Datanla 2022\" width=\"1793\" height=\"1055\" \/><\/p>\n<p>\u0110\u00e2y l\u00e0 m\u1ed9t \u0111\u1ecba \u0111i\u1ec3m d\u1eebng ch\u00e2n l\u00fd t\u01b0\u1edfng b\u1edfi s\u1ef1 h\u00f9ng v\u0129 thi\u00ean nhi\u00ean n\u00fai r\u1eebng n\u01a1i \u0111\u00e2y, khi t\u1edbi \u0111\u00e2y b\u1ea1n s\u1ebd \u0111\u01b0\u1ee3c t\u1eadn m\u1eaft chi\u00eam ng\u01b0\u1ee1ng v\u1ebb \u0111\u1eb9p hoang s\u01a1 th\u01a1 m\u1ed9ng c\u1ee7a \u0111\u1ea1i ng\u00e0n T\u00e2y Nguy\u00ean v\u1edbi nh\u1eefng d\u00f2ng su\u1ed1i trong veo c\u00f9ng v\u1edbi \u00e1nh n\u1eafng chi\u1ebfu qua nh\u1eefng t\u00e1n r\u1eebng th\u00f4ng b\u1ea1t ng\u00e0n c\u1ea3m nh\u1eadn ti\u1ebfng chim h\u00f3t, ti\u1ebfng th\u00e1c \u0111\u1ed5 r\u00f3c r\u00e1ch t\u1ea1o n\u00ean m\u1ed9t khung c\u1ea3nh b\u00ecnh y\u00ean.<\/p>\n<p><img decoding=\"async\" class=\"aligncenter wp-image-20708 size-full\" src=\"https:\/\/dalatreview.vn\/wp-content\/uploads\/2022\/08\/thac-datanla-1.jpg\" alt=\"V\u00e9 Tham Quan Xe Tr\u01b0\u1ee3t Th\u00e1c Datanla 2022\" width=\"1200\" height=\"900\" \/><\/p>\n<p>N\u01a1i \u0111\u00e2y c\u00f2n \u0111\u01b0\u1ee3c m\u1ec7nh danh l\u00e0 thi\u00ean \u0111\u01b0\u1eddng c\u1ea3m gi\u00e1c m\u1ea1nh v\u1edbi nh\u1eefng tr\u00f2 ch\u01a1i m\u1ea1o hi\u1ec3m nh\u01b0ng lu\u00f4n \u0111\u01b0\u1ee3c b\u1ea3o \u0111\u1ea3m s\u1ef1 an to\u00e0n tuy\u1ec7t \u0111\u1ed1i cho b\u1ea1n. Mu\u1ed1n c\u00f3 m\u1ed9t chuy\u1ebfn du l\u1ecbch tr\u1ecdn v\u1eb9n ch\u00e1y h\u1ebft m\u00ecnh v\u00e0 l\u01b0u gi\u1eef l\u1ea1i nhi\u1ec1u kho\u1ea3ng kh\u1eafc \u00fd ngh\u0129a b\u00ean nh\u1eefng ng\u01b0\u1eddi th\u00e2n, b\u1ea1n b\u00e8 c\u1ee7a m\u00ecnh \u0111\u1ebfn v\u1edbi Datanla l\u00e0 m\u1ed9t s\u1ef1 l\u1ef1a ch\u1ecdn h\u1ee3p l\u00fd \u0111\u00f3 nha b\u1ea1n \u01a1i!<\/p>\n<p><img decoding=\"async\" class=\"aligncenter wp-image-20722 size-full\" src=\"https:\/\/dalatreview.vn\/wp-content\/uploads\/2022\/08\/datanla-da-lat.jpg\" alt=\"V\u00e9 Tham Quan Xe Tr\u01b0\u1ee3t Th\u00e1c Datanla 2022\" width=\"1200\" height=\"900\" \/><\/p>\n<h2 id=\"2-trai-nghiem-xe-truot-thac-datanla\"><span style=\"color: #003300;\"><strong><span style=\"font-size: 20px;\">2.Tr\u1ea3i Nghi\u1ec7m Xe Tr\u01b0\u1ee3t Th\u00e1c Datanla<\/span><\/strong><\/span><\/h2>\n<p>\u0110\u01b0\u1ee3c m\u1ec7nh danh l\u00e0 m\u1ed9t trong nh\u1eefng m\u00e1ng tr\u01b0\u1ee3t d\u00e0i nh\u1ea5t \u0110\u00f4ng Nam \u00c1 v\u1edbi \u0111\u1ed9 d\u00e0i l\u00ean \u0111\u1ebfn 200 m\u00e9t c\u00f9ng h\u1ec7 th\u1ed1ng phanh c\u1ea3m \u1ee9ng v\u1edbi nh\u1eefng \u0111\u01b0\u1eddng tr\u01b0\u1ee3t u\u1ed1n l\u01b0\u1ee3n v\u1edbi nhi\u1ec1u kh\u00fac cua kh\u00fac kh\u1ee7y h\u1ee9a h\u1eb9n s\u1ebd mang \u0111\u1ebfn cho b\u1ea1n nh\u1eefng c\u1ea3m gi\u00e1c kh\u00f3 qu\u00ean.<\/p>\n<p><img decoding=\"async\" class=\"alignnone wp-image-20719 size-full\" src=\"https:\/\/dalatreview.vn\/wp-content\/uploads\/2022\/08\/datanla-dalat.jpg\" alt=\"V\u00e9 Tham Quan Xe Tr\u01b0\u1ee3t Th\u00e1c Datanla 2022\" width=\"2048\" height=\"1170\" \/><\/p>\n<p>Tr\u1ea3i nghi\u1ec7m xe tr\u01b0\u1ee3t th\u00e1c Datanla b\u1ea1n s\u1ebd \u0111\u01b0\u1ee3c v\u01b0\u1ee3t qua nh\u1eefng \u0111\u01b0\u1eddng tr\u01b0\u1ee3t gi\u1eefa nh\u1eefng khu r\u1eebng th\u00f4ng v\u1edbi nhi\u1ec1u kh\u00fac cua c\u1ef1c g\u1eaft, ch\u01b0a h\u1ebft \u0111\u00e2u nha b\u1ea1n c\u00f2n \u0111\u01b0\u1ee3c tr\u1ea3i nghi\u1ec7m th\u1ea3 ga v\u1edbi nh\u1eefng v\u1eadn t\u1ed1c &#8220;h\u00fa h\u1ed3n&#8221; m\u00e0 kh\u00f4ng b\u1ecb b\u1eafn t\u1ed1c \u0111\u1ed9 \u0111\u00e2u nha.<\/p>\n<p><img decoding=\"async\" class=\"alignnone wp-image-20717 size-full\" src=\"https:\/\/dalatreview.vn\/wp-content\/uploads\/2022\/08\/trai-nghiem-xe-truot-thac-datanla.jpg\" alt=\"V\u00e9 Tham Quan Xe Tr\u01b0\u1ee3t Th\u00e1c Datanla 2022\" width=\"1440\" height=\"960\" \/><\/p>\n<p>Thay v\u00ec ph\u1ea3i \u0111i b\u1ed9 h\u01a1n 200 b\u1eadc thang \u0111\u1ec3 c\u00f3 th\u1ec3 \u0111\u01b0\u1ee3c t\u1edbi v\u00e0 ng\u1eafm tr\u1ecdn v\u1eb9n v\u1ebb \u0111\u1eb9p c\u1ee7a Th\u00e1c Datanla, gi\u1edd \u0111\u00e2y b\u1ea1n c\u00f3 th\u1ec3 r\u00fat ng\u1eafn th\u1eddi gian \u0111\u1ebfn v\u1edbi 1 trong 5 th\u00e1c \u0111\u1eb9p nh\u1ea5t c\u1ee7a \u0110\u00e0 L\u1ea1t b\u1eb1ng c\u00e1ch tr\u1ea3i nghi\u1ec7m h\u1ec7 th\u1ed1ng m\u00e1ng tr\u01b0\u1ee3t Alpine Coaster.<\/p>\n<p><img decoding=\"async\" class=\"size-full wp-image-20718 aligncenter\" src=\"https:\/\/dalatreview.vn\/wp-content\/uploads\/2022\/08\/datanla.png\" alt=\"datanla\" width=\"1200\" height=\"900\" \/><\/p>\n<p>Xe tr\u01b0\u1ee3t th\u00e1c 1 s\u1ebd d\u00e0nh cho nh\u1eefng b\u1ea1n \u01b0a th\u00edch m\u1ea1o hi\u1ec3m v\u00e0 mang \u0111\u1ebfn cho b\u1ea1n m\u1ed9t ngu\u1ed3n n\u0103ng m\u1edbi t\u00edch c\u1ef1c. C\u00f2n \u0111\u1ed1i v\u1edbi xe tr\u01b0\u1ee3t th\u00e1c 3 v\u1edbi \u0111\u1ed9 d\u00e0i 2400 m\u00e9t s\u1ebd mang l\u1ea1i cho b\u1ea1n nh\u1eefng cung b\u1eadc c\u1ea3m x\u00fac \u0111\u1eb7c bi\u1ec7t kh\u00f3 qu\u00ean.<\/p>\n<p><img decoding=\"async\" class=\"wp-image-20716 size-full aligncenter\" src=\"https:\/\/dalatreview.vn\/wp-content\/uploads\/2022\/08\/thac-dalat.jpg\" alt=\"V\u00e9 Tham Quan Xe Tr\u01b0\u1ee3t Th\u00e1c Datanla 2022\" width=\"1200\" height=\"900\" \/><\/p>\n<p>B\u1eadt m\u00ed m\u1ed9t ch\u00fat l\u00e0 khi tham gia tr\u1ea3i nghi\u1ec7m xe tr\u01b0\u1ee3t th\u00e1c, b\u1ea1n n\u00ean chu\u1ea9n b\u1ecb cho m\u00ecnh m\u1ed9t tinh th\u1ea7n th\u00e9p v\u00e0 m\u1ed9t c\u1ed5 h\u1ecdng th\u1eadt kh\u1ecfe \u0111\u1ec3 c\u00f3 th\u1ec3 t\u1ef1 tin b\u01b0\u1edbc v\u00e0o cu\u1ed9c chi\u1ebfn c\u1ee7a nh\u1eefng ti\u1ebfng h\u00e9t n\u01a1i r\u1eebng th\u00f4ng hoang d\u00e3 n\u00e0y nh\u00e9.<\/p>\n<p><img decoding=\"async\" class=\"aligncenter wp-image-20720 size-full\" src=\"https:\/\/dalatreview.vn\/wp-content\/uploads\/2022\/08\/datanla-1.jpg\" alt=\"V\u00e9 Tham Quan Xe Tr\u01b0\u1ee3t Th\u00e1c Datanla 2022\" width=\"2048\" height=\"1365\" \/><\/p>\n<h2 id=\"3-gia-ve-tham-quan-xe-truot-thac-datanla-2022\"><strong><span style=\"font-size: 20px; color: #003300;\">3.Gi\u00e1 V\u00e9 Tham Quan Xe Tr\u01b0\u1ee3t Th\u00e1c Datanla 2022<\/span><\/strong><\/h2>\n<p>V\u00e9 xe tr\u01b0\u1ee3t th\u00e1c 1 s\u1ebd c\u00f3 gi\u00e1 kh\u1ee9 h\u1ed3i: 100.000\u0111\/ng\u01b0\u1eddi. Tr\u1ea3i nghi\u1ec7m xe tr\u01b0\u1ee3t th\u00e1c 1 b\u1ea1n s\u1ebd \u0111\u01b0\u1ee3c vi vu ng\u1eafm nh\u00ecn v\u00e0 h\u00f2a m\u00ecnh v\u00e0o b\u1ea7u kh\u00f4ng kh\u00ed trong l\u00e0nh m\u00e1t m\u1ebb m\u00e0 thi\u00ean n\u01a1i \u0111\u00e2y mang l\u1ea1i.<\/p>\n<p>\u0110\u1ed1i v\u1edbi xe tr\u01b0\u1ee3t th\u00e1c 3 s\u1ebd c\u00f3 gi\u00e1 kh\u1ee9 h\u1ed3i: 170.000\u0111\/ng\u01b0\u1eddi v\u00e0 kh\u00f4ng c\u1ea7n mua v\u00e9 tham quan.<\/p>\n<h2 id=\"4-lien-he\"><strong><span style=\"font-size: 20px; color: #003300;\">4.Li\u00ean H\u1ec7<\/span><\/strong><\/h2>\n<p>Hotline: 0968249297<\/p>\n<p>Fanpage \u0110\u1eb7t V\u00e9 : <a href=\"https:\/\/www.facebook.com\/vethamquandalat\" target=\"_blank\" rel=\"noopener\">Dalattourist<\/a><\/p>\n<p>Xem th\u00eam b\u00e0i vi\u1ebft kh\u00e1c t\u1ea1i: <a href=\"https:\/\/dalatreview.vn\/en\/ve-tham-quan\/\">\u0110\u00e0 L\u1ea1t Review<\/a><\/p>\n<p>&nbsp;<\/p>","protected":false},"excerpt":{"rendered":"<p>Danh m\u1ee5c ch\u00ednh V\u00e9 Tham Quan Xe Tr\u01b0\u1ee3t Th\u00e1c Datanla 2022 1.\u0110i Tr\u1ed1n N\u1eafng H\u00e8 D\u01b0\u1edbi Th\u00e1c Datanla 2.Tr\u1ea3i Nghi\u1ec7m Xe Tr\u01b0\u1ee3t Th\u00e1c Datanla 3.Gi\u00e1 V\u00e9 Tham Quan Xe Tr\u01b0\u1ee3t Th\u00e1c Datanla 2022 4.Li\u00ean H\u1ec7 V\u00e9 Tham Quan Xe Tr\u01b0\u1ee3t Th\u00e1c Datanla 2022 N\u1ebfu b\u1ea1n \u0111ang \u00e1p l\u1ef1c v\u00ec m\u1ed7i ng\u00e0y ph\u1ea3i ch\u1ea1y dealine qu\u00e1 [&hellip;]<\/p>","protected":false},"featured_media":20723,"comment_status":"open","ping_status":"closed","template":"","meta":{"_acf_changed":false,"rank_math_lock_modified_date":false},"product_cat":[1187],"product_tag":[],"acf":[],"_links":{"self":[{"href":"https:\/\/dalatreview.vn\/en\/wp-json\/wp\/v2\/product\/20704"}],"collection":[{"href":"https:\/\/dalatreview.vn\/en\/wp-json\/wp\/v2\/product"}],"about":[{"href":"https:\/\/dalatreview.vn\/en\/wp-json\/wp\/v2\/types\/product"}],"replies":[{"embeddable":true,"href":"https:\/\/dalatreview.vn\/en\/wp-json\/wp\/v2\/comments?post=20704"}],"wp:featuredmedia":[{"embeddable":true,"href":"https:\/\/dalatreview.vn\/en\/wp-json\/wp\/v2\/media\/20723"}],"wp:attachment":[{"href":"https:\/\/dalatreview.vn\/en\/wp-json\/wp\/v2\/media?parent=20704"}],"wp:term":[{"taxonomy":"product_cat","embeddable":true,"href":"https:\/\/dalatreview.vn\/en\/wp-json\/wp\/v2\/product_cat?post=20704"},{"taxonomy":"product_tag","embeddable":true,"href":"https:\/\/dalatreview.vn\/en\/wp-json\/wp\/v2\/product_tag?post=20704"}],"curies":[{"name":"wp","href":"https:\/\/api.w.org\/{rel}","templated":true}]}}