
{"id":20672,"date":"2022-08-02T17:10:11","date_gmt":"2022-08-02T10:10:11","guid":{"rendered":"https:\/\/dalatreview.vn\/?p=20672"},"modified":"2024-07-03T04:32:42","modified_gmt":"2024-07-03T04:32:42","slug":"ve-tham-quan-thung-lung-tinh-yeu-da-lat-2022","status":"publish","type":"product","link":"https:\/\/dalatreview.vn\/en\/ve-tham-quan-thung-lung-tinh-yeu-da-lat-2022.html","title":{"rendered":"V\u00e9 Tham Quan Thung L\u0169ng T\u00ecnh Y\u00eau 2022"},"content":{"rendered":"<nav class=\"vietrick-auto-toc\">\n<div class=\"box-title\">\n<h3 class=\"toc-title\" id=\"select-menu\">Danh m\u1ee5c ch\u00ednh<\/h3>\n<div><ion-icon name=\"chevron-up-outline\"><\/ion-icon><\/div>\n<\/div>\n<ul class=\"toc-list\">\n<li><a href='https:\/\/dalatreview.vn\/en#ve-tham-quan-thung-lung-tinh-yeu-2022' class='heading-h2 toc-link smooth-scroll'>V\u00e9 Tham Quan Thung L\u0169ng T\u00ecnh Y\u00eau 2022<\/a>\n<li><a href='https:\/\/dalatreview.vn\/en#1-thung-lung-tinh-yeu-buc-tranh-thien-nhien-tho-mong' class='heading-h2 toc-link smooth-scroll'>1.Thung L\u0169ng T\u00ecnh Y\u00eau &#8211; B\u1ee9c Tranh Thi\u00ean Nhi\u00ean Th\u01a1 M\u1ed9ng<\/a>\n<li><a href='https:\/\/dalatreview.vn\/en#2-tham-quan-thung-lung-tinh-yeu' class='heading-h2 toc-link smooth-scroll'>2.Tham Quan Thung L\u0169ng T\u00ecnh Y\u00eau<\/a>\n<li><a href='https:\/\/dalatreview.vn\/en#3-huong-dan-duong-den-thung-lung-tinh-yeu' class='heading-h2 toc-link smooth-scroll'>3.H\u01b0\u1edbng D\u1eabn \u0110\u01b0\u1eddng \u0110\u1ebfn thung L\u0169ng T\u00ecnh Y\u00eau<\/a>\n<li><a href='https:\/\/dalatreview.vn\/en#4-gia-ve-tham-quan-thung-lung-tinh-yeu-2022' class='heading-h2 toc-link smooth-scroll'>4. Gi\u00e1 v\u00e9 tham quan Thung l\u0169ng t\u00ecnh y\u00eau 2022<\/a>\n<li><a href='https:\/\/dalatreview.vn\/en#5-lien-he' class='heading-h2 toc-link smooth-scroll'>5. Li\u00ean h\u1ec7<\/a><\/ul>\n<\/ul>\n<\/li>\n<\/ul>\n<\/nav>\n<h2 style=\"text-align: center;\" id=\"ve-tham-quan-thung-lung-tinh-yeu-2022\"><strong><span style=\"color: #003300; font-size: 20px;\">V\u00e9 Tham Quan Thung L\u0169ng T\u00ecnh Y\u00eau 2022<\/span><\/strong><\/h2>\n<p>Th\u00e0nh ph\u1ed1 m\u1ed9ng m\u01a1 \u0110\u00e0 L\u1ea1t lu\u00f4n n\u1ed5i ti\u1ebfng v\u1edbi nhi\u1ec1u phong c\u1ea3nh thi\u00ean nhi\u00ean l\u00e0m say \u0111\u1eafm l\u00f2ng ng\u01b0\u1eddi. M\u1ed9t trong nh\u1eefng \u0111\u1ecba danh n\u1ed5i ti\u1ebfng b\u1eadc nh\u1ea5t kh\u00f4ng th\u1ec3 kh\u00f4ng th\u1ec3 k\u1ec3 \u0111\u1ebfn \u0111\u00f3 ch\u00ednh l\u00e0 Thung L\u0169ng T\u00ecnh Y\u00eau, n\u01a1i \u0111\u00e2y m\u1ed7i ng\u00e0y lu\u00f4n thu h\u00fat m\u1ed9t l\u01b0\u1ee3ng l\u1edbn du kh\u00e1ch gh\u00e9 \u0111\u1ebfn tham quan v\u00e0 check in. H\u00e3y c\u00f9ng \u0110\u00e0 L\u1ea1t Review t\u00ecm hi\u1ec3u th\u00eam v\u1ec1 Thung L\u0169ng T\u00ecnh Y\u00eau b\u1ee9c tranh thi\u00ean nhi\u00ean tuy\u1ec7t \u0111\u1ec9nh c\u1ee7a x\u1ee9 s\u1edf s\u01b0\u01a1ng m\u00f9 \u0110\u00e0 L\u1ea1t ngay d\u01b0\u1edbi b\u00e0i vi\u1ebft n\u00e0y nh\u00e9.<\/p>\n<p><img decoding=\"async\" class=\"aligncenter wp-image-20673 size-full\" src=\"https:\/\/dalatreview.vn\/wp-content\/uploads\/2022\/08\/thung-lung-tinh-yeu.jpg\" alt=\"V\u00e9 Tham Quan Thung L\u0169ng T\u00ecnh Y\u00eau 2022\" width=\"1200\" height=\"900\" \/><\/p>\n<h2 id=\"1-thung-lung-tinh-yeu-buc-tranh-thien-nhien-tho-mong\"><strong><span style=\"font-size: 20px; color: #003300;\">1.Thung L\u0169ng T\u00ecnh Y\u00eau &#8211; B\u1ee9c Tranh Thi\u00ean Nhi\u00ean Th\u01a1 M\u1ed9ng<\/span><\/strong><\/h2>\n<p>\u0110\u00e2y m\u1ed9t trong nh\u1eefng danh lam th\u1eafng c\u1ea3nh n\u1ed5i ti\u1ebfng c\u1ee7a \u0110\u00e0 L\u1ea1t, b\u00ean c\u1ea1nh nh\u1eefng g\u00f3c check in s\u1ed1ng \u1ea3o \u1ea5n t\u01b0\u1ee3ng, n\u01a1i \u0111\u00e2y c\u00f2n ghi \u0111i\u1ec3m trong m\u1eaft du kh\u00e1ch b\u1edfi kh\u00f4ng gian r\u1ed9ng r\u00e3i, tho\u00e1ng m\u00e1t g\u1ea7n g\u0169i v\u1edbi thi\u00ean nhi\u00ean. D\u00f9 tr\u1ea3i qua bao l\u1ea7n thay \u0111\u1ed5i, s\u00e1ng t\u1ea1o th\u00eam nhi\u1ec1u g\u00f3c check in m\u1edbi th\u1ebf nh\u01b0ng n\u01a1i \u0111\u00e2y v\u1eabn kh\u00f4ng l\u00e0m m\u1ea5t \u0111i c\u00e1i ch\u1ea5t ban \u0111\u1ea7u v\u00e0 v\u1eabn gi\u1eef l\u1ea1i \u0111\u01b0\u1ee3c nh\u1eefng n\u00e9t th\u01a1 m\u1ed9ng l\u00e3ng b\u00ecnh y\u00ean v\u00e0 l\u00e3ng m\u1ea1n v\u1ed1n c\u00f3 c\u1ee7a n\u00f3.<\/p>\n<p><img decoding=\"async\" class=\"aligncenter wp-image-20678 size-full\" src=\"https:\/\/dalatreview.vn\/wp-content\/uploads\/2022\/08\/thung-lung-tinh-yeu-da-lat.jpg\" alt=\"V\u00e9 Tham Quan Thung L\u0169ng T\u00ecnh Y\u00eau 2022\" width=\"1200\" height=\"900\" \/><\/p>\n<p>Tr\u01b0\u1edbc kia n\u01a1i \u0111\u00e2y ch\u1ec9 l\u00e0 m\u1ed9t v\u00f9ng \u0111\u1ea5t hoang s\u01a1 c\u00f9ng v\u1edbi nh\u1eefng t\u00e1n r\u1eebng th\u00f4ng xanh bi\u1ebfc bao ph\u1ee7 c\u1ea3 m\u1ed9t b\u1ea7u tr\u1eddi t\u1ea1o n\u00ean m\u1ed9t v\u1ebb \u0111\u1eb9p tr\u1eef t\u00ecnh th\u01a1 m\u1ed9ng, v\u00ec v\u1eady n\u01a1i \u0111\u00e2y \u0111\u00e3 tr\u1edf th\u00e0nh \u0111\u1ecba \u0111i\u1ec3m h\u1eb9n h\u00f2 l\u00fd t\u01b0\u1edfng cho nh\u1eefng c\u1eb7p \u0111\u00f4i. \u0110\u1ebfn th\u1eddi Vua B\u1ea3o \u0110\u1ea1i l\u00ean ng\u00f4i n\u01a1i \u0111\u00e2y \u0111\u01b0\u1ee3c \u0111\u1ed5i t\u00ean th\u00e0nh Thung L\u0169ng H\u00f2a B\u00ecnh, v\u00e0 v\u00e0o n\u0103m 1953 ch\u1ee7 t\u1ecbch h\u1ed9i \u0111\u1ed3ng Th\u1ecb X\u00e3 \u0110\u00e0 L\u1ea1t \u0111\u00e3 \u0111\u1ec1 ngh\u1ecb \u0111\u1ed5i t\u00ean th\u00e0nh Thung L\u0169ng T\u00ecnh Y\u00eau v\u00e0 \u0111\u01b0\u1ee3c s\u1eed d\u1ee5ng cho \u0111\u1ebfn th\u1eddi \u0111i\u1ec3m hi\u1ec7n t\u1ea1i.<\/p>\n<p><img decoding=\"async\" class=\"alignnone wp-image-20680 size-full\" src=\"https:\/\/dalatreview.vn\/wp-content\/uploads\/2022\/08\/thung-lung-tinh-yeu-dalat.jpg\" alt=\"V\u00e9 Tham Quan Thung L\u0169ng T\u00ecnh Y\u00eau 2022\" width=\"2048\" height=\"2048\" \/><\/p>\n<h2 id=\"2-tham-quan-thung-lung-tinh-yeu\"><strong><span style=\"font-size: 20px; color: #003300;\">2.Tham Quan Thung L\u0169ng T\u00ecnh Y\u00eau<\/span><\/strong><\/h2>\n<p>\u0110\u1ecba \u0111i\u1ec3m n\u00e0y n\u1eb1m s\u00e2u b\u00ean trong nh\u1eefng s\u01b0\u1eddn \u0111\u1ed3i v\u1edbi xung quanh l\u00e0 nh\u1eefng r\u1eebng th\u00f4ng xanh m\u01b0\u1edbt th\u01a1 m\u1ed9ng, kh\u00f4ng nh\u1eefng v\u1eady, kh\u00f4ng gian n\u01a1i \u0111\u00e2y lu\u00f4n ng\u1eadp tr\u00e0n trong s\u1eafc xanh c\u1ee7a n\u00fai r\u1eebng c\u1ecf c\u00e2y hoa l\u00e1 v\u1ebd n\u00ean m\u1ed9t b\u1ee9c tranh thi\u00ean h\u00f9ng v\u0129.<\/p>\n<p><img decoding=\"async\" class=\"aligncenter wp-image-20682 size-full\" src=\"https:\/\/dalatreview.vn\/wp-content\/uploads\/2022\/08\/thung-lung.jpg\" alt=\"V\u00e9 Tham Quan Thung L\u0169ng T\u00ecnh Y\u00eau 2022\" width=\"1200\" height=\"900\" \/><\/p>\n<p>N\u01a1i \u0111\u00e2y \u0111\u01b0\u1ee3c m\u1ec7nh danh l\u00e0 x\u1ee9 s\u1edf c\u1ee7a t\u00ecnh y\u00eau, m\u1ed9t \u0111\u1ecba \u0111i\u1ec3m check in l\u00fd t\u01b0\u1edfng d\u00e0nh cho nh\u1eefng c\u1eb7p \u0111\u00f4i b\u1edfi khung c\u1ea3nh n\u00ean th\u01a1 \u0111\u1eadm ch\u1ea5t l\u00e3ng m\u1ea1n m\u00e0 n\u01a1i \u0111\u00e2y mang l\u1ea1i, b\u1ea1n c\u00f3 th\u1ec3 c\u00f9ng ng\u01b0\u1eddi th\u01b0\u01a1ng di\u1ec7n nh\u1eefng trang ph\u1ee5c \u0111\u1ed3 \u0111\u00f4i \u0111\u1ec3 ch\u1ee5p h\u00ecnh v\u00e0 m\u00ecnh tin ch\u1eafc b\u1ea1n s\u1ebd c\u00f3 nh\u1eefng b\u1ee9c \u1ea3nh x\u1ecbn ngh\u00ecn like lu\u00f4n nha.<\/p>\n<p><img decoding=\"async\" class=\"aligncenter wp-image-20683 size-full\" src=\"https:\/\/dalatreview.vn\/wp-content\/uploads\/2022\/08\/thung-lung-dalat.jpg\" alt=\"V\u00e9 Tham Quan Thung L\u0169ng T\u00ecnh Y\u00eau 2022\" width=\"1200\" height=\"900\" \/><\/p>\n<p>\u0110\u01b0\u1ee3c thi\u00ean nhi\u00ean \u01b0a \u0111\u00e3i, n\u1edbi \u0111\u00e2y th\u1eeba h\u01b0\u1edfng \u0111\u1ea7y \u0111\u1ee7 cho m\u00ecnh m\u1ecdi y\u1ebfu t\u1ed1 v\u1ec1 \u0111\u1ecba h\u00ecnh l\u1eabn kh\u00f4ng gian v\u00f4 c\u00f9ng l\u00fd t\u01b0\u1edfng t\u1eeb s\u00f4ng su\u1ed1i, n\u00fai r\u1eebng, c\u00e2y c\u1ea3nh v\u00e0 nh\u1eefng lo\u1ea1i hoa t\u01b0\u01a1i. M\u1ed9t b\u1ee9c tranh non n\u01b0\u1edbc h\u1eefu t\u00ecnh v\u00e0 v\u1edbi khung c\u1ea3nh b\u00ecnh y\u00ean m\u01a1 m\u1ed9ng nh\u01b0 v\u1eady th\u00ec \u0111\u00e2y ch\u00ednh l\u00e0 \u0111\u1ecba \u0111i\u1ec3m ngh\u1ec9 d\u01b0\u1ee1ng l\u00fd t\u01b0\u1edfng d\u00e0nh cho gia \u0111\u00ecnh v\u00e0 ng\u01b0\u1eddi th\u00e2n.<\/p>\n<p><img decoding=\"async\" class=\"aligncenter wp-image-20684 size-full\" src=\"https:\/\/dalatreview.vn\/wp-content\/uploads\/2022\/08\/thung-lung-tinh-yeu-2022.jpg\" alt=\"V\u00e9 Tham Quan Thung L\u0169ng T\u00ecnh Y\u00eau 2022\" width=\"1200\" height=\"900\" \/><\/p>\n<p>Ngo\u00e0i ra, khi t\u1edbi \u0111\u00e2y ngo\u00e0i chi\u00eam ng\u01b0\u1ee1ng khung c\u1ea3nh th\u01a1 m\u1ed9ng h\u1eefu t\u00ecnh ra, b\u1ea1n c\u00f2n c\u00f3 th\u1ec3 tham gia tr\u1ea3i nghi\u1ec7m nh\u1eefng tr\u00f2 ch\u01a1i m\u1ea1o hi\u1ec3m gi\u00fap b\u1ea1n gi\u1ea3i t\u1ecfa strees sau nh\u1eefng ng\u00e0y tr\u00e0n ng\u1eadp trong \u0111\u1ed1ng deadline.<\/p>\n<p><img decoding=\"async\" class=\"aligncenter wp-image-20685 size-full\" src=\"https:\/\/dalatreview.vn\/wp-content\/uploads\/2022\/08\/thung-lung-1.jpg\" alt=\"V\u00e9 Tham Quan Thung L\u0169ng T\u00ecnh Y\u00eau 2022\" width=\"1200\" height=\"900\" \/><\/p>\n<p>Ch\u01b0a h\u1ebft \u0111\u00e2u nha, t\u1edbi \u0111\u00e2y b\u1ea1n s\u1ebd \u0111\u01b0\u1ee3c h\u00f2a m\u00ecnh l\u1eafng nghe th\u01b0\u1edfng th\u1ee9c v\u0103n h\u00f3a c\u1ed3ng chi\u00eang do ch\u00ednh nh\u1eefng ng\u01b0\u1eddi d\u00e2n t\u1ed9c n\u01a1i \u0111\u00e2y th\u1ec3 hi\u1ec7n n\u1eefa \u0111\u00f3 nha.<\/p>\n<p><img decoding=\"async\" class=\"alignnone wp-image-20686 size-full\" src=\"https:\/\/dalatreview.vn\/wp-content\/uploads\/2022\/08\/van-hoa-cong-chieng.jpg\" alt=\"V\u00e9 Tham Quan Thung L\u0169ng T\u00ecnh Y\u00eau 2022\" width=\"2048\" height=\"1302\" \/><\/p>\n<h2 id=\"3-huong-dan-duong-den-thung-lung-tinh-yeu\"><strong><span style=\"font-size: 20px; color: #003300;\">3.H\u01b0\u1edbng D\u1eabn \u0110\u01b0\u1eddng \u0110\u1ebfn thung L\u0169ng T\u00ecnh Y\u00eau<\/span><\/strong><\/h2>\n<p>Khu du l\u1ecbch Thung L\u0169ng T\u00ecnh Y\u00eau c\u00e1ch trung t\u00e2m th\u00e0nh ph\u1ed1 5km di chuy\u1ec3n theo h\u01b0\u1edbng \u0111\u01b0\u1eddng Ph\u00f9 \u0110\u1ed5ng Thi\u00ean V\u01b0\u01a1ng v\u00e0 to\u1ea1c l\u1ea1c tr\u00ean \u0111\u01b0\u1eddng Mai Anh \u0110\u00e0o. \u0110\u1eb7c bi\u1ec7t \u0111\u01b0\u1eddng \u0111\u1ebfn \u0111\u00e2y kh\u00f4ng h\u1ec1 kh\u00f3 kh\u00f3 \u0111i \u0111\u00e2u nh\u00e9, t\u1ea5t c\u1ea3 \u0111\u1ec1u l\u00e0 \u0111\u01b0\u1eddng nh\u1ef1a v\u00e0 \u0111\u01b0\u1eddng kh\u00e1 r\u1ed9ng n\u00ean c\u0169ng kh\u00f4ng lo k\u1eb9t xe \u0111\u00e2u nha.<\/p>\n<p><img decoding=\"async\" class=\"wp-image-20687 size-full aligncenter\" src=\"https:\/\/dalatreview.vn\/wp-content\/uploads\/2022\/08\/thung-lung-tinh-yeu-2.jpg\" alt=\"V\u00e9 Tham Quan Thung L\u0169ng T\u00ecnh Y\u00eau 2022\" width=\"1200\" height=\"900\" \/><\/p>\n<h2 id=\"4-gia-ve-tham-quan-thung-lung-tinh-yeu-2022\"><span style=\"color: #003300;\"><strong><span style=\"font-size: 20px;\">4. Gi\u00e1 v\u00e9 tham quan Thung l\u0169ng t\u00ecnh y\u00eau 2022<\/span><\/strong><\/span><\/h2>\n<p>Gi\u00e1 v\u00e9 v\u00e0o c\u1ed5ng \u1edf \u0111\u00e2y s\u1ebd c\u00f3 gi\u00e1 250.000\u0111\/ng\u01b0\u1eddi, gi\u00e1 v\u00e9 tr\u00ean \u0111\u00e3 bao g\u1ed3m v\u00e9 v\u00e0o c\u1ed5ng v\u00e0 m\u1ed9t s\u1ed1 tr\u00f2 ch\u01a1i, nh\u1eefng \u0111\u1ecba \u0111i\u1ec3m tham quan trong khu du l\u1ecbch. V\u1eeba \u0111\u01b0\u1ee3c \u0111i tham quan tr\u1ea3i nghi\u1ec7m nhi\u1ec1u tr\u00f2 ch\u01a1i nh\u01b0 v\u1eady th\u00ec \u0111\u00e2y kh\u00f4ng ph\u1ea3i l\u00e0 m\u1ed9t m\u1ee9c gi\u00e1 qu\u00e1 \u0111\u1eaft \u0111\u00e2u nha. Nhanh nhanh gh\u00e9 \u0111\u1ebfn tham quan v\u00e0 check in th\u00f4i n\u00e0o b\u1ea1n \u01a1i!<\/p>\n<h2 id=\"5-lien-he\"><span style=\"color: #003300;\"><strong><span style=\"font-size: 20px;\">5. Li\u00ean h\u1ec7<\/span><\/strong><\/span><\/h2>\n<p>Hotline: 0968249297<\/p>\n<p>Fanpage:<a href=\"https:\/\/www.facebook.com\/vethamquandalat\" target=\"_blank\" rel=\"noopener\">Thung L\u0169ng T\u00ecnh Y\u00eau<\/a><\/p>\n<p>Xem th\u00eam b\u00e0i vi\u1ebft kh\u00e1c t\u1ea1i:<a href=\"https:\/\/dalatreview.vn\/en\/ve-tham-quan\/\">\u0110\u00e0 L\u1ea1t Review<\/a><\/p>","protected":false},"excerpt":{"rendered":"<p>Danh m\u1ee5c ch\u00ednh V\u00e9 Tham Quan Thung L\u0169ng T\u00ecnh Y\u00eau 2022 1.Thung L\u0169ng T\u00ecnh Y\u00eau &#8211; B\u1ee9c Tranh Thi\u00ean Nhi\u00ean Th\u01a1 M\u1ed9ng 2.Tham Quan Thung L\u0169ng T\u00ecnh Y\u00eau 3.H\u01b0\u1edbng D\u1eabn \u0110\u01b0\u1eddng \u0110\u1ebfn thung L\u0169ng T\u00ecnh Y\u00eau 4. Gi\u00e1 v\u00e9 tham quan Thung l\u0169ng t\u00ecnh y\u00eau 2022 5. Li\u00ean h\u1ec7 V\u00e9 Tham Quan Thung L\u0169ng T\u00ecnh [&hellip;]<\/p>","protected":false},"featured_media":20698,"comment_status":"open","ping_status":"closed","template":"","meta":{"_acf_changed":false,"rank_math_lock_modified_date":false},"product_cat":[1187],"product_tag":[],"acf":[],"_links":{"self":[{"href":"https:\/\/dalatreview.vn\/en\/wp-json\/wp\/v2\/product\/20672"}],"collection":[{"href":"https:\/\/dalatreview.vn\/en\/wp-json\/wp\/v2\/product"}],"about":[{"href":"https:\/\/dalatreview.vn\/en\/wp-json\/wp\/v2\/types\/product"}],"replies":[{"embeddable":true,"href":"https:\/\/dalatreview.vn\/en\/wp-json\/wp\/v2\/comments?post=20672"}],"wp:featuredmedia":[{"embeddable":true,"href":"https:\/\/dalatreview.vn\/en\/wp-json\/wp\/v2\/media\/20698"}],"wp:attachment":[{"href":"https:\/\/dalatreview.vn\/en\/wp-json\/wp\/v2\/media?parent=20672"}],"wp:term":[{"taxonomy":"product_cat","embeddable":true,"href":"https:\/\/dalatreview.vn\/en\/wp-json\/wp\/v2\/product_cat?post=20672"},{"taxonomy":"product_tag","embeddable":true,"href":"https:\/\/dalatreview.vn\/en\/wp-json\/wp\/v2\/product_tag?post=20672"}],"curies":[{"name":"wp","href":"https:\/\/api.w.org\/{rel}","templated":true}]}}