
{"id":20605,"date":"2022-08-02T12:42:37","date_gmt":"2022-08-02T05:42:37","guid":{"rendered":"https:\/\/dalatreview.vn\/?p=20605"},"modified":"2024-07-03T04:31:19","modified_gmt":"2024-07-03T04:31:19","slug":"me-linh-coffee-garden-gia-ve-tham-quan-2022","status":"publish","type":"product","link":"https:\/\/dalatreview.vn\/en\/me-linh-coffee-garden-gia-ve-tham-quan-2022.html","title":{"rendered":"V\u00e9 Tham Quan M\u00ea Linh Coffee Garden"},"content":{"rendered":"<nav class=\"vietrick-auto-toc\">\n<div class=\"box-title\">\n<h3 class=\"toc-title\" id=\"select-menu\">Danh m\u1ee5c ch\u00ednh<\/h3>\n<div><ion-icon name=\"chevron-up-outline\"><\/ion-icon><\/div>\n<\/div>\n<ul class=\"toc-list\">\n<li><a href='https:\/\/dalatreview.vn\/en#ve-tham-quan-me-linh-coffee-garden' class='heading-h2 toc-link smooth-scroll'>V\u00e9 Tham Quan M\u00ea Linh Coffee Garden\u00a0<\/a>\n<li><a href='https:\/\/dalatreview.vn\/en#1-me-linh-coffee-garden-co-gi-hot' class='heading-h2 toc-link smooth-scroll'> 1.M\u00ea Linh Coffee Garden C\u00f3 G\u00ec Hot?<\/a>\n<li><a href='https:\/\/dalatreview.vn\/en#2-tham-quan-me-linh-coffee-garden-2022' class='heading-h2 toc-link smooth-scroll'>2.Tham quan M\u00ea linh Coffee Garden 2022<\/a>\n<li><a href='https:\/\/dalatreview.vn\/en#3-huong-dan-duong-den-me-linh-coffee-garden' class='heading-h2 toc-link smooth-scroll'>3.H\u01b0\u1edbng d\u1eabn \u0111\u01b0\u1eddng \u0111\u1ebfn m\u00ea Linh Coffee Garden<\/a>\n<li><a href='https:\/\/dalatreview.vn\/en#4-lien-he' class='heading-h2 toc-link smooth-scroll'>4.Li\u00ean h\u1ec7<\/a><\/ul>\n<\/ul>\n<\/li>\n<\/ul>\n<\/nav>\n<h2 style=\"text-align: center;\" id=\"ve-tham-quan-me-linh-coffee-garden\"><strong><span style=\"font-size: 20px; color: #003300;\">V\u00e9 Tham Quan M\u00ea Linh Coffee Garden\u00a0<\/span><\/strong><\/h2>\n<p>\u0110\u00e0 L\u1ea1t lu\u00f4n \u0111\u01b0\u1ee3c m\u1ec7nh danh l\u00e0 th\u1ee7 ph\u1ee7 c\u1ee7a nh\u1eefng qu\u00e1n c\u00e0 ph\u00ea, m\u1ed7i ng\u00e0y n\u01a1i \u0111\u00e2y c\u00f3 h\u00e0ng tr\u0103m h\u00e0ng ngh\u00ecn qu\u00e1n c\u00e1c qu\u00e1n c\u00e0 ph\u00ea m\u1edbi n\u1ed5i l\u00ean v\u1edbi view s\u1ed1ng \u1ea3o lung linh. N\u1ed5i b\u1eadt trong s\u1ed1 \u0111\u00f3 ph\u1ea3i k\u1ec3 \u0111\u1ebfn &#8220;M\u00ea Linh Coffee Garden&#8221;, d\u00f9 \u0111\u00e3 g\u00f3p m\u1eb7t trong b\u1ea3n \u0111\u1ed3 s\u1ed1ng \u1ea3o c\u1ee7a gi\u1edbi tr\u1ebb t\u1eeb l\u00e2u th\u1ebf nh\u01b0ng n\u01a1i \u0111\u00e2y v\u1eabn lu\u00f4n thu h\u00fat \u0111\u01b0\u1ee3c m\u1ed9t l\u01b0\u1ee3ng l\u1edbn \u0111\u00f4ng \u0111\u1ea3o du kh\u00e1ch gh\u00e9 \u0111\u1ebfn check in. V\u1eady n\u01a1i \u0111\u00e2y c\u00f3 g\u00ec m\u00e0 l\u1ea1i thu h\u00fat m\u1ecdi ng\u01b0\u1eddi gh\u00e9 \u0111\u1ebfn nh\u01b0 v\u1eady? H\u00e3y c\u00f9ng \u0110\u00e0 L\u1ea1t Review t\u00ecm hi\u1ec3u qua b\u00e0i vi\u1ebft d\u01b0\u1edbi \u0111\u00e2y nh\u00e9.<\/p>\n<h2 id=\"1-me-linh-coffee-garden-co-gi-hot\"><a href=\"\/\/dalatreview.vn\/en\/me-linh-coffee-garden-gia-ve-tham-quan-2022.html\/\"><img decoding=\"async\" class=\"alignnone wp-image-20606 size-full\" src=\"https:\/\/dalatreview.vn\/wp-content\/uploads\/2022\/08\/Me-Linh-Coffee-Garden.jpg\" alt=\"V\u00e9 Tham Quan M\u00ea Linh Coffee Garden\" width=\"2048\" height=\"1364\" \/><\/a> <strong><span style=\"font-size: 20px; color: #003300;\">1.M\u00ea Linh Coffee Garden C\u00f3 G\u00ec Hot?<\/span><\/strong><\/h2>\n<p>M\u00ea Linh Garden l\u00e0 m\u1ed9t trong nh\u1eefng \u0111\u1ecba ch\u1ec9 thu\u1ed9c &#8220;Top Trending&#8221; c\u1ee7a c\u00e1c t\u00edn \u0111\u1ed3 \u0111am m\u00ea \u0111i du l\u1ecbch \u0110\u00e0 L\u1ea1t. \u0110\u1ebfn \u0110\u00e0 L\u1ea1t l\u00e0 nh\u1ea5t \u0111\u1ecbnh ph\u1ea3i m\u1ed9t l\u1ea7n gh\u00e9 \u0111\u1ebfn m\u00ea Linh Coffee Garden b\u1edfi n\u01a1i \u0111\u00e2y c\u00f3 r\u1ea5t nhi\u1ec1u g\u00f3c check in th\u1ea7n th\u00e1nh c\u00e2n \u0111\u1ee7 m\u1ecdi style \u0111\u1ec3 b\u1ea1n c\u00f3 th\u1ec3 cho nh\u1eefng b\u1ee9c \u1ea3nh s\u1ed1ng \u1ea3o tri\u1ec7u view.<\/p>\n<p><a href=\"\/\/dalatreview.vn\/en\/me-linh-coffee-garden-gia-ve-tham-quan-2022.html\/\"><img decoding=\"async\" class=\"aligncenter wp-image-20610 size-full\" src=\"https:\/\/dalatreview.vn\/wp-content\/uploads\/2022\/08\/me-linh-garden.png\" alt=\"V\u00e9 Tham Quan M\u00ea Linh Coffee Garden\" width=\"1200\" height=\"900\" \/><\/a><\/p>\n<p>N\u1ebfu \u0111\u00e3 tr\u00e0n ng\u1eadp trong \u0111\u1ed1ng dealine m\u1ed7i ng\u00e0y, m\u00ecnh tin ch\u1eafc r\u1eb1ng khi \u0111\u1ebfn v\u1edbi M\u00ea Linh Coffee Garden b\u1ea1n s\u1ebd c\u00f3 nh\u1eefng ph\u00fat gi\u00e2y th\u01b0 gi\u00e3n v\u1edbi khung c\u1ea3nh b\u00ecnh y\u00ean xanh m\u00e1t c\u1ee7a thi\u00ean nhi\u00ean n\u01a1i \u0111\u00e2y mang \u0111\u1ebfn.<\/p>\n<p><a href=\"\/\/dalatreview.vn\/en\/me-linh-coffee-garden-gia-ve-tham-quan-2022.html\/\"><img decoding=\"async\" class=\"aligncenter wp-image-20611 size-full\" src=\"https:\/\/dalatreview.vn\/wp-content\/uploads\/2022\/08\/me-linh-dalat.png\" alt=\"V\u00e9 Tham Quan M\u00ea Linh Coffee Garden\" width=\"1200\" height=\"900\" \/><\/a><\/p>\n<p>M\u1ed7i ng\u00e0y n\u01a1i \u0111\u00e2y \u0111\u1ec1u kh\u00f4ng ng\u1eebng l\u00e0m m\u1edbi v\u00e0 s\u00e1ng t\u1ea1o th\u00eam r\u1ea5t g\u00f3c check in m\u1edbi, b\u1ea5t k\u1ec3 ng\u1ed3i g\u00f3c n\u00e0o c\u0169ng cho ra nh\u1eefng b\u1ee9c \u1ea3nh ngh\u00ecn like x\u1ee9ng danh l\u00e0 thi\u00ean \u0111\u01b0\u1eddng s\u1ed1ng \u1ea3o c\u1ee7a \u0110\u00e0 L\u1ea1t. D\u00f9 thay \u0111\u1ed5i s\u00e1ng t\u1ea1o m\u1ed7i ng\u00e0y nh\u01b0ng n\u01a1i \u0111\u00e2y v\u1eabn gi\u1eef cho m\u00ecnh nh\u1eefng n\u00e9t ri\u00eang th\u01a1 m\u1ed9ng l\u00e3ng m\u1ea1n v\u00e0 b\u00ecnh y\u00ean v\u1ed1n c\u00f3 c\u1ee7a n\u00f3.<\/p>\n<p><a href=\"\/\/dalatreview.vn\/en\/me-linh-coffee-garden-gia-ve-tham-quan-2022.html\/\"><img decoding=\"async\" class=\"aligncenter wp-image-20616 size-full\" src=\"https:\/\/dalatreview.vn\/wp-content\/uploads\/2022\/08\/me-linh.png\" alt=\"V\u00e9 Tham Quan M\u00ea Linh Coffee Garden\" width=\"1200\" height=\"900\" \/><\/a><\/p>\n<p>\u0110\u1eb7c bi\u1ec7t, khi \u0111\u1ebfn v\u1edbi M\u00ea Linh Coffee Garden b\u1ea1n s\u1ebd v\u1eeba \u0111\u01b0\u1ee3c th\u01b0\u1edfng th\u1ee9c c\u00e0 ph\u00ea ch\u1ed3n v\u1eeba ng\u1eafm khung c\u1ea3nh n\u00fai h\u1ed3 trong xanh \u0111an xen v\u1edbi \u0111\u00f3 khung c\u1ea3nh thi\u00ean trong l\u00e0nh m\u00e1t m\u1ebb. Ngo\u00e0i ra b\u1ea1n c\u00f2n \u0111\u01b0\u1ee3c t\u1eadn m\u1eaft nh\u00ecn th\u1ea5y quy tr\u00ecnh s\u1ea3n xu\u1ea5t v\u00e0 ch\u1ebf bi\u1ebfn c\u00e0 ph\u00ea ch\u1ed3n, n\u1ebfu c\u00f3 th\u1eafc m\u1eafc g\u00ec b\u1ea1n c\u0169ng c\u00f3 th\u1ec3 h\u1ecfi nh\u00e2n vi\u00ean t\u1ea1i qu\u1ea7y v\u00e0 m\u1ecdi ng\u01b0\u1eddi s\u1ebd gi\u1ea3i \u0111\u00e1p th\u1eafc m\u1eafc cho b\u1ea1n.<\/p>\n<p><a href=\"\/\/dalatreview.vn\/en\/me-linh-coffee-garden-gia-ve-tham-quan-2022.html\/\"><img decoding=\"async\" class=\"aligncenter wp-image-20618 size-full\" src=\"https:\/\/dalatreview.vn\/wp-content\/uploads\/2022\/08\/me-linh-garden-dalat.png\" alt=\"V\u00e9 Tham Quan M\u00ea Linh Coffee Garden\" width=\"1200\" height=\"900\" \/><\/a><\/p>\n<h2 id=\"2-tham-quan-me-linh-coffee-garden-2022\"><strong><span style=\"font-size: 20px; color: #003300;\">2.Tham quan M\u00ea linh Coffee Garden 2022<\/span><\/strong><\/h2>\n<p>Mu\u1ed1n t\u00ecm m\u1ed9t qu\u00e1n c\u00e0 ph\u00ea chu\u1ea9n v\u1ecb nguy\u00ean ch\u1ea5t, view x\u1ecbn, \u1ea3nh xinh th\u00ec nh\u1ea5t \u0111\u1ecbnh ph\u1ea3i gh\u00e9 \u0111\u1ebfn ngay M\u00ea Linh Coffee Garden. Qu\u00e1n \u0111\u01b0\u1ee3c x\u00e2y d\u1ef1ng v\u1edbi di\u1ec7n t\u00edch kh\u00e1 l\u1edbn, \u0111\u01b0\u1ee3c chia l\u00e0m 4 khu v\u1ef1c ch\u00ednh bao g\u1ed3m: khu u\u1ed1ng c\u00e0 ph\u00ea ng\u1eafm view 360 \u0111\u1ed9, khu v\u1ef1c tr\u01b0ng b\u00e0y qu\u00e0 l\u01b0u ni\u1ec7m, khu nu\u00f4i ch\u1ed3n v\u00e0 khu th\u01b0\u1edfng th\u1ee9c c\u01a1m la th\u1ecbt n\u01b0\u1edbng, nghe l\u00e0 th\u1ea5y h\u1ea5p d\u1eabn r\u1ed3i \u0111\u00fang kh\u00f4ng n\u00e0o?<\/p>\n<p><a href=\"\/\/dalatreview.vn\/en\/me-linh-coffee-garden-gia-ve-tham-quan-2022.html\/\"><img decoding=\"async\" class=\"aligncenter wp-image-20626 size-full\" src=\"https:\/\/dalatreview.vn\/wp-content\/uploads\/2022\/08\/me-linh-1.png\" alt=\"V\u00e9 Tham Quan M\u00ea Linh Coffee Garden\" width=\"1200\" height=\"900\" \/><\/a><\/p>\n<p>B\u1eadt m\u00ed cho m\u1ecdi ng\u01b0\u1eddi m\u1ed9 ch\u00fat l\u00e0 n\u01a1i \u0111\u00e2y c\u00f3 c\u1ef1c k\u1ef3 nhi\u1ec1u view check in s\u1ed1ng \u1ea3o \u0111ang l\u00e0m m\u01b0a l\u00e0m gi\u00f3 t\u1ea1i \u0110\u00e0 L\u1ea1t nh\u1eefng ng\u00e0y qua \u0111\u00f3 nha, kh\u00f4ng gh\u00e9 \u0111\u1ebfn l\u00e0 ti\u1ebfc h\u00f9i h\u1ee5i \u0111\u00f3. \u0110\u1eb7c bi\u1ec7t, b\u1ea1n h\u00e3y note l\u1ea1i 3 \u0111\u1ecba \u0111i\u1ec3m check in c\u1ef1c k\u1ef3 n\u1ed5i ti\u1ebfng \u1edf \u0111\u00e2y \u0111\u1ec3 gh\u00e9 t\u1edbi l\u00e0 h\u00ecnh x\u1ecbn xem v\u1ec1 nha: khu v\u1ef1c c\u1ed5ng tr\u1eddi,thi\u00ean \u0111\u01b0\u1eddng c\u1ea7u v\u1ed3ng, v\u00e0 c\u00e1nh \u0111\u1ed3ng hoa M\u00ea Linh gh\u00e9 \u0111\u1ebfn \u0111\u00e2y b\u1ea3o \u0111\u1ea3m kh\u00f4ng l\u00e0m b\u1ea1n th\u1ea5t v\u1ecdng \u0111\u00e2u nha.<\/p>\n<p><a href=\"\/\/dalatreview.vn\/en\/me-linh-coffee-garden-gia-ve-tham-quan-2022.html\/\"><img decoding=\"async\" class=\"aligncenter wp-image-20627 size-full\" src=\"https:\/\/dalatreview.vn\/wp-content\/uploads\/2022\/08\/me-linh-garden.jpg\" alt=\"V\u00e9 Tham Quan M\u00ea Linh Coffee Garden\" width=\"1200\" height=\"900\" \/><\/a><\/p>\n<p>M\u00f3n Signature ch\u00ednh l\u00e0 c\u00e0 ph\u00ea Ch\u1ed3n, b\u1ea3o \u0111\u1ea3m u\u1ed1ng m\u1ed9t l\u1ea7n l\u00e0 nh\u1edb m\u00e3i h\u01b0\u01a1ng v\u1ecb \u0111\u1eadm \u0111\u00e0 kh\u00f3 qu\u00ean n\u00e0y lu\u00f4n nha. V\u1eeba \u0111\u01b0\u1ee3c th\u1ee9c c\u00e0 ph\u00ea ngon, ng\u1eafm c\u1ea3nh \u0111\u1eb9p l\u1ea1i c\u00f3 h\u00ecnh x\u1ecbn mang v\u1ec1 v\u1eady th\u00ec ng\u1ea1i g\u00ec kh\u00f4ng t\u1edbi M\u00ea Linh Coffee Garden th\u00f4i n\u00e0o!<\/p>\n<p><a href=\"\/\/dalatreview.vn\/en\/me-linh-coffee-garden-gia-ve-tham-quan-2022.html\/\"><img decoding=\"async\" class=\"alignnone wp-image-20634 size-full\" src=\"https:\/\/dalatreview.vn\/wp-content\/uploads\/2022\/08\/me-linh-da-lat-1.jpg\" alt=\"V\u00e9 Tham Quan M\u00ea Linh Coffee Garden\" width=\"2048\" height=\"1367\" \/><\/a><\/p>\n<h2 id=\"3-huong-dan-duong-den-me-linh-coffee-garden\"><strong><span style=\"font-size: 20px; color: #003300;\">3.H\u01b0\u1edbng d\u1eabn \u0111\u01b0\u1eddng \u0111\u1ebfn m\u00ea Linh Coffee Garden<\/span><\/strong><\/h2>\n<p>M\u00ea Linh Coffee Garden n\u1eb1m \u1edf khu v\u1ef1c ngo\u1ea1i \u00f4 v\u00e0 c\u00e1ch trung t\u00e2m th\u00e0nh ph\u1ed1 20km di chuy\u1ec3n v\u1ec1 h\u01b0\u1edbng cung \u0111\u01b0\u1eddng \u0111\u00e8o T\u00e0 Nung. \u0110\u01b0\u1eddng \u0111\u1ebfn \u0111\u00e2y ho\u00e0n to\u00e0n l\u00e0 \u0111\u01b0\u1eddng nh\u1ef1a kh\u00e1 d\u1ec5 \u0111i nh\u01b0ng khi \u0111\u1ebfn \u0111o\u1ea1n \u0111\u01b0\u1eddng \u0111\u00e8o T\u00e0 Nung s\u1ebd th\u01b0\u1eddng c\u00f3 nh\u1eefng kh\u00fac cua g\u1ea5p v\u00e0 u\u1ed1n l\u01b0\u1ee3n kh\u00e1 nguy hi\u1ec3m, v\u00e2\u1ef5 n\u00ean b\u1ea1n nh\u1edb ch\u00fa \u00fd quan s\u00e1t gi\u1ea3m t\u1ed1c \u0111\u1ed9 \u0111\u1ec3 b\u1ea3o \u0111\u1ea3m an to\u00e0n cho cho ch\u00ednh m\u00ecnh trong tham quan n\u00e0y nh\u00e9.<\/p>\n<p><a href=\"\/\/dalatreview.vn\/en\/me-linh-coffee-garden-gia-ve-tham-quan-2022.html\/\"><img decoding=\"async\" class=\"aligncenter wp-image-20636 size-full\" src=\"https:\/\/dalatreview.vn\/wp-content\/uploads\/2022\/08\/deo-ta-nung.png\" alt=\"V\u00e9 Tham Quan M\u00ea Linh Coffee Garden\" width=\"1200\" height=\"900\" \/><\/a><\/p>\n<h2 id=\"4-lien-he\"><strong><span style=\"font-size: 20px; color: #003300;\">4.Li\u00ean h\u1ec7<\/span><\/strong><\/h2>\n<p>Hotline: 0968249297<\/p>\n<p>Fanpage: <a href=\"https:\/\/www.facebook.com\/vethamquandalat\" target=\"_blank\" rel=\"noopener\">M\u00ea Linh Coffee Garden<\/a><\/p>\n<p>Xem th\u00eam b\u00e0i vi\u1ebft kh\u00e1c t\u1ea1i: <a href=\"https:\/\/dalatreview.vn\/en\/ve-tham-quan\/\">\u0110\u00e0 L\u1ea1t Review<\/a><\/p>","protected":false},"excerpt":{"rendered":"<p>Danh m\u1ee5c ch\u00ednh V\u00e9 Tham Quan M\u00ea Linh Coffee Garden\u00a0 1.M\u00ea Linh Coffee Garden C\u00f3 G\u00ec Hot? 2.Tham quan M\u00ea linh Coffee Garden 2022 3.H\u01b0\u1edbng d\u1eabn \u0111\u01b0\u1eddng \u0111\u1ebfn m\u00ea Linh Coffee Garden 4.Li\u00ean h\u1ec7 V\u00e9 Tham Quan M\u00ea Linh Coffee Garden\u00a0 \u0110\u00e0 L\u1ea1t lu\u00f4n \u0111\u01b0\u1ee3c m\u1ec7nh danh l\u00e0 th\u1ee7 ph\u1ee7 c\u1ee7a nh\u1eefng qu\u00e1n c\u00e0 ph\u00ea, [&hellip;]<\/p>","protected":false},"featured_media":20657,"comment_status":"open","ping_status":"closed","template":"","meta":{"_acf_changed":false,"rank_math_lock_modified_date":false},"product_cat":[1187],"product_tag":[],"acf":[],"_links":{"self":[{"href":"https:\/\/dalatreview.vn\/en\/wp-json\/wp\/v2\/product\/20605"}],"collection":[{"href":"https:\/\/dalatreview.vn\/en\/wp-json\/wp\/v2\/product"}],"about":[{"href":"https:\/\/dalatreview.vn\/en\/wp-json\/wp\/v2\/types\/product"}],"replies":[{"embeddable":true,"href":"https:\/\/dalatreview.vn\/en\/wp-json\/wp\/v2\/comments?post=20605"}],"wp:featuredmedia":[{"embeddable":true,"href":"https:\/\/dalatreview.vn\/en\/wp-json\/wp\/v2\/media\/20657"}],"wp:attachment":[{"href":"https:\/\/dalatreview.vn\/en\/wp-json\/wp\/v2\/media?parent=20605"}],"wp:term":[{"taxonomy":"product_cat","embeddable":true,"href":"https:\/\/dalatreview.vn\/en\/wp-json\/wp\/v2\/product_cat?post=20605"},{"taxonomy":"product_tag","embeddable":true,"href":"https:\/\/dalatreview.vn\/en\/wp-json\/wp\/v2\/product_tag?post=20605"}],"curies":[{"name":"wp","href":"https:\/\/api.w.org\/{rel}","templated":true}]}}