
{"id":20533,"date":"2022-08-01T16:55:07","date_gmt":"2022-08-01T09:55:07","guid":{"rendered":"https:\/\/dalatreview.vn\/?p=20533"},"modified":"2024-06-28T03:04:35","modified_gmt":"2024-06-28T03:04:35","slug":"ve-tham-quan-puppy-farm-nong-trai-cun-hot-nhat-da-lat","status":"publish","type":"product","link":"https:\/\/dalatreview.vn\/en\/ve-tham-quan-puppy-farm-nong-trai-cun-hot-nhat-da-lat.html","title":{"rendered":"V\u00e9 Tham Quan Puppy Farm &#8211; N\u00f4ng Tr\u1ea1i C\u00fan Hot Nh\u1ea5t \u0110\u00e0 L\u1ea1t"},"content":{"rendered":"<nav class=\"vietrick-auto-toc\">\n<div class=\"box-title\">\n<h3 class=\"toc-title\" id=\"select-menu\">Danh m\u1ee5c ch\u00ednh<\/h3>\n<div><ion-icon name=\"chevron-up-outline\"><\/ion-icon><\/div>\n<\/div>\n<ul class=\"toc-list\">\n<li><a href='https:\/\/dalatreview.vn\/en#ve-tham-quan-puppy-farm-nong-trai-cun-hot-nhat-da-lat' class='heading-h2 toc-link smooth-scroll'>V\u00e9 Tham Quan Puppy Farm &#8211; N\u00f4ng Tr\u1ea1i C\u00fan Hot Nh\u1ea5t \u0110\u00e0 L\u1ea1t<\/a>\n<li><a href='https:\/\/dalatreview.vn\/en#1-puppy-farm-nong-trai-cun-da-lat-co-gi' class='heading-h2 toc-link smooth-scroll'>1.Puppy Farm &#8211; N\u00f4ng Tr\u1ea1i C\u00fan \u0110\u00e0 L\u1ea1t C\u00f3 G\u00ec?<\/a>\n<li><a href='https:\/\/dalatreview.vn\/en#2-huong-dan-duong-den-puppy-farm-nong-trai-cun-da-lat' class='heading-h2 toc-link smooth-scroll'>2.H\u01b0\u1edbng d\u1eabn \u0111\u01b0\u1eddng \u0111\u1ebfn Puppy Farm &#8211; N\u00f4ng Tr\u1ea1i C\u00fan \u0110\u00e0 L\u1ea1t<\/a>\n<li><a href='https:\/\/dalatreview.vn\/en#3-gia-ve-tham-quan-puppy-farm-nong-trai-cun-da-lat' class='heading-h2 toc-link smooth-scroll'>3.Gi\u00e1 v\u00e9 tham quan Puppy Farm &#8211; N\u00f4ng Tr\u1ea1i C\u00fan \u0110\u00e0 L\u1ea1t<\/a>\n<li><a href='https:\/\/dalatreview.vn\/en#4-lien-he' class='heading-h2 toc-link smooth-scroll'>4. Li\u00ean h\u1ec7<\/a><\/ul>\n<\/ul>\n<\/li>\n<\/ul>\n<\/nav>\n<h2 style=\"text-align: center;\" id=\"ve-tham-quan-puppy-farm-nong-trai-cun-hot-nhat-da-lat\"><strong><span style=\"font-size: 20px; color: #003300;\">V\u00e9 Tham Quan Puppy Farm &#8211; N\u00f4ng Tr\u1ea1i C\u00fan Hot Nh\u1ea5t \u0110\u00e0 L\u1ea1t<\/span><\/strong><\/h2>\n<p>\u0110i \u0111\u00e2u kh\u00f4ng quan tr\u1ecdng mi\u1ec5n l\u00e0 m\u00ecnh \u0111\u01b0\u1ee3c \u0111i c\u00f9ng nhau v\u00e0 m\u00f9a h\u00e8 l\u00e0 th\u1eddi \u0111i\u1ec3m l\u00fd t\u01b0\u1edfng nh\u1ea5t \u0111\u1ec3 ch\u00fang ta c\u00f3 th\u1ec3 t\u1ef1 th\u01b0\u1edfng cho b\u1ea3n th\u00e2n m\u00ecnh m\u1ed9t chuy\u1ebfn du l\u1ecbch \u0110\u00e0 L\u1ea1t c\u00f9ng gia \u0111\u00ecnh, ng\u01b0\u1eddi th\u00e2n sau nh\u1eefng ng\u00e0y v\u00f9i \u0111\u1ea7u trong \u0111\u1ed1ng deadline. \u0110i \u0110\u00e0 L\u1ea1t c\u00f9ng gia \u0111\u00ecnh nh\u01b0ng v\u1eabn ch\u01b0a ch\u1ecdn \u0111\u01b0\u1ee3c \u0111\u1ecba \u0111i\u1ec3m \u01b0ng \u00fd v\u00e0 b\u1ea1n l\u00e0 m\u1ed9t ng\u01b0\u1eddi y\u00eau th\u00edch th\u00fa c\u01b0ng mu\u1ed1n \u0111\u01b0\u1ee3c h\u00f2a m\u00ecnh v\u00e0o thi\u00ean nhi\u00ean c\u1ecf c\u00e2y th\u00ec &#8220;Puppy Farm &#8211; N\u00f4ng Tr\u1ea1i C\u00fan&#8221; ch\u00ednh l\u00e0 m\u1ed9t s\u1ef1 l\u1ef1a ch\u1ecdn l\u00fd t\u01b0\u1edfng d\u00e0nh cho b\u1ea1n \u0111\u00f3.<\/p>\n<p><a href=\"https:\/\/dalatreview.vn\/en\/puppy-farm-nong-trai-cun-hot-nhat-da-lat.html\/\"><img decoding=\"async\" class=\"alignnone wp-image-20567 size-full\" src=\"https:\/\/dalatreview.vn\/wp-content\/uploads\/2022\/08\/nong-trai-cun-1.jpg\" alt=\"V\u00e9 Tham Quan Puppy Farm - N\u00f4ng Tr\u1ea1i C\u00fan Hot Nh\u1ea5t \u0110\u00e0 L\u1ea1t\" width=\"1365\" height=\"1932\" \/><\/a><\/p>\n<h2 id=\"1-puppy-farm-nong-trai-cun-da-lat-co-gi\"><strong><span style=\"font-size: 20px; color: #003300;\">1.Puppy Farm &#8211; N\u00f4ng Tr\u1ea1i C\u00fan \u0110\u00e0 L\u1ea1t C\u00f3 G\u00ec?<\/span><\/strong><\/h2>\n<p>Puppy Farm ch\u00ednh l\u00e0 n\u01a1i \u0111\u00e1p \u1ee9ng \u0111\u01b0\u1ee3c r\u1ea5t nhi\u1ec1u t\u1ecda \u0111\u1ed9 check in d\u00e0nh cho nh\u1eefng t\u00edn \u0111\u1ed3 \u0111am m\u00ea s\u1ed1ng \u1ea3o. \u0110\u00e2y ch\u00ednh l\u00e0 m\u1ed9t thi\u00ean \u0111\u01b0\u1eddng hay c\u00f2n g\u1ecdi l\u00e0 &#8220;\u0111\u1ea3o th\u00fa c\u01b0ng&#8221;, \u1edf \u0111\u00e2y c\u00f3 v\u00f4 v\u00e0n nh\u1eefng ch\u00fa c\u00fan si\u00eau \u0111\u00e1ng y\u00eau v\u00e0 th\u00e2n thi\u1ec7n. \u0110\u1ebfn \u0111\u00e2y b\u1ea1n s\u1ebd th\u1ecfa s\u1ee9c vui \u0111\u00f9a ch\u1ee5p \u1ea3nh c\u00f9ng nh\u1eefng ch\u00fa c\u00fan v\u00f4 c\u00f9ng d\u1ec5 th\u01b0\u01a1ng nh\u01b0ng c\u0169ng kh\u00f4ng h\u00e8 k\u00e9m ph\u1ea7n lanh l\u1ee3i v\u00e0 tinh ngh\u1ecbch mang \u0111\u1ebfn cho b\u1ea1n c\u1ea3m gi\u00e1c b\u00ecnh y\u00ean, y\u00eau \u0111\u1eddi.<\/p>\n<p><a href=\"https:\/\/dalatreview.vn\/en\/puppy-farm-nong-trai-cun-hot-nhat-da-lat.html\/\"><img decoding=\"async\" class=\"aligncenter wp-image-20587 size-full\" src=\"https:\/\/dalatreview.vn\/wp-content\/uploads\/2022\/08\/puppy-farm-13.png\" alt=\"V\u00e9 Tham Quan Puppy Farm - N\u00f4ng Tr\u1ea1i C\u00fan Hot Nh\u1ea5t \u0110\u00e0 L\u1ea1t\" width=\"1200\" height=\"900\" \/><\/a><\/p>\n<p>T\u1ea1i \u0111\u00e2y c\u00f3 r\u1ea5t nhi\u1ec1u gi\u1ed1ng ch\u00f3 xinh x\u1eafn v\u00e0 \u0111\u1ec1u \u0111\u01b0\u1ee3c ch\u1ee7 nh\u00e2n ch\u0103m s\u00f3c m\u1ed9t c\u00e1ch c\u1ea9n th\u1eadn nh\u1ea5t v\u00e0 v\u00f4 c\u00f9ng s\u1ea1ch s\u1ebd, \u0111\u1eb7c bi\u1ec7t nh\u1eefng ch\u00fa c\u00fan \u1edf \u0111\u00e2y r\u1ea5t hi\u1ec1n l\u00e0nh v\u00e0 \u0111\u00e1ng y\u00eau. \u00c0 nh\u1eefng ch\u00fa c\u00fan \u1edf \u0111\u00e2y s\u1ebd \u0111\u01b0\u1ee3c cho ra ch\u01a1i t\u1eeb 8h30 &#8211; 11h30 v\u00e0 bu\u1ed5i chi\u1ec1u t\u1eeb 13h30 -16h30, b\u1ea1n n\u00ean ghi ch\u00fa l\u1ea1i khung gi\u1edd n\u00e0y \u0111\u1ec3 c\u00f3 th\u1ec3 gh\u00e9 \u0111\u1ebfn vui ch\u01a1i c\u00f9ng nh\u1eefng ng\u01b0\u1eddi b\u1ea1n n\u00e0y nh\u00e9.<\/p>\n<p><a href=\"https:\/\/dalatreview.vn\/en\/puppy-farm-nong-trai-cun-hot-nhat-da-lat.html\/\"><img decoding=\"async\" class=\"aligncenter wp-image-20589 size-full\" src=\"https:\/\/dalatreview.vn\/wp-content\/uploads\/2022\/08\/puppy-farm-14.jpg\" alt=\"V\u00e9 Tham Quan Puppy Farm - N\u00f4ng Tr\u1ea1i C\u00fan Hot Nh\u1ea5t \u0110\u00e0 L\u1ea1t\" width=\"1200\" height=\"900\" \/><\/a><\/p>\n<p>Ngo\u00e0i l\u00e0 m\u1ed9t trang tr\u1ea1i c\u00fan, \u0111\u00e2y c\u00f2n l\u00e0 n\u01a1i th\u1ecfa s\u1ee9c s\u1ed1ng \u1ea3o d\u00e0nh cho h\u1ed9i ch\u1ecb em v\u1edbi nh\u1eefng v\u01b0\u1eddn hoa xinh \u0111\u1eb9p ng\u1ea5t ng\u00e2y, m\u1ed7i m\u00f9a s\u1ebd c\u00f3 nh\u1eefng lo\u00e0i hoa kh\u00e1c nhau thi nhau khoe s\u1eafc r\u1ef1c r\u1ee1. N\u1ebfu nh\u01b0 b\u1ea1n \u0111\u1ebfm tham quan v\u00e0o \u0111\u00fang m\u00f9a hoa h\u01b0\u1edbng d\u01b0\u01a1ng hay hoa c\u1ea9m c\u1ea9m t\u00fa c\u1ea7u th\u00ec m\u00ecnh tin ch\u1eafc b\u1ea1n s\u1ebd c\u00f3 nh\u1eefng b\u1ee9c h\u00ecnh xinh lung linh lu\u00f4n nha.<\/p>\n<p><a href=\"https:\/\/dalatreview.vn\/en\/puppy-farm-nong-trai-cun-hot-nhat-da-lat.html\/\"><img decoding=\"async\" class=\"aligncenter wp-image-20591 size-full\" src=\"https:\/\/dalatreview.vn\/wp-content\/uploads\/2022\/08\/puppy-farm-16.jpg\" alt=\"V\u00e9 Tham Quan Puppy Farm - N\u00f4ng Tr\u1ea1i C\u00fan Hot Nh\u1ea5t \u0110\u00e0 L\u1ea1t\" width=\"1200\" height=\"900\" \/><\/a><\/p>\n<p>T\u1ea1i Puppy Farm kh\u00f4ng ch\u1ec9 c\u00f3 nh\u1eefng ch\u00fa c\u00fan si\u00eau \u0111\u00e1ng y\u00eau hay nh\u1eefng v\u01b0\u1eddn hoa l\u00e0m say \u0111\u1eafm l\u00f2ng ng\u01b0\u1eddi, n\u01a1i \u0111\u00e2y c\u00f2n c\u00f3 nh\u1eefng v\u01b0\u1eddn d\u00e2u t\u00e2y \u00e1p d\u1ee5ng m\u00f4 h\u00ecnh canh t\u00e1c c\u00f4ng ngh\u1ec7 cao v\u00e0 hi\u1ec7n \u0111\u1ea1i nh\u1ea5t. T\u1edbi \u0111\u00e2y b\u1ea1n s\u1ebd \u0111\u01b0\u1ee3c t\u1eadn m\u1eaft chi\u00eam ng\u01b0\u1ee1ng quy tr\u00ecnh tr\u1ed3ng tr\u1ecdt v\u00e0 ch\u1eafm s\u00f3c d\u00e2u t\u00e2y, ngo\u00e0i ra b\u1ea1n s\u1ebd \u0111\u01b0\u1ee3c t\u1ef1 tay m\u00ecnh h\u00e1i v\u00e0 th\u01b0\u1edfng th\u1ee9c nh\u1eefng tr\u00e1i d\u00e2u t\u00e2y ch\u00edn m\u1ecdng \u0111\u1ecf n\u01b0\u1edbc, nghe l\u00e0 th\u1ea5y h\u1ea5p d\u1eabn r\u1ed3i \u0111\u00fang kh\u00f4ng n\u00e0o?<\/p>\n<p><a href=\"https:\/\/dalatreview.vn\/en\/puppy-farm-nong-trai-cun-hot-nhat-da-lat.html\/\"><img decoding=\"async\" class=\"aligncenter wp-image-20590 size-full\" src=\"https:\/\/dalatreview.vn\/wp-content\/uploads\/2022\/08\/puppy-farm-15.jpg\" alt=\"V\u00e9 Tham Quan Puppy Farm - N\u00f4ng Tr\u1ea1i C\u00fan Hot Nh\u1ea5t \u0110\u00e0 L\u1ea1t\" width=\"1200\" height=\"900\" \/><\/a><\/p>\n<p>M\u1ed9t \u0111i\u1ec3m \u0111\u1eb7c bi\u1ec7t kh\u00f4ng th\u1ec3 thi\u1ebfu khi nh\u1eafc \u0111\u1ebfn Puppy Farm \u0111\u00f3 ch\u00ednh l\u00e0 nh\u1eefng v\u01b0\u1eddn sen \u0111\u00e1 x\u1ecbn x\u00f2. Ng\u1eafm nh\u1eefng v\u01b0\u1eddn hoa xinh \u0111\u1eb9p r\u1ef1c r\u1ee1 xong \u0111\u1eebng qu\u00ean gh\u00e9 qua chi\u00eam ng\u01b0\u1ee1ng nh\u1eefng v\u01b0\u1eddn sen \u0111\u00e1 r\u1ef1c r\u1ee1 s\u1eafc m\u00e0u n\u01a1i \u0111\u00e2y b\u1ea1n nh\u00e9. \u1ede \u0111\u00e2y c\u00f3 h\u01a1n 100 lo\u1ea1i sen \u0111\u00e1 v\u1edbi nh\u1eefng h\u00ecnh d\u00e1ng m\u00e0u s\u1eafc \u0111a d\u1ea1ng kh\u00e1c nhau v\u00e0 \u0111\u01b0\u1ee3c s\u1eafp x\u1ebfp theo t\u1eebng t\u1ea7ng, t\u1eebng h\u00e0ng si\u00eau d\u1ec5 th\u01b0\u01a1ng lun nh\u00e9, kh\u00f4ng gh\u00e9 qua tham quan l\u00e0 ti\u1ebfc h\u00f9i h\u1ee5i lu\u00f4n nha b\u1ea1n \u01a1i.<\/p>\n<p><a href=\"https:\/\/dalatreview.vn\/en\/puppy-farm-nong-trai-cun-hot-nhat-da-lat.html\/\"><img decoding=\"async\" class=\"aligncenter wp-image-20592 size-full\" src=\"https:\/\/dalatreview.vn\/wp-content\/uploads\/2022\/08\/puppy-farm-17.jpg\" alt=\"V\u00e9 Tham Quan Puppy Farm - N\u00f4ng Tr\u1ea1i C\u00fan Hot Nh\u1ea5t \u0110\u00e0 L\u1ea1t\" width=\"1200\" height=\"900\" \/><\/a><\/p>\n<h2 id=\"2-huong-dan-duong-den-puppy-farm-nong-trai-cun-da-lat\"><strong><span style=\"font-size: 20px; color: #003300;\">2.H\u01b0\u1edbng d\u1eabn \u0111\u01b0\u1eddng \u0111\u1ebfn Puppy Farm &#8211; N\u00f4ng Tr\u1ea1i C\u00fan \u0110\u00e0 L\u1ea1t<\/span><\/strong><\/h2>\n<p>N\u00f4ng tr\u1ea1i c\u00fan &#8211; Puppy Farm t\u1ecda l\u1ea1c tr\u00ean \u0111\u01b0\u1eddng Cam Ly, thu\u1ed9c th\u00f4n M\u0103ng Lin, c\u00e1ch trung t\u00e2m th\u00e0nh ph\u1ed1 \u0110\u00e0 L\u1ea1t kho\u1ea3ng 8km di chuy\u1ec3n. B\u1eaft \u0111\u1ea7u t\u1eeb Ch\u1ee3 \u0110\u00e0 L\u1ea1t b\u1ea1n s\u1ebd \u0111i theo h\u01b0\u1edbng \u0111\u01b0\u1eddng Ho\u00e0ng V\u0103n Th\u1ee5 sau khi \u0111i h\u1ebft khu v\u1ef1c L\u00e0ng Hoa V\u1ea1n Th\u00e0nh, g\u1eb7p ng\u00e3 ba b\u1ea1n ch\u1ec9 c\u1ea7n r\u1ebd ph\u1ea3i sang \u0111\u01b0\u1eddng Cam Ly v\u00e0 \u0111i th\u00eam t\u1ea7m 5km n\u1eefa l\u00e0 \u0111\u1ebfn Puppy Farm.<\/p>\n<p><a href=\"https:\/\/dalatreview.vn\/en\/puppy-farm-nong-trai-cun-hot-nhat-da-lat.html\/\"><img decoding=\"async\" class=\"aligncenter wp-image-20593 size-full\" src=\"https:\/\/dalatreview.vn\/wp-content\/uploads\/2022\/08\/puppy-farm-dl.jpg\" alt=\"V\u00e9 Tham Quan Puppy Farm - N\u00f4ng Tr\u1ea1i C\u00fan Hot Nh\u1ea5t \u0110\u00e0 L\u1ea1t\" width=\"1200\" height=\"900\" \/><\/a><\/p>\n<p>D\u00f9 n\u1eb1m \u1edf khu v\u1ef1c ngo\u1ea1i \u00f4 c\u1ee7a th\u00e0nh ph\u1ed1, th\u1ebf nh\u01b0ng \u0111\u01b0\u1eddng \u0111\u1ebfn Puppy Farm v\u00f4 c\u00f9ng d\u1ec5 d\u00e0ng v\u00e0 thu\u1eadn ti\u1ec7n. B\u1ea1n ch\u1ec9 c\u1ea7n \u0111i theo ch\u1ec9 d\u1eabn c\u1ee7a Google Maps l\u00e0 t\u1edbi n\u01a1i r\u1ed3i \u0111\u00f3.<\/p>\n<p><a href=\"https:\/\/dalatreview.vn\/en\/puppy-farm-nong-trai-cun-hot-nhat-da-lat.html\/\"><img decoding=\"async\" class=\"aligncenter wp-image-20594 size-full\" src=\"https:\/\/dalatreview.vn\/wp-content\/uploads\/2022\/08\/puppy-farm-dalat.jpg\" alt=\"V\u00e9 Tham Quan Puppy Farm - N\u00f4ng Tr\u1ea1i C\u00fan Hot Nh\u1ea5t \u0110\u00e0 L\u1ea1t\" width=\"2048\" height=\"1536\" \/><\/a><\/p>\n<h2 id=\"3-gia-ve-tham-quan-puppy-farm-nong-trai-cun-da-lat\"><strong><span style=\"font-size: 20px; color: #003300;\">3.Gi\u00e1 v\u00e9 tham quan Puppy Farm &#8211; N\u00f4ng Tr\u1ea1i C\u00fan \u0110\u00e0 L\u1ea1t<\/span><\/strong><\/h2>\n<p>\u0110\u00e2y l\u00e0 m\u1ed9t trong nh\u1eefng \u0111\u1ecba \u0111i\u1ec3m thu h\u00fat \u0111\u00f4ng \u0111\u1ea3o du kh\u00e1ch gh\u00e9 \u0111\u1ebfn check in, \u0111\u1eb7c bi\u1ec7t \u0111\u1ed1i v\u1edbi nh\u1eefng gia \u0111\u00ecnh c\u00f3 tr\u1ebb nh\u1ecf \u0111i k\u00e8m. \u0110\u1eb7c bi\u1ec7t gi\u00e1 v\u00e9 tham quan t\u1ea1i \u0111\u00e2y ch\u1ec9 60.000\u0111\/ng\u01b0\u1eddi. Khi t\u1edbi \u0111\u00e2y b\u1ea1n c\u0169ng c\u00f3 th\u1ec3 mua nh\u1eefng ch\u1eadu sen \u0111\u00e1 t\u1ea1i \u0111\u00e2y v\u1ec1 \u0111\u1ec3 l\u00e0m qu\u00e0 n\u1eefa \u0111\u00f3.<\/p>\n<p><a href=\"https:\/\/dalatreview.vn\/en\/puppy-farm-nong-trai-cun-hot-nhat-da-lat.html\/\"><img decoding=\"async\" class=\"aligncenter wp-image-20595 size-full\" src=\"https:\/\/dalatreview.vn\/wp-content\/uploads\/2022\/08\/puppy-farm-18.jpg\" alt=\"V\u00e9 Tham Quan Puppy Farm - N\u00f4ng Tr\u1ea1i C\u00fan Hot Nh\u1ea5t \u0110\u00e0 L\u1ea1t\" width=\"1200\" height=\"900\" \/><\/a><\/p>\n<p>Ch\u1ec9 v\u1edbi gi\u00e1 60.000\u0111\/ng\u01b0\u1eddi m\u00e0 \u0111\u01b0\u1ee3c tham quan kh\u00e1m ph\u00e1 check in nhi\u1ec1u \u0111\u1ecba \u0111i\u1ec3m nh\u01b0 v\u1eady th\u00ec ng\u1ea1i g\u00ec kh\u00f4ng nhanh tay gh\u00e9 \u0111\u1ebfn Puppy Farm li\u1ec1n b\u1ea1n nh\u1ec9!<\/p>\n<p><a href=\"https:\/\/dalatreview.vn\/en\/puppy-farm-nong-trai-cun-hot-nhat-da-lat.html\/\"><img decoding=\"async\" class=\"alignnone wp-image-20596 size-full\" src=\"https:\/\/dalatreview.vn\/wp-content\/uploads\/2022\/08\/puppy-farm-19.jpg\" alt=\"V\u00e9 Tham Quan Puppy Farm - N\u00f4ng Tr\u1ea1i C\u00fan Hot Nh\u1ea5t \u0110\u00e0 L\u1ea1t\" width=\"2048\" height=\"1364\" \/><\/a><\/p>\n<h2 id=\"4-lien-he\"><strong><span style=\"font-size: 20px; color: #003300;\">4. Li\u00ean h\u1ec7<\/span><\/strong><\/h2>\n<p>Hotline: 0988249297<\/p>\n<p>Facebook: <a class=\"qi72231t nu7423ey n3hqoq4p r86q59rh b3qcqh3k fq87ekyn bdao358l fsf7x5fv rse6dlih s5oniofx m8h3af8h l7ghb35v kjdc1dyq kmwttqpk srn514ro oxkhqvkx rl78xhln nch0832m cr00lzj9 rn8ck1ys s3jn8y49 icdlwmnq jxuftiz4 cxfqmxzd innypi6y qc5lal2y\" tabindex=\"0\" role=\"link\" href=\"https:\/\/\/en\/m.me\/vethamquandalat\/\" aria-label=\"N\u00f4ng Tr\u1ea1i C\u00fan - Puppy Farm\">N\u00f4ng Tr\u1ea1i C\u00fan &#8211; Puppy Farm<\/a><\/p>\n<p>Xem th\u00eam b\u00e0i vi\u1ebft kh\u00e1c t\u1ea1i : <a href=\"https:\/\/dalatreview.vn\/en\/ve-tham-quan\/\">\u0110\u00e0 L\u1ea1t Review<\/a><\/p>","protected":false},"excerpt":{"rendered":"<p>Danh m\u1ee5c ch\u00ednh V\u00e9 Tham Quan Puppy Farm &#8211; N\u00f4ng Tr\u1ea1i C\u00fan Hot Nh\u1ea5t \u0110\u00e0 L\u1ea1t 1.Puppy Farm &#8211; N\u00f4ng Tr\u1ea1i C\u00fan \u0110\u00e0 L\u1ea1t C\u00f3 G\u00ec? 2.H\u01b0\u1edbng d\u1eabn \u0111\u01b0\u1eddng \u0111\u1ebfn Puppy Farm &#8211; N\u00f4ng Tr\u1ea1i C\u00fan \u0110\u00e0 L\u1ea1t 3.Gi\u00e1 v\u00e9 tham quan Puppy Farm &#8211; N\u00f4ng Tr\u1ea1i C\u00fan \u0110\u00e0 L\u1ea1t 4. Li\u00ean h\u1ec7 V\u00e9 Tham [&hellip;]<\/p>","protected":false},"featured_media":20562,"comment_status":"open","ping_status":"closed","template":"","meta":{"_acf_changed":false,"rank_math_lock_modified_date":false},"product_cat":[1187],"product_tag":[],"acf":[],"_links":{"self":[{"href":"https:\/\/dalatreview.vn\/en\/wp-json\/wp\/v2\/product\/20533"}],"collection":[{"href":"https:\/\/dalatreview.vn\/en\/wp-json\/wp\/v2\/product"}],"about":[{"href":"https:\/\/dalatreview.vn\/en\/wp-json\/wp\/v2\/types\/product"}],"replies":[{"embeddable":true,"href":"https:\/\/dalatreview.vn\/en\/wp-json\/wp\/v2\/comments?post=20533"}],"wp:featuredmedia":[{"embeddable":true,"href":"https:\/\/dalatreview.vn\/en\/wp-json\/wp\/v2\/media\/20562"}],"wp:attachment":[{"href":"https:\/\/dalatreview.vn\/en\/wp-json\/wp\/v2\/media?parent=20533"}],"wp:term":[{"taxonomy":"product_cat","embeddable":true,"href":"https:\/\/dalatreview.vn\/en\/wp-json\/wp\/v2\/product_cat?post=20533"},{"taxonomy":"product_tag","embeddable":true,"href":"https:\/\/dalatreview.vn\/en\/wp-json\/wp\/v2\/product_tag?post=20533"}],"curies":[{"name":"wp","href":"https:\/\/api.w.org\/{rel}","templated":true}]}}