
{"id":20529,"date":"2024-08-17T09:36:05","date_gmt":"2024-08-17T02:36:05","guid":{"rendered":"https:\/\/dalatreview.vn\/?p=20529"},"modified":"2024-09-14T14:25:55","modified_gmt":"2024-09-14T07:25:55","slug":"sandal-flora-hotel","status":"publish","type":"product","link":"https:\/\/dalatreview.vn\/en\/sandal-flora-hotel.html","title":{"rendered":"Sandal Flora Hotel &#8211; Kh\u00e1ch s\u1ea1n 3 sao ngay trong ch\u1ee3 \u0110\u00e0 L\u1ea1t"},"content":{"rendered":"<nav class=\"vietrick-auto-toc\">\n<div class=\"box-title\">\n<h3 class=\"toc-title\" id=\"select-menu\">Danh m\u1ee5c ch\u00ednh<\/h3>\n<div><ion-icon name=\"chevron-up-outline\"><\/ion-icon><\/div>\n<\/div>\n<ul class=\"toc-list\"><\/ul>\n<li><a href='https:\/\/dalatreview.vn\/en#sandal-flora-hotel-khach-san-3-sao-ngay-trong-long-cho-da-lat' class='heading-h1 toc-link smooth-scroll'>Sandal Flora Hotel &#8211; Kh\u00e1ch s\u1ea1n 3 sao ngay trong l\u00f2ng ch\u1ee3 \u0110\u00e0 L\u1ea1t<\/a>\n<li><a href='https:\/\/dalatreview.vn\/en#1-vi-tri' class='heading-h1 toc-link smooth-scroll'>1. V\u1ecb tr\u00ed<\/a>\n<li><a href='https:\/\/dalatreview.vn\/en#2-tien-ich-va-dich-vu' class='heading-h1 toc-link smooth-scroll'>2. Ti\u1ec7n \u00edch v\u00e0 d\u1ecbch v\u1ee5<\/a>\n<li><a href='https:\/\/dalatreview.vn\/en#3-cac-hang-phong' class='heading-h1 toc-link smooth-scroll'>3. C\u00e1c h\u1ea1ng ph\u00f2ng\u00a0<\/a>\n<li><a href='https:\/\/dalatreview.vn\/en#4-chuong-trinh-khuyen-mai' class='heading-h1 toc-link smooth-scroll'>4. Ch\u01b0\u01a1ng tr\u00ecnh khuy\u1ebfn m\u00e3i<\/a>\n<li><a href='https:\/\/dalatreview.vn\/en#5-lien-he' class='heading-h1 toc-link smooth-scroll'>5. Li\u00ean h\u1ec7<\/a><\/ul>\n<\/li>\n<\/ul>\n<\/nav>\n<h1 style=\"text-align: center;\" id=\"sandal-flora-hotel-khach-san-3-sao-ngay-trong-long-cho-da-lat\"><strong><span style=\"font-size: 24px;\">Sandal Flora Hotel &#8211; Kh\u00e1ch s\u1ea1n 3 sao ngay trong l\u00f2ng ch\u1ee3 \u0110\u00e0 L\u1ea1t<\/span><\/strong><\/h1>\n<h1 id=\"1-vi-tri\"><strong><span style=\"font-size: 20px;\">1. V\u1ecb tr\u00ed<\/span><\/strong><\/h1>\n<p>Sandals Flora Hotel m\u1ed9t b\u00f4ng hoa thu\u1ed9c chu\u1ed7i kh\u00e1ch s\u1ea1n Sandals Hotel tr\u1ef1c thu\u1ed9c T\u1eadp \u0111o\u00e0n \u0110\u00f4i D\u00e9p \u2013 kh\u00f4ng th\u1ec3 thi\u1ebfu nhau. Sandals Flora Hotel n\u0103m ngay v\u1ecb tr\u00ed trung t\u00e2m ch\u1ee3 \u0110\u00e0 L\u1ea1t, \u0111\u1ecba \u0111i\u1ec3m thu\u1eadn l\u1ee3i \u0111\u1ec3 du kh\u00e1ch ch\u1ecdn l\u00e0m n\u01a1i ngh\u1ec9 d\u01b0\u1ee1ng v\u1edbi c\u00e1c ti\u1ec7n \u00edch 3 sao \u0111\u1eb3ng c\u1ea5p.<\/p>\n<p><img decoding=\"async\" class=\"alignnone wp-image-20573 size-full\" src=\"https:\/\/dalatreview.vn\/wp-content\/uploads\/2022\/08\/2.jpg\" alt=\"\" width=\"2560\" height=\"1920\"><\/p>\n<p>Sandals Flora Hotel n\u1eb1m \u1edf \u0111\u1ecba ch\u1ec9 40 Nguy\u1ec5n Th\u1ecb Minh Khai, Ph\u01b0\u1eddng 1, Th\u00e0nh ph\u1ed1 \u0110\u00e0 L\u1ea1t, m\u1eb7t tr\u01b0\u1edbc kh\u00e1ch s\u1ea1n l\u00e0 v\u00f2ng xoay ch\u1ee3 \u0110\u00e0 L\u1ea1t, n\u01a1i n\u00e1o nhi\u1ec7t nh\u1ea5t th\u00e0nh ph\u1ed1:<\/p>\n<p>&#8211; C\u00e1ch S\u00e2n bay Li\u00ean Kh\u01b0\u01a1ng kho\u1ea3ng 30 km<\/p>\n<p>&#8211; C\u00e1ch H\u1ed3 Xu\u00e2n H\u01b0\u01a1ng kho\u1ea3ng 100 m<\/p>\n<p>&#8211; C\u00e1ch Thung L\u0169ng T\u00ecnh Y\u00eau kho\u1ea3ng 5 km<\/p>\n<p>&#8211; C\u00e1ch V\u01b0\u1eddn hoa \u0110\u00e0 L\u1ea1t kho\u1ea3ng 2,5 km<\/p>\n<p>&nbsp;<\/p>\n<h1 id=\"2-tien-ich-va-dich-vu\"><span style=\"font-size: 20px;\"><strong>2. Ti\u1ec7n \u00edch v\u00e0 d\u1ecbch v\u1ee5<\/strong><\/span><\/h1>\n<p>48 ph\u00f2ng ng\u1ee7 sang tr\u1ecdng v\u00e0 tinh t\u1ebf, nh\u00e0 h\u00e0ng &amp; bar ph\u1ee5c v\u1ee5 th\u1ef1c kh\u00e1ch th\u01b0\u1edfng th\u1ee9c nh\u1eefng tinh hoa c\u1ee7a th\u00e0nh ph\u1ed1 v\u00e0 ch\u00ednh th\u01b0\u01a1ng hi\u1ec7u \u0110\u00f4i D\u00e9p mang \u0111\u1ebfn cho du khahcs m\u1ed9t c\u1ea3m nh\u1eadn kh\u00e1ch bi\u1ec7t khi l\u01b0u tr\u00fa t\u1ea1i n\u01a1i \u0111\u00e2y. Ngo\u00e0i ra kh\u00e1ch s\u1ea1n c\u00f2n s\u1edf h\u1eefu m\u1ed9t \u0111\u1ed9i ng\u0169 nh\u00e2n vi\u00ean chuy\u00ean nghi\u1ec7p v\u00e0 nhi\u1ec7t t\u00ecnh. \u0110\u1ed9i ng\u0169 nh\u00e2n vi\u00ean lu\u00f4n lu\u00f4n th\u1ea5u hi\u1ec3u t\u00e2m l\u00fd c\u1ee7a kh\u00e1ch h\u00e0ng, l\u1ea5y ti\u00eau ch\u00ed l\u00e0m h\u00e0i l\u00f2ng kh\u00e1ch h\u00e0ng l\u00ean h\u00e0ng \u0111\u1ea7u.<\/p>\n<p>Sandals Flora Caf\u00e9 to\u00e0n c\u1ea3nh bao qu\u00e1t kh\u00f4ng gian ch\u1ee3 \u0110\u00e0 L\u1ea1t, ng\u1ed3i th\u01b0\u1edfng th\u1ee9c h\u01b0\u01a1ng v\u1ecb tr\u00e0, caf\u00e9 \u0110\u00f4i D\u00e9p h\u00f2a quy\u1ec7n v\u1edbi th\u1eddi ti\u1ebft se l\u1ea1nh c\u1ee7a th\u00e0nh ph\u1ed1.<\/p>\n<p>&nbsp;<\/p>\n<h1 id=\"3-cac-hang-phong\"><strong><span style=\"font-size: 20px;\">3. C\u00e1c h\u1ea1ng ph\u00f2ng\u00a0<\/span><\/strong><\/h1>\n<p><strong>Suite Double<\/strong><\/p>\n<p>Ph\u00f2ng gi\u01b0\u1eddng m8 d\u00e0nh cho 2 kh\u00e1ch, c\u00f3 c\u1eeda s\u1ed5 nh\u1ecf view ch\u1ee3 \u0111\u00eam<\/p>\n<p>Gi\u00e1 t\u1eeb 1.300.000\/ \u0111\u00eam, bao g\u1ed3m buffet s\u00e1ng cho 2 kh\u00e1ch<\/p>\n<p><img decoding=\"async\" class=\"alignnone wp-image-20575 size-full\" src=\"https:\/\/dalatreview.vn\/wp-content\/uploads\/2022\/08\/suite-dbl-scaled.jpg\" alt=\"\" width=\"2560\" height=\"1920\"><\/p>\n<p><strong>Suite Family<\/strong><\/p>\n<p>Ph\u00f2ng 2 gi\u01b0\u1eddng l\u1edbn d\u00e0nh cho 4 ng\u01b0\u1eddi, c\u00f3 c\u1eeda s\u1ed5 l\u1edbn v\u00e0 ban c\u00f4ng tho\u00e1ng m\u00e1t, view to\u00e0n c\u1ea3nh ch\u1ee3 \u0111\u00eam<\/p>\n<p>Gi\u00e1 t\u1eeb 2.200.000\/ \u0111\u00eam, bao g\u1ed3m buffet s\u00e1ng cho 4 kh\u00e1ch<\/p>\n<p><img decoding=\"async\" class=\"alignnone wp-image-20576 size-full\" src=\"https:\/\/dalatreview.vn\/wp-content\/uploads\/2022\/08\/family-scaled.jpg\" alt=\"\" width=\"2560\" height=\"1920\"><\/p>\n<p><strong>Deluxe Twin c\u00f3 view\u00a0<\/strong><\/p>\n<p>Ph\u00f2ng 2 gi\u01b0\u1eddng m4 ti\u00eau chu\u1ea9n d\u00e0nh cho 2 kh\u00e1ch, c\u00f3 c\u1eeda s\u1ed5, view ch\u1ee3 \u0111\u00eam<\/p>\n<p>Gi\u00e1 t\u1eeb 1.200.000\/ \u0111\u00eam, bao g\u1ed3m buffet s\u00e1ng cho 2 kh\u00e1ch<\/p>\n<p><img decoding=\"async\" class=\"alignnone wp-image-20577 size-full\" src=\"https:\/\/dalatreview.vn\/wp-content\/uploads\/2022\/08\/dlx-twin-view-scaled.jpg\" alt=\"\" width=\"2560\" height=\"1920\"><\/p>\n<p><strong>Deluxe Twin\u00a0<\/strong><\/p>\n<p>Ph\u00f2ng 2 gi\u01b0\u1eddng m4 ti\u00eau chu\u1ea9n d\u00e0nh cho 2 kh\u00e1ch, kh\u00f4ng c\u1eeda s\u1ed5<\/p>\n<p>Gi\u00e1 t\u1eeb 1.100.000\/ \u0111\u00eam, bao g\u1ed3m buffet s\u00e1ng cho 2 kh\u00e1ch<\/p>\n<p><img decoding=\"async\" class=\"alignnone wp-image-20578 size-full\" src=\"https:\/\/dalatreview.vn\/wp-content\/uploads\/2022\/08\/dlx-twin-scaled.jpg\" alt=\"\" width=\"2560\" height=\"1920\"><\/p>\n<p><strong>Deluxe Double\u00a0<\/strong><\/p>\n<p>Ph\u00f2ng 1 gi\u01b0\u1eddng 1m8 ti\u00eau chu\u1ea9n d\u00e0nh cho 2 kh\u00e1ch, kh\u00f4ng c\u1eeda s\u1ed5<\/p>\n<p>Gi\u00e1 t\u1eeb 1.000.000\/ \u0111\u00eam, bao g\u1ed3m buffet s\u00e1ng cho 2 kh\u00e1ch<\/p>\n<p><img decoding=\"async\" class=\"alignnone wp-image-20579 size-full\" src=\"https:\/\/dalatreview.vn\/wp-content\/uploads\/2022\/08\/dlx-dbl-scaled.jpg\" alt=\"\" width=\"2560\" height=\"1920\"><\/p>\n<p><strong>King Double\u00a0<\/strong><\/p>\n<p>Ph\u00f2ng 1 gi\u01b0\u1eddng 1m8 ti\u00eau chu\u1ea9n d\u00e0nh cho 2 kh\u00e1ch, ban c\u00f4ng view to\u00e0n c\u1ea3nh ch\u1ee3 \u0111\u00eam<\/p>\n<p>Gi\u00e1 t\u1eeb 5.000.000\/ \u0111\u00eam, bao g\u1ed3m buffet s\u00e1ng cho 2 kh\u00e1ch<\/p>\n<p><img decoding=\"async\" class=\"alignnone wp-image-20581 size-full\" src=\"https:\/\/dalatreview.vn\/wp-content\/uploads\/2022\/08\/QUEEN-scaled.jpg\" alt=\"\" width=\"2560\" height=\"1920\"><\/p>\n<p><strong>Queen Double\u00a0<\/strong><\/p>\n<p>Ph\u00f2ng 1 gi\u01b0\u1eddng 1m8 ti\u00eau chu\u1ea9n d\u00e0nh cho 2 kh\u00e1ch, ban c\u00f4ng view to\u00e0n c\u1ea3nh ch\u1ee3 \u0111\u00eam<\/p>\n<p>Gi\u00e1 t\u1eeb 3.000.000\/ \u0111\u00eam, bao g\u1ed3m buffet s\u00e1ng cho 2 kh\u00e1ch<\/p>\n<p><img decoding=\"async\" class=\"alignnone wp-image-20582 size-full\" src=\"https:\/\/dalatreview.vn\/wp-content\/uploads\/2022\/08\/king-scaled.jpg\" alt=\"\" width=\"2560\" height=\"1920\"><\/p>\n<h1 id=\"4-chuong-trinh-khuyen-mai\"><strong><span style=\"font-size: 20px;\">4. Ch\u01b0\u01a1ng tr\u00ecnh khuy\u1ebfn m\u00e3i<\/span><\/strong><\/h1>\n<p><strong>\u201cKH\u00d4NG TH\u1ec2 THI\u1ebeU NHAU \u2013 HAPPY SUMMER\u201d<\/strong><\/p>\n<p>M\u00f9a h\u00e8, th\u1eddi \u0111i\u1ec3m ch\u00fang ta c\u00f9ng nh\u1eafm tay nhau vi vu kh\u1eafp b\u1ed1n ph\u01b0\u01a1ng, kh\u00f4ng th\u1ec3 thi\u1ebfu nhau tr\u00ean nh\u1eefng cung \u0111\u01b0\u1eddng. \u0110\u00f3n ch\u00e0o nh\u1eefng tr\u1ea3i nghi\u1ec7m, nh\u1eefng \u0111i\u1ec1u th\u00fa v\u1ecb v\u00e0 nhi\u1ec1u \u0111i\u1ec1u vui v\u1ebb c\u00f9ng nhau.<\/p>\n<p><strong>SANDALS FLORA HOTEL<\/strong>\u00a0g\u1edfi \u0111\u1ebfn qu\u00fd kh\u00e1ch h\u00e0ng ch\u01b0\u01a1ng tr\u00ecnh\u00a0<strong>\u201c HAPPY SUMMER 2 NG\u00c0Y 1 \u0110\u00caM CH\u1ec8 C\u00d2N 1.377.000VND\/ COMBO\u201d<\/strong>\u00a0bao g\u1ed3m \u01b0u \u0111\u00e3i:<\/p>\n<p>&#8211; 01 \u0111\u00eam ngh\u1ec9 d\u01b0\u1ee1ng t\u1ea1i kh\u00e1ch s\u1ea1n \u2013 ph\u00f2ng Deluxe double bao g\u1ed3m b\u1eefa s\u00e1ng.<\/p>\n<p>&#8211; N\u00e2ng c\u1ea5p h\u1ea1ng ph\u00f2ng mi\u1ec5n ph\u00ed t\u00f9y thu\u1ed9c v\u00e0o t\u00ecnh tr\u1ea1ng c\u1ee7a kh\u00e1ch s\u1ea1n<\/p>\n<p>&#8211; 01 b\u1eefa t\u1ed1i sang tr\u1ecdng t\u1ea1i kh\u00e1ch s\u1ea1n.<\/p>\n<p>&#8211; Welcome drink khi check in.<\/p>\n<p>&#8211; Welcome Fruit t\u1ea1i ph\u00f2ng.<\/p>\n<p>&#8211; Gi\u1ea3m 20% c\u00e1c d\u1ecbch v\u1ee5 F&amp;B t\u1ea1i kh\u00e1ch s\u1ea1n.<\/p>\n<p>&#8211; Gi\u1ea3m 5% khi mua c\u00e1c s\u1ea3n ph\u1ea9m Tr\u00e0 &amp; C\u00e0 ph\u00ea t\u1ea1i kh\u00e1ch s\u1ea1n.<\/p>\n<p>&#8211; Mi\u1ec5n ph\u00ed tham quan m\u1ed9t trong ba \u0111i\u1ec3m \u0111\u1ebfn c\u1ee7a chu\u1ed7i Tea Resort .<\/p>\n<ol>\n<li>Tea Resort B\u1ea3o L\u1ed9c<\/li>\n<li>Tea Resort Bobla<\/li>\n<li>Tea Resort Prenn<\/li>\n<\/ol>\n<p>&#8211; Mi\u1ec5n ph\u00ed tham quan v\u00e0 ch\u1ee5p \u1ea3nh t\u1ea1i \u0111\u1ed3i tr\u00e0 Kinh L\u1ed9<\/p>\n<p>&#8211; Mi\u1ec5n ph\u00ed tham quan showroom Tr\u00e0 &amp; C\u00e0 Ph\u00ea c\u1ee7a h\u1ec7 th\u1ed1ng.<\/p>\n<p>Ch\u00ednh s\u00e1ch ph\u1ee5 thu:<\/p>\n<ul>\n<li>Ph\u1ee5 thu tr\u1ebb em: 509.000 vnd\/ b\u00e9\/ combo<\/li>\n<li>Ph\u1ee5 thu ng\u01b0\u1eddi th\u1ee9 3: 864.000 vnd\/ ng\u01b0\u1eddi\/ combo<\/li>\n<\/ul>\n<p>&nbsp;<\/p>\n<h1 id=\"5-lien-he\"><strong><span style=\"font-size: 20px;\">5. Li\u00ean h\u1ec7<\/span><\/strong><\/h1>\n<p>SDT\/ Zalo: 0968 249 297<\/p>","protected":false},"excerpt":{"rendered":"<p class=\"p1\">Sandals Flora Hotel m\u1ed9t b\u00f4ng hoa thu\u1ed9c chu\u1ed7i kh\u00e1ch s\u1ea1n Sandals Hotel tr\u1ef1c thu\u1ed9c T\u1eadp \u0111o\u00e0n \u0110\u00f4i D\u00e9p \u2013 kh\u00f4ng th\u1ec3 thi\u1ebfu nhau. Sandals Flora Hotel n\u0103m ngay v\u1ecb tr\u00ed trung t\u00e2m ch\u1ee3 \u0110\u00e0 L\u1ea1t, \u0111\u1ecba \u0111i\u1ec3m thu\u1eadn l\u1ee3i \u0111\u1ec3 du kh\u00e1ch ch\u1ecdn l\u00e0m n\u01a1i ngh\u1ec9 d\u01b0\u1ee1ng v\u1edbi c\u00e1c ti\u1ec7n \u00edch 3 sao \u0111\u1eb3ng c\u1ea5p.<\/p>","protected":false},"featured_media":20573,"comment_status":"open","ping_status":"closed","template":"","meta":{"_acf_changed":false,"rank_math_lock_modified_date":false},"product_cat":[29,2249,46],"product_tag":[],"acf":[],"_links":{"self":[{"href":"https:\/\/dalatreview.vn\/en\/wp-json\/wp\/v2\/product\/20529"}],"collection":[{"href":"https:\/\/dalatreview.vn\/en\/wp-json\/wp\/v2\/product"}],"about":[{"href":"https:\/\/dalatreview.vn\/en\/wp-json\/wp\/v2\/types\/product"}],"replies":[{"embeddable":true,"href":"https:\/\/dalatreview.vn\/en\/wp-json\/wp\/v2\/comments?post=20529"}],"wp:featuredmedia":[{"embeddable":true,"href":"https:\/\/dalatreview.vn\/en\/wp-json\/wp\/v2\/media\/20573"}],"wp:attachment":[{"href":"https:\/\/dalatreview.vn\/en\/wp-json\/wp\/v2\/media?parent=20529"}],"wp:term":[{"taxonomy":"product_cat","embeddable":true,"href":"https:\/\/dalatreview.vn\/en\/wp-json\/wp\/v2\/product_cat?post=20529"},{"taxonomy":"product_tag","embeddable":true,"href":"https:\/\/dalatreview.vn\/en\/wp-json\/wp\/v2\/product_tag?post=20529"}],"curies":[{"name":"wp","href":"https:\/\/api.w.org\/{rel}","templated":true}]}}