
{"id":20449,"date":"2022-07-30T15:57:43","date_gmt":"2022-07-30T08:57:43","guid":{"rendered":"https:\/\/dalatreview.vn\/?p=20449"},"modified":"2024-05-18T07:02:48","modified_gmt":"2024-05-18T07:02:48","slug":"cam-trai-san-may-tren-doi-thien-phuc-duc-da-lat","status":"publish","type":"product","link":"https:\/\/dalatreview.vn\/en\/cam-trai-san-may-tren-doi-thien-phuc-duc-da-lat.html","title":{"rendered":"Camping Hunting Clouds On The Hill Thien Phuc Duc Da Lat"},"content":{"rendered":"<nav class=\"vietrick-auto-toc\">\n<div class=\"box-title\">\n<h3 class=\"toc-title\" id=\"select-menu\">Danh m\u1ee5c ch\u00ednh<\/h3>\n<div><ion-icon name=\"chevron-up-outline\"><\/ion-icon><\/div>\n<\/div>\n<ul class=\"toc-list\">\n<li><a href='https:\/\/dalatreview.vn\/en#cam-trai-san-may-tren-doi-thien-phuc-duc-da-lat-tour-campart-lon-ton' class='heading-h2 toc-link smooth-scroll'>C\u1eafm Tr\u1ea1i S\u0103n M\u00e2y Tr\u00ean \u0110\u1ed3i Thi\u00ean Ph\u00fac \u0110\u1ee9c \u0110\u00e0 L\u1ea1t &#8211; Tour CampArt Lon Ton\u00a0<\/a>\n<li><a href='https:\/\/dalatreview.vn\/en#1-tour-campart-lon-ton-cam-trai-san-may-cuc-chill-duoi-chan-doi-da-lat' class='heading-h2 toc-link smooth-scroll'>1. Tour CampArt Lon Ton &#8211; C\u1eafm Tr\u1ea1i S\u0103n M\u00e2y\u00a0C\u1ef1c Chill D\u01b0\u1edbi Ch\u00e2n \u0110\u1ed3i \u0110\u00e0 L\u1ea1t<\/a>\n<li><a href='https:\/\/dalatreview.vn\/en#2-nhung-diem-dac-biet-cua-tour-campart-lon-ton' class='heading-h2 toc-link smooth-scroll'>2. Nh\u1eefng \u0111i\u1ec3m \u0111\u1eb7c bi\u1ec7t c\u1ee7a Tour CampArt Lon Ton<\/a>\n<li><a href='https:\/\/dalatreview.vn\/en#3-lich-trinh-lon-ton-campart-tour' class='heading-h2 toc-link smooth-scroll'>3. L\u1ecbch tr\u00ecnh Lon Ton CampArt Tour<\/a>\n<li><a href='https:\/\/dalatreview.vn\/en#4-gia-tour-campart-lon-ton' class='heading-h2 toc-link smooth-scroll'>4. Gi\u00e1 Tour CampArt Lon ton<\/a>\n<li><a href='https:\/\/dalatreview.vn\/en#5-lien-he' class='heading-h2 toc-link smooth-scroll'>5. Li\u00ean h\u1ec7<\/a><\/ul>\n<\/ul>\n<\/li>\n<\/ul>\n<\/nav>\n<h2 style=\"text-align: center;\" id=\"cam-trai-san-may-tren-doi-thien-phuc-duc-da-lat-tour-campart-lon-ton\"><strong><span style=\"font-size: 20px; color: #003300;\">C\u1eafm Tr\u1ea1i S\u0103n M\u00e2y Tr\u00ean \u0110\u1ed3i Thi\u00ean Ph\u00fac \u0110\u1ee9c \u0110\u00e0 L\u1ea1t &#8211; <\/span><\/strong><strong><span style=\"font-size: 20px; color: #003300;\">Tour CampArt Lon Ton\u00a0<\/span><\/strong><\/h2>\n<p>&#8220;M\u00ecnh xa th\u00e0nh ph\u1ed1, t\u00ecm v\u1ec1 m\u1ed9t n\u01a1i th\u1eadt an nhi\u00ean. T\u1ea1m qu\u00ean ng\u00e0y th\u00e1ng, b\u1ecf l\u1ea1i \u0111\u1eb1ng sau nh\u1eefng mu\u1ed9n phi\u1ec1n&#8221;. T\u1ea1m r\u1eddi xa ch\u1ed1n ph\u1ed3n hoa n\u00e1o nhi\u1ec7t c\u1ee7a th\u00e0nh ph\u1ed1, g\u00e1c l\u1ea1i m\u1ecdi cu\u1ed3ng quay c\u1ee7a deadline m\u00ecnh c\u00f9ng l\u00ean \u0111\u1ed3 \u0111i c\u1eafm tr\u1ea1i \u0111\u1ec3 c\u1ea3m nh\u1eadn m\u1ed9t ch\u00fat kh\u00f4ng kh\u00ed b\u00ecnh y\u00ean c\u1ee7a \u0110\u00e0 L\u1ea1t th\u00f4i n\u00e0o m\u1ecdi ng\u01b0\u1eddi \u01a1i. N\u1ebfu b\u1ea1n mu\u1ed1n t\u00ecm l\u1ea1i c\u1ea3m gi\u00e1c b\u00ecnh y\u00ean trong t\u00e2m h\u1ed3n m\u00ecnh th\u00ec h\u00e3y \u0111\u1ec3 \u0110\u00e0 L\u1ea1t Review gi\u1edbi thi\u1ec7u \u0111\u1ebfn b\u1ea1n m\u1ed9t chi\u1ebfc Tour CampArt Lon Ton h\u1ee9a h\u1eb9n s\u1ebd mang \u0111\u1ebfn s\u1ef1 nh\u1eb9 nh\u00e0ng b\u00ecnh y\u00ean m\u00e0 b\u1ea1n \u0111ang mu\u1ed1n t\u00ecm ki\u1ebfm.<\/p>\n<p><a href=\"https:\/\/dalatreview.vn\/en\/cam-trai-san-may-duoi-chan-doi-da-lat.html\/\"><img decoding=\"async\" class=\"aligncenter wp-image-20488 size-full\" src=\"https:\/\/dalatreview.vn\/wp-content\/uploads\/2022\/07\/Tour-Campart-Lon-Ton-1.jpg\" alt=\" C\u1eafm Tr\u1ea1i S\u0103n M\u00e2y D\u01b0\u1edbi Ch\u00e2n \u0110\u1ed3i \u0110\u00e0 L\u1ea1t\" width=\"1200\" height=\"900\" \/><\/a><\/p>\n<h2 id=\"1-tour-campart-lon-ton-cam-trai-san-may-cuc-chill-duoi-chan-doi-da-lat\"><strong><span style=\"font-size: 20px; color: #003300;\">1. Tour CampArt Lon Ton &#8211; C\u1eafm Tr\u1ea1i S\u0103n M\u00e2y<\/span><\/strong><strong style=\"font-size: 16px;\"><span style=\"font-size: 20px; color: #003300;\">\u00a0C\u1ef1c Chill D\u01b0\u1edbi Ch\u00e2n \u0110\u1ed3i \u0110\u00e0 L\u1ea1t<\/span><\/strong><\/h2>\n<p>M\u00f9a h\u00e8 m\u00e0 kh\u00f4ng \u0111i \u0110\u00e0 L\u1ea1t tr\u1ea3i nghi\u1ec7m c\u1eafm tr\u1ea1i ngo\u00e0i tr\u1eddi l\u00e0 c\u00f3 l\u1ed7i v\u1edbi m\u1eb9 thi\u00ean nhi\u00ean v\u1edbi b\u1ea3n th\u00e2n l\u1eafm nha b\u1ea1n \u01a1i! \u0110\u1ebfn v\u1edbi CampArt Lon Ton, ngo\u00e0i c\u1eafm tr\u1ea1i b\u1ea1n s\u1ebd \u0111\u01b0\u1ee3c s\u0103n m\u00e2y, ng\u1eafm ho\u00e0ng h\u00f4n mi\u1ec5n ph\u00ed m\u00e0 ch\u1eb3ng c\u1ea7n ph\u1ea3i di chuy\u1ec3n \u0111i xa. B\u1eadt m\u00ed m\u1ed9t ch\u00fat v\u1edbi m\u1ecdi ng\u01b0\u1eddi l\u00e0 view s\u0103n m\u00e2y, ng\u1eafm ho\u00e0ng h\u00f4n \u1edf \u0111\u00e2y c\u1ef1c k\u1ef3 &#8220;Chill&#8221; lu\u00f4n nha. CampArt Lon Ton t\u1ecda l\u1ea1c ngay t\u1ea1i \u0111\u1ed3i Thi\u00ean Ph\u00fac \u0110\u1ee9c c\u00e1ch trung t\u00e2m \u0110\u00e0 L\u1ea1t 5km di chuy\u1ec3n.<\/p>\n<p><a href=\"https:\/\/dalatreview.vn\/en\/cam-trai-san-may-duoi-chan-doi-da-lat.html\/\"><img decoding=\"async\" class=\"aligncenter wp-image-20492 size-full\" src=\"https:\/\/dalatreview.vn\/wp-content\/uploads\/2022\/07\/trai-nghiem-tour-CampArt.jpg\" alt=\" C\u1eafm Tr\u1ea1i S\u0103n M\u00e2y D\u01b0\u1edbi Ch\u00e2n \u0110\u1ed3i \u0110\u00e0 L\u1ea1t\" width=\"1200\" height=\"900\" \/><\/a><\/p>\n<p>M\u1ed7i s\u00e1ng tinh m\u01a1 th\u1ee9c d\u1eady ng\u1eafm nh\u00ecn nh\u1eefng l\u1edbp s\u01b0\u01a1ng m\u00f9 d\u00e0y \u0111\u1eb7c gi\u0103ng k\u00edn kh\u1eafp l\u1ed1i qua nh\u1eefng qu\u1ea3 \u0111\u1ed3i ch\u1eadp ch\u00f9ng, h\u00edt th\u1edf m\u1ed9t b\u1ea7u kh\u00f4ng kh\u00ed trong l\u00e0nh c\u00f9ng v\u1edbi h\u01b0\u01a1ng th\u01a1m c\u1ee7a nh\u1eefng b\u00f4ng hoa c\u1ecf d\u1ea1i kh\u00f4ng c\u00f3 nh\u1eefng \u00e2m thanh c\u00f2i xe n\u00e1o nhi\u1ec7t b\u1ed7ng ch\u1ed1c ta th\u1ea5y l\u00f2ng m\u00ecnh nh\u1eb9 nh\u00e0ng b\u00ecnh y\u00ean \u0111\u1ebfn l\u1ea1.<\/p>\n<p><a href=\"https:\/\/dalatreview.vn\/en\/cam-trai-san-may-duoi-chan-doi-da-lat.html\/\"><img decoding=\"async\" class=\"aligncenter wp-image-20494 size-full\" src=\"https:\/\/dalatreview.vn\/wp-content\/uploads\/2022\/07\/tour-Campart-1-2.jpg\" alt=\"C\u1eafm Tr\u1ea1i S\u0103n M\u00e2y D\u01b0\u1edbi Ch\u00e2n \u0110\u1ed3i \u0110\u00e0 L\u1ea1t\" width=\"1200\" height=\"900\" \/><\/a><\/p>\n<p>T\u1ea1m g\u00e1c l\u1ea1i m\u1ecdi lo \u00e2u c\u1ee7a cu\u1ed9c s\u1ed1ng, m\u1ed7i bu\u1ed5i chi\u1ec1u ng\u1eafm nh\u00ecn khung c\u1ea3nh ho\u00e0ng h\u00f4n m\u1edd \u1ea3o, t\u1ed1i \u0111\u1ebfn ng\u1ed3i qu\u00e2y qu\u1ea7n b\u00ean b\u1ebfp l\u1eeda c\u00f9ng nhau lai rai m\u1ed9t ch\u00fat \u0111\u1ed3 n\u01b0\u1edbng trong ti\u1ebft tr\u1eddi se l\u1ea1nh c\u1ee7a \u0110\u00e0 L\u1ea1t th\u00ec c\u00f2n \u0111i\u1ec1u g\u00ec tuy\u1ec7t v\u1eddi h\u01a1n n\u1eefa nh\u1ec9?<\/p>\n<p><a href=\"https:\/\/dalatreview.vn\/en\/cam-trai-san-may-duoi-chan-doi-da-lat.html\/\"><img decoding=\"async\" class=\"aligncenter wp-image-20495 size-full\" src=\"https:\/\/dalatreview.vn\/wp-content\/uploads\/2022\/07\/CampArt.jpg\" alt=\"C\u1eafm Tr\u1ea1i S\u0103n M\u00e2y D\u01b0\u1edbi Ch\u00e2n \u0110\u1ed3i \u0110\u00e0 L\u1ea1t\" width=\"1200\" height=\"900\" \/><\/a><\/p>\n<p>H\u00e3y th\u1eed t\u01b0\u1edfng t\u01b0\u1ee3ng m\u1ed7i bu\u1ed5i s\u00e1ng th\u1ee9c d\u1eady v\u1edbi khung c\u1ea3nh m\u00e2y bay ngang tr\u1eddi n\u1eafng chi\u1ebfu qua nh\u1eefng khu \u0111\u1ed3i, t\u1ed1i \u0111\u1ebfn d\u01b0\u1edbi c\u00e1i th\u1eddi ti\u1ebft se l\u1ea1nh c\u1ee7a \u0110\u00e0 L\u1ea1t \u0111\u01b0\u1ee3c ng\u1ed3i c\u1ea1nh nhau b\u00ean b\u1ebfp than h\u1ed3ng r\u1ef1c l\u1eeda v\u1edbi nh\u1eefng m\u00f3n BBQ th\u01a1m n\u1ee9c m\u0169i th\u00ec m\u00ecnh tin ch\u1eafc ch\u1eafn \u0111\u00e2y s\u1ebd l\u00e0 m\u1ed9t tr\u1ea3i nghi\u1ec7m \u0111\u00e1ng nh\u1edb khi b\u1ea1n \u0111\u1ebfn v\u1edbi \u0110\u00e0 L\u1ea1t.<\/p>\n<p><a href=\"https:\/\/dalatreview.vn\/en\/cam-trai-san-may-duoi-chan-doi-da-lat.html\/\"><img decoding=\"async\" class=\"aligncenter wp-image-20496 size-full\" src=\"https:\/\/dalatreview.vn\/wp-content\/uploads\/2022\/07\/CampArt1.jpg\" alt=\"C\u1eafm Tr\u1ea1i S\u0103n M\u00e2y D\u01b0\u1edbi Ch\u00e2n \u0110\u1ed3i \u0110\u00e0 L\u1ea1t\" width=\"1200\" height=\"900\" \/><\/a><\/p>\n<h2 id=\"2-nhung-diem-dac-biet-cua-tour-campart-lon-ton\"><strong><span style=\"font-size: 20px; color: #003300;\">2. Nh\u1eefng \u0111i\u1ec3m \u0111\u1eb7c bi\u1ec7t c\u1ee7a Tour CampArt Lon Ton<\/span><\/strong><\/h2>\n<p>\u2705B\u1ea1n s\u1ebd \u0111\u01b0\u1ee3c ng\u1eafm nh\u1eefng bi\u1ec3n m\u00e2y lung linh huy\u1ec1n \u1ea3o v\u00e0o m\u1ed7i bu\u1ed5i s\u00e1ng s\u1edbm.<\/p>\n<p>\u2705\u0110\u1ebfn \u0111\u00e2y b\u1ea1n s\u1ebd \u0111\u01b0\u1ee3c chi\u1ebfm ng\u01b0\u1ee1ng view ng\u1eafm ho\u00e0ng h\u00f4n l\u00e3ng m\u1ea1n tuy\u1ec7t \u0111\u1eb9p.<\/p>\n<p>\u2705\u0110\u01b0\u1ee3c c\u1eafm tr\u1ea1i h\u00f2a m\u00ecnh v\u00e0o thi\u00ean nhi\u00ean trong l\u00e0nh.<\/p>\n<p>\u2705H\u1ecdc c\u00e1ch d\u1ef1ng l\u1ec1u, bu\u1ed5i t\u1ed1i s\u1ebd c\u00f3 l\u1eeda tr\u1ea1i k\u1ebft h\u1ee3p v\u1edbi c\u00e1c ho\u1ea1t \u0111\u1ed9ng \u0103n ch\u01a1i.<\/p>\n<p>\u2705\u0110\u1ed3 n\u01b0\u1edbng BBQ th\u01a1m ngon lu\u00f4n \u0111\u01b0\u1ee3c sepup s\u1eb5n, ngo\u00e0i ra c\u00f2n c\u00f3 r\u01b0\u1ee3u Soju \u0111\u1ec3 b\u1ea1n c\u00f3 th\u1ec3 nh\u00e2m nhi.<\/p>\n<p>\u2705\u0110\u01b0\u1ee3c qu\u00e2y qu\u1ea7n c\u00f9ng ng\u01b0\u1eddi th\u00e2n, b\u1ea1n b\u00e8 b\u00ean b\u1ebfp l\u1eeda tr\u1ea1i th\u01b0\u1edfng th\u1ee9c nh\u1eefng m\u00f3n \u0103n ngon.<\/p>\n<p>\u2705L\u01b0u l\u1ea1i nh\u1eefng kho\u1ea3nh kh\u1eafc \u00fd ngh\u0129a th\u00fa v\u1ecb c\u00f9ng gia \u0111\u00ecnh, b\u1ea1n b\u00e8 v\u00e0 ng\u01b0\u1eddi y\u00eau.<\/p>\n<p>\u2705V\u1ecb tr\u00ed l\u1ec1u \u1edf \u0111\u00e2y \u0111\u01b0\u1ee3c x\u1ebfp th\u00e0nh m\u1ed9t v\u00f2ng tr\u00f2n bao quanh l\u1eeda tr\u1ea1i t\u1ea1o n\u00ean c\u1ea3m gi\u00e1c g\u1ea7n g\u0169i v\u00e0 \u1ea5m c\u00fang.<\/p>\n<p>\u2705Ngo\u00e0i l\u00e0 khu c\u1eafm tr\u1ea1i \u0111\u00e2y c\u00f2n l\u00e0 m\u1ed9t qu\u00e1n c\u00e0 ph\u00ea c\u00f3 view ng\u1eafm ho\u00e0ng h\u00f4n cu\u1ed1i ng\u00e0y c\u1ef1c chill.<\/p>\n<p>\u2705Setup l\u1ec1u \u0111\u1eb9p, sang v\u1edbi \u0111\u1ea7y \u0111\u1ee7 ti\u1ec7n nghi v\u00e0\u00a0c\u00f3 nh\u00e0 v\u1ec7 sinh, \u0111i c\u1eafm tr\u1ea1i m\u00e0 c\u1ee9 ng\u1ee1 nh\u01b0 \u1edf kh\u00e1ch s\u1ea1n v\u1eady \u0111\u00f3.<\/p>\n<p><a href=\"https:\/\/dalatreview.vn\/en\/cam-trai-san-may-duoi-chan-doi-da-lat.html\/\"><img decoding=\"async\" class=\"aligncenter wp-image-20498 size-full\" src=\"https:\/\/dalatreview.vn\/wp-content\/uploads\/2022\/07\/Tour-Campart-Lon-ton-1-1.jpg\" alt=\" C\u1eafm Tr\u1ea1i S\u0103n M\u00e2y D\u01b0\u1edbi Ch\u00e2n \u0110\u1ed3i \u0110\u00e0 L\u1ea1t\" width=\"1200\" height=\"900\" \/><\/a><\/p>\n<h2 id=\"3-lich-trinh-lon-ton-campart-tour\"><strong><span style=\"font-size: 20px; color: #003300;\">3. L\u1ecbch tr\u00ecnh Lon Ton CampArt Tour<\/span><\/strong><\/h2>\n<p><strong>\ud83d\uddd2L\u1ecbch tr\u00ecnh c\u1ee5 th\u1ec3 Tour CampArt Lon Ton:<\/strong><\/p>\n<p>16:00PM: Check in v\u00e0 nh\u1eadn l\u1ec1u tr\u1ea1i (m\u00ecnh \u0111i bao nhi\u00eau ng\u01b0\u1eddi th\u00ec s\u1ebd c\u00f3 ng\u01b0\u1eddi b\u00ean camp s\u1eafp x\u1ebfp l\u1ec1u tr\u1ea1i size l\u1ec1u ph\u00f9 h\u1ee3p cho m\u00ecnh lu\u00f4n).<\/p>\n<p>16:30PM: T\u1ef1 do sinh ho\u1ea1t ai th\u00edch l\u00e0m g\u00ec th\u00ec l\u00e0m, m\u00faa l\u1eeda, hithop hay gi\u1eadt \u0111\u00f9ng \u0111\u00f9ng c\u0169ng \u0111\u01b0\u1ee3c\ud83e\udd23 , m\u1ec7t qu\u00e1 th\u00ec v\u00f4 t\u1eafm cho m\u00e1t c\u00f3 Toliet &amp; Nh\u00e0 T\u1eafm lu\u00f4n \u1ea1<\/p>\n<p>19:00PM: B\u1eaft \u0111\u1ea7u v\u00f4 ti\u1ebft m\u1ee5c ch\u00ednh n\u00e0o , \u0103n \u0111\u1ed3 n\u01b0\u1edbng m\u00e0 ng\u1eafm view nh\u00e0 \u0111\u00e8n l\u1ed3ng th\u00ec \u0111\u01b0\u1ee3c g\u1ecdi l\u00e0 g\u00ec \u1ea1\u2026 n\u00f3 c\u1ee9 ph\u1ea3i g\u1ecdi l\u00e0 H\u1ebeT N\u01af\u1edaC CH\u1ea4M lu\u00f4n , c\u00f2n c\u1ea3 ti\u1ebft m\u1ee5c \u0111\u1ed1t l\u1eeda tr\u1ea1i n\u1eefa nh\u00e1 n\u00ean h\u00e3y B\u1eacT CH\u1ebe \u0110\u1ed8 BAY L\u00caN \u2708\ufe0f<\/p>\n<p>21:00PM: Chill h\u00e1t h\u00f2 c\u00e1c ki\u1ec3u con \u0111\u00e0 \u0111i\u1ec3u , ai h\u00e1t hay th\u00ec h\u00e1t to c\u00f2n kh\u00f4ng bi\u1ebft h\u00e1t th\u00ec m\u00ecnh \u0111\u1ecdc nh\u1ea9m b\u1ea3ng c\u1eedu ch\u01b0\u01a1ng c\u0169ng \u0111\u01b0\u1ee3c \u1ea1 \ud83e\udd23<\/p>\n<p>22:30PM: M\u00ecnh s\u1ebd ng\u1ee7 gi\u1eef s\u1ee9c \u0111\u1ec3 mai d\u1eady s\u1edbm s\u0103n m\u00e2y nh\u00e9 , ai mu\u1ed1n th\u1ee9c c\u0169ng \u0111\u01b0\u1ee3c \ud83d\ude34<\/p>\n<p>4:30AM: \u0110\u1eb6C BI\u1ec6T t\u1ea1i Camping Art \u0110\u00e0 L\u1ea1t bu\u1ed5i t\u1ed1i chill bao nhi\u00eau th\u00ec bu\u1ed5i s\u00e1ng chill g\u1ea5p \ud83d\udd1f nh\u00e9 , th\u1ee9c d\u1eady m\u1edf l\u1ec1u ra th\u1ea5y xung quanh l\u00e0 m\u00e2y c\u1ea3m gi\u00e1c c\u1ef1c th\u00edch lu\u00f4n \u00e1 , tha h\u1ed3 m\u00e0 s\u1ed1ng \u1ea3o lu\u00f4n \ud83c\udf25<\/p>\n<p>6:00AM: \u0102n s\u00e1ng u\u1ed1ng caffe , b\u1eefa s\u00e1ng \u1edf \u0111\u00e2y c\u00f3 m\u00ec g\u00f3i , b\u00e1nh sandwich n\u1ebfu ai kh\u00f4ng u\u1ed1ng \u0111\u01b0\u1ee3c caffe c\u00f3 th\u1ec3 u\u1ed1ng tr\u00e0 nh\u00e9<\/p>\n<p>12:00AM: Check out.<\/p>\n<p>L\u01b0u \u00fd: Qu\u00fd kh\u00e1ch t\u1ef1 t\u00fac di chuy\u1ec3n \u0111\u1ebfn \u0111\u1ecba \u0111i\u1ec3m c\u1eafm tr\u1ea1i.<\/p>\n<p><a href=\"https:\/\/dalatreview.vn\/en\/cam-trai-san-may-duoi-chan-doi-da-lat.html\/\"><img decoding=\"async\" class=\"alignnone wp-image-20512 size-full\" src=\"https:\/\/dalatreview.vn\/wp-content\/uploads\/2022\/07\/CampArt-1.jpg\" alt=\"C\u1eafmTr\u1ea1i S\u0103n M\u00e2y D\u01b0\u1edbi Ch\u00e2n \u0110\u1ed3i \u0110\u00e0 L\u1ea1t\" width=\"1959\" height=\"1098\" \/><\/a><\/p>\n<h2 id=\"4-gia-tour-campart-lon-ton\"><span style=\"font-size: 20px;\"><strong><span style=\"color: #003300;\">4. Gi\u00e1 Tour CampArt Lon ton<\/span><\/strong><\/span><\/h2>\n<p>\ud83d\udcb5Gi\u00e1 Tour: 750.000\u0111 \/ng\u01b0\u1eddi\/\u0111\u00eam<\/p>\n<p>\ud83d\udcb5\u00a0Gi\u00e1 tour bao g\u1ed3m c\u00e1c d\u1ecbch v\u1ee5 sau \u0111\u00e2y:<\/p>\n<p>+B\u1ea1n ch\u1ec9 c\u1ea7n tr\u1ea3 chi ph\u00ed, sau \u0111\u00f3 \u0111\u1ebfn \u0111\u1ecba \u0111i\u1ec3m h\u1eb9n ch\u00fang ta g\u1eb7p nhau t\u1ea1i Lon ton \u0111\u1ec3 tr\u1ea3i nghi\u1ec7m v\u00e0 b\u1ea1n ch\u1ec9 c\u1ea7n \u0111em theo m\u1ed9t \u00edt v\u1eady d\u1ee5ng c\u00e1 nh\u00e2n.<\/p>\n<p>+C\u1eafm tr\u1ea1i t\u1ea1i thi\u00ean nhi\u00ean.<\/p>\n<p>+B\u00ean Camp c\u00f3 toliet &amp; nh\u00e0 t\u1eafm \u0111\u1ec3 s\u1eed d\u1ee5ng.<\/p>\n<p>+Setup l\u1ec1u \u0111\u1eb9p, sang v\u1edbi \u0111\u1ea7y \u0111\u1ee7 gi\u01b0\u1eddng, n\u1ec7m, m\u1ec1n, g\u1ed1i r\u1ea5t \u1ea5m \u00e1p.<\/p>\n<p>+Set \u0111\u1ed3 \u0103n \u0111\u01b0\u1ee3c chu\u1ea9n b\u1ecb s\u1eb5n (steak, x\u00fac x\u00edch, rau c\u1ee7, n\u01b0\u1edbc u\u1ed1ng).<\/p>\n<p>+Set b\u00e0n \u0103n, b\u1ebfp n\u01b0\u1edbng, mu\u1ed7ng, n\u0129a, d\u0129a&#8230;<\/p>\n<p>+Set \u0103n s\u00e1ng buffet: m\u00ec g\u00f3i, sandwich v\u00e0 b\u01a1, tr\u00e0, c\u00e0 ph\u00ea.<\/p>\n<h2 id=\"5-lien-he\"><strong><span style=\"font-size: 20px; color: #003300;\">5. Li\u00ean h\u1ec7<\/span><\/strong><\/h2>\n<p>\u260e\ufe0fHotline t\u01b0 v\u1ea5n: <span style=\"font-size: 16px;\">0986 978 394<\/span><\/p>\n<p>\ud83d\udc49Fanpage : <a href=\"https:\/\/www.facebook.com\/CampingArtDaLat\" target=\"_blank\" rel=\"noopener\">Camping Art \u0110\u00e0 L\u1ea1t<\/a><\/p>\n<p>\ud83d\udc49Xem th\u00eam b\u00e0i vi\u1ebft kh\u00e1c t\u1ea1i: <a href=\"https:\/\/www.facebook.com\/CampingArtDaLat\/\" target=\"_blank\" rel=\"noopener\">\u0110\u00e0 L\u1ea1t Review<\/a><\/p>","protected":false},"excerpt":{"rendered":"<p>Danh m\u1ee5c ch\u00ednh C\u1eafm Tr\u1ea1i S\u0103n M\u00e2y Tr\u00ean \u0110\u1ed3i Thi\u00ean Ph\u00fac \u0110\u1ee9c \u0110\u00e0 L\u1ea1t &#8211; Tour CampArt Lon Ton\u00a0 1. Tour CampArt Lon Ton &#8211; C\u1eafm Tr\u1ea1i S\u0103n M\u00e2y\u00a0C\u1ef1c Chill D\u01b0\u1edbi Ch\u00e2n \u0110\u1ed3i \u0110\u00e0 L\u1ea1t 2. Nh\u1eefng \u0111i\u1ec3m \u0111\u1eb7c bi\u1ec7t c\u1ee7a Tour CampArt Lon Ton 3. L\u1ecbch tr\u00ecnh Lon Ton CampArt Tour 4. Gi\u00e1 Tour [&hellip;]<\/p>","protected":false},"featured_media":20486,"comment_status":"open","ping_status":"closed","template":"","meta":{"_acf_changed":false,"rank_math_lock_modified_date":false},"product_cat":[26,27],"product_tag":[],"acf":[],"_links":{"self":[{"href":"https:\/\/dalatreview.vn\/en\/wp-json\/wp\/v2\/product\/20449"}],"collection":[{"href":"https:\/\/dalatreview.vn\/en\/wp-json\/wp\/v2\/product"}],"about":[{"href":"https:\/\/dalatreview.vn\/en\/wp-json\/wp\/v2\/types\/product"}],"replies":[{"embeddable":true,"href":"https:\/\/dalatreview.vn\/en\/wp-json\/wp\/v2\/comments?post=20449"}],"wp:featuredmedia":[{"embeddable":true,"href":"https:\/\/dalatreview.vn\/en\/wp-json\/wp\/v2\/media\/20486"}],"wp:attachment":[{"href":"https:\/\/dalatreview.vn\/en\/wp-json\/wp\/v2\/media?parent=20449"}],"wp:term":[{"taxonomy":"product_cat","embeddable":true,"href":"https:\/\/dalatreview.vn\/en\/wp-json\/wp\/v2\/product_cat?post=20449"},{"taxonomy":"product_tag","embeddable":true,"href":"https:\/\/dalatreview.vn\/en\/wp-json\/wp\/v2\/product_tag?post=20449"}],"curies":[{"name":"wp","href":"https:\/\/api.w.org\/{rel}","templated":true}]}}