
{"id":20410,"date":"2022-07-30T09:25:46","date_gmt":"2022-07-30T02:25:46","guid":{"rendered":"https:\/\/dalatreview.vn\/?p=20410"},"modified":"2024-07-11T10:25:33","modified_gmt":"2024-07-11T03:25:33","slug":"villa-da-lat-hung-vuong-4-phong-ngu","status":"publish","type":"product","link":"https:\/\/dalatreview.vn\/en\/villa-da-lat-hung-vuong-4-phong-ngu.html","title":{"rendered":"Villa \u0110\u00e0 L\u1ea1t H\u00f9ng V\u01b0\u01a1ng 4 ph\u00f2ng ng\u1ee7"},"content":{"rendered":"<nav class=\"vietrick-auto-toc\">\n<div class=\"box-title\">\n<h3 class=\"toc-title\" id=\"select-menu\">Danh m\u1ee5c ch\u00ednh<\/h3>\n<div><ion-icon name=\"chevron-up-outline\"><\/ion-icon><\/div>\n<\/div>\n<ul class=\"toc-list\"><\/ul>\n<li><a href='https:\/\/dalatreview.vn\/en#villa-da-lat-hung-vuong-4-phong-ngu' class='heading-h1 toc-link smooth-scroll'>Villa \u0110\u00e0 L\u1ea1t H\u00f9ng V\u01b0\u01a1ng 4 ph\u00f2ng ng\u1ee7<\/a>\n<li><a href='https:\/\/dalatreview.vn\/en#1-vi-tri' class='heading-h1 toc-link smooth-scroll'>1. V\u1ecb tr\u00ed<\/a>\n<li><a href='https:\/\/dalatreview.vn\/en#2-decor' class='heading-h1 toc-link smooth-scroll'>2. Decor<\/a>\n<li><a href='https:\/\/dalatreview.vn\/en#3-dich-vu-tien-nghi' class='heading-h1 toc-link smooth-scroll'>3. D\u1ecbch v\u1ee5 &amp; Ti\u1ec7n nghi<\/a>\n<li><a href='https:\/\/dalatreview.vn\/en#4-gia-phong' class='heading-h1 toc-link smooth-scroll'>4.\u00a0Gi\u00e1 ph\u00f2ng<\/a>\n<li><a href='https:\/\/dalatreview.vn\/en#5-lien-he' class='heading-h1 toc-link smooth-scroll'>5. Li\u00ean h\u1ec7<\/a><\/ul>\n<\/li>\n<\/ul>\n<\/nav>\n<h1 style=\"text-align: center;\" id=\"villa-da-lat-hung-vuong-4-phong-ngu\"><span style=\"font-size: 24px; color: #003300;\">Villa \u0110\u00e0 L\u1ea1t H\u00f9ng V\u01b0\u01a1ng 4 ph\u00f2ng ng\u1ee7<\/span><\/h1>\n<h1 style=\"text-align: left;\" id=\"1-vi-tri\"><span style=\"font-size: 20px; color: #003300;\"><strong>1. V\u1ecb tr\u00ed<\/strong><\/span><\/h1>\n<p>Villa n\u1eb1m \u1edf \u0111\u01b0\u1eddng H\u00f9ng V\u01b0\u01a1ng l\u00e0 v\u1ecb tr\u00ed gi\u00e1p trung t\u00e2m, thu\u1eadn ti\u1ec7n cho vi\u1ec7c di chuy\u1ec3n tham quan c\u00e1c \u0111\u1ecba \u0111i\u1ec3m du l\u1ecbch. Ch\u1ec9 m\u1ea5t 5-7 ph\u00fat ch\u1ea1y xe \u0111\u1ec3 \u0111\u1ebfn qu\u1ea3ng tr\u01b0\u1eddng v\u00e0 ch\u1ee3 \u0110\u00e0 L\u1ea1t. Xung quanh villa y\u00ean t\u0129nh, v\u0103n minh, ch\u1ec9 c\u1ea7n \u0111i 1-2 ph\u00fat l\u00e0 \u0111\u1ebfn c\u00e1c h\u00e0ng qu\u00e1n \u0103n ngon, cafe n\u1ed5i ti\u1ebfng \u0110\u00e0 L\u1ea1t.<\/p>\n<p><img decoding=\"async\" class=\"alignnone wp-image-20454\" src=\"https:\/\/dalatreview.vn\/wp-content\/uploads\/2022\/07\/4-3.jpg\" alt=\"\" width=\"1400\" height=\"919\"><\/p>\n<h1 id=\"2-decor\"><span style=\"font-size: 20px; color: #003300;\"><strong><span class=\"_4yxo _4yxp\">2. Decor<\/span><\/strong><\/span><\/h1>\n<p>Villa si\u00eau cao c\u1ea5p s\u1edf h\u1eefu m\u1ed9t kh\u00f4ng gian v\u00f4 c\u00f9ng tho\u00e1ng m\u00e1t v\u1edbi view cao, r\u1ed9ng,.. h\u1ee9a h\u1eb9n mang \u0111\u1ebfn cho gia \u0111\u00ecnh, b\u1ea1n b\u00e8 m\u1ed9t k\u1ef3 ngh\u1ec9 tuy\u1ec7t v\u1eddi v\u00e0 th\u01b0 gi\u00e3n. T\u1eebng g\u00f3c trong nh\u00e0 \u0111\u01b0\u1ee3c ch\u0103m ch\u00fat v\u1edbi c\u1eeda s\u1ed5 l\u1edbn view 360 Panorama \u0111\u1ed3i th\u00f4ng \u0111\u00f3n \u00e1nh n\u1eafng, c\u00e2y xanh v\u00e0 n\u1ed9i th\u1ea5t xinh x\u1eafn ch\u1ec9 c\u1ea7n gi\u01a1 m\u00e1y l\u00ean l\u00e0 c\u00f3 h\u00ecnh \u0111\u1eb9p.<\/p>\n<p><img decoding=\"async\" class=\"alignnone wp-image-20453\" src=\"https:\/\/dalatreview.vn\/wp-content\/uploads\/2022\/07\/3-3.jpg\" alt=\"\" width=\"1400\" height=\"926\"><\/p>\n<p>Villa mang phong c\u00e1ch ch\u00e2u \u00c2u hi\u1ec7n \u0111\u1ea1i, c\u00e1c ph\u00f2ng ng\u1ee7 v\u00e0 kh\u00f4ng gian sinh ho\u1ea1t chung \u0111\u1ec1u c\u00f3 c\u1eeda s\u1ed5 ho\u1eb7c ban c\u00f4ng h\u01b0\u1edbng nh\u00ecn view \u0111\u1ed3i th\u00f4ng c\u1ef1c chill.<\/p>\n<p>Kh\u00f4ng gian m\u1edf gi\u00fap b\u1ea1n c\u00f3 th\u1ec3 ng\u1eafm view \u0110\u00e0 L\u1ea1t \u1edf m\u1ecdi n\u01a1i, m\u1ecdi th\u1eddi \u0111i\u1ec3m trong ng\u00e0y qua c\u00e1c khung c\u1eeda k\u00ednh trong nh\u00e0.<\/p>\n<h1 id=\"3-dich-vu-tien-nghi\"><span style=\"font-size: 20px; color: #003300;\"><strong>3. D\u1ecbch v\u1ee5 &amp; Ti\u1ec7n nghi<\/strong><\/span><\/h1>\n<p>Villa \u0111\u1ea7y \u0111\u1ee7 \u0111\u1ed3 d\u00f9ng, trang thi\u1ebft b\u1ecb n\u1ed9i th\u1ea5t \u0111\u1ec3 b\u1ea1n tr\u1ea3i nghi\u1ec7m nh\u01b0 \u0111ang \u1edf nh\u00e0 c\u1ee7a ch\u00ednh m\u00ecnh!<\/p>\n<p><img decoding=\"async\" class=\"alignnone wp-image-20468 size-full\" src=\"https:\/\/dalatreview.vn\/wp-content\/uploads\/2022\/07\/pk-scaled.jpg\" alt=\"\" width=\"2560\" height=\"1920\"><\/p>\n<p>Quy m\u00f4: 4 ph\u00f2ng \u0111\u01a1n, WC ri\u00eang trong ph\u00f2ng, \u0111\u01b0\u1ee3c trang b\u1ecb b\u1ed3n t\u1eafm, c\u1eeda k\u00ednh l\u1edbn, 1 ph\u00f2ng kh\u00e1ch, 1 b\u1ebfp, ph\u00f2ng gi\u1ea3i tr\u00ed<\/p>\n<p><img decoding=\"async\" class=\"alignnone wp-image-20467 size-full\" src=\"https:\/\/dalatreview.vn\/wp-content\/uploads\/2022\/07\/pn-scaled.jpg\" alt=\"\" width=\"2560\" height=\"1920\"><\/p>\n<p>S\u1ee9c ch\u1ee9a l\u00ean t\u1edbi 10 ng\u01b0\u1eddi.<\/p>\n<p><img decoding=\"async\" class=\"alignnone wp-image-20459 size-full\" src=\"https:\/\/dalatreview.vn\/wp-content\/uploads\/2022\/07\/9-2.jpg\" alt=\"\" width=\"2036\" height=\"917\"><\/p>\n<p>Villa c\u00f3 s\u00e2n BBQ ngo\u00e0i tr\u1eddi, s\u00e2n \u0111\u1eadu xe \u00f4 t\u00f4 ri\u00eang bi\u1ec7t.<\/p>\n<p><img decoding=\"async\" class=\"alignnone wp-image-20465 size-full\" src=\"https:\/\/dalatreview.vn\/wp-content\/uploads\/2022\/07\/15-1.jpg\" alt=\"\" width=\"1562\" height=\"1365\"><\/p>\n<p>\u0110\u01b0\u1eddng l\u1edbn b\u1eb1ng ph\u1eb3ng d\u1ec5 \u0111i v\u00e0 ch\u1ec9 c\u00e1ch ch\u1ee3 \u0110\u00e0 L\u1ea1t 3km th\u00f4i n\u00e8.<\/p>\n<h1 id=\"4-gia-phong\"><span style=\"font-size: 20px; color: #003300;\"><strong><span class=\"_4yxo\">4.<\/span>\u00a0Gi\u00e1 ph\u00f2ng<\/strong><\/span><\/h1>\n<p>\u0110\u1ea7u tu\u1ea7n 11.000.000\/ nguy\u00ean c\u0103n<\/p>\n<p>Cu\u1ed1i tu\u1ea7n 12.000.000\/ nguy\u00ean c\u0103n<\/p>\n<h1 id=\"5-lien-he\"><span style=\"font-size: 20px; color: #003300;\"><strong>5. Li\u00ean h\u1ec7<\/strong><\/span><\/h1>\n<p>Fanpage:\u00a0<a href=\"https:\/\/www.facebook.com\/booking.dalatreview.vn\/\">Booking \u0110\u00e0 L\u1ea1t \u2013 www.dalatreview.vn<\/a><\/p>\n<p>S\u0110T\/Zalo: 0968 249 297<\/p>","protected":false},"excerpt":{"rendered":"<p class=\"p1\">Villa n\u1eb1m \u1edf \u0111\u01b0\u1eddng H\u00f9ng V\u01b0\u01a1ng l\u00e0 v\u1ecb tr\u00ed gi\u00e1p trung t\u00e2m, thu\u1eadn ti\u1ec7n cho vi\u1ec7c di chuy\u1ec3n tham quan c\u00e1c \u0111\u1ecba \u0111i\u1ec3m du l\u1ecbch. Ch\u1ec9 m\u1ea5t 5-7 ph\u00fat ch\u1ea1y xe \u0111\u1ec3 \u0111\u1ebfn qu\u1ea3ng tr\u01b0\u1eddng v\u00e0 ch\u1ee3 \u0110\u00e0 L\u1ea1t. Xung quanh villa y\u00ean t\u0129nh, v\u0103n minh, ch\u1ec9 c\u1ea7n \u0111i 1-2 ph\u00fat l\u00e0 \u0111\u1ebfn c\u00e1c h\u00e0ng qu\u00e1n \u0103n ngon, cafe n\u1ed5i ti\u1ebfng \u0110\u00e0 L\u1ea1t.<\/p>\n<p class=\"p1\">S\u1ee9c ch\u1ee9a l\u00ean t\u1edbi 10 ng\u01b0\u1eddi.<\/p>","protected":false},"featured_media":20465,"comment_status":"open","ping_status":"closed","template":"","meta":{"_acf_changed":false,"rank_math_lock_modified_date":false},"product_cat":[29,2248,45],"product_tag":[],"acf":[],"_links":{"self":[{"href":"https:\/\/dalatreview.vn\/en\/wp-json\/wp\/v2\/product\/20410"}],"collection":[{"href":"https:\/\/dalatreview.vn\/en\/wp-json\/wp\/v2\/product"}],"about":[{"href":"https:\/\/dalatreview.vn\/en\/wp-json\/wp\/v2\/types\/product"}],"replies":[{"embeddable":true,"href":"https:\/\/dalatreview.vn\/en\/wp-json\/wp\/v2\/comments?post=20410"}],"wp:featuredmedia":[{"embeddable":true,"href":"https:\/\/dalatreview.vn\/en\/wp-json\/wp\/v2\/media\/20465"}],"wp:attachment":[{"href":"https:\/\/dalatreview.vn\/en\/wp-json\/wp\/v2\/media?parent=20410"}],"wp:term":[{"taxonomy":"product_cat","embeddable":true,"href":"https:\/\/dalatreview.vn\/en\/wp-json\/wp\/v2\/product_cat?post=20410"},{"taxonomy":"product_tag","embeddable":true,"href":"https:\/\/dalatreview.vn\/en\/wp-json\/wp\/v2\/product_tag?post=20410"}],"curies":[{"name":"wp","href":"https:\/\/api.w.org\/{rel}","templated":true}]}}