
{"id":20401,"date":"2022-07-29T14:58:40","date_gmt":"2022-07-29T07:58:40","guid":{"rendered":"https:\/\/dalatreview.vn\/?p=20401"},"modified":"2024-07-11T10:30:04","modified_gmt":"2024-07-11T03:30:04","slug":"villa-da-lat-trinh-hoai-duc-4-phong","status":"publish","type":"product","link":"https:\/\/dalatreview.vn\/en\/villa-da-lat-trinh-hoai-duc-4-phong.html","title":{"rendered":"Villa \u0110\u00e0 L\u1ea1t Tr\u1ecbnh Ho\u00e0i \u0110\u1ee9c 4 ph\u00f2ng"},"content":{"rendered":"<nav class=\"vietrick-auto-toc\">\n<div class=\"box-title\">\n<h3 class=\"toc-title\" id=\"select-menu\">Danh m\u1ee5c ch\u00ednh<\/h3>\n<div><ion-icon name=\"chevron-up-outline\"><\/ion-icon><\/div>\n<\/div>\n<ul class=\"toc-list\"><\/ul>\n<li><a href='https:\/\/dalatreview.vn\/en#villa-da-lat-trinh-hoai-duc-4-phong' class='heading-h1 toc-link smooth-scroll'>Villa \u0110\u00e0 L\u1ea1t Tr\u1ecbnh Ho\u00e0i \u0110\u1ee9c 4 Ph\u00f2ng<\/a>\n<li><a href='https:\/\/dalatreview.vn\/en#1-vi-tri' class='heading-h1 toc-link smooth-scroll'>1. V\u1ecb tr\u00ed<\/a>\n<li><a href='https:\/\/dalatreview.vn\/en#2-decor' class='heading-h1 toc-link smooth-scroll'>2. Decor<\/a>\n<li><a href='https:\/\/dalatreview.vn\/en#3-dich-vu-tien-nghi' class='heading-h1 toc-link smooth-scroll'>3. D\u1ecbch v\u1ee5 &amp; Ti\u1ec7n nghi<\/a>\n<li><a href='https:\/\/dalatreview.vn\/en#4-gia-phong' class='heading-h1 toc-link smooth-scroll'>4.\u00a0Gi\u00e1 ph\u00f2ng<\/a>\n<li><a href='https:\/\/dalatreview.vn\/en#5-lien-he' class='heading-h1 toc-link smooth-scroll'>5. Li\u00ean h\u1ec7<\/a><\/ul>\n<\/li>\n<\/ul>\n<\/nav>\n<h1 style=\"text-align: center;\" id=\"villa-da-lat-trinh-hoai-duc-4-phong\"><span style=\"font-size: 24px; color: #003300;\"><strong>Villa \u0110\u00e0 L\u1ea1t Tr\u1ecbnh Ho\u00e0i \u0110\u1ee9c 4 Ph\u00f2ng<\/strong><\/span><\/h1>\n<h1 id=\"1-vi-tri\"><span style=\"font-size: 20px; color: #003300;\"><strong>1. V\u1ecb tr\u00ed<\/strong><\/span><\/h1>\n<p>Villa n\u1eb1m \u1edf \u0111\u01b0\u1eddng Tr\u1ecbnh Ho\u00e0i \u0110\u1ee9c l\u00e0 v\u1ecb tr\u00ed gi\u00e1p trung t\u00e2m, thu\u1eadn ti\u1ec7n cho vi\u1ec7c di chuy\u1ec3n tham quan c\u00e1c \u0111\u1ecba \u0111i\u1ec3m du l\u1ecbch. Ch\u1ec9 m\u1ea5t 7-10 ph\u00fat ch\u1ea1y xe \u0111\u1ec3 \u0111\u1ebfn qu\u1ea3ng tr\u01b0\u1eddng v\u00e0 ch\u1ee3 \u0110\u00e0 L\u1ea1t. Ngo\u00e0i ra Villa c\u00f2n s\u1edf h\u1eefu m\u1ed9t kh\u00f4ng gian v\u00f4 c\u00f9ng tho\u00e1ng m\u00e1t v\u1edbi view cao, r\u1ed9ng,.. h\u1ee9a h\u1eb9n mang \u0111\u1ebfn cho gia \u0111\u00ecnh, b\u1ea1n b\u00e8 m\u1ed9t k\u1ef3 ngh\u1ec9 tuy\u1ec7t v\u1eddi v\u00e0 th\u01b0 gi\u00e3n.<\/p>\n<p><img decoding=\"async\" class=\"alignnone wp-image-20403 size-full\" src=\"https:\/\/dalatreview.vn\/wp-content\/uploads\/2022\/07\/thd-san-scaled-1.jpg\" alt=\"\" width=\"2560\" height=\"1920\"><\/p>\n<p>B\u00ean c\u1ea1nh \u0111\u00f3, \u0111\u00e2y c\u00f2n l\u00e0 tuy\u1ebfn \u0111\u01b0\u1eddng g\u1eafn li\u1ec1n v\u1edbi nhi\u1ec1u \u0111\u1ecba \u0111i\u1ec3m \u0103n u\u1ed1ng, mua s\u1eafm, c\u00e1c qu\u00e1n c\u00e0 ph\u00ea, tr\u00e0 s\u1eefa,.. \u0111\u1ec3 cho b\u1ea1n c\u00f9ng v\u1edbi gia \u0111\u00ecnh, ng\u01b0\u1eddi th\u00e2n, b\u1ea1n b\u00e8,.. checkin l\u01b0u gi\u1eef k\u1ec9 ni\u1ec7m c\u00f9ng nhau.<\/p>\n<h1 id=\"2-decor\"><span style=\"font-size: 20px; color: #003300;\"><strong><span class=\"_4yxo _4yxp\">2. Decor<\/span><\/strong><\/span><\/h1>\n<p>C\u0103n nh\u00e0 \u0111\u01b0\u1ee3c thi\u1ebft k\u1ebf theo phong c\u00e1ch hi\u1ec7n \u0111\u1ea1i, t\u1ed1i gi\u1ea3n, c\u00e1c ph\u00f2ng ng\u1ee7 v\u00e0 kh\u00f4ng gian sinh ho\u1ea1t chung \u0111\u1ec1u c\u00f3 c\u1eeda s\u1ed5 ho\u1eb7c ban c\u00f4ng h\u01b0\u1edbng nh\u00ecn view nh\u00e0 l\u1ed3ng v\u1ec1 \u0111\u00eam lung linh huy\u1ec1n \u1ea3o.<\/p>\n<p><img decoding=\"async\" class=\"alignnone wp-image-20405 size-full\" src=\"https:\/\/dalatreview.vn\/wp-content\/uploads\/2022\/07\/thd-view-scaled-1.jpg\" alt=\"\" width=\"2560\" height=\"1920\"><\/p>\n<p>Kh\u00f4ng gian m\u1edf gi\u00fap b\u1ea1n c\u00f3 th\u1ec3 ng\u1eafm view \u0110\u00e0 L\u1ea1t \u1edf m\u1ecdi n\u01a1i, m\u1ecdi th\u1eddi \u0111i\u1ec3m trong ng\u00e0y qua c\u00e1c khung c\u1eeda k\u00ednh trong nh\u00e0.<\/p>\n<h1 id=\"3-dich-vu-tien-nghi\"><span style=\"font-size: 20px; color: #003300;\"><strong>3. D\u1ecbch v\u1ee5 &amp; Ti\u1ec7n nghi<\/strong><\/span><\/h1>\n<p>Villa \u0111\u1ea7y \u0111\u1ee7 \u0111\u1ed3 d\u00f9ng, trang thi\u1ebft b\u1ecb n\u1ed9i th\u1ea5t \u0111\u1ec3 b\u1ea1n tr\u1ea3i nghi\u1ec7m nh\u01b0 \u0111ang \u1edf nh\u00e0 c\u1ee7a ch\u00ednh m\u00ecnh!<\/p>\n<p><img decoding=\"async\" class=\"alignnone wp-image-20404 size-full\" src=\"https:\/\/dalatreview.vn\/wp-content\/uploads\/2022\/07\/thd-kshc-scaled-1.jpg\" alt=\"\" width=\"2560\" height=\"1920\"><\/p>\n<p>Quy m\u00f4: 3 ph\u00f2ng \u0111\u01a1n v\u00e0 1 ph\u00f2ng t\u1eadp th\u1ec3, 1 ph\u00f2ng kh\u00e1ch, 1 b\u1ebfp, 4 wc.<\/p>\n<p>S\u1ee9c ch\u1ee9a l\u00ean t\u1edbi 15 ng\u01b0\u1eddi m\u00e0 gi\u00e1 l\u1ea1i h\u1ea1t d\u1ebb.<\/p>\n<p>Villa c\u00f3 s\u00e2n BBQ ngo\u00e0i tr\u1eddi, s\u00e2n \u0111\u1eadu xe \u00f4 t\u00f4 ri\u00eang bi\u1ec7t.<\/p>\n<p>\u0110\u01b0\u1eddng l\u1edbn 8m b\u1eb1ng ph\u1eb3ng d\u1ec5 \u0111i v\u00e0 ch\u1ec9 c\u00e1ch ch\u1ee3 \u0110\u00e0 L\u1ea1t 4km th\u00f4i n\u00e8<\/p>\n<p><img decoding=\"async\" class=\"alignnone wp-image-20406 size-full\" src=\"https:\/\/dalatreview.vn\/wp-content\/uploads\/2022\/07\/thd-pn-scaled-1.jpg\" alt=\"\" width=\"2560\" height=\"1920\"><\/p>\n<h1 id=\"4-gia-phong\"><strong><span style=\"font-size: 20px; color: #003300;\"><span class=\"_4yxo\">4.<\/span>\u00a0Gi\u00e1 ph\u00f2ng<\/span><\/strong><\/h1>\n<p>\u0110\u1ea7u tu\u1ea7n 3,000,000\/ nguy\u00ean c\u0103n<\/p>\n<p>Cu\u1ed1i tu\u1ea7n 3,500,000\/ nguy\u00ean c\u0103n<\/p>\n<h1 id=\"5-lien-he\"><strong><span style=\"font-size: 20px; color: #003300;\">5. Li\u00ean h\u1ec7<\/span><\/strong><\/h1>\n<p>Fanpage:\u00a0<a href=\"https:\/\/www.facebook.com\/booking.dalatreview.vn\/\">Booking \u0110\u00e0 L\u1ea1t \u2013 www.dalatreview.vn<\/a><\/p>\n<p>S\u0110T\/Zalo: 0968 249 297<\/p>","protected":false},"excerpt":{"rendered":"<p class=\"p1\">Villa n\u1eb1m \u1edf \u0111\u01b0\u1eddng Tr\u1ecbnh Ho\u00e0i \u0110\u1ee9c l\u00e0 v\u1ecb tr\u00ed gi\u00e1p trung t\u00e2m, thu\u1eadn ti\u1ec7n cho vi\u1ec7c di chuy\u1ec3n tham quan c\u00e1c \u0111\u1ecba \u0111i\u1ec3m du l\u1ecbch. Ch\u1ec9 m\u1ea5t 7-10 ph\u00fat ch\u1ea1y xe \u0111\u1ec3 \u0111\u1ebfn qu\u1ea3ng tr\u01b0\u1eddng v\u00e0 ch\u1ee3 \u0110\u00e0 L\u1ea1t. Ngo\u00e0i ra Villa c\u00f2n s\u1edf h\u1eefu m\u1ed9t kh\u00f4ng gian v\u00f4 c\u00f9ng tho\u00e1ng m\u00e1t v\u1edbi view cao, r\u1ed9ng,.. h\u1ee9a h\u1eb9n mang \u0111\u1ebfn cho gia \u0111\u00ecnh, b\u1ea1n b\u00e8 m\u1ed9t k\u1ef3 ngh\u1ec9 tuy\u1ec7t v\u1eddi v\u00e0 th\u01b0 gi\u00e3n.<\/p>","protected":false},"featured_media":20407,"comment_status":"open","ping_status":"closed","template":"","meta":{"_acf_changed":false,"rank_math_lock_modified_date":false},"product_cat":[29,2248,45],"product_tag":[],"acf":[],"_links":{"self":[{"href":"https:\/\/dalatreview.vn\/en\/wp-json\/wp\/v2\/product\/20401"}],"collection":[{"href":"https:\/\/dalatreview.vn\/en\/wp-json\/wp\/v2\/product"}],"about":[{"href":"https:\/\/dalatreview.vn\/en\/wp-json\/wp\/v2\/types\/product"}],"replies":[{"embeddable":true,"href":"https:\/\/dalatreview.vn\/en\/wp-json\/wp\/v2\/comments?post=20401"}],"wp:featuredmedia":[{"embeddable":true,"href":"https:\/\/dalatreview.vn\/en\/wp-json\/wp\/v2\/media\/20407"}],"wp:attachment":[{"href":"https:\/\/dalatreview.vn\/en\/wp-json\/wp\/v2\/media?parent=20401"}],"wp:term":[{"taxonomy":"product_cat","embeddable":true,"href":"https:\/\/dalatreview.vn\/en\/wp-json\/wp\/v2\/product_cat?post=20401"},{"taxonomy":"product_tag","embeddable":true,"href":"https:\/\/dalatreview.vn\/en\/wp-json\/wp\/v2\/product_tag?post=20401"}],"curies":[{"name":"wp","href":"https:\/\/api.w.org\/{rel}","templated":true}]}}