
{"id":20157,"date":"2022-07-27T16:26:21","date_gmt":"2022-07-27T09:26:21","guid":{"rendered":"https:\/\/dalatreview.vn\/?p=20157"},"modified":"2024-07-02T08:51:33","modified_gmt":"2024-07-02T08:51:33","slug":"tour-san-may-da-lat-thien-duong-san-may-cau-dat","status":"publish","type":"product","link":"https:\/\/dalatreview.vn\/en\/tour-san-may-da-lat-thien-duong-san-may-cau-dat.html","title":{"rendered":"Tour Hunting Cloud Dalat \u2013 Paradise Safari Rattan Land Bridge"},"content":{"rendered":"<nav class=\"vietrick-auto-toc\">\n<div class=\"box-title\">\n<h3 class=\"toc-title\" id=\"select-menu\">Danh m\u1ee5c ch\u00ednh<\/h3>\n<div><ion-icon name=\"chevron-up-outline\"><\/ion-icon><\/div>\n<\/div>\n<ul class=\"toc-list\">\n<li><a href='https:\/\/dalatreview.vn\/en#tour-san-may-da-lat-thien-duong-san-may-cau-dat' class='heading-h2 toc-link smooth-scroll'>Tour Hunting Cloud Dalat \u2013 Paradise Safari Rattan Land Bridge<\/a>\n<li><a href='https:\/\/dalatreview.vn\/en#1-tour-san-may-da-lat-chon-bong-lai-tien-canh' class='heading-h2 toc-link smooth-scroll'>1. Tour s\u0103n m\u00e2y \u0110\u00e0 L\u1ea1t &#8211; Ch\u1ed1n b\u1ed3ng lai ti\u00ean c\u1ea3nh<\/a>\n<li><a href='https:\/\/dalatreview.vn\/en#2-lich-trinh-tour-thien-duong-san-may-cau-dat' class='heading-h2 toc-link smooth-scroll'>2. L\u1ecbch tr\u00ecnh Tour Thi\u00ean \u0111\u01b0\u1eddng s\u0103n m\u00e2y C\u1ea7u \u0110\u1ea5t<\/a>\n<li><a href='https:\/\/dalatreview.vn\/en#3-dich-vu' class='heading-h2 toc-link smooth-scroll'>3. D\u1ecbch V\u1ee5<\/a>\n<li><a href='https:\/\/dalatreview.vn\/en#4-gia-tour' class='heading-h2 toc-link smooth-scroll'>4. Gi\u00e1 Tour<\/a>\n<li><a href='https:\/\/dalatreview.vn\/en#5-lien-he' class='heading-h2 toc-link smooth-scroll'>5. Li\u00ean H\u1ec7<\/a><\/ul>\n<\/ul>\n<\/li>\n<\/ul>\n<\/nav>\n<h2 style=\"text-align: center;\" id=\"tour-san-may-da-lat-thien-duong-san-may-cau-dat\"><strong><span style=\"color: #003300;\"><span style=\"font-size: 20px;\">Tour Hunting Cloud Dalat \u2013 Paradise Safari Rattan Land Bridge<\/span><\/span><\/strong><\/h2>\n<p>\u201cS\u0103n m\u00e2y\u201d t\u1eeb l\u00e2u \u0111\u00e3 tr\u1edf th\u00e0nh m\u1ed9t trong nh\u1eefng \u0111\u1eb7c s\u1ea3n kh\u00f4ng th\u1ec3 b\u1ecf l\u1ee1 c\u1ee7a du kh\u00e1ch khi \u0111\u1ebfn v\u1edbi \u0110\u00e0 L\u1ea1t. N\u1ebfu \u0111\u1ebfn \u0110\u00e0 L\u1ea1t m\u00e0 ch\u01b0a m\u1ed9t l\u1ea7n tr\u1ea3i nghi\u1ec7m c\u1ea3m gi\u00e1c d\u1eady s\u1edbm ng\u1eafm bi\u1ec3n m\u00e2y l\u00e0 m\u1ed9t thi\u1ebfu s\u00f3t l\u1edbn \u0111\u00f3 nha. V\u1eady h\u00e3y c\u00f9ng \u0110\u00e0 L\u1ea1t Review t\u00ecm hi\u1ec3u Tour S\u0103n M\u00e2y ngay d\u01b0\u1edbi b\u00e0i vi\u1ebft n\u00e0y nh\u00e9.<\/p>\n<p><img decoding=\"async\" class=\"alignnone size-full wp-image-20326\" src=\"https:\/\/dalatreview.vn\/wp-content\/uploads\/2022\/07\/tour-san-may-doi-che-cau-dat.jpg\" alt=\"tour san may doi che cau dat\" width=\"1200\" height=\"900\" \/><\/p>\n<h2 id=\"1-tour-san-may-da-lat-chon-bong-lai-tien-canh\"><strong><span style=\"font-size: 20px; color: #003300;\">1. Tour s\u0103n m\u00e2y \u0110\u00e0 L\u1ea1t &#8211; Ch\u1ed1n b\u1ed3ng lai ti\u00ean c\u1ea3nh<\/span><\/strong><\/h2>\n<p><span style=\"font-size: 16px;\">\u0110\u00e0 L\u1ea1t kh\u00f4ng ch\u1ec9 n\u1ed5i ti\u1ebfng v\u1edbi v\u1ebb \u0111\u1eb9p th\u01a1 m\u1ed9ng, l\u00e3ng m\u1ea1n c\u1ee7a nh\u1eefng c\u00e1nh r\u1eebng th\u00f4ng xanh m\u01b0\u1edbt, nh\u1eefng ng\u00f4i nh\u00e0 mang d\u1eadm d\u1ea5u \u1ea5n ki\u1ebfn tr\u00fac Ph\u00e1p hay nh\u1eefng m\u00f3n \u0103n ngon. N\u01a1i \u0111\u00e2y c\u00f2n c\u00f3 nh\u1eefng \u0111\u1ecba \u0111i\u1ec3m s\u0103n m\u00e2y tuy\u1ec7t v\u1eddi v\u00e0o nh\u1eefng bu\u1ed5i s\u00e1ng tinh m\u01a1. <\/span><\/p>\n<p><img decoding=\"async\" class=\"alignnone size-full wp-image-20213\" src=\"https:\/\/dalatreview.vn\/wp-content\/uploads\/2022\/07\/tour-san-may-dalat-thien-duong-san-may.jpg\" alt=\"tour san may dalat-thien duong san may cau dat\" width=\"1200\" height=\"900\" \/><\/p>\n<p><span style=\"font-size: 16px;\">\u0110\u1eb7c bi\u1ec7t \u0111\u1ebfn v\u1edbi &#8220;Thi\u00ean \u0111\u01b0\u1eddng s\u0103n m\u00e2y C\u1ea7u \u0110\u1ea5t&#8221; b\u1ea1n s\u1ebd c\u1ea3m gi\u00e1c nh\u01b0 \u0111\u01b0\u1ee3c l\u1ea1c v\u00e0o ch\u1ed1n b\u1ed3ng lai ti\u00ean c\u1ea3nh v\u1edbi nh\u1eefng \u00e1ng m\u00e2y tr\u1eafng b\u1ed3ng b\u1ec1nh c\u00f9ng l\u1edbp s\u01b0\u01a1ng m\u00f9 d\u00e0y \u0111\u1eb7c t\u1ea1o n\u00ean m\u1ed9t c\u1ea3nh s\u1eafc m\u00e2y tr\u1eddi huy\u1ec1n \u1ea3o.<\/span><\/p>\n<p><img decoding=\"async\" class=\"alignnone wp-image-20249 size-full\" src=\"https:\/\/dalatreview.vn\/wp-content\/uploads\/2022\/07\/san-may-thien-duong-doi-che-cau-dat.jpg\" alt=\"san may thien duong doi che cau dat\" width=\"1200\" height=\"900\" \/><\/p>\n<h2 id=\"2-lich-trinh-tour-thien-duong-san-may-cau-dat\"><strong><span style=\"font-size: 20px; color: #003300;\">2. L\u1ecbch tr\u00ecnh Tour Thi\u00ean \u0111\u01b0\u1eddng s\u0103n m\u00e2y C\u1ea7u \u0110\u1ea5t<\/span><\/strong><\/h2>\n<p>\u270d\ufe0f Tr\u01b0\u1edbc ti\u00ean b\u1ea1n s\u1ebd \u0111\u01b0\u1ee3c ch\u00e0o \u0111\u00f3n ng\u00e0y m\u1edbi th\u1eadt chill v\u1edbi thi\u00ean \u0111\u01b0\u1eddng s\u0103n m\u00e2y C\u1ea7u \u0110\u1ea5t (S\u1ebd lu\u00f4n c\u00f3 nh\u1eefng b\u1ea1n h\u01b0\u1edbng d\u1eabn vi\u00ean d\u1eabn \u0111o\u00e0n h\u1ed7 tr\u1ee3 ch\u1ee5p \u1ea3nh gi\u00fap c\u00e1c b\u1ea1n).<\/p>\n<p>\u270d\ufe0f Ti\u1ebfp theo b\u1ea1n s\u1ebd \u0111\u01b0\u1ee3c d\u1eabn \u0111i tham quan \u0110\u1ed3i ch\u00e8 C\u1ea7u \u0110\u1ea5t &#8211; chi\u00eam ng\u01b0\u1ee1ng nh\u1eefng c\u00e1nh \u0111\u1ed3ng ch\u00e8 xanh ng\u00e1t tr\u1ea3i d\u00e0i kh\u1eafp c\u00e1c khu \u0111\u1ed3i.<\/p>\n<p>\u270d\ufe0f Sau khi chi\u00eam ng\u01b0\u1ee1ng \u0111\u1ed3i ch\u00e8 b\u1ea1n s\u1ebd \u0111\u01b0\u1ee3c d\u1eabn \u0111i tham quan tr\u1ea3i nghi\u1ec7m ch\u1ee5p \u1ea3nh v\u1edbi h\u1ed3ng treo gi\u00f3.<\/p>\n<p>\u270d\ufe0f Tham quan check in \u0111\u01b0\u1eddng t\u00e0u Ch\u00e2u \u00c2u ng\u1eafm tr\u1ecdn v\u1eb9n \u0111\u1ed3i ch\u00e8 Phindeli<\/p>\n<p>\u270d\ufe0f Cu\u1ed1i c\u00f9ng b\u1ea1n s\u1ebd \u0111\u01b0\u1ee3c d\u1eabn \u0111i check-in V\u01b0\u1eddn d\u00e2u t\u00e2y c\u00f4ng ngh\u1ec7 cao &#8211; Tham quan, ch\u1ee5p \u1ea3nh, tr\u1ea3i nghi\u1ec7m v\u00e0 mua d\u00e2u t\u00e2y t\u1ea1i v\u01b0\u1eddn.<\/p>\n<p><img decoding=\"async\" class=\"alignnone size-full wp-image-20251\" src=\"https:\/\/dalatreview.vn\/wp-content\/uploads\/2022\/07\/lich-trinh-tour-san-may.jpg\" alt=\"lich trinh tour san may\" width=\"1200\" height=\"900\" \/><\/p>\n<p>B\u1ea1n s\u1ebd b\u1eaft \u0111\u1ea7u h\u00e0nh tr\u00ecnh s\u0103n m\u00e2y c\u1ee7a m\u00ecnh b\u1eb1ng vi\u1ec7c ch\u00e0o \u0111\u00f3n ng\u00e0y m\u1edbi v\u1edbi nh\u1eefng m\u00e2y tr\u00f4i b\u1ed3ng b\u1ec1nh l\u1ee1 l\u1eefng gi\u1eefa tr\u1eddi xanh. H\u00e3y t\u01b0\u1edfng t\u01b0\u1ee3ng m\u1ed7i s\u00e1ng tinh m\u01a1 trong ti\u1ebft tr\u1eddi se se l\u1ea1nh \u0111\u01b0\u1ee3c ng\u1eafm bi\u1ec3n m\u00e2y tr\u00f4i qua nh\u1eefng khu \u0111\u1ed3i ch\u00e8 xanh ng\u00e1t th\u00ec c\u00f2n g\u00ec tuy\u1ec7t v\u1eddi h\u01a1n n\u1eefa nh\u1ec9!<\/p>\n<p><img decoding=\"async\" class=\"alignnone size-full wp-image-20276\" src=\"https:\/\/dalatreview.vn\/wp-content\/uploads\/2022\/07\/tour-san-may-doi-che-1.jpg\" alt=\"tour san may doi che\" width=\"1200\" height=\"900\" \/><\/p>\n<p>Sau khi ch\u00e0o \u0111\u00f3n ng\u00e0y m\u1edbi v\u1edbi kh\u00f4ng gian c\u1ef1c chill b\u1ea1n s\u1ebd ti\u1ebfp t\u1ee5c h\u00e0nh tr\u00ecnh tham quan \u0111\u1ed3i ch\u00e8. &#8220;\u0110\u1ed3i ch\u00e8 C\u1ea7u \u0110\u1ea5t&#8221; lu\u00f4n \u0111\u01b0\u1ee3c m\u1ec7nh danh l\u00e0 th\u00e1nh \u0111\u1ecba s\u0103n m\u00e2y c\u1ee7a \u0110\u00e0 L\u1ea1t. Khi \u0111i tham quan \u0111\u1ed3i ch\u00e8 m\u00ecnh tin ch\u1eafc b\u1ea1n s\u1ebd cho\u00e1ng ng\u1ee3p b\u1edfi m\u1ed9t kh\u00f4ng gian xanh m\u00e1t c\u1ee7a nh\u1eefng c\u00e1nh \u0111\u1ed3ng ch\u00e8 tr\u1ea3i d\u00e0i qua kh\u1eafp c\u00e1c khu \u0111\u1ed3i.<\/p>\n<p><img decoding=\"async\" class=\"alignnone size-full wp-image-20314\" src=\"https:\/\/dalatreview.vn\/wp-content\/uploads\/2022\/07\/doi-che.jpg\" alt=\"doi che\" width=\"1200\" height=\"900\" \/><\/p>\n<p>Tham quan \u0110\u1ed3i ch\u00e8 C\u1ea7u \u0110\u1ea5t th\u00e1nh \u0111\u1ecba s\u0103n m\u00e2y xong b\u1ea1n s\u1ebd \u0111\u01b0\u1ee3c d\u1eabn \u0111i tham quan tr\u1ea3i nghi\u1ec7m ch\u1ee5p \u1ea3nh v\u1edbi nh\u1eefng v\u01b0\u1eddn h\u1ed3ng treo gi\u00f3 n\u1ed5i ti\u1ebfng c\u1ee7a \u0110\u00e0 L\u1ea1t.<\/p>\n<p><img decoding=\"async\" class=\"alignnone size-full wp-image-20315\" src=\"https:\/\/dalatreview.vn\/wp-content\/uploads\/2022\/07\/vuon-hong-treo-gio.jpg\" alt=\"vuon hong treo gio\" width=\"1200\" height=\"900\" \/><\/p>\n<p>\u0110\u1ecba \u0111\u1ecba \u0111i\u1ec3m ti\u1ebfp theo trong chuy\u1ebfn h\u00e0nh tr\u00ecnh s\u0103n m\u00e2y c\u1ee7a b\u1ea1n \u0111\u00f3 l\u00e0 \u0111i tham quan check in cung \u0111\u01b0\u1eddng t\u00e0u Ch\u00e2u \u00c2u v\u00e0 ng\u1eafm tr\u1ecdn v\u1eb9n \u0111\u1ed3i ch\u00e8 Pindeli. B\u1eadt m\u00ed m\u1ed9t ch\u00fat cho m\u1ecdi ng\u01b0\u1eddi \u0111\u00f3 l\u00e0 \u0111\u1ecba \u0111i\u1ec3m n\u00e0y \u0111ang l\u00e0m m\u01b0a l\u00e0m gi\u00f3 nh\u1eefng ng\u00e0y qua t\u1ea1i \u0110\u00e0 L\u1ea1t \u0111\u00f3 nha.<\/p>\n<p><img decoding=\"async\" class=\"alignnone size-full wp-image-20318\" src=\"https:\/\/dalatreview.vn\/wp-content\/uploads\/2022\/07\/cau-dat-1.jpg\" alt=\"cau dat\" width=\"1200\" height=\"900\" \/><\/p>\n<p>K\u1ebft th\u00fac chuy\u1ebfn h\u00e0nh tr\u00ecnh s\u0103n m\u00e2y b\u1ea1n s\u1ebd \u0111\u01b0\u1ee3c d\u1eabn \u0111\u1ebfn check in tham quan v\u00e0 t\u00ecm hi\u1ec3u quy tr\u00ecnh l\u00e0m ra nh\u1eefng v\u01b0\u1eddn d\u00e2u t\u00e2y. Ngo\u00e0i ra, khi \u0111\u1ebfn \u0111\u00e2y tham quan b\u1ea1n c\u00f2n c\u00f3 th\u1ec3 mua d\u00e2u t\u1ea1i v\u01b0\u1eddn \u0111\u1ec3 v\u1ec1 l\u00e0m qu\u00e0 t\u1eb7ng ng\u01b0\u1eddi th\u00e2n n\u1eefa \u0111\u00f3.<\/p>\n<p><img decoding=\"async\" class=\"alignnone size-full wp-image-20319\" src=\"https:\/\/dalatreview.vn\/wp-content\/uploads\/2022\/07\/vuon-dau-cau-dat.jpg\" alt=\"vuon dau cau dat\" width=\"1200\" height=\"900\" \/><\/p>\n<h2 id=\"3-dich-vu\"><strong><span style=\"font-size: 20px; color: #003300;\">3. D\u1ecbch V\u1ee5<\/span><\/strong><\/h2>\n<p>\ud83d\uddd2 Ch\u1ec9 v\u1edbi gi\u00e1 280.000 b\u1ea1n s\u1ebd \u0111\u01b0\u1ee3c tr\u1ea3i nghi\u1ec7m tr\u1ecdn v\u1eb9n h\u00e0nh tr\u00ecnh s\u0103n m\u00e2y t\u1ea1i &#8220;Thi\u00ean \u0111\u01b0\u1eddng s\u0103n m\u00e2y C\u1ea7u \u0110\u1ea5t&#8221;<\/p>\n<p><span id=\"input_part_1\" class=\"\" data-mention=\" \">\ud83d\udc49 \u0110\u1ebfn <\/span>v\u1edbi tour s\u0103n m\u00e2y, t\u1ec9 l\u1ec7 test nh\u00e2n ph\u1ea9m s\u0103n m\u00e2y th\u00e0nh c\u00f4ng r\u1ea5t cao nh\u00e9.<\/p>\n<p>\ud83d\udc49 \u0110\u01b0\u1ee3c \u0111i tham quan th\u1ecfa s\u1ee9c check in nh\u1eefng \u0111\u1ecba \u0111i\u1ec3m s\u1ed1ng \u1ea3o v\u00e0 cho ra \u0111\u1eddi nh\u1eefng b\u1ee9c \u1ea3nh tri\u1ec7u view.<\/p>\n<p>\ud83d\udc49 H\u00f2a m\u00ecnh v\u00e0o thi\u00ean m\u00e2y tr\u1eddi huy\u1ec1n \u1ea3o c\u1ee7a n\u01a1i \u0111\u00e2y.<\/p>\n<p>\ud83d\udc49 Ngo\u00e0i tham quan check in kh\u00e1m ph\u00e1 nh\u1eefng \u0111\u1ecba \u0111i\u1ec3m m\u1edbi b\u1ea1n s\u1ebd \u0111\u01b0\u1ee3c t\u00ecm hi\u1ec3u th\u00eam v\u1ec1 nh\u1eefng quy tr\u00ecnh l\u00e0m h\u1ed3ng s\u1ea5y v\u00e0 mua \u0111\u1eb7c s\u1ea3n t\u1ea1i d\u00e2u t\u00e2y v\u1ec1 l\u00e0m qu\u00e0.<\/p>\n<p>\ud83d\udc49 V\u1edbi gi\u00e1 si\u00eau h\u1eddi m\u00e0 l\u1ea1i c\u00f2n \u0111\u01b0\u1ee3c tr\u1ea3i nghi\u1ec7m tr\u1ecdn v\u1eb9n h\u00e0nh tr\u00ecnh s\u0103n m\u00e2y, v\u1eady th\u00ec ch\u1ea7n ch\u1eeb g\u00ec m\u00e0 kh\u00f4ng book li\u1ec1n cho m\u00ecnh m\u1ed9t tour s\u0103n m\u00e2y th\u00f4i n\u00e0o b\u1ea1n \u01a1i!<\/p>\n<p><img decoding=\"async\" class=\"alignnone size-full wp-image-20321\" src=\"https:\/\/dalatreview.vn\/wp-content\/uploads\/2022\/07\/cau-dat-da-lat.jpg\" alt=\"\" width=\"1200\" height=\"900\"><\/p>\n<h2 id=\"4-gia-tour\"><strong><span style=\"font-size: 20px; color: #003300;\">4. Gi\u00e1 Tour<\/span><\/strong><\/h2>\n<p>\ud83d\udcb5 Gi\u00e1 tour: 280.000\u0111\/ng\u01b0\u1eddi.<\/p>\n<p><span class=\"emoji-sizer emoji-outer\">\u23f0<\/span>\u00a0 Tour s\u1ebd b\u1eaft \u0111\u1ea7u kh\u1edfi h\u00e0nh h\u1eb1ng ng\u00e0y v\u00e0o l\u00fac: 4h00 \u0111\u1ebfn 9h00<\/p>\n<h2 id=\"5-lien-he\"><strong><span style=\"font-size: 20px; color: #003300;\">5. Li\u00ean H\u1ec7<\/span><\/strong><\/h2>\n<p>\ud83d\udc49 Book Tour S\u0103n M\u00e2y \u0110\u00e0 L\u1ea1t<\/p>\n<p>\ud83d\udc49 Fanpage:<a href=\"https:\/\/www.facebook.com\/toursanmay\/\" target=\"_blank\" rel=\"noopener\">Tour S\u0103n M\u00e2y<\/a><\/p>\n<p>\u260e\ufe0f Hotline t\u01b0 v\u1ea5n: 0989249297<\/p>","protected":false},"excerpt":{"rendered":"<p>Danh m\u1ee5c ch\u00ednh Tour S\u0103n M\u00e2y \u0110\u00e0 L\u1ea1t &#8211; Thi\u00ean \u0110\u01b0\u1eddng S\u0103n M\u00e2y C\u1ea7u \u0110\u1ea5t 1. Tour s\u0103n m\u00e2y \u0110\u00e0 L\u1ea1t &#8211; Ch\u1ed1n b\u1ed3ng lai ti\u00ean c\u1ea3nh 2. L\u1ecbch tr\u00ecnh Tour Thi\u00ean \u0111\u01b0\u1eddng s\u0103n m\u00e2y C\u1ea7u \u0110\u1ea5t 3. D\u1ecbch V\u1ee5 4. Gi\u00e1 Tour 5. Li\u00ean H\u1ec7 Tour S\u0103n M\u00e2y \u0110\u00e0 L\u1ea1t &#8211; Thi\u00ean \u0110\u01b0\u1eddng S\u0103n [&hellip;]<\/p>","protected":false},"featured_media":20369,"comment_status":"open","ping_status":"closed","template":"","meta":{"_acf_changed":false,"rank_math_lock_modified_date":false},"product_cat":[26,27],"product_tag":[],"acf":[],"_links":{"self":[{"href":"https:\/\/dalatreview.vn\/en\/wp-json\/wp\/v2\/product\/20157"}],"collection":[{"href":"https:\/\/dalatreview.vn\/en\/wp-json\/wp\/v2\/product"}],"about":[{"href":"https:\/\/dalatreview.vn\/en\/wp-json\/wp\/v2\/types\/product"}],"replies":[{"embeddable":true,"href":"https:\/\/dalatreview.vn\/en\/wp-json\/wp\/v2\/comments?post=20157"}],"wp:featuredmedia":[{"embeddable":true,"href":"https:\/\/dalatreview.vn\/en\/wp-json\/wp\/v2\/media\/20369"}],"wp:attachment":[{"href":"https:\/\/dalatreview.vn\/en\/wp-json\/wp\/v2\/media?parent=20157"}],"wp:term":[{"taxonomy":"product_cat","embeddable":true,"href":"https:\/\/dalatreview.vn\/en\/wp-json\/wp\/v2\/product_cat?post=20157"},{"taxonomy":"product_tag","embeddable":true,"href":"https:\/\/dalatreview.vn\/en\/wp-json\/wp\/v2\/product_tag?post=20157"}],"curies":[{"name":"wp","href":"https:\/\/api.w.org\/{rel}","templated":true}]}}