
{"id":19809,"date":"2022-07-19T17:19:57","date_gmt":"2022-07-19T10:19:57","guid":{"rendered":"https:\/\/dalatreview.vn\/?p=19809"},"modified":"2024-10-12T10:06:14","modified_gmt":"2024-10-12T03:06:14","slug":"swiss-belresort-tuyen-lam-da-lat","status":"publish","type":"product","link":"https:\/\/dalatreview.vn\/en\/swiss-belresort-tuyen-lam-da-lat.html","title":{"rendered":"Swiss Belresort Tuy\u1ec1n L\u00e2m \u0110\u00e0 L\u1ea1t \u2013 Khu ngh\u1ec9 d\u01b0\u1ee1ng tr\u1eddi \u00c2u"},"content":{"rendered":"<nav class=\"vietrick-auto-toc\">\n<div class=\"box-title\">\n<h3 class=\"toc-title\" id=\"select-menu\">Danh m\u1ee5c ch\u00ednh<\/h3>\n<div><ion-icon name=\"chevron-up-outline\"><\/ion-icon><\/div>\n<\/div>\n<ul class=\"toc-list\">\n<li><a href='https:\/\/dalatreview.vn\/en#swiss-belresort-tuyen-lam-da-lat-khu-nghi-duong-troi-au' class='heading-h2 toc-link smooth-scroll'>Swiss Belresort Tuy\u1ec1n L\u00e2m \u0110\u00e0 L\u1ea1t \u2013 Khu ngh\u1ec9 d\u01b0\u1ee1ng tr\u1eddi \u00c2u<\/a>\n<ul>\n<li><a href='https:\/\/dalatreview.vn\/en#1-vi-tri' class='heading-h3 toc-link smooth-scroll'>1. V\u1ecb tr\u00ed<\/a>\n<li><a href='https:\/\/dalatreview.vn\/en#2-decor' class='heading-h3 toc-link smooth-scroll'>2.\u00a0 Decor<\/a>\n<li><a href='https:\/\/dalatreview.vn\/en#3-tien-ich-va-dich-vu' class='heading-h3 toc-link smooth-scroll'>3. Ti\u1ec7n \u00edch v\u00e0 d\u1ecbch v\u1ee5<\/a>\n<li><a href='https:\/\/dalatreview.vn\/en#' class='heading-h3 toc-link smooth-scroll'>\u00a0<\/a>\n<li><a href='https:\/\/dalatreview.vn\/en#4-hang-phong-va-gia-phong' class='heading-h3 toc-link smooth-scroll'>4. H\u1ea1ng ph\u00f2ng v\u00e0 gi\u00e1 ph\u00f2ng<\/a>\n<li><a href='https:\/\/dalatreview.vn\/en#5-lien-he' class='heading-h3 toc-link smooth-scroll'>5. Li\u00ean h\u1ec7<\/a><\/ul>\n<\/ul>\n<\/ul>\n<\/li>\n<\/ul>\n<\/nav>\n<h2 style=\"text-align: center;\" id=\"swiss-belresort-tuyen-lam-da-lat-khu-nghi-duong-troi-au\"><span style=\"color: #003300;\">Swiss Belresort Tuy\u1ec1n L\u00e2m \u0110\u00e0 L\u1ea1t \u2013 Khu ngh\u1ec9 d\u01b0\u1ee1ng tr\u1eddi \u00c2u<\/span><\/h2>\n<h3 id=\"1-vi-tri\"><span style=\"color: #003300;\"><strong>1. V\u1ecb tr\u00ed<\/strong><\/span><\/h3>\n<p><strong>\u0110\u1ecba ch\u1ec9 Swiss Belresort Tuy\u1ec1n L\u00e2m<\/strong>: s\u1ed1 7 v\u00e0 s\u1ed1 8, Khu du l\u1ecbch H\u1ed3 Tuy\u1ec1n L\u00e2m, ph\u01b0\u1eddng 3, th\u00e0nh ph\u1ed1 \u0110\u00e0 L\u1ea1t, L\u00e2m \u0110\u1ed3ng.<\/p>\n<p>&nbsp;<\/p>\n<h3 id=\"2-decor\"><span style=\"color: #003300;\"><strong>2.\u00a0 Decor<\/strong><\/span><\/h3>\n<p>V\u1edbi phong c\u00e1ch ki\u1ebfn tr\u00fac mi\u1ec1n qu\u00ea Anh \u2013 Ph\u00e1p (Anglo-Normand), Swiss-Belresort Tuyen Lam nh\u01b0 m\u1ed9t to\u00e0 l\u00e2u \u0111\u00e0i to\u1ea1 l\u1ea1c gi\u1eefa n\u00fai r\u1eebng, d\u1ef1a l\u01b0ng v\u00e0o n\u00fai v\u1edbi di\u1ec7n t\u00edch v\u00e0 ki\u1ebfn tr\u00fac b\u1ec1 th\u1ebf, l\u1ed9ng l\u1eaby. Resort n\u1eb1m gi\u1eefa c\u00e1c l\u1edbp \u0111\u1ed3i xanh tr\u1ea3i d\u00e0i, b\u1edfi v\u1eady \u0111\u00e2y c\u0169ng l\u00e0 m\u1ed9t trong nh\u1eefng resort c\u00f3 quang c\u1ea3nh \u0111\u1eb9p nh\u1ea5t t\u1ea1i x\u1ee9 s\u1edf s\u01b0\u01a1ng m\u00f9.<\/p>\n<p>&nbsp;<\/p>\n<p><img decoding=\"async\" class=\"alignnone wp-image-19822 size-full\" src=\"https:\/\/dalatreview.vn\/wp-content\/uploads\/2022\/07\/2-2.jpg\" alt=\"\" width=\"1600\" height=\"1029\"><\/p>\n<p>&nbsp;<\/p>\n<p>Swiss-Belresort Tuy\u1ec1n L\u00e2m c\u00f3 h\u01b0\u1edbng nh\u00ecn th\u1eb3ng ra h\u1ed3 Tuy\u1ec1n L\u00e2m th\u01a1 m\u1ed9ng, v\u00ec v\u1eady \u0111a s\u1ed1 c\u00e1c ph\u00f2ng t\u1ea1i \u0111\u00e2y \u0111\u1ec1u c\u00f3 t\u1ea7m nh\u00ecn \u0111\u1eb9p m\u1eaft. Th\u00eam n\u1eefa, resort c\u00f2n c\u00f3 b\u1ec3 b\u01a1i ngo\u00e0i tr\u1eddi v\u1edbi h\u01b0\u1edbng nh\u00ecn ra r\u1eebng th\u00f4ng v\u00e0 s\u00e2n golf, khi\u1ebfn du kh\u00e1ch y\u00eau th\u00edch n\u01a1i \u0111\u00e2y.<\/p>\n<p>T\u1ecda l\u1ea1c ngay s\u00e1t b\u1edf H\u1ed3 Tuy\u1ec1n L\u00e2m th\u01a1 m\u1ed9ng h\u1eefu t\u00ecnh. K\u1ebf b\u00ean l\u00e0 m\u1ed9t kh\u00f4ng gian r\u1ea5t \u0111\u1ed5i y\u00ean t\u1ec9nh \u0111\u00f3 ch\u00ednh l\u00e0 Thi\u1ec1n Vi\u1ec7n Tr\u00fac L\u00e2m. Khu resort n\u1eb1m gi\u1eefa nh\u1eefng t\u00e1n r\u1eebng th\u00f4ng xanh ng\u00e1t b\u1ea1t ng\u00e0n. Cho n\u00ean kh\u00ed h\u1eadu trong l\u00e0nh, y\u00ean t\u1ec9nh m\u00e1t m\u1ebb. C\u00f9ng v\u1edbi nh\u1eefng l\u00e0n s\u01b0\u01a1ng m\u1edd m\u1edd \u1ea3o \u1ea3o. Trong huy\u1ec1n di\u1ec7u l\u00e0m sao, n\u00f3 \u0111\u00e3 \u0111\u1ed1n bi\u1ebft bao tr\u00e1i tim c\u1ee7a du kh\u00e1ch.<\/p>\n<p>&nbsp;<\/p>\n<h3 style=\"text-align: left;\" id=\"3-tien-ich-va-dich-vu\"><span style=\"color: #003300;\"><strong>3. Ti\u1ec7n \u00edch v\u00e0 d\u1ecbch v\u1ee5<\/strong><\/span><\/h3>\n<p><strong>H\u1ed3 b\u01a1i ngo\u00e0i tr\u1eddi v\u00e0 b\u1ec3 b\u01a1i n\u01b0\u1edbc \u1ea5m trong nh\u00e0<\/strong><\/p>\n<p>B\u1ec3 b\u01a1i b\u00ean ngo\u00e0i kh\u00e1ch s\u1ea1n \u0111\u01b0\u1ee3c thi\u1ebft k\u1ebf \u0111\u00f3n \u0111\u01b0\u1ee3c to\u00e0n b\u1ed9 \u1ea3nh n\u1eafng m\u1eb7t tr\u1eddi bu\u1ed5i s\u00e1ng. V\u00ec v\u1eady, n\u1ebfu b\u1ea1n n\u00ean l\u1ef1a ch\u1ecdn \u0111\u1ebfn \u0111\u00e2y v\u00e0o bu\u1ed5i s\u00e1ng ho\u1eb7c \u0111\u1ea7u gi\u1edd chi\u1ec1u \u0111\u1ec3 c\u00f3 th\u1ec3 n\u00f4 \u0111\u00f9a v\u1edbi l\u00e0n n\u01b0\u1edbc \u1ea5m.<\/p>\n<p><img decoding=\"async\" class=\"alignnone wp-image-19823 size-full\" src=\"https:\/\/dalatreview.vn\/wp-content\/uploads\/2022\/07\/3-1-scaled-1.jpg\" alt=\"\" width=\"2560\" height=\"1707\"><\/p>\n<p>&nbsp;<\/p>\n<p>B\u00ean c\u1ea1nh \u0111\u00f3, n\u1ebfu b\u1ea1n s\u1ee3 l\u1ea1nh v\u00e0 kh\u00f4ng mu\u1ed1n b\u01a1i b\u00ean ngo\u00e0i th\u00ec b\u1ea1n c\u00f3 th\u1ec3 s\u1eed d\u1ee5ng b\u1ec3 b\u01a1i 4 m\u00f9a b\u00ean trong kh\u00e1ch s\u1ea1n Swiss Belresort Tuy\u1ec1n L\u00e2m. C\u00f3 l\u1ebd \u0111\u00e2y s\u1ebd l\u00e0 l\u1ef1a ch\u1ecdn \u1ed5n h\u01a1n cho nh\u1eefng gia \u0111\u00ecnh c\u00f3 con nh\u1ecf.<\/p>\n<p>&nbsp;<\/p>\n<p><strong>Tr\u1ea3i nghi\u1ec7m s\u00e2n golf 18 l\u1ed7 SAM Tuy\u1ec1n L\u00e2m Golf Club<\/strong><\/p>\n<p>N\u1eb1m bao quanh khu resort, n\u00ean \u0111\u00e2y ch\u1eafc ch\u1eafn l\u00e0 d\u1ecbch v\u1ee5 b\u1ea1n n\u00ean tr\u1ea3i nghi\u1ec7m r\u1ed3i! Gi\u1edd m\u1edf c\u1eeda c\u1ee7a s\u00e2n golf s\u1ebd b\u1eaft \u0111\u1ea7u t\u1eeb 6:00 \u0111\u1ebfn 18:00 h\u00e0ng ng\u00e0y. N\u1ebfu b\u1ea1n kh\u00f4ng bi\u1ebft ch\u01a1i golf th\u00ec c\u0169ng kh\u00f4ng sao \u0111\u00e2u. \u1ede \u0111\u00e2y c\u00f3 d\u1ecbch v\u1ee5 xe \u0111i\u1ec7n ch\u1edf b\u1ea1n \u0111i xung quanh \u0111\u1ec3 tham quan s\u1ed1ng \u1ea3o.<\/p>\n<p>&nbsp;<\/p>\n<p><img decoding=\"async\" class=\"aligncenter wp-image-19840\" src=\"https:\/\/dalatreview.vn\/wp-content\/uploads\/2022\/07\/22-1.jpg\" alt=\"\" width=\"1400\" height=\"933\"><\/p>\n<p>&nbsp;<\/p>\n<p><strong>Th\u01b0 gi\u00e3n v\u1edbi Swiss Spa \u0111\u1eb3ng c\u1ea5p<\/strong><\/p>\n<p>B\u01b0\u1edbc ch\u00e2n v\u00e0o Swiss Spa, b\u1ea1n s\u1ebd \u0111\u01b0\u1ee3c th\u01b0 gi\u00e3n v\u1edbi m\u00f9i h\u01b0\u01a1ng th\u1ea3o d\u01b0\u1ee3c \u1edf kh\u1eafp kh\u00f4ng gian. B\u00ean c\u1ea1nh \u0111\u00f3, b\u1ea1n c\u00f2n c\u00f3 th\u1ec3 l\u1ef1a ch\u1ecdn cho m\u00ecnh nh\u1eefng li\u1ec7u ph\u00e1p \u0111\u1ec3 th\u01b0 gi\u00e3n cho m\u1eb7t hay body. X\u00f4ng h\u01a1i kh\u00f4 v\u00e0 \u01b0\u1edbt t\u1ea1i Swiss Spa c\u0169ng \u0111\u01b0\u1ee3c nhi\u1ec1u du kh\u00e1ch y\u00eau th\u00edch.<\/p>\n<p>&nbsp;<\/p>\n<p><strong>Nh\u1eefng ti\u1ec7n \u00edch kh\u00e1c t\u1ea1i Swiss Belresort Tuy\u1ec1n L\u00e2m<\/strong><\/p>\n<p>Ngo\u1ea1i nh\u1eefng d\u1ecbch v\u1ee5 \u0111\u01b0\u1ee3c n\u00eau tr\u00ean, b\u1ea1n c\u00f3 th\u1ec3 \u0111\u1eb7t city tour v\u1edbi l\u1ec5 t\u00e2n kh\u00e1ch s\u1ea1n \u0111\u1ec3 tham quan m\u1ed9t v\u00f2ng th\u00e0nh ph\u1ed1 ng\u00e0n hoa, ho\u1eb7c c\u00f9ng gia \u0111\u00ecnh tr\u1ea3i nghi\u1ec7m ph\u00f2ng karaoke 5* \u201csang x\u1ecbn m\u1ecbn\u201d. N\u1ebfu gia \u0111\u00ecnh b\u1ea1n c\u00f3 ng\u01b0\u1eddi \u0111am m\u00ea th\u1ec3 thao, th\u00ec b\u1ea1n c\u00f3 th\u1ec3 tham kh\u1ea3o d\u1ecbch v\u1ee5 ph\u00f2ng gym v\u00e0 s\u00e2n tennis nha. N\u1ebfu chuy\u1ebfn \u0111i gia \u0111\u00ecnh l\u1ea7n n\u00e0y c\u00f3 tr\u1ebb em, th\u00ec Kids Club t\u1ea1i \u0111\u00e2y ch\u1eafc ch\u1eafn s\u1ebd l\u00e0m c\u00e1c b\u00e9 th\u00edch th\u00fa \u0111\u00f3.<\/p>\n<p>&nbsp;<\/p>\n<p><strong>Th\u01b0\u1edfng th\u1ee9c b\u1eefa \u0103n t\u1ea1i nh\u00e0 h\u00e0ng kh\u00e1ch s\u1ea1n\u00a0<\/strong><\/p>\n<p>T\u1ea1i kh\u00e1ch s\u1ea1n Swiss Belresort Tuy\u1ec1n L\u00e2m 5* c\u00f3 \u0111\u1ebfn 02 nh\u00e0 h\u00e0ng l\u00e0 Swiss &#8211; Cafe, nh\u00e0 h\u00e0ng Mimosa v\u00e0 01 qu\u1ea7y bar Fireplace Lounge &amp; Bar.<\/p>\n<p>Resort g\u1ed3m 02 nh\u00e0 h\u00e0ng v\u00e0 01 lounge &amp; bar:<\/p>\n<p>&nbsp;<\/p>\n<p><strong>\u2013 Nh\u00e0 h\u00e0ng Swiss-Cafe:<\/strong>\u00a0Nh\u00e0 h\u00e0ng mang phong c\u00e1ch hi\u1ec7n \u0111\u1ea1i, kh\u00f4ng gian \u1ea5m \u00e1p, sang tr\u1ecdng, ph\u1ee5c v\u1ee5 \u1ea9m th\u1ef1c \u0111a d\u1ea1ng v\u1edbi \u0111\u1eb7c s\u1ea3n \u0110\u00e0 L\u1ea1t, c\u00e1c m\u00f3n ch\u00e2u \u00c1 v\u00e0 ph\u01b0\u01a1ng T\u00e2y.<br \/>\nTh\u1eddi gian m\u1edf c\u1eeda: s\u00e1ng t\u1eeb 6h30 \u2013 9h00 (Buffet), t\u1eeb 9h00 \u2013 22h30 (A la carte).<\/p>\n<p>&nbsp;<\/p>\n<p><img decoding=\"async\" class=\"alignnone wp-image-19841 size-full\" src=\"https:\/\/dalatreview.vn\/wp-content\/uploads\/2022\/07\/23-1.jpg\" alt=\"\" width=\"1980\" height=\"1320\"><\/p>\n<p>&nbsp;<\/p>\n<p><strong>\u2013 Nh\u00e0 h\u00e0ng Mimosa:<\/strong>\u00a0l\u00e0 n\u01a1i di\u1ec5n ra c\u00e1c b\u1eefa ti\u1ec7c chi\u00eau \u0111\u00e3i v\u00e0 s\u1ef1 ki\u1ec7n kh\u00e1c nhau bao g\u1ed3m h\u1ed9i ngh\u1ecb, h\u1ed9i th\u1ea3o kinh doanh,\u2026<\/p>\n<p>&nbsp;<\/p>\n<p><strong>\u2013 Fireplace Lounge &amp; Bar:<\/strong>\u00a0th\u01b0\u1edfng th\u1ee9c m\u1ed9t ly r\u01b0\u1ee3u vang, m\u1ed9t \u1ea5m tr\u00e0 chi\u1ec1u hay m\u1ed9t t\u00e1ch c\u00e0 ph\u00ea \u1ea5m n\u00f3ng v\u1eeba th\u01b0 th\u00e1i ng\u1eafm nh\u00ecn khung c\u1eeda s\u1ed5 m\u1edf ra \u0111\u1ed3i th\u00f4ng, nh\u1eefng th\u1ea3m c\u1ecf xanh m\u01b0\u1edbt \u1ea9n hi\u1ec7n ph\u00eda sau m\u00e0n s\u01b0\u01a1ng l\u00e3ng \u0111\u00e3ng, v\u1eeba th\u01a1 m\u1ed9ng v\u1eeba h\u00f9ng v\u0129. Th\u1eddi gian m\u1edf c\u1eeda: t\u1eeb 18h00 \u2013 24h00<\/p>\n<h3 id=\"\">\u00a0<\/h3>\n<p>&nbsp;<\/p>\n<h3 id=\"4-hang-phong-va-gia-phong\"><span style=\"color: #003300;\"><strong>4. H\u1ea1ng ph\u00f2ng v\u00e0 gi\u00e1 ph\u00f2ng<\/strong><\/span><\/h3>\n<p>\u0110\u01b0\u1ee3c trang b\u1ecb \u0111\u1ea7y \u0111\u1ee7 nh\u1eefng ti\u1ec7n nghi cao c\u1ea5p, Swiss-Belresort Tuy\u1ec1n L\u00e2m c\u00f3 t\u1ea5t c\u1ea3 151 ph\u00f2ng,\u00a0\u0111\u01b0\u1ee3c trang b\u1ecb \u0111\u1ea7y \u0111\u1ee7 ti\u1ec7n nghi hi\u1ec7n \u0111\u1ea1i nh\u01b0: Tivi, \u0111i\u1ec7n tho\u1ea1i b\u00e0n, Wifi mi\u1ec5n ph\u00ed, \u1ea5m \u0111un n\u01b0\u1edbc, m\u00e1y \u0111i\u1ec1u h\u00f2a, b\u00e0n l\u00e0m vi\u1ec7c, t\u1ee7 \u00e1o qu\u1ea7n, m\u00e1y s\u1ea5y, k\u00e9t s\u1eaft. C\u00f3 ph\u00f2ng t\u1eafm ri\u00eang, ph\u00f2ng t\u1eafm \u0111\u1ee9ng v\u00f2i hoa sen v\u00e0 b\u1ed3n t\u1eafm. Trang b\u1ecb kh\u0103n t\u1eafm, \u00e1o cho\u00e0ng v\u00e0 \u0111\u1ed3 v\u1ec7 sinh c\u00e1 nh\u00e2n mi\u1ec5n ph\u00ed.<\/p>\n<p>&nbsp;<\/p>\n<p><strong>H\u1ea1ng ph\u00f2ng Deluxe Moutain View<\/strong><\/p>\n<p>Di\u1ec7n t\u00edch 35 m2, c\u00f3 ban c\u00f4ng nh\u00ecn ra v\u01b0\u1eddn. Ph\u00f2ng g\u1ed3m m\u1ed9t gi\u01b0\u1eddng l\u1edbn ho\u1eb7c 2 gi\u01b0\u1eddng nh\u1ecf, ph\u00f9 h\u1ee3p v\u1edbi nh\u00f3m 2 kh\u00e1ch<\/p>\n<p>&nbsp;<\/p>\n<p><img decoding=\"async\" class=\"aligncenter wp-image-19826\" src=\"https:\/\/dalatreview.vn\/wp-content\/uploads\/2022\/07\/7.jpeg\" alt=\"\" width=\"1400\" height=\"933\"><\/p>\n<p>&nbsp;<\/p>\n<p><strong>H\u1ea1ng ph\u00f2ng Deluxe Golf View<\/strong><\/p>\n<p>Di\u1ec7n t\u00edch 35 m2, c\u00f3 ban c\u00f4ng nh\u00ecn ra s\u00e2n golf. Ph\u00f2ng g\u1ed3m m\u1ed9t gi\u01b0\u1eddng l\u1edbn ho\u1eb7c 2 gi\u01b0\u1eddng nh\u1ecf, ph\u00f9 h\u1ee3p v\u1edbi nh\u00f3m 2 kh\u00e1ch<\/p>\n<p>&nbsp;<\/p>\n<p><img decoding=\"async\" class=\"alignnone wp-image-19847 size-full\" src=\"https:\/\/dalatreview.vn\/wp-content\/uploads\/2022\/07\/deluxe-1-scaled-1.jpg\" alt=\"\" width=\"2560\" height=\"1920\"><\/p>\n<p>&nbsp;<\/p>\n<p><strong>H\u1ea1ng ph\u00f2ng Family Deluxe Moutain View<\/strong><\/p>\n<p>Di\u1ec7n t\u00edch 44m2, c\u00f3 ban c\u00f4ng nh\u00ecn ra \u0111\u1ed3i th\u00f4ng. Ph\u00f2ng g\u1ed3m hai gi\u01b0\u1eddng l\u1edbn, ph\u00f9 h\u1ee3p v\u1edbi nh\u00f3m kh\u00e1ch gia \u0111\u00ecnh 4 ng\u01b0\u1eddi l\u1edbn v\u00e0 2 tr\u1ebb em.<\/p>\n<p>&nbsp;<\/p>\n<p><img decoding=\"async\" class=\"aligncenter wp-image-19829\" src=\"https:\/\/dalatreview.vn\/wp-content\/uploads\/2022\/07\/10-2.jpg\" alt=\"\" width=\"1400\" height=\"1050\"><\/p>\n<p>&nbsp;<\/p>\n<p><strong>H\u1ea1ng ph\u00f2ng King Suite Moutain View<\/strong><\/p>\n<p>Di\u1ec7n t\u00edch 74m2. L\u00e0 h\u1ea1ng ph\u00f2ng cao c\u1ea5p, thi\u1ebft k\u1ebf sang tr\u1ecdng, c\u00f3 khu salon ti\u1ebfp kh\u00e1ch, ban c\u00f4ng view nh\u00ecn ra \u0111\u1ed3i th\u00f4ng. Ph\u00f2ng g\u1ed3m m\u1ed9t gi\u01b0\u1eddng king size 2m, ph\u00f9 h\u1ee3p kh\u00e1ch c\u1eb7p \u0111\u00f4i ho\u1eb7c gia \u0111\u00ecnh nh\u1ecf 2 ng\u01b0\u1eddi l\u1edbn v\u00e0 1 tr\u1ebb em.<\/p>\n<p>&nbsp;<\/p>\n<p><strong>H\u1ea1ng ph\u00f2ng Royal Suite Moutain View<\/strong><\/p>\n<p>Di\u1ec7n t\u00edch 118m2. L\u00e0 h\u1ea1ng ph\u00f2ng cao c\u1ea5p, thi\u1ebft k\u1ebf sang tr\u1ecdng, c\u00f3 khu salon ti\u1ebfp kh\u00e1ch, ban c\u00f4ng view nh\u00ecn ra \u0111\u1ed3i th\u00f4ng. Ph\u00f2ng g\u1ed3m m\u1ed9t gi\u01b0\u1eddng king size 2m, ph\u00f9 h\u1ee3p kh\u00e1ch c\u1eb7p \u0111\u00f4i ho\u1eb7c gia \u0111\u00ecnh nh\u1ecf 2 ng\u01b0\u1eddi l\u1edbn v\u00e0 1 tr\u1ebb em<\/p>\n<p>&nbsp;<\/p>\n<p><img decoding=\"async\" class=\"alignnone wp-image-19833 size-full\" src=\"https:\/\/dalatreview.vn\/wp-content\/uploads\/2022\/07\/14-1.jpg\" alt=\"\" width=\"2560\" height=\"1707\"><\/p>\n<p>&nbsp;<\/p>\n<p><strong>H\u1ea1ng ph\u00f2ng Pent House Terrace Golf View<\/strong><\/p>\n<p>Di\u1ec7n t\u00edch 11m3, \u0111\u00e2y l\u00e0 lo\u1ea1i ph\u00f2ng cao c\u1ea5p d\u01b0\u1edbi d\u1ea1ng c\u0103n h\u1ed9 n\u1eb1m tr\u00ean t\u1ea7ng th\u01b0\u1ee3ng s\u1ebd mang \u0111\u1ebfn cho b\u1ea1n kh\u00f4ng gian ri\u00eang v\u00e0 tho\u1ea3i m\u00e1i, v\u1edbi \u0111\u1ea7y \u0111\u1ee7 n\u1ed9i th\u1ea5t nh\u01b0 m\u1ed9t ng\u00f4i nh\u00e0 c\u1ee7a b\u1ea1n.<\/p>\n<p>&nbsp;<\/p>\n<table style=\"width: 70.7764%; height: 392px;\" border=\"1\" width=\"578\">\n<tbody>\n<tr style=\"height: 56px;\">\n<td style=\"width: 47.0796%; height: 56px;\">\n<p style=\"text-align: center;\"><strong>H\u1ea1ng ph\u00f2ng\u00a0<\/strong><\/p>\n<\/td>\n<td style=\"width: 27.1191%; height: 56px;\">\n<p style=\"text-align: center;\"><strong>Gi\u00e1 trong tu\u1ea7n\u00a0<\/strong><\/p>\n<\/td>\n<td style=\"width: 84.024%; height: 56px;\">\n<p style=\"text-align: center;\"><strong>Gi\u00e1 cu\u1ed1i tu\u1ea7n<\/strong><\/p>\n<\/td>\n<\/tr>\n<tr style=\"height: 56px;\">\n<td style=\"width: 47.0796%; height: 56px;\">Deluxe mountain view<\/td>\n<td style=\"width: 27.1191%; height: 56px;\">\n<p style=\"text-align: center;\">1.500.000<\/p>\n<\/td>\n<td style=\"width: 84.024%; height: 56px;\">\n<p style=\"text-align: center;\">1.800.000<\/p>\n<\/td>\n<\/tr>\n<tr style=\"height: 56px;\">\n<td style=\"width: 47.0796%; height: 56px;\">Deluxe golf view<\/td>\n<td style=\"width: 27.1191%; height: 56px;\">\n<p style=\"text-align: center;\">1.600.000<\/p>\n<\/td>\n<td style=\"width: 84.024%; height: 56px;\">\n<p style=\"text-align: center;\">2.000.000<\/p>\n<\/td>\n<\/tr>\n<tr style=\"height: 56px;\">\n<td style=\"width: 47.0796%; height: 56px;\">Studio mountain view<\/td>\n<td style=\"width: 27.1191%; height: 56px;\">\n<p style=\"text-align: center;\">1.800.000<\/p>\n<\/td>\n<td style=\"width: 84.024%; height: 56px;\">\n<p style=\"text-align: center;\">2.200.000<\/p>\n<\/td>\n<\/tr>\n<tr style=\"height: 56px;\">\n<td style=\"width: 47.0796%; height: 56px;\">Family deluxe mountain view<\/td>\n<td style=\"width: 27.1191%; height: 56px;\">\n<p style=\"text-align: center;\">3.000.000<\/p>\n<\/td>\n<td style=\"width: 84.024%; height: 56px;\">\n<p style=\"text-align: center;\">3.200.000<\/p>\n<\/td>\n<\/tr>\n<tr>\n<td style=\"width: 47.0796%;\">\n<p>&nbsp;<\/p>\n<p>King Suite Mountain View<\/p>\n<p>&nbsp;<\/p>\n<\/td>\n<td style=\"width: 27.1191%;\">\n<p>&nbsp;<\/p>\n<p style=\"text-align: center;\">2.300.000<\/p>\n<p>&nbsp;<\/p>\n<\/td>\n<td style=\"width: 84.024%;\">\n<p>&nbsp;<\/p>\n<p style=\"text-align: center;\">2.700.000<\/p>\n<p>&nbsp;<\/p>\n<\/td>\n<\/tr>\n<tr style=\"height: 56px;\">\n<td style=\"width: 47.0796%; height: 56px;\">Royal suite mountain view<\/td>\n<td style=\"width: 27.1191%; height: 56px;\">\n<p style=\"text-align: center;\">3.000.000<\/p>\n<\/td>\n<td style=\"width: 84.024%; height: 56px;\">\n<p style=\"text-align: center;\">3.500.000<\/p>\n<\/td>\n<\/tr>\n<tr style=\"height: 56px;\">\n<td style=\"width: 47.0796%; height: 56px;\">Penthouse terrace golf view<\/td>\n<td style=\"width: 27.1191%; height: 56px;\">\n<p style=\"text-align: center;\">3.600.000<\/p>\n<\/td>\n<td style=\"width: 84.024%; height: 56px;\">\n<p style=\"text-align: center;\">4.000.000<\/p>\n<\/td>\n<\/tr>\n<\/tbody>\n<\/table>\n<p>&nbsp;<\/p>\n<p><span id=\"Chinh_sach_swiss_Belresort_Da_Lat\"><strong><span id=\"Chinh_sach_Swiss_Belresort_Tuyen_Lam_Da_Lat\">Chi\u0301nh sa\u0301ch s<\/span><\/strong><strong><span id=\"Chinh_sach_Swiss_Belresort_Tuyen_Lam_Da_Lat\">wiss Belresor<\/span><\/strong><strong>t \u0110a\u0300 La\u0323t<\/strong><\/span><\/p>\n<p><span id=\"Gio_Nhan_8211_Tra_phong\"><strong>Gi\u1edd Nh\u1eadn \u2013 Tr\u1ea3 ph\u00f2ng<\/strong><\/span><\/p>\n<ul>\n<li>Du kh\u00e1ch s\u1ebd \u0111\u01b0\u1ee3c nh\u1eadn ph\u00f2ng b\u1eaft \u0111\u1ea7u v\u00e0o l\u00fac 14 gi\u1edd.<\/li>\n<li>Th\u1eddi gian tr\u1ea3 ph\u00f2ng l\u00e0 v\u00e0o l\u00fac 12 gi\u1edd.<\/li>\n<\/ul>\n<p>&nbsp;<\/p>\n<p><span id=\"Quy_dinh_ve_tre_em_8211_giuong_phu\"><strong><span id=\"Quy_dinh_ve_tre_em_va_giuong_phu\">Quy \u0111i\u0323nh v\u00ea\u0300 tre\u0309 em \u2013 gi\u01b0\u01a1\u0300ng phu\u0323<\/span><\/strong><\/span><\/p>\n<ul>\n<li>\u0110\u1ed3i v\u1edbi tr\u1ebb em d\u01b0\u1edbi 6 tu\u1ed5i s\u1ebd \u0111\u01b0\u1ee3c resort mi\u1ec5n ph\u00ed ho\u00e0n to\u00e0n chi ph\u00ec.<\/li>\n<li>\u0110\u1ed1i v\u1edbi tre\u0309 em t\u01b0\u0300 6 \u0111\u00ea\u0301n 11 tu\u00f4\u0309i ngu\u0309 cu\u0300ng v\u01a1\u0301i b\u00f4\u0301 me\u0323. S\u1ebd kh\u00f4ng t\u00ednh ph\u00ed ti\u1ec1n ph\u00f2ng m\u00e0 ch\u1ec9 phu\u0323 thu th\u00eam ti\u00ea\u0300n \u0103n sa\u0301ng 200.000\u0111\/tre\u0309.<\/li>\n<li>Tr\u1ebb em h\u01a1n 12 tu\u1ed5i t\u00ednh ph\u00ed t\u01b0\u01a1ng \u0111\u01b0\u01a1ng ng\u01b0\u1eddi l\u1edbn.<\/li>\n<li>Chi ph\u00ed k\u00ea th\u00eam gi\u01b0\u1eddng ph\u1ee5 v\u00e0 kh\u00e1ch th\u1ee9 3 (bao \u0103n sa\u0301ng) ph\u1ee5 thu 500.000\u0111\/\u0111\u00eam\/ng\u01b0\u01a1\u0300i.<\/li>\n<\/ul>\n<p>&nbsp;<\/p>\n<p><span id=\"Quy_dinh_huy_8211_doi_phong_cua_Swiss_Belresort\"><strong>Quy \u0111i\u0323nh hu\u0309y \u2013 \u0111\u00f4\u0309i pho\u0300ng cu\u0309a Swiss Belresort<\/strong><\/span><\/p>\n<ul>\n<li>N\u1ebfu kh\u00e1ch h\u00e0ng h\u1ee7y tr\u01b0\u1edbc 33 ng\u00e0y k\u1ec3 t\u1eeb ng\u00e0y \u0111\u1eb7t ph\u00f2ng. Tr\u1eeb ng\u00e0y cu\u1ed1i tu\u1ea7n v\u00e0 ng\u00e0y l\u1ec5 s\u1ebd kh\u00f4ng t\u00ednh ph\u00ed.<\/li>\n<li>N\u1ebfu h\u1ee7y ph\u00f2ng trong v\u00f2ng 33 ng\u00e0y tr\u01b0\u1edbc ng\u00e0y \u0111\u1ebfn resort. S\u1ebd t\u00ednh ph\u00ed 50% ngo\u1ea1i tr\u1eeb ng\u00e0y l\u1ec5 v\u00e0 cu\u1ed1i tu\u1ea7n.<\/li>\n<li>H\u1ee7y ph\u00f2ng trong v\u00f2ng 10 \u0111\u1ebfn 17 ng\u00e0y k\u1ec3 t\u1eeb ng\u00e0y \u0111\u1eb7t ph\u00f2ng. Tr\u1eeb ng\u00e0y l\u1ec5 v\u00e0 cu\u1ed1i tu\u1ea7n t\u00ednh ph\u00ed 75 %.<\/li>\n<li>H\u1ee7y ph\u00f2ng trong v\u00f2ng 9 ng\u00e0y s\u1ebd t\u00ednh ph\u00ed 100% tr\u1eeb ng\u00e0y l\u1ec5 v\u00e0 cu\u1ed1i tu\u1ea7n.<\/li>\n<\/ul>\n<p>&nbsp;<\/p>\n<h3 id=\"5-lien-he\"><strong>5. Li\u00ean h\u1ec7<\/strong><\/h3>\n<p>Fanpage:\u00a0<a href=\"https:\/\/zalo.me\/dalatreview\" target=\"_blank\" rel=\"noopener\">\u0110\u00e0 L\u1ea1t Review T\u1ea5t T\u1ea7n T\u1eadt<\/a><\/p>\n<p>S\u0110T\/Zalo: 0968 249 297<\/p>","protected":false},"excerpt":{"rendered":"<p>Du kh\u00e1ch s\u1ebd \u0111\u01b0\u1ee3c nh\u1eadn ph\u00f2ng b\u1eaft \u0111\u1ea7u v\u00e0o l\u00fac 14 gi\u1edd.<\/p>\n<p>Th\u1eddi gian tr\u1ea3 ph\u00f2ng l\u00e0 v\u00e0o l\u00fac 12 gi\u1edd.<\/p>\n<p class=\"p1\"><b>\u0110\u1ecba ch\u1ec9 Swiss Belresort Tuy\u1ec1n L\u00e2m<\/b>: s\u1ed1 7 v\u00e0 s\u1ed1 8, Khu du l\u1ecbch H\u1ed3 Tuy\u1ec1n L\u00e2m, ph\u01b0\u1eddng 3, th\u00e0nh ph\u1ed1 \u0110\u00e0 L\u1ea1t, L\u00e2m \u0110\u1ed3ng.<\/p>","protected":false},"featured_media":19837,"comment_status":"open","ping_status":"closed","template":"","meta":{"_acf_changed":false,"rank_math_lock_modified_date":false},"product_cat":[44,29],"product_tag":[],"acf":[],"_links":{"self":[{"href":"https:\/\/dalatreview.vn\/en\/wp-json\/wp\/v2\/product\/19809"}],"collection":[{"href":"https:\/\/dalatreview.vn\/en\/wp-json\/wp\/v2\/product"}],"about":[{"href":"https:\/\/dalatreview.vn\/en\/wp-json\/wp\/v2\/types\/product"}],"replies":[{"embeddable":true,"href":"https:\/\/dalatreview.vn\/en\/wp-json\/wp\/v2\/comments?post=19809"}],"wp:featuredmedia":[{"embeddable":true,"href":"https:\/\/dalatreview.vn\/en\/wp-json\/wp\/v2\/media\/19837"}],"wp:attachment":[{"href":"https:\/\/dalatreview.vn\/en\/wp-json\/wp\/v2\/media?parent=19809"}],"wp:term":[{"taxonomy":"product_cat","embeddable":true,"href":"https:\/\/dalatreview.vn\/en\/wp-json\/wp\/v2\/product_cat?post=19809"},{"taxonomy":"product_tag","embeddable":true,"href":"https:\/\/dalatreview.vn\/en\/wp-json\/wp\/v2\/product_tag?post=19809"}],"curies":[{"name":"wp","href":"https:\/\/api.w.org\/{rel}","templated":true}]}}