
{"id":19500,"date":"2022-07-14T16:23:20","date_gmt":"2022-07-14T09:23:20","guid":{"rendered":"https:\/\/dalatreview.vn\/?p=19500"},"modified":"2024-07-09T10:45:59","modified_gmt":"2024-07-09T03:45:59","slug":"du-parc-hotel-da-lat","status":"publish","type":"product","link":"https:\/\/dalatreview.vn\/en\/du-parc-hotel-da-lat.html","title":{"rendered":"Du Parc Kh\u00e1ch s\u1ea1n 4 sao mang n\u00e9t \u0111\u1eb9p c\u1ed5 \u0111i\u1ec3n gi\u1eefa l\u00f2ng \u0110\u00e0 L\u1ea1t"},"content":{"rendered":"<nav class=\"vietrick-auto-toc\">\n<div class=\"box-title\">\n<h3 class=\"toc-title\" id=\"select-menu\">Danh m\u1ee5c ch\u00ednh<\/h3>\n<div><ion-icon name=\"chevron-up-outline\"><\/ion-icon><\/div>\n<\/div>\n<ul class=\"toc-list\">\n<li><a href='https:\/\/dalatreview.vn\/en#du-parc-khach-san-4-sao-net-co-dien-giua-long-da-lat' class='heading-h2 toc-link smooth-scroll'>DU PARC KH\u00c1CH S\u1ea0N 4 SAO &#8211; N\u00c9T C\u1ed4 \u0110I\u1ec2N GI\u1eeeA L\u00d2NG \u0110\u00c0 L\u1ea0T<\/a>\n<ul>\n<li><a href='https:\/\/dalatreview.vn\/en#1-vi-tri' class='heading-h3 toc-link smooth-scroll'>1. V\u1ecb tr\u00ed<\/a>\n<li><a href='https:\/\/dalatreview.vn\/en#2-decor' class='heading-h3 toc-link smooth-scroll'>2. Decor<\/a>\n<li><a href='https:\/\/dalatreview.vn\/en#3-dich-vu-tien-nghi' class='heading-h3 toc-link smooth-scroll'>3. D\u1ecbch v\u1ee5 &amp; Ti\u1ec7n nghi<\/a>\n<li><a href='https:\/\/dalatreview.vn\/en#4-cac-hang-phong-va-gia-phong' class='heading-h3 toc-link smooth-scroll'>4. C\u00e1c h\u1ea1ng ph\u00f2ng v\u00e0 gi\u00e1 ph\u00f2ng\u00a0<\/a>\n<li><a href='https:\/\/dalatreview.vn\/en#5-lien-he' class='heading-h3 toc-link smooth-scroll'>5. Li\u00ean h\u1ec7<\/a><\/ul>\n<\/ul>\n<\/ul>\n<\/li>\n<\/ul>\n<\/nav>\n<h2 style=\"text-align: center;\" id=\"du-parc-khach-san-4-sao-net-co-dien-giua-long-da-lat\"><strong><span style=\"color: #003300;\">DU PARC KH\u00c1CH S\u1ea0N 4 SAO &#8211; N\u00c9T C\u1ed4 \u0110I\u1ec2N GI\u1eeeA L\u00d2NG \u0110\u00c0 L\u1ea0T<\/span><\/strong><\/h2>\n<p>Kh\u00e1nh th\u00e0nh n\u0103m 1932, \ud835\udc03\ud835\udc14 \ud835\udc0f\ud835\udc00\ud835\udc11\ud835\udc02 \ud835\udc07\ud835\udc0e\ud835\udc13\ud835\udc04\ud835\udc0b \ud835\udc03\ud835\udc00\ud835\udc0b\ud835\udc00\ud835\udc13 l\u00e0 m\u1ed9t trong nh\u1eefng c\u00f4ng tr\u00ecnh ki\u1ebfn tr\u00fac t\u1ea7m c\u1ee1 \u0111\u01b0\u1ee3c x\u00e2y d\u1ef1ng s\u1edbm nh\u1ea5t \u1edf \u0110\u00e0 L\u1ea1t,\u00a0\ud835\udc03\ud835\udc14 \ud835\udc0f\ud835\udc00\ud835\udc11\ud835\udc02 \ud835\udc07\ud835\udc0e\ud835\udc13\ud835\udc04\ud835\udc0b \ud835\udc03\ud835\udc00\ud835\udc0b\ud835\udc00\ud835\udc13 thu\u1ed9c ch\u00ednh quy\u1ec1n \u0110\u00f4ng D\u01b0\u01a1ng, \u0111\u00e3 t\u1eebng ti\u1ebfp \u0111\u00f3n nh\u1eefng quan ch\u1ee9c th\u1eddi thu\u1ed9c \u0111\u1ecba, du kh\u00e1ch y\u00eau th\u00edch s\u0103n b\u1eafn, th\u00e1m hi\u1ec3m v\u00e0 c\u00e1c th\u01b0\u01a1ng nh\u00e2n trong th\u1eddi k\u1ef3 qu\u00e1 kh\u1ee9 \u0111\u1ea7y bi\u1ebfn \u0111\u1ed9ng, \u0111\u1ebfn nh\u1eefng kh\u00e1ch du l\u1ecbch trong v\u00e0 ngo\u00e0i n\u01b0\u1edbc, \u0111\u1ebfn n\u01a1i n\u00e0y \u0111\u1ec3 t\u00ecm ki\u1ebfm c\u00e2u tr\u1ea3 l\u1eddi cho nh\u1eefng b\u00ed \u1ea9n c\u1ee7a qu\u00e1 kh\u1ee9 v\u00e0 bu\u1ed5i giao th\u1eddi c\u1ee7a l\u1ecbch s\u1eed.<\/p>\n<h3 id=\"1-vi-tri\"><span style=\"color: #003300;\"><strong>1. V\u1ecb tr\u00ed<\/strong><\/span><\/h3>\n<p>\ud835\udc03\ud835\udc14 \ud835\udc0f\ud835\udc00\ud835\udc11\ud835\udc02 \ud835\udc07\ud835\udc0e\ud835\udc13\ud835\udc04\ud835\udc0b \ud835\udc03\ud835\udc00\ud835\udc0b\ud835\udc00\ud835\udc13 t\u1ecda l\u1ea1c tr\u00ean \u0111\u01b0\u1eddng Tr\u1ea7n Ph\u00fa, ngay trung t\u00e2m th\u00e0nh ph\u1ed1 \u0110\u00e0 L\u1ea1t, ch\u1ec9 c\u00e1ch ch\u1ee3 \u0110\u00e0 L\u1ea1t 1,5km.<\/p>\n<p>N\u01a1i \u0111\u00e2y th\u1eeba h\u01b0\u1edfng m\u1ecdi ti\u1ec7n \u00edch c\u1ee7a th\u00e0nh ph\u1ed1 v\u00e0 t\u1eadn h\u01b0\u1edfng kh\u00ed tr\u1eddi trong l\u00e0nh, m\u00f4i tr\u01b0\u1eddng an ninh t\u1ed1t, con ng\u01b0\u1eddi l\u1ea1i th\u00e2n thi\u1ec7n, d\u1ec5 g\u1ea7n, d\u1ec5 m\u1ebfn.<\/p>\n<p>\u0110\u00e2y l\u00e0 cung \u0111\u01b0\u1eddng h\u1ed9i t\u1ee5 nhi\u1ec1u \u0111i\u1ec3m vui ch\u01a1i, mua s\u1eafm v\u00e0 \u0103n u\u1ed1ng, r\u1ea5t th\u00edch h\u1ee3p \u0111\u1ec3 b\u1ea1n l\u1ef1a ch\u1ecdn l\u00e0m \u0111i\u1ec3m ngh\u1ec9 d\u01b0\u1ee1ng khi \u0111\u1ebfn v\u1edbi x\u1ee9 s\u1edf s\u01b0\u01a1ng m\u00f9.<\/p>\n<p><img decoding=\"async\" class=\"alignnone wp-image-19563 size-full\" src=\"https:\/\/dalatreview.vn\/wp-content\/uploads\/2022\/07\/6.jpg\" alt=\"\" width=\"2048\" height=\"1041\"><\/p>\n<h3 id=\"2-decor\"><span style=\"color: #003300;\"><strong>2. Decor<\/strong><\/span><\/h3>\n<p>\ud835\udc03\ud835\udc14 \ud835\udc0f\ud835\udc00\ud835\udc11\ud835\udc02 \ud835\udc07\ud835\udc0e\ud835\udc13\ud835\udc04\ud835\udc0b \ud835\udc03\ud835\udc00\ud835\udc0b\ud835\udc00\ud835\udc13 l\u00e0 m\u1ed9t trong nh\u1eefng kh\u00e1ch s\u1ea1n hi\u1ebfm hoi v\u1eabn c\u00f2n gi\u1eef \u0111\u01b0\u1ee3c v\u1ebb ngo\u00e0i b\u1ec1 th\u1ebf, xa hoa c\u1ee7a ki\u1ebfn tr\u00fac tr\u01b0\u1eddng ph\u00e1i Art Deco. Kh\u00e1ch s\u1ea1n g\u1ed3m 140 ph\u00f2ng, ti\u00eau chu\u1ea9n 4 sao trong \u0111\u00f3 c\u00f3 12 ph\u00f2ng Suite. V\u1edbi nh\u00e0 h\u00e0ng Le Bistro, s\u1ef1 ti\u1ec7n nghi \u1edf Du Parc \u0111\u01b0\u1ee3c n\u00e2ng c\u1ea5p th\u00e0nh ngh\u1ec7 thu\u1eadt th\u01b0\u1edfng th\u1ee9c cu\u1ed9c s\u1ed1ng .<\/p>\n<p>Tr\u1ea3i qua th\u1eed th\u00e1ch c\u1ee7a th\u1eddi gian, \ud835\udc03\ud835\udc14 \ud835\udc0f\ud835\udc00\ud835\udc11\ud835\udc02 \ud835\udc07\ud835\udc0e\ud835\udc13\ud835\udc04\ud835\udc0b \ud835\udc03\ud835\udc00\ud835\udc0b\ud835\udc00\ud835\udc13 tr\u1edf th\u00e0nh bi\u1ec3u t\u01b0\u1ee3ng \u0111\u00e1ng t\u1ef1 h\u00e0o c\u1ee7a th\u00e0nh ph\u1ed1 \u0110\u00e0 L\u1ea1t, mang l\u1ea1i nh\u1eefng tr\u1ea3i nghi\u1ec7m ngh\u1ec9 d\u01b0\u1ee1ng tr\u1ecdn v\u1eb9n v\u00e0 \u0111\u1eb3ng c\u1ea5p cho du kh\u00e1ch.<\/p>\n<p>\ud835\udc03\ud835\udc14 \ud835\udc0f\ud835\udc00\ud835\udc11\ud835\udc02 \ud835\udc07\ud835\udc0e\ud835\udc13\ud835\udc04\ud835\udc0b \ud835\udc03\ud835\udc00\ud835\udc0b\ud835\udc00\ud835\udc13 \u0111\u01b0\u1ee3c thi\u1ebft k\u1ebf theo phong c\u00e1ch c\u1ed5 \u0111i\u1ec3n Ph\u00e1p, kh\u00f4ng gian \u1ea5m c\u00fang v\u00e0 sang tr\u1ecdng, n\u1ed9i th\u1ea5t hi\u1ec7n \u0111\u1ea1i s\u1ebd t\u1ea1o c\u1ea3m gi\u00e1c tho\u1ea3i m\u00e1i, g\u1ea7n g\u0169i v\u00e0 h\u00e0i l\u00f2ng cho du kh\u00e1ch khi l\u01b0u tr\u00fa t\u1ea1i kh\u00e1ch s\u1ea1n.<\/p>\n<p><img decoding=\"async\" class=\"alignnone wp-image-19564 size-full\" src=\"https:\/\/dalatreview.vn\/wp-content\/uploads\/2022\/07\/7.jpg\" alt=\"\" width=\"2048\" height=\"1041\"><\/p>\n<p>\ud835\udc03\ud835\udc14 \ud835\udc0f\ud835\udc00\ud835\udc11\ud835\udc02 \ud835\udc07\ud835\udc0e\ud835\udc13\ud835\udc04\ud835\udc0b \ud835\udc03\ud835\udc00\ud835\udc0b\ud835\udc00\ud835\udc13 duy\u00ean d\u00e1ng v\u1edbi l\u1ed1i trang tr\u00ed tinh t\u1ebf ki\u1ec3u Ph\u00e1p, \u0111\u00e3 ghi d\u1ea5u nh\u1eefng l\u1ea7n l\u01b0u tr\u00fa v\u00e0 n\u00edu ch\u00e2n nh\u1eefng nh\u00e2n v\u1eadt \u0111\u00e1ng k\u00ednh v\u00e0 n\u1ed5i ti\u1ebfng nh\u01b0 Thomas Ennis, To\u00e0n quy\u1ec1n \u0110\u00f4ng D\u01b0\u01a1ng Alesandre Varenne, nh\u00e0 \u0111i\u1ec3u c\u1ea7m h\u1ecdc Jean Delacour, Morgan Spor\u00e8tes v\u00e0 ti\u1ec3u thuy\u1ebft gia Marguerite Duras, l\u00e0 nh\u1eefng ch\u1ee9ng nh\u00e2n c\u1ee7a qu\u00e1 tr\u00ecnh h\u00ecnh th\u00e0nh v\u00e0 ph\u00e1t tri\u1ec3n c\u1ee7a th\u00e0nh ph\u1ed1 \u0110\u00e0 L\u1ea1t n\u00f3i chung v\u00e0 c\u1ee7a \ud835\udc03\ud835\udc14 \ud835\udc0f\ud835\udc00\ud835\udc11\ud835\udc02 \ud835\udc07\ud835\udc0e\ud835\udc13\ud835\udc04\ud835\udc0b \ud835\udc03\ud835\udc00\ud835\udc0b\ud835\udc00\ud835\udc13 n\u00f3i ri\u00eang qua d\u00f2ng l\u1ecbch s\u1eed v\u00e0 th\u1eddi gian.<\/p>\n<p><img decoding=\"async\" class=\"alignnone wp-image-19565 size-full\" src=\"https:\/\/dalatreview.vn\/wp-content\/uploads\/2022\/07\/8.jpg\" alt=\"\" width=\"2048\" height=\"1041\"><\/p>\n<p>T\u1ecda l\u1ea1c ngay trung t\u00e2m th\u00e0nh ph\u1ed1 \u0110\u00e0 L\u1ea1t, kh\u00e1ch s\u1ea1n g\u1ed3m 140 ph\u00f2ng bao g\u1ed3m 12 ph\u00f2ng Suite \u0111\u01b0\u1ee3c trang ho\u00e0ng theo phong c\u00e1ch thu\u1ed9c \u0111\u1ecba Ph\u00e1p trang nh\u00e3, \ud835\udc03\ud835\udc14 \ud835\udc0f\ud835\udc00\ud835\udc11\ud835\udc02 \ud835\udc07\ud835\udc0e\ud835\udc13\ud835\udc04\ud835\udc0b \ud835\udc03\ud835\udc00\ud835\udc0b\ud835\udc00\ud835\udc13\u00a0mang \u0111\u1ebfn cho du kh\u00e1ch tr\u00e3i nghi\u1ec7m sang tr\u1ecdng trong kh\u00f4ng gian \u0111\u01b0\u1ee3c trang tr\u00ed t\u1ed1i gi\u1ea3n, g\u1ea7n gi\u1ed1ng v\u1edbi tr\u01b0\u1eddng ph\u00e1i ki\u1ebfn tr\u00fac Bauhaus.<\/p>\n<h3 id=\"3-dich-vu-tien-nghi\"><span style=\"color: #003300;\"><strong>3. D\u1ecbch v\u1ee5 &amp; Ti\u1ec7n nghi<\/strong><\/span><\/h3>\n<p><strong>Nh\u00e0 h\u00e0ng Le Bistro<\/strong><\/p>\n<p>Du kh\u00e1ch s\u1ebd \u0111\u01b0\u1ee3c th\u01b0\u1edfng th\u1ee9c n\u00e9t \u1ea9m th\u1ef1c \u0111\u1eb7c s\u1eafc t\u1ea1i nh\u00e0 h\u00e0ng Le Caf\u00e9 de La Poste sang tr\u1ecdng \u0111a d\u1ea1ng nhi\u1ec1u m\u00f3n \u0103n \u00c2u-\u00c1 hay th\u1ef1c \u0111\u01a1n mang \u0111\u1eb7c tr\u01b0ng v\u0103n h\u00f3a \u1ea9m th\u1ef1c c\u1ee7a v\u00f9ng cao nguy\u00ean.<\/p>\n<p><img decoding=\"async\" class=\"alignnone wp-image-19567 size-full\" src=\"https:\/\/dalatreview.vn\/wp-content\/uploads\/2022\/07\/5.jpg\" alt=\"\" width=\"2048\" height=\"1367\"><\/p>\n<p>T\u1ea1i nh\u00e0 h\u00e0ng Le Bistro, th\u1ef1c \u0111\u01a1n s\u1ebd th\u01b0\u1eddng xuy\u00ean \u0111\u01b0\u1ee3c c\u1eadp nh\u1eadt v\u00e0 thay \u0111\u1ed5i, \u0111\u1ec3 h\u00e0nh tr\u00ecnh tr\u1ea3i nghi\u1ec7m \u1ea9m th\u1ef1c c\u1ee7a th\u1ef1c kh\u00e1ch th\u00eam ph\u1ea7n tr\u1ecdn v\u1eb9n v\u1edbi nhi\u1ec1u h\u01b0\u01a1ng v\u1ecb m\u1edbi v\u00e0 \u0111\u1ea7y h\u1ea5p d\u1eabn.<\/p>\n<h3 id=\"4-cac-hang-phong-va-gia-phong\"><span style=\"color: #003300;\"><strong>4. C\u00e1c h\u1ea1ng ph\u00f2ng v\u00e0 gi\u00e1 ph\u00f2ng\u00a0<\/strong><\/span><\/h3>\n<p><strong>Ph\u00f2ng deluxe\u00a0<\/strong><\/p>\n<p>&nbsp;<\/p>\n<p><img decoding=\"async\" class=\"alignnone wp-image-19602 size-full\" src=\"https:\/\/dalatreview.vn\/wp-content\/uploads\/2022\/07\/deluxe-scaled.jpg\" alt=\"\" width=\"2560\" height=\"1920\"><\/p>\n<p><strong>Ph\u00f2ng standard<\/strong><\/p>\n<p><img decoding=\"async\" class=\"alignnone wp-image-19610 size-full\" src=\"https:\/\/dalatreview.vn\/wp-content\/uploads\/2022\/07\/standard-scaled.jpg\" alt=\"\" width=\"2560\" height=\"1920\"><\/p>\n<p><strong>Ph\u00f2ng superior<\/strong><\/p>\n<p><img decoding=\"async\" class=\"alignnone wp-image-19611 size-full\" src=\"https:\/\/dalatreview.vn\/wp-content\/uploads\/2022\/07\/superior-scaled.jpg\" alt=\"\" width=\"2560\" height=\"1920\"><\/p>\n<p><strong>Ph\u00f2ng Suite<\/strong><\/p>\n<p><img decoding=\"async\" class=\"alignnone wp-image-19612 size-full\" src=\"https:\/\/dalatreview.vn\/wp-content\/uploads\/2022\/07\/suite-1-scaled.jpg\" alt=\"\" width=\"2560\" height=\"1920\"><\/p>\n<p><strong>B\u1ea2NG GI\u00c1 PH\u00d2NG\u00a0<\/strong><\/p>\n<p>Giai \u0111o\u1ea1n t\u1eeb 01\/01\/2022 &#8211; 31\/12\/2022<\/p>\n<table style=\"border-collapse: collapse; width: 100%; height: 120px;\">\n<tbody>\n<tr style=\"height: 24px;\">\n<td style=\"width: 33.3333%; text-align: center; height: 24px;\"><strong>H\u1ea0NG PH\u00d2NG<\/strong><\/td>\n<td style=\"width: 33.3333%; text-align: center; height: 24px;\"><strong>GI\u00c1 TRONG TU\u1ea6N<\/strong><\/td>\n<td style=\"width: 33.3333%; text-align: center; height: 24px;\"><strong>GI\u00c1 CU\u1ed0I TU\u1ea6N<\/strong><\/td>\n<\/tr>\n<tr style=\"height: 24px;\">\n<td style=\"width: 33.3333%; height: 24px; text-align: center;\">Standard<\/td>\n<td style=\"width: 33.3333%; height: 24px; text-align: center;\">1.100.000<\/td>\n<td style=\"width: 33.3333%; height: 24px; text-align: center;\">1.300.000<\/td>\n<\/tr>\n<tr style=\"height: 24px;\">\n<td style=\"width: 33.3333%; height: 24px; text-align: center;\">Superior<\/td>\n<td style=\"width: 33.3333%; height: 24px; text-align: center;\">1.300.000<\/td>\n<td style=\"width: 33.3333%; height: 24px; text-align: center;\">1.500.000<\/td>\n<\/tr>\n<tr style=\"height: 24px;\">\n<td style=\"width: 33.3333%; height: 24px; text-align: center;\">Deluxe<\/td>\n<td style=\"width: 33.3333%; height: 24px; text-align: center;\">1.500.000<\/td>\n<td style=\"width: 33.3333%; height: 24px; text-align: center;\">1.700.000<\/td>\n<\/tr>\n<tr style=\"height: 24px;\">\n<td style=\"width: 33.3333%; height: 24px; text-align: center;\">Suite<\/td>\n<td style=\"width: 33.3333%; height: 24px; text-align: center;\">1.800.000<\/td>\n<td style=\"width: 33.3333%; height: 24px; text-align: center;\">2.000.000<\/td>\n<\/tr>\n<\/tbody>\n<\/table>\n<h3 id=\"5-lien-he\"><span style=\"color: #003300;\"><strong>5. Li\u00ean h\u1ec7<\/strong><\/span><\/h3>\n<p>Fanpage:\u00a0<a href=\"https:\/\/www.facebook.com\/booking.dalatreview.vn\/\">Booking \u0110\u00e0 L\u1ea1t \u2013 www.dalatreview.vn<\/a><\/p>\n<p>S\u0110T\/Zalo: 0968 249 297<\/p>","protected":false},"excerpt":{"rendered":"<p class=\"p1\"><span class=\"s1\">\ud835\udc03\ud835\udc14<\/span> <span class=\"s1\">\ud835\udc0f\ud835\udc00\ud835\udc11\ud835\udc02<\/span> <span class=\"s1\">\ud835\udc07\ud835\udc0e\ud835\udc13\ud835\udc04\ud835\udc0b<\/span> <span class=\"s1\">\ud835\udc03\ud835\udc00\ud835\udc0b\ud835\udc00\ud835\udc13<\/span> t\u1ecda l\u1ea1c tr\u00ean \u0111\u01b0\u1eddng Tr\u1ea7n Ph\u00fa, ngay trung t\u00e2m th\u00e0nh ph\u1ed1 \u0110\u00e0 L\u1ea1t, ch\u1ec9 c\u00e1ch ch\u1ee3 \u0110\u00e0 L\u1ea1t 1,5km.<\/p>\n<p class=\"p1\">N\u01a1i \u0111\u00e2y th\u1eeba h\u01b0\u1edfng m\u1ecdi ti\u1ec7n \u00edch c\u1ee7a th\u00e0nh ph\u1ed1 v\u00e0 t\u1eadn h\u01b0\u1edfng kh\u00ed tr\u1eddi trong l\u00e0nh, m\u00f4i tr\u01b0\u1eddng an ninh t\u1ed1t, con ng\u01b0\u1eddi l\u1ea1i th\u00e2n thi\u1ec7n, d\u1ec5 g\u1ea7n, d\u1ec5 m\u1ebfn.<\/p>","protected":false},"featured_media":19612,"comment_status":"open","ping_status":"closed","template":"","meta":{"_acf_changed":false,"rank_math_lock_modified_date":false},"product_cat":[29,2252,46],"product_tag":[],"acf":[],"_links":{"self":[{"href":"https:\/\/dalatreview.vn\/en\/wp-json\/wp\/v2\/product\/19500"}],"collection":[{"href":"https:\/\/dalatreview.vn\/en\/wp-json\/wp\/v2\/product"}],"about":[{"href":"https:\/\/dalatreview.vn\/en\/wp-json\/wp\/v2\/types\/product"}],"replies":[{"embeddable":true,"href":"https:\/\/dalatreview.vn\/en\/wp-json\/wp\/v2\/comments?post=19500"}],"wp:featuredmedia":[{"embeddable":true,"href":"https:\/\/dalatreview.vn\/en\/wp-json\/wp\/v2\/media\/19612"}],"wp:attachment":[{"href":"https:\/\/dalatreview.vn\/en\/wp-json\/wp\/v2\/media?parent=19500"}],"wp:term":[{"taxonomy":"product_cat","embeddable":true,"href":"https:\/\/dalatreview.vn\/en\/wp-json\/wp\/v2\/product_cat?post=19500"},{"taxonomy":"product_tag","embeddable":true,"href":"https:\/\/dalatreview.vn\/en\/wp-json\/wp\/v2\/product_tag?post=19500"}],"curies":[{"name":"wp","href":"https:\/\/api.w.org\/{rel}","templated":true}]}}