
{"id":19392,"date":"2022-07-05T15:12:35","date_gmt":"2022-07-05T08:12:35","guid":{"rendered":"https:\/\/dalatreview.vn\/?p=19392"},"modified":"2024-05-25T02:06:01","modified_gmt":"2024-05-25T02:06:01","slug":"le-recit-boutique-hotel-de-dalat","status":"publish","type":"product","link":"https:\/\/dalatreview.vn\/en\/le-recit-boutique-hotel-de-dalat.html","title":{"rendered":"Le Recit Boutique Hotel n\u00e9t Ch\u00e2u \u00c2u c\u1ed5 k\u00ednh gi\u1eefa l\u00f2ng \u0110\u00e0 L\u1ea1t"},"content":{"rendered":"<nav class=\"vietrick-auto-toc\">\n<div class=\"box-title\">\n<h3 class=\"toc-title\" id=\"select-menu\">Danh m\u1ee5c ch\u00ednh<\/h3>\n<div><ion-icon name=\"chevron-up-outline\"><\/ion-icon><\/div>\n<\/div>\n<ul class=\"toc-list\">\n<li><a href='https:\/\/dalatreview.vn\/en#le-recit-boutique-hotel-net-chau-au-co-kinh-giua-long-da-lat' class='heading-h2 toc-link smooth-scroll'>LE R\u00c9CIT BOUTIQUE H\u00d4TEL &#8211; N\u00c9T CH\u00c2U \u00c2U C\u1ed4 K\u00cdNH GI\u1eeeA L\u00d2NG \u0110\u00c0 L\u1ea0T<\/a>\n<ul>\n<li><a href='https:\/\/dalatreview.vn\/en#1-vi-tri' class='heading-h3 toc-link smooth-scroll'>1. V\u1ecb tr\u00ed<\/a>\n<li><a href='https:\/\/dalatreview.vn\/en#2-decor' class='heading-h3 toc-link smooth-scroll'>2. Decor\u00a0<\/a>\n<li><a href='https:\/\/dalatreview.vn\/en#3-tien-ich-va-dich-vu' class='heading-h3 toc-link smooth-scroll'>3. Ti\u1ec7n \u00edch v\u00e0 d\u1ecbch v\u1ee5<\/a>\n<li><a href='https:\/\/dalatreview.vn\/en#4-cac-hang-phong' class='heading-h3 toc-link smooth-scroll'>4. C\u00e1c h\u1ea1ng ph\u00f2ng<\/a>\n<li><a href='https:\/\/dalatreview.vn\/en#gia-phong' class='heading-h3 toc-link smooth-scroll'>Gi\u00e1 ph\u00f2ng:<\/a>\n<li><a href='https:\/\/dalatreview.vn\/en#5-lien-he' class='heading-h3 toc-link smooth-scroll'>5. Li\u00ean h\u1ec7\u00a0<\/a><\/ul>\n<\/ul>\n<\/ul>\n<\/li>\n<\/ul>\n<\/nav>\n<h2 style=\"text-align: center;\" id=\"le-recit-boutique-hotel-net-chau-au-co-kinh-giua-long-da-lat\"><span style=\"color: #003300; font-family: arial, helvetica, sans-serif;\">LE R\u00c9CIT BOUTIQUE H\u00d4TEL &#8211; N\u00c9T CH\u00c2U \u00c2U C\u1ed4 K\u00cdNH GI\u1eeeA L\u00d2NG \u0110\u00c0 L\u1ea0T<\/span><\/h2>\n<p>&nbsp;<\/p>\n<h3 style=\"text-align: left;\" id=\"1-vi-tri\"><span style=\"color: #003300; font-family: arial, helvetica, sans-serif;\"><strong>1. V\u1ecb tr\u00ed<\/strong><\/span><\/h3>\n<p><span style=\"font-family: arial, helvetica, sans-serif;\">T\u1ecda l\u1ea1c tr\u00ean \u0111\u01b0\u1eddng B\u00f9i Th\u1ecb Xu\u00e2n, \u0110\u00e0 L\u1ea1t, kh\u00e1ch s\u1ea1n n\u1eb1m g\u1ea7n trung t\u00e2m th\u00e0nh ph\u1ed1, c\u00e1ch ch\u1ee3 \u0110\u00e0 L\u1ea1t kho\u1ea3ng 1.5km v\u00e0 c\u00e1ch s\u00e2n bay Li\u00ean Kh\u01b0\u01a1ng kho\u1ea3ng 32.3km.<\/span><\/p>\n<h3 id=\"2-decor\"><span style=\"color: #003300; font-family: arial, helvetica, sans-serif;\"><strong>2. Decor\u00a0<\/strong><\/span><\/h3>\n<p><span style=\"font-family: arial, helvetica, sans-serif;\">Kh\u00f4ng gian \u1edf \u0111\u00e2y \u0111\u01b0\u1ee3c thi\u1ebft k\u1ebf theo l\u1ed1i ki\u1ebfn tr\u00fac Ph\u00e1p c\u1ed5 \u0111i\u1ec3n. N\u1ed9i th\u1ea5t mang tone m\u00e0u be v\u00e0 n\u00e2u t\u1ea1o c\u1ea3m gi\u00e1c r\u1ea5t thanh l\u1ecbch v\u00e0 \u1ea5m c\u00fang.<\/span><\/p>\n<p><span style=\"font-family: arial, helvetica, sans-serif;\"><img decoding=\"async\" class=\"alignnone wp-image-19393 size-full\" src=\"https:\/\/dalatreview.vn\/wp-content\/uploads\/2022\/07\/DL0279-scaled.jpg\" alt=\"\" width=\"2560\" height=\"1708\"><\/span><\/p>\n<p><span style=\"font-family: arial, helvetica, sans-serif;\">Kh\u00f4ng gian b\u00ean ngo\u00e0i m\u1ed7i t\u1ea7ng \u0111\u1ec1u c\u00f3 \u0111i\u1ec3m nh\u1ea5n ri\u00eang v\u1edbi c\u00e1c lo\u1ea1i tranh ngh\u1ec7 thu\u1eadt theo ch\u1ee7 \u0111\u1ec1. M\u1ed7i g\u00f3c nh\u1ecf, m\u1ed7i v\u1eadt trang tr\u00ed nh\u1ecf \u0111\u1ec1u \u0111\u01b0\u1ee3c ch\u0103m ch\u00fat \u0111\u1ec3 tr\u00f4ng h\u00e0i ho\u00e0 nh\u1ea5t v\u1edbi t\u1ed5ng th\u1ec3 chung.<\/span><\/p>\n<p><span style=\"font-family: arial, helvetica, sans-serif;\"><img decoding=\"async\" class=\"alignnone wp-image-19394 size-full\" src=\"https:\/\/dalatreview.vn\/wp-content\/uploads\/2022\/07\/decor-scaled.jpg\" alt=\"\" width=\"2560\" height=\"1920\"><\/span><\/p>\n<h3 id=\"3-tien-ich-va-dich-vu\"><span style=\"color: #003300; font-family: arial, helvetica, sans-serif;\"><strong>3. Ti\u1ec7n \u00edch v\u00e0 d\u1ecbch v\u1ee5<\/strong><\/span><\/h3>\n<p><span style=\"font-family: arial, helvetica, sans-serif;\"><strong>\u1ea8m th\u1ef1c trong Le Recit Hotel \u0110\u00e0 L\u1ea1t:<\/strong><\/span><\/p>\n<p><span style=\"font-family: arial, helvetica, sans-serif;\">Nh\u00e0 h\u00e0ng mang phong c\u00e1ch boutique, v\u1edbi l\u1ed1i ki\u1ebfn tr\u00fac Ph\u00e1p \u0111\u1eb7c tr\u01b0ng mang \u0111\u1ebfn kh\u00f4ng gian \u1ea5m c\u00fang, sang tr\u1ecdng. Nh\u00e0 h\u00e0ng ph\u1ee5c v\u1ee5 \u0111a d\u1ea1ng c\u00e1c m\u00f3n \u0103n Ch\u00e2u \u00c1 v\u00e0 Ch\u00e2u \u00c2u.<\/span><\/p>\n<p><span style=\"font-family: arial, helvetica, sans-serif;\">Th\u1eddi gian ho\u1ea1t \u0111\u1ed9ng: 06:00 \u2013 21:00<\/span><\/p>\n<p><span style=\"font-family: arial, helvetica, sans-serif;\"><em>Qu\u00fd kh\u00e1ch \u0111\u1eb7t ph\u00f2ng k\u00e8m \u0103n s\u00e1ng s\u1ebd \u0103n t\u1ea1i \u0111\u00e2y. Th\u1eddi gian: 06:00 \u2013 09:30<\/em><\/span><\/p>\n<p><span style=\"font-family: arial, helvetica, sans-serif;\">Le R\u00e9cit c\u00f3 \u0111\u1ea7y \u0111\u1ee7 c\u00e1c d\u1ecbch v\u1ee5 nh\u01b0 buffet s\u00e1ng v\u00e0o ng\u00e0y cu\u1ed1i tu\u1ea7n, l\u00e0m BBQ tr\u00ean rooftop\u2026<\/span><\/p>\n<p><span style=\"font-family: arial, helvetica, sans-serif;\"><img decoding=\"async\" class=\"alignnone wp-image-19395 size-full\" src=\"https:\/\/dalatreview.vn\/wp-content\/uploads\/2022\/07\/nha-hang-scaled.jpg\" alt=\"\" width=\"2560\" height=\"1920\"><\/span><\/p>\n<h3 id=\"4-cac-hang-phong\"><span style=\"color: #003300; font-family: arial, helvetica, sans-serif;\"><strong>4. C\u00e1c h\u1ea1ng ph\u00f2ng<\/strong><\/span><\/h3>\n<p><span style=\"font-family: arial, helvetica, sans-serif;\">Le Recit \u0110\u00e0 L\u1ea1t v\u1edbi h\u1ec7 th\u1ed1ng 51 ph\u00f2ng\u00a0 ng\u1ee7 \u0111\u01b0\u1ee3c ph\u00e2n b\u1ed1 v\u00e0o c\u00e1c t\u00f2a nh\u00e0 cao 5 t\u1ea7ng. M\u1ed7i ph\u00f2ng \u0111\u1ec1u \u0111\u01b0\u1ee3c trang b\u1ecb \u0111\u1ea7y \u0111\u1ee7 c\u00e1c ti\u1ec7n nghi c\u01a1 b\u1ea3n nh\u01b0 m\u00e1y \u0111i\u1ec1u h\u00f2a, t\u1ee7 l\u1ea1nh, t\u1ee7 qu\u1ea7n \u00e1o, wifi, truy\u1ec1n h\u00ecnh c\u00e1p\/ v\u1ec7 tinh, k\u00e9t s\u1eaft. Ph\u00f2ng t\u1eafm ri\u00eang \u0111i k\u00e8m ti\u1ec7n nghi v\u00f2i sen, m\u00e1y s\u1ea5y t\u00f3c v\u00e0 \u0111\u1ed3 v\u1ec7 sinh c\u00e1 nh\u00e2n mi\u1ec5n ph\u00ed.<\/span><\/p>\n<p><span style=\"font-family: arial, helvetica, sans-serif;\"><strong>&#8211; Deluxe Vertical Garden View (Deluxe h\u01b0\u1edbng v\u01b0\u1eddn):\u00a0<\/strong><\/span><\/p>\n<p><span style=\"font-family: arial, helvetica, sans-serif;\">Ph\u00f2ng c\u00f3 di\u1ec7n t\u00edch kho\u1ea3ng 22 &#8211; 25m2 ph\u00f2ng \u0111\u01b0\u1ee3c trang b\u1ecb 1 gi\u01b0\u1eddng \u0111\u00f4i, ph\u00f2ng d\u00e0nh cho 2 kh\u00e1ch. Ph\u00f2ng t\u1eafm c\u00f3 bu\u1ed3ng t\u1eafm \u0111\u1ee9ng v\u00f2i sen.<\/span><\/p>\n<p><span style=\"font-family: arial, helvetica, sans-serif;\"><img decoding=\"async\" class=\"alignnone wp-image-19396 size-full\" src=\"https:\/\/dalatreview.vn\/wp-content\/uploads\/2022\/07\/deluxe-vertical-garden-view-scaled.jpg\" alt=\"\" width=\"2560\" height=\"1920\"><\/span><\/p>\n<p><span style=\"font-family: arial, helvetica, sans-serif;\">&#8211;\u00a0<strong>Double Deluxe City View (Deluxe h\u01b0\u1edbng ph\u1ed1 1 gi\u01b0\u1eddng \u0111\u00f4i):<\/strong><\/span><\/p>\n<p><span style=\"font-family: arial, helvetica, sans-serif;\">Ph\u00f2ng c\u00f3 di\u1ec7n t\u00edch kho\u1ea3ng 22 &#8211; 25m2 ph\u00f2ng \u0111\u01b0\u1ee3c trang b\u1ecb 1 gi\u01b0\u1eddng \u0111\u00f4i, ph\u00f2ng d\u00e0nh cho 2 kh\u00e1ch. Ph\u00f2ng t\u1eafm c\u00f3 bu\u1ed3ng t\u1eafm \u0111\u1ee9ng v\u00f2i sen.<\/span><\/p>\n<p><span style=\"font-family: arial, helvetica, sans-serif;\">&#8211; <strong>Twin Deluxe City View (Deluxe h\u01b0\u1edbng ph\u1ed1 2 gi\u01b0\u1eddng \u0111\u01a1n):<\/strong><\/span><\/p>\n<p><span style=\"font-family: arial, helvetica, sans-serif;\">Ph\u00f2ng c\u00f3 di\u1ec7n t\u00edch kho\u1ea3ng 27m2 ph\u00f2ng \u0111\u01b0\u1ee3c trang b\u1ecb 2 gi\u01b0\u1eddng \u0111\u01a1n, ph\u00f2ng d\u00e0nh cho 2 kh\u00e1ch. Ph\u00f2ng t\u1eafm c\u00f3 bu\u1ed3ng t\u1eafm \u0111\u1ee9ng v\u00f2i sen.<\/span><\/p>\n<p><span style=\"font-family: arial, helvetica, sans-serif;\"><img decoding=\"async\" class=\"alignnone wp-image-19401 size-full\" src=\"https:\/\/dalatreview.vn\/wp-content\/uploads\/2022\/07\/deluxe-twin-city-view-scaled-1.jpg\" alt=\"\" width=\"2560\" height=\"1920\"><\/span><\/p>\n<p><span style=\"font-family: arial, helvetica, sans-serif;\"><strong>&#8211; Deluxe Suite City View:<\/strong><\/span><\/p>\n<p><span style=\"font-family: arial, helvetica, sans-serif;\">Ph\u00f2ng c\u00f3 di\u1ec7n t\u00edch kho\u1ea3ng 33m2 ph\u00f2ng \u0111\u01b0\u1ee3c trang b\u1ecb 1 gi\u01b0\u1eddng \u0111\u00f4i, ph\u00f2ng d\u00e0nh cho 2 kh\u00e1ch. Ph\u00f2ng t\u1eafm c\u00f3 bu\u1ed3ng t\u1eafm \u0111\u1ee9ng v\u00f2i sen.<\/span><\/p>\n<p><span style=\"font-family: arial, helvetica, sans-serif;\"><img decoding=\"async\" class=\"alignnone wp-image-19402 size-full\" src=\"https:\/\/dalatreview.vn\/wp-content\/uploads\/2022\/07\/Deluxe-Suite-scaled.jpg\" alt=\"\" width=\"2560\" height=\"1810\"><\/span><\/p>\n<p><span style=\"font-family: arial, helvetica, sans-serif;\"><strong>&#8211; Le R\u00e9cit Suite:<\/strong><\/span><\/p>\n<p><span style=\"font-family: arial, helvetica, sans-serif;\">Ph\u00f2ng c\u00f3 di\u1ec7n t\u00edch kho\u1ea3ng 38m2 ph\u00f2ng \u0111\u01b0\u1ee3c trang b\u1ecb 1 gi\u01b0\u1eddng \u0111\u00f4i, ph\u00f2ng d\u00e0nh cho 2 kh\u00e1ch. Ph\u00f2ng t\u1eafm c\u00f3 bu\u1ed3ng t\u1eafm \u0111\u1ee9ng v\u00f2i sen v\u00e0 b\u1ed3n t\u1eafm n\u1eb1m.<img decoding=\"async\" class=\"alignnone wp-image-19403 size-full\" src=\"https:\/\/dalatreview.vn\/wp-content\/uploads\/2022\/07\/le-recit-suite-scaled.jpg\" alt=\"\" width=\"2560\" height=\"1920\"><\/span><\/p>\n<p><span style=\"font-family: arial, helvetica, sans-serif;\"><strong>&#8211; Penhouse la For\u00eat:<\/strong><\/span><\/p>\n<p><span style=\"font-family: arial, helvetica, sans-serif;\"><img decoding=\"async\" class=\"alignnone wp-image-19404 size-full\" src=\"https:\/\/dalatreview.vn\/wp-content\/uploads\/2022\/07\/penthouse-la-foret-scaled.jpg\" alt=\"\" width=\"2560\" height=\"1920\"><\/span><\/p>\n<p><span style=\"font-family: arial, helvetica, sans-serif;\"><strong>&#8211; Penhouse le Lotus:<\/strong><\/span><\/p>\n<p><span style=\"font-family: arial, helvetica, sans-serif;\"><img decoding=\"async\" class=\"alignnone wp-image-19405 size-full\" src=\"https:\/\/dalatreview.vn\/wp-content\/uploads\/2022\/07\/penthouse-le-Lotus-scaled.jpg\" alt=\"\" width=\"2560\" height=\"1920\"><\/span><\/p>\n<p><span style=\"font-family: arial, helvetica, sans-serif;\"><strong>&#8211; Penhouse le Vent:<\/strong><\/span><\/p>\n<p><span style=\"font-family: arial, helvetica, sans-serif;\"><img decoding=\"async\" class=\"alignnone wp-image-19406 size-full\" src=\"https:\/\/dalatreview.vn\/wp-content\/uploads\/2022\/07\/penthouse-le-Vent-scaled.jpg\" alt=\"\" width=\"2560\" height=\"1920\"><\/span><\/p>\n<h3 id=\"gia-phong\"><span style=\"color: #003300; font-family: arial, helvetica, sans-serif;\">Gi\u00e1 ph\u00f2ng:<\/span><\/h3>\n<table style=\"border-collapse: collapse; width: 100%; height: 192px;\">\n<tbody>\n<tr style=\"height: 24px;\">\n<td style=\"width: 33.3333%; text-align: center; height: 24px;\"><span style=\"font-family: arial, helvetica, sans-serif;\"><strong>H\u1ea0NG PH\u00d2NG<\/strong><\/span><\/td>\n<td style=\"width: 33.3333%; text-align: center; height: 24px;\"><span style=\"font-family: arial, helvetica, sans-serif;\"><strong>GI\u00c1 \u0110\u1ea6U TU\u1ea6N<\/strong><\/span><\/td>\n<td style=\"width: 33.3333%; text-align: center; height: 24px;\"><span style=\"font-family: arial, helvetica, sans-serif;\"><strong>GI\u00c1 CU\u1ed0I TU\u1ea6N<\/strong><\/span><\/td>\n<\/tr>\n<tr style=\"height: 24px;\">\n<td style=\"width: 33.3333%; height: 24px; text-align: center;\"><span style=\"font-family: arial, helvetica, sans-serif;\">Deluxe Double\/ Twin Garden View<\/span><\/td>\n<td style=\"width: 33.3333%; height: 24px; text-align: center;\"><span style=\"font-family: arial, helvetica, sans-serif;\">1,500,000 VND<\/span><\/td>\n<td style=\"width: 33.3333%; height: 24px; text-align: center;\"><span style=\"font-family: arial, helvetica, sans-serif;\">1,700,000 VND<\/span><\/td>\n<\/tr>\n<tr style=\"height: 24px;\">\n<td style=\"width: 33.3333%; height: 24px; text-align: center;\"><span style=\"font-family: arial, helvetica, sans-serif;\">Deluxe Double\/ Twin City View<\/span><\/td>\n<td style=\"width: 33.3333%; height: 24px; text-align: center;\"><span style=\"font-family: arial, helvetica, sans-serif;\">1,500,000 VND<\/span><\/td>\n<td style=\"width: 33.3333%; height: 24px; text-align: center;\"><span style=\"font-family: arial, helvetica, sans-serif;\">1,700,000 VND<\/span><\/td>\n<\/tr>\n<tr style=\"height: 24px;\">\n<td style=\"width: 33.3333%; height: 24px; text-align: center;\"><span style=\"font-family: arial, helvetica, sans-serif;\">Deluxe Suite<\/span><\/td>\n<td style=\"width: 33.3333%; height: 24px; text-align: center;\"><span style=\"font-family: arial, helvetica, sans-serif;\">2,000,000 VND<\/span><\/td>\n<td style=\"width: 33.3333%; height: 24px; text-align: center;\"><span style=\"font-family: arial, helvetica, sans-serif;\">2,200,000 VND<\/span><\/td>\n<\/tr>\n<tr style=\"height: 24px;\">\n<td style=\"width: 33.3333%; height: 24px; text-align: center;\"><span style=\"font-family: arial, helvetica, sans-serif;\">Le R\u00e9cit Suite (with bathtub)<\/span><\/td>\n<td style=\"width: 33.3333%; height: 24px; text-align: center;\"><span style=\"font-family: arial, helvetica, sans-serif;\">2,600,000 VND<\/span><\/td>\n<td style=\"width: 33.3333%; height: 24px; text-align: center;\"><span style=\"font-family: arial, helvetica, sans-serif;\">2,800,000 VND<\/span><\/td>\n<\/tr>\n<tr style=\"height: 24px;\">\n<td style=\"width: 33.3333%; height: 24px; text-align: center;\"><span style=\"font-family: arial, helvetica, sans-serif;\">Penhouse Le Lotus<\/span><\/td>\n<td style=\"width: 33.3333%; height: 24px; text-align: center;\"><span style=\"font-family: arial, helvetica, sans-serif;\">2,800,000 VND<\/span><\/td>\n<td style=\"width: 33.3333%; height: 24px; text-align: center;\"><span style=\"font-family: arial, helvetica, sans-serif;\">3,000,000 VND<\/span><\/td>\n<\/tr>\n<tr style=\"height: 24px;\">\n<td style=\"width: 33.3333%; height: 24px; text-align: center;\"><span style=\"font-family: arial, helvetica, sans-serif;\">Penhouse Le Vent<\/span><\/td>\n<td style=\"width: 33.3333%; height: 24px; text-align: center;\"><span style=\"font-family: arial, helvetica, sans-serif;\">2,800,000 VND<\/span><\/td>\n<td style=\"width: 33.3333%; height: 24px; text-align: center;\"><span style=\"font-family: arial, helvetica, sans-serif;\">3,000,000 VND<\/span><\/td>\n<\/tr>\n<tr style=\"height: 24px;\">\n<td style=\"width: 33.3333%; height: 24px; text-align: center;\"><span style=\"font-family: arial, helvetica, sans-serif;\">Penhouse 02 bedrooms La For\u00eat<\/span><\/td>\n<td style=\"width: 33.3333%; height: 24px; text-align: center;\"><span style=\"font-family: arial, helvetica, sans-serif;\">4,600,000 VND<\/span><\/td>\n<td style=\"width: 33.3333%; height: 24px; text-align: center;\"><span style=\"font-family: arial, helvetica, sans-serif;\">4,800,000 VND<\/span><\/td>\n<\/tr>\n<\/tbody>\n<\/table>\n<ul>\n<li><span style=\"font-family: arial, helvetica, sans-serif;\">Gi\u00e1 \u00e1p d\u1ee5ng cho giai \u0111o\u1ea1n 01\/06\/2022 &#8211; 31\/08\/2022<\/span><\/li>\n<li><span style=\"font-family: arial, helvetica, sans-serif;\">Gi\u00e1 d\u00e0nh cho m\u1ed7i ph\u00f2ng m\u1ed7i \u0111\u00eam, bao g\u1ed3m buffet s\u00e1ng, ph\u00ed d\u1ecbch v\u1ee5 (5%) v\u00e0 thu\u1ebf (8%)<\/span><\/li>\n<\/ul>\n<p><span style=\"font-family: arial, helvetica, sans-serif;\"><strong>Th\u1eddi gian nh\u1eadn\/ tr\u1ea3 ph\u00f2ng:<\/strong><\/span><\/p>\n<ul>\n<li><span style=\"font-family: arial, helvetica, sans-serif;\">Gi\u1edd nh\u1eadn ph\u00f2ng: 15:00 Gi\u1edd tr\u1ea3 ph\u00f2ng: 12:00<\/span><\/li>\n<\/ul>\n<p><span style=\"font-family: arial, helvetica, sans-serif;\">Vi\u1ec7c gia h\u1ea1n th\u1eddi gian tr\u1ea3 ph\u00f2ng t\u00f9y thu\u1ed9c v\u00e0o \u0111i\u1ec1u ki\u1ec7n c\u1ee7a kh\u00e1ch s\u1ea1n v\u00e0 s\u1ebd \u0111\u01b0\u1ee3c t\u00ednh ph\u00ed nh\u01b0 sau:<\/span><\/p>\n<ul>\n<li><span style=\"font-family: arial, helvetica, sans-serif;\">Tr\u1ea3 ph\u00f2ng t\u1eeb 12:00 &#8211; 18:00 &#8211; 50% gi\u00e1 tr\u1ecb ti\u1ec1n ph\u00f2ng. Tr\u1ea3 ph\u00f2ng sau 18:00 &#8211; 100% gi\u00e1 tr\u1ecb ti\u1ec1n ph\u00f2ng<\/span><\/li>\n<li><span style=\"font-family: arial, helvetica, sans-serif;\">Nh\u1eadn ph\u00f2ng t\u1eeb 06:00 &#8211; 15:00 &#8211; 50% gi\u00e1 tr\u1ecb ti\u1ec1n ph\u00f2ng. Nh\u1eadn ph\u00f2ng tr\u01b0\u1edbc 06:00 &#8211; 100% gi\u00e1 tr\u1ecb ti\u1ec1n ph\u00f2ng<\/span><\/li>\n<\/ul>\n<p><span style=\"font-family: arial, helvetica, sans-serif;\"><strong>Qu\u00fd kh\u00e1ch \u0111\u1ebfn nh\u1eadn ph\u00f2ng vui l\u00f2ng mang theo:<\/strong><\/span><\/p>\n<ul>\n<li><span style=\"font-family: arial, helvetica, sans-serif;\">CMND ho\u1eb7c passport<\/span><\/li>\n<li><span style=\"font-family: arial, helvetica, sans-serif;\">Phi\u1ebfu x\u00e1c nh\u1eadn \u0111\u1eb7t ph\u00f2ng<\/span><\/li>\n<\/ul>\n<p><span style=\"font-family: arial, helvetica, sans-serif;\"><strong>\u0110\u1eb7t c\u1ecdc<\/strong><\/span><br \/>\n<span style=\"font-family: arial, helvetica, sans-serif;\">Thanh to\u00e1n 100% ti\u1ec1n ph\u00f2ng t\u1ea1i th\u1eddi \u0111i\u1ec3m x\u00e1c nh\u1eadn \u0111\u1eb7t ph\u00f2ng. \u0110\u1eb7t ph\u00f2ng kh\u00f4ng ho\u00e0n kh\u00f4ng h\u1ee7y, h\u1ed7 tr\u1ee3 d\u1eddi ng\u00e0y khi th\u00f4ng b\u00e1o trong v\u00f2ng 07 ng\u00e0y tr\u01b0\u1edbc ng\u00e0y check in.<\/span><\/p>\n<p><span style=\"font-family: arial, helvetica, sans-serif;\"><strong>Quy \u0111\u1ecbnh v\u1ec1 ph\u1ee5 thu tr\u1ebb em:<\/strong><\/span><\/p>\n<ul>\n<li><span style=\"font-family: arial, helvetica, sans-serif;\">Tr\u1ebb em d\u01b0\u1edbi 6 tu\u1ed5i: mi\u1ec5n ph\u00ed \u1edf v\u00e0 \u0103n s\u00e1ng nh\u1eb9 (n\u00f4i\/ c\u0169i tr\u1ebb em \u0111\u01b0\u1ee3c cung c\u1ea5p mi\u1ec5n ph\u00ed<\/span><br \/>\n<span style=\"font-family: arial, helvetica, sans-serif;\">n\u1ebfu kh\u00e1ch y\u00eau c\u1ea7u)<\/span><\/li>\n<li><span style=\"font-family: arial, helvetica, sans-serif;\">Tr\u1ebb em t\u1eeb 06 \u0111\u1ebfn d\u01b0\u1edbi 12 tu\u1ed5i: gi\u01b0\u1eddng ph\u1ee5 bao g\u1ed3m \u0103n s\u00e1ng: VND 600,000 VND\/kh\u00e1ch\/ \u0111\u00eam<\/span><\/li>\n<li><span style=\"font-family: arial, helvetica, sans-serif;\">Tr\u1ebb em t\u1eeb 06 \u0111\u1ebfn d\u01b0\u1edbi 12 tu\u1ed5i: kh\u00f4ng y\u00eau c\u1ea7u gi\u01b0\u1eddng ph\u1ee5, ph\u1ee5 thu \u0103n s\u00e1ng: VND 200,000 VND\/kh\u00e1ch\/ \u0111\u00eam<\/span><\/li>\n<li><span style=\"font-family: arial, helvetica, sans-serif;\">Tr\u1ebb em t\u1eeb 12 tu\u1ed5i: gi\u01b0\u1eddng ph\u1ee5 b\u1eaft bu\u1ed9c, bao g\u1ed3m \u0103n s\u00e1ng: VND 600,000 VND\/kh\u00e1ch\/ \u0111\u00eam<\/span><\/li>\n<\/ul>\n<p><span style=\"font-family: arial, helvetica, sans-serif;\">Gi\u01b0\u1eddng ph\u1ee5 ch\u1ec9 \u0111\u01b0\u1ee3c \u0111\u1eb7t trong lo\u1ea1i ph\u00f2ng Le R\u00e9cit Suite,\u00a0t\u1ed1i \u0111a ch\u1ec9 c\u00f3 th\u1ec3 \u0111\u1eb7t 02 gi\u01b0\u1eddng ph\u1ee5 trong ph\u00f2ng.<\/span><\/p>\n<h3 id=\"5-lien-he\"><span style=\"color: #003300; font-family: arial, helvetica, sans-serif;\"><strong>5. Li\u00ean h\u1ec7\u00a0<\/strong><\/span><\/h3>\n<p><span style=\"font-family: arial, helvetica, sans-serif;\">H\u00e3y \u0111\u1ebfn v\u00e0 tr\u1ea3i nghi\u1ec7p d\u1ecbch v\u1ee5 \u0111\u1eb7t ph\u00f2ng c\u1ee7a Booking \u0110\u00e0 L\u1ea1t b\u1ea1n s\u1ebd nh\u1eadn l\u1ea1i r\u1ea5t nhi\u1ec1u quy\u1ec1n l\u1ee3i \u0111\u1eb7c bi\u1ec7t kh\u00f4ng ch\u1ec9 v\u1ec1 gi\u00e1!<\/span><\/p>\n<p><span style=\"font-family: arial, helvetica, sans-serif;\">Fanpage:\u00a0<a href=\"https:\/\/www.facebook.com\/booking.dalatreview.vn\/\">Booking \u0110\u00e0 L\u1ea1t \u2013 www.dalatreview.vn<\/a><\/span><\/p>\n<p><span style=\"font-family: arial, helvetica, sans-serif;\">S\u0110T\/Zalo: 0968 249 297<\/span><\/p>","protected":false},"excerpt":{"rendered":"<p class=\"p1\">T\u1ecda l\u1ea1c tr\u00ean \u0111\u01b0\u1eddng B\u00f9i Th\u1ecb Xu\u00e2n, \u0110\u00e0 L\u1ea1t, kh\u00e1ch s\u1ea1n n\u1eb1m g\u1ea7n trung t\u00e2m th\u00e0nh ph\u1ed1, c\u00e1ch ch\u1ee3 \u0110\u00e0 L\u1ea1t kho\u1ea3ng 1.5km v\u00e0 c\u00e1ch s\u00e2n bay Li\u00ean Kh\u01b0\u01a1ng kho\u1ea3ng 32.3km.<\/p>","protected":false},"featured_media":19394,"comment_status":"open","ping_status":"closed","template":"","meta":{"_acf_changed":false,"rank_math_lock_modified_date":false},"product_cat":[29,46],"product_tag":[],"acf":[],"_links":{"self":[{"href":"https:\/\/dalatreview.vn\/en\/wp-json\/wp\/v2\/product\/19392"}],"collection":[{"href":"https:\/\/dalatreview.vn\/en\/wp-json\/wp\/v2\/product"}],"about":[{"href":"https:\/\/dalatreview.vn\/en\/wp-json\/wp\/v2\/types\/product"}],"replies":[{"embeddable":true,"href":"https:\/\/dalatreview.vn\/en\/wp-json\/wp\/v2\/comments?post=19392"}],"wp:featuredmedia":[{"embeddable":true,"href":"https:\/\/dalatreview.vn\/en\/wp-json\/wp\/v2\/media\/19394"}],"wp:attachment":[{"href":"https:\/\/dalatreview.vn\/en\/wp-json\/wp\/v2\/media?parent=19392"}],"wp:term":[{"taxonomy":"product_cat","embeddable":true,"href":"https:\/\/dalatreview.vn\/en\/wp-json\/wp\/v2\/product_cat?post=19392"},{"taxonomy":"product_tag","embeddable":true,"href":"https:\/\/dalatreview.vn\/en\/wp-json\/wp\/v2\/product_tag?post=19392"}],"curies":[{"name":"wp","href":"https:\/\/api.w.org\/{rel}","templated":true}]}}