
{"id":19378,"date":"2022-07-04T17:02:14","date_gmt":"2022-07-04T10:02:14","guid":{"rendered":"https:\/\/dalatreview.vn\/?p=19378"},"modified":"2024-09-04T11:17:59","modified_gmt":"2024-09-04T04:17:59","slug":"lens-hotel-khu-vuon-nhiet-doi-giua-long-da-lat","status":"publish","type":"product","link":"https:\/\/dalatreview.vn\/en\/lens-hotel-khu-vuon-nhiet-doi-giua-long-da-lat.html","title":{"rendered":"Len&#8217;s Hotel: Khu v\u01b0\u1eddn nhi\u1ec7t \u0111\u1edbi thu nh\u1ecf gi\u1eefa l\u00f2ng \u0110\u00e0 L\u1ea1t"},"content":{"rendered":"<nav class=\"vietrick-auto-toc\">\n<div class=\"box-title\">\n<h3 class=\"toc-title\" id=\"select-menu\">Danh m\u1ee5c ch\u00ednh<\/h3>\n<div><ion-icon name=\"chevron-up-outline\"><\/ion-icon><\/div>\n<\/div>\n<ul class=\"toc-list\">\n<li><a href='https:\/\/dalatreview.vn\/en#lens-hotel-khu-vuon-nhiet-doi-thu-nho-giua-long-da-lat' class='heading-h2 toc-link smooth-scroll'>Len&#8217;s Hotel: Khu v\u01b0\u1eddn nhi\u1ec7t \u0111\u1edbi thu nh\u1ecf gi\u1eefa l\u00f2ng \u0110\u00e0 L\u1ea1t<\/a>\n<ul>\n<li><a href='https:\/\/dalatreview.vn\/en#1-vi-tri' class='heading-h3 toc-link smooth-scroll'>1. V\u1ecb tr\u00ed<\/a>\n<li><a href='https:\/\/dalatreview.vn\/en#2-decor' class='heading-h3 toc-link smooth-scroll'>2. Decor<\/a>\n<li><a href='https:\/\/dalatreview.vn\/en#3-cac-hang-phong' class='heading-h3 toc-link smooth-scroll'>3. C\u00e1c h\u1ea1ng ph\u00f2ng<\/a>\n<li><a href='https:\/\/dalatreview.vn\/en#4-gia-phong' class='heading-h3 toc-link smooth-scroll'>4. Gi\u00e1 ph\u00f2ng<\/a>\n<li><a href='https:\/\/dalatreview.vn\/en#5-lien-he' class='heading-h3 toc-link smooth-scroll'>5. Li\u00ean h\u1ec7<\/a><\/ul>\n<\/ul>\n<\/ul>\n<\/li>\n<\/ul>\n<\/nav>\n<h2 style=\"text-align: center;\" id=\"lens-hotel-khu-vuon-nhiet-doi-thu-nho-giua-long-da-lat\"><span style=\"color: #003300;\">Len&#8217;s Hotel: Khu v\u01b0\u1eddn nhi\u1ec7t \u0111\u1edbi thu nh\u1ecf gi\u1eefa l\u00f2ng \u0110\u00e0 L\u1ea1t<\/span><\/h2>\n<p><em>Ch\u00ednh th\u1ee9c \u0111i v\u00e0o ho\u1ea1t \u0111\u1ed9ng t\u1eeb n\u0103m 2019, Len\u2019s Hotel \u0110\u00e0 L\u1ea1t n\u1eb1m ngay trung t\u00e2m th\u00e0nh ph\u1ed1 \u0111\u00e3 tr\u1edf th\u00e0nh m\u1ed9t trong nh\u1eefng l\u1ef1a ch\u1ecdn \u01b0u ti\u00ean c\u1ee7a nhi\u1ec1u du kh\u00e1ch.\u00a0<\/em><\/p>\n<h3 id=\"1-vi-tri\"><span style=\"color: #003300;\">1. V\u1ecb tr\u00ed<\/span><\/h3>\n<p><em><strong>Len\u2019s Hotel Dalat t\u1ecda l\u1ea1c t\u1ea1i s\u1ed1 113 \u0111\u01b0\u1eddng B\u00f9i Th\u1ecb Xu\u00e2n, ph\u01b0\u1eddng 2, Th\u00e0nh ph\u1ed1 \u0110\u00e0 L\u1ea1t.<\/strong><\/em><\/p>\n<p>V\u1edbi v\u1ecb tr\u00ed n\u00e0y b\u1ea1n s\u1ebd d\u1ec5 d\u00e0ng kh\u00e1m ph\u00e1 \u0110\u00e0 L\u1ea1t b\u1edfi n\u01a1i \u0111\u00e2y c\u00f3 r\u1ea5t nhi\u1ec1u qu\u00e1n \u0103n, nh\u00e0 h\u00e0ng n\u1ed5i ti\u1ebfng nh\u1eefng qu\u00e1n c\u00e0 ph\u00ea sang tr\u1ecdng, \u0111\u1eb7c s\u1ea3n, \u0111\u1ed3 l\u01b0u ni\u1ec7m\u2026 r\u1ea5t th\u00edch h\u1ee3p cho vi\u1ec7c d\u1ea1o b\u1ed9 bu\u1ed5i t\u1ed1i.<\/p>\n<p><img decoding=\"async\" class=\"alignnone wp-image-19381 size-full\" src=\"https:\/\/dalatreview.vn\/wp-content\/uploads\/2022\/07\/2-scaled-1.jpg\" alt=\"\" width=\"2560\" height=\"1440\"><\/p>\n<p>&nbsp;<\/p>\n<p><strong>T\u1eeb kh\u00e1ch s\u1ea1n b\u1ea1n s\u1ebd d\u1ec5 d\u00e0ng di chuy\u1ec3n \u0111\u1ebfn c\u00e1c \u0111\u1ecba \u0111i\u1ec3m du l\u1ecbch nh\u01b0:\u00a0<\/strong><\/p>\n<ul>\n<li>Ch\u1ee3 \u0110\u00e0 L\u1ea1t: 0,5 km<\/li>\n<li>H\u1ed3 Tuy\u1ec1n L\u00e2m: 5,4 km<\/li>\n<li>V\u01b0\u1eddn hoa \u0110\u00e0 L\u1ea1t: 1,1 km<\/li>\n<li>Lam Vien Square: 1 km<\/li>\n<li>B\u1ea3o t\u00e0ng ngh\u1ec7 thu\u1eadt th\u00eau XQ Village: 1,3 km<\/li>\n<\/ul>\n<h3 id=\"2-decor\"><span style=\"color: #003300;\">2. Decor<\/span><\/h3>\n<p>Len\u2019s Hotel \u0110\u00e0 L\u1ea1t \u0111\u01b0\u1ee3c x\u00e2y d\u1ef1ng theo ki\u1ebfn tr\u00fac \u0111\u1eadm ch\u1ea5t Ch\u00e2u \u00c2u, v\u1edbi m\u00e0u s\u1eafc h\u00e0i h\u00f2a trang nh\u00e3 l\u1ea5y t\u00f4ng m\u00e0u tr\u1eafng l\u00e0m ch\u1ee7 \u0111\u1ea1o mang l\u1ea1i c\u1ea3m gi\u00e1c tinh t\u1ebf nh\u1eb9 nh\u00e0ng m\u00e0 \u1ea5m \u00e1p.<\/p>\n<p><img decoding=\"async\" class=\"alignnone wp-image-19380 size-full\" src=\"https:\/\/dalatreview.vn\/wp-content\/uploads\/2022\/07\/4-scaled.jpg\" alt=\"\" width=\"2560\" height=\"1452\"><\/p>\n<p>Trong m\u1ed7i gian ph\u00f2ng \u0111\u1ec1u \u0111\u01b0\u1ee3c l\u00e1t s\u00e0n g\u1ed7 k\u1ebft h\u1ee3p v\u1edbi c\u00e1ch b\u00e0y tr\u00ed s\u1eafp x\u1ebfp \u0111\u01a1n gi\u1ea3n nh\u01b0ng v\u1eabn to\u00e1t l\u00ean \u0111\u01b0\u1ee3c v\u1ebb sang tr\u1ecdng,th\u01b0\u1ee3ng l\u01b0u.<\/p>\n<p>Kh\u00e1ch s\u1ea1n c\u00f3 t\u1ed5ng c\u1ed9ng 60 ph\u00f2ng, \u0111\u01b0\u1ee3c trang b\u1ecb \u0111\u1ea7y \u0111\u1ee7 n\u1ed9i th\u1ea5t v\u00e0 ti\u1ec7n nghi, m\u1ed7i gian ph\u00f2ng s\u1ebd \u0111\u01b0\u1ee3c trang tr\u00ed nh\u1eefng b\u1ee9c tranh 3D \u0111\u1eb9p m\u1eaft c\u1ed9ng v\u1edbi kh\u00f4ng gian m\u1edf, c\u1eeda s\u1ed5 th\u00f4ng tho\u00e1ng gi\u00fap cho b\u1ea1n c\u1ea3m nh\u1eadn r\u00f5 n\u00e9t kh\u00f4ng kh\u00ed \u0111\u1ea5t tr\u1eddi \u0110\u00e0 L\u1ea1t.<\/p>\n<p>Bu\u1ed5i t\u1ed1i \u0111\u1ee9ng t\u1eeb tr\u00ean cao nh\u00ecn xu\u1ed1ng b\u1ea1n s\u1ebd c\u00f3 d\u1ecbp chi\u00eam ng\u01b0\u1ee1ng to\u00e0n c\u1ea3nh th\u00e0nh ph\u1ed1 ch\u00ecm trong s\u01b0\u01a1ng m\u1edd. \u1ea8n hi\u1ec7n trong l\u00e0n s\u01b0\u01a1ng m\u1ecfng \u1ea5y l\u00e0 nh\u1eefng ch\u00f9m \u00e1nh s\u00e1ng c\u1ee7a \u0111\u00e8n \u0111\u01b0\u1eddng, c\u1ee7a trung t\u00e2m th\u01b0\u01a1ng m\u1ea1i v\u00e0 c\u00e1c khu vui ch\u01a1i gi\u1ea3i tr\u00ed\u2026<\/p>\n<p><img decoding=\"async\" class=\"alignnone wp-image-19382 size-full\" src=\"https:\/\/dalatreview.vn\/wp-content\/uploads\/2022\/07\/10-scaled.jpg\" alt=\"\" width=\"2560\" height=\"1594\"><\/p>\n<h3 id=\"3-cac-hang-phong\"><span style=\"color: #003300;\">3. C\u00e1c h\u1ea1ng ph\u00f2ng<\/span><\/h3>\n<p>Kh\u00e1ch s\u1ea1n Len\u2019s \u0110\u00e0 L\u1ea1t 4 lo\u1ea1i ph\u00f2ng v\u1edbi di\u1ec7n t\u00edch v\u00e0 view kh\u00e1c nhau gi\u00fap b\u1ea1n c\u00f3 th\u00eam nhi\u1ec1u s\u1ef1 l\u1ef1a ch\u1ecdn cho m\u00ecnh. C\u1ee5 th\u1ec3<\/p>\n<p><strong>Ph\u00f2ng Standard Double t\u1ea1i Len\u2019s \u0110\u00e0 L\u1ea1t<\/strong>: di\u1ec7n t\u00edch kho\u1ea3ng 22m2, g\u1ed3m c\u00f3 1 gi\u01b0\u1eddng king l\u1edbn. Ph\u00f2ng th\u00edch h\u1ee3p cho 2 ng\u01b0\u1eddi l\u1edbn v\u00e0 1 tr\u1ebb em.<\/p>\n<p><img decoding=\"async\" class=\"alignnone wp-image-19385 size-full\" src=\"https:\/\/dalatreview.vn\/wp-content\/uploads\/2022\/07\/stand-scaled.jpg\" alt=\"\" width=\"2560\" height=\"1920\"><\/p>\n<p><strong>Ph\u00f2ng Classic Double t\u1ea1i Len\u2019s \u0110\u00e0 L\u1ea1t<\/strong>: C\u00f3 di\u1ec7n t\u00edch kho\u1ea3ng 25m2, g\u1ed3m c\u00f3 1 gi\u01b0\u1eddng King l\u1edbn. Ph\u00f2ng th\u00edch h\u1ee3p d\u00e0nh cho 2 ng\u01b0\u1eddi l\u1edbn v\u00e0 1 tr\u1ebb em.<\/p>\n<p><img decoding=\"async\" class=\"alignnone wp-image-19386 size-full\" src=\"https:\/\/dalatreview.vn\/wp-content\/uploads\/2022\/07\/classic-scaled.jpg\" alt=\"\" width=\"2560\" height=\"1920\"><\/p>\n<p><strong>Ph\u00f2ng Luxury Double \/ Twin t\u1ea1i Len\u2019s \u0110\u00e0 L\u1ea1<\/strong>t: Ph\u00f2ng c\u00f3 di\u1ec7n t\u00edch kho\u1ea3ng 28m2, g\u1ed3m c\u00f3 1 gi\u01b0\u1eddng King l\u1edbn ho\u1eb7c 2 gi\u01b0\u1eddng \u0111\u01a1n. Ph\u00f2ng th\u00edch h\u1ee3p d\u00e0nh cho 2 ng\u01b0\u1eddi l\u1edbn v\u00e0 1 tr\u1ebb em.<\/p>\n<p><img decoding=\"async\" class=\"alignnone wp-image-19387 size-full\" src=\"https:\/\/dalatreview.vn\/wp-content\/uploads\/2022\/07\/luxury-scaled.jpg\" alt=\"\" width=\"2560\" height=\"1920\"><\/p>\n<p><strong>Ph\u00f2ng Suite Double t\u1ea1i Len\u2019s \u0110\u00e0 L\u1ea1t<\/strong>: Ph\u00f2ng c\u00f3 di\u1ec7n t\u00edch kho\u1ea3ng 40m2, g\u1ed3m 1 gi\u01b0\u1eddng King l\u1edbn. Ph\u00f2ng\u00a0 th\u00edch h\u1ee3p d\u00e0nh cho 2 ng\u01b0\u1eddi l\u1edbn v\u00e0 1 tr\u1ebb em.<\/p>\n<p><img decoding=\"async\" class=\"alignnone wp-image-19388 size-full\" src=\"https:\/\/dalatreview.vn\/wp-content\/uploads\/2022\/07\/suite-scaled.jpg\" alt=\"\" width=\"2560\" height=\"1920\"><\/p>\n<p>Trong m\u1ed7i ph\u00f2ng c\u1ee7a kh\u00e1ch s\u1ea1n \u0111\u1ec1u c\u00f3 view c\u1ea3nh quan h\u01b0\u1edbng ra th\u00e0nh ph\u1ed1 gi\u00fap b\u1ea1n ng\u1eafm c\u1ea3nh th\u00e0nh ph\u1ed1 v\u1ec1 \u0111\u00eam v\u00f4 c\u00f9ng thu\u1eadn l\u1ee3i.<\/p>\n<p>\u0110\u1ea1t ti\u00eau chu\u1ea9n ch\u1ea5t l\u01b0\u1ee3ng qu\u1ed1c t\u1ebf n\u00ean kh\u00e1ch s\u1ea1n c\u00f3 \u0111\u1ea7y \u0111\u1ee7 ti\u1ec7n \u00edch ph\u1ee5c v\u1ee5 cho nhu c\u1ea7u c\u1ee7a m\u1ed7i du kh\u00e1ch: D\u1ecbch v\u1ee5 \u0111\u01b0a \u0111\u00f3n s\u00e2n bay, cho thu\u00ea xe \u0111\u1ea1p xe m\u00e1y, \u00f4 t\u00f4, h\u1ed7 tr\u1ee3 \u0111\u1eb7t v\u00e9 m\u00e1y bay, wifi mi\u1ec5n ph\u00ed, c\u00e0 ph\u00ea, qu\u1ea7y bar, nh\u00e0 h\u00e0ng\u2026<\/p>\n<h3 id=\"4-gia-phong\"><span style=\"color: #003300;\">4. Gi\u00e1 ph\u00f2ng<\/span><\/h3>\n<table style=\"border-collapse: collapse; width: 100%; height: 131px;\">\n<tbody>\n<tr style=\"height: 11px;\">\n<td style=\"width: 33.3333%; height: 11px; text-align: center;\"><strong>LO\u1ea0I PH\u00d2NG<\/strong><\/td>\n<td style=\"width: 33.3333%; height: 11px; text-align: center;\"><strong> NG\u00c0Y TRONG TU\u1ea6N (ch\u1ee7 nh\u1eadt &gt; th\u1ee9 n\u0103m)<\/strong><\/td>\n<td style=\"width: 33.3333%; height: 11px; text-align: center;\"><strong>CU\u1ed0I TU\u1ea6N (Th\u1ee9 s\u00e1u, th\u1ee9 b\u1ea3y)<\/strong><\/td>\n<\/tr>\n<tr style=\"height: 24px;\">\n<td style=\"width: 33.3333%; height: 24px; text-align: center;\">STANDARD (Double)<\/td>\n<td style=\"width: 33.3333%; height: 24px; text-align: center;\">800,000<\/td>\n<td style=\"width: 33.3333%; height: 24px; text-align: center;\">900,000<\/td>\n<\/tr>\n<tr style=\"height: 24px;\">\n<td style=\"width: 33.3333%; height: 24px; text-align: center;\">CLASSIC (Double\/ Twin)<\/td>\n<td style=\"width: 33.3333%; height: 24px; text-align: center;\">900,000<\/td>\n<td style=\"width: 33.3333%; height: 24px; text-align: center;\">1,000,000<\/td>\n<\/tr>\n<tr style=\"height: 24px;\">\n<td style=\"width: 33.3333%; height: 24px; text-align: center;\">LUXURY (Double\/ Twin)<\/td>\n<td style=\"width: 33.3333%; height: 24px; text-align: center;\">1,500,000<\/td>\n<td style=\"width: 33.3333%; height: 24px; text-align: center;\">1,800,000<\/td>\n<\/tr>\n<tr style=\"height: 24px;\">\n<td style=\"width: 33.3333%; height: 24px; text-align: center;\">SUITE (Double)<\/td>\n<td style=\"width: 33.3333%; height: 24px; text-align: center;\">2,500,000<\/td>\n<td style=\"width: 33.3333%; height: 24px; text-align: center;\">2,800,000<\/td>\n<\/tr>\n<\/tbody>\n<\/table>\n<h3 id=\"5-lien-he\"><span style=\"color: #003300;\">5. Li\u00ean h\u1ec7<\/span><\/h3>\n<p>H\u00e3y \u0111\u1ebfn v\u00e0 tr\u1ea3i nghi\u1ec7p d\u1ecbch v\u1ee5 \u0111\u1eb7t ph\u00f2ng c\u1ee7a Booking \u0110\u00e0 L\u1ea1t b\u1ea1n s\u1ebd nh\u1eadn l\u1ea1i r\u1ea5t nhi\u1ec1u quy\u1ec1n l\u1ee3i \u0111\u1eb7c bi\u1ec7t kh\u00f4ng ch\u1ec9 v\u1ec1 gi\u00e1!<\/p>\n<p>Fanpage:\u00a0<a href=\"https:\/\/www.facebook.com\/booking.dalatreview.vn\/\">Booking \u0110\u00e0 L\u1ea1t \u2013 www.dalatreview.vn<\/a><\/p>\n<p>S\u0110T\/Zalo: 0968 249 297<\/p>","protected":false},"excerpt":{"rendered":"<p class=\"p1\"><b><i>Len\u2019s Hotel Dalat t\u1ecda l\u1ea1c t\u1ea1i s\u1ed1 113 \u0111\u01b0\u1eddng B\u00f9i Th\u1ecb Xu\u00e2n, ph\u01b0\u1eddng 2, Th\u00e0nh ph\u1ed1 \u0110\u00e0 L\u1ea1t.<\/i><\/b><\/p>\n<p class=\"p1\">V\u1edbi v\u1ecb tr\u00ed n\u00e0y b\u1ea1n s\u1ebd d\u1ec5 d\u00e0ng kh\u00e1m ph\u00e1 \u0110\u00e0 L\u1ea1t b\u1edfi n\u01a1i \u0111\u00e2y c\u00f3 r\u1ea5t nhi\u1ec1u qu\u00e1n \u0103n, nh\u00e0 h\u00e0ng n\u1ed5i ti\u1ebfng nh\u1eefng qu\u00e1n c\u00e0 ph\u00ea sang tr\u1ecdng, \u0111\u1eb7c s\u1ea3n, \u0111\u1ed3 l\u01b0u ni\u1ec7m\u2026 r\u1ea5t th\u00edch h\u1ee3p cho vi\u1ec7c d\u1ea1o b\u1ed9 bu\u1ed5i t\u1ed1i.<\/p>","protected":false},"featured_media":19388,"comment_status":"open","ping_status":"closed","template":"","meta":{"_acf_changed":false,"rank_math_lock_modified_date":false},"product_cat":[29,46],"product_tag":[],"acf":[],"_links":{"self":[{"href":"https:\/\/dalatreview.vn\/en\/wp-json\/wp\/v2\/product\/19378"}],"collection":[{"href":"https:\/\/dalatreview.vn\/en\/wp-json\/wp\/v2\/product"}],"about":[{"href":"https:\/\/dalatreview.vn\/en\/wp-json\/wp\/v2\/types\/product"}],"replies":[{"embeddable":true,"href":"https:\/\/dalatreview.vn\/en\/wp-json\/wp\/v2\/comments?post=19378"}],"wp:featuredmedia":[{"embeddable":true,"href":"https:\/\/dalatreview.vn\/en\/wp-json\/wp\/v2\/media\/19388"}],"wp:attachment":[{"href":"https:\/\/dalatreview.vn\/en\/wp-json\/wp\/v2\/media?parent=19378"}],"wp:term":[{"taxonomy":"product_cat","embeddable":true,"href":"https:\/\/dalatreview.vn\/en\/wp-json\/wp\/v2\/product_cat?post=19378"},{"taxonomy":"product_tag","embeddable":true,"href":"https:\/\/dalatreview.vn\/en\/wp-json\/wp\/v2\/product_tag?post=19378"}],"curies":[{"name":"wp","href":"https:\/\/api.w.org\/{rel}","templated":true}]}}