
{"id":19301,"date":"2022-06-28T15:54:52","date_gmt":"2022-06-28T08:54:52","guid":{"rendered":"https:\/\/dalatreview.vn\/?p=19301"},"modified":"2024-07-09T10:50:49","modified_gmt":"2024-07-09T03:50:49","slug":"hotel-colline-khach-san-4-sao-ngay-cho-da-lat","status":"publish","type":"product","link":"https:\/\/dalatreview.vn\/en\/hotel-colline-khach-san-4-sao-ngay-cho-da-lat.html","title":{"rendered":"Hotel Colline kh\u00e1ch s\u1ea1n 4 sao ngay ch\u1ee3 \u0111\u00eam \u0110\u00e0 L\u1ea1t"},"content":{"rendered":"<nav class=\"vietrick-auto-toc\">\n<div class=\"box-title\">\n<h3 class=\"toc-title\" id=\"select-menu\">Danh m\u1ee5c ch\u00ednh<\/h3>\n<div><ion-icon name=\"chevron-up-outline\"><\/ion-icon><\/div>\n<\/div>\n<ul class=\"toc-list\">\n<li><a href='https:\/\/dalatreview.vn\/en#hotel-colline-khach-san-4-sao-ngay-cho-da-lat' class='heading-h2 toc-link smooth-scroll'>HOTEL COLLINE: KH\u00c1CH S\u1ea0N 4 SAO NGAY CH\u1ee2 \u0110\u00c0 L\u1ea0T<\/a>\n<li><a href='https:\/\/dalatreview.vn\/en#1-vi-tri' class='heading-h2 toc-link smooth-scroll'>1. V\u1ecb tr\u00ed<\/a>\n<li><a href='https:\/\/dalatreview.vn\/en#2-decor' class='heading-h2 toc-link smooth-scroll'>2. Decor<\/a>\n<li><a href='https:\/\/dalatreview.vn\/en#3-dich-vu-tien-nghi' class='heading-h2 toc-link smooth-scroll'>3. D\u1ecbch v\u1ee5 &amp; Ti\u1ec7n nghi<\/a>\n<ul>\n<li><a href='https:\/\/dalatreview.vn\/en#3_Cac_loai_phong_tai_khach_san_Hotel_Colline_Da_Lat' class='heading-h3 toc-link smooth-scroll'>C\u00e1c lo\u1ea1i ph\u00f2ng t\u1ea1i kh\u00e1ch s\u1ea1n H\u00f4tel Colline \u0110\u00e0 L\u1ea1t<\/a><\/ul>\n<li><a href='https:\/\/dalatreview.vn\/en#4-gia-phong' class='heading-h2 toc-link smooth-scroll'>4.\u00a0Gi\u00e1 ph\u00f2ng<\/a>\n<li><a href='https:\/\/dalatreview.vn\/en#5-lien-he' class='heading-h2 toc-link smooth-scroll'>5. Li\u00ean h\u1ec7<\/a><\/ul>\n<\/ul>\n<\/li>\n<\/ul>\n<\/nav>\n<h2 style=\"text-align: center;\" id=\"hotel-colline-khach-san-4-sao-ngay-cho-da-lat\"><strong><span style=\"color: #003300;\">HOTEL COLLINE: KH\u00c1CH S\u1ea0N 4 SAO NGAY CH\u1ee2 \u0110\u00c0 L\u1ea0T<\/span><\/strong><\/h2>\n<h5 id=\"du-ban-du-lich-den-da-lat-cung-nguoi-yeu-gia-dinh-hoi-ban-hay-trong-mot-chuyen-cong-tac-ngan-ngay-thi-hotel-colline-cung-se-mang-den-cho-ban-mot-trai-nghiem-tinh-te-va-tuyet-voi\">D\u00f9 b\u1ea1n du l\u1ecbch \u0111\u1ebfn \u0110\u00e0 L\u1ea1t c\u00f9ng ng\u01b0\u1eddi y\u00eau, gia \u0111\u00ecnh, h\u1ed9i b\u1ea1n hay trong m\u1ed9t chuy\u1ebfn c\u00f4ng t\u00e1c ng\u1eafn ng\u00e0y th\u00ec H\u00f4tel Colline c\u0169ng s\u1ebd mang \u0111\u1ebfn cho b\u1ea1n m\u1ed9t tr\u1ea3i nghi\u1ec7m tinh t\u1ebf v\u00e0 tuy\u1ec7t v\u1eddi!<\/h5>\n<h2 id=\"1-vi-tri\"><strong><span style=\"color: #003300;\">1. V\u1ecb tr\u00ed<\/span><\/strong><\/h2>\n<p>Hotel Colline \u0110\u00e0 L\u1ea1t t\u1ecda l\u1ea1c tr\u00ean \u0111\u01b0\u1eddng Phan B\u1ed9i Ch\u00e2u, ngay trung t\u00e2m th\u00e0nh ph\u1ed1 \u0110\u00e0 L\u1ea1t. T\u1eeb kh\u00e1ch s\u1ea1n ch\u1ec9 c\u1ea7n v\u00e0i b\u01b0\u1edbc ch\u00e2n \u0111i b\u1ed9 \u0111\u1ebfn h\u1ed3 Xu\u00e2n H\u01b0\u01a1ng v\u00e0 ch\u1ee3 \u0110\u00e0 L\u1ea1t.<\/p>\n<p><img decoding=\"async\" class=\"aligncenter wp-image-19313\" src=\"https:\/\/dalatreview.vn\/wp-content\/uploads\/2022\/06\/hotel-coline-da-lat.jpg\" alt=\"\" width=\"1100\" height=\"807\"><\/p>\n<p>N\u01a1i \u0111\u00e2y th\u1eeba h\u01b0\u1edfng m\u1ecdi ti\u1ec7n \u00edch c\u1ee7a th\u00e0nh ph\u1ed1 v\u00e0 t\u1eadn h\u01b0\u1edfng kh\u00ed tr\u1eddi trong l\u00e0nh, m\u00f4i tr\u01b0\u1eddng an ninh t\u1ed1t, con ng\u01b0\u1eddi l\u1ea1i th\u00e2n thi\u1ec7n, d\u1ec5 g\u1ea7n, d\u1ec5 m\u1ebfn.<\/p>\n<p>\u0110\u00e2y l\u00e0 cung \u0111\u01b0\u1eddng h\u1ed9i t\u1ee5 nhi\u1ec1u \u0111i\u1ec3m vui ch\u01a1i, mua s\u1eafm v\u00e0 \u0103n u\u1ed1ng, r\u1ea5t th\u00edch h\u1ee3p \u0111\u1ec3 b\u1ea1n l\u1ef1a ch\u1ecdn l\u00e0m \u0111i\u1ec3m ngh\u1ec9 d\u01b0\u1ee1ng khi \u0111\u1ebfn v\u1edbi x\u1ee9 s\u1edf s\u01b0\u01a1ng m\u00f9.<\/p>\n<h2 id=\"2-decor\"><span style=\"color: #003300;\"><strong>2. Decor<\/strong><\/span><\/h2>\n<p><strong><span id=\"Thiet_ke_doc_dao\">Thi\u1ebft k\u1ebf \u0111\u1ed9c \u0111\u00e1o<\/span><\/strong><\/p>\n<p>Ngo\u00e0i vi\u1ec7c s\u1edf h\u1eefu v\u1ecb tr\u00ed h\u1ebft s\u1ee9c thu\u1eadn l\u1ee3i, kh\u00e1ch s\u1ea1n c\u00f2n thu h\u00fat du kh\u00e1ch b\u1edfi l\u1ed1i ki\u1ebfn tr\u00fac thanh l\u1ecbch, n\u1ed9i th\u1ea5t v\u00e0 thi\u1ebft k\u1ebf th\u00f4ng minh, \u1ea5n t\u01b0\u1ee3ng, trang thi\u1ebft b\u1ecb h\u00e0i h\u00f2a mang \u0111\u1eadm n\u00e9t tr\u1ebb trung, hi\u1ec7n \u0111\u1ea1i.<\/p>\n<p><img decoding=\"async\" class=\"aligncenter wp-image-19314\" src=\"https:\/\/dalatreview.vn\/wp-content\/uploads\/2022\/06\/khach-san-colline.jpg\" alt=\"\" width=\"1100\" height=\"551\"><\/p>\n<p>Ngay t\u1eeb b\u00ean ngo\u00e0i, Colline n\u1ed5i b\u1eadt nh\u01b0 m\u1ed9t ng\u00f4i bi\u1ec7t th\u1ef1 c\u1ed5 \u0111i\u1ec3n v\u1edbi t\u00f4ng m\u00e0u n\u00e2u ch\u1ee7 \u0111\u1ea1o c\u00f9ng t\u1ea7ng t\u1ea7ng, l\u1edbp l\u1edbp h\u00ecnh kh\u1ed1i x\u1ebfp ch\u1ed3ng l\u00ean nhau, mang \u0111\u1ebfn kh\u00f4ng gian nh\u01b0 m\u1ed9t g\u00f3c ph\u1ed1 Ph\u00e1p xinh x\u1eafn gi\u1eefa l\u00f2ng \u0110\u00e0 L\u1ea1t. B\u1ea1n c\u00f3 th\u1ec3 b\u1eaft g\u1eb7p v\u00f4 s\u1ed1 b\u1ee9c \u1ea3nh check-in v\u00f4 c\u00f9ng sang \u2013 x\u1ecbn \u2013 m\u1ecbn tr\u00ean Instagram c\u1ee7a nh\u1eefng v\u1ecb kh\u00e1ch t\u1eebng l\u01b0u tr\u00fa t\u1ea1i \u0111\u00e2y.<\/p>\n<h2 id=\"3-dich-vu-tien-nghi\"><span style=\"color: #003300;\"><strong>3. D\u1ecbch v\u1ee5 &amp; Ti\u1ec7n nghi<\/strong><\/span><\/h2>\n<p><strong><span id=\"Phong_nghi_hien_dai_tien_nghi\">Ph\u00f2ng ngh\u1ec9 hi\u1ec7n \u0111\u1ea1i, ti\u1ec7n nghi<\/span><\/strong><\/p>\n<p>H\u00f4tel Colline \u0110\u00e0 L\u1ea1t s\u1edf h\u1eefu 150 ph\u00f2ng ngh\u1ec9 v\u1edbi 6 h\u1ea1ng ph\u00f2ng kh\u00e1c nhau, kh\u00e1ch s\u1ea1n n\u00e0y c\u00f3 kh\u1ea3 n\u0103ng ph\u1ee5c v\u1ee5 nhu c\u1ea7u c\u1ee7a nhi\u1ec1u \u0111\u1ed1i t\u01b0\u1ee3ng du kh\u00e1ch kh\u00e1c nhau, t\u1eeb c\u1eb7p \u0111\u00f4i, gia \u0111\u00ecnh hay nh\u00f3m b\u1ea1n v\u1edbi s\u1ed1 l\u01b0\u1ee3ng l\u1edbn. C\u00e1c c\u0103n ph\u00f2ng \u0111\u01b0\u1ee3c s\u1eed d\u1ee5ng ch\u1ee7 y\u1ebfu l\u00e0 gam m\u00e0u s\u1eefa h\u1ebft s\u1ee9c nh\u00e3 nh\u1eb7n v\u00e0 s\u00e1ng s\u1ee7a. B\u00ean c\u1ea1nh \u0111\u00f3 k\u1ebft h\u1ee3p th\u00eam v\u1edbi \u0111\u1ed3 n\u1ed9i th\u1ea5t g\u1ed7 ph\u1ea7n n\u00e0o t\u0103ng l\u00ean n\u00e9t \u0111\u1eb9p v\u1eeba c\u1ed5 \u0111i\u1ec3n v\u1eeba hi\u1ec7n \u0111\u1ea1i m\u00e0 kh\u00e1ch s\u1ea1n h\u01b0\u1edbng \u0111\u1ebfn. T\u1ea5t c\u1ea3 c\u00e1c ph\u00f2ng \u1edf \u0111\u00e2y \u0111\u1ec1u \u0111\u01b0\u1ee3c s\u1eafp x\u1ebfp c\u00e1c ti\u1ec7n nghi \u00eam \u00e1i, d\u1ec5 ch\u1ecbu v\u00e0 m\u1edbi nh\u01b0 truy\u1ec1n h\u00ecnh v\u1ec7 tinh, minibar, ph\u00f2ng l\u00e0m vi\u1ec7c, k\u00e9t s\u1eaft cho laptop v\u00e0 c\u1ea3m bi\u1ebfn b\u00e1o kh\u00f3i.<\/p>\n<p><img decoding=\"async\" class=\"alignnone wp-image-19315 size-full\" src=\"https:\/\/dalatreview.vn\/wp-content\/uploads\/2022\/06\/COLLINE-SUITE-VIEW-scaled-1.jpg\" alt=\"\" width=\"2560\" height=\"1707\"><\/p>\n<p>\u0110\u1eb7c bi\u1ec7t, t\u1ea5t c\u1ea3 c\u00e1c ph\u00f2ng ngh\u1ec9 c\u1ee7a kh\u00e1ch s\u1ea1n \u0111\u1ec1u c\u00f3 th\u1ec3 nh\u00ecn \u0111\u01b0\u1ee3c bao qu\u00e1t th\u00e0nh ph\u1ed1 t\u1eeb tr\u00ean cao. Ban c\u00f4ng v\u00e0 nh\u1eefng chi\u1ebfc c\u1eeda s\u1ed5 l\u1edbn s\u1ebd \u0111em t\u1edbi cho b\u1ea1n b\u1ea7u kh\u00f4ng kh\u00ed tho\u00e1ng \u0111\u00e3ng v\u00e0 th\u01b0 gi\u00e3n t\u1ed1i \u0111a.<\/p>\n<p>C\u00e1c ph\u00f2ng t\u1ea1i \u0111\u00e2y \u0111\u01b0\u1ee3c trang b\u1ecb m\u00e1y \u0111i\u1ec1u h\u00f2a, TV truy\u1ec1n h\u00ecnh c\u00e1p m\u00e0n h\u00ecnh ph\u1eb3ng, \u1ea5m \u0111un n\u01b0\u1edbc, ch\u1eadu r\u1eeda v\u1ec7 sinh, \u0111\u1ed3 v\u1ec7 sinh c\u00e1 nh\u00e2n mi\u1ec5n ph\u00ed, b\u00e0n l\u00e0m vi\u1ec7c, ph\u00f2ng t\u1eafm ri\u00eang v\u00e0 t\u1ea7m nh\u00ecn ra quang c\u1ea3nh th\u00e0nh ph\u1ed1. Ngo\u00e0i ra c\u00f2n c\u00f3 t\u1ee7 qu\u1ea7n \u00e1o.<\/p>\n<p><strong><span id=\"Nhieu_dich_vu_tien_ich_khac\">Nhi\u1ec1u d\u1ecbch v\u1ee5, ti\u1ec7n \u00edch kh\u00e1c<\/span><\/strong><\/p>\n<p>Khu nh\u00e0 h\u00e0ng Salt &amp; Soy s\u1ebd mang \u0111\u1ebfn cho b\u1ea1n s\u1ef1 tr\u1ea3i nghi\u1ec7m tuy\u1ec7t v\u1eddi t\u1eeb c\u00e1c m\u00f3n ngon Vi\u1ec7t Nam cho \u0111\u1ebfn tinh hoa \u1ea9m th\u1ef1c Nh\u1eadt B\u1ea3n, Th\u00e1i, Hoa v\u00e0 c\u00e1c m\u00f3n ngon \u0111\u1ec3n t\u1eeb ph\u01b0\u01a1ng T\u00e2y. T\u1ea5t c\u1ea3 m\u00f3n \u0103n t\u1ea1i khu nh\u00e0 h\u00e0ng \u0111\u1ec1u \u0111\u01b0\u1ee3c c\u00e1c \u0111\u1ea7u b\u1ebfp t\u00e0i n\u0103ng c\u1ee7a kh\u00e1ch s\u1ea1n ch\u1ebf bi\u1ebfn t\u1eeb ngu\u1ed3n nguy\u00ean li\u1ec7u t\u01b0\u01a1i ngon nh\u1ea5t c\u1ee7a \u0111\u1ecba ph\u01b0\u01a1ng. \u00c0, b\u1ea1n \u0111\u1eebng qu\u00ean th\u1eed m\u00f3n m\u00ec s\u1ee3i v\u00e0 m\u00f3n v\u1ecbt quay \u2013 hai m\u00f3n \u0103n \u0111\u1eb7c bi\u1ec7t c\u1ee7a nh\u00e0 h\u00e0ng<\/p>\n<p><img decoding=\"async\" class=\"alignnone wp-image-19318 size-full\" src=\"https:\/\/dalatreview.vn\/wp-content\/uploads\/2022\/06\/nha-hang-1-scaled-1.jpg\" alt=\"\" width=\"2560\" height=\"1920\"><\/p>\n<p>Kh\u00e1ch s\u1ea1n c\u0169ng c\u00f3 qu\u1ea7y b\u00e1nh ng\u1ecdt, qu\u1ea7y bar \u1edf khu v\u1ef1c s\u1ea3nh. Ngo\u00e0i ra, b\u1ea1n c\u0169ng c\u00f3 th\u1ec3 r\u00e8n luy\u1ec7n s\u1ee9c kh\u1ecfe t\u1ea1i ph\u00f2ng gym hay ngh\u1ec9 ng\u01a1i th\u01b0 gi\u00e3n t\u1ea1i ph\u00f2ng spa n\u1eefa nh\u00e9.<\/p>\n<p>H\u00f4tel Colline c\u0169ng l\u00e0 n\u01a1i m\u00e0 b\u1ea1n c\u00f3 th\u1ec3 t\u1ed5 ch\u1ee9c nh\u1eefng b\u1eefa ti\u1ec7c l\u1edbn cho nh\u00e2n vi\u00ean, bu\u1ed5i g\u1eb7p g\u1ee1 \u0111\u1ed1i t\u00e1c, hay ti\u1ec7c c\u01b0\u1edbi \u0111\u1ea7y sang tr\u1ecdng. Ph\u00f2ng h\u1ed9i ngh\u1ecb c\u1ee7a kh\u00e1ch s\u1ea1n c\u00f3 s\u1ee9c ch\u1ee9a l\u00ean \u0111\u1ebfn 1.000 kh\u00e1ch, \u0111\u01b0\u1ee3c trang b\u1ecb m\u00e0n h\u00ecnh LED c\u1ee1 l\u1edbn, h\u1ec7 th\u1ed1ng \u00e2m thanh hi\u1ec7n \u0111\u1ea1i v\u00e0 c\u00e1c nh\u00e2n vi\u00ean c\u00f3 nhi\u1ec1u n\u0103m kinh nghi\u1ec7m trong m\u1ea3ng t\u1ed5 ch\u1ee9c ti\u1ec7c s\u1ebd mang \u0111\u1ebfn cho b\u1ea1n nh\u1eefng tr\u1ea3i nghi\u1ec7m \u0111\u00e1ng nh\u1edb.<\/p>\n<h3><span id=\"3_Cac_loai_phong_tai_khach_san_Hotel_Colline_Da_Lat\">C\u00e1c lo\u1ea1i ph\u00f2ng t\u1ea1i kh\u00e1ch s\u1ea1n H\u00f4tel Colline \u0110\u00e0 L\u1ea1t<\/span><\/h3>\n<p><strong><span id=\"Hang_phong_Superior\">H\u1ea1ng ph\u00f2ng Superior\u00a0<\/span><\/strong><\/p>\n<p>T\u00f4\u0309ng di\u00ea\u0323n ti\u0301ch c\u0103n pho\u0300ng na\u0300y la\u0300 22m2,\u00a0 Pho\u0300ng \u0111\u01b0\u01a1\u0323c b\u00f4\u0301 tri\u0301 1 gi\u01b0\u01a1\u0300ng \u0111\u00f4i v\u01a1\u0301i s\u01b0\u0301c ch\u01b0\u0301a da\u0300nh cho 2 kha\u0301ch \u01a1\u0309. Loa\u0323i pho\u0300ng na\u0300y kh\u00f4ng th\u00ea\u0309 k\u00ea th\u00eam b\u00e2\u0301t ky\u0300 gi\u01b0\u01a1\u0300ng phu\u0323 na\u0300o.<\/p>\n<p><img decoding=\"async\" class=\"alignnone wp-image-19322 size-full\" src=\"https:\/\/dalatreview.vn\/wp-content\/uploads\/2022\/06\/sup-scaled-1.jpg\" alt=\"\" width=\"2560\" height=\"1920\"><\/p>\n<p><strong><span id=\"Hang_phong_Deluxe\">H\u1ea1ng ph\u00f2ng Deluxe<\/span><\/strong><\/p>\n<p>C\u0103n pho\u0300ng co\u0301 di\u00ea\u0323n ti\u0301ch khoa\u0309ng 25m2, \u0111\u01b0\u01a1\u0323c b\u00f4\u0301 tri\u0301 1 gi\u01b0\u01a1\u0300ng \u0111\u00f4i ho\u0103\u0323c co\u0301 n\u1ebfu kha\u0301ch y\u00eau c\u00e2\u0300u co\u0301 th\u00ea\u0309 thay \u0111\u00f4\u0309i tha\u0300nh 2 gi\u01b0\u01a1\u0300ng \u0111\u01a1n. Co\u0301 c\u01b0\u0309a s\u00f4\u0309 thoa\u0301ng ma\u0301t view nhi\u0300n ra h\u01b0\u01a1\u0301ng tha\u0300nh ph\u00f4\u0301. Kh\u00f4ng gian pho\u0300ng r\u00e2\u0301t thoa\u0301ng \u0111a\u0303ng \u0111\u00e2\u0300y \u0111u\u0309 ti\u00ea\u0323n nghi cu\u0303ng nh\u01b0 \u0111\u01b0\u01a1\u0323c trang bi\u0323 da\u0300n n\u00f4\u0323i th\u00e2\u0301t hi\u00ea\u0323n \u0111a\u0323i.<\/p>\n<p><strong><span id=\"Hang_phong_Premier_Deluxe\">H\u1ea1ng ph\u00f2ng Premier Deluxe<\/span><\/strong><\/p>\n<p>Ph\u00f2ng Premier Deluxe \u0111\u01b0\u1ee3c b\u1ed1 tr\u00ed t\u01b0\u01a1ng t\u1ef1 ph\u00f2ng Deluxe nh\u01b0ng c\u00f3 kh\u00f4ng gian r\u1ed9ng r\u00e3i h\u01a1n, v\u1edbi t\u1ed5ng di\u1ec7n t\u00edch l\u00e0 29m2, bao g\u1ed3m 1 gi\u01b0\u1eddng \u0111\u00f4i ho\u1eb7c 2 gi\u01b0\u1eddng \u0111\u01a1n, t\u00f9y theo y\u00eau c\u1ea7u c\u1ee7a kh\u00e1ch.<\/p>\n<p><span id=\"Hang_phong_Deluxe_Family\"><strong>H\u1ea1ng ph\u00f2ng Deluxe Family\u00a0<\/strong><\/span><\/p>\n<p>T\u00f4\u0309ng di\u00ea\u0323n ti\u0301ch c\u0103n pho\u0300ng na\u0300y la\u0300 42m2, \u0111\u01b0\u1ee3c thi\u1ebft k\u1ebf chuy\u00ean d\u1ee5ng cho 1 h\u1ed9 gia \u0111\u00ecnh. G\u1ed3m 4 ng\u01b0\u1eddi l\u1edbn v\u00e0 1 tr\u1ebb nh\u1ecf.<\/p>\n<p><img decoding=\"async\" class=\"alignnone wp-image-19321 size-full\" src=\"https:\/\/dalatreview.vn\/wp-content\/uploads\/2022\/06\/dlx-fam-scaled-1.jpg\" alt=\"\" width=\"2560\" height=\"1920\"><\/p>\n<p><strong><span id=\"Hang_phong_Studio\">H\u1ea1ng ph\u00f2ng Studio<\/span><\/strong><\/p>\n<p>Ph\u00f2ng c\u00f3 di\u1ec7n t\u00edch 35m2, g\u1ed3m m\u1ed9t gi\u01b0\u1eddng \u0111\u00f4i c\u1ef1c l\u1edbn, th\u00edch h\u1ee3p \u0111\u1ed1i v\u1edbi nh\u1eefng gia \u0111\u00ecnh nh\u1ecf g\u1ed3m b\u1ed1 m\u1eb9 v\u00e0 m\u1ed9t tr\u1ebb nh\u1ecf.<\/p>\n<p><img decoding=\"async\" class=\"alignnone wp-image-19319 size-full\" src=\"https:\/\/dalatreview.vn\/wp-content\/uploads\/2022\/06\/studio-scaled-1.jpg\" alt=\"\" width=\"2560\" height=\"1920\"><\/p>\n<p><strong><span id=\"Hang_phong_Signature_Suite\">H\u1ea1ng ph\u00f2ng Signature Suite<\/span><\/strong><\/p>\n<p>Signature Suite l\u00e0 lo\u1ea1i ph\u00f2ng \u0111\u1eb7c bi\u1ec7t t\u1ea1i kh\u00e1ch s\u1ea1n H\u00f4tel Colline v\u1edbi t\u1ed5ng di\u1ec7n t\u00edch l\u00ean \u0111\u1ebfn 55m2 v\u00e0 gi\u01b0\u1eddng \u0111\u00f4i r\u1ed9ng 2,2m.<\/p>\n<h2 id=\"4-gia-phong\"><span style=\"color: #003300;\"><strong>4.\u00a0Gi\u00e1 ph\u00f2ng<\/strong><\/span><\/h2>\n<p><strong>GIAI \u0110O\u1ea0N: 01\/06\/2022 &#8211; 31\/08\/2022<\/strong><\/p>\n<table style=\"border-collapse: collapse; width: 100%; height: 168px;\">\n<tbody>\n<tr style=\"height: 24px;\">\n<td style=\"width: 33.3333%; text-align: center; height: 24px;\"><strong>H\u1ea1ng ph\u00f2ng\u00a0<\/strong><\/td>\n<td style=\"width: 33.3333%; text-align: center; height: 24px;\"><strong>Gi\u00e1 \u0111\u1ea7u tu\u1ea7n<\/strong><\/td>\n<td style=\"width: 33.3333%; text-align: center; height: 24px;\"><strong>Gi\u00e1\u00a0cu\u1ed1i tu\u1ea7n<\/strong><\/td>\n<\/tr>\n<tr style=\"height: 24px;\">\n<td style=\"width: 33.3333%; height: 24px; text-align: center;\">Ph\u00f2ng Superior<\/td>\n<td style=\"width: 33.3333%; height: 24px; text-align: center;\">1,400,000<\/td>\n<td style=\"width: 33.3333%; height: 24px; text-align: center;\">1,800,000<\/td>\n<\/tr>\n<tr style=\"height: 24px;\">\n<td style=\"width: 33.3333%; height: 24px; text-align: center;\">Ph\u00f2ng Deluxe<\/td>\n<td style=\"width: 33.3333%; height: 24px; text-align: center;\">1,600,000<\/td>\n<td style=\"width: 33.3333%; height: 24px; text-align: center;\">2,000,000<\/td>\n<\/tr>\n<tr style=\"height: 24px;\">\n<td style=\"width: 33.3333%; height: 24px; text-align: center;\">Ph\u00f2ng Premier Deluxe<\/td>\n<td style=\"width: 33.3333%; height: 24px; text-align: center;\">1,800,000<\/td>\n<td style=\"width: 33.3333%; height: 24px; text-align: center;\">2,200,000<\/td>\n<\/tr>\n<tr style=\"height: 24px;\">\n<td style=\"width: 33.3333%; height: 24px; text-align: center;\">Ph\u00f2ng Deluxe Family<\/td>\n<td style=\"width: 33.3333%; height: 24px; text-align: center;\">2,800,000<\/td>\n<td style=\"width: 33.3333%; height: 24px; text-align: center;\">3,400,000<\/td>\n<\/tr>\n<tr style=\"height: 24px;\">\n<td style=\"width: 33.3333%; height: 24px; text-align: center;\">Ph\u00f2ng Studio<\/td>\n<td style=\"width: 33.3333%; height: 24px; text-align: center;\">2,000,000<\/td>\n<td style=\"width: 33.3333%; height: 24px; text-align: center;\">2,400,000<\/td>\n<\/tr>\n<tr style=\"height: 24px;\">\n<td style=\"width: 33.3333%; height: 24px; text-align: center;\">Ph\u00f2ng Signature Suite<\/td>\n<td style=\"width: 33.3333%; height: 24px; text-align: center;\">3,600,000<\/td>\n<td style=\"width: 33.3333%; height: 24px; text-align: center;\">4,000,000<\/td>\n<\/tr>\n<\/tbody>\n<\/table>\n<p><strong>NOTE:\u00a0<\/strong><\/p>\n<p>\u2013 Gi\u00e1 ph\u00f2ng \u0111\u00e3 bao g\u1ed3m b\u1eefa s\u00e1ng buffet t\u1ea1i nh\u00e0 h\u00e0ng c\u1ee7a KS.<\/p>\n<p>\u2013 Gi\u00e1 ph\u00f2ng s\u1ebd c\u00f3 bi\u1ebfn \u0111\u1ed9ng v\u00e0o c\u00e1c d\u1ecbp L\u1ec5 T\u1ebft v\u00e0 1 s\u1ed1 giai \u0111o\u1ea1n kh\u00e1c.<\/p>\n<p><strong>\u0110\u1eb6C BI\u1ec6T, COMBO KHUY\u1ebeN M\u00c3I H\u00c8 2022 V\u1edaI \u01afU \u0110\u00c3I H\u1ea4P D\u1eaaN BAO G\u1ed2M<\/strong><\/p>\n<p>\u2022 02 \u0110\u00eam ph\u00f2ng ngh\u1ec9 d\u01b0\u1ee1ng t\u1ea1i kh\u00e1ch s\u1ea1n Colline<br \/>\n\u2022 Mi\u1ec5n ph\u00ed s\u1eed d\u1ee5ng wifi, ph\u00f2ng m\u00e1y t\u00ednh, ph\u00f2ng Gym, v\u00e0 c\u00e1c ti\u1ec7n \u00edch c\u1ee7a Kh\u00e1ch s\u1ea1n<br \/>\n\u2022 01 chi\u1ec1u \u0111\u01b0a ho\u1eb7c \u0111\u00f3n s\u00e2n bay (xe 4 ho\u1eb7c 7 ch\u1ed7)<br \/>\n\u2022 02 Colline Signature Dishes (Th\u0103n Heo kh\u00f3i l\u1eeda)<\/p>\n<table style=\"border-collapse: collapse; width: 100%; height: 144px;\">\n<tbody>\n<tr style=\"height: 24px;\">\n<td style=\"width: 367.141px; text-align: center; height: 24px;\"><strong>H\u1ea1ng ph\u00f2ng<\/strong><\/td>\n<td style=\"width: 684.859px; text-align: center; height: 24px;\"><strong>Gi\u00e1 \u01b0u \u0111\u00e3i d\u00e0nh cho 2 \u0111\u00eam<\/strong><\/td>\n<\/tr>\n<tr style=\"height: 24px;\">\n<td style=\"width: 367.141px; height: 24px; text-align: center;\">Ph\u00f2ng Superior<\/td>\n<td style=\"width: 684.859px; height: 24px; text-align: center;\">3,000,000<\/td>\n<\/tr>\n<tr style=\"height: 24px;\">\n<td style=\"width: 367.141px; height: 24px; text-align: center;\">Ph\u00f2ng Deluxe<\/td>\n<td style=\"width: 684.859px; height: 24px; text-align: center;\">3,500,000<\/td>\n<\/tr>\n<tr style=\"height: 24px;\">\n<td style=\"width: 367.141px; height: 24px; text-align: center;\">Ph\u00f2ng Premier Deluxe<\/td>\n<td style=\"width: 684.859px; height: 24px; text-align: center;\">3,800,000<\/td>\n<\/tr>\n<tr style=\"height: 24px;\">\n<td style=\"width: 367.141px; height: 24px; text-align: center;\">Ph\u00f2ng Studio<\/td>\n<td style=\"width: 684.859px; height: 24px; text-align: center;\">4,500,000<\/td>\n<\/tr>\n<tr style=\"height: 24px;\">\n<td style=\"width: 367.141px; height: 24px; text-align: center;\">Ph\u00f2ng Signature Suite<\/td>\n<td style=\"width: 684.859px; height: 24px; text-align: center;\">7,500,000<\/td>\n<\/tr>\n<\/tbody>\n<\/table>\n<p><strong>&#8211; \u0110i\u1ec1u ki\u1ec7n \u00e1p d\u1ee5ng:<\/strong><br \/>\n\u2022 Th\u1eddi gian l\u01b0u tr\u00fa: T\u1eeb 03\/05\/2022 \u2013 31\/08\/2022<br \/>\n\u2022 Kh\u00f4ng \u00e1p d\u1ee5ng cho ph\u00f2ng family &amp; c\u0103n h\u1ed9<br \/>\n\u2022 Ch\u01b0\u01a1ng tr\u00ecnh c\u00f3 th\u1ec3 k\u1ebft th\u00fac s\u1edbm h\u01a1n ho\u1eb7c k\u00e9o d\u00e0i h\u01a1n t\u00f9y t\u00ecnh tr\u1ea1ng ph\u00f2ng c\u1ee7a kh\u00e1ch s\u1ea1n<\/p>\n<p>Li\u00ean h\u1ec7 \u0111\u1ec3 \u0111\u01b0\u1ee3c Booking \u0110\u00e0 L\u1ea1t t\u01b0 v\u1ea5n.<\/p>\n<h2 id=\"5-lien-he\"><strong><span style=\"color: #003300;\">5. Li\u00ean h\u1ec7<\/span><\/strong><\/h2>\n<p>H\u00e3y \u0111\u1ebfn v\u00e0 tr\u1ea3i nghi\u1ec7p d\u1ecbch v\u1ee5 \u0111\u1eb7t ph\u00f2ng c\u1ee7a Booking \u0110\u00e0 L\u1ea1t b\u1ea1n s\u1ebd nh\u1eadn l\u1ea1i r\u1ea5t nhi\u1ec1u quy\u1ec1n l\u1ee3i \u0111\u1eb7c bi\u1ec7t kh\u00f4ng ch\u1ec9 v\u1ec1 gi\u00e1!<\/p>\n<p>Fanpage:\u00a0<a href=\"https:\/\/www.facebook.com\/booking.dalatreview.vn\/\">Booking \u0110\u00e0 L\u1ea1t \u2013 www.dalatreview.vn<\/a><\/p>\n<p>S\u0110T\/Zalo: 0968 249 297<\/p>","protected":false},"excerpt":{"rendered":"<p class=\"p1\">Hotel Colline \u0110\u00e0 L\u1ea1t t\u1ecda l\u1ea1c tr\u00ean \u0111\u01b0\u1eddng Phan B\u1ed9i Ch\u00e2u, ngay trung t\u00e2m th\u00e0nh ph\u1ed1 \u0110\u00e0 L\u1ea1t. T\u1eeb kh\u00e1ch s\u1ea1n ch\u1ec9 c\u1ea7n v\u00e0i b\u01b0\u1edbc ch\u00e2n \u0111i b\u1ed9 \u0111\u1ebfn h\u1ed3 Xu\u00e2n H\u01b0\u01a1ng v\u00e0 ch\u1ee3 \u0110\u00e0 L\u1ea1t.<\/p>\n<p class=\"p1\">","protected":false},"featured_media":19313,"comment_status":"open","ping_status":"closed","template":"","meta":{"_acf_changed":false,"rank_math_lock_modified_date":false},"product_cat":[29,2252,46],"product_tag":[],"acf":[],"_links":{"self":[{"href":"https:\/\/dalatreview.vn\/en\/wp-json\/wp\/v2\/product\/19301"}],"collection":[{"href":"https:\/\/dalatreview.vn\/en\/wp-json\/wp\/v2\/product"}],"about":[{"href":"https:\/\/dalatreview.vn\/en\/wp-json\/wp\/v2\/types\/product"}],"replies":[{"embeddable":true,"href":"https:\/\/dalatreview.vn\/en\/wp-json\/wp\/v2\/comments?post=19301"}],"wp:featuredmedia":[{"embeddable":true,"href":"https:\/\/dalatreview.vn\/en\/wp-json\/wp\/v2\/media\/19313"}],"wp:attachment":[{"href":"https:\/\/dalatreview.vn\/en\/wp-json\/wp\/v2\/media?parent=19301"}],"wp:term":[{"taxonomy":"product_cat","embeddable":true,"href":"https:\/\/dalatreview.vn\/en\/wp-json\/wp\/v2\/product_cat?post=19301"},{"taxonomy":"product_tag","embeddable":true,"href":"https:\/\/dalatreview.vn\/en\/wp-json\/wp\/v2\/product_tag?post=19301"}],"curies":[{"name":"wp","href":"https:\/\/api.w.org\/{rel}","templated":true}]}}