
{"id":19273,"date":"2022-06-20T09:42:32","date_gmt":"2022-06-20T02:42:32","guid":{"rendered":"https:\/\/dalatreview.vn\/?p=19273"},"modified":"2024-05-30T03:07:58","modified_gmt":"2024-05-30T03:07:58","slug":"dat-phong-khach-san-rung-hoa-da-lat","status":"publish","type":"product","link":"https:\/\/dalatreview.vn\/en\/dat-phong-khach-san-rung-hoa-da-lat.html","title":{"rendered":"Kh\u00e1ch S\u1ea1n R\u1eebng Hoa \u0110\u00e0 L\u1ea1t &#8211; 7A\/1 Mai Anh \u0110\u00e0o"},"content":{"rendered":"<nav class=\"vietrick-auto-toc\">\n<div class=\"box-title\">\n<h3 class=\"toc-title\" id=\"select-menu\">Danh m\u1ee5c ch\u00ednh<\/h3>\n<div><ion-icon name=\"chevron-up-outline\"><\/ion-icon><\/div>\n<\/div>\n<ul class=\"toc-list\"><\/ul>\n<li><a href='https:\/\/dalatreview.vn\/en#khach-san-rung-hoa-da-lat' class='heading-h1 toc-link smooth-scroll'>KH\u00c1CH S\u1ea0N R\u1eeaNG HOA \u0110\u00c0 L\u1ea0T<\/a>\n<ul>\n<li><a href='https:\/\/dalatreview.vn\/en#1-vi-tri' class='heading-h2 toc-link smooth-scroll'>1. V\u1ecb tr\u00ed<\/a>\n<li><a href='https:\/\/dalatreview.vn\/en#2-decor' class='heading-h2 toc-link smooth-scroll'>2. Decor<\/a>\n<li><a href='https:\/\/dalatreview.vn\/en#3-dich-vu-tien-nghi' class='heading-h2 toc-link smooth-scroll'>3. D\u1ecbch v\u1ee5 &amp; Ti\u1ec7n nghi<\/a>\n<li><a href='https:\/\/dalatreview.vn\/en#4-gia-phong' class='heading-h2 toc-link smooth-scroll'>4.\u00a0Gi\u00e1 ph\u00f2ng<\/a>\n<li><a href='https:\/\/dalatreview.vn\/en#5-lien-he' class='heading-h2 toc-link smooth-scroll'>5. Li\u00ean h\u1ec7<\/a><\/ul>\n<\/ul>\n<\/li>\n<\/ul>\n<\/nav>\n<h1 style=\"text-align: center;\" id=\"khach-san-rung-hoa-da-lat\"><strong><span style=\"color: #008000;\">KH\u00c1CH S\u1ea0N R\u1eeaNG HOA \u0110\u00c0 L\u1ea0T<\/span><\/strong><\/h1>\n<h2 id=\"1-vi-tri\"><span style=\"color: #008000;\">1. V\u1ecb tr\u00ed<\/span><\/h2>\n<p>Kha\u0301ch sa\u0323n R\u01b0\u0300ng Hoa \u0110a\u0300 La\u0323t n\u0103\u0300m trong KDL R\u01b0\u0300ng Hoa \u0110a\u0300 La\u0323t v\u01a1\u0301i di\u00ea\u0323n ti\u0301ch khu\u00f4n vi\u00ean si\u00eau r\u00f4\u0323ng t\u00f4\u0309 h\u01a1\u0323p v\u01a1\u0301i nhi\u00ea\u0300u ti\u00ea\u0323n i\u0301ch hi\u00ea\u0323n \u0111a\u0323i khe\u0301p ki\u0301n. R\u1eebng Hoa Hotel t\u1ecda l\u1ea1c t\u1ea1i 7A\/1 Mai Anh \u0110\u00e0o, Ph\u01b0\u1eddng 8, \u0110\u00e0 L\u1ea1t. \u0110\u00e2y l\u00e0 v\u1ecb tr\u00ed r\u1ea5t g\u1ea7n v\u1edbi trung t\u00e2m TP, thu\u1eadn ti\u1ec7n cho vi\u1ec7c di chuy\u1ec3n v\u00e0 \u0111i l\u1ea1i t\u1edbi c\u00e1c \u0111i\u1ec3m mua s\u1eafm, \u0103n u\u1ed1ng v\u00e0 vui ch\u01a1i.<\/p>\n<p>Ch\u1ec9 c\u1ea7n b\u1ecf ra 10p b\u1ea1n \u0111\u00e3 c\u00f3 th\u1ec3 \u0111\u1ebfn \u0111\u01b0\u1ee3c khu H\u00f2a B\u00ecnh, Ch\u1ee3 \u0110\u00e0 L\u1ea1t, Qu\u1ea3ng Tr\u01b0\u1eddng L\u00e2m Vi\u00ean, H\u1ed3 Xu\u00e2n H\u01b0\u01a1ng,\u2026 v\u00e0 r\u1ea5t nhi\u1ec1u \u0111\u1ecba \u0111i\u1ec3m kh\u00e1c n\u1eefa.<\/p>\n<p><img decoding=\"async\" class=\"aligncenter wp-image-19274 size-full\" src=\"https:\/\/dalatreview.vn\/wp-content\/uploads\/2022\/06\/Ban-thich-tam-hinh-nao-nhat.png\" alt=\"KH\u00c1CH S\u1ea0N R\u1eeaNG HOA \u0110\u00c0 L\u1ea0T\" width=\"1200\" height=\"900\" \/><\/p>\n<h2 id=\"2-decor\"><span style=\"color: #008000;\">2. Decor<\/span><\/h2>\n<p>Kh\u00e1ch s\u1ea1n R\u1eebng Hoa \u0110\u00e0 L\u1ea1t \u0111\u01b0\u1ee3c trang b\u1ecb n\u1ed9i th\u1ea5t \u0111\u1ea7y \u0111\u1ee7, ti\u1ec7n nghi.<\/p>\n<p>Thi\u1ebft k\u1ebf v\u1edbi kh\u00f4ng gian m\u1edf r\u1ed9ng r\u00e3i, tho\u00e1ng m\u00e1t\u00a0 v\u1edbi nhi\u1ec1u c\u00e2y xanh gi\u00fap b\u1ea1n c\u1ea3m th\u1ea5y tho\u1ea3i m\u00e1i nh\u1ea5t khi \u0111\u1ebfn \u0111\u00e2y ngh\u1ec9 d\u01b0\u1ee1ng.<\/p>\n<p>Gam m\u00e0u ch\u00ednh c\u1ee7a kh\u00e1ch s\u1ea1n ch\u00ednh l\u00e0 m\u00e0u tr\u1eafng m\u00e1t m\u1ebb k\u1ebft h\u1ee3p v\u1edbi m\u00e0u g\u1ed7 \u1ea5m \u00e1p c\u1ee7a n\u1ed9i th\u1ea5t t\u1ea1o ra c\u1ea3m gi\u00e1c th\u00e2n thu\u1ed9c nh\u01b0 ch\u00ednh c\u0103n nh\u00e0 c\u1ee7a b\u1ea1n v\u1eady. R\u1eebng Hoa \u0110\u00e0 L\u1ea1t h\u1ee9a h\u1eb9n s\u1ebd l\u00e0m h\u00e0i l\u00f2ng b\u1ea1n t\u1eeb ch\u1ea5t l\u01b0\u1ee3ng cho \u0111\u1ebfn gi\u00e1 c\u1ea3 \u0111\u1ea5y nh\u00e9!<\/p>\n<p><img decoding=\"async\" class=\"aligncenter wp-image-19275 size-full\" src=\"https:\/\/dalatreview.vn\/wp-content\/uploads\/2022\/06\/1-3.png\" alt=\"KH\u00c1CH S\u1ea0N R\u1eeaNG HOA \u0110\u00c0 L\u1ea0T\" width=\"1200\" height=\"900\" \/><\/p>\n<h2 id=\"3-dich-vu-tien-nghi\"><span style=\"color: #008000;\">3. D\u1ecbch v\u1ee5 &amp; Ti\u1ec7n nghi<\/span><\/h2>\n<div dir=\"auto\">&#8211; Ph\u00f2ng \u0111\u00f4i (2 kh\u00e1ch) v\u1edbi qu\u1ea7y mini bar mi\u1ec5n ph\u00ed.<\/div>\n<div dir=\"auto\">&#8211; \u0110\u1ea7y \u0111\u1ee7 c\u00e1c ti\u1ec7n nghi t\u1ea1i ph\u00f2ng(m\u00e1y l\u1ea1nh, n\u01b0\u1edbc n\u00f3ng,&#8230;).<\/div>\n<div dir=\"auto\">&#8211; C\u00f3 c\u00f4ng vi\u00ean, si\u00eau th\u1ecb v\u00e0 ti\u1ec7m cafe thu\u1ed9c KDL R\u1eebng Hoa \u0110\u00e0 L\u1ea1t.<\/div>\n<div dir=\"auto\">&#8211; T\u1eb7ng Voucher Spa gi\u1ea3m 20% (kh\u00e1ch \u1edf 2 \u0111\u00eam tr\u1edf l\u00ean).<\/div>\n<div dir=\"auto\">&#8211; D\u1ecbch v\u1ee5 thu\u00ea xe khi \u1edf t\u1ea1i kh\u00e1ch s\u1ea1n.<\/div>\n<div dir=\"auto\">&#8211; Nh\u00e0 c\u1ed9ng \u0111\u1ed3ng: b\u00ean trong 150 kh\u00e1ch &#8211; b\u00ean ngo\u00e0i 300 kh\u00e1ch.<\/div>\n<div dir=\"auto\">&#8211; Nh\u1eadn \u0111\u1eb7t h\u1ed9i ngh\u1ecb, h\u1ed9i th\u1ea3o, gala: ph\u00f2ng h\u1ed9i ngh\u1ecb (100 kh\u00e1ch); nh\u00e0 h\u00e0ng (1000 kh\u00e1ch).<\/div>\n<div dir=\"auto\">&#8211; Khi du kh\u00e1ch l\u01b0u tr\u00fa t\u1ea1i R\u01b0\u0300ng Hoa \u0110a\u0300 La\u0323t s\u1ebd \u0111\u01b0\u1ee3c mi\u1ec5n ph\u00ed s\u1eed d\u1ee5ng ph\u00f2ng GYM.<\/div>\n<div dir=\"auto\"><\/div>\n<div dir=\"auto\"><img decoding=\"async\" class=\"aligncenter wp-image-19276 size-full\" src=\"https:\/\/dalatreview.vn\/wp-content\/uploads\/2022\/06\/de.png\" alt=\"KH\u00c1CH S\u1ea0N R\u1eeaNG HOA \u0110\u00c0 L\u1ea0T\" width=\"1200\" height=\"900\" \/><\/div>\n<div dir=\"auto\">\n<h2 id=\"4-gia-phong\"><span style=\"color: #008000;\">4.\u00a0Gi\u00e1 ph\u00f2ng<\/span><\/h2>\n<div class=\"cxmmr5t8 oygrvhab hcukyx3x c1et5uql o9v6fnle ii04i59q\">\n<div dir=\"auto\"><strong><span class=\"pq6dq46d tbxw36s4 knj5qynh kvgmc6g5 ditlmg2l oygrvhab nvdbi5me sf5mxxl7 gl3lb2sf hhz5lgdu\"><img decoding=\"async\" src=\"https:\/\/static.xx.fbcdn.net\/images\/emoji.php\/v9\/tf3\/1\/16\/1f539.png\" alt=\"\ud83d\udd39\" width=\"16\" height=\"16\" \/><\/span>Gia\u0301 pho\u0300ng:<\/strong> <em>600k\/\u0111\u00eam cho pho\u0300ng \u0111\u00f4i 2 kha\u0301ch. L\u1ec5 T\u1ebft (1tr).<\/em><\/div>\n<\/div>\n<div class=\"cxmmr5t8 oygrvhab hcukyx3x c1et5uql o9v6fnle ii04i59q\">\n<div dir=\"auto\"><strong><span class=\"pq6dq46d tbxw36s4 knj5qynh kvgmc6g5 ditlmg2l oygrvhab nvdbi5me sf5mxxl7 gl3lb2sf hhz5lgdu\"><img decoding=\"async\" src=\"https:\/\/static.xx.fbcdn.net\/images\/emoji.php\/v9\/tf7\/1\/16\/1f48c.png\" alt=\"\ud83d\udc8c\" width=\"16\" height=\"16\" \/><\/span>Ch\u00ednh S\u00e1ch Ho\u00e0n H\u1ee7y Ph\u00f2ng v\u00e0 Ph\u1ee5 Thu<\/strong> t\u1ea1i Kha\u0301ch Sa\u0323n R\u01b0\u0300ng Hoa \u0110a\u0300 La\u0323t:<\/div>\n<div dir=\"auto\">&#8211; Ho\u00e0n c\u1ecdc tr\u01b0\u1edbc khi nh\u1eadn ph\u00f2ng (36h).<\/div>\n<div dir=\"auto\">&#8211; Ng\u00e0y l\u1ec5 t\u1ebft tr\u01b0\u1edbc 7 ng\u00e0y.<\/div>\n<div dir=\"auto\">&#8211; Ph\u1ee5 thu 200k\/1 kh\u00e1ch\/\u0111\u00eam khi \u1edf t\u1eeb 3 kh\u00e1ch (tr\u1ebb em d\u01b0\u1edbi 10 tu\u1ed5i \u0111\u01b0\u1ee3c mi\u1ec5n ph\u00ed).<\/div>\n<div dir=\"auto\">\n<h2 id=\"5-lien-he\"><span style=\"color: #008000;\">5. Li\u00ean h\u1ec7<\/span><\/h2>\n<p><strong>Fanpage:<\/strong>\u00a0<a href=\"https:\/\/www.facebook.com\/booking.dalatreview.vn\/\">Booking \u0110\u00e0 L\u1ea1t \u2013 www.dalatreview.vn<\/a><\/p>\n<p><strong>S\u0110T\/Zalo:<\/strong> 0968 249 297<\/p>\n<p><strong>Xem th\u00eam b\u00e0i vi\u1ebft kh\u00e1c t\u1ea1i<\/strong> <a href=\"https:\/\/dalatreview.vn\/en\/\">\u0110\u00e0 L\u1ea1t Review<\/a><\/p>\n<\/div>\n<\/div>\n<\/div>","protected":false},"excerpt":{"rendered":"<p>Kha\u0301ch sa\u0323n R\u01b0\u0300ng Hoa \u0110a\u0300 La\u0323t n\u0103\u0300m trong KDL R\u01b0\u0300ng Hoa \u0110a\u0300 La\u0323t v\u01a1\u0301i di\u00ea\u0323n ti\u0301ch khu\u00f4n vi\u00ean si\u00eau r\u00f4\u0323ng t\u00f4\u0309 h\u01a1\u0323p v\u01a1\u0301i nhi\u00ea\u0300u ti\u00ea\u0323n i\u0301ch hi\u00ea\u0323n \u0111a\u0323i khe\u0301p ki\u0301n. R\u1eebng Hoa Hotel t\u1ecda l\u1ea1c t\u1ea1i 7A\/1 Mai Anh \u0110\u00e0o, Ph\u01b0\u1eddng 8, \u0110\u00e0 L\u1ea1t. \u0110\u00e2y l\u00e0 v\u1ecb tr\u00ed r\u1ea5t g\u1ea7n v\u1edbi trung t\u00e2m TP, thu\u1eadn ti\u1ec7n cho vi\u1ec7c di chuy\u1ec3n v\u00e0 \u0111i l\u1ea1i t\u1edbi c\u00e1c \u0111i\u1ec3m mua s\u1eafm, \u0103n u\u1ed1ng v\u00e0 vui ch\u01a1i.<\/p>","protected":false},"featured_media":19277,"comment_status":"open","ping_status":"closed","template":"","meta":{"_acf_changed":false,"rank_math_lock_modified_date":false},"product_cat":[46,29],"product_tag":[],"acf":[],"_links":{"self":[{"href":"https:\/\/dalatreview.vn\/en\/wp-json\/wp\/v2\/product\/19273"}],"collection":[{"href":"https:\/\/dalatreview.vn\/en\/wp-json\/wp\/v2\/product"}],"about":[{"href":"https:\/\/dalatreview.vn\/en\/wp-json\/wp\/v2\/types\/product"}],"replies":[{"embeddable":true,"href":"https:\/\/dalatreview.vn\/en\/wp-json\/wp\/v2\/comments?post=19273"}],"wp:featuredmedia":[{"embeddable":true,"href":"https:\/\/dalatreview.vn\/en\/wp-json\/wp\/v2\/media\/19277"}],"wp:attachment":[{"href":"https:\/\/dalatreview.vn\/en\/wp-json\/wp\/v2\/media?parent=19273"}],"wp:term":[{"taxonomy":"product_cat","embeddable":true,"href":"https:\/\/dalatreview.vn\/en\/wp-json\/wp\/v2\/product_cat?post=19273"},{"taxonomy":"product_tag","embeddable":true,"href":"https:\/\/dalatreview.vn\/en\/wp-json\/wp\/v2\/product_tag?post=19273"}],"curies":[{"name":"wp","href":"https:\/\/api.w.org\/{rel}","templated":true}]}}