
{"id":18503,"date":"2022-04-14T08:31:17","date_gmt":"2022-04-14T01:31:17","guid":{"rendered":"https:\/\/dalatreview.vn\/?p=18503"},"modified":"2024-05-25T08:58:16","modified_gmt":"2024-05-25T08:58:16","slug":"dich-vu-cho-thue-huong-dan-vien-va-xe-4-den-45-cho-tham-quan-da-lat","status":"publish","type":"product","link":"https:\/\/dalatreview.vn\/en\/dich-vu-cho-thue-huong-dan-vien-va-xe-4-den-45-cho-tham-quan-da-lat.html","title":{"rendered":"D\u1ecaCH V\u1ee4 CHO THU\u00ca H\u01af\u1edaNG D\u1eaaN VI\u00caN V\u00c0 XE 4 \u0110\u1ebeN 45 CH\u1ed6 THAM QUAN \u0110\u00c0 L\u1ea0T"},"content":{"rendered":"<nav class=\"vietrick-auto-toc\">\n<div class=\"box-title\">\n<h3 class=\"toc-title\" id=\"select-menu\">Danh m\u1ee5c ch\u00ednh<\/h3>\n<div><ion-icon name=\"chevron-up-outline\"><\/ion-icon><\/div>\n<\/div>\n<ul class=\"toc-list\">\n<li><a href='https:\/\/dalatreview.vn\/en#gioi-thieu' class='heading-h2 toc-link smooth-scroll'>GI\u1edaI THI\u1ec6U<\/a>\n<li><a href='https:\/\/dalatreview.vn\/en#' class='heading-h2 toc-link smooth-scroll'><\/a>\n<li><a href='https:\/\/dalatreview.vn\/en#ban-se-duoc-gi-khi-lua-chon-dich-vu-nay' class='heading-h2 toc-link smooth-scroll'>B\u1ea1n s\u1ebd \u0111\u01b0\u1ee3c g\u00ec khi l\u1ef1a ch\u1ecdn d\u1ecbch v\u1ee5 n\u00e0y:<\/a>\n<li><a href='https:\/\/dalatreview.vn\/en#lien-he' class='heading-h2 toc-link smooth-scroll'>LI\u00caN H\u1ec6<\/a><\/ul>\n<\/ul>\n<\/li>\n<\/ul>\n<\/nav>\n<h2 id=\"gioi-thieu\"><strong><span style=\"color: #003300;\">GI\u1edaI THI\u1ec6U<\/span><\/strong><\/h2>\n<p>\ud83d\udc49 B\u1ea1n y\u00eau du l\u1ecbch. B\u1ea1n th\u00edch du l\u1ecbch theo h\u01b0\u1edbng t\u1ef1 t\u00fac v\u00e0 tr\u1ea3i nghi\u1ec7m theo \u00fd mu\u1ed1n c\u1ee7a ri\u00eang m\u00ecnh. B\u1ea1n th\u00edch ch\u1ee7 \u0111\u1ed9ng v\u1edbi nh\u1eefng kh\u00e1m ph\u00e1 v\u00e0 chuy\u1ebfn \u0111i c\u1ee7a m\u00ecnh.<\/p>\n<p>Nh\u01b0ng b\u1ea1n ch\u01b0a c\u00f3 nhi\u1ec1u kinh nghi\u1ec7m v\u00e0 am hi\u1ec3u v\u1ec1 v\u00f9ng \u0111\u1ea5t \u0111\u00f3. B\u1ea1n c\u1ea7n c\u00f3 ng\u01b0\u1eddi \u0111\u01b0a r\u01b0\u1edbc sau chuy\u1ebfn \u0111i d\u00e0i c\u1ee7a m\u00ecnh.<\/p>\n<p>\ud83d\udc49 V\u00e0 \u0111\u1ec3 chuy\u1ebfn \u0111i th\u00eam ph\u1ea7n tr\u1ecdn v\u1eb9n. V\u1eeba c\u00f3 th\u1ec3 ch\u1ee7 \u0111\u1ed9ng \u0111\u1ebfn nh\u01b0ng \u0111\u1ecba \u0111i\u1ec3m m\u00ecnh y\u00eau th\u00edch, ch\u1ee7 \u0111\u1ed9ng kh\u00e1m ph\u00e1 theo th\u1eddi gian bi\u1ec3u c\u1ee7a m\u00ecnh, v\u1eeba c\u00f3 ng\u01b0\u1eddi gi\u00e0u kinh nghi\u1ec7m h\u01b0\u1edbng d\u1eabn v\u00e0 h\u1ed7 tr\u1ee3 b\u1ea1n l\u1ef1a ch\u1ecdn \u0111\u00fang \u0111\u1eafn nh\u1ea5t, v\u00e0 v\u1eeba c\u00f3 ng\u01b0\u1eddi \u0111\u01b0a r\u01b0\u1edbc b\u1ea1n \u0111\u1ebfn t\u1eadn n\u01a1i!<\/p>\n<p>\u2665\ufe0f V\u00ec v\u1eady, h\u00f4m nay dalatreview s\u1ebd mang \u0111\u1ebfn b\u1ea1n cho b\u1ea1n m\u1ed9t l\u1ef1a ch\u1ecdn m\u00e0 h\u1ea7u h\u1ebft nh\u1eefng ai \u0111i \u0110\u00e0 L\u1ea1t m\u1ed9t m\u00ecnh hay c\u00f9ng gia \u0111\u00ecnh b\u1ea1n b\u00e8 nh\u00f3m \u0111\u1ec1u y\u00eau th\u00edch \u0111\u00f3 l\u00e0: D\u1ecbch v\u1ee5 cho thu\u00ea H\u01b0\u1edbng d\u1eabn vi\u00ean v\u00e0 xe 4- 45 ch\u1ed7 \u0111i tham quan du l\u1ecbch t\u1ea1i \u0110\u00e0 L\u1ea1t<\/p>\n<p><img decoding=\"async\" class=\"aligncenter size-full wp-image-18586\" src=\"https:\/\/dalatreview.vn\/wp-content\/uploads\/2022\/04\/tour-guide-dalatreview.jpg\" alt=\"tour guide\" width=\"2000\" height=\"1600\" \/><\/p>\n<h2 id=\"\"><\/h2>\n<h2 id=\"ban-se-duoc-gi-khi-lua-chon-dich-vu-nay\"><strong><span style=\"color: #003300;\">B\u1ea1n s\u1ebd \u0111\u01b0\u1ee3c g\u00ec khi l\u1ef1a ch\u1ecdn d\u1ecbch v\u1ee5 n\u00e0y:<\/span><\/strong><\/h2>\n<p>\u2714\ufe0f Ti\u1ebft ki\u1ec7m th\u1eddi gian<\/p>\n<p>\u2714\ufe0f Bi\u1ebft \u0111\u01b0\u1ee3c nh\u1eefng \u0111\u1ecba \u0111i\u1ec3m vui ch\u01a1i \u0103n u\u1ed1ng uy t\u00edn v\u00e0 chia s\u1ebb b\u1ea1n nh\u1eefng l\u01b0u \u00fd khi mua th\u1ee9c \u0103n\u2026<\/p>\n<p>\u2714\ufe0f Nh\u1eafc nh\u1edf nh\u1eefng \u0111i\u1ec1u c\u1ea7n bi\u1ebft khi tham gia chuy\u1ebfn \u0111i v\u00e0 tr\u00ean c\u00e1c \u0111\u1ecba \u0111i\u1ec3m<\/p>\n<p>\u2714\ufe0f \u0110\u01b0\u1ee3c \u0111\u1ea3m b\u1ea3o an to\u00e0n khi tham gia chuy\u1ebfn \u0111i<\/p>\n<h2 id=\"lien-he\"><span style=\"color: #003300;\"><strong>LI\u00caN H\u1ec6<\/strong><\/span><\/h2>\n<p>\u2705Hotline t\u01b0 v\u1ea5n: 0989 249 297<\/p>\n<p>&nbsp;<\/p>","protected":false},"excerpt":{"rendered":"<p>Danh m\u1ee5c ch\u00ednh GI\u1edaI THI\u1ec6U B\u1ea1n s\u1ebd \u0111\u01b0\u1ee3c g\u00ec khi l\u1ef1a ch\u1ecdn d\u1ecbch v\u1ee5 n\u00e0y: LI\u00caN H\u1ec6 GI\u1edaI THI\u1ec6U \ud83d\udc49 B\u1ea1n y\u00eau du l\u1ecbch. B\u1ea1n th\u00edch du l\u1ecbch theo h\u01b0\u1edbng t\u1ef1 t\u00fac v\u00e0 tr\u1ea3i nghi\u1ec7m theo \u00fd mu\u1ed1n c\u1ee7a ri\u00eang m\u00ecnh. B\u1ea1n th\u00edch ch\u1ee7 \u0111\u1ed9ng v\u1edbi nh\u1eefng kh\u00e1m ph\u00e1 v\u00e0 chuy\u1ebfn \u0111i c\u1ee7a m\u00ecnh. Nh\u01b0ng [&hellip;]<\/p>","protected":false},"featured_media":18590,"comment_status":"open","ping_status":"closed","template":"","meta":{"_acf_changed":false,"rank_math_lock_modified_date":false},"product_cat":[73,78],"product_tag":[],"acf":[],"_links":{"self":[{"href":"https:\/\/dalatreview.vn\/en\/wp-json\/wp\/v2\/product\/18503"}],"collection":[{"href":"https:\/\/dalatreview.vn\/en\/wp-json\/wp\/v2\/product"}],"about":[{"href":"https:\/\/dalatreview.vn\/en\/wp-json\/wp\/v2\/types\/product"}],"replies":[{"embeddable":true,"href":"https:\/\/dalatreview.vn\/en\/wp-json\/wp\/v2\/comments?post=18503"}],"wp:featuredmedia":[{"embeddable":true,"href":"https:\/\/dalatreview.vn\/en\/wp-json\/wp\/v2\/media\/18590"}],"wp:attachment":[{"href":"https:\/\/dalatreview.vn\/en\/wp-json\/wp\/v2\/media?parent=18503"}],"wp:term":[{"taxonomy":"product_cat","embeddable":true,"href":"https:\/\/dalatreview.vn\/en\/wp-json\/wp\/v2\/product_cat?post=18503"},{"taxonomy":"product_tag","embeddable":true,"href":"https:\/\/dalatreview.vn\/en\/wp-json\/wp\/v2\/product_tag?post=18503"}],"curies":[{"name":"wp","href":"https:\/\/api.w.org\/{rel}","templated":true}]}}