
{"id":18493,"date":"2022-04-14T13:01:17","date_gmt":"2022-04-14T06:01:17","guid":{"rendered":"https:\/\/dalatreview.vn\/?p=18493"},"modified":"2024-05-20T03:22:35","modified_gmt":"2024-05-20T03:22:35","slug":"tham-quan-ba-thac","status":"publish","type":"product","link":"https:\/\/dalatreview.vn\/en\/tham-quan-ba-thac.html","title":{"rendered":"VISIT THREE WATERFALLS"},"content":{"rendered":"<nav class=\"vietrick-auto-toc\">\n<div class=\"box-title\">\n<h3 class=\"toc-title\" id=\"select-menu\">Danh m\u1ee5c ch\u00ednh<\/h3>\n<div><ion-icon name=\"chevron-up-outline\"><\/ion-icon><\/div>\n<\/div>\n<ul class=\"toc-list\">\n<li><a href='https:\/\/dalatreview.vn\/en#1-gioi-thieu' class='heading-h2 toc-link smooth-scroll'>1. GI\u1edaI THI\u1ec6U<\/a>\n<li><a href='https:\/\/dalatreview.vn\/en#' class='heading-h2 toc-link smooth-scroll'><\/a>\n<li><a href='https:\/\/dalatreview.vn\/en#2-lich-trinh' class='heading-h2 toc-link smooth-scroll'>2. L\u1ecaCH TR\u00ccNH<\/a>\n<ul>\n<li><a href='https:\/\/dalatreview.vn\/en#lich-trinh-cho-chuyen-tham-quan-ba-thac-hom-nay' class='heading-h3 toc-link smooth-scroll'>L\u1ecbch tr\u00ecnh cho chuy\u1ebfn Tham quan Ba Th\u00e1c h\u00f4m nay<\/a>\n<li><a href='https:\/\/dalatreview.vn\/en#thac-pongour' class='heading-h3 toc-link smooth-scroll'>Th\u00e1c Pongour<\/a>\n<li><a href='https:\/\/dalatreview.vn\/en#' class='heading-h3 toc-link smooth-scroll'><\/a>\n<li><a href='https:\/\/dalatreview.vn\/en#thac-prenn' class='heading-h3 toc-link smooth-scroll'>Th\u00e1c Prenn<\/a>\n<li><a href='https:\/\/dalatreview.vn\/en#' class='heading-h3 toc-link smooth-scroll'><\/a>\n<li><a href='https:\/\/dalatreview.vn\/en#thac-voi' class='heading-h3 toc-link smooth-scroll'>Th\u00e1c Voi<\/a>\n<li><a href='https:\/\/dalatreview.vn\/en#chua-linh-an' class='heading-h3 toc-link smooth-scroll'>Ch\u00f9a Linh \u1ea8n<\/a>\n<li><a href='https:\/\/dalatreview.vn\/en#ca-phe-me-linh' class='heading-h3 toc-link smooth-scroll'>C\u00e0 ph\u00ea M\u00ea Linh<\/a>\n<li><a href='https:\/\/dalatreview.vn\/en#check-in-cong-troi-con-duong-cau-vong-canh-dong-hoa-huong-duong-hoa-tam-giac-mach-theo-mua' class='heading-h3 toc-link smooth-scroll'>Check in c\u1ed5ng tr\u1eddi, con \u0111\u01b0\u1eddng c\u1ea7u v\u1ed3ng, c\u00e1nh \u0111\u1ed3ng hoa h\u01b0\u1edbng d\u01b0\u01a1ng, hoa tam gi\u00e1c m\u1ea1ch&#8230;( theo m\u00f9a )<\/a>\n<li><a href='https:\/\/dalatreview.vn\/en#' class='heading-h3 toc-link smooth-scroll'><\/a>\n<li><a href='https:\/\/dalatreview.vn\/en#trai-nuoi-de' class='heading-h3 toc-link smooth-scroll'>Tr\u1ea1i nu\u00f4i d\u1ebf<\/a><\/ul>\n<li><a href='https:\/\/dalatreview.vn\/en#' class='heading-h2 toc-link smooth-scroll'><\/a>\n<li><a href='https:\/\/dalatreview.vn\/en#3-dich-vu' class='heading-h2 toc-link smooth-scroll'>3. D\u1ecaCH V\u1ee4<\/a>\n<li><a href='https:\/\/dalatreview.vn\/en#4-gia-tour' class='heading-h2 toc-link smooth-scroll'>4. GI\u00c1 TOUR<\/a>\n<li><a href='https:\/\/dalatreview.vn\/en#5-lien-he' class='heading-h2 toc-link smooth-scroll'>5. LI\u00caN H\u1ec6<\/a><\/ul>\n<\/ul>\n<\/li>\n<\/ul>\n<\/nav>\n<h2 id=\"1-gioi-thieu\"><strong><span style=\"color: #003300;\">1. GI\u1edaI THI\u1ec6U<\/span><\/strong><\/h2>\n<hr \/>\n<p>Khi b\u1ea1n chinh ph\u1ee5c m\u1ed9t c\u00f4 g\u00e1i b\u1ea1n c\u1ea7n chinh ph\u1ee5c tr\u1ea3i tim c\u1ee7a c\u00f4 \u1ea5y b\u1eb1ng c\u1ea3 t\u1ea5m l\u00f2ng ch\u00e2n th\u00e0nh. C\u00f2n khi mu\u1ed1n chinh ph\u1ee5c \u0110\u00e0 L\u1ea1t, kh\u00f4ng ch\u1ec9 c\u00f3 tr\u00e1i tim khao kh\u00e1t m\u00e0 b\u1ea1n c\u00f2n c\u1ea7n m\u1ed9t ngh\u1ecb l\u1ef1c phi th\u01b0\u1eddng, s\u1ee9c l\u1ef1c h\u00f9ng d\u0169ng \u0111\u1ec3 c\u00f3 can \u0111\u1ea3m v\u01b0\u1ee3t qua nh\u1eefng th\u1eed th\u00e1ch c\u1ee7a \u0110\u00e0 L\u1ea1t. Ng\u01b0\u1eddi ta th\u01b0\u1eddng n\u00f3i \u0110\u00e0 L\u1ea1t l\u00e0 th\u00e0nh ph\u1ed1 m\u1ed9ng m\u01a1, th\u00e0nh ph\u1ed1 ng\u00e0n hoa. Nh\u01b0ng b\u00ean c\u1ea1nh \u0111\u00f3 c\u00f2n l\u00e0 m\u1ed9t c\u00f4 n\u00e0ng kh\u00f3 chi\u1ec1u v\u00e0 c\u00f3 nh\u1eefng g\u00f3c c\u1ea1nh \u0111\u00f2i h\u1ecfi ng\u01b0\u1eddi ta ph\u1ea3i c\u00f3 m\u00e1u kh\u00e1m ph\u00e1 m\u1edbi t\u00ecm ra \u0111\u01b0\u1ee3c. \u0110\u00e0 L\u1ea1t c\u00e2n t\u1ea5t m\u1ecdi \u0111\u1ed1i t\u01b0\u1ee3ng, nh\u1eefng ai y\u00eau th\u00edch s\u1ef1 b\u00ecnh y\u00ean th\u00ec \u0111\u00e2y l\u00e0 \u0111\u1ecba \u0111i\u1ec3m l\u00ed t\u01b0\u1edfng \u0111\u1ec3 th\u01b0 gi\u00e3n, hay c\u00e1c v\u1ecb kh\u00e1ch \u0111am m\u00ea th\u1eed th\u00e1ch th\u00ec \u0111\u1ebfn \u0110\u00e0 L\u1ea1t \u0111\u00e3 \u0111\u00fang \u0111\u1ecba \u0111i\u1ec3m r\u1ed3i \u0111\u00f3! Ch\u00ednh v\u00ec v\u1eady, m\u00e0 h\u00f4m nay dalatreview s\u1ebd d\u1eabn c\u00e1c b\u1ea1n tr\u1ea3i nghi\u1ec7m c\u1ea3 hai, c\u00f9ng \u0111i qua kh\u00f4ng gian b\u00ecnh y\u00ean \u0111\u00fang ch\u1ea5t \u0110\u00e0 L\u1ea1t m\u1ed9ng m\u01a1 v\u00e0 c\u00f9ng th\u00e1ch th\u1ee9c b\u1ea3n th\u00e2n v\u01b0\u1ee3t qua gi\u1edbi h\u1ea1n v\u1edbi nh\u1eefng \u0111\u1ecba \u0111i\u1ec3m du l\u1ecbch m\u1ea1o hi\u1ec3m. Chuy\u1ebfn \u201cTham quan ba th\u00e1c\u201d n\u00e0y s\u1ebd c\u1ef1c k\u00ec h\u1ee9a h\u1eb9n nh\u1eefng \u0111i\u1ec1u th\u00fa v\u1ecb l\u00e0m b\u1ea1n ph\u1ea3i mong \u0111\u1ee3i cho m\u00e0 xem. B\u1ea1n \u0111\u00e3 s\u1eb5n s\u00e0ng ba l\u00f4 \u0111i v\u1edbi ch\u00fang m\u00ecnh ch\u01b0a. Go !!!<\/p>\n<p><img decoding=\"async\" class=\"aligncenter size-full wp-image-18613\" src=\"https:\/\/dalatreview.vn\/wp-content\/uploads\/2022\/04\/da-lat-10.jpg\" alt=\"\u0111\u00e0 l\u1ea1t\" width=\"2000\" height=\"1600\" \/><\/p>\n<p>&nbsp;<\/p>\n<p><img decoding=\"async\" class=\"aligncenter size-full wp-image-18614\" src=\"https:\/\/dalatreview.vn\/wp-content\/uploads\/2022\/04\/DA-LAT-11.jpg\" alt=\"\u0110\u00c0 L\u1ea0T\" width=\"2000\" height=\"1600\" \/><\/p>\n<h2 id=\"\"><\/h2>\n<h2 id=\"2-lich-trinh\"><strong><span style=\"color: #003300;\">2. L\u1ecaCH TR\u00ccNH<\/span><\/strong><\/h2>\n<hr \/>\n<h3 id=\"lich-trinh-cho-chuyen-tham-quan-ba-thac-hom-nay\">L\u1ecbch tr\u00ecnh cho chuy\u1ebfn Tham quan Ba Th\u00e1c h\u00f4m nay<\/h3>\n<p>\u2714\ufe0f Th\u00e1c Pongour<\/p>\n<p>\u2714\ufe0f Th\u00e1c Prenn.<\/p>\n<p>\u2714\ufe0f Th\u00e1c Voi<\/p>\n<p>\u2714\ufe0f C\u00e0 ph\u00ea M\u00ea Linh<\/p>\n<p>\u2714\ufe0f Check in c\u1ed5ng tr\u1eddi, con \u0111\u01b0\u1eddng c\u1ea7u v\u1ed3ng, c\u00e1nh \u0111\u1ed3ng hoa h\u01b0\u1edbng d\u01b0\u01a1ng, hoa tam gi\u00e1c m\u1ea1ch&#8230;( theo m\u00f9a ).<\/p>\n<p>\u2714\ufe0f Ch\u00f9a Linh \u1ea8n<\/p>\n<p>\u2714\ufe0f Tr\u1ea1i nu\u00f4i d\u1ebf<\/p>\n<p>&nbsp;<\/p>\n<h3 id=\"thac-pongour\"><span style=\"color: #003300;\">Th\u00e1c Pongour<\/span><\/h3>\n<hr \/>\n<p>Con th\u00e1c \u0111\u1ea7u ti\u00ean m\u00e0 ch\u00fang ta gh\u00e9 th\u0103m l\u00e0 Th\u00e1c Pongour \u1edf \u0110\u00e0 L\u1ea1t hay c\u00f2n g\u1ecdi l\u00e0 th\u00e1c 7 T\u1ea7ng (hay l\u00e0 th\u00e1c Thi\u00ean Thai) \u0111\u01b0\u1ee3c \u0111\u00e1nh gi\u00e1 l\u00e0 m\u1ed9t trong nh\u1eefng th\u00e1c n\u01b0\u1edbc \u0111\u1eb9p nh\u1ea5t th\u00e0nh ph\u1ed1 ng\u00e0n hoa. Ngo\u00e0i ra c\u00f2n \u0111\u01b0\u1ee3c m\u1ec7nh Nam Thi\u00ean \u0110\u1ec7 Nh\u1ea5t Th\u00e1c ngh\u0129a l\u00e0 th\u00e1c n\u01b0\u1edbc h\u00f9ng v\u0129 nh\u1ea5t tr\u1eddi Nam, l\u00e0 t\u00ean Vua B\u1ea3o \u0110\u1ea1i \u0111\u00e3 \u01b0u \u00e1i \u0111\u1eb7t cho n\u01a1i n\u00e0y. \u0110\u1ebfn \u0111\u00e2y, b\u1ea1n s\u1ebd \u0111\u01b0\u1ee3c nh\u00ecn ng\u1eafm nh\u1eefng d\u00f2ng n\u01b0\u1edbc ch\u1ea3y l\u00ean c\u00e1c b\u1eadc th\u1ec1m, t\u1ea1o n\u00ean m\u1ed9t khung c\u1ea3nh \u0111\u1ed9c \u0111\u00e1o. Nghe ti\u1ebfng su\u1ed1i ch\u1ea3y \u00e0o \u00e0o d\u1eef d\u1ed9i nh\u01b0ng kh\u00f4ng k\u00e9m ph\u1ea7n quy\u1ebfn r\u0169, nghe m\u00f9i c\u1ee7a n\u01b0\u1edbc, c\u1ee7a kh\u00f4ng gian h\u00f9ng v\u0129. \u0110\u00e2y l\u00e0 \u0111\u1ecba \u0111i\u1ec3m thu h\u00fat nh\u1eefng ai y\u00eau du l\u1ecbch hoang d\u00e3 tham quan v\u1edbi v\u1ebd \u0111\u1eb9p hoang s\u01a1 c\u1ee7a thi\u00ean nhi\u00ean. N\u01a1i \u0111\u00e2y c\u0169ng th\u00edch h\u1ee3p cho nh\u1eefng ai y\u00eau th\u00edch ch\u1ee5p \u1ea3nh hay selfie v\u1edbi phong c\u1ea3nh h\u1eefu t\u00ecnh ban s\u01a1 ch\u1eafc r\u1eb1ng b\u1ea1n s\u1ebd c\u00f3 cho m\u00ecnh nh\u1eefng b\u1ee9c \u1ea3nh c\u1ef1c ch\u1ea5t!<\/p>\n<p><img decoding=\"async\" class=\"aligncenter size-full wp-image-18605\" src=\"https:\/\/dalatreview.vn\/wp-content\/uploads\/2022\/04\/THAC-PONGOUR.jpg\" alt=\"TH\u00c1C PONGOUR\" width=\"2000\" height=\"1600\" \/><\/p>\n<h3 id=\"\"><\/h3>\n<h3 id=\"thac-prenn\"><span style=\"color: #003300;\">Th\u00e1c Prenn<\/span><\/h3>\n<hr \/>\n<p>Ti\u1ebfp t\u1ee5c chuy\u1ebfn \u0111i v\u01b0\u1ee3t th\u00e1c, Th\u00e1c Prenn l\u00e0 con th\u00e1c kh\u00f4ng th\u1ec3 thi\u1ebfu trong danh s\u00e1ch th\u00e1c \u1edf \u0110\u00e0 L\u1ea1t c\u1ea7n \u0111\u1ebfn. Th\u00e1c Prenn l\u00e0 m\u1ed9t trong top 3 th\u00e1c n\u01b0\u1edbc \u0111\u1eb9p nh\u1ea5t th\u00e0nh ph\u1ed1 \u0110\u00e0 L\u1ea1t. Th\u00e1c Prenn s\u1edf h\u1eefu m\u1ed9t b\u1ee9c t\u01b0\u1eddng n\u01b0\u1edbc t\u1eeb tr\u00ean c\u00e1c phi\u1ebfn \u0111\u00e1 ch\u1ea3y xu\u1ed1ng. C\u1ee9 nh\u01b0 v\u1eady h\u00e0ng ng\u00e0y l\u01b0\u1ee3ng n\u01b0\u1edbc \u0111\u00f3 \u0111\u01b0\u1ee3c \u0111\u1ed5 v\u00e0o h\u1ed3 nh\u1ecf c\u00f3 \u0111\u1ed9 cao kho\u1ea3ng 10 m\u00e9t.\u00a0 T\u1ea1o n\u00ean m\u1ed9t khung c\u1ea3nh thi\u00ean nhi\u00ean bao la h\u00f9ng v\u0129. Nh\u1eefng l\u01b0\u1ee3ng n\u01b0\u1edbc \u0111\u1ed5 xu\u1ed1ng t\u1ea1o n\u00ean nh\u1eefng bong b\u00f3ng n\u01b0\u1edbc li ti. Chi\u1ebfu xi\u00ean qua \u0111\u00f3 l\u00e0 \u00e1nh n\u1eafng ban mai. Khung c\u1ea3nh th\u1eadt th\u01a1 m\u1ed9ng v\u00e0 t\u1ef1 t\u1ea1i! \u0110\u1ebfn \u0111\u00e2y b\u1ea1n s\u1ebd \u0111\u01b0\u1ee3c tr\u1ea3i nghi\u1ec7m c\u1ea3m gi\u00e1c C\u01b0\u1ee1i Voi, c\u01b0\u1ee1i \u0110\u00e0 \u0110i\u1ec3u, ch\u00e8o thuy\u1ec1n v\u00f4 c\u00f9ng th\u00fa v\u1ecb ( chi ph\u00ed t\u1ef1 t\u00fac). Check in nh\u1eefng t\u00e1c ph\u1ea9m b\u1eb1ng \u0111\u00e1 t\u1ea1i v\u01b0\u1eddn \u0111\u00e1 Th\u00e1i D\u01b0\u01a1ng.C\u1ea3m nh\u1eadn ti\u1ebfng n\u01b0\u1edbc \u0111\u1ed5 \u1ea7m \u00e0o, ti\u1ebfng chim r\u1eebng r\u00edu r\u00edt, ti\u1ebfng vi vu c\u1ee7a gi\u00f3 l\u00e0m x\u1ea1c x\u00e0o t\u1eebng nh\u00e1nh th\u00f4ng g\u1ea7y t\u1ea1o ra nh\u1eefng \u00e2m thanh s\u00f4i \u0111\u1ed9ng nh\u01b0 kh\u00fac nh\u1ea1c vui t\u01b0\u01a1i c\u1ee7a n\u00e0ng xu\u00e2n \u0111ang tr\u1ed7i l\u00ean \u0111\u00f3n b\u01b0\u1edbc ch\u00e2n du kh\u00e1ch. B\u00ean d\u01b0\u1edbi ch\u00e2n th\u00e1c, t\u1eebng c\u00e1nh hoa d\u1ea1i lung linh khoe s\u1eafc l\u00e0m c\u1ea3nh quan c\u00e0ng tr\u1edf n\u00ean quy\u1ebfn r\u0169. B\u1ea5y nhi\u00eau c\u0169ng \u0111\u1ee7 n\u00edu kh\u00e9o b\u01b0\u1edbc ch\u00e2n c\u1ee7a ng\u01b0\u1eddi l\u1eef h\u00e0nh \u0111i kh\u00f4ng n\u1ee1 v\u1ec1 r\u1ed3i nh\u1ec9!<\/p>\n<p><img decoding=\"async\" class=\"aligncenter size-full wp-image-18606\" src=\"https:\/\/dalatreview.vn\/wp-content\/uploads\/2022\/04\/THAC-PRENN.jpg\" alt=\"TH\u00c1C PRENN\" width=\"2000\" height=\"1600\" \/><\/p>\n<h3 id=\"\"><\/h3>\n<h3 id=\"thac-voi\"><span style=\"color: #003300;\">Th\u00e1c Voi<\/span><\/h3>\n<hr \/>\n<p>Ti\u1ebfp n\u1ed1i chuy\u1ebfn tham quan Ba th\u00e1c c\u1ee7a \u0110\u00e0 L\u1ea1t, ch\u00fang ta s\u1ebd c\u00f9ng nhau gh\u00e9 th\u0103m con th\u00e1c n\u1ed5i ti\u1ebfng c\u1ee7a \u0110\u00e0 L\u1ea1t, \u0111\u01b0\u1ee3c xem l\u00e0 m\u1ed9t trong ba con th\u00e1c c\u00f2n gi\u1eef ddowwjc nhi\u1ec1u n\u00e9t hoang s\u01a1 v\u00e0 t\u1ef1 nhi\u00ean nh\u1ea5t. \u0110\u1ebfn \u0111\u00e2y du kh\u00e1ch \u0111\u01b0\u1ee3c ng\u1eafm nh\u00ecn khung c\u1ea3nh h\u00f9ng v\u0129 c\u1ee7a th\u00e1c voi, nh\u1eefng d\u00f2ng n\u01b0\u1edbc \u00e0o \u00e0o \u0111\u1ed5 xu\u1ed1ng t\u1ea1o n\u00ean m\u00e0n s\u01b0\u01a1ng tr\u0103ng x\u00f3a c\u1ea3 m\u1ed9t v\u00f9ng, ti\u1ebfng th\u00e1c d\u1eef d\u1ed9i, m\u1ea1nh m\u1ebd c\u00e0ng l\u00e0m th\u00eam t\u00ednh h\u00f9ng d\u0169ng c\u1ee7a con th\u00e1c. \u0110\u1ebfn \u0111\u00e2y, du kh\u00e1ch c\u00f3 th\u1ec3 tho\u1ea3i m\u00e1i check in v\u1edbi nh\u1eefng t\u1ea3n \u0111\u00e1 ph\u1ee7 r\u00eau xanh d\u01b0\u1edbi th\u00e1c nh\u01b0 nh\u1eefng con voi \u0111ang u\u1ed1ng n\u01b0\u1edbc, v\u1edbi quang c\u1ea3nh h\u00f9ng v\u0129 c\u1ee7a t\u1ef1 nhi\u00ean. B\u00ean c\u1ea1nh \u0111\u00f3, h\u00e0nh kh\u00e1ch c\u00f2n \u0111\u01b0\u1ee3c c\u1ea3m nh\u1eadn kh\u00f4ng gian r\u1ed9ng l\u1edbn, m\u00e1t l\u1ea1nh trong l\u00e0nh c\u1ee7a r\u1eebng n\u00fai c\u00e2y c\u1ed1i bao quanh<\/p>\n<p><img decoding=\"async\" class=\"aligncenter size-full wp-image-18607\" src=\"https:\/\/dalatreview.vn\/wp-content\/uploads\/2022\/04\/THAC-VOI.jpg\" alt=\"TH\u00c1C VOI\" width=\"2000\" height=\"1600\" \/><\/p>\n<h3 id=\"chua-linh-an\"><span style=\"color: #003300;\">Ch\u00f9a Linh \u1ea8n<\/span><\/h3>\n<hr \/>\n<p>N\u1ebfu \u0111\u00e3 \u0111\u1ebfn Th\u00e1c Voi, th\u00ec b\u1ea1n l\u1ea1i c\u00e0ng ph\u1ea3i gh\u00e9 th\u0103m ng\u00f4i ch\u00f9a linh thi\u00eang Linh \u1ea8n T\u1ef1, ngay c\u1ea1nh b\u00ean con th\u00e1c. \u0110\u01b0\u1ee3c x\u00e2y d\u1ef1ng t\u1eeb l\u00e2u, ng\u00f4i ch\u00f9a mang m\u1ed9t n\u00e9t c\u1ed5 k\u00ednh v\u00e0 thanh t\u1ecbnh. N\u1ebfu nh\u01b0 \u1edf Th\u00e1c Voi ch\u00fang ta tr\u1ea7m tr\u1ed3 v\u1edbi s\u1ef1 h\u00f9ng v\u0129, s\u1ef1 d\u1eef d\u1ed9i c\u1ee7a con th\u00e1c. Th\u00ec \u0111\u1ebfn Ch\u00f9a Linh \u1ea8n T\u1ef1, ch\u00fang ta l\u1ea1i \u0111\u01b0\u1ee3c th\u1ea3 h\u1ed3n m\u00ecnh c\u00f9ng kh\u00f4ng gian y\u00ean b\u00ecnh n\u01a1i \u0111\u00e2y, \u0111\u01b0\u1ee3c vi\u1ebfng th\u0103m T\u01b0\u1ee3ng m\u1eb9 Quan th\u1ebf \u00e2m l\u1edb nh\u1ea5t nh\u1ea5t Vi\u1ec7t Nam. \u0110\u1ebfn \u0111\u00e2y b\u1ea1n c\u00f3 c\u01a1 h\u1ed9i, h\u00edt th\u1edf b\u1ea7u kh\u00f4ng kh\u00ed trong l\u00e0nh v\u00e0 c\u1ea3m nh\u1eadn nh\u1eefng gi\u00e2y ph\u00fat b\u00ecnh y\u00ean thanh t\u1ecbnh c\u00f9ng c\u01a1n gi\u00f3 nh\u1eb9 h\u00f2a ti\u1ebfng chu\u00f4ng ch\u00f9a ng\u00e2n vang. Ch\u1eafc ch\u1eafc nh\u1eefng mu\u1ed9n phi\u1ec1n c\u0103ng th\u1eb3ng m\u1ec7t m\u1ecfi s\u1ebd tan \u0111i t\u1ef1 bao gi\u1edd<\/p>\n<p><img decoding=\"async\" class=\"aligncenter size-full wp-image-18608\" src=\"https:\/\/dalatreview.vn\/wp-content\/uploads\/2022\/04\/LINH-AN-TU-PAGODA.jpg\" alt=\"LINH \u1ea8N T\u1ef0 PAGODA\" width=\"2000\" height=\"1600\" \/><\/p>\n<h3 id=\"ca-phe-me-linh\"><span style=\"color: #003300;\">C\u00e0 ph\u00ea M\u00ea Linh<\/span><\/h3>\n<hr \/>\n<p>Sau nh\u1eefng gi\u1edd ph\u00fat kh\u00e1m ph\u00e1 nh\u1eefng n\u00e9t hoang s\u01a1 c\u1ee7a \u0110\u00e0 L\u1ea1t, ch\u00fang ta h\u00e3y ti\u1ebfp t\u1ee5c \u0111i t\u00ecm n\u00e9t th\u01a1 m\u1ed9ng c\u1ee7a v\u00f9ng \u0111\u1ea5t n\u00e0y. \u0110\u1ecba \u0111i\u1ec3m ti\u1ebfp theo ch\u00fang ta \u0111\u1ebfn v\u1edbi ch\u00ednh l\u00e0 qu\u00e1n C\u00e0 ph\u00ea M\u00ea Linh \u2013 n\u01a1i n\u1ed5i ti\u1ebfng v\u1edbi c\u00e0 ph\u00ea ch\u1ed3n ch\u00ednh g\u1ed1c. \u0110\u1ebfn \u0111\u00e2y h\u00e0nh kh\u00e1ch kh\u00f4ng ch\u1ec9 \u0111\u01b0\u1ee3c th\u01b0\u1edfng th\u1ee9c m\u00f3n c\u00e0 ph\u00ea Ch\u1ed3n t\u1ea1i ch\u1ed7, m\u00e0 c\u00f2n \u0111\u01b0\u1ee3c check in v\u1edbi nh\u1eefng quang c\u1ea3nh c\u1ef1c x\u1ecbn c\u1ee7a qu\u00e1n. \u0110\u01b0\u1ee3c tham quan v\u01b0\u1eddn c\u00e0 ph\u00ea r\u1ed9ng l\u1edbn t\u1ea1i qu\u00e1n v\u00e0 tham quan trang tr\u1ea1i c\u00e0 ph\u00ea ch\u1ed3n (chi ph\u00ed t\u1ef1 t\u00fac)<\/p>\n<p><img decoding=\"async\" class=\"aligncenter size-full wp-image-18610\" src=\"https:\/\/dalatreview.vn\/wp-content\/uploads\/2022\/04\/ME-LINH-GARDEN-1.jpg\" alt=\"M\u00ca LINH GARDEN\" width=\"2000\" height=\"1600\" \/><\/p>\n<h3 id=\"check-in-cong-troi-con-duong-cau-vong-canh-dong-hoa-huong-duong-hoa-tam-giac-mach-theo-mua\">Check in c\u1ed5ng tr\u1eddi, con \u0111\u01b0\u1eddng c\u1ea7u v\u1ed3ng, c\u00e1nh \u0111\u1ed3ng hoa h\u01b0\u1edbng d\u01b0\u01a1ng, hoa tam gi\u00e1c m\u1ea1ch&#8230;( theo m\u00f9a )<\/h3>\n<p>B\u00ean c\u1ea1nh th\u01b0\u1edfng th\u1ee9c c\u00e0 ph\u00ea ngon kh\u00e1ch du k\u1ecbch c\u00f2n \u0111\u01b0\u1ee3c check in \u0111\u1ecba \u0111i\u1ec3m \u0111\u1eb9p, nh\u1eefng ti\u1ec3u c\u1ea3nh c\u1ef1c n\u1ed5i ti\u1ebfng c\u1ee7a qu\u00e1n. B\u1ea1n h\u00e3y chu\u1ea9n b\u1ecb m\u00e1y \u1ea3nh th\u1eadt nhi\u1ec1u dung l\u01b0\u1ee3ng v\u00e0 \u0111\u1ee7 pin \u0111\u1ec3 check in h\u1ebft c\u00e1c c\u1ea3nh \u0111\u1eb9p th\u01a1 m\u1ed9ng \u1edf qu\u00e1n \u0111\u1ea5y<\/p>\n<p><img decoding=\"async\" class=\"aligncenter size-full wp-image-18611\" src=\"https:\/\/dalatreview.vn\/wp-content\/uploads\/2022\/04\/Ca-phe-Me-Linh-Da-Lat-2.jpg\" alt=\"C\u00e0 ph\u00ea M\u00ea Linh \u0110\u00e0 L\u1ea1t \" width=\"2000\" height=\"1600\" \/><\/p>\n<h3 id=\"\"><\/h3>\n<h3 id=\"trai-nuoi-de\"><span style=\"color: #003300;\">Tr\u1ea1i nu\u00f4i d\u1ebf<\/span><\/h3>\n<hr \/>\n<p>K\u1ebft th\u00fac chuy\u1ebfn h\u00e0nh tr\u00ecnh d\u00e0i c\u1ee7a h\u00f4m nay, ch\u00fang ta s\u1ebd c\u00f9ng nhau \u0111\u1ebfn v\u1edbi Trang tr\u1ea1i nu\u00f4i d\u1ebf \u1edf \u0110\u00e0 L\u1ea1t. \u0110\u1ebfn \u0111\u00e2y h\u00e0nh kh\u00e1ch s\u1ebd \u0111\u01b0\u1ee3c ngh\u1ec9 ng\u01a1i v\u00e0 th\u01b0\u1edfng th\u1ee9c c\u00e1c m\u00f3n ngon t\u1eeb d\u1ebf. B\u00ean c\u1ea1nh \u0111\u00f3, b\u1ea1n c\u00f2n \u0111\u01b0\u1ee3c gh\u00e9 th\u0103m trang tr\u1ea1i nu\u00f4i d\u1ebf t\u1eadn n\u01a1i.<\/p>\n<p><img decoding=\"async\" class=\"aligncenter size-full wp-image-18612\" src=\"https:\/\/dalatreview.vn\/wp-content\/uploads\/2022\/04\/trai-de-da-lat-1.jpg\" alt=\"tr\u1ea1i d\u1ebf \u0111\u00e0 l\u1ea1t \" width=\"2000\" height=\"1600\" \/><\/p>\n<h2 id=\"\"><\/h2>\n<h2 id=\"3-dich-vu\"><strong><span style=\"color: #003300;\">3. D\u1ecaCH V\u1ee4<\/span><\/strong><\/h2>\n<hr \/>\n<p>\u2714\ufe0fXe \u0111\u1eddi m\u1edbi \u0111\u01b0a \u0111\u00f3n t\u1eadn kh\u00e1ch s\u1ea1n.<\/p>\n<p>\u2714\ufe0fV\u00e9 tham quan t\u1ea5t c\u1ea3 c\u00e1c \u0111\u1ecba \u0111i\u1ec3m trong ch\u01b0\u01a1ng tr\u00ecnh tour.<\/p>\n<p>\u2714\ufe0fH\u01b0\u1edbng d\u1eabn vi\u00ean du l\u1ecbch chuy\u00ean nghi\u1ec7p, nhi\u1ec7t t\u00ecnh, vui v\u1ebb.<\/p>\n<p>\u2714\ufe0f N\u01b0\u1edbc u\u1ed1ng Aquafina 500ml\/1 ng\u00e0y\/1 kh\u00e1ch.<\/p>\n<p>Kh\u00f4ng bao g\u1ed3m:<\/p>\n<p>&#8211; \u0102n tr\u01b0a<\/p>\n<p>&#8211; V\u00e9 xe jeep, v\u00e9 xe l\u1eeda, v\u00e9 c\u00e1p treo, v\u00e9 m\u00e1ng tr\u01b0\u1ee3t v\u00e0 t\u1ea5t c\u1ea3 c\u00e1c d\u1ecbch v\u1ee5 b\u00ean trong khu du l\u1ecbch.<\/p>\n<p>&#8211; C\u00e1c chi ph\u00ed c\u00e1 nh\u00e2n kh\u00e1c ngo\u00e0i ch\u01b0\u01a1ng tr\u00ecnh.<\/p>\n<h2 id=\"4-gia-tour\"><strong><span style=\"color: #003300;\">4. GI\u00c1 TOUR<\/span><\/strong><\/h2>\n<hr \/>\n<p>\ud83d\udcb8 Gi\u00e1 tour: 450,000\u0111\/1 Kh\u00e1ch.<\/p>\n<p>Kh\u1edfi h\u00e0nh h\u00e0ng ng\u00e0y: 8:00 \u0111\u1ebfn 16:00<\/p>\n<h2 id=\"5-lien-he\"><strong><span style=\"color: #003300;\">5. LI\u00caN H\u1ec6<\/span><\/strong><\/h2>\n<hr \/>\n<p>\ud83d\udc49Book Tour Tham quan Ba th\u00e1c<\/p>\n<p>\u2705Fanpage:\u00a0<a href=\"https:\/\/www.facebook.com\/toursanmay\" target=\"_blank\" rel=\"noopener\">Tour \u0110\u00e0 L\u1ea1t Trong T\u00f4i 1<\/a><\/p>\n<p>\u2705Hotline t\u01b0 v\u1ea5n: 0989 249 297<\/p>","protected":false},"excerpt":{"rendered":"<p>Danh m\u1ee5c ch\u00ednh 1. GI\u1edaI THI\u1ec6U 2. L\u1ecaCH TR\u00ccNH L\u1ecbch tr\u00ecnh cho chuy\u1ebfn Tham quan Ba Th\u00e1c h\u00f4m nay Th\u00e1c Pongour Th\u00e1c Prenn Th\u00e1c Voi Ch\u00f9a Linh \u1ea8n C\u00e0 ph\u00ea M\u00ea Linh Check in c\u1ed5ng tr\u1eddi, con \u0111\u01b0\u1eddng c\u1ea7u v\u1ed3ng, c\u00e1nh \u0111\u1ed3ng hoa h\u01b0\u1edbng d\u01b0\u01a1ng, hoa tam gi\u00e1c m\u1ea1ch&#8230;( theo m\u00f9a ) Tr\u1ea1i nu\u00f4i d\u1ebf [&hellip;]<\/p>","protected":false},"featured_media":18606,"comment_status":"open","ping_status":"closed","template":"","meta":{"_acf_changed":false,"rank_math_lock_modified_date":false},"product_cat":[26,1050],"product_tag":[],"acf":[],"_links":{"self":[{"href":"https:\/\/dalatreview.vn\/en\/wp-json\/wp\/v2\/product\/18493"}],"collection":[{"href":"https:\/\/dalatreview.vn\/en\/wp-json\/wp\/v2\/product"}],"about":[{"href":"https:\/\/dalatreview.vn\/en\/wp-json\/wp\/v2\/types\/product"}],"replies":[{"embeddable":true,"href":"https:\/\/dalatreview.vn\/en\/wp-json\/wp\/v2\/comments?post=18493"}],"wp:featuredmedia":[{"embeddable":true,"href":"https:\/\/dalatreview.vn\/en\/wp-json\/wp\/v2\/media\/18606"}],"wp:attachment":[{"href":"https:\/\/dalatreview.vn\/en\/wp-json\/wp\/v2\/media?parent=18493"}],"wp:term":[{"taxonomy":"product_cat","embeddable":true,"href":"https:\/\/dalatreview.vn\/en\/wp-json\/wp\/v2\/product_cat?post=18493"},{"taxonomy":"product_tag","embeddable":true,"href":"https:\/\/dalatreview.vn\/en\/wp-json\/wp\/v2\/product_tag?post=18493"}],"curies":[{"name":"wp","href":"https:\/\/api.w.org\/{rel}","templated":true}]}}