
{"id":18490,"date":"2022-04-14T09:37:31","date_gmt":"2022-04-14T02:37:31","guid":{"rendered":"https:\/\/dalatreview.vn\/?p=18490"},"modified":"2024-05-20T03:15:19","modified_gmt":"2024-05-20T03:15:19","slug":"da-lat-trong-toi-4","status":"publish","type":"product","link":"https:\/\/dalatreview.vn\/en\/da-lat-trong-toi-4.html","title":{"rendered":"DA LAT IN ME 4"},"content":{"rendered":"<nav class=\"vietrick-auto-toc\">\n<div class=\"box-title\">\n<h3 class=\"toc-title\" id=\"select-menu\">Danh m\u1ee5c ch\u00ednh<\/h3>\n<div><ion-icon name=\"chevron-up-outline\"><\/ion-icon><\/div>\n<\/div>\n<ul class=\"toc-list\">\n<li><a href='https:\/\/dalatreview.vn\/en#1-gioi-thieu' class='heading-h2 toc-link smooth-scroll'>1. GI\u1edaI THI\u1ec6U<\/a>\n<li><a href='https:\/\/dalatreview.vn\/en#2-lich-trinh' class='heading-h2 toc-link smooth-scroll'>2. L\u1ecaCH TR\u00ccNH<\/a>\n<ul>\n<li><a href='https:\/\/dalatreview.vn\/en#lich-trinh-cu-the-cua-chuyen-di-1-ngay-cung-da-lat-trong-toi' class='heading-h3 toc-link smooth-scroll'>L\u1ecbch tr\u00ecnh c\u1ee5 th\u1ec3 c\u1ee7a chuy\u1ebfn \u0111i 1 ng\u00e0y c\u00f9ng \u0110\u00e0 L\u1ea1t trong t\u00f4i:<\/a>\n<li><a href='https:\/\/dalatreview.vn\/en#ca-phe-me-linh' class='heading-h3 toc-link smooth-scroll'>C\u00c0 PH\u00ca M\u00ca LINH<\/a>\n<li><a href='https:\/\/dalatreview.vn\/en#' class='heading-h3 toc-link smooth-scroll'><\/a>\n<li><a href='https:\/\/dalatreview.vn\/en#trai-nuoi-de' class='heading-h3 toc-link smooth-scroll'>TR\u1ea0I NU\u00d4I D\u1ebe<\/a>\n<li><a href='https:\/\/dalatreview.vn\/en#' class='heading-h3 toc-link smooth-scroll'><\/a>\n<li><a href='https:\/\/dalatreview.vn\/en#nha-may-uom-to-det-lua' class='heading-h3 toc-link smooth-scroll'>NH\u00c0 M\u00c1Y \u01af\u01a0M T\u01a0 D\u1ec6T L\u1ee4A<\/a>\n<li><a href='https:\/\/dalatreview.vn\/en#' class='heading-h3 toc-link smooth-scroll'><\/a>\n<li><a href='https:\/\/dalatreview.vn\/en#thac-voi' class='heading-h3 toc-link smooth-scroll'>TH\u00c1C VOI<\/a>\n<li><a href='https:\/\/dalatreview.vn\/en#' class='heading-h3 toc-link smooth-scroll'><\/a>\n<li><a href='https:\/\/dalatreview.vn\/en#chua-linh-an-tu' class='heading-h3 toc-link smooth-scroll'>CH\u00d9A LINH \u1ea8N T\u1ef0<\/a><\/ul>\n<li><a href='https:\/\/dalatreview.vn\/en#' class='heading-h2 toc-link smooth-scroll'><\/a>\n<li><a href='https:\/\/dalatreview.vn\/en#3-dich-vu' class='heading-h2 toc-link smooth-scroll'>3. D\u1ecaCH V\u1ee4<\/a>\n<li><a href='https:\/\/dalatreview.vn\/en#4-gia-tour' class='heading-h2 toc-link smooth-scroll'>4. GI\u00c1 TOUR<\/a>\n<li><a href='https:\/\/dalatreview.vn\/en#5-lien-he' class='heading-h2 toc-link smooth-scroll'>5. LI\u00caN H\u1ec6<\/a><\/ul>\n<\/ul>\n<\/li>\n<\/ul>\n<\/nav>\n<h2 id=\"1-gioi-thieu\"><span style=\"color: #003300;\"><strong>1. GI\u1edaI THI\u1ec6U<\/strong><\/span><\/h2>\n<hr \/>\n<p>N\u1ebfu \u00e2m nh\u1ea1c mang ch\u00fang ta \u0111\u1ebfn v\u1edbi th\u1ebf gi\u1edbi t\u00e2m h\u1ed3n c\u1ee7a ng\u01b0\u1eddi ngh\u1ec7 s\u0129. Th\u00ec nh\u1eefng chuy\u1ebfn \u0111i mang ch\u00fang ta \u0111\u1ebfn v\u1edbi nh\u1eefng \u00a0v\u00f9ng \u0111\u1ea5t m\u1edbi, con ng\u01b0\u1eddi m\u1edbi v\u00e0 t\u01b0 duy m\u1edbi. \u0110i \u0111\u1ec3 c\u1ea3m nh\u1eadn, c\u1ea3m nh\u1eadn t\u1eadn m\u1eaft, t\u1eadn da th\u1ecbt, t\u1eadn con tim. V\u00e0 \u0110\u00e0 L\u1ea1t nh\u01b0 m\u1ed9t b\u1eadc th\u1ea7y c\u1ee7a nh\u1eefng chuy\u1ebfn \u0111i. Ai c\u0169ng nh\u1edb, c\u0169ng th\u01b0\u01a1ng c\u00e1i c\u1ea3m gi\u00e1c se l\u1ea1nh, ch\u00fat t\u0129nh m\u1ecbch, b\u00ecnh y\u00ean v\u00e0 h\u00ecnh \u1ea3nh c\u1ee7a m\u1ed9t \u201cn\u00e0ng th\u01a1\u201d l\u1ea1nh l\u00f9ng nh\u1eefng g\u00e2n c\u1ea7n c\u1ea1nh b\u00ean ta nh\u1eefng ng\u00e0y c\u00f4 \u0111\u01a1n. N\u00e0o h\u00e3y c\u00f9ng dalatreview tr\u1ea3i nghi\u1ec7m m\u1ed9t ng\u00e0y c\u00f9ng \u201cn\u00e0ng th\u01a1\u201d c\u00f3 ch\u00fat l\u1ea1nh l\u00f9ng nh\u01b0ng l\u1ea1i mang trong m\u00ecnh v\u1ebb \u0111\u1eb9p tuy\u1ec7t di\u1ec7u n\u00e0y nh\u00e9!<\/p>\n<p><img decoding=\"async\" class=\"aligncenter size-full wp-image-18603\" src=\"https:\/\/dalatreview.vn\/wp-content\/uploads\/2022\/04\/da-lat-9.jpg\" alt=\"\u0111\u00e0 l\u1ea1t \" width=\"2000\" height=\"1600\" \/><\/p>\n<h2 id=\"2-lich-trinh\"><span style=\"color: #003300;\"><strong>2. L\u1ecaCH TR\u00ccNH<\/strong><\/span><\/h2>\n<hr \/>\n<h3 id=\"lich-trinh-cu-the-cua-chuyen-di-1-ngay-cung-da-lat-trong-toi\">L\u1ecbch tr\u00ecnh c\u1ee5 th\u1ec3 c\u1ee7a chuy\u1ebfn \u0111i 1 ng\u00e0y c\u00f9ng \u0110\u00e0 L\u1ea1t trong t\u00f4i:<\/h3>\n<p>\u2714\ufe0f C\u00e0 Ph\u00ea M\u00ea Linh<\/p>\n<p>\u2714\ufe0f Check in c\u1ed5ng tr\u1eddi, c\u1ea7u b\u1ea3y m\u00e0u, &#8221; v\u1ea7ng tr\u0103ng khuy\u1ebft &#8221; m\u00e0u v\u00e0ng c\u00f9ng c\u00e1nh \u0111\u1ed3ng hoa \u0111\u1ee7 lo\u1ea1i l\u00ean h\u00ecnh si\u00eau deep.<\/p>\n<p>\u2714\ufe0f Tr\u1ea1i nu\u00f4i d\u1ebf.<\/p>\n<p>\u2714\ufe0f Nh\u00e0 m\u00e1y \u01b0\u01a1m t\u01a1 d\u1ec7t l\u1ee5a.<\/p>\n<p>\u2714\ufe0f Th\u00e1c Voi &#8211; di t\u00edch th\u1eafng c\u1ea3nh qu\u1ed1c gia.<\/p>\n<p>\u2714\ufe0f Linh \u1ea8n T\u1ef1 &#8211; n\u01a1i c\u00f3 t\u01b0\u1ee3ng Ph\u1eadt B\u00e0 Quan \u00e2m l\u1edbn nh\u1ea5t Vi\u1ec7t Nam.<\/p>\n<p>&nbsp;<\/p>\n<h3 id=\"ca-phe-me-linh\"><span style=\"color: #003300;\">C\u00c0 PH\u00ca M\u00ca LINH<\/span><\/h3>\n<hr \/>\n<p>\u0110\u1ecba \u0111i\u1ec3m \u0111\u1ea7u ti\u00ean ch\u00fang ta gh\u00e9 th\u0103m khi kh\u1edfi h\u00e0nh chuy\u1ebfn \u0111i \u0110\u00e0 L\u1ea1t ch\u00ednh l\u00e0 \u0111\u1ecba \u0111i\u1ec3m n\u1ed5i ti\u1ebfng c\u1ee7a \u0110\u00e0 L\u1ea1t\u00a0 &#8211; c\u00e0 ph\u00ea M\u00ea Linh. V\u1edbi khu\u00f4n vi\u00ean r\u1ed9ng l\u1edbn, qu\u00e1n c\u00f3 c\u1ea3 m\u1ed9t v\u01b0\u1eddn c\u00e0 ph\u00ea t\u01b0\u01a1i tr\u1ed3ng v\u00e0 s\u1ea3n xu\u1ea5t c\u00e0 ph\u00ea t\u1ea1i ch\u1ed7. Kh\u00e1ch tham quan c\u00f2 \u0111\u01b0\u1ee3c th\u01b0\u1edfng th\u1ee9c c\u00e0 ph\u00ea ch\u1ed3n ch\u00ednh g\u1ed1c t\u1ea1i ch\u1ed7. B\u00ean c\u1ea1nh \u0111\u00f3, v\u1edbi view c\u1ef1c x\u1ecbn, c\u1ed5ng tr\u1eddi b\u1ea3y m\u00e0u, v\u1ea7ng tr\u0103ng khuy\u1ebfn, v\u01b0\u1eddn hoa v\u00e0ng r\u1ef1c,\u2026 B\u1ea1n c\u1ea7n chu\u1ea9n b\u1ecb dung l\u01b0\u1ee3ng m\u00e1y th\u1eadt nhi\u1ec1u \u0111\u1ec3 l\u0103n x\u1ea3 v\u1edbi nh\u1eefng\u00a0 b\u1ee9c selfie th\u1eadt \u201cph\u1ebft ph\u1ea9y\u201d nh\u00e9<\/p>\n<p>&nbsp;<\/p>\n<p><img decoding=\"async\" class=\"aligncenter size-full wp-image-18592\" src=\"https:\/\/dalatreview.vn\/wp-content\/uploads\/2022\/04\/ca-phe-me-linh-da-lat-1-1.jpg\" alt=\"c\u00e0 ph\u00ea m\u00ea linh \u0111\u00e0 l\u1ea1t\" width=\"2000\" height=\"1600\" \/><\/p>\n<h3 id=\"\"><\/h3>\n<h3 id=\"trai-nuoi-de\"><span style=\"color: #003300;\">TR\u1ea0I NU\u00d4I D\u1ebe<\/span><\/h3>\n<hr \/>\n<p>Ti\u1ebfp theo, ch\u00fang ta s\u1ebd \u0111\u01b0\u1ee3c th\u01b0\u1edfng th\u1ee9c nh\u1eefng m\u00f3n ngon t\u1eeb d\u1ebf \u0111\u1ebfn v\u1edbi trang tr\u1ea1i d\u1ebf. Du kh\u00e1ch \u0111\u01b0\u1ee3c th\u0103m quan khu nu\u00f4i d\u1ebf, th\u01b0\u1edfng th\u1ee9c nh\u1eefng \u0111\u1eb7c s\u1ea3n t\u1eeb d\u1ebf. \u0110\u00e2y s\u1ebd l\u00e0 n\u01a1i c\u1ef1c k\u00ec y\u00eau th\u00edch c\u1ee7a nh\u1eefng t\u00ecn \u0111\u1ed3 \u0111am m\u00ea \u1ea9m th\u1ef1c<\/p>\n<p><img decoding=\"async\" class=\"aligncenter size-full wp-image-18593\" src=\"https:\/\/dalatreview.vn\/wp-content\/uploads\/2022\/04\/trai-de-da-lat.jpg\" alt=\"tr\u1ea1i d\u1ebf \u0111\u00e0 l\u1ea1t\" width=\"2000\" height=\"1600\" \/><\/p>\n<h3 id=\"\"><\/h3>\n<h3 id=\"nha-may-uom-to-det-lua\"><span style=\"color: #003300;\">NH\u00c0 M\u00c1Y \u01af\u01a0M T\u01a0 D\u1ec6T L\u1ee4A<\/span><\/h3>\n<hr \/>\n<p>\u0110\u1ebfn v\u1edbi nh\u00e0 m\u00e1y \u01b0\u01a1m t\u01a1 d\u1ec7t l\u1ee5a c\u1ee7a \u0110\u00e0 L\u1ea1t, du kh\u00e1ch s\u1ebd c\u00f3 c\u01a1 h\u1ed9i \u0111\u01b0\u1ee3c tham quan c\u00e1c c\u00f4ng \u0111o\u1ea1n c\u1ee7a qu\u00e1 tr\u00ecnh d\u1ec7t l\u1ee5a th\u1ee7 c\u00f4ng. T\u1eeb c\u00f4ng \u0111o\u1ea1n l\u1ea5y k\u00e9n r\u1ed3i \u01b0\u01a1m t\u01a1, d\u1ec7t l\u1ee5a t\u1ea9y nhu\u1ed9m, thi\u1ebft k\u1ebf s\u1ea3n ph\u1ea9m, may th\u00eau trang ph\u1ee5c.. c\u00e1c b\u01b0\u1edbc ho\u00e0n to\u00e0n l\u00e0 th\u1ee7 c\u00f4ng. B\u00ean c\u1ea1nh \u0111\u00f3, du kh\u00e1ch c\u00f2n \u0111\u01b0\u1ee3c mua c\u00e1c lo\u1ea1i v\u1ea3i trang ph\u1ee5c l\u00e0m t\u1eeb t\u01a1 l\u1ee5a t\u1ea1i n\u01a1i s\u1ea3n xu\u1ea5t<\/p>\n<p><img decoding=\"async\" class=\"aligncenter size-full wp-image-18594\" src=\"https:\/\/dalatreview.vn\/wp-content\/uploads\/2022\/04\/nha-may-uom-to-da-lat-.jpg\" alt=\"nha may uom to da lat\" width=\"2000\" height=\"1600\" \/><\/p>\n<h3 id=\"\"><\/h3>\n<h3 id=\"thac-voi\"><span style=\"color: #003300;\">TH\u00c1C VOI<\/span><\/h3>\n<hr \/>\n<p>Sau khi r\u1eddi nh\u00e0 m\u00e1y \u01b0\u01a1m t\u01a1, du kh\u00e1ch s\u1ebd \u0111\u01b0\u1ee3c kh\u00e1m ph\u00e1\u00a0 Th\u00e1c Voi \u2013 \u0111\u1ecba \u0111i\u1ec3m \u0111\u01b0\u1ee3c nhi\u1ec1u d\u00e2n ph\u01b0\u1ee3t y\u00eau th\u00edch du l\u1ecbch kh\u00e1m ph\u00e1, tr\u1ea3i nghi\u1ec7m. N\u1eb1m ngay s\u00e1t v\u00f9ng th\u1ecb tr\u1ea5n nh\u01b0ng \u0111\u1ebfn nay v\u1ebb \u0111\u1eb9p thi\u00ean nhi\u00ean hoang s\u01a1 c\u1ee7a n\u01a1i \u0111\u00e2y v\u1eabn \u0111\u01b0\u1ee3c gi\u1eef g\u00ecn kh\u00e1 nguy\u00ean v\u1eb9n b\u1ea1n s\u1ebd c\u1ea3m nh\u1eadn ngay \u0111\u01b0\u1ee3c b\u1ea7u kh\u00f4ng kh\u00ed trong l\u00e0nh bao tr\u00f9m n\u01a1i \u0111\u00e2y, x\u00f3a tan \u0111i c\u1ea3m gi\u00e1c oi n\u00f3ng c\u1ee7a chuy\u1ebfn \u0111i d\u00e0i.T\u1eeb tr\u00ean cao, b\u1ea1n c\u00f3 th\u1ec3 ph\u00f3ng t\u1ea7m m\u1eaft c\u1ee7a m\u00ecnh ra xa \u0111\u1ec3 chi\u00eam ng\u01b0\u1ee1ng v\u1ebb \u0111\u1eb9p c\u1ee7a r\u1eebng c\u00e2y xanh m\u00e1t, n\u01a1i c\u00f3 nh\u1eefng c\u00e2y c\u1ed5 tr\u1ee5 c\u1ea3 tr\u0103m n\u0103m tu\u1ed5i v\u1edbi d\u00e2y leo ch\u1eb3ng ch\u1ecbt cu\u1ed1n quanh c\u00e0ng t\u1ea1o th\u00eam ph\u1ea7n huy\u1ec1n b\u00ed v\u00e0 k\u1ef3 \u1ea3o cho n\u01a1i \u0111\u00e2y. D\u00f2ng n\u01b0\u1edbc tu\u00f4n tr\u00e0o, x\u1ed1i x\u1ea3 t\u1ea1o n\u00ean c\u1ea3nh t\u01b0\u1ee3ng v\u00f4 c\u00f9ng k\u1ef3 v\u0129 v\u00e0 l\u00fd th\u00fa<\/p>\n<p><img decoding=\"async\" class=\"aligncenter size-full wp-image-18595\" src=\"https:\/\/dalatreview.vn\/wp-content\/uploads\/2022\/04\/thac-voi-da-lat.jpg\" alt=\"th\u00e1c voi \u0111\u00e0 l\u1ea1t\" width=\"2000\" height=\"1600\" \/><\/p>\n<h3 id=\"\"><\/h3>\n<h3 id=\"chua-linh-an-tu\"><span style=\"color: #003300;\">CH\u00d9A LINH \u1ea8N T\u1ef0<\/span><\/h3>\n<hr \/>\n<p>Kh\u00e9p l\u1ea1i chuy\u1ebfn h\u00e0nh tr\u00ecnh h\u00f4m nay ch\u00ednh l\u00e0 \u0111\u1ecba \u0111i\u1ec3m tham quan \u0111\u01b0\u1ee3c nhi\u1ec1u du kh\u00e1ch gh\u00e9 th\u0103m v\u00e0 y\u00eau th\u00edch khi \u0111\u1ebfn \u0110\u00e0 L\u1ea1t \u2013 Ch\u00f9a Linh \u1ea8n T\u1ef1. C\u1ea3m nh\u1eadn b\u1ea7u kh\u00f4ng kh\u00ed y\u00ean b\u00ecnh c\u1ee7a ti\u1ebfng chu\u00f4ng ch\u00f9a, l\u1eafng nghe \u00e2m thanh du d\u01b0\u01a1ng c\u1ee7a gi\u00f3, c\u00e1i l\u00e0nh l\u1ea1nh s\u1ea3ng kho\u00e1i c\u1ee7a c\u1ecf c\u00e2y. \u0110\u00e2y l\u00e0 m\u1ed9t ng\u00f4i ch\u00f9a kh\u00f4ng ch\u1ec9 \u0111\u1ec3 t\u00f4n nghi\u00eam th\u1edd ph\u1eadt. M\u00e0 n\u01a1i \u0111\u00e2y c\u00f2n l\u00e0 \u0111\u1ecba \u0111i\u1ec3m du l\u1ecbch hot b\u1eadc nh\u1ea5t \u0110\u00e0 L\u1ea1t. Khi \u0111\u1ebfn v\u1edbi n\u01a1i n\u00e0y du kh\u00e1ch kh\u00f4ng ch\u1ec9 \u0111\u1ec3 b\u00e1i ph\u1eadt m\u00e0 c\u00f2n c\u00f3 th\u1ec3 ng\u1eafm nh\u00ecn quang c\u1ea3nh h\u00f9ng v\u0129 c\u1ee7a ng\u00f4i ch\u00f9a n\u00e0y. Kh\u00f4ng nh\u1eefng th\u1ebf khi \u0111\u1ebfn v\u1edbi n\u01a1i n\u00e0y du kh\u00e1ch c\u00f2n c\u00f3 th\u1ec3 c\u1ea3m nh\u1eadn m\u1ed9t b\u1ea7u kh\u00f4ng kh\u00ed c\u1ef1c k\u00ec trong l\u00e0nh v\u00e0 y\u00ean t\u1ec9nh. M\u00e0 kh\u00f4ng m\u1ed9t n\u01a1i n\u00e0o s\u00e1nh b\u1eb1n. Hi\u1ec7n nay ch\u00f9a linh \u1ea9n \u0110\u00e0 L\u1ea1t c\u00f3 x\u00e2y th\u00eam 1 t\u01b0\u1ee3ng ph\u1eadt Quan \u00c2m r\u1ea5t l\u1edbn. \u0110\u00e2y c\u00f3 th\u1ec3 n\u00f3i l\u00e0 t\u01b0\u1ee3ng ph\u1eadt quan \u00e2m l\u1edbn nh\u1ea5t L\u00e2m \u0110\u1ed3ng hi\u1ec7n nay<\/p>\n<p><img decoding=\"async\" class=\"aligncenter size-full wp-image-18596\" src=\"https:\/\/dalatreview.vn\/wp-content\/uploads\/2022\/04\/chua-linh-an-tu-da-lat.jpg\" alt=\"ch\u00f9a linh \u1ea9n t\u1ef1 \u0111\u00e0 l\u1ea1t\" width=\"2000\" height=\"1600\" \/><\/p>\n<h2 id=\"\"><\/h2>\n<h2 id=\"3-dich-vu\"><span style=\"color: #003300;\"><strong>3. D\u1ecaCH V\u1ee4<\/strong><\/span><\/h2>\n<hr \/>\n<p>Tham gia ch\u01b0\u01a1ng tr\u00ecnh \u0110\u00e0 L\u1ea1t trong t\u00f4i 1 ng\u00e0y h\u00e0nh kh\u00e1ch s\u1ebd \u0111\u01b0\u1ee3c ch\u01b0\u01a1ng tr\u00ecnh tr\u1ecdn g\u00f3i:<\/p>\n<p>\u2705 Xe \u0111\u1eddi m\u1edbi \u0111\u01b0a \u0111\u00f3n t\u1eadn kh\u00e1ch s\u1ea1n.<\/p>\n<p>\u2705 V\u00e9 tham quan t\u1ea5t c\u1ea3 c\u00e1c \u0111\u1ecba \u0111i\u1ec3m trong ch\u01b0\u01a1ng tr\u00ecnh tour.<\/p>\n<p>\u2705 H\u01b0\u1edbng d\u1eabn vi\u00ean du l\u1ecbch chuy\u00ean nghi\u1ec7p, nhi\u1ec7t t\u00ecnh, vui v\u1ebb.<\/p>\n<p>\u2705 N\u01b0\u1edbc u\u1ed1ng Aquafina 500ml\/1 ng\u00e0y\/1 kh\u00e1ch.<\/p>\n<p>Kh\u00f4ng bao g\u1ed3m:<\/p>\n<p>&#8211; \u0102n tr\u01b0a<\/p>\n<p>&#8211; V\u00e9 xe jeep, v\u00e9 xe l\u1eeda, v\u00e9 c\u00e1p treo, v\u00e9 m\u00e1ng tr\u01b0\u1ee3t v\u00e0 t\u1ea5t c\u1ea3 c\u00e1c d\u1ecbch v\u1ee5 b\u00ean trong khu du l\u1ecbch.<\/p>\n<p>&#8211; C\u00e1c chi ph\u00ed c\u00e1 nh\u00e2n kh\u00e1c ngo\u00e0i ch\u01b0\u01a1ng tr\u00ecnh.<\/p>\n<h2 id=\"4-gia-tour\"><span style=\"color: #003300;\"><strong>4. GI\u00c1 TOUR<\/strong><\/span><\/h2>\n<hr \/>\n<p>\ud83d\udcb8 Gi\u00e1 tour: 400,000\u0111\/1 Kh\u00e1ch.<\/p>\n<p>Kh\u1edfi h\u00e0nh h\u00e0ng ng\u00e0y: 8:00 \u0111\u1ebfn 16:00<\/p>\n<h2 id=\"5-lien-he\"><span style=\"color: #003300;\"><strong>5. LI\u00caN H\u1ec6<\/strong><\/span><\/h2>\n<hr \/>\n<p>\ud83d\udc49Book Tour \u0110\u00e0 L\u1ea1t Trong T\u00f4i 1<\/p>\n<p>\u2705Fanpage:\u00a0<a href=\"https:\/\/www.facebook.com\/toursanmay\" target=\"_blank\" rel=\"noopener\">Tour \u0110\u00e0 L\u1ea1t Trong T\u00f4i 1<\/a><\/p>\n<p>\u2705Hotline t\u01b0 v\u1ea5n: 0989 249 297<\/p>","protected":false},"excerpt":{"rendered":"<p>Danh m\u1ee5c ch\u00ednh 1. GI\u1edaI THI\u1ec6U 2. L\u1ecaCH TR\u00ccNH L\u1ecbch tr\u00ecnh c\u1ee5 th\u1ec3 c\u1ee7a chuy\u1ebfn \u0111i 1 ng\u00e0y c\u00f9ng \u0110\u00e0 L\u1ea1t trong t\u00f4i: C\u00c0 PH\u00ca M\u00ca LINH TR\u1ea0I NU\u00d4I D\u1ebe NH\u00c0 M\u00c1Y \u01af\u01a0M T\u01a0 D\u1ec6T L\u1ee4A TH\u00c1C VOI CH\u00d9A LINH \u1ea8N T\u1ef0 3. D\u1ecaCH V\u1ee4 4. GI\u00c1 TOUR 5. LI\u00caN H\u1ec6 1. GI\u1edaI THI\u1ec6U N\u1ebfu [&hellip;]<\/p>","protected":false},"featured_media":18598,"comment_status":"open","ping_status":"closed","template":"","meta":{"_acf_changed":false,"rank_math_lock_modified_date":false},"product_cat":[26,1050],"product_tag":[],"acf":[],"_links":{"self":[{"href":"https:\/\/dalatreview.vn\/en\/wp-json\/wp\/v2\/product\/18490"}],"collection":[{"href":"https:\/\/dalatreview.vn\/en\/wp-json\/wp\/v2\/product"}],"about":[{"href":"https:\/\/dalatreview.vn\/en\/wp-json\/wp\/v2\/types\/product"}],"replies":[{"embeddable":true,"href":"https:\/\/dalatreview.vn\/en\/wp-json\/wp\/v2\/comments?post=18490"}],"wp:featuredmedia":[{"embeddable":true,"href":"https:\/\/dalatreview.vn\/en\/wp-json\/wp\/v2\/media\/18598"}],"wp:attachment":[{"href":"https:\/\/dalatreview.vn\/en\/wp-json\/wp\/v2\/media?parent=18490"}],"wp:term":[{"taxonomy":"product_cat","embeddable":true,"href":"https:\/\/dalatreview.vn\/en\/wp-json\/wp\/v2\/product_cat?post=18490"},{"taxonomy":"product_tag","embeddable":true,"href":"https:\/\/dalatreview.vn\/en\/wp-json\/wp\/v2\/product_tag?post=18490"}],"curies":[{"name":"wp","href":"https:\/\/api.w.org\/{rel}","templated":true}]}}