
{"id":18424,"date":"2022-04-14T07:40:01","date_gmt":"2022-04-14T00:40:01","guid":{"rendered":"https:\/\/dalatreview.vn\/?p=18424"},"modified":"2024-05-20T05:01:34","modified_gmt":"2024-05-20T05:01:34","slug":"tour-da-lat-trong-toi","status":"publish","type":"product","link":"https:\/\/dalatreview.vn\/en\/tour-da-lat-trong-toi.html","title":{"rendered":"TOUR DA LAT IN I 3"},"content":{"rendered":"<nav class=\"vietrick-auto-toc\">\n<div class=\"box-title\">\n<h3 class=\"toc-title\" id=\"select-menu\">Danh m\u1ee5c ch\u00ednh<\/h3>\n<div><ion-icon name=\"chevron-up-outline\"><\/ion-icon><\/div>\n<\/div>\n<ul class=\"toc-list\">\n<li><a href='https:\/\/dalatreview.vn\/en#1-gioi-thieu' class='heading-h2 toc-link smooth-scroll'>1. GI\u1edaI THI\u1ec6U<\/a>\n<li><a href='https:\/\/dalatreview.vn\/en#2-lich-trinh' class='heading-h2 toc-link smooth-scroll'>2. L\u1ecaCH TR\u00ccNH<\/a>\n<ul>\n<li><a href='https:\/\/dalatreview.vn\/en#' class='heading-h3 toc-link smooth-scroll'><\/a>\n<li><a href='https:\/\/dalatreview.vn\/en#thac-datanla' class='heading-h3 toc-link smooth-scroll'>TH\u00c1C DATANLA<\/a>\n<li><a href='https:\/\/dalatreview.vn\/en#' class='heading-h3 toc-link smooth-scroll'><\/a>\n<li><a href='https:\/\/dalatreview.vn\/en#doi-cap-treo-da-lat' class='heading-h3 toc-link smooth-scroll'>\u0110\u1ed2I C\u00c1P TREO \u0110\u00c0 L\u1ea0T<\/a>\n<li><a href='https:\/\/dalatreview.vn\/en#thien-vien-truc-lam' class='heading-h3 toc-link smooth-scroll'>THI\u1ec0N VI\u1ec6N TR\u00daC L\u00c2M<\/a>\n<li><a href='https:\/\/dalatreview.vn\/en#' class='heading-h3 toc-link smooth-scroll'><\/a>\n<li><a href='https:\/\/dalatreview.vn\/en#ho-tuyen-lam' class='heading-h3 toc-link smooth-scroll'>H\u1ed2 TUY\u1ec0N L\u00c2M<\/a>\n<li><a href='https:\/\/dalatreview.vn\/en#' class='heading-h3 toc-link smooth-scroll'><\/a>\n<li><a href='https:\/\/dalatreview.vn\/en#phan-vien-sinh-hoc' class='heading-h3 toc-link smooth-scroll'>PH\u00c2N VI\u1ec6N SINH H\u1eccC<\/a>\n<li><a href='https:\/\/dalatreview.vn\/en#' class='heading-h3 toc-link smooth-scroll'><\/a>\n<li><a href='https:\/\/dalatreview.vn\/en#nui-langbiang' class='heading-h3 toc-link smooth-scroll'>N\u00daI LANGBIANG<\/a>\n<li><a href='https:\/\/dalatreview.vn\/en#' class='heading-h3 toc-link smooth-scroll'><\/a>\n<li><a href='https:\/\/dalatreview.vn\/en#vuon-dau-tay-cong-nghe-cao' class='heading-h3 toc-link smooth-scroll'>V\u01af\u1edcN D\u00c2U T\u00c2Y C\u00d4NG NGH\u1ec6 CAO<\/a>\n<li><a href='https:\/\/dalatreview.vn\/en#' class='heading-h3 toc-link smooth-scroll'><\/a>\n<li><a href='https:\/\/dalatreview.vn\/en#nha-tho-domain' class='heading-h3 toc-link smooth-scroll'>NH\u00c0 TH\u1edc DOMAIN<\/a><\/ul>\n<li><a href='https:\/\/dalatreview.vn\/en#3-dich-vu' class='heading-h2 toc-link smooth-scroll'>3. D\u1ecaCH V\u1ee4<\/a>\n<li><a href='https:\/\/dalatreview.vn\/en#4-gia-tour' class='heading-h2 toc-link smooth-scroll'>4. GI\u00c1 TOUR<\/a>\n<li><a href='https:\/\/dalatreview.vn\/en#5-lien-he' class='heading-h2 toc-link smooth-scroll'>5. LI\u00caN H\u1ec6<\/a><\/ul>\n<\/ul>\n<\/li>\n<\/ul>\n<\/nav>\n<h2 id=\"1-gioi-thieu\"><span style=\"color: #003300;\"><strong>1. GI\u1edaI THI\u1ec6U<\/strong><\/span><\/h2>\n<hr \/>\n<p>M\u1ed7i v\u00f9ng \u0111\u1ea5t \u0111\u1ec1u ch\u1ee9a \u0111\u1ef1ng nh\u1eefng c\u00e2u chuy\u1ec7n c\u1ee7a ri\u00eang n\u00f3. M\u1ed7i khi \u0111\u1ebfn m\u1ed9t ch\u1ed1n m\u1edbi, ch\u00fang ta kh\u00f4ng ch\u1ec9 \u0111\u01b0\u1ee3c kh\u00e1m ph\u00e1 nh\u1eefng ki\u1ebfn th\u1ee9c m\u1edbi m\u00e0 c\u00f2n v\u00f4 t\u00ecnh t\u00ecm th\u1ea5y nh\u1eefng ng\u00e1ch m\u1edbi b\u00ean trong con ng\u01b0\u1eddi c\u1ee7a m\u00ecnh. Ch\u00ednh v\u00ec v\u1eady, du l\u1ecbch kh\u00f4ng ch\u1ec9 \u0111\u1ec3 tr\u1ea3i nghi\u1ec7m m\u00e0 du l\u1ecbch c\u00f2n l\u00e0 c\u01a1 h\u1ed9i th\u00e1ch th\u1ee9c \u0111\u1ed5i m\u1edbi b\u1ea3n th\u00e2n m\u00ecnh. T\u00ecm ra ph\u1ea7n b\u00ean trong t\u00ecm \u1ea9n m\u00e0 b\u1ea5y l\u00e2u nay b\u1ea3n th\u00e2n kh\u00f4ng nh\u1eadn ra \u0111\u01b0\u1ee3c. V\u00ec th\u1ebf, nh\u1eefng chuy\u1ebfn \u0111i lu\u00f4n mang l\u1ea1i cho ng\u01b0\u1eddi ta nh\u1eefng c\u1ea3m x\u00fac kh\u00f3 t\u1ea3 r\u00f5 b\u1eb1ng l\u1eddi. N\u00f3 l\u00e0 th\u1ee9 ng\u00f4n ng\u1eef c\u1ee7a t\u00e2m h\u1ed3n c\u1ee7a c\u1ea3m x\u00fac<\/p>\n<p>Chuy\u1ebfn \u0111i l\u1ea7n n\u00e0y, dalatreview s\u1ebd mang b\u1ea1n \u0111\u1ebfn v\u1edbi \u0110\u00e0 l\u1ea1t v\u1edbi nh\u1eefng tr\u1ea3i nghi\u1ec7m v\u00e0 c\u1ea3m x\u00fac kh\u00f3 qu\u00ean, khi c\u00f9ng tham quan v\u00e0 tr\u1ea3i nghi\u1ec7m nh\u1eefng th\u1eed th\u00e1ch th\u00fa v\u1ecb v\u00e0 \u0111\u1eb7c bi\u1ec7t. Trong 1 ng\u00e0y b\u1ea1n s\u1ebd \u0111\u01b0\u1ee3c h\u1ebft m\u00ecnh kh\u00e1m ph\u00e1 nh\u1eefng \u0111i\u1ec3m \u0111\u1ebfn kh\u00f4ng ph\u1ea3i ai c\u0169ng bi\u1ebft \u1edf \u0110\u00e0 L\u1ea1t. N\u00e0o h\u00e3y x\u00e1ch ba l\u00f4 l\u00ean c\u00f9ng dalatreview \u0111i th\u00f4i!<\/p>\n<p><img decoding=\"async\" class=\"aligncenter size-full wp-image-18568\" src=\"https:\/\/dalatreview.vn\/wp-content\/uploads\/2022\/04\/da-lat-7.jpg\" alt=\"\u0111\u00e0 l\u1ea1t\" width=\"2000\" height=\"1600\" \/><\/p>\n<p>&nbsp;<\/p>\n<p><img decoding=\"async\" class=\"aligncenter size-full wp-image-18569\" src=\"https:\/\/dalatreview.vn\/wp-content\/uploads\/2022\/04\/da-lat-8.jpg\" alt=\"\u0111\u00e0 l\u1ea1t\" width=\"2000\" height=\"1600\" \/><\/p>\n<h2 id=\"2-lich-trinh\"><span style=\"color: #003300;\"><strong>2. L\u1ecaCH TR\u00ccNH<\/strong><\/span><\/h2>\n<hr \/>\n<p>L\u1ecbch tr\u00ecnh c\u1ee5 th\u1ec3 c\u1ee7a \u0110\u00e0 L\u1ea1t trong t\u00f4i 1 ng\u00e0y bao g\u1ed3m:<\/p>\n<p>Th\u00e1c Datanla<\/p>\n<p>\u0110\u1ed3i C\u00e1p Treo \u0110\u00e0 L\u1ea1t<\/p>\n<p>Thi\u1ec1n Vi\u1ec7n Tr\u00fac L\u00e2m<\/p>\n<p>H\u1ed3 Tuy\u1ec1n L\u00e2m<\/p>\n<p>Ph\u00e2n vi\u1ec7n sinh h\u1ecdc<\/p>\n<p>N\u00fai Langbiang<\/p>\n<p>V\u01b0\u1eddn D\u00e2u T\u00e2y C\u00f4ng Ngh\u1ec7 Cao<\/p>\n<p>Nh\u00e0 Th\u1edd Domain<\/p>\n<h3 id=\"\"><\/h3>\n<h3 id=\"thac-datanla\"><span style=\"color: #003300;\">TH\u00c1C DATANLA<\/span><\/h3>\n<hr \/>\n<p>M\u1edf m\u00e0ng cho chuy\u1ebfn \u0111i kh\u00e1m ph\u00e1 \u0110\u00e0 L\u1ea1t h\u00f4m nay c\u1ee7a ch\u00fang ta ch\u00ednh l\u00e0 con th\u00e1c n\u1ed5i ti\u1ebfng c\u1ee7a \u0110\u00e0 L\u1ea1t \u2013 Th\u00e1c Datanla. L\u00e0 con th\u00e1c n\u1ed5i ti\u1ebfng v\u1edbi nh\u1eefng c\u00e2u chuy\u1ec7n truy\u1ec1n thuy\u1ebft, \u0111\u1ebfn\u00a0 th\u00e1c Datanla b\u1ea1n s\u1ebd c\u00f3 c\u01a1 h\u1ed9i tr\u1ea3i nghi\u1ec7m m\u00e1ng tr\u01b0\u1ee3t d\u00e0i nh\u1ea5t \u0110\u00f4ng Nam \u00c1 v\u1edbi chi\u1ec1u d\u00e0i 2400m. V\u1edbi nhi\u1ec1u tr\u00f2 ch\u01a1i tr\u1ea3i nghi\u1ec7m c\u1ef1c s\u1ea3ng kho\u00e1i cho nh\u1eefng ai \u0111am m\u00ea m\u1ea1o hi\u1ec3m v\u00e0 tr\u1ea3i nghi\u1ec7m: \u00a0\u0111i v\u00e1n tr\u01b0\u1ee3t, leo d\u00e2y v\u01b0\u1ee3t th\u00e1c, \u0111u d\u00e2y m\u1ea1o hi\u1ec3m, ch\u00e8o thuy\u1ec1n\u2026 Chuy\u1ebfn \u0111i kh\u1edfi \u0111\u1ea7u \u0111\u1ea7y n\u0103ng l\u01b0\u1ee3ng n\u00e0y s\u1ebd \u0111\u00e1nh th\u1ee9c m\u1ed9t ng\u00e0y tr\u1ea3i nghi\u1ec7m th\u1eadt th\u00fa v\u1ecb!<\/p>\n<p>(Chi ph\u00ed t\u1ef1 t\u00fac)<\/p>\n<p>&nbsp;<\/p>\n<p><img decoding=\"async\" class=\"alignnone wp-image-18542 size-full\" src=\"https:\/\/dalatreview.vn\/wp-content\/uploads\/2022\/04\/z3338374723374_3945f7e48d307f8bbea8d8daad2eb225.jpg\" alt=\"th\u00e1c datanla\" width=\"1280\" height=\"1024\" \/><\/p>\n<h3 id=\"\"><\/h3>\n<h3 id=\"doi-cap-treo-da-lat\"><span style=\"color: #003300;\"><strong>\u0110\u1ed2I C\u00c1P TREO<\/strong> \u0110\u00c0<strong> L\u1ea0T<\/strong><\/span><\/h3>\n<hr \/>\n<p>\u0110\u1ecba \u0111i\u1ec3m ti\u1ebfp theo c\u1ee7a chuy\u1ebfn h\u00e0nh tr\u00ecnh ch\u00ednh l\u00e0 \u0110\u1ed3i c\u00e1p treo \u0110\u00e0 L\u1ea1t hay c\u00f2n g\u1ecdi l\u00e0 \u0110\u1ed3i Robin. \u0110\u1ebfn \u0111\u00e2y, b\u1ea1n s\u1ebd \u0111\u01b0\u1ee3c ng\u1eafm nh\u00ecn khung c\u1ea3nh bao la r\u1ed9ng l\u1edbn n\u01a1i n\u00fai \u0111\u1ed3i,\u00a0 chi\u1ebfm tr\u1ecdn to\u00e0n b\u1ed9 view c\u1ee7a \u0110\u00e0 L\u1ea1t ngay trong t\u1ea7m m\u1eaft. Khung c\u1ea3nh thi\u00ean nhi\u00ean h\u00e0i h\u00f2a, kh\u00f4ng kh\u00ed bao la tho\u00e1ng \u0111\u00e3ng b\u00ecnh y\u00ean, n\u01a1i \u0111\u00e2y c\u1ef1c k\u00ec ph\u00f9 h\u1ee3p v\u1edbi nh\u1eefng ai mu\u1ed1n t\u00ecm cho m\u00ecnh m\u1ed9t ch\u1ed1n b\u00ecnh y\u00ean. Th\u1ea3 l\u00f2ng m\u00ecnh v\u00e0o c\u00e2y c\u1ecf r\u1eebng n\u00fai, l\u1eafng nghe thanh \u00e2m c\u1ee7a thi\u00ean nhi\u00ean. Ch\u1eafc ch\u1eafn s\u1ebd \u0111\u1ec3 l\u1ea1i cho b\u1ea1n nh\u1eefng c\u1ea3m x\u00fac di\u1ec7u k\u00ec kh\u00f3 qu\u00ean. Ch\u1ec9 c\u1ea7n b\u01b0\u1edbc l\u00ean c\u00e1p treo v\u00e0 c\u1ea3m nh\u1eadn m\u00e0 th\u00f4i.<\/p>\n<p>(Qu\u00fd kh\u00e1ch c\u00f3 th\u1ec3 mua v\u00e9 c\u00e1p treo 1 chi\u1ec1u v\u1edbi gi\u00e1 80 000\u0111\/1 ng\u01b0\u1eddi \u0111\u1ec3 tho\u1ea3i m\u00e1i ng\u1eafm nh\u00ecn \u0110\u00e0 L\u1ea1t &#8211; chi ph\u00ed t\u1ef1 t\u00fac).<\/p>\n<p><img decoding=\"async\" class=\"aligncenter size-full wp-image-18565\" src=\"https:\/\/dalatreview.vn\/wp-content\/uploads\/2022\/04\/doi-cap-treo-da-lat.jpg\" alt=\"\u0110\u1ed2I C\u00c1P TREO \u0110\u00c0 L\u1ea0T\" width=\"2000\" height=\"1600\" \/><\/p>\n<p>&nbsp;<\/p>\n<h3 id=\"thien-vien-truc-lam\"><span style=\"color: #003300;\"><strong>THI\u1ec0N VI\u1ec6N<\/strong> TR\u00daC<strong> L\u00c2M<\/strong><\/span><\/h3>\n<hr \/>\n<p>Ti\u1ebfp n\u1ed1i khung c\u1ea3nh thi\u00ean nhi\u00ean b\u00ecnh y\u00ean c\u1ee7a \u0110\u1ed3i c\u00e1p treo, \u0111\u1ecba \u0111i\u1ec3m ti\u1ebfp theo s\u1ebd \u0111\u01b0a b\u1ea1n \u0111\u1ebfn v\u1edbi \u201cch\u1ed1n ti\u00ean c\u1ea3nh\u201d \u1edf tr\u1ea7n gian. Thi\u1ec1n vi\u1ec7n kh\u00f4ng ch\u1ec9 l\u00e0 n\u01a1i lui t\u1edbi c\u1ee7a c\u00e1c t\u00edn \u0111\u1ed3 Ph\u1eadt t\u1eed. \u0110\u00e2y c\u00f2n l\u00e0 n\u01a1i gh\u00e9 th\u0103m c\u1ee7a h\u1ea7u h\u1ebft kh\u00e1ch tham quan khi \u0111\u1ebfn v\u1edbi \u0110\u00e0 L\u1ea1t. D\u1ea1o quanh m\u1ed9t v\u00f2ng thi\u1ec1n vi\u1ec7n, l\u1ec5 Ph\u1eadt, th\u1ea3 m\u00ecnh c\u00f9ng ti\u1ebfng chu\u00f4ng ch\u00f9a, ng\u1eafm nh\u00ecn c\u00e1c v\u01b0\u1eddn hoa, ch\u1eadu bon sai \u0111\u01b0\u1ee3c ch\u0103m t\u1ec9 m\u1ec9 t\u1eebng ch\u00fat, h\u00edt th\u1edf kh\u00f4ng kh\u00ed y\u00ean l\u00e0nh t\u0129nh l\u1eb7ng c\u1ee7a ch\u00f9a\u2026 \u0110\u1ebfn \u0111\u00e2y, b\u1ea1n s\u1ebd kh\u00f4ng n\u1ee1 v\u1ec1 v\u00ec s\u1ef1 b\u00ecnh y\u00ean di\u1ec7u k\u00ec trong t\u00e2m h\u1ed3n qu\u00e1 \u0111\u1ed7i d\u1ecbu d\u00e0ng n\u00e0y<\/p>\n<p>&nbsp;<\/p>\n<p><img decoding=\"async\" class=\"aligncenter size-full wp-image-18526\" src=\"https:\/\/dalatreview.vn\/wp-content\/uploads\/2022\/04\/thien-vien-truc-lam.jpg\" alt=\"thi\u1ec1n vi\u1ec7n tr\u00fac l\u00e2m\" width=\"2000\" height=\"1600\" \/><\/p>\n<h3 id=\"\"><\/h3>\n<h3 id=\"ho-tuyen-lam\"><span style=\"color: #003300;\"><strong>H\u1ed2 TUY\u1ec0N<\/strong> L\u00c2M<\/span><\/h3>\n<hr \/>\n<p>N\u1ebfu \u0111\u00e3 gh\u00e9 th\u0103m Thi\u1ec1n vi\u1ec7n Tr\u00fac L\u00e2m th\u00ec s\u1ebd th\u1eadt thi\u1ebfu s\u00f3t khi du kh\u00e1ch kh\u00f4ng c\u00f3 c\u01a1 h\u1ed9i gh\u00e9 th\u0103m H\u1ed3 Tuy\u1ec1n L\u00e2m, v\u00e0 v\u00ec v\u1eady, \u0111\u1ecba \u0111i\u1ec3m ti\u1ebfp n\u1ed1i c\u1ee7a ch\u00fang ta ch\u00ednh l\u00e0 H\u1ed3 Tuy\u1ec1n L\u00e2m. M\u1ed9t khu h\u1ed3 r\u1ed9ng l\u1edbn, \u0111\u01b0\u1ee3c bao quanh b\u1edbi r\u1eebng th\u00f4ng xanh m\u00e1t cho b\u1ea1n c\u1ea3m gi\u00e1c b\u00ecnh y\u00ean. B\u00ean c\u1ea1nh \u0111\u00f3 t\u1eadn h\u01b0\u1edfng nh\u1eefng cung \u0111\u01b0\u1eddng tuy\u1ec7t \u0111\u1eb9p, ng\u1eafm nh\u00ecn b\u1edd h\u1ed3 l\u1eb7ng l\u1ebd tr\u00f4i qua, n\u1ebfu k\u1ecbp l\u00fac th\u00ec ho\u00e0ng h\u00f4n \u1edf h\u1ed3 t\u1ef1a nh\u01b0 b\u1ee9c tranh tr\u1ea7m m\u1eb7c. \u0110\u1ee7 view x\u1ecbn cho b\u1ea1n th\u1ecfa s\u1ee9c check in \u201cs\u1ed1ng \u1ea3o\u201d<\/p>\n<p>&nbsp;<\/p>\n<p><img decoding=\"async\" class=\"aligncenter size-full wp-image-18524\" src=\"https:\/\/dalatreview.vn\/wp-content\/uploads\/2022\/04\/HO-TUYEN-LAM.jpg\" alt=\"H\u1ed2 TUY\u1ec0N L\u00c2M\" width=\"2000\" height=\"1600\" \/><\/p>\n<h3 id=\"\"><\/h3>\n<h3 id=\"phan-vien-sinh-hoc\"><span style=\"color: #003300;\"><strong>PH\u00c2N VI\u1ec6N SINH<\/strong> H\u1eccC<\/span><\/h3>\n<hr \/>\n<p>\u0110\u00fang nh\u01b0 tinh th\u1ea7n c\u1ee7a chuy\u1ebfn \u0111i \u2013 kh\u00e1m ph\u00e1 v\u00e0 tr\u1ea3i nghi\u1ec7m. Ti\u1ebfp theo ch\u00fang ta s\u1ebd gh\u00e9 th\u0103m Ph\u00e2n vi\u1ec7n sinh h\u1ecdc, n\u01a1i l\u01b0u gi\u1eef v\u00e0 b\u1ea3o t\u1ed3n nhi\u1ec1u ngu\u1ed3n gen qu\u00fd c\u1ee7a Cao nguy\u00ean L\u00e2m Vi\u00ean. V\u1edbi l\u1ed1i ki\u1ebfn tr\u00fac Ph\u00e1p c\u1ed5 k\u00ednh, c\u00f9ng tr\u01b0ng b\u00e0y h\u00e0ng tr\u0103m m\u1eabu v\u1eadt qu\u00fd hi\u1ebfm: kh\u1ee7ng long, g\u1ea5u, h\u1ed5, v\u01b0\u1ee3n, voi\u2026 \u0110\u00e2y s\u1ebd l\u00e0 n\u01a1i th\u1ecfa th\u00edch cho \u0111am m\u00ea t\u00ecm t\u00f2i kh\u00e1m ph\u00e1 c\u1ee7a du kh\u00e1ch khi \u0111\u1ebfn n\u01a1i n\u00e0y<\/p>\n<p>&nbsp;<\/p>\n<p><img decoding=\"async\" class=\"aligncenter size-full wp-image-18525\" src=\"https:\/\/dalatreview.vn\/wp-content\/uploads\/2022\/04\/PHAN-VIEN-SINH-HOC.jpg\" alt=\"ph\u00e2n vi\u1ec7n sinh h\u1ecdc\" width=\"2000\" height=\"1600\" \/><\/p>\n<h3 id=\"\"><\/h3>\n<h3 id=\"nui-langbiang\"><span style=\"color: #003300;\"><strong>N\u00daI<\/strong> LANGBIANG<\/span><\/h3>\n<hr \/>\n<p>\u0110\u1ecba \u0111i\u1ec3m ti\u1ebfp n\u1ed1i ch\u00ednh l\u00e0 tr\u00e1i tim c\u1ee7a \u0110\u00e0 L\u1ea1t &#8211; \u00a0m\u1ed9t \u0111\u1ecba \u0111i\u1ec3m l\u00fd t\u01b0\u1edfng m\u00e0 kh\u00f4ng th\u1ec3 n\u00e0o b\u1ecf qua khi \u0111\u1ebfn v\u1edbi \u0110\u00e0 L\u1ea1t. \u0110\u00f3 l\u00e0 n\u00fai Langbiang v\u00e0 c\u0169ng l\u00e0 ng\u1ecdn n\u00fai cao nh\u1ea5t th\u00e0nh ph\u1ed1 s\u01b0\u01a1ng m\u00f9. Kh\u00f4ng ch\u1ec9 h\u00fat h\u1ed3n ng\u01b0\u1eddi l\u1eef kh\u00e1ch b\u1edfi phong c\u1ea3nh h\u1eefu t\u00ecnh, kh\u00f4ng gian bao la tho\u00e1ng \u0111\u00e3ng c\u00f9ng b\u1ea7u kh\u00f4ng kh\u00ed thi\u00ean nhi\u00ean h\u00f2a quy\u1ec7n. M\u00e0 c\u00f2n chinh ph\u1ee5c du kh\u00e1ch b\u1edf nh\u1eefng tr\u00f2 ch\u01a1i th\u1eed th\u00e1ch: leo n\u00fai, d\u00f9 l\u01b0\u1ee3n\u2026chuy\u1ebfn \u0111i c\u00f2n l\u00e0 m\u1ed9t th\u1eed th\u00e1ch c\u1ee7a nh\u1eefng ng\u01b0\u1eddi tham gia \u0111\u1ec3 v\u01b0\u1ee3t qua ch\u00ednh m\u00ecnh! B\u00ean c\u1ea1nh \u0111\u00f3 l\u00e0 t\u1ea5m l\u00f2ng hi\u1ebfu kh\u00e1ch c\u1ee7a ng\u01b0\u1eddi d\u00e2n b\u1ea3n \u0111\u1ecba, \u0111\u01b0\u1ee3c t\u00ecm hi\u1ec3u v\u1ec1 sv\u0103n ho\u00e1 truy\u1ec1n th\u1ed1ng c\u1ee7a c\u00e1c d\u00e2n t\u1ed9c Nam T\u00e2y Nguy\u00ean.<\/p>\n<p><img decoding=\"async\" class=\"aligncenter size-full wp-image-18566\" src=\"https:\/\/dalatreview.vn\/wp-content\/uploads\/2022\/04\/dinh-nui-langbiang.jpg\" alt=\"\u0111\u1ec9nh n\u00fai langbiang\" width=\"2000\" height=\"1600\" \/><\/p>\n<h3 id=\"\"><\/h3>\n<h3 id=\"vuon-dau-tay-cong-nghe-cao\"><span style=\"color: #003300;\"><strong>V\u01af\u1edcN D\u00c2U T\u00c2Y<\/strong> C\u00d4NG<strong> NGH\u1ec6 CAO<\/strong><\/span><\/h3>\n<hr \/>\n<p>Ti\u1ebfp t\u1ee5c chuy\u1ebfn \u0111i, du kh\u00e1ch s\u1ebd \u0111\u01b0\u1ee3c gh\u00e9 th\u0103m v\u01b0\u1eddn d\u00e2u t\u00e2y c\u1ee7a \u0110\u00e0 L\u1ea1t. Tr\u1ef1c ti\u1ebfp g\u1eb7p g\u1ee1 c\u00e1c n\u00f4ng d\u00e2n tr\u1ed3ng d\u00e2u, t\u1ef1 tay ch\u0103m s\u00f3c, t\u1ef1 tay thu ho\u1ea1ch nh\u1eefng qu\u1ea3 d\u00e2u ch\u00edn m\u1ecdng v\u00e0 th\u01b0\u1edfng th\u1ee9c t\u1ea1i ch\u1ed7. \u0110\u1ebfn \u0111\u00e2y, du kh\u00e1ch c\u00f3 th\u1ec3 mua d\u00e2u t\u00e2y t\u01b0\u01a1i \u0111\u1ec3 l\u00e0m qu\u00e0 cho gia \u0111\u00ecnh v\u00e0 b\u1ea1n b\u00e8 sau chuy\u1ebfn \u0111i<\/p>\n<p>&nbsp;<\/p>\n<p><img decoding=\"async\" class=\"aligncenter size-full wp-image-18567\" src=\"https:\/\/dalatreview.vn\/wp-content\/uploads\/2022\/04\/vuon-dau-tay-da-lat-1.jpg\" alt=\"v\u01b0\u1eddn d\u00e2u t\u00e2y \u0111\u00e0 l\u1ea1t\" width=\"2000\" height=\"1600\" \/><\/p>\n<h3 id=\"\"><\/h3>\n<h3 id=\"nha-tho-domain\"><span style=\"color: #003300;\"><strong>NH\u00c0 TH\u1edc DOMAIN<\/strong><\/span><\/h3>\n<hr \/>\n<p>\u0110\u1ecba \u0111i\u1ec3m kh\u00e9p l\u1ea1i chuy\u1ebfn h\u00e0nh tr\u00ecnh c\u1ee7a ch\u00fang ta ng\u00e0y h\u00f4m nay ch\u00ednh l\u00e0 Nh\u00e0 th\u1edd Domain &#8211; nh\u00e0 th\u1edd m\u00e0u h\u1ed3ng d\u1ec5 th\u01b0\u01a1ng t\u1ecda l\u1ea1c gi\u1eefa trung t\u00e2m th\u00e0nh ph\u1ed1. \u0110\u1ebfn \u0111\u00e2y, du kh\u00e1ch c\u00f3 th\u1ec3 th\u0103m quan nh\u00e0 th\u1edd v\u00e0 tha h\u1ed3 check in, \u201cs\u1ed1ng \u1ea3o\u201d. Nh\u1edd \u00a0l\u1ed1i c\u1ea5u tr\u00fac c\u1ed5 \u0111i\u1ec3n c\u00f9ng m\u00e0u h\u1ed3ng xinh x\u1eafn n\u1ed5i b\u1eadt gi\u1eefa l\u00f2ng \u0110\u00e0 L\u1ea1t m\u00e0 kh\u00f4ng nh\u00e0 th\u1edd n\u00e0o c\u00f3 \u0111\u01b0\u1ee3c v\u1ebb \u0111\u1eb7c tr\u01b0ng n\u00e0y. N\u00ean nh\u00e0 th\u1edd tr\u1edf th\u00e0nh n\u01a1i gh\u00e9 th\u0103m th\u01b0\u1eddng xuy\u00ean c\u1ee7a c\u00e1c b\u1ea1n tr\u1ebb \u0111am m\u00ea nhi\u1ebfp \u1ea3nh v\u00e0 sefie<\/p>\n<p>&nbsp;<\/p>\n<p><img decoding=\"async\" class=\"alignnone wp-image-18541 size-full\" src=\"https:\/\/dalatreview.vn\/wp-content\/uploads\/2022\/04\/z3338374737415_3d1b7ec5f297a232621292999577ccd5.jpg\" alt=\"nh\u00e0 th\u1edd domain\" width=\"1280\" height=\"1024\" \/><\/p>\n<h2 id=\"3-dich-vu\"><span style=\"color: #003300;\"><strong>3. D\u1ecaCH<\/strong> V\u1ee4<\/span><\/h2>\n<hr \/>\n<p>Khi tham gia chuy\u1ebfn tham quan, du kh\u00e1ch s\u1ebd \u0111\u01b0\u1ee3c:<\/p>\n<p>&#8211; Xe \u0111\u1eddi m\u1edbi \u0111\u01b0a \u0111\u00f3n t\u1eadn kh\u00e1ch s\u1ea1n.<\/p>\n<p>&#8211; V\u00e9 tham quan t\u1ea5t c\u1ea3 c\u00e1c \u0111\u1ecba \u0111i\u1ec3m trong ch\u01b0\u01a1ng tr\u00ecnh tour.<\/p>\n<p>&#8211; H\u01b0\u1edbng d\u1eabn vi\u00ean du l\u1ecbch chuy\u00ean nghi\u1ec7p, nhi\u1ec7t t\u00ecnh, vui v\u1ebb.<\/p>\n<p>&#8211; N\u01b0\u1edbc u\u1ed1ng Aquafina 500ml\/1 ng\u00e0y\/1 kh\u00e1ch.<\/p>\n<p>Kh\u00f4ng bao g\u1ed3m:<\/p>\n<p>&#8211; \u0102n tr\u01b0a<\/p>\n<p>&#8211; V\u00e9 xe jeep, v\u00e9 xe l\u1eeda, v\u00e9 c\u00e1p treo, v\u00e9 m\u00e1ng tr\u01b0\u1ee3t v\u00e0 t\u1ea5t c\u1ea3 c\u00e1c d\u1ecbch v\u1ee5 b\u00ean trong khu du l\u1ecbch.<\/p>\n<p>&#8211; C\u00e1c chi ph\u00ed c\u00e1 nh\u00e2n kh\u00e1c ngo\u00e0i ch\u01b0\u01a1ng tr\u00ecnh.<\/p>\n<h2 id=\"4-gia-tour\"><span style=\"color: #003300;\"><strong>4. GI\u00c1<\/strong> TOUR<\/span><\/h2>\n<hr \/>\n<p>\ud83d\udcb8 Gi\u00e1 tour: 400,000\u0111\/1 Kh\u00e1ch.<\/p>\n<p>Kh\u1edfi h\u00e0nh h\u00e0ng ng\u00e0y: 8:00 \u0111\u1ebfn 16:00<\/p>\n<h2 id=\"5-lien-he\"><span style=\"color: #003300;\"><strong>5.<\/strong> LI\u00caN<strong> H\u1ec6<\/strong><\/span><\/h2>\n<hr \/>\n<p>\ud83d\udc49Book Tour \u0110\u00e0 L\u1ea1t Trong T\u00f4i 1<\/p>\n<p>\u2705Fanpage:\u00a0<a href=\"https:\/\/www.facebook.com\/toursanmay\" target=\"_blank\" rel=\"noopener\">Tour \u0110\u00e0 L\u1ea1t Trong T\u00f4i 1<\/a><\/p>\n<p>\u2705Hotline t\u01b0 v\u1ea5n: 0989 249 297<\/p>\n<p>&nbsp;<\/p>","protected":false},"excerpt":{"rendered":"<p>Danh m\u1ee5c ch\u00ednh 1. GI\u1edaI THI\u1ec6U 2. L\u1ecaCH TR\u00ccNH TH\u00c1C DATANLA \u0110\u1ed2I C\u00c1P TREO \u0110\u00c0 L\u1ea0T THI\u1ec0N VI\u1ec6N TR\u00daC L\u00c2M H\u1ed2 TUY\u1ec0N L\u00c2M PH\u00c2N VI\u1ec6N SINH H\u1eccC N\u00daI LANGBIANG V\u01af\u1edcN D\u00c2U T\u00c2Y C\u00d4NG NGH\u1ec6 CAO NH\u00c0 TH\u1edc DOMAIN 3. D\u1ecaCH V\u1ee4 4. GI\u00c1 TOUR 5. LI\u00caN H\u1ec6 1. GI\u1edaI THI\u1ec6U M\u1ed7i v\u00f9ng \u0111\u1ea5t \u0111\u1ec1u ch\u1ee9a [&hellip;]<\/p>","protected":false},"featured_media":18581,"comment_status":"open","ping_status":"closed","template":"","meta":{"_acf_changed":false,"rank_math_lock_modified_date":false},"product_cat":[26,1050],"product_tag":[],"acf":[],"_links":{"self":[{"href":"https:\/\/dalatreview.vn\/en\/wp-json\/wp\/v2\/product\/18424"}],"collection":[{"href":"https:\/\/dalatreview.vn\/en\/wp-json\/wp\/v2\/product"}],"about":[{"href":"https:\/\/dalatreview.vn\/en\/wp-json\/wp\/v2\/types\/product"}],"replies":[{"embeddable":true,"href":"https:\/\/dalatreview.vn\/en\/wp-json\/wp\/v2\/comments?post=18424"}],"wp:featuredmedia":[{"embeddable":true,"href":"https:\/\/dalatreview.vn\/en\/wp-json\/wp\/v2\/media\/18581"}],"wp:attachment":[{"href":"https:\/\/dalatreview.vn\/en\/wp-json\/wp\/v2\/media?parent=18424"}],"wp:term":[{"taxonomy":"product_cat","embeddable":true,"href":"https:\/\/dalatreview.vn\/en\/wp-json\/wp\/v2\/product_cat?post=18424"},{"taxonomy":"product_tag","embeddable":true,"href":"https:\/\/dalatreview.vn\/en\/wp-json\/wp\/v2\/product_tag?post=18424"}],"curies":[{"name":"wp","href":"https:\/\/api.w.org\/{rel}","templated":true}]}}