
{"id":17979,"date":"2022-03-25T16:44:17","date_gmt":"2022-03-25T09:44:17","guid":{"rendered":"https:\/\/dalatreview.vn\/?p=17979"},"modified":"2025-05-10T09:38:21","modified_gmt":"2025-05-10T02:38:21","slug":"villa-da-lat-hung-vuong-6-phong","status":"publish","type":"product","link":"https:\/\/dalatreview.vn\/en\/villa-da-lat-hung-vuong-6-phong.html","title":{"rendered":"Villa \u0110\u00e0 L\u1ea1t H\u00f9ng V\u01b0\u01a1ng 6 Ph\u00f2ng"},"content":{"rendered":"<nav class=\"vietrick-auto-toc\">\n<div class=\"box-title\">\n<h3 class=\"toc-title\" id=\"select-menu\">Danh m\u1ee5c ch\u00ednh<\/h3>\n<div><ion-icon name=\"chevron-up-outline\"><\/ion-icon><\/div>\n<\/div>\n<ul class=\"toc-list\">\n<li><a href='https:\/\/dalatreview.vn\/en#villa-da-lat-hung-vuong-6-phong' class='heading-h2 toc-link smooth-scroll'>Villa \u0110\u00e0 L\u1ea1t H\u00f9ng V\u01b0\u01a1ng 6 Ph\u00f2ng<\/a>\n<li><a href='https:\/\/dalatreview.vn\/en#1-vi-tri' class='heading-h2 toc-link smooth-scroll'>1. V\u1ecb tr\u00ed<\/a>\n<li><a href='https:\/\/dalatreview.vn\/en#2-decor' class='heading-h2 toc-link smooth-scroll'>2. Decor<\/a>\n<li><a href='https:\/\/dalatreview.vn\/en#3-dich-vu-tien-nghi' class='heading-h2 toc-link smooth-scroll'>3. D\u1ecbch v\u1ee5 &amp; Ti\u1ec7n nghi<\/a>\n<li><a href='https:\/\/dalatreview.vn\/en#4-gia-phong' class='heading-h2 toc-link smooth-scroll'>4.\u00a0Gi\u00e1 ph\u00f2ng<\/a>\n<li><a href='https:\/\/dalatreview.vn\/en#5-lien-he' class='heading-h2 toc-link smooth-scroll'>5. Li\u00ean h\u1ec7<\/a><\/ul>\n<\/ul>\n<\/li>\n<\/ul>\n<\/nav>\n<h2 style=\"text-align: center;\" id=\"villa-da-lat-hung-vuong-6-phong\"><span style=\"font-size: 24px; color: #008000;\"><strong>Villa \u0110\u00e0 L\u1ea1t H\u00f9ng V\u01b0\u01a1ng 6 Ph\u00f2ng<\/strong><\/span><\/h2>\n<h2 id=\"1-vi-tri\"><span style=\"font-size: 24px; color: #008000;\"><strong>1. V\u1ecb tr\u00ed<\/strong><\/span><\/h2>\n<p>Villa t\u1ecda l\u1ea1c ngay khu v\u1ef1c trung t\u00e2m, \u0111\u01b0\u1eddng H\u00f9ng V\u01b0\u01a1ng, ph\u01b0\u1eddng 11, TP \u0110\u00e0 L\u1ea1t. N\u01a1i \u0111\u00e2y thu\u1eadn ti\u1ec7n cho vi\u1ec7c \u0111i l\u1ea1i mua s\u1eafm, \u0103n u\u1ed1ng v\u00e0 vui ch\u01a1i.<\/p>\n<p>Villa n\u1eb1m \u1edf v\u1ecb tr\u00ed cao, c\u00f3 view thi\u00ean nhi\u00ean thung l\u0169ng c\u1ef1c k\u00ec \u0111\u1eb9p v\u00e0 th\u01a1 m\u1ed9ng cho du kh\u00e1ch ngh\u1ec9 d\u01b0\u1ee1ng.<\/p>\n<p>H\u00e3y c\u00f9ng kh\u00e1m ph\u00e1 n\u01a1i \u0111\u00e2y c\u00f9ng gia \u0111\u00ecnh, b\u1ea1n b\u00e8 v\u00e0 ng\u01b0\u1eddi th\u00e2n nh\u00e9 !<\/p>\n<p><img decoding=\"async\" class=\"aligncenter wp-image-18085 size-full\" src=\"https:\/\/dalatreview.vn\/wp-content\/uploads\/2022\/03\/villa-hung-vuong-6-phong.jpg\" alt=\"villa hung vuong 6 phong\" width=\"1200\" height=\"900\" \/><\/p>\n<h2 id=\"2-decor\"><span style=\"font-size: 24px; color: #008000;\"><strong>2. Decor<\/strong><\/span><\/h2>\n<p>Villa n\u00e9p m\u00ecnh gi\u1eefa kh\u00f4ng gian \u0111\u1ed3i n\u00fai th\u01a1 m\u1ed9ng v\u00e0 xanh m\u00e1t, c\u00f3 view thi\u00ean cao c\u1ef1c k\u1ef3 \u0111\u1eb9p mang l\u1ea1i c\u1ea3m gi\u00e1c c\u1ef1c k\u1ef3 trong l\u00e0nh v\u00e0 th\u01b0 gi\u00e3n cho du kh\u00e1ch.<\/p>\n<p>B\u01b0\u1edbc ch\u00e2n v\u00e0o c\u1ed5ng ta \u0111\u00e3 th\u1ea5y h\u00f2a m\u00ecnh v\u1edbi thi\u00ean nhi\u00ean b\u1edfi nh\u1eefng b\u00f4ng hoa xinh \u0111\u1eb9p, nh\u1eefng th\u1ea3m c\u1ecf t\u01b0\u01a1i xanh v\u00e0 c\u1ea3 nh\u1eefng c\u00e2y th\u00f4ng cao v\u00fat r\u1ed3i \u0111\u1ea5y nh\u00e9 !<\/p>\n<p>Villa m\u1edbi toanh v\u1eeba \u0111\u01b0\u1ee3c x\u00e2y d\u1ef1ng v\u1edbi k\u1ebft c\u1ea5u 2 t\u1ea7ng v\u00e0 kh\u00f4ng gian m\u1edf \u0111\u00f3n \u00e1nh sang t\u1ef1 nhi\u00ean \u1ea5m \u00e1p.<\/p>\n<p>To\u00e0n b\u1ed9 n\u1ed9i th\u1ea5t \u0111\u01b0\u1ee3c trang b\u1ecb \u0111\u1ea7y \u0111\u1ee7 ti\u1ec7n nghi\u00a0v\u00e0 b\u1eb1ng g\u1ed7 cao c\u1ea5p gi\u00fap qu\u00fd kh\u00e1ch c\u1ea3m th\u1ea5y th\u00e2n thu\u1ed9c nh\u01b0 ch\u00ednh c\u0103n nh\u00e0 c\u1ee7a b\u1ea1n v\u1eady.<\/p>\n<p>Ph\u00f2ng kh\u00e1ch, ph\u00f2ng b\u1ebfp v\u00e0 ph\u00f2ng ng\u1ee7 \u0111\u01b0\u1ee3c t\u00e1ch bi\u1ec7t mang l\u1ea1i s\u1ef1 ri\u00eang t\u01b0 v\u00e0 tho\u1ea3i m\u00e1i nh\u1ea5t n\u1eefa n\u00e8 ^^<\/p>\n<p><img decoding=\"async\" class=\"aligncenter wp-image-18086 size-full\" src=\"https:\/\/dalatreview.vn\/wp-content\/uploads\/2022\/03\/villa-hung-vuong-6-phong-1.jpg\" alt=\"villa hung vuong 6 phong\" width=\"1200\" height=\"900\" \/><\/p>\n<h2 id=\"3-dich-vu-tien-nghi\"><span style=\"font-size: 24px; color: #008000;\"><strong>3. D\u1ecbch v\u1ee5 &amp; Ti\u1ec7n nghi<\/strong><\/span><\/h2>\n<p>G\u1ed3m 6 ph\u00f2ng ng\u1ee7 sang tr\u1ecdng, s\u1ee9c ch\u1ee9a 16 &#8211; 28 kh\u00e1ch:<\/p>\n<p>&#8211; 1 ph\u00f2ng \u0111\u01a1n view ngo\u1ea1i ( 1 gi\u01b0\u1eddng )<\/p>\n<p>&#8211; 3 ph\u00f2ng \u0111\u01a1n view n\u1ed9i khu ( 1 gi\u01b0\u1eddng )<\/p>\n<p>&#8211; 1 ph\u00f2ng family view n\u1ed9i khu ( 2 gi\u01b0\u1eddng )<\/p>\n<p>&#8211; 1 ph\u00f2ng family view ngo\u1ea1i ( 2 gi\u01b0\u1eddng )<\/p>\n<p>Mi\u1ec5n ph\u00ed b\u1eefa \u0103n s\u00e1ng nh\u1eb9: M\u00ec g\u00f3i + tr\u1ee9ng, n\u01b0\u1edbc su\u1ed1i, hoa qu\u1ea3 theo m\u00f9a,&#8230;<\/p>\n<p>\u0110\u1eb7c bi\u1ec7t free 1 ph\u1ea7n n\u01b0\u1edbc\/pax t\u1ea1i cafe Pura Vida Dalat v\u1edbi \u01b0u \u0111\u00e3i v\u1ecb tr\u00ed ng\u1ed3i \u0111\u1eb9p nh\u1ea5t.<\/p>\n<p><img decoding=\"async\" class=\"wp-image-18087 size-full aligncenter\" src=\"https:\/\/dalatreview.vn\/wp-content\/uploads\/2022\/03\/villa-hung-vuong-6-phong-2.jpg\" alt=\"villa hung vuong 6 phong\" width=\"1200\" height=\"900\" \/><\/p>\n<p>\u0110\u1ea7y \u0111\u1ee7 ti\u1ec7n nghi nh\u01b0 \u1edf nh\u00e0:<\/p>\n<p>&#8211; T\u1ea5t c\u1ea3 c\u00e1c ph\u00f2ng \u0111\u1ec1u kh\u00e9p k\u00edn, c\u00f3 t\u1ee7 \u0111\u1ed3, nh\u00e0 v\u1ec7 sinh, n\u00f3ng l\u1ea1nh v\u00e0 \u0111\u1ea7y \u0111\u1ee7 \u0111\u1ed3 d\u00f9ng c\u00e1 nh\u00e2n: b\u00e0n \u1ee7i, m\u00e1y s\u1ea5y t\u00f3c,&#8230;<\/p>\n<p>&#8211; C\u00f3 kh\u00f4ng gian u\u1ed1ng cafe ngo\u00e0i tr\u1eddi view thung l\u0169ng c\u1ef1c chill.<\/p>\n<p>\u2013 C\u00f3 di\u1ec7n t\u00edch \u0111\u1ec3 n\u01b0\u1edbng BBQ ngo\u00e0i tr\u1eddi ( ti\u1ec7c BBQ \u0111\u1eb7t tr\u01b0\u1edbc )<\/p>\n<p>\u2013 C\u00f3 ch\u1ed7 \u0111\u1eadu xe m\u00e1y, xe h\u01a1i an to\u00e0n.<\/p>\n<p>\u2013 Y\u00ean t\u0129nh, an ninh 24\/24, s\u1ea1ch s\u1ebd, tho\u00e1ng m\u00e1t, view thi\u00ean nhi\u00ean si\u00eau \u0111\u1eb9p.<\/p>\n<p>\u2013 B\u1ebfp t\u1ef1 do n\u1ea5u n\u01b0\u1edbng \u0111\u1ea7y \u0111\u1ee7 c\u00e1c d\u1ee5ng c\u1ee5 v\u00e0 gia v\u1ecb th\u1ecfa s\u1ee9c n\u1ea5u n\u01b0\u1edbng.<\/p>\n<p>\u2013 Ch\u00eca kho\u00e1 trao tay tha h\u1ed3 ri\u00eang t\u01b0.<\/p>\n<h2 id=\"4-gia-phong\"><span style=\"font-size: 24px; color: #008000;\"><strong>4.\u00a0Gi\u00e1 ph\u00f2ng<\/strong><\/span><\/h2>\n<p>Villa nguy\u00ean c\u0103n gi\u00e1: 4.500.000\/\u0111\u00eam<\/p>\n<h2 id=\"5-lien-he\"><span style=\"color: #008000;\">5. Li\u00ean h\u1ec7<\/span><\/h2>\n<p>Fanpage:\u00a0<a href=\"https:\/\/www.facebook.com\/booking.dalatreview.vn\/\">Booking \u0110\u00e0 L\u1ea1t \u2013 www.dalatreview.vn<\/a><\/p>\n<p>S\u0110T\/Zalo: 0988 249 297<\/p>","protected":false},"excerpt":{"rendered":"<p>Danh m\u1ee5c ch\u00ednh Villa \u0110\u00e0 L\u1ea1t H\u00f9ng V\u01b0\u01a1ng 6 Ph\u00f2ng 1. V\u1ecb tr\u00ed 2. Decor 3. D\u1ecbch v\u1ee5 &amp; Ti\u1ec7n nghi 4.\u00a0Gi\u00e1 ph\u00f2ng 5. Li\u00ean h\u1ec7 Villa \u0110\u00e0 L\u1ea1t H\u00f9ng V\u01b0\u01a1ng 6 Ph\u00f2ng 1. V\u1ecb tr\u00ed Villa t\u1ecda l\u1ea1c ngay khu v\u1ef1c trung t\u00e2m, \u0111\u01b0\u1eddng H\u00f9ng V\u01b0\u01a1ng, ph\u01b0\u1eddng 11, TP \u0110\u00e0 L\u1ea1t. N\u01a1i \u0111\u00e2y thu\u1eadn [&hellip;]<\/p>","protected":false},"featured_media":18059,"comment_status":"open","ping_status":"closed","template":"","meta":{"_acf_changed":false,"rank_math_lock_modified_date":false},"product_cat":[29,2262,45],"product_tag":[],"acf":[],"_links":{"self":[{"href":"https:\/\/dalatreview.vn\/en\/wp-json\/wp\/v2\/product\/17979"}],"collection":[{"href":"https:\/\/dalatreview.vn\/en\/wp-json\/wp\/v2\/product"}],"about":[{"href":"https:\/\/dalatreview.vn\/en\/wp-json\/wp\/v2\/types\/product"}],"replies":[{"embeddable":true,"href":"https:\/\/dalatreview.vn\/en\/wp-json\/wp\/v2\/comments?post=17979"}],"wp:featuredmedia":[{"embeddable":true,"href":"https:\/\/dalatreview.vn\/en\/wp-json\/wp\/v2\/media\/18059"}],"wp:attachment":[{"href":"https:\/\/dalatreview.vn\/en\/wp-json\/wp\/v2\/media?parent=17979"}],"wp:term":[{"taxonomy":"product_cat","embeddable":true,"href":"https:\/\/dalatreview.vn\/en\/wp-json\/wp\/v2\/product_cat?post=17979"},{"taxonomy":"product_tag","embeddable":true,"href":"https:\/\/dalatreview.vn\/en\/wp-json\/wp\/v2\/product_tag?post=17979"}],"curies":[{"name":"wp","href":"https:\/\/api.w.org\/{rel}","templated":true}]}}