
{"id":17646,"date":"2022-03-16T12:47:24","date_gmt":"2022-03-16T05:47:24","guid":{"rendered":"https:\/\/dalatreview.vn\/?p=17646"},"modified":"2024-05-30T02:32:24","modified_gmt":"2024-05-30T02:32:24","slug":"hai-anh-da-lat","status":"publish","type":"product","link":"https:\/\/dalatreview.vn\/en\/hai-anh-da-lat.html","title":{"rendered":"H\u1ea3i Anh \u0110\u00e0 L\u1ea1t"},"content":{"rendered":"<p style=\"text-align: center;\"><span style=\"color: #008000;\"><strong><span style=\"font-size: 24px;\">\u00a0H\u1ea3i Anh \u0110\u00e0 L\u1ea1t<\/span><\/strong><\/span><\/p>\n<nav class=\"vietrick-auto-toc\">\n<div class=\"box-title\">\n<h3 class=\"toc-title\" id=\"select-menu\">Danh m\u1ee5c ch\u00ednh<\/h3>\n<div><ion-icon name=\"chevron-up-outline\"><\/ion-icon><\/div>\n<\/div>\n<ul class=\"toc-list\">\n<li><a href='https:\/\/dalatreview.vn\/en#1-vi-tri' class='heading-h2 toc-link smooth-scroll'>1. V\u1ecb tr\u00ed<\/a>\n<li><a href='https:\/\/dalatreview.vn\/en#2-decor' class='heading-h2 toc-link smooth-scroll'>2. Decor<\/a>\n<li><a href='https:\/\/dalatreview.vn\/en#3-dich-vu-tien-nghi' class='heading-h2 toc-link smooth-scroll'>3. D\u1ecbch v\u1ee5 &amp; Ti\u1ec7n nghi<\/a>\n<li><a href='https:\/\/dalatreview.vn\/en#4-gia-phong' class='heading-h2 toc-link smooth-scroll'>4.\u00a0Gi\u00e1 ph\u00f2ng<\/a>\n<li><a href='https:\/\/dalatreview.vn\/en#5-lien-he' class='heading-h2 toc-link smooth-scroll'>5. Li\u00ean h\u1ec7<\/a><\/ul>\n<\/ul>\n<\/li>\n<\/ul>\n<\/nav>\n<h2 id=\"1-vi-tri\"><span style=\"color: #008000;\"><strong><span style=\"font-size: 24px;\">1. V\u1ecb tr\u00ed<\/span><\/strong><\/span><\/h2>\n<p>Kh\u00e1ch s\u1ea1n H\u1ea3i Anh t\u1ecda l\u1ea1c ngay v\u1ecb tr\u00ed trung t\u00e2m, n\u1eb1m \u1edf 20 Nguy\u1ec5n Ch\u00ed Thanh, Ph\u01b0\u1eddng 1, TP \u0110\u00e0 L\u1ea1t.<\/p>\n<p>C\u00f3 view h\u01b0\u1edbng ra ch\u1ee3 \u0111\u00eam, g\u1ea7n c\u00e1c \u0111\u1ecba \u0111i\u1ec3m \u0103n u\u1ed1ng n\u1ed5i ti\u1ebfng nh\u01b0 ch\u1ee3 \u0110\u00e0 L\u1ea1t, c\u00e1c khu mua s\u1eafm v\u00e0 vui ch\u01a1i trong TP n\u1eefa \u0111\u1ea5y nh\u00e9 !<\/p>\n<p><img decoding=\"async\" class=\"aligncenter wp-image-17668 size-full\" src=\"https:\/\/dalatreview.vn\/wp-content\/uploads\/2022\/03\/khach-san-hai-anh-3-1-scaled.jpg\" alt=\"khach san hai anh\" width=\"2560\" height=\"1920\" \/><\/p>\n<h2 id=\"2-decor\"><span style=\"color: #008000;\"><strong><span style=\"font-size: 24px;\">2. Decor<\/span><\/strong><\/span><\/h2>\n<p>Kh\u00e1ch s\u1ea1n thi\u1ebft k\u1ebf hi\u1ec7n \u0111\u1ea1i, sang tr\u1ecdng v\u00e0 l\u1ecbch s\u1ef1 v\u1edbi kh\u00f4ng gian m\u1edf r\u1ed9ng r\u00e3i, tho\u00e1ng m\u00e1t.<\/p>\n<p>L\u1ea5y tone m\u00e0u tr\u1eafng tinh t\u1ebf\u00a0l\u00e0m ch\u1ee7 \u0111\u1ea1o, decor \u0111\u01a1n gian nh\u01b0ng l\u1ea1i \u0111\u01b0\u1ee3c trang b\u1ecb n\u1ed9i th\u1ea5t cao c\u1ea5p, \u0111\u1ea7y \u0111\u1ee7 v\u00e0 ti\u1ec7n nghi \u0111\u1ea3m b\u1ea3o \u0111\u00e1p \u1ee9ng \u0111\u01b0\u1ee3c m\u1ecdi nhu c\u1ea7u m\u00e0 du kh\u00e1ch mong mu\u1ed1n khi \u0111\u1ebfn \u0111\u00e2y ngh\u1ec9 d\u01b0\u1ee1ng.<\/p>\n<p><img decoding=\"async\" class=\"aligncenter wp-image-17669 size-full\" src=\"https:\/\/dalatreview.vn\/wp-content\/uploads\/2022\/03\/khach-san-hai-anh.jpg\" alt=\"khach san hai anh\" width=\"1200\" height=\"900\" \/><\/p>\n<h2 id=\"3-dich-vu-tien-nghi\"><span style=\"color: #008000;\"><strong><span style=\"font-size: 24px;\">3. D\u1ecbch v\u1ee5 &amp; Ti\u1ec7n nghi<\/span><\/strong><\/span><\/h2>\n<p>&#8211; C\u00e1c ph\u00f2ng \u0111\u1ec1u kh\u00e9p k\u00edn. Trang b\u1ecb gi\u01b0\u1eddng, ga, n\u1ec7m cao c\u1ea5p.<\/p>\n<p>&#8211; C\u00f3 nh\u00e0 t\u1eafm n\u00f3ng l\u1ea1nh, wc, \u0111\u1ea7y \u0111\u1ee7 \u0111\u1ed3 d\u00f9ng c\u00e1 nh\u00e2n c\u1ea7n thi\u1ebft.<\/p>\n<p>&#8211; C\u00f3 d\u1ecbch v\u1ee5 cho thu\u00ea xe.<\/p>\n<p>&#8211; C\u00f3 tivi v\u00e0 d\u1ecbch v\u1ee5 internet mi\u1ec5n ph\u00ed.<\/p>\n<p>&#8211; G\u1ea7n c\u00e1c \u0111\u1ecba \u0111i\u1ec3m, mua s\u1eafm, \u0103n u\u1ed1ng v\u00e0 vui ch\u01a1i n\u1ed5i ti\u1ebfng c\u1ee7a TP.<\/p>\n<p><img decoding=\"async\" class=\"aligncenter wp-image-17670 size-full\" src=\"https:\/\/dalatreview.vn\/wp-content\/uploads\/2022\/03\/khach-san-hai-anh-42.jpg\" alt=\"khach san hai anh\" width=\"1200\" height=\"900\" \/><\/p>\n<h2 id=\"4-gia-phong\"><span style=\"color: #008000;\"><strong><span style=\"font-size: 24px;\">4.\u00a0Gi\u00e1 ph\u00f2ng<\/span><\/strong><\/span><\/h2>\n<p>Ph\u00f2ng 2 gi\u01b0\u1eddng 2 kh\u00e1ch: 400k\/\u0111\u00eam<\/p>\n<p>Ph\u00f2ng 2 gi\u01b0\u1eddng 4 kh\u00e1ch: 600k\/\u0111\u00eam<\/p>\n<p>Ph\u00f2ng 3 gi\u01b0\u1eddng 6 kh\u00e1ch: 800k\/\u0111\u00eam<\/p>\n<p>Li\u00ean h\u1ec7 \u0111\u1ec3 \u0111\u01b0\u1ee3c \u0110\u00e0 L\u1ea1t Review t\u01b0 v\u1ea5n.<\/p>\n<h2 id=\"5-lien-he\"><span style=\"color: #008000;\">5. Li\u00ean h\u1ec7<\/span><\/h2>\n<p>Fanpage:\u00a0<a href=\"https:\/\/www.facebook.com\/booking.dalatreview.vn\/\">Booking \u0110\u00e0 L\u1ea1t \u2013 www.dalatreview.vn<\/a><\/p>\n<p>S\u0110T\/Zalo: 0988 249 297<\/p>","protected":false},"excerpt":{"rendered":"<p>Kh\u00e1ch s\u1ea1n H\u1ea3i Anh t\u1ecda l\u1ea1c ngay v\u1ecb tr\u00ed trung t\u00e2m, n\u1eb1m \u1edf 20 Nguy\u1ec5n Ch\u00ed Thanh, Ph\u01b0\u1eddng 1, TP \u0110\u00e0 L\u1ea1t.<\/p>","protected":false},"featured_media":17649,"comment_status":"open","ping_status":"closed","template":"","meta":{"_acf_changed":false,"rank_math_lock_modified_date":false},"product_cat":[46,29],"product_tag":[],"acf":[],"_links":{"self":[{"href":"https:\/\/dalatreview.vn\/en\/wp-json\/wp\/v2\/product\/17646"}],"collection":[{"href":"https:\/\/dalatreview.vn\/en\/wp-json\/wp\/v2\/product"}],"about":[{"href":"https:\/\/dalatreview.vn\/en\/wp-json\/wp\/v2\/types\/product"}],"replies":[{"embeddable":true,"href":"https:\/\/dalatreview.vn\/en\/wp-json\/wp\/v2\/comments?post=17646"}],"wp:featuredmedia":[{"embeddable":true,"href":"https:\/\/dalatreview.vn\/en\/wp-json\/wp\/v2\/media\/17649"}],"wp:attachment":[{"href":"https:\/\/dalatreview.vn\/en\/wp-json\/wp\/v2\/media?parent=17646"}],"wp:term":[{"taxonomy":"product_cat","embeddable":true,"href":"https:\/\/dalatreview.vn\/en\/wp-json\/wp\/v2\/product_cat?post=17646"},{"taxonomy":"product_tag","embeddable":true,"href":"https:\/\/dalatreview.vn\/en\/wp-json\/wp\/v2\/product_tag?post=17646"}],"curies":[{"name":"wp","href":"https:\/\/api.w.org\/{rel}","templated":true}]}}