
{"id":17625,"date":"2022-09-09T11:51:05","date_gmt":"2022-09-09T04:51:05","guid":{"rendered":"https:\/\/dalatreview.vn\/?p=17625"},"modified":"2024-07-04T08:46:33","modified_gmt":"2024-07-04T01:46:33","slug":"dragon-king-1-hotel","status":"publish","type":"product","link":"https:\/\/dalatreview.vn\/en\/dragon-king-1-hotel.html","title":{"rendered":"Dragon King 1 Hotel"},"content":{"rendered":"<p style=\"text-align: center;\"><span style=\"color: #008000;\"><strong><span style=\"font-size: 24px;\">\u00a0Dragon King 1 Hotel<\/span><\/strong><\/span><\/p>\n<nav class=\"vietrick-auto-toc\">\n<div class=\"box-title\">\n<h3 class=\"toc-title\" id=\"select-menu\">Danh m\u1ee5c ch\u00ednh<\/h3>\n<div><ion-icon name=\"chevron-up-outline\"><\/ion-icon><\/div>\n<\/div>\n<ul class=\"toc-list\">\n<li><a href='https:\/\/dalatreview.vn\/en#1-vi-tri' class='heading-h2 toc-link smooth-scroll'>1. V\u1ecb tr\u00ed<\/a>\n<li><a href='https:\/\/dalatreview.vn\/en#2-decor' class='heading-h2 toc-link smooth-scroll'>2. Decor<\/a>\n<li><a href='https:\/\/dalatreview.vn\/en#3-dich-vu-tien-nghi' class='heading-h2 toc-link smooth-scroll'>3. D\u1ecbch v\u1ee5 &amp; Ti\u1ec7n nghi<\/a>\n<li><a href='https:\/\/dalatreview.vn\/en#4-gia-phong' class='heading-h2 toc-link smooth-scroll'>4.\u00a0Gi\u00e1 ph\u00f2ng<\/a>\n<li><a href='https:\/\/dalatreview.vn\/en#5-lien-he' class='heading-h2 toc-link smooth-scroll'>5. Li\u00ean h\u1ec7<\/a><\/ul>\n<\/ul>\n<\/li>\n<\/ul>\n<\/nav>\n<h2 id=\"1-vi-tri\"><span style=\"color: #008000;\"><strong><span style=\"font-size: 24px;\">1. V\u1ecb tr\u00ed<\/span><\/strong><\/span><\/h2>\n<p>Kh\u00e1ch s\u1ea1n Dragon King 1 \u0110\u00e0 L\u1ea1t t\u1ecda l\u1ea1c tr\u00ean \u0111\u01b0\u1eddng B\u00f9i Th\u1ecb Xu\u00e2n, ngay trung t\u00e2m th\u00e0nh ph\u1ed1 \u0110\u00e0 L\u1ea1t. T\u1eeb kh\u00e1ch s\u1ea1n qu\u00fd kh\u00e1ch ch\u1ec9 m\u1ea5t kho\u1ea3ng 5 ph\u00fat \u0111i b\u1ed9 \u0111\u1ebfn h\u1ed3 Xu\u00e2n H\u01b0\u01a1ng v\u00e0 ch\u1ee3 \u0110\u00e0 L\u1ea1t.<\/p>\n<p>H\u01a1n n\u1eefa, n\u01a1i \u0111\u00e2y kh\u00f4ng ch\u1ec9 th\u1eeba h\u01b0\u1edfng m\u1ecdi ti\u1ec7n \u00edch c\u1ee7a th\u00e0nh ph\u1ed1 m\u00e0 c\u00f2n t\u1eadn h\u01b0\u1edfng kh\u00ed tr\u1eddi trong l\u00e0nh, m\u00f4i tr\u01b0\u1eddng an ninh t\u1ed1t, con ng\u01b0\u1eddi l\u1ea1i th\u00e2n thi\u1ec7n, \u0111\u1ec5 g\u1ea7n, d\u1ec5 m\u1ebfn.<\/p>\n<p>\u0110\u00e2y l\u00e0 cung \u0111\u01b0\u1eddng h\u1ed9i t\u1ee5 nhi\u1ec1u \u0111i\u1ec3m vui ch\u01a1i, mua s\u1eafm v\u00e0 \u0103n u\u1ed1ng n\u00ean r\u1ea5t th\u00edch h\u1ee3p \u0111\u1ec3 b\u1ea1n l\u1ef1a ch\u1ecdn l\u00e0m \u0111i\u1ec3m ngh\u1ec9 d\u01b0\u1ee1ng khi \u0111\u1ebfn v\u1edbi x\u1ee9 s\u1edf s\u01b0\u01a1ng m\u00f9 \u0111\u1ea5y nh\u00e9 !<\/p>\n<p><img decoding=\"async\" class=\"aligncenter wp-image-17642 size-full\" src=\"https:\/\/dalatreview.vn\/wp-content\/uploads\/2022\/03\/ks-dragon-king.jpg\" alt=\"ks dragon king\" width=\"1200\" height=\"900\" \/><\/p>\n<h2 id=\"2-decor\"><span style=\"color: #008000;\"><strong><span style=\"font-size: 24px;\">2. Decor<\/span><\/strong><\/span><\/h2>\n<div dir=\"auto\">T\u1ed5ng th\u1ec3 kh\u00e1ch s\u1ea1n l\u00e0 s\u1ef1 k\u1ebft h\u1ee3p ho\u00e0n h\u1ea3o gi\u1eefa n\u00e9t \u0111\u1eb9p \u0111\u1eb7c tr\u01b0ng c\u1ee7a th\u00e0nh ph\u1ed1 \u0110\u00e0 L\u1ea1t nh\u01b0ng v\u1eabn kh\u00f4ng k\u00e9m ph\u1ea7n hi\u1ec7n \u0111\u1ea1i v\u00e0 sang tr\u1ecdng theo ti\u00eau chu\u1ea9n 3 sao.<\/div>\n<div dir=\"auto\">C\u00e1c ph\u00f2ng c\u1ee7a kh\u00e1ch s\u1ea1n Dragonking \u0111\u01b0\u1ee3c trang b\u1ecb hi\u1ec7n \u0111\u1ea1i, ti\u1ec7n nghi sang tr\u1ecdng v\u00e0 tinh t\u1ebf trong m\u1ed9t kh\u00f4ng gian h\u00e0i h\u00f2a, v\u1edbi gam m\u00e0u ch\u1ee7 \u0111\u1ea1o l\u00e0 m\u00e0u tr\u1eafng.<\/div>\n<div dir=\"auto\">N\u1ed9i th\u1ea5t ch\u1ee7 y\u1ebfu \u0111\u01b0\u1ee3c l\u00e0m b\u1eb1ng g\u1ed7 mang l\u1ea1i c\u1ea3m gi\u1ea5c \u1ea5m c\u00fang v\u00e0 quen thu\u1ed9c nh\u01b0 ch\u00ednh c\u0103n nh\u00e0 c\u1ee7a b\u1ea1n v\u1eady.<\/div>\n<div dir=\"auto\"><img decoding=\"async\" class=\"aligncenter wp-image-17643 size-full\" src=\"https:\/\/dalatreview.vn\/wp-content\/uploads\/2022\/03\/ks-dragon-king-1.jpg\" alt=\"ks dragon king\" width=\"1200\" height=\"900\" \/><\/div>\n<h2 id=\"3-dich-vu-tien-nghi\"><span style=\"color: #008000;\"><strong><span style=\"font-size: 24px;\">3. D\u1ecbch v\u1ee5 &amp; Ti\u1ec7n nghi<\/span><\/strong><\/span><\/h2>\n<p>\u2013 Bao g\u1ed3m c\u00e1c ph\u00f2ng d\u00e0nh cho: 2 kh\u00e1ch, 3 kh\u00e1ch v\u00e0 4 kh\u00e1ch \u0111\u1ea1t ti\u00eau chu\u1ea9n 3 sao.<\/p>\n<p>\u2013 C\u00e1c ph\u00f2ng \u0111\u1ec1u kh\u00e9p k\u00edn. C\u00f3 tivi,\u00a0internet, t\u1ee7 l\u1ea1nh mini v\u00e0 c\u00e1c d\u1ecbch v\u1ee5 kh\u00e1c.<\/p>\n<p>\u2013 \u0110\u1ea7y \u0111\u1ee7 ti\u1ec7n nghi: c\u00f3 n\u00f3ng l\u1ea1nh, wc v\u00e0 c\u00e1c \u0111\u1ed3 d\u00f9ng c\u00e1 nh\u00e2n c\u1ea7n thi\u1ebft.<\/p>\n<p>\u2013 Nh\u00e0 h\u00e0ng \u0103n u\u1ed1ng \u0111\u1ea1t ti\u00eau chu\u1ea9n an to\u00e0n, v\u1ec7 sinh s\u1ea1ch s\u1ebd.<\/p>\n<p>\u2013 Mi\u1ec5n ph\u00ed b\u1eefa \u0103n s\u00e1ng: \u0103n buffet ( v\u00e0o cu\u1ed1i tu\u1ea7n ) ho\u1eb7c \u0103n ph\u1ea7n ( v\u00e0o c\u00e1c ng\u00e0y \u0111\u1ea7u tu\u1ea7n ).<\/p>\n<p>\u2013 C\u00f3 d\u1ecbch v\u1ee5 d\u1ecdn ph\u00f2ng, gi\u1eb7t \u1ee7i, thu\u00ea xe m\u00e1y-oto, thu\u00ea m\u00e1y t\u00ednh l\u00e0m vi\u1ec7c ngay t\u1ea1i kh\u00e1ch s\u1ea1n.<\/p>\n<p>\u2013 D\u1ecbch v\u1ee5 \u0111\u01b0a \u0111\u00f3n s\u00e2n bay.<\/p>\n<p>\u2013 C\u00f3 s\u1ea3nh gala t\u1ed5 ch\u1ee9c s\u1ef1 ki\u1ec7n, ti\u1ec7c sinh nh\u1eadt v\u00e0 c\u00e1c b\u1eefa ti\u1ec7c kh\u00e1c theo y\u00eau c\u1ea7u c\u1ee7a kh\u00e1ch h\u00e0ng.<\/p>\n<p>\u2013 Nh\u00e2n vi\u00ean c\u1ef1c k\u1ef3 nhi\u1ec7t t\u00ecnh v\u00e0 th\u00e2n thi\u1ec7n.<\/p>\n<p>\u2013 G\u1ea7n c\u00e1c \u0111i\u1ec3m vui ch\u01a1i v\u00e0 du l\u1ecbch trong th\u00e0nh ph\u1ed1.<\/p>\n<p><img decoding=\"async\" class=\"aligncenter wp-image-17644 size-full\" src=\"https:\/\/dalatreview.vn\/wp-content\/uploads\/2022\/03\/ks-dragon-king-3.jpg\" alt=\"ks dragon king\" width=\"1200\" height=\"900\" \/><\/p>\n<h2 id=\"4-gia-phong\"><span style=\"color: #008000;\"><strong><span style=\"font-size: 24px;\">4.\u00a0Gi\u00e1 ph\u00f2ng<\/span><\/strong><\/span><\/h2>\n<p><span style=\"font-size: 20px;\"><strong>GIAI \u0110O\u1ea0N: 1\/4-20\/5\/2022<\/strong><\/span><\/p>\n<p>\u2013 Gi\u00e1 \u0111\u1ea7u tu\u1ea7n:<\/p>\n<p>Ph\u00f2ng 2 kh\u00e1ch: 570k\/\u0111\u00eam<\/p>\n<p>Ph\u00f2ng 3 kh\u00e1ch: 800k\/\u0111\u00eam<\/p>\n<p>Ph\u00f2ng 4 kh\u00e1ch: 1.030k\/\u0111\u00eam<\/p>\n<p>\u2013 Gi\u00e1\u00a0cu\u1ed1i tu\u1ea7n:<\/p>\n<p>Ph\u00f2ng 2 kh\u00e1ch: 630k\/\u0111\u00eam<\/p>\n<p>Ph\u00f2ng 3 kh\u00e1ch: 860k\/\u0111\u00eam<\/p>\n<p>Ph\u00f2ng 4 kh\u00e1ch: 1.100k\/\u0111\u00eam<\/p>\n<p><strong><span style=\"font-size: 20px;\">NOTE:<\/span>\u00a0<\/strong><\/p>\n<p>\u2013 Gi\u00e1 ph\u00f2ng \u0111\u00e3 bao g\u1ed3m b\u1eefa s\u00e1ng t\u1ea1i nh\u00e0 h\u00e0ng c\u1ee7a KS.<\/p>\n<p>\u0110\u1ea7u tu\u1ea7n \u0103n ph\u1ea7n ho\u1eb7c buffet ( t\u00f9y ch\u1ec9nh v\u00e0o l\u01b0\u1ee3ng kh\u00e1ch )<\/p>\n<p>Cu\u1ed1i tu\u1ea7n s\u1ebd \u0103n buffet.<\/p>\n<p>\u2013 Gi\u00e1 ph\u00f2ng s\u1ebd c\u00f3 bi\u1ebfn \u0111\u1ed9ng v\u00e0o c\u00e1c d\u1ecbp L\u1ec5 T\u1ebft v\u00e0 1 s\u1ed1 giai \u0111o\u1ea1n kh\u00e1c.<\/p>\n<p>Li\u00ean h\u1ec7 \u0111\u1ec3 \u0111\u01b0\u1ee3c \u0110\u00e0 L\u1ea1t Review t\u01b0 v\u1ea5n.<\/p>\n<h2 id=\"5-lien-he\"><span style=\"color: #008000;\">5. Li\u00ean h\u1ec7<\/span><\/h2>\n<p>Fanpage:\u00a0<a href=\"https:\/\/www.facebook.com\/booking.dalatreview.vn\/\">Booking \u0110\u00e0 L\u1ea1t \u2013 www.dalatreview.vn<\/a><\/p>\n<p>S\u0110T\/Zalo: 0988 249 297<\/p>","protected":false},"excerpt":{"rendered":"<p>Kh\u00e1ch s\u1ea1n Dragon King 1 \u0110\u00e0 L\u1ea1t t\u1ecda l\u1ea1c tr\u00ean \u0111\u01b0\u1eddng B\u00f9i Th\u1ecb Xu\u00e2n, ngay trung t\u00e2m th\u00e0nh ph\u1ed1 \u0110\u00e0 L\u1ea1t. T\u1eeb kh\u00e1ch s\u1ea1n qu\u00fd kh\u00e1ch ch\u1ec9 m\u1ea5t kho\u1ea3ng 5 ph\u00fat \u0111i b\u1ed9 \u0111\u1ebfn h\u1ed3 Xu\u00e2n H\u01b0\u01a1ng v\u00e0 ch\u1ee3 \u0110\u00e0 L\u1ea1t.<\/p>","protected":false},"featured_media":17626,"comment_status":"open","ping_status":"closed","template":"","meta":{"_acf_changed":false,"rank_math_lock_modified_date":false},"product_cat":[29,46],"product_tag":[],"acf":[],"_links":{"self":[{"href":"https:\/\/dalatreview.vn\/en\/wp-json\/wp\/v2\/product\/17625"}],"collection":[{"href":"https:\/\/dalatreview.vn\/en\/wp-json\/wp\/v2\/product"}],"about":[{"href":"https:\/\/dalatreview.vn\/en\/wp-json\/wp\/v2\/types\/product"}],"replies":[{"embeddable":true,"href":"https:\/\/dalatreview.vn\/en\/wp-json\/wp\/v2\/comments?post=17625"}],"wp:featuredmedia":[{"embeddable":true,"href":"https:\/\/dalatreview.vn\/en\/wp-json\/wp\/v2\/media\/17626"}],"wp:attachment":[{"href":"https:\/\/dalatreview.vn\/en\/wp-json\/wp\/v2\/media?parent=17625"}],"wp:term":[{"taxonomy":"product_cat","embeddable":true,"href":"https:\/\/dalatreview.vn\/en\/wp-json\/wp\/v2\/product_cat?post=17625"},{"taxonomy":"product_tag","embeddable":true,"href":"https:\/\/dalatreview.vn\/en\/wp-json\/wp\/v2\/product_tag?post=17625"}],"curies":[{"name":"wp","href":"https:\/\/api.w.org\/{rel}","templated":true}]}}